{"id":59912,"date":"2018-02-06T14:00:05","date_gmt":"2018-02-06T13:00:05","guid":{"rendered":"https:\/\/cardinal.pixel-tal.de\/klebebaender\/bez-kategorii\/dwustronna-tasma-samoprzylepna-do-tkanin-tesa-4954\/"},"modified":"2025-07-03T14:47:15","modified_gmt":"2025-07-03T12:47:15","slug":"tasma-dwustronnie-klejaca-tesa-4954","status":"publish","type":"product","link":"https:\/\/cardinal-tapes.com\/pl\/ta\u015bmy-samoprzylepne\/tasmy-dwustronnie-klejace\/tasma-dwustronnie-klejaca-tesa-4954\/","title":{"rendered":"Dwustronna ta\u015bma samoprzylepna do tkanin tesa\u00ae 4954"},"content":{"rendered":"<p><sup>tesafix\u00ae<\/sup> 4954 sk\u0142ada si\u0119 z bia\u0142ego, odpornego na rozdarcia no\u015bnika tkaninowego i jest wyposa\u017cony w mieszank\u0119 gumow\u0105. Mo\u017ce by\u0107 stosowany uniwersalnie i jest szczeg\u00f3lnie odpowiedni do klejenia na szorstkich powierzchniach. <sup>tesafix\u00ae<\/sup> 4954 charakteryzuje si\u0119 wyj\u0105tkowo dobr\u0105 wytrzyma\u0142o\u015bci\u0105 na \u015bcinanie i bardzo dobr\u0105 przyczepno\u015bci\u0105 pocz\u0105tkow\u0105. <\/p>\n<p><strong>W\u0142a\u015bciwo\u015bci<\/strong><br \/>\n&#8211; <strong>Wyj\u0105tkowo <\/strong>dobra wytrzyma\u0142o\u015b\u0107 na \u015bcinanie<br \/>\n&#8211; <strong>Bardzo <\/strong>dobra przyczepno\u015b\u0107 pocz\u0105tkowa<br \/>\n&#8211; Odporno\u015b\u0107 na <strong>wysokie <\/strong>temperatury<\/p>\n<p><strong>Zastosowania<\/strong><br \/>\n&#8211; <strong>Mocowanie <\/strong>cz\u0119\u015bci aluminiowych, sk\u00f3rzanych i plastikowych podczas przetwarzania.<\/p>\n","protected":false},"excerpt":{"rendered":"<p>tesafix\u00ae 4954 sk\u0142ada si\u0119 z bia\u0142ego, odpornego na rozdarcia no\u015bnika tkaninowego i jest wyposa\u017cony w mieszank\u0119 gumow\u0105. Mo\u017ce by\u0107 stosowany uniwersalnie i jest szczeg\u00f3lnie odpowiedni do klejenia na szorstkich powierzchniach. tesafix\u00ae 4954 charakteryzuje si\u0119 wyj\u0105tkowo dobr\u0105 wytrzyma\u0142o\u015bci\u0105 na \u015bcinanie i bardzo dobr\u0105 przyczepno\u015bci\u0105 pocz\u0105tkow\u0105. W\u0142a\u015bciwo\u015bci &#8211; Wyj\u0105tkowo dobra wytrzyma\u0142o\u015b\u0107 na \u015bcinanie &#8211; Bardzo dobra przyczepno\u015b\u0107 [&hellip;]<\/p>\n","protected":false},"featured_media":26178,"template":"","meta":{"_acf_changed":false},"pwb-brand":[2164],"product_brand":[],"product_cat":[1814],"product_tag":[],"class_list":{"0":"post-59912","1":"product","2":"type-product","3":"status-publish","4":"has-post-thumbnail","6":"pwb-brand-tesa-pl","7":"product_cat-tasmy-dwustronnie-klejace","9":"first","10":"instock","11":"taxable","12":"shipping-taxable","13":"purchasable","14":"product-type-variable"},"acf":[],"yoast_head":"<!-- This site is optimized with the Yoast SEO plugin v27.3 - https:\/\/yoast.com\/product\/yoast-seo-wordpress\/ -->\n<title>Dwustronna ta\u015bma tekstylna tesa\u00ae 4954 | Cardinal TAPES<\/title>\n<meta name=\"description\" content=\"tesa\u00ae 4954 to odporna na rozdarcia tkaninowa ta\u015bma samoprzylepna. Mo\u017ce by\u0107 stosowany uniwersalnie i zapewnia dobr\u0105 przyczepno\u015b\u0107 na chropowatych powierzchniach. Dowiedz si\u0119 wi\u0119cej.\" \/>\n<meta name=\"robots\" content=\"index, follow, max-snippet:-1, max-image-preview:large, max-video-preview:-1\" \/>\n<link rel=\"canonical\" href=\"https:\/\/cardinal-tapes.com\/pl\/ta\u015bmy-samoprzylepne\/tasmy-dwustronnie-klejace\/tasma-dwustronnie-klejaca-tesa-4954\/\" \/>\n<meta property=\"og:locale\" content=\"pl_PL\" \/>\n<meta property=\"og:type\" content=\"article\" \/>\n<meta property=\"og:title\" content=\"Dwustronna ta\u015bma tekstylna tesa\u00ae 4954 | Cardinal TAPES\" \/>\n<meta property=\"og:description\" content=\"tesa\u00ae 4954 to odporna na rozdarcia tkaninowa ta\u015bma samoprzylepna. Mo\u017ce by\u0107 stosowany uniwersalnie i zapewnia dobr\u0105 przyczepno\u015b\u0107 na chropowatych powierzchniach. Dowiedz si\u0119 wi\u0119cej.\" \/>\n<meta property=\"og:url\" content=\"https:\/\/cardinal-tapes.com\/pl\/ta\u015bmy-samoprzylepne\/tasmy-dwustronnie-klejace\/tasma-dwustronnie-klejaca-tesa-4954\/\" \/>\n<meta property=\"og:site_name\" content=\"cardinal TAPES\" \/>\n<meta property=\"article:modified_time\" content=\"2025-07-03T12:47:15+00:00\" \/>\n<meta property=\"og:image\" content=\"https:\/\/cardinal-tapes.com\/wp-content\/uploads\/tesa_tesafix_4954.jpg\" \/>\n\t<meta property=\"og:image:width\" content=\"600\" \/>\n\t<meta property=\"og:image:height\" content=\"600\" \/>\n\t<meta property=\"og:image:type\" content=\"image\/jpeg\" \/>\n<meta name=\"twitter:card\" content=\"summary_large_image\" \/>\n<script type=\"application\/ld+json\" class=\"yoast-schema-graph\">{\"@context\":\"https:\\\/\\\/schema.org\",\"@graph\":[{\"@type\":\"WebPage\",\"@id\":\"https:\\\/\\\/cardinal-tapes.com\\\/pl\\\/ta\u015bmy-samoprzylepne\\\/tasmy-dwustronnie-klejace\\\/tasma-dwustronnie-klejaca-tesa-4954\\\/\",\"url\":\"https:\\\/\\\/cardinal-tapes.com\\\/pl\\\/ta\u015bmy-samoprzylepne\\\/tasmy-dwustronnie-klejace\\\/tasma-dwustronnie-klejaca-tesa-4954\\\/\",\"name\":\"Dwustronna ta\u015bma tekstylna tesa\u00ae 4954 | Cardinal TAPES\",\"isPartOf\":{\"@id\":\"https:\\\/\\\/cardinal-tapes.com\\\/#website\"},\"primaryImageOfPage\":{\"@id\":\"https:\\\/\\\/cardinal-tapes.com\\\/pl\\\/ta\u015bmy-samoprzylepne\\\/tasmy-dwustronnie-klejace\\\/tasma-dwustronnie-klejaca-tesa-4954\\\/#primaryimage\"},\"image\":{\"@id\":\"https:\\\/\\\/cardinal-tapes.com\\\/pl\\\/ta\u015bmy-samoprzylepne\\\/tasmy-dwustronnie-klejace\\\/tasma-dwustronnie-klejaca-tesa-4954\\\/#primaryimage\"},\"thumbnailUrl\":\"https:\\\/\\\/cardinal-tapes.com\\\/wp-content\\\/uploads\\\/tesa_tesafix_4954.jpg\",\"datePublished\":\"2018-02-06T13:00:05+00:00\",\"dateModified\":\"2025-07-03T12:47:15+00:00\",\"description\":\"tesa\u00ae 4954 to odporna na rozdarcia tkaninowa ta\u015bma samoprzylepna. Mo\u017ce by\u0107 stosowany uniwersalnie i zapewnia dobr\u0105 przyczepno\u015b\u0107 na chropowatych powierzchniach. Dowiedz si\u0119 wi\u0119cej.\",\"breadcrumb\":{\"@id\":\"https:\\\/\\\/cardinal-tapes.com\\\/pl\\\/ta\u015bmy-samoprzylepne\\\/tasmy-dwustronnie-klejace\\\/tasma-dwustronnie-klejaca-tesa-4954\\\/#breadcrumb\"},\"inLanguage\":\"pl-PL\",\"potentialAction\":[{\"@type\":\"ReadAction\",\"target\":[\"https:\\\/\\\/cardinal-tapes.com\\\/pl\\\/ta\u015bmy-samoprzylepne\\\/tasmy-dwustronnie-klejace\\\/tasma-dwustronnie-klejaca-tesa-4954\\\/\"]}]},{\"@type\":\"ImageObject\",\"inLanguage\":\"pl-PL\",\"@id\":\"https:\\\/\\\/cardinal-tapes.com\\\/pl\\\/ta\u015bmy-samoprzylepne\\\/tasmy-dwustronnie-klejace\\\/tasma-dwustronnie-klejaca-tesa-4954\\\/#primaryimage\",\"url\":\"https:\\\/\\\/cardinal-tapes.com\\\/wp-content\\\/uploads\\\/tesa_tesafix_4954.jpg\",\"contentUrl\":\"https:\\\/\\\/cardinal-tapes.com\\\/wp-content\\\/uploads\\\/tesa_tesafix_4954.jpg\",\"width\":600,\"height\":600,\"caption\":\"tesa tesafix 4954\"},{\"@type\":\"BreadcrumbList\",\"@id\":\"https:\\\/\\\/cardinal-tapes.com\\\/pl\\\/ta\u015bmy-samoprzylepne\\\/tasmy-dwustronnie-klejace\\\/tasma-dwustronnie-klejaca-tesa-4954\\\/#breadcrumb\",\"itemListElement\":[{\"@type\":\"ListItem\",\"position\":1,\"name\":\"Startseite\",\"item\":\"https:\\\/\\\/cardinal-tapes.com\\\/pl\\\/strona-glowna\\\/\"},{\"@type\":\"ListItem\",\"position\":2,\"name\":\"Ta\u015bmy samoprzylepne\",\"item\":\"https:\\\/\\\/cardinal-tapes.com\\\/pl\\\/tasmy-samoprzylepne-pl\\\/\"},{\"@type\":\"ListItem\",\"position\":3,\"name\":\"Doppelseitige Klebeb\u00e4nder\",\"item\":\"https:\\\/\\\/cardinal-tapes.com\\\/kategorie\\\/doppelseitige-klebebaender\\\/\"},{\"@type\":\"ListItem\",\"position\":4,\"name\":\"Dwustronna ta\u015bma samoprzylepna do tkanin tesa\u00ae 4954\"}]},{\"@type\":\"WebSite\",\"@id\":\"https:\\\/\\\/cardinal-tapes.com\\\/#website\",\"url\":\"https:\\\/\\\/cardinal-tapes.com\\\/\",\"name\":\"cardinal TAPES\",\"description\":\"Klebetechnik aus Wuppertal\",\"potentialAction\":[{\"@type\":\"SearchAction\",\"target\":{\"@type\":\"EntryPoint\",\"urlTemplate\":\"https:\\\/\\\/cardinal-tapes.com\\\/?s={search_term_string}\"},\"query-input\":{\"@type\":\"PropertyValueSpecification\",\"valueRequired\":true,\"valueName\":\"search_term_string\"}}],\"inLanguage\":\"pl-PL\"}]}<\/script>\n<!-- \/ Yoast SEO plugin. -->","yoast_head_json":{"title":"Dwustronna ta\u015bma tekstylna tesa\u00ae 4954 | Cardinal TAPES","description":"tesa\u00ae 4954 to odporna na rozdarcia tkaninowa ta\u015bma samoprzylepna. Mo\u017ce by\u0107 stosowany uniwersalnie i zapewnia dobr\u0105 przyczepno\u015b\u0107 na chropowatych powierzchniach. Dowiedz si\u0119 wi\u0119cej.","robots":{"index":"index","follow":"follow","max-snippet":"max-snippet:-1","max-image-preview":"max-image-preview:large","max-video-preview":"max-video-preview:-1"},"canonical":"https:\/\/cardinal-tapes.com\/pl\/ta\u015bmy-samoprzylepne\/tasmy-dwustronnie-klejace\/tasma-dwustronnie-klejaca-tesa-4954\/","og_locale":"pl_PL","og_type":"article","og_title":"Dwustronna ta\u015bma tekstylna tesa\u00ae 4954 | Cardinal TAPES","og_description":"tesa\u00ae 4954 to odporna na rozdarcia tkaninowa ta\u015bma samoprzylepna. Mo\u017ce by\u0107 stosowany uniwersalnie i zapewnia dobr\u0105 przyczepno\u015b\u0107 na chropowatych powierzchniach. Dowiedz si\u0119 wi\u0119cej.","og_url":"https:\/\/cardinal-tapes.com\/pl\/ta\u015bmy-samoprzylepne\/tasmy-dwustronnie-klejace\/tasma-dwustronnie-klejaca-tesa-4954\/","og_site_name":"cardinal TAPES","article_modified_time":"2025-07-03T12:47:15+00:00","og_image":[{"width":600,"height":600,"url":"https:\/\/cardinal-tapes.com\/wp-content\/uploads\/tesa_tesafix_4954.jpg","type":"image\/jpeg"}],"twitter_card":"summary_large_image","schema":{"@context":"https:\/\/schema.org","@graph":[{"@type":"WebPage","@id":"https:\/\/cardinal-tapes.com\/pl\/ta\u015bmy-samoprzylepne\/tasmy-dwustronnie-klejace\/tasma-dwustronnie-klejaca-tesa-4954\/","url":"https:\/\/cardinal-tapes.com\/pl\/ta\u015bmy-samoprzylepne\/tasmy-dwustronnie-klejace\/tasma-dwustronnie-klejaca-tesa-4954\/","name":"Dwustronna ta\u015bma tekstylna tesa\u00ae 4954 | Cardinal TAPES","isPartOf":{"@id":"https:\/\/cardinal-tapes.com\/#website"},"primaryImageOfPage":{"@id":"https:\/\/cardinal-tapes.com\/pl\/ta\u015bmy-samoprzylepne\/tasmy-dwustronnie-klejace\/tasma-dwustronnie-klejaca-tesa-4954\/#primaryimage"},"image":{"@id":"https:\/\/cardinal-tapes.com\/pl\/ta\u015bmy-samoprzylepne\/tasmy-dwustronnie-klejace\/tasma-dwustronnie-klejaca-tesa-4954\/#primaryimage"},"thumbnailUrl":"https:\/\/cardinal-tapes.com\/wp-content\/uploads\/tesa_tesafix_4954.jpg","datePublished":"2018-02-06T13:00:05+00:00","dateModified":"2025-07-03T12:47:15+00:00","description":"tesa\u00ae 4954 to odporna na rozdarcia tkaninowa ta\u015bma samoprzylepna. Mo\u017ce by\u0107 stosowany uniwersalnie i zapewnia dobr\u0105 przyczepno\u015b\u0107 na chropowatych powierzchniach. Dowiedz si\u0119 wi\u0119cej.","breadcrumb":{"@id":"https:\/\/cardinal-tapes.com\/pl\/ta\u015bmy-samoprzylepne\/tasmy-dwustronnie-klejace\/tasma-dwustronnie-klejaca-tesa-4954\/#breadcrumb"},"inLanguage":"pl-PL","potentialAction":[{"@type":"ReadAction","target":["https:\/\/cardinal-tapes.com\/pl\/ta\u015bmy-samoprzylepne\/tasmy-dwustronnie-klejace\/tasma-dwustronnie-klejaca-tesa-4954\/"]}]},{"@type":"ImageObject","inLanguage":"pl-PL","@id":"https:\/\/cardinal-tapes.com\/pl\/ta\u015bmy-samoprzylepne\/tasmy-dwustronnie-klejace\/tasma-dwustronnie-klejaca-tesa-4954\/#primaryimage","url":"https:\/\/cardinal-tapes.com\/wp-content\/uploads\/tesa_tesafix_4954.jpg","contentUrl":"https:\/\/cardinal-tapes.com\/wp-content\/uploads\/tesa_tesafix_4954.jpg","width":600,"height":600,"caption":"tesa tesafix 4954"},{"@type":"BreadcrumbList","@id":"https:\/\/cardinal-tapes.com\/pl\/ta\u015bmy-samoprzylepne\/tasmy-dwustronnie-klejace\/tasma-dwustronnie-klejaca-tesa-4954\/#breadcrumb","itemListElement":[{"@type":"ListItem","position":1,"name":"Startseite","item":"https:\/\/cardinal-tapes.com\/pl\/strona-glowna\/"},{"@type":"ListItem","position":2,"name":"Ta\u015bmy samoprzylepne","item":"https:\/\/cardinal-tapes.com\/pl\/tasmy-samoprzylepne-pl\/"},{"@type":"ListItem","position":3,"name":"Doppelseitige Klebeb\u00e4nder","item":"https:\/\/cardinal-tapes.com\/kategorie\/doppelseitige-klebebaender\/"},{"@type":"ListItem","position":4,"name":"Dwustronna ta\u015bma samoprzylepna do tkanin tesa\u00ae 4954"}]},{"@type":"WebSite","@id":"https:\/\/cardinal-tapes.com\/#website","url":"https:\/\/cardinal-tapes.com\/","name":"cardinal TAPES","description":"Klebetechnik aus Wuppertal","potentialAction":[{"@type":"SearchAction","target":{"@type":"EntryPoint","urlTemplate":"https:\/\/cardinal-tapes.com\/?s={search_term_string}"},"query-input":{"@type":"PropertyValueSpecification","valueRequired":true,"valueName":"search_term_string"}}],"inLanguage":"pl-PL"}]}},"brands":[{"id":2164,"name":"tesa","slug":"tesa-pl"}],"_links":{"self":[{"href":"https:\/\/cardinal-tapes.com\/pl\/wp-json\/wp\/v2\/product\/59912","targetHints":{"allow":["GET"]}}],"collection":[{"href":"https:\/\/cardinal-tapes.com\/pl\/wp-json\/wp\/v2\/product"}],"about":[{"href":"https:\/\/cardinal-tapes.com\/pl\/wp-json\/wp\/v2\/types\/product"}],"wp:featuredmedia":[{"embeddable":true,"href":"https:\/\/cardinal-tapes.com\/pl\/wp-json\/wp\/v2\/media\/26178"}],"wp:attachment":[{"href":"https:\/\/cardinal-tapes.com\/pl\/wp-json\/wp\/v2\/media?parent=59912"}],"wp:term":[{"taxonomy":"pwb-brand","embeddable":true,"href":"https:\/\/cardinal-tapes.com\/pl\/wp-json\/wp\/v2\/pwb-brand?post=59912"},{"taxonomy":"product_brand","embeddable":true,"href":"https:\/\/cardinal-tapes.com\/pl\/wp-json\/wp\/v2\/product_brand?post=59912"},{"taxonomy":"product_cat","embeddable":true,"href":"https:\/\/cardinal-tapes.com\/pl\/wp-json\/wp\/v2\/product_cat?post=59912"},{"taxonomy":"product_tag","embeddable":true,"href":"https:\/\/cardinal-tapes.com\/pl\/wp-json\/wp\/v2\/product_tag?post=59912"}],"curies":[{"name":"wp","href":"https:\/\/api.w.org\/{rel}","templated":true}]}}