{"id":59896,"date":"2018-02-06T15:07:10","date_gmt":"2023-06-05T15:29:43","guid":{"rendered":"https:\/\/cardinal.pixel-tal.de\/klebebaender\/bez-kategorii\/standardowa-tasma-klejaca-tesa-4662\/"},"modified":"2023-06-05T17:33:05","modified_gmt":"2023-06-05T15:33:05","slug":"tesa-4662-duct-tape","status":"publish","type":"product","link":"https:\/\/cardinal-tapes.com\/pl\/ta\u015bmy-samoprzylepne\/obszary-zastosowan\/tasma-klejaca-do-tkanin\/tesa-4662-duct-tape\/","title":{"rendered":"Standardowa ta\u015bma klej\u0105ca tesa\u00ae 4662"},"content":{"rendered":"<p><sup>tesa\u00ae<\/sup> 4662 to ta\u015bma tkaninowa og\u00f3lnego zastosowania sk\u0142adaj\u0105ca si\u0119 z tkaniny PET\/bawe\u0142nianej o 27 oczkach i kleju z naturalnego kauczuku.<\/p>\n<p><strong>W\u0142a\u015bciwo\u015bci<\/strong><br \/>\n&#8211; Doskona\u0142a przyczepno\u015b\u0107 nawet na szorstkich i zapylonych pod\u0142o\u017cach (np. mur, drewno)<br \/>\n&#8211; Wodoodporny<br \/>\n&#8211; Przytulny i elastyczny<\/p>\n<p><strong>Zastosowania<\/strong><br \/>\n&#8211; Uszczelnianie rur i przewod\u00f3w<br \/>\n&#8211; Mocowanie, klejenie plandek i folii ochronnych<br \/>\n&#8211; Idealny do zastosowa\u0144 na tynku i murze<br \/>\n&#8211; Wi\u0105zanie, mocowanie, uszczelnianie, pakowanie itp.<\/p>\n<p>&nbsp;<\/p>\n","protected":false},"excerpt":{"rendered":"<p>tesa\u00ae 4662 to ta\u015bma tkaninowa og\u00f3lnego zastosowania sk\u0142adaj\u0105ca si\u0119 z tkaniny PET\/bawe\u0142nianej o 27 oczkach i kleju z naturalnego kauczuku. W\u0142a\u015bciwo\u015bci &#8211; Doskona\u0142a przyczepno\u015b\u0107 nawet na szorstkich i zapylonych pod\u0142o\u017cach (np. mur, drewno) &#8211; Wodoodporny &#8211; Przytulny i elastyczny Zastosowania &#8211; Uszczelnianie rur i przewod\u00f3w &#8211; Mocowanie, klejenie plandek i folii ochronnych &#8211; Idealny do [&hellip;]<\/p>\n","protected":false},"featured_media":26094,"template":"","meta":{"_acf_changed":false},"pwb-brand":[2164],"product_brand":[],"product_cat":[1715,1816],"product_tag":[],"class_list":{"0":"post-59896","1":"product","2":"type-product","3":"status-publish","4":"has-post-thumbnail","6":"pwb-brand-tesa-pl","7":"product_cat-tasma-klejaca-do-tkanin","8":"product_cat-jednostronne-tasmy-samoprzylepne","10":"first","11":"instock","12":"taxable","13":"shipping-taxable","14":"purchasable","15":"product-type-variable"},"acf":[],"yoast_head":"<!-- This site is optimized with the Yoast SEO plugin v27.3 - https:\/\/yoast.com\/product\/yoast-seo-wordpress\/ -->\n<title>Wodoodporna ta\u015bma klej\u0105ca Tesa 4662 | Cardinal TAPES<\/title>\n<meta name=\"description\" content=\"Tesa 4662 to uniwersalna ta\u015bma tkaninowa o doskona\u0142ej przyczepno\u015bci nawet na szorstkich i zakurzonych powierzchniach. Dowiedz si\u0119 wi\u0119cej.\" \/>\n<meta name=\"robots\" content=\"index, follow, max-snippet:-1, max-image-preview:large, max-video-preview:-1\" \/>\n<link rel=\"canonical\" href=\"https:\/\/cardinal-tapes.com\/pl\/ta\u015bmy-samoprzylepne\/tasma-klejaca-do-tkanin\/tesa-4662-duct-tape\/\" \/>\n<meta property=\"og:locale\" content=\"pl_PL\" \/>\n<meta property=\"og:type\" content=\"article\" \/>\n<meta property=\"og:title\" content=\"Wodoodporna ta\u015bma klej\u0105ca Tesa 4662 | Cardinal TAPES\" \/>\n<meta property=\"og:description\" content=\"Tesa 4662 to uniwersalna ta\u015bma tkaninowa o doskona\u0142ej przyczepno\u015bci nawet na szorstkich i zakurzonych powierzchniach. Dowiedz si\u0119 wi\u0119cej.\" \/>\n<meta property=\"og:url\" content=\"https:\/\/cardinal-tapes.com\/pl\/ta\u015bmy-samoprzylepne\/tasma-klejaca-do-tkanin\/tesa-4662-duct-tape\/\" \/>\n<meta property=\"og:site_name\" content=\"cardinal TAPES\" \/>\n<meta property=\"article:modified_time\" content=\"2023-06-05T15:33:05+00:00\" \/>\n<meta property=\"og:image\" content=\"https:\/\/cardinal-tapes.com\/wp-content\/uploads\/tesa-04662.jpg\" \/>\n\t<meta property=\"og:image:width\" content=\"600\" \/>\n\t<meta property=\"og:image:height\" content=\"600\" \/>\n\t<meta property=\"og:image:type\" content=\"image\/jpeg\" \/>\n<meta name=\"twitter:card\" content=\"summary_large_image\" \/>\n<script type=\"application\/ld+json\" class=\"yoast-schema-graph\">{\"@context\":\"https:\\\/\\\/schema.org\",\"@graph\":[{\"@type\":\"WebPage\",\"@id\":\"https:\\\/\\\/cardinal-tapes.com\\\/pl\\\/ta\u015bmy-samoprzylepne\\\/tasma-klejaca-do-tkanin\\\/tesa-4662-duct-tape\\\/\",\"url\":\"https:\\\/\\\/cardinal-tapes.com\\\/pl\\\/ta\u015bmy-samoprzylepne\\\/tasma-klejaca-do-tkanin\\\/tesa-4662-duct-tape\\\/\",\"name\":\"Wodoodporna ta\u015bma klej\u0105ca Tesa 4662 | Cardinal TAPES\",\"isPartOf\":{\"@id\":\"https:\\\/\\\/cardinal-tapes.com\\\/#website\"},\"primaryImageOfPage\":{\"@id\":\"https:\\\/\\\/cardinal-tapes.com\\\/pl\\\/ta\u015bmy-samoprzylepne\\\/tasma-klejaca-do-tkanin\\\/tesa-4662-duct-tape\\\/#primaryimage\"},\"image\":{\"@id\":\"https:\\\/\\\/cardinal-tapes.com\\\/pl\\\/ta\u015bmy-samoprzylepne\\\/tasma-klejaca-do-tkanin\\\/tesa-4662-duct-tape\\\/#primaryimage\"},\"thumbnailUrl\":\"https:\\\/\\\/cardinal-tapes.com\\\/wp-content\\\/uploads\\\/tesa-04662.jpg\",\"datePublished\":\"2023-06-05T15:29:43+00:00\",\"dateModified\":\"2023-06-05T15:33:05+00:00\",\"description\":\"Tesa 4662 to uniwersalna ta\u015bma tkaninowa o doskona\u0142ej przyczepno\u015bci nawet na szorstkich i zakurzonych powierzchniach. Dowiedz si\u0119 wi\u0119cej.\",\"breadcrumb\":{\"@id\":\"https:\\\/\\\/cardinal-tapes.com\\\/pl\\\/ta\u015bmy-samoprzylepne\\\/tasma-klejaca-do-tkanin\\\/tesa-4662-duct-tape\\\/#breadcrumb\"},\"inLanguage\":\"pl-PL\",\"potentialAction\":[{\"@type\":\"ReadAction\",\"target\":[\"https:\\\/\\\/cardinal-tapes.com\\\/pl\\\/ta\u015bmy-samoprzylepne\\\/tasma-klejaca-do-tkanin\\\/tesa-4662-duct-tape\\\/\"]}]},{\"@type\":\"ImageObject\",\"inLanguage\":\"pl-PL\",\"@id\":\"https:\\\/\\\/cardinal-tapes.com\\\/pl\\\/ta\u015bmy-samoprzylepne\\\/tasma-klejaca-do-tkanin\\\/tesa-4662-duct-tape\\\/#primaryimage\",\"url\":\"https:\\\/\\\/cardinal-tapes.com\\\/wp-content\\\/uploads\\\/tesa-04662.jpg\",\"contentUrl\":\"https:\\\/\\\/cardinal-tapes.com\\\/wp-content\\\/uploads\\\/tesa-04662.jpg\",\"width\":600,\"height\":600,\"caption\":\"tesa 4662\"},{\"@type\":\"BreadcrumbList\",\"@id\":\"https:\\\/\\\/cardinal-tapes.com\\\/pl\\\/ta\u015bmy-samoprzylepne\\\/tasma-klejaca-do-tkanin\\\/tesa-4662-duct-tape\\\/#breadcrumb\",\"itemListElement\":[{\"@type\":\"ListItem\",\"position\":1,\"name\":\"Startseite\",\"item\":\"https:\\\/\\\/cardinal-tapes.com\\\/pl\\\/strona-glowna\\\/\"},{\"@type\":\"ListItem\",\"position\":2,\"name\":\"Ta\u015bmy samoprzylepne\",\"item\":\"https:\\\/\\\/cardinal-tapes.com\\\/pl\\\/tasmy-samoprzylepne-pl\\\/\"},{\"@type\":\"ListItem\",\"position\":3,\"name\":\"Ta\u015bma klej\u0105ca do tkanin\",\"item\":\"https:\\\/\\\/cardinal-tapes.com\\\/pl\\\/kategoria\\\/tasma-klejaca-do-tkanin\\\/\"},{\"@type\":\"ListItem\",\"position\":4,\"name\":\"Standardowa ta\u015bma klej\u0105ca tesa\u00ae 4662\"}]},{\"@type\":\"WebSite\",\"@id\":\"https:\\\/\\\/cardinal-tapes.com\\\/#website\",\"url\":\"https:\\\/\\\/cardinal-tapes.com\\\/\",\"name\":\"cardinal TAPES\",\"description\":\"Klebetechnik aus Wuppertal\",\"potentialAction\":[{\"@type\":\"SearchAction\",\"target\":{\"@type\":\"EntryPoint\",\"urlTemplate\":\"https:\\\/\\\/cardinal-tapes.com\\\/?s={search_term_string}\"},\"query-input\":{\"@type\":\"PropertyValueSpecification\",\"valueRequired\":true,\"valueName\":\"search_term_string\"}}],\"inLanguage\":\"pl-PL\"}]}<\/script>\n<!-- \/ Yoast SEO plugin. -->","yoast_head_json":{"title":"Wodoodporna ta\u015bma klej\u0105ca Tesa 4662 | Cardinal TAPES","description":"Tesa 4662 to uniwersalna ta\u015bma tkaninowa o doskona\u0142ej przyczepno\u015bci nawet na szorstkich i zakurzonych powierzchniach. Dowiedz si\u0119 wi\u0119cej.","robots":{"index":"index","follow":"follow","max-snippet":"max-snippet:-1","max-image-preview":"max-image-preview:large","max-video-preview":"max-video-preview:-1"},"canonical":"https:\/\/cardinal-tapes.com\/pl\/ta\u015bmy-samoprzylepne\/tasma-klejaca-do-tkanin\/tesa-4662-duct-tape\/","og_locale":"pl_PL","og_type":"article","og_title":"Wodoodporna ta\u015bma klej\u0105ca Tesa 4662 | Cardinal TAPES","og_description":"Tesa 4662 to uniwersalna ta\u015bma tkaninowa o doskona\u0142ej przyczepno\u015bci nawet na szorstkich i zakurzonych powierzchniach. Dowiedz si\u0119 wi\u0119cej.","og_url":"https:\/\/cardinal-tapes.com\/pl\/ta\u015bmy-samoprzylepne\/tasma-klejaca-do-tkanin\/tesa-4662-duct-tape\/","og_site_name":"cardinal TAPES","article_modified_time":"2023-06-05T15:33:05+00:00","og_image":[{"width":600,"height":600,"url":"https:\/\/cardinal-tapes.com\/wp-content\/uploads\/tesa-04662.jpg","type":"image\/jpeg"}],"twitter_card":"summary_large_image","schema":{"@context":"https:\/\/schema.org","@graph":[{"@type":"WebPage","@id":"https:\/\/cardinal-tapes.com\/pl\/ta\u015bmy-samoprzylepne\/tasma-klejaca-do-tkanin\/tesa-4662-duct-tape\/","url":"https:\/\/cardinal-tapes.com\/pl\/ta\u015bmy-samoprzylepne\/tasma-klejaca-do-tkanin\/tesa-4662-duct-tape\/","name":"Wodoodporna ta\u015bma klej\u0105ca Tesa 4662 | Cardinal TAPES","isPartOf":{"@id":"https:\/\/cardinal-tapes.com\/#website"},"primaryImageOfPage":{"@id":"https:\/\/cardinal-tapes.com\/pl\/ta\u015bmy-samoprzylepne\/tasma-klejaca-do-tkanin\/tesa-4662-duct-tape\/#primaryimage"},"image":{"@id":"https:\/\/cardinal-tapes.com\/pl\/ta\u015bmy-samoprzylepne\/tasma-klejaca-do-tkanin\/tesa-4662-duct-tape\/#primaryimage"},"thumbnailUrl":"https:\/\/cardinal-tapes.com\/wp-content\/uploads\/tesa-04662.jpg","datePublished":"2023-06-05T15:29:43+00:00","dateModified":"2023-06-05T15:33:05+00:00","description":"Tesa 4662 to uniwersalna ta\u015bma tkaninowa o doskona\u0142ej przyczepno\u015bci nawet na szorstkich i zakurzonych powierzchniach. Dowiedz si\u0119 wi\u0119cej.","breadcrumb":{"@id":"https:\/\/cardinal-tapes.com\/pl\/ta\u015bmy-samoprzylepne\/tasma-klejaca-do-tkanin\/tesa-4662-duct-tape\/#breadcrumb"},"inLanguage":"pl-PL","potentialAction":[{"@type":"ReadAction","target":["https:\/\/cardinal-tapes.com\/pl\/ta\u015bmy-samoprzylepne\/tasma-klejaca-do-tkanin\/tesa-4662-duct-tape\/"]}]},{"@type":"ImageObject","inLanguage":"pl-PL","@id":"https:\/\/cardinal-tapes.com\/pl\/ta\u015bmy-samoprzylepne\/tasma-klejaca-do-tkanin\/tesa-4662-duct-tape\/#primaryimage","url":"https:\/\/cardinal-tapes.com\/wp-content\/uploads\/tesa-04662.jpg","contentUrl":"https:\/\/cardinal-tapes.com\/wp-content\/uploads\/tesa-04662.jpg","width":600,"height":600,"caption":"tesa 4662"},{"@type":"BreadcrumbList","@id":"https:\/\/cardinal-tapes.com\/pl\/ta\u015bmy-samoprzylepne\/tasma-klejaca-do-tkanin\/tesa-4662-duct-tape\/#breadcrumb","itemListElement":[{"@type":"ListItem","position":1,"name":"Startseite","item":"https:\/\/cardinal-tapes.com\/pl\/strona-glowna\/"},{"@type":"ListItem","position":2,"name":"Ta\u015bmy samoprzylepne","item":"https:\/\/cardinal-tapes.com\/pl\/tasmy-samoprzylepne-pl\/"},{"@type":"ListItem","position":3,"name":"Ta\u015bma klej\u0105ca do tkanin","item":"https:\/\/cardinal-tapes.com\/pl\/kategoria\/tasma-klejaca-do-tkanin\/"},{"@type":"ListItem","position":4,"name":"Standardowa ta\u015bma klej\u0105ca tesa\u00ae 4662"}]},{"@type":"WebSite","@id":"https:\/\/cardinal-tapes.com\/#website","url":"https:\/\/cardinal-tapes.com\/","name":"cardinal TAPES","description":"Klebetechnik aus Wuppertal","potentialAction":[{"@type":"SearchAction","target":{"@type":"EntryPoint","urlTemplate":"https:\/\/cardinal-tapes.com\/?s={search_term_string}"},"query-input":{"@type":"PropertyValueSpecification","valueRequired":true,"valueName":"search_term_string"}}],"inLanguage":"pl-PL"}]}},"brands":[{"id":2164,"name":"tesa","slug":"tesa-pl"}],"_links":{"self":[{"href":"https:\/\/cardinal-tapes.com\/pl\/wp-json\/wp\/v2\/product\/59896","targetHints":{"allow":["GET"]}}],"collection":[{"href":"https:\/\/cardinal-tapes.com\/pl\/wp-json\/wp\/v2\/product"}],"about":[{"href":"https:\/\/cardinal-tapes.com\/pl\/wp-json\/wp\/v2\/types\/product"}],"wp:featuredmedia":[{"embeddable":true,"href":"https:\/\/cardinal-tapes.com\/pl\/wp-json\/wp\/v2\/media\/26094"}],"wp:attachment":[{"href":"https:\/\/cardinal-tapes.com\/pl\/wp-json\/wp\/v2\/media?parent=59896"}],"wp:term":[{"taxonomy":"pwb-brand","embeddable":true,"href":"https:\/\/cardinal-tapes.com\/pl\/wp-json\/wp\/v2\/pwb-brand?post=59896"},{"taxonomy":"product_brand","embeddable":true,"href":"https:\/\/cardinal-tapes.com\/pl\/wp-json\/wp\/v2\/product_brand?post=59896"},{"taxonomy":"product_cat","embeddable":true,"href":"https:\/\/cardinal-tapes.com\/pl\/wp-json\/wp\/v2\/product_cat?post=59896"},{"taxonomy":"product_tag","embeddable":true,"href":"https:\/\/cardinal-tapes.com\/pl\/wp-json\/wp\/v2\/product_tag?post=59896"}],"curies":[{"name":"wp","href":"https:\/\/api.w.org\/{rel}","templated":true}]}}