{"id":59640,"date":"2018-02-08T14:39:12","date_gmt":"2023-06-05T15:28:23","guid":{"rendered":"https:\/\/cardinal.pixel-tal.de\/klebebaender\/bez-kategorii\/uniwersalna-tasma-pakowa-pp-tesapack-4089\/"},"modified":"2025-07-03T15:06:49","modified_gmt":"2025-07-03T13:06:49","slug":"tesa-4089-universal-pp-packaging-tape","status":"publish","type":"product","link":"https:\/\/cardinal-tapes.com\/pl\/ta\u015bmy-samoprzylepne\/jednostronne-tasmy-samoprzylepne\/folia-pp\/tesa-4089-universal-pp-packaging-tape\/","title":{"rendered":"Uniwersalna ta\u015bma pakowa PP tesapack\u00ae 4089"},"content":{"rendered":"<p><sup>tesapack\u00ae<\/sup> 4089 to samoprzylepna ta\u015bma pakowa na bazie folii PP z silnym klejem z naturalnego kauczuku.<\/p>\n<p><strong>W\u0142a\u015bciwo\u015bci<\/strong><br \/>\n&#8211; G\u0142o\u015bna, ale \u0142atwa do rozwijania<br \/>\n&#8211; Bardzo dobrze nadaje si\u0119 do obr\u00f3bki maszynowej i do przetwarzania za pomoc\u0105 wszystkich popularnych dyspenser\u00f3w r\u0119cznych<\/p>\n<p><strong>Zastosowania<\/strong><br \/>\n&#8211; \u0141atwa obr\u00f3bka r\u0119czna i maszynowa<br \/>\n&#8211; Uniwersalne zastosowanie do zaklejania lekkich i \u015brednich pude\u0142 wysy\u0142kowych<\/p>\n<p>&nbsp;<\/p>\n","protected":false},"excerpt":{"rendered":"<p>tesapack\u00ae 4089 to samoprzylepna ta\u015bma pakowa na bazie folii PP z silnym klejem z naturalnego kauczuku. W\u0142a\u015bciwo\u015bci &#8211; G\u0142o\u015bna, ale \u0142atwa do rozwijania &#8211; Bardzo dobrze nadaje si\u0119 do obr\u00f3bki maszynowej i do przetwarzania za pomoc\u0105 wszystkich popularnych dyspenser\u00f3w r\u0119cznych Zastosowania &#8211; \u0141atwa obr\u00f3bka r\u0119czna i maszynowa &#8211; Uniwersalne zastosowanie do zaklejania lekkich i \u015brednich [&hellip;]<\/p>\n","protected":false},"featured_media":26182,"template":"","meta":{"_acf_changed":false},"pwb-brand":[2164],"product_brand":[],"product_cat":[1792,1816,1820,1867],"product_tag":[],"class_list":{"0":"post-59640","1":"product","2":"type-product","3":"status-publish","4":"has-post-thumbnail","6":"pwb-brand-tesa-pl","7":"product_cat-sektor-transportowy","8":"product_cat-jednostronne-tasmy-samoprzylepne","9":"product_cat-folia-pp","10":"product_cat-systemy-pakowania","12":"first","13":"instock","14":"taxable","15":"shipping-taxable","16":"purchasable","17":"product-type-variable"},"acf":[],"yoast_head":"<!-- This site is optimized with the Yoast SEO plugin v27.3 - https:\/\/yoast.com\/product\/yoast-seo-wordpress\/ -->\n<title>Uniwersalna ta\u015bma pakowa PP Tesa 4089 | Cardinal TAPES<\/title>\n<meta name=\"description\" content=\"Tesa 4089 to ta\u015bma pakowa na bazie folii PP. Charakteryzuje si\u0119 \u0142atwo\u015bci\u0105, z jak\u0105 mo\u017cna go zrolowa\u0107. Dowiedz si\u0119 wi\u0119cej.\" \/>\n<meta name=\"robots\" content=\"index, follow, max-snippet:-1, max-image-preview:large, max-video-preview:-1\" \/>\n<link rel=\"canonical\" href=\"https:\/\/cardinal-tapes.com\/pl\/ta\u015bmy-samoprzylepne\/jednostronne-tasmy-samoprzylepne\/folia-pp\/tesa-4089-universal-pp-packaging-tape\/\" \/>\n<meta property=\"og:locale\" content=\"pl_PL\" \/>\n<meta property=\"og:type\" content=\"article\" \/>\n<meta property=\"og:title\" content=\"Uniwersalna ta\u015bma pakowa PP Tesa 4089 | Cardinal TAPES\" \/>\n<meta property=\"og:description\" content=\"Tesa 4089 to ta\u015bma pakowa na bazie folii PP. Charakteryzuje si\u0119 \u0142atwo\u015bci\u0105, z jak\u0105 mo\u017cna go zrolowa\u0107. Dowiedz si\u0119 wi\u0119cej.\" \/>\n<meta property=\"og:url\" content=\"https:\/\/cardinal-tapes.com\/pl\/ta\u015bmy-samoprzylepne\/jednostronne-tasmy-samoprzylepne\/folia-pp\/tesa-4089-universal-pp-packaging-tape\/\" \/>\n<meta property=\"og:site_name\" content=\"cardinal TAPES\" \/>\n<meta property=\"article:modified_time\" content=\"2025-07-03T13:06:49+00:00\" \/>\n<meta property=\"og:image\" content=\"https:\/\/cardinal-tapes.com\/wp-content\/uploads\/tesa-4089-1.jpg\" \/>\n\t<meta property=\"og:image:width\" content=\"600\" \/>\n\t<meta property=\"og:image:height\" content=\"600\" \/>\n\t<meta property=\"og:image:type\" content=\"image\/jpeg\" \/>\n<meta name=\"twitter:card\" content=\"summary_large_image\" \/>\n<script type=\"application\/ld+json\" class=\"yoast-schema-graph\">{\"@context\":\"https:\\\/\\\/schema.org\",\"@graph\":[{\"@type\":\"WebPage\",\"@id\":\"https:\\\/\\\/cardinal-tapes.com\\\/pl\\\/ta\u015bmy-samoprzylepne\\\/jednostronne-tasmy-samoprzylepne\\\/folia-pp\\\/tesa-4089-universal-pp-packaging-tape\\\/\",\"url\":\"https:\\\/\\\/cardinal-tapes.com\\\/pl\\\/ta\u015bmy-samoprzylepne\\\/jednostronne-tasmy-samoprzylepne\\\/folia-pp\\\/tesa-4089-universal-pp-packaging-tape\\\/\",\"name\":\"Uniwersalna ta\u015bma pakowa PP Tesa 4089 | Cardinal TAPES\",\"isPartOf\":{\"@id\":\"https:\\\/\\\/cardinal-tapes.com\\\/#website\"},\"primaryImageOfPage\":{\"@id\":\"https:\\\/\\\/cardinal-tapes.com\\\/pl\\\/ta\u015bmy-samoprzylepne\\\/jednostronne-tasmy-samoprzylepne\\\/folia-pp\\\/tesa-4089-universal-pp-packaging-tape\\\/#primaryimage\"},\"image\":{\"@id\":\"https:\\\/\\\/cardinal-tapes.com\\\/pl\\\/ta\u015bmy-samoprzylepne\\\/jednostronne-tasmy-samoprzylepne\\\/folia-pp\\\/tesa-4089-universal-pp-packaging-tape\\\/#primaryimage\"},\"thumbnailUrl\":\"https:\\\/\\\/cardinal-tapes.com\\\/wp-content\\\/uploads\\\/tesa-4089-1.jpg\",\"datePublished\":\"2023-06-05T15:28:23+00:00\",\"dateModified\":\"2025-07-03T13:06:49+00:00\",\"description\":\"Tesa 4089 to ta\u015bma pakowa na bazie folii PP. Charakteryzuje si\u0119 \u0142atwo\u015bci\u0105, z jak\u0105 mo\u017cna go zrolowa\u0107. Dowiedz si\u0119 wi\u0119cej.\",\"breadcrumb\":{\"@id\":\"https:\\\/\\\/cardinal-tapes.com\\\/pl\\\/ta\u015bmy-samoprzylepne\\\/jednostronne-tasmy-samoprzylepne\\\/folia-pp\\\/tesa-4089-universal-pp-packaging-tape\\\/#breadcrumb\"},\"inLanguage\":\"pl-PL\",\"potentialAction\":[{\"@type\":\"ReadAction\",\"target\":[\"https:\\\/\\\/cardinal-tapes.com\\\/pl\\\/ta\u015bmy-samoprzylepne\\\/jednostronne-tasmy-samoprzylepne\\\/folia-pp\\\/tesa-4089-universal-pp-packaging-tape\\\/\"]}]},{\"@type\":\"ImageObject\",\"inLanguage\":\"pl-PL\",\"@id\":\"https:\\\/\\\/cardinal-tapes.com\\\/pl\\\/ta\u015bmy-samoprzylepne\\\/jednostronne-tasmy-samoprzylepne\\\/folia-pp\\\/tesa-4089-universal-pp-packaging-tape\\\/#primaryimage\",\"url\":\"https:\\\/\\\/cardinal-tapes.com\\\/wp-content\\\/uploads\\\/tesa-4089-1.jpg\",\"contentUrl\":\"https:\\\/\\\/cardinal-tapes.com\\\/wp-content\\\/uploads\\\/tesa-4089-1.jpg\",\"width\":600,\"height\":600,\"caption\":\"tesa 4089\"},{\"@type\":\"BreadcrumbList\",\"@id\":\"https:\\\/\\\/cardinal-tapes.com\\\/pl\\\/ta\u015bmy-samoprzylepne\\\/jednostronne-tasmy-samoprzylepne\\\/folia-pp\\\/tesa-4089-universal-pp-packaging-tape\\\/#breadcrumb\",\"itemListElement\":[{\"@type\":\"ListItem\",\"position\":1,\"name\":\"Startseite\",\"item\":\"https:\\\/\\\/cardinal-tapes.com\\\/pl\\\/strona-glowna\\\/\"},{\"@type\":\"ListItem\",\"position\":2,\"name\":\"Ta\u015bmy samoprzylepne\",\"item\":\"https:\\\/\\\/cardinal-tapes.com\\\/pl\\\/tasmy-samoprzylepne-pl\\\/\"},{\"@type\":\"ListItem\",\"position\":3,\"name\":\"Obszary zastosowa\u0144\",\"item\":\"https:\\\/\\\/cardinal-tapes.com\\\/pl\\\/kategoria\\\/obszary-zastosowan\\\/\"},{\"@type\":\"ListItem\",\"position\":4,\"name\":\"Sektor transportowy\",\"item\":\"https:\\\/\\\/cardinal-tapes.com\\\/pl\\\/kategoria\\\/sektor-transportowy\\\/\"},{\"@type\":\"ListItem\",\"position\":5,\"name\":\"Uniwersalna ta\u015bma pakowa PP tesapack\u00ae 4089\"}]},{\"@type\":\"WebSite\",\"@id\":\"https:\\\/\\\/cardinal-tapes.com\\\/#website\",\"url\":\"https:\\\/\\\/cardinal-tapes.com\\\/\",\"name\":\"cardinal TAPES\",\"description\":\"Klebetechnik aus Wuppertal\",\"potentialAction\":[{\"@type\":\"SearchAction\",\"target\":{\"@type\":\"EntryPoint\",\"urlTemplate\":\"https:\\\/\\\/cardinal-tapes.com\\\/?s={search_term_string}\"},\"query-input\":{\"@type\":\"PropertyValueSpecification\",\"valueRequired\":true,\"valueName\":\"search_term_string\"}}],\"inLanguage\":\"pl-PL\"}]}<\/script>\n<!-- \/ Yoast SEO plugin. -->","yoast_head_json":{"title":"Uniwersalna ta\u015bma pakowa PP Tesa 4089 | Cardinal TAPES","description":"Tesa 4089 to ta\u015bma pakowa na bazie folii PP. Charakteryzuje si\u0119 \u0142atwo\u015bci\u0105, z jak\u0105 mo\u017cna go zrolowa\u0107. Dowiedz si\u0119 wi\u0119cej.","robots":{"index":"index","follow":"follow","max-snippet":"max-snippet:-1","max-image-preview":"max-image-preview:large","max-video-preview":"max-video-preview:-1"},"canonical":"https:\/\/cardinal-tapes.com\/pl\/ta\u015bmy-samoprzylepne\/jednostronne-tasmy-samoprzylepne\/folia-pp\/tesa-4089-universal-pp-packaging-tape\/","og_locale":"pl_PL","og_type":"article","og_title":"Uniwersalna ta\u015bma pakowa PP Tesa 4089 | Cardinal TAPES","og_description":"Tesa 4089 to ta\u015bma pakowa na bazie folii PP. Charakteryzuje si\u0119 \u0142atwo\u015bci\u0105, z jak\u0105 mo\u017cna go zrolowa\u0107. Dowiedz si\u0119 wi\u0119cej.","og_url":"https:\/\/cardinal-tapes.com\/pl\/ta\u015bmy-samoprzylepne\/jednostronne-tasmy-samoprzylepne\/folia-pp\/tesa-4089-universal-pp-packaging-tape\/","og_site_name":"cardinal TAPES","article_modified_time":"2025-07-03T13:06:49+00:00","og_image":[{"width":600,"height":600,"url":"https:\/\/cardinal-tapes.com\/wp-content\/uploads\/tesa-4089-1.jpg","type":"image\/jpeg"}],"twitter_card":"summary_large_image","schema":{"@context":"https:\/\/schema.org","@graph":[{"@type":"WebPage","@id":"https:\/\/cardinal-tapes.com\/pl\/ta\u015bmy-samoprzylepne\/jednostronne-tasmy-samoprzylepne\/folia-pp\/tesa-4089-universal-pp-packaging-tape\/","url":"https:\/\/cardinal-tapes.com\/pl\/ta\u015bmy-samoprzylepne\/jednostronne-tasmy-samoprzylepne\/folia-pp\/tesa-4089-universal-pp-packaging-tape\/","name":"Uniwersalna ta\u015bma pakowa PP Tesa 4089 | Cardinal TAPES","isPartOf":{"@id":"https:\/\/cardinal-tapes.com\/#website"},"primaryImageOfPage":{"@id":"https:\/\/cardinal-tapes.com\/pl\/ta\u015bmy-samoprzylepne\/jednostronne-tasmy-samoprzylepne\/folia-pp\/tesa-4089-universal-pp-packaging-tape\/#primaryimage"},"image":{"@id":"https:\/\/cardinal-tapes.com\/pl\/ta\u015bmy-samoprzylepne\/jednostronne-tasmy-samoprzylepne\/folia-pp\/tesa-4089-universal-pp-packaging-tape\/#primaryimage"},"thumbnailUrl":"https:\/\/cardinal-tapes.com\/wp-content\/uploads\/tesa-4089-1.jpg","datePublished":"2023-06-05T15:28:23+00:00","dateModified":"2025-07-03T13:06:49+00:00","description":"Tesa 4089 to ta\u015bma pakowa na bazie folii PP. Charakteryzuje si\u0119 \u0142atwo\u015bci\u0105, z jak\u0105 mo\u017cna go zrolowa\u0107. Dowiedz si\u0119 wi\u0119cej.","breadcrumb":{"@id":"https:\/\/cardinal-tapes.com\/pl\/ta\u015bmy-samoprzylepne\/jednostronne-tasmy-samoprzylepne\/folia-pp\/tesa-4089-universal-pp-packaging-tape\/#breadcrumb"},"inLanguage":"pl-PL","potentialAction":[{"@type":"ReadAction","target":["https:\/\/cardinal-tapes.com\/pl\/ta\u015bmy-samoprzylepne\/jednostronne-tasmy-samoprzylepne\/folia-pp\/tesa-4089-universal-pp-packaging-tape\/"]}]},{"@type":"ImageObject","inLanguage":"pl-PL","@id":"https:\/\/cardinal-tapes.com\/pl\/ta\u015bmy-samoprzylepne\/jednostronne-tasmy-samoprzylepne\/folia-pp\/tesa-4089-universal-pp-packaging-tape\/#primaryimage","url":"https:\/\/cardinal-tapes.com\/wp-content\/uploads\/tesa-4089-1.jpg","contentUrl":"https:\/\/cardinal-tapes.com\/wp-content\/uploads\/tesa-4089-1.jpg","width":600,"height":600,"caption":"tesa 4089"},{"@type":"BreadcrumbList","@id":"https:\/\/cardinal-tapes.com\/pl\/ta\u015bmy-samoprzylepne\/jednostronne-tasmy-samoprzylepne\/folia-pp\/tesa-4089-universal-pp-packaging-tape\/#breadcrumb","itemListElement":[{"@type":"ListItem","position":1,"name":"Startseite","item":"https:\/\/cardinal-tapes.com\/pl\/strona-glowna\/"},{"@type":"ListItem","position":2,"name":"Ta\u015bmy samoprzylepne","item":"https:\/\/cardinal-tapes.com\/pl\/tasmy-samoprzylepne-pl\/"},{"@type":"ListItem","position":3,"name":"Obszary zastosowa\u0144","item":"https:\/\/cardinal-tapes.com\/pl\/kategoria\/obszary-zastosowan\/"},{"@type":"ListItem","position":4,"name":"Sektor transportowy","item":"https:\/\/cardinal-tapes.com\/pl\/kategoria\/sektor-transportowy\/"},{"@type":"ListItem","position":5,"name":"Uniwersalna ta\u015bma pakowa PP tesapack\u00ae 4089"}]},{"@type":"WebSite","@id":"https:\/\/cardinal-tapes.com\/#website","url":"https:\/\/cardinal-tapes.com\/","name":"cardinal TAPES","description":"Klebetechnik aus Wuppertal","potentialAction":[{"@type":"SearchAction","target":{"@type":"EntryPoint","urlTemplate":"https:\/\/cardinal-tapes.com\/?s={search_term_string}"},"query-input":{"@type":"PropertyValueSpecification","valueRequired":true,"valueName":"search_term_string"}}],"inLanguage":"pl-PL"}]}},"brands":[{"id":2164,"name":"tesa","slug":"tesa-pl"}],"_links":{"self":[{"href":"https:\/\/cardinal-tapes.com\/pl\/wp-json\/wp\/v2\/product\/59640","targetHints":{"allow":["GET"]}}],"collection":[{"href":"https:\/\/cardinal-tapes.com\/pl\/wp-json\/wp\/v2\/product"}],"about":[{"href":"https:\/\/cardinal-tapes.com\/pl\/wp-json\/wp\/v2\/types\/product"}],"wp:featuredmedia":[{"embeddable":true,"href":"https:\/\/cardinal-tapes.com\/pl\/wp-json\/wp\/v2\/media\/26182"}],"wp:attachment":[{"href":"https:\/\/cardinal-tapes.com\/pl\/wp-json\/wp\/v2\/media?parent=59640"}],"wp:term":[{"taxonomy":"pwb-brand","embeddable":true,"href":"https:\/\/cardinal-tapes.com\/pl\/wp-json\/wp\/v2\/pwb-brand?post=59640"},{"taxonomy":"product_brand","embeddable":true,"href":"https:\/\/cardinal-tapes.com\/pl\/wp-json\/wp\/v2\/product_brand?post=59640"},{"taxonomy":"product_cat","embeddable":true,"href":"https:\/\/cardinal-tapes.com\/pl\/wp-json\/wp\/v2\/product_cat?post=59640"},{"taxonomy":"product_tag","embeddable":true,"href":"https:\/\/cardinal-tapes.com\/pl\/wp-json\/wp\/v2\/product_tag?post=59640"}],"curies":[{"name":"wp","href":"https:\/\/api.w.org\/{rel}","templated":true}]}}