{"id":59589,"date":"2018-02-07T14:28:17","date_gmt":"2023-06-05T15:28:21","guid":{"rendered":"https:\/\/cardinal.pixel-tal.de\/klebebaender\/bez-kategorii\/tesaband-4657-specjalna-tasma-tkaninowa-odporna-na-wysokie-temperatury\/"},"modified":"2023-06-05T17:28:21","modified_gmt":"2023-06-05T15:28:21","slug":"tesa-4657-odporna-na-wysokie-temperatury-specjalna-tasma-tkaninowa-2","status":"publish","type":"product","link":"https:\/\/cardinal-tapes.com\/pl\/ta\u015bmy-samoprzylepne\/obszary-zastosowan\/przemysl-elektryczny\/tesa-4657-odporna-na-wysokie-temperatury-specjalna-tasma-tkaninowa-2\/","title":{"rendered":"tesaband\u00ae 4657 Specjalna ta\u015bma tkaninowa odporna na wysokie temperatury"},"content":{"rendered":"<p><sup>tesaband\u00ae<\/sup> 4657 to szczeg\u00f3lnie wysokiej jako\u015bci, powlekana tworzywem sztucznym specjalna ta\u015bma tkaninowa sk\u0142adaj\u0105ca si\u0119 z bawe\u0142nianego no\u015bnika 145 i termoutwardzalnej mieszanki klejowej z naturalnego kauczuku. <sup>tesaband\u00ae<\/sup> 4657 wytrzymuje wysokie obci\u0105\u017cenia termiczne i mechaniczne, a jednocze\u015bnie ma elastyczn\u0105 struktur\u0119.<\/p>\n<p><strong>W\u0142a\u015bciwo\u015bci<\/strong><br \/>\n&#8211; Niezwykle wysoka obci\u0105\u017calno\u015b\u0107 termiczna<br \/>\n&#8211; Bardzo wysoka odporno\u015b\u0107 na starzenie<br \/>\n&#8211; \u0141atwe i szybkie usuwanie (szczeg\u00f3lnie korzystne, gdy jest ciep\u0142o)<br \/>\n&#8211; Bardzo dobrze si\u0119 z nim pracuje, jest elastyczny i stabilny<br \/>\n&#8211; Doskona\u0142a odporno\u015b\u0107 na rozpuszczalniki do farb<\/p>\n<p><strong>Zastosowania<\/strong><br \/>\n&#8211; Produkcja cz\u0119\u015bci t\u0142oczonych<\/p>\n","protected":false},"excerpt":{"rendered":"<p>tesaband\u00ae 4657 to szczeg\u00f3lnie wysokiej jako\u015bci, powlekana tworzywem sztucznym specjalna ta\u015bma tkaninowa sk\u0142adaj\u0105ca si\u0119 z bawe\u0142nianego no\u015bnika 145 i termoutwardzalnej mieszanki klejowej z naturalnego kauczuku. tesaband\u00ae 4657 wytrzymuje wysokie obci\u0105\u017cenia termiczne i mechaniczne, a jednocze\u015bnie ma elastyczn\u0105 struktur\u0119. W\u0142a\u015bciwo\u015bci &#8211; Niezwykle wysoka obci\u0105\u017calno\u015b\u0107 termiczna &#8211; Bardzo wysoka odporno\u015b\u0107 na starzenie &#8211; \u0141atwe i szybkie usuwanie [&hellip;]<\/p>\n","protected":false},"featured_media":26090,"template":"","meta":{"_acf_changed":false},"pwb-brand":[2164],"product_brand":[],"product_cat":[1693,1721,1816],"product_tag":[],"class_list":{"0":"post-59589","1":"product","2":"type-product","3":"status-publish","4":"has-post-thumbnail","6":"pwb-brand-tesa-pl","7":"product_cat-przemysl-elektryczny","8":"product_cat-inzynieria-mechaniczna","9":"product_cat-jednostronne-tasmy-samoprzylepne","11":"first","12":"instock","13":"taxable","14":"shipping-taxable","15":"purchasable","16":"product-type-variable"},"acf":[],"yoast_head":"<!-- This site is optimized with the Yoast SEO plugin v27.3 - https:\/\/yoast.com\/product\/yoast-seo-wordpress\/ -->\n<title>Tesa 4657 Specjalna ta\u015bma tkaninowa odporna na wysokie temperatury<\/title>\n<meta name=\"description\" content=\"Tesa 4657 to wysokiej jako\u015bci specjalna ta\u015bma tkaninowa powlekana tworzywem sztucznym. Wi\u0119cej informacji na temat ta\u015bmy mo\u017cna znale\u017a\u0107 tutaj.\" \/>\n<meta name=\"robots\" content=\"index, follow, max-snippet:-1, max-image-preview:large, max-video-preview:-1\" \/>\n<link rel=\"canonical\" href=\"https:\/\/cardinal-tapes.com\/pl\/ta\u015bmy-samoprzylepne\/przemysl-elektryczny\/tesa-4657-odporna-na-wysokie-temperatury-specjalna-tasma-tkaninowa-2\/\" \/>\n<meta property=\"og:locale\" content=\"pl_PL\" \/>\n<meta property=\"og:type\" content=\"article\" \/>\n<meta property=\"og:title\" content=\"Tesa 4657 Specjalna ta\u015bma tkaninowa odporna na wysokie temperatury\" \/>\n<meta property=\"og:description\" content=\"Tesa 4657 to wysokiej jako\u015bci specjalna ta\u015bma tkaninowa powlekana tworzywem sztucznym. Wi\u0119cej informacji na temat ta\u015bmy mo\u017cna znale\u017a\u0107 tutaj.\" \/>\n<meta property=\"og:url\" content=\"https:\/\/cardinal-tapes.com\/pl\/ta\u015bmy-samoprzylepne\/przemysl-elektryczny\/tesa-4657-odporna-na-wysokie-temperatury-specjalna-tasma-tkaninowa-2\/\" \/>\n<meta property=\"og:site_name\" content=\"cardinal TAPES\" \/>\n<meta property=\"og:image\" content=\"https:\/\/cardinal-tapes.com\/wp-content\/uploads\/tesa-04657_2.jpg\" \/>\n\t<meta property=\"og:image:width\" content=\"600\" \/>\n\t<meta property=\"og:image:height\" content=\"600\" \/>\n\t<meta property=\"og:image:type\" content=\"image\/jpeg\" \/>\n<meta name=\"twitter:card\" content=\"summary_large_image\" \/>\n<script type=\"application\/ld+json\" class=\"yoast-schema-graph\">{\"@context\":\"https:\\\/\\\/schema.org\",\"@graph\":[{\"@type\":\"WebPage\",\"@id\":\"https:\\\/\\\/cardinal-tapes.com\\\/pl\\\/ta\u015bmy-samoprzylepne\\\/przemysl-elektryczny\\\/tesa-4657-odporna-na-wysokie-temperatury-specjalna-tasma-tkaninowa-2\\\/\",\"url\":\"https:\\\/\\\/cardinal-tapes.com\\\/pl\\\/ta\u015bmy-samoprzylepne\\\/przemysl-elektryczny\\\/tesa-4657-odporna-na-wysokie-temperatury-specjalna-tasma-tkaninowa-2\\\/\",\"name\":\"Tesa 4657 Specjalna ta\u015bma tkaninowa odporna na wysokie temperatury\",\"isPartOf\":{\"@id\":\"https:\\\/\\\/cardinal-tapes.com\\\/#website\"},\"primaryImageOfPage\":{\"@id\":\"https:\\\/\\\/cardinal-tapes.com\\\/pl\\\/ta\u015bmy-samoprzylepne\\\/przemysl-elektryczny\\\/tesa-4657-odporna-na-wysokie-temperatury-specjalna-tasma-tkaninowa-2\\\/#primaryimage\"},\"image\":{\"@id\":\"https:\\\/\\\/cardinal-tapes.com\\\/pl\\\/ta\u015bmy-samoprzylepne\\\/przemysl-elektryczny\\\/tesa-4657-odporna-na-wysokie-temperatury-specjalna-tasma-tkaninowa-2\\\/#primaryimage\"},\"thumbnailUrl\":\"https:\\\/\\\/cardinal-tapes.com\\\/wp-content\\\/uploads\\\/tesa-04657_2.jpg\",\"datePublished\":\"2023-06-05T15:28:21+00:00\",\"description\":\"Tesa 4657 to wysokiej jako\u015bci specjalna ta\u015bma tkaninowa powlekana tworzywem sztucznym. Wi\u0119cej informacji na temat ta\u015bmy mo\u017cna znale\u017a\u0107 tutaj.\",\"breadcrumb\":{\"@id\":\"https:\\\/\\\/cardinal-tapes.com\\\/pl\\\/ta\u015bmy-samoprzylepne\\\/przemysl-elektryczny\\\/tesa-4657-odporna-na-wysokie-temperatury-specjalna-tasma-tkaninowa-2\\\/#breadcrumb\"},\"inLanguage\":\"pl-PL\",\"potentialAction\":[{\"@type\":\"ReadAction\",\"target\":[\"https:\\\/\\\/cardinal-tapes.com\\\/pl\\\/ta\u015bmy-samoprzylepne\\\/przemysl-elektryczny\\\/tesa-4657-odporna-na-wysokie-temperatury-specjalna-tasma-tkaninowa-2\\\/\"]}]},{\"@type\":\"ImageObject\",\"inLanguage\":\"pl-PL\",\"@id\":\"https:\\\/\\\/cardinal-tapes.com\\\/pl\\\/ta\u015bmy-samoprzylepne\\\/przemysl-elektryczny\\\/tesa-4657-odporna-na-wysokie-temperatury-specjalna-tasma-tkaninowa-2\\\/#primaryimage\",\"url\":\"https:\\\/\\\/cardinal-tapes.com\\\/wp-content\\\/uploads\\\/tesa-04657_2.jpg\",\"contentUrl\":\"https:\\\/\\\/cardinal-tapes.com\\\/wp-content\\\/uploads\\\/tesa-04657_2.jpg\",\"width\":600,\"height\":600,\"caption\":\"tesa 4657\"},{\"@type\":\"BreadcrumbList\",\"@id\":\"https:\\\/\\\/cardinal-tapes.com\\\/pl\\\/ta\u015bmy-samoprzylepne\\\/przemysl-elektryczny\\\/tesa-4657-odporna-na-wysokie-temperatury-specjalna-tasma-tkaninowa-2\\\/#breadcrumb\",\"itemListElement\":[{\"@type\":\"ListItem\",\"position\":1,\"name\":\"Startseite\",\"item\":\"https:\\\/\\\/cardinal-tapes.com\\\/pl\\\/strona-glowna\\\/\"},{\"@type\":\"ListItem\",\"position\":2,\"name\":\"Ta\u015bmy samoprzylepne\",\"item\":\"https:\\\/\\\/cardinal-tapes.com\\\/pl\\\/tasmy-samoprzylepne-pl\\\/\"},{\"@type\":\"ListItem\",\"position\":3,\"name\":\"Przemys\u0142 elektryczny\",\"item\":\"https:\\\/\\\/cardinal-tapes.com\\\/pl\\\/kategoria\\\/przemysl-elektryczny\\\/\"},{\"@type\":\"ListItem\",\"position\":4,\"name\":\"tesaband\u00ae 4657 Specjalna ta\u015bma tkaninowa odporna na wysokie temperatury\"}]},{\"@type\":\"WebSite\",\"@id\":\"https:\\\/\\\/cardinal-tapes.com\\\/#website\",\"url\":\"https:\\\/\\\/cardinal-tapes.com\\\/\",\"name\":\"cardinal TAPES\",\"description\":\"Klebetechnik aus Wuppertal\",\"potentialAction\":[{\"@type\":\"SearchAction\",\"target\":{\"@type\":\"EntryPoint\",\"urlTemplate\":\"https:\\\/\\\/cardinal-tapes.com\\\/?s={search_term_string}\"},\"query-input\":{\"@type\":\"PropertyValueSpecification\",\"valueRequired\":true,\"valueName\":\"search_term_string\"}}],\"inLanguage\":\"pl-PL\"}]}<\/script>\n<!-- \/ Yoast SEO plugin. -->","yoast_head_json":{"title":"Tesa 4657 Specjalna ta\u015bma tkaninowa odporna na wysokie temperatury","description":"Tesa 4657 to wysokiej jako\u015bci specjalna ta\u015bma tkaninowa powlekana tworzywem sztucznym. Wi\u0119cej informacji na temat ta\u015bmy mo\u017cna znale\u017a\u0107 tutaj.","robots":{"index":"index","follow":"follow","max-snippet":"max-snippet:-1","max-image-preview":"max-image-preview:large","max-video-preview":"max-video-preview:-1"},"canonical":"https:\/\/cardinal-tapes.com\/pl\/ta\u015bmy-samoprzylepne\/przemysl-elektryczny\/tesa-4657-odporna-na-wysokie-temperatury-specjalna-tasma-tkaninowa-2\/","og_locale":"pl_PL","og_type":"article","og_title":"Tesa 4657 Specjalna ta\u015bma tkaninowa odporna na wysokie temperatury","og_description":"Tesa 4657 to wysokiej jako\u015bci specjalna ta\u015bma tkaninowa powlekana tworzywem sztucznym. Wi\u0119cej informacji na temat ta\u015bmy mo\u017cna znale\u017a\u0107 tutaj.","og_url":"https:\/\/cardinal-tapes.com\/pl\/ta\u015bmy-samoprzylepne\/przemysl-elektryczny\/tesa-4657-odporna-na-wysokie-temperatury-specjalna-tasma-tkaninowa-2\/","og_site_name":"cardinal TAPES","og_image":[{"width":600,"height":600,"url":"https:\/\/cardinal-tapes.com\/wp-content\/uploads\/tesa-04657_2.jpg","type":"image\/jpeg"}],"twitter_card":"summary_large_image","schema":{"@context":"https:\/\/schema.org","@graph":[{"@type":"WebPage","@id":"https:\/\/cardinal-tapes.com\/pl\/ta\u015bmy-samoprzylepne\/przemysl-elektryczny\/tesa-4657-odporna-na-wysokie-temperatury-specjalna-tasma-tkaninowa-2\/","url":"https:\/\/cardinal-tapes.com\/pl\/ta\u015bmy-samoprzylepne\/przemysl-elektryczny\/tesa-4657-odporna-na-wysokie-temperatury-specjalna-tasma-tkaninowa-2\/","name":"Tesa 4657 Specjalna ta\u015bma tkaninowa odporna na wysokie temperatury","isPartOf":{"@id":"https:\/\/cardinal-tapes.com\/#website"},"primaryImageOfPage":{"@id":"https:\/\/cardinal-tapes.com\/pl\/ta\u015bmy-samoprzylepne\/przemysl-elektryczny\/tesa-4657-odporna-na-wysokie-temperatury-specjalna-tasma-tkaninowa-2\/#primaryimage"},"image":{"@id":"https:\/\/cardinal-tapes.com\/pl\/ta\u015bmy-samoprzylepne\/przemysl-elektryczny\/tesa-4657-odporna-na-wysokie-temperatury-specjalna-tasma-tkaninowa-2\/#primaryimage"},"thumbnailUrl":"https:\/\/cardinal-tapes.com\/wp-content\/uploads\/tesa-04657_2.jpg","datePublished":"2023-06-05T15:28:21+00:00","description":"Tesa 4657 to wysokiej jako\u015bci specjalna ta\u015bma tkaninowa powlekana tworzywem sztucznym. Wi\u0119cej informacji na temat ta\u015bmy mo\u017cna znale\u017a\u0107 tutaj.","breadcrumb":{"@id":"https:\/\/cardinal-tapes.com\/pl\/ta\u015bmy-samoprzylepne\/przemysl-elektryczny\/tesa-4657-odporna-na-wysokie-temperatury-specjalna-tasma-tkaninowa-2\/#breadcrumb"},"inLanguage":"pl-PL","potentialAction":[{"@type":"ReadAction","target":["https:\/\/cardinal-tapes.com\/pl\/ta\u015bmy-samoprzylepne\/przemysl-elektryczny\/tesa-4657-odporna-na-wysokie-temperatury-specjalna-tasma-tkaninowa-2\/"]}]},{"@type":"ImageObject","inLanguage":"pl-PL","@id":"https:\/\/cardinal-tapes.com\/pl\/ta\u015bmy-samoprzylepne\/przemysl-elektryczny\/tesa-4657-odporna-na-wysokie-temperatury-specjalna-tasma-tkaninowa-2\/#primaryimage","url":"https:\/\/cardinal-tapes.com\/wp-content\/uploads\/tesa-04657_2.jpg","contentUrl":"https:\/\/cardinal-tapes.com\/wp-content\/uploads\/tesa-04657_2.jpg","width":600,"height":600,"caption":"tesa 4657"},{"@type":"BreadcrumbList","@id":"https:\/\/cardinal-tapes.com\/pl\/ta\u015bmy-samoprzylepne\/przemysl-elektryczny\/tesa-4657-odporna-na-wysokie-temperatury-specjalna-tasma-tkaninowa-2\/#breadcrumb","itemListElement":[{"@type":"ListItem","position":1,"name":"Startseite","item":"https:\/\/cardinal-tapes.com\/pl\/strona-glowna\/"},{"@type":"ListItem","position":2,"name":"Ta\u015bmy samoprzylepne","item":"https:\/\/cardinal-tapes.com\/pl\/tasmy-samoprzylepne-pl\/"},{"@type":"ListItem","position":3,"name":"Przemys\u0142 elektryczny","item":"https:\/\/cardinal-tapes.com\/pl\/kategoria\/przemysl-elektryczny\/"},{"@type":"ListItem","position":4,"name":"tesaband\u00ae 4657 Specjalna ta\u015bma tkaninowa odporna na wysokie temperatury"}]},{"@type":"WebSite","@id":"https:\/\/cardinal-tapes.com\/#website","url":"https:\/\/cardinal-tapes.com\/","name":"cardinal TAPES","description":"Klebetechnik aus Wuppertal","potentialAction":[{"@type":"SearchAction","target":{"@type":"EntryPoint","urlTemplate":"https:\/\/cardinal-tapes.com\/?s={search_term_string}"},"query-input":{"@type":"PropertyValueSpecification","valueRequired":true,"valueName":"search_term_string"}}],"inLanguage":"pl-PL"}]}},"brands":[{"id":2164,"name":"tesa","slug":"tesa-pl"}],"_links":{"self":[{"href":"https:\/\/cardinal-tapes.com\/pl\/wp-json\/wp\/v2\/product\/59589","targetHints":{"allow":["GET"]}}],"collection":[{"href":"https:\/\/cardinal-tapes.com\/pl\/wp-json\/wp\/v2\/product"}],"about":[{"href":"https:\/\/cardinal-tapes.com\/pl\/wp-json\/wp\/v2\/types\/product"}],"wp:featuredmedia":[{"embeddable":true,"href":"https:\/\/cardinal-tapes.com\/pl\/wp-json\/wp\/v2\/media\/26090"}],"wp:attachment":[{"href":"https:\/\/cardinal-tapes.com\/pl\/wp-json\/wp\/v2\/media?parent=59589"}],"wp:term":[{"taxonomy":"pwb-brand","embeddable":true,"href":"https:\/\/cardinal-tapes.com\/pl\/wp-json\/wp\/v2\/pwb-brand?post=59589"},{"taxonomy":"product_brand","embeddable":true,"href":"https:\/\/cardinal-tapes.com\/pl\/wp-json\/wp\/v2\/product_brand?post=59589"},{"taxonomy":"product_cat","embeddable":true,"href":"https:\/\/cardinal-tapes.com\/pl\/wp-json\/wp\/v2\/product_cat?post=59589"},{"taxonomy":"product_tag","embeddable":true,"href":"https:\/\/cardinal-tapes.com\/pl\/wp-json\/wp\/v2\/product_tag?post=59589"}],"curies":[{"name":"wp","href":"https:\/\/api.w.org\/{rel}","templated":true}]}}