{"id":59534,"date":"2018-02-07T16:12:23","date_gmt":"2023-06-05T15:28:19","guid":{"rendered":"https:\/\/cardinal.pixel-tal.de\/klebebaender\/bez-kategorii\/dozownik-do-rak-tesa-6400-premium\/"},"modified":"2023-06-05T17:28:19","modified_gmt":"2023-06-05T15:28:19","slug":"dozownik-reczny-tesa-6400-premium","status":"publish","type":"product","link":"https:\/\/cardinal-tapes.com\/pl\/ta\u015bmy-samoprzylepne\/obszary-zastosowan\/sektor-transportowy\/dozownik-reczny-tesa-6400-premium\/","title":{"rendered":"Dozownik do r\u0105k tesa\u00ae 6400 Premium"},"content":{"rendered":"<p>Wysokiej jako\u015bci dyspenser ta\u015bmy pakowej <sup>tesapack\u00ae<\/sup> Comfort wyznacza standardy w zakresie bezpiecznego i czystego zaklejania wszelkiego rodzaju opakowa\u0144. Jest bardzo wytrzyma\u0142y dzi\u0119ki solidnej metalowej ramie i jest przeznaczony do sta\u0142ego u\u017cytku. Ostre ostrze jest chowane, co zmniejsza ryzyko obra\u017ce\u0144. Gumowany uchwyt umo\u017cliwia wygodne korzystanie z dyspensera ta\u015bmy pakowej<\/p>\n<p><strong>W\u0142a\u015bciwo\u015bci<\/strong><br \/>\n&#8211; Bardzo wytrzyma\u0142y i profesjonalny dozownik r\u0119czny z solidn\u0105 metalow\u0105 ram\u0105<br \/>\n&#8211; Z chowanym ostrzem dla bezpiecznego u\u017cytkowania (ochrona przed obra\u017ceniami)<br \/>\n&#8211; Hamulec zwijania regulowany r\u0119cznie<br \/>\n&#8211; Gumowany uchwyt zapewnia pewny i wygodny chwyt<br \/>\n&#8211; Gumowy wa\u0142ek u\u0142atwiaj\u0105cy aplikacj\u0119<br \/>\n&#8211; Serwis cz\u0119\u015bci zamiennych<\/p>\n<p><strong>Zastosowania<\/strong><br \/>\n&#8211; Nadaje si\u0119 do rozwijania ta\u015bmy do paczek o szeroko\u015bci do 50 mm<\/p>\n","protected":false},"excerpt":{"rendered":"<p>Wysokiej jako\u015bci dyspenser ta\u015bmy pakowej tesapack\u00ae Comfort wyznacza standardy w zakresie bezpiecznego i czystego zaklejania wszelkiego rodzaju opakowa\u0144. Jest bardzo wytrzyma\u0142y dzi\u0119ki solidnej metalowej ramie i jest przeznaczony do sta\u0142ego u\u017cytku. Ostre ostrze jest chowane, co zmniejsza ryzyko obra\u017ce\u0144. Gumowany uchwyt umo\u017cliwia wygodne korzystanie z dyspensera ta\u015bmy pakowej W\u0142a\u015bciwo\u015bci &#8211; Bardzo wytrzyma\u0142y i profesjonalny dozownik [&hellip;]<\/p>\n","protected":false},"featured_media":25890,"template":"","meta":{"_acf_changed":false},"pwb-brand":[2164],"product_brand":[],"product_cat":[1792,1816,1867],"product_tag":[],"class_list":{"0":"post-59534","1":"product","2":"type-product","3":"status-publish","4":"has-post-thumbnail","6":"pwb-brand-tesa-pl","7":"product_cat-sektor-transportowy","8":"product_cat-jednostronne-tasmy-samoprzylepne","9":"product_cat-systemy-pakowania","11":"first","12":"instock","13":"taxable","14":"shipping-taxable","15":"purchasable","16":"product-type-variable"},"acf":[],"yoast_head":"<!-- This site is optimized with the Yoast SEO plugin v27.3 - https:\/\/yoast.com\/product\/yoast-seo-wordpress\/ -->\n<title>Dozownik do r\u0105k tesa\u00ae 6400 Premium | Cardinal TAPES<\/title>\n<meta name=\"description\" content=\"tesa\u00ae 6400 to solidny dyspenser r\u0119czny do przetwarzania ta\u015bm pakowych o szeroko\u015bci do 50 mm. Dowiedz si\u0119 wi\u0119cej o tesa 6400 tutaj.\" \/>\n<meta name=\"robots\" content=\"index, follow, max-snippet:-1, max-image-preview:large, max-video-preview:-1\" \/>\n<link rel=\"canonical\" href=\"https:\/\/cardinal-tapes.com\/pl\/ta\u015bmy-samoprzylepne\/sektor-transportowy\/dozownik-reczny-tesa-6400-premium\/\" \/>\n<meta property=\"og:locale\" content=\"pl_PL\" \/>\n<meta property=\"og:type\" content=\"article\" \/>\n<meta property=\"og:title\" content=\"Dozownik do r\u0105k tesa\u00ae 6400 Premium | Cardinal TAPES\" \/>\n<meta property=\"og:description\" content=\"tesa\u00ae 6400 to solidny dyspenser r\u0119czny do przetwarzania ta\u015bm pakowych o szeroko\u015bci do 50 mm. Dowiedz si\u0119 wi\u0119cej o tesa 6400 tutaj.\" \/>\n<meta property=\"og:url\" content=\"https:\/\/cardinal-tapes.com\/pl\/ta\u015bmy-samoprzylepne\/sektor-transportowy\/dozownik-reczny-tesa-6400-premium\/\" \/>\n<meta property=\"og:site_name\" content=\"cardinal TAPES\" \/>\n<meta property=\"og:image\" content=\"https:\/\/cardinal-tapes.com\/wp-content\/uploads\/xxtesa-06400int-pr-2-fullsize170336_canvas1x1_6.jpg\" \/>\n\t<meta property=\"og:image:width\" content=\"567\" \/>\n\t<meta property=\"og:image:height\" content=\"640\" \/>\n\t<meta property=\"og:image:type\" content=\"image\/jpeg\" \/>\n<meta name=\"twitter:card\" content=\"summary_large_image\" \/>\n<meta name=\"twitter:label1\" content=\"Szacowany czas czytania\" \/>\n\t<meta name=\"twitter:data1\" content=\"1 minuta\" \/>\n<script type=\"application\/ld+json\" class=\"yoast-schema-graph\">{\"@context\":\"https:\\\/\\\/schema.org\",\"@graph\":[{\"@type\":\"WebPage\",\"@id\":\"https:\\\/\\\/cardinal-tapes.com\\\/pl\\\/ta\u015bmy-samoprzylepne\\\/sektor-transportowy\\\/dozownik-reczny-tesa-6400-premium\\\/\",\"url\":\"https:\\\/\\\/cardinal-tapes.com\\\/pl\\\/ta\u015bmy-samoprzylepne\\\/sektor-transportowy\\\/dozownik-reczny-tesa-6400-premium\\\/\",\"name\":\"Dozownik do r\u0105k tesa\u00ae 6400 Premium | Cardinal TAPES\",\"isPartOf\":{\"@id\":\"https:\\\/\\\/cardinal-tapes.com\\\/#website\"},\"primaryImageOfPage\":{\"@id\":\"https:\\\/\\\/cardinal-tapes.com\\\/pl\\\/ta\u015bmy-samoprzylepne\\\/sektor-transportowy\\\/dozownik-reczny-tesa-6400-premium\\\/#primaryimage\"},\"image\":{\"@id\":\"https:\\\/\\\/cardinal-tapes.com\\\/pl\\\/ta\u015bmy-samoprzylepne\\\/sektor-transportowy\\\/dozownik-reczny-tesa-6400-premium\\\/#primaryimage\"},\"thumbnailUrl\":\"https:\\\/\\\/cardinal-tapes.com\\\/wp-content\\\/uploads\\\/xxtesa-06400int-pr-2-fullsize170336_canvas1x1_6.jpg\",\"datePublished\":\"2023-06-05T15:28:19+00:00\",\"description\":\"tesa\u00ae 6400 to solidny dyspenser r\u0119czny do przetwarzania ta\u015bm pakowych o szeroko\u015bci do 50 mm. Dowiedz si\u0119 wi\u0119cej o tesa 6400 tutaj.\",\"breadcrumb\":{\"@id\":\"https:\\\/\\\/cardinal-tapes.com\\\/pl\\\/ta\u015bmy-samoprzylepne\\\/sektor-transportowy\\\/dozownik-reczny-tesa-6400-premium\\\/#breadcrumb\"},\"inLanguage\":\"pl-PL\",\"potentialAction\":[{\"@type\":\"ReadAction\",\"target\":[\"https:\\\/\\\/cardinal-tapes.com\\\/pl\\\/ta\u015bmy-samoprzylepne\\\/sektor-transportowy\\\/dozownik-reczny-tesa-6400-premium\\\/\"]}]},{\"@type\":\"ImageObject\",\"inLanguage\":\"pl-PL\",\"@id\":\"https:\\\/\\\/cardinal-tapes.com\\\/pl\\\/ta\u015bmy-samoprzylepne\\\/sektor-transportowy\\\/dozownik-reczny-tesa-6400-premium\\\/#primaryimage\",\"url\":\"https:\\\/\\\/cardinal-tapes.com\\\/wp-content\\\/uploads\\\/xxtesa-06400int-pr-2-fullsize170336_canvas1x1_6.jpg\",\"contentUrl\":\"https:\\\/\\\/cardinal-tapes.com\\\/wp-content\\\/uploads\\\/xxtesa-06400int-pr-2-fullsize170336_canvas1x1_6.jpg\",\"width\":567,\"height\":640,\"caption\":\"xxtesa 6400\"},{\"@type\":\"BreadcrumbList\",\"@id\":\"https:\\\/\\\/cardinal-tapes.com\\\/pl\\\/ta\u015bmy-samoprzylepne\\\/sektor-transportowy\\\/dozownik-reczny-tesa-6400-premium\\\/#breadcrumb\",\"itemListElement\":[{\"@type\":\"ListItem\",\"position\":1,\"name\":\"Startseite\",\"item\":\"https:\\\/\\\/cardinal-tapes.com\\\/pl\\\/strona-glowna\\\/\"},{\"@type\":\"ListItem\",\"position\":2,\"name\":\"Ta\u015bmy samoprzylepne\",\"item\":\"https:\\\/\\\/cardinal-tapes.com\\\/pl\\\/tasmy-samoprzylepne-pl\\\/\"},{\"@type\":\"ListItem\",\"position\":3,\"name\":\"Sektor transportowy\",\"item\":\"https:\\\/\\\/cardinal-tapes.com\\\/pl\\\/kategoria\\\/sektor-transportowy\\\/\"},{\"@type\":\"ListItem\",\"position\":4,\"name\":\"Dozownik do r\u0105k tesa\u00ae 6400 Premium\"}]},{\"@type\":\"WebSite\",\"@id\":\"https:\\\/\\\/cardinal-tapes.com\\\/#website\",\"url\":\"https:\\\/\\\/cardinal-tapes.com\\\/\",\"name\":\"cardinal TAPES\",\"description\":\"Klebetechnik aus Wuppertal\",\"potentialAction\":[{\"@type\":\"SearchAction\",\"target\":{\"@type\":\"EntryPoint\",\"urlTemplate\":\"https:\\\/\\\/cardinal-tapes.com\\\/?s={search_term_string}\"},\"query-input\":{\"@type\":\"PropertyValueSpecification\",\"valueRequired\":true,\"valueName\":\"search_term_string\"}}],\"inLanguage\":\"pl-PL\"}]}<\/script>\n<!-- \/ Yoast SEO plugin. -->","yoast_head_json":{"title":"Dozownik do r\u0105k tesa\u00ae 6400 Premium | Cardinal TAPES","description":"tesa\u00ae 6400 to solidny dyspenser r\u0119czny do przetwarzania ta\u015bm pakowych o szeroko\u015bci do 50 mm. Dowiedz si\u0119 wi\u0119cej o tesa 6400 tutaj.","robots":{"index":"index","follow":"follow","max-snippet":"max-snippet:-1","max-image-preview":"max-image-preview:large","max-video-preview":"max-video-preview:-1"},"canonical":"https:\/\/cardinal-tapes.com\/pl\/ta\u015bmy-samoprzylepne\/sektor-transportowy\/dozownik-reczny-tesa-6400-premium\/","og_locale":"pl_PL","og_type":"article","og_title":"Dozownik do r\u0105k tesa\u00ae 6400 Premium | Cardinal TAPES","og_description":"tesa\u00ae 6400 to solidny dyspenser r\u0119czny do przetwarzania ta\u015bm pakowych o szeroko\u015bci do 50 mm. Dowiedz si\u0119 wi\u0119cej o tesa 6400 tutaj.","og_url":"https:\/\/cardinal-tapes.com\/pl\/ta\u015bmy-samoprzylepne\/sektor-transportowy\/dozownik-reczny-tesa-6400-premium\/","og_site_name":"cardinal TAPES","og_image":[{"width":567,"height":640,"url":"https:\/\/cardinal-tapes.com\/wp-content\/uploads\/xxtesa-06400int-pr-2-fullsize170336_canvas1x1_6.jpg","type":"image\/jpeg"}],"twitter_card":"summary_large_image","twitter_misc":{"Szacowany czas czytania":"1 minuta"},"schema":{"@context":"https:\/\/schema.org","@graph":[{"@type":"WebPage","@id":"https:\/\/cardinal-tapes.com\/pl\/ta\u015bmy-samoprzylepne\/sektor-transportowy\/dozownik-reczny-tesa-6400-premium\/","url":"https:\/\/cardinal-tapes.com\/pl\/ta\u015bmy-samoprzylepne\/sektor-transportowy\/dozownik-reczny-tesa-6400-premium\/","name":"Dozownik do r\u0105k tesa\u00ae 6400 Premium | Cardinal TAPES","isPartOf":{"@id":"https:\/\/cardinal-tapes.com\/#website"},"primaryImageOfPage":{"@id":"https:\/\/cardinal-tapes.com\/pl\/ta\u015bmy-samoprzylepne\/sektor-transportowy\/dozownik-reczny-tesa-6400-premium\/#primaryimage"},"image":{"@id":"https:\/\/cardinal-tapes.com\/pl\/ta\u015bmy-samoprzylepne\/sektor-transportowy\/dozownik-reczny-tesa-6400-premium\/#primaryimage"},"thumbnailUrl":"https:\/\/cardinal-tapes.com\/wp-content\/uploads\/xxtesa-06400int-pr-2-fullsize170336_canvas1x1_6.jpg","datePublished":"2023-06-05T15:28:19+00:00","description":"tesa\u00ae 6400 to solidny dyspenser r\u0119czny do przetwarzania ta\u015bm pakowych o szeroko\u015bci do 50 mm. Dowiedz si\u0119 wi\u0119cej o tesa 6400 tutaj.","breadcrumb":{"@id":"https:\/\/cardinal-tapes.com\/pl\/ta\u015bmy-samoprzylepne\/sektor-transportowy\/dozownik-reczny-tesa-6400-premium\/#breadcrumb"},"inLanguage":"pl-PL","potentialAction":[{"@type":"ReadAction","target":["https:\/\/cardinal-tapes.com\/pl\/ta\u015bmy-samoprzylepne\/sektor-transportowy\/dozownik-reczny-tesa-6400-premium\/"]}]},{"@type":"ImageObject","inLanguage":"pl-PL","@id":"https:\/\/cardinal-tapes.com\/pl\/ta\u015bmy-samoprzylepne\/sektor-transportowy\/dozownik-reczny-tesa-6400-premium\/#primaryimage","url":"https:\/\/cardinal-tapes.com\/wp-content\/uploads\/xxtesa-06400int-pr-2-fullsize170336_canvas1x1_6.jpg","contentUrl":"https:\/\/cardinal-tapes.com\/wp-content\/uploads\/xxtesa-06400int-pr-2-fullsize170336_canvas1x1_6.jpg","width":567,"height":640,"caption":"xxtesa 6400"},{"@type":"BreadcrumbList","@id":"https:\/\/cardinal-tapes.com\/pl\/ta\u015bmy-samoprzylepne\/sektor-transportowy\/dozownik-reczny-tesa-6400-premium\/#breadcrumb","itemListElement":[{"@type":"ListItem","position":1,"name":"Startseite","item":"https:\/\/cardinal-tapes.com\/pl\/strona-glowna\/"},{"@type":"ListItem","position":2,"name":"Ta\u015bmy samoprzylepne","item":"https:\/\/cardinal-tapes.com\/pl\/tasmy-samoprzylepne-pl\/"},{"@type":"ListItem","position":3,"name":"Sektor transportowy","item":"https:\/\/cardinal-tapes.com\/pl\/kategoria\/sektor-transportowy\/"},{"@type":"ListItem","position":4,"name":"Dozownik do r\u0105k tesa\u00ae 6400 Premium"}]},{"@type":"WebSite","@id":"https:\/\/cardinal-tapes.com\/#website","url":"https:\/\/cardinal-tapes.com\/","name":"cardinal TAPES","description":"Klebetechnik aus Wuppertal","potentialAction":[{"@type":"SearchAction","target":{"@type":"EntryPoint","urlTemplate":"https:\/\/cardinal-tapes.com\/?s={search_term_string}"},"query-input":{"@type":"PropertyValueSpecification","valueRequired":true,"valueName":"search_term_string"}}],"inLanguage":"pl-PL"}]}},"brands":[{"id":2164,"name":"tesa","slug":"tesa-pl"}],"_links":{"self":[{"href":"https:\/\/cardinal-tapes.com\/pl\/wp-json\/wp\/v2\/product\/59534","targetHints":{"allow":["GET"]}}],"collection":[{"href":"https:\/\/cardinal-tapes.com\/pl\/wp-json\/wp\/v2\/product"}],"about":[{"href":"https:\/\/cardinal-tapes.com\/pl\/wp-json\/wp\/v2\/types\/product"}],"wp:featuredmedia":[{"embeddable":true,"href":"https:\/\/cardinal-tapes.com\/pl\/wp-json\/wp\/v2\/media\/25890"}],"wp:attachment":[{"href":"https:\/\/cardinal-tapes.com\/pl\/wp-json\/wp\/v2\/media?parent=59534"}],"wp:term":[{"taxonomy":"pwb-brand","embeddable":true,"href":"https:\/\/cardinal-tapes.com\/pl\/wp-json\/wp\/v2\/pwb-brand?post=59534"},{"taxonomy":"product_brand","embeddable":true,"href":"https:\/\/cardinal-tapes.com\/pl\/wp-json\/wp\/v2\/product_brand?post=59534"},{"taxonomy":"product_cat","embeddable":true,"href":"https:\/\/cardinal-tapes.com\/pl\/wp-json\/wp\/v2\/product_cat?post=59534"},{"taxonomy":"product_tag","embeddable":true,"href":"https:\/\/cardinal-tapes.com\/pl\/wp-json\/wp\/v2\/product_tag?post=59534"}],"curies":[{"name":"wp","href":"https:\/\/api.w.org\/{rel}","templated":true}]}}