{"id":59532,"date":"2018-02-07T15:26:06","date_gmt":"2023-06-05T15:28:18","guid":{"rendered":"https:\/\/cardinal.pixel-tal.de\/klebebaender\/bez-kategorii\/zamykacz-do-torebek-tesa-6094\/"},"modified":"2023-06-05T17:28:18","modified_gmt":"2023-06-05T15:28:18","slug":"tesa-6094-bag-closer","status":"publish","type":"product","link":"https:\/\/cardinal-tapes.com\/pl\/ta\u015bmy-samoprzylepne\/systemy-pakowania\/tesa-6094-bag-closer\/","title":{"rendered":"Zamykacz do torebek tesa\u00ae 6094"},"content":{"rendered":"<section class=\"component js-toc-target\" data-style=\"components\/article-text\" data-toc-name=\"toc-pages-product-product-description\">\n<div class=\"row\">\n<div class=\"col-default-12 col-sm-9\"><sup>tesa\u00ae<\/sup> 6094 to profesjonalny zamykacz do work\u00f3w przeznaczony do zamykania \u015brednich i wi\u0119kszych work\u00f3w.<br \/>\nUrz\u0105dzenie <sup>tesa\u00ae<\/sup> Bag Closer 6094 charakteryzuje si\u0119 nast\u0119puj\u0105cymi cechami:<\/p>\n<ul>\n<li>Wytrzyma\u0142a metalowa obudowa<\/li>\n<li>Nadaje si\u0119 do toreb o \u015brednicy szyjki do ok. 11 mm i wadze do ok. 5 kg.<\/li>\n<li>Elastyczne mocowanie poprzez przykr\u0119cenie do blatu roboczego<\/li>\n<li>Nadaje si\u0119 do przetwarzania <sup>folii tesafilm\u00ae<\/sup> 4104 i 4204 oraz <sup>tesakrepp\u00ae<\/sup> 4328.<\/li>\n<\/ul>\n<\/div>\n<\/div>\n<\/section>\n<section class=\"component js-toc-target\" data-style=\"components\/article-text\" data-toc-name=\"toc-pages-product-main-applications\">\n<div class=\"col-default-12 col-sm-3 col-sm-push-9\"><\/div>\n<div class=\"row\">\n<div class=\"col-default-12 col-sm-9\"><\/div>\n<\/div>\n<\/section>\n<section class=\"component js-controller js-toc-target\" data-style=\"components\/article-slider\" data-controller=\"components\/ArticleSliderController\" data-tracking-disabled=\"\" data-toc-name=\"toc-media-gallery\">\n<div class=\"row\">\n<div class=\"col-default-12 col-sm-9 slider-column-wrapper\">\n<div class=\"main-slider-wrapper\">\n<div class=\"js-main-slider slick-initialized slick-slider\">\n<div class=\"slick-list draggable\" aria-live=\"polite\">\n<div class=\"slick-track\">\n<div class=\"media-slide slick-slide\" data-slick-index=\"1\" aria-hidden=\"true\">\n<div class=\"element canvas aspect-ratio-16-9 below-aspect-ratio\" data-style=\"elements\/image\"><\/div>\n<\/div>\n<div class=\"media-slide slick-slide slick-cloned\" data-slick-index=\"2\" aria-hidden=\"true\">\n<div class=\"element canvas aspect-ratio-16-9 below-aspect-ratio\" data-style=\"elements\/image\"><img decoding=\"async\" class=\"lazyload\" title=\"tesa_06094_ap_001_fullsize\" src=\"data:image\/gif;base64,R0lGODlhAQABAIAAAAAAAP\/\/\/yH5BAEAAAAALAAAAAABAAEAAAIBRAA7\" alt=\"tesa_06094_ap_001_fullsize\" data-src=\"\/de-de\/files\/images\/202008\/0\/tesa-06094-ap-001-fullsize,2032071_canvas16x9_10.jpg\" data-srcset=\"\/de-de\/files\/images\/202008\/0\/tesa-06094-ap-001-fullsize,2032071_canvas16x9_1.jpg 58w, \/de-de\/files\/images\/202008\/0\/tesa-06094-ap-001-fullsize,2032071_canvas16x9_2.jpg 142w, \/de-de\/files\/images\/202008\/0\/tesa-06094-ap-001-fullsize,2032071_canvas16x9_5.jpg 393w, \/de-de\/files\/images\/202008\/0\/tesa-06094-ap-001-fullsize,2032071_canvas16x9_6.jpg 476w, \/de-de\/files\/images\/202008\/0\/tesa-06094-ap-001-fullsize,2032071_canvas16x9_10.jpg 811w, \/de-de\/files\/images\/202008\/0\/tesa-06094-ap-001-fullsize,2032071_canvas16x9_12.jpg 978w, \/de-de\/files\/images\/202008\/0\/tesa-06094-ap-001-fullsize,2032071_canvas16x9_18.jpg 1480w\" data-sizes=\"auto\" data-webp-srcset=\"\/de-de\/files\/images\/202008\/0\/tesa-06094-ap-001-fullsize,2032071_canvas16x9_1.webp 58w, \/de-de\/files\/images\/202008\/0\/tesa-06094-ap-001-fullsize,2032071_canvas16x9_2.webp 142w, \/de-de\/files\/images\/202008\/0\/tesa-06094-ap-001-fullsize,2032071_canvas16x9_5.webp 393w, \/de-de\/files\/images\/202008\/0\/tesa-06094-ap-001-fullsize,2032071_canvas16x9_6.webp 476w, \/de-de\/files\/images\/202008\/0\/tesa-06094-ap-001-fullsize,2032071_canvas16x9_10.webp 811w, \/de-de\/files\/images\/202008\/0\/tesa-06094-ap-001-fullsize,2032071_canvas16x9_12.webp 978w, \/de-de\/files\/images\/202008\/0\/tesa-06094-ap-001-fullsize,2032071_canvas16x9_18.webp 1480w\"><\/div>\n<\/div>\n<\/div>\n<\/div>\n<\/div>\n<div class=\"js-pagination element\" data-style=\"elements\/slider-pagination\">\n<div class=\"pagination-item js-pagination-item active\" data-slide-index=\"0\"><\/div>\n<\/div>\n<\/div>\n<\/div>\n<\/div>\n<\/section>\n<p>&nbsp;<\/p>\n","protected":false},"excerpt":{"rendered":"<p>tesa\u00ae 6094 to profesjonalny zamykacz do work\u00f3w przeznaczony do zamykania \u015brednich i wi\u0119kszych work\u00f3w. Urz\u0105dzenie tesa\u00ae Bag Closer 6094 charakteryzuje si\u0119 nast\u0119puj\u0105cymi cechami: Wytrzyma\u0142a metalowa obudowa Nadaje si\u0119 do toreb o \u015brednicy szyjki do ok. 11 mm i wadze do ok. 5 kg. Elastyczne mocowanie poprzez przykr\u0119cenie do blatu roboczego Nadaje si\u0119 do przetwarzania folii [&hellip;]<\/p>\n","protected":false},"featured_media":26118,"template":"","meta":{"_acf_changed":false},"pwb-brand":[2164],"product_brand":[],"product_cat":[1867],"product_tag":[],"class_list":{"0":"post-59532","1":"product","2":"type-product","3":"status-publish","4":"has-post-thumbnail","6":"pwb-brand-tesa-pl","7":"product_cat-systemy-pakowania","9":"first","10":"instock","11":"taxable","12":"shipping-taxable","13":"purchasable","14":"product-type-simple"},"acf":[],"yoast_head":"<!-- This site is optimized with the Yoast SEO plugin v27.3 - https:\/\/yoast.com\/product\/yoast-seo-wordpress\/ -->\n<title>Ta\u015bma tesa\u00ae 6094 do zamykania torebek | Cardinal TAPES<\/title>\n<meta name=\"description\" content=\"tesa\u00ae 6094 to zamykarka do work\u00f3w przeznaczona do zamykania \u015brednich i wi\u0119kszych work\u00f3w. Posiada solidn\u0105 metalow\u0105 obudow\u0119. Dowiedz si\u0119 wi\u0119cej.\" \/>\n<meta name=\"robots\" content=\"index, follow, max-snippet:-1, max-image-preview:large, max-video-preview:-1\" \/>\n<link rel=\"canonical\" href=\"https:\/\/cardinal-tapes.com\/pl\/ta\u015bmy-samoprzylepne\/systemy-pakowania\/tesa-6094-bag-closer\/\" \/>\n<meta property=\"og:locale\" content=\"pl_PL\" \/>\n<meta property=\"og:type\" content=\"article\" \/>\n<meta property=\"og:title\" content=\"Ta\u015bma tesa\u00ae 6094 do zamykania torebek | Cardinal TAPES\" \/>\n<meta property=\"og:description\" content=\"tesa\u00ae 6094 to zamykarka do work\u00f3w przeznaczona do zamykania \u015brednich i wi\u0119kszych work\u00f3w. Posiada solidn\u0105 metalow\u0105 obudow\u0119. Dowiedz si\u0119 wi\u0119cej.\" \/>\n<meta property=\"og:url\" content=\"https:\/\/cardinal-tapes.com\/pl\/ta\u015bmy-samoprzylepne\/systemy-pakowania\/tesa-6094-bag-closer\/\" \/>\n<meta property=\"og:site_name\" content=\"cardinal TAPES\" \/>\n<meta property=\"og:image\" content=\"https:\/\/cardinal-tapes.com\/wp-content\/uploads\/tesa-06094.jpg\" \/>\n\t<meta property=\"og:image:width\" content=\"600\" \/>\n\t<meta property=\"og:image:height\" content=\"600\" \/>\n\t<meta property=\"og:image:type\" content=\"image\/jpeg\" \/>\n<meta name=\"twitter:card\" content=\"summary_large_image\" \/>\n<script type=\"application\/ld+json\" class=\"yoast-schema-graph\">{\"@context\":\"https:\\\/\\\/schema.org\",\"@graph\":[{\"@type\":\"WebPage\",\"@id\":\"https:\\\/\\\/cardinal-tapes.com\\\/pl\\\/ta\u015bmy-samoprzylepne\\\/systemy-pakowania\\\/tesa-6094-bag-closer\\\/\",\"url\":\"https:\\\/\\\/cardinal-tapes.com\\\/pl\\\/ta\u015bmy-samoprzylepne\\\/systemy-pakowania\\\/tesa-6094-bag-closer\\\/\",\"name\":\"Ta\u015bma tesa\u00ae 6094 do zamykania torebek | Cardinal TAPES\",\"isPartOf\":{\"@id\":\"https:\\\/\\\/cardinal-tapes.com\\\/#website\"},\"primaryImageOfPage\":{\"@id\":\"https:\\\/\\\/cardinal-tapes.com\\\/pl\\\/ta\u015bmy-samoprzylepne\\\/systemy-pakowania\\\/tesa-6094-bag-closer\\\/#primaryimage\"},\"image\":{\"@id\":\"https:\\\/\\\/cardinal-tapes.com\\\/pl\\\/ta\u015bmy-samoprzylepne\\\/systemy-pakowania\\\/tesa-6094-bag-closer\\\/#primaryimage\"},\"thumbnailUrl\":\"https:\\\/\\\/cardinal-tapes.com\\\/wp-content\\\/uploads\\\/tesa-06094.jpg\",\"datePublished\":\"2023-06-05T15:28:18+00:00\",\"description\":\"tesa\u00ae 6094 to zamykarka do work\u00f3w przeznaczona do zamykania \u015brednich i wi\u0119kszych work\u00f3w. Posiada solidn\u0105 metalow\u0105 obudow\u0119. Dowiedz si\u0119 wi\u0119cej.\",\"breadcrumb\":{\"@id\":\"https:\\\/\\\/cardinal-tapes.com\\\/pl\\\/ta\u015bmy-samoprzylepne\\\/systemy-pakowania\\\/tesa-6094-bag-closer\\\/#breadcrumb\"},\"inLanguage\":\"pl-PL\",\"potentialAction\":[{\"@type\":\"ReadAction\",\"target\":[\"https:\\\/\\\/cardinal-tapes.com\\\/pl\\\/ta\u015bmy-samoprzylepne\\\/systemy-pakowania\\\/tesa-6094-bag-closer\\\/\"]}]},{\"@type\":\"ImageObject\",\"inLanguage\":\"pl-PL\",\"@id\":\"https:\\\/\\\/cardinal-tapes.com\\\/pl\\\/ta\u015bmy-samoprzylepne\\\/systemy-pakowania\\\/tesa-6094-bag-closer\\\/#primaryimage\",\"url\":\"https:\\\/\\\/cardinal-tapes.com\\\/wp-content\\\/uploads\\\/tesa-06094.jpg\",\"contentUrl\":\"https:\\\/\\\/cardinal-tapes.com\\\/wp-content\\\/uploads\\\/tesa-06094.jpg\",\"width\":600,\"height\":600,\"caption\":\"tesa 6094\"},{\"@type\":\"BreadcrumbList\",\"@id\":\"https:\\\/\\\/cardinal-tapes.com\\\/pl\\\/ta\u015bmy-samoprzylepne\\\/systemy-pakowania\\\/tesa-6094-bag-closer\\\/#breadcrumb\",\"itemListElement\":[{\"@type\":\"ListItem\",\"position\":1,\"name\":\"Startseite\",\"item\":\"https:\\\/\\\/cardinal-tapes.com\\\/pl\\\/strona-glowna\\\/\"},{\"@type\":\"ListItem\",\"position\":2,\"name\":\"Ta\u015bmy samoprzylepne\",\"item\":\"https:\\\/\\\/cardinal-tapes.com\\\/pl\\\/tasmy-samoprzylepne-pl\\\/\"},{\"@type\":\"ListItem\",\"position\":3,\"name\":\"Systemy pakowania\",\"item\":\"https:\\\/\\\/cardinal-tapes.com\\\/pl\\\/kategoria\\\/systemy-pakowania\\\/\"},{\"@type\":\"ListItem\",\"position\":4,\"name\":\"Zamykacz do torebek tesa\u00ae 6094\"}]},{\"@type\":\"WebSite\",\"@id\":\"https:\\\/\\\/cardinal-tapes.com\\\/#website\",\"url\":\"https:\\\/\\\/cardinal-tapes.com\\\/\",\"name\":\"cardinal TAPES\",\"description\":\"Klebetechnik aus Wuppertal\",\"potentialAction\":[{\"@type\":\"SearchAction\",\"target\":{\"@type\":\"EntryPoint\",\"urlTemplate\":\"https:\\\/\\\/cardinal-tapes.com\\\/?s={search_term_string}\"},\"query-input\":{\"@type\":\"PropertyValueSpecification\",\"valueRequired\":true,\"valueName\":\"search_term_string\"}}],\"inLanguage\":\"pl-PL\"}]}<\/script>\n<!-- \/ Yoast SEO plugin. -->","yoast_head_json":{"title":"Ta\u015bma tesa\u00ae 6094 do zamykania torebek | Cardinal TAPES","description":"tesa\u00ae 6094 to zamykarka do work\u00f3w przeznaczona do zamykania \u015brednich i wi\u0119kszych work\u00f3w. Posiada solidn\u0105 metalow\u0105 obudow\u0119. Dowiedz si\u0119 wi\u0119cej.","robots":{"index":"index","follow":"follow","max-snippet":"max-snippet:-1","max-image-preview":"max-image-preview:large","max-video-preview":"max-video-preview:-1"},"canonical":"https:\/\/cardinal-tapes.com\/pl\/ta\u015bmy-samoprzylepne\/systemy-pakowania\/tesa-6094-bag-closer\/","og_locale":"pl_PL","og_type":"article","og_title":"Ta\u015bma tesa\u00ae 6094 do zamykania torebek | Cardinal TAPES","og_description":"tesa\u00ae 6094 to zamykarka do work\u00f3w przeznaczona do zamykania \u015brednich i wi\u0119kszych work\u00f3w. Posiada solidn\u0105 metalow\u0105 obudow\u0119. Dowiedz si\u0119 wi\u0119cej.","og_url":"https:\/\/cardinal-tapes.com\/pl\/ta\u015bmy-samoprzylepne\/systemy-pakowania\/tesa-6094-bag-closer\/","og_site_name":"cardinal TAPES","og_image":[{"width":600,"height":600,"url":"https:\/\/cardinal-tapes.com\/wp-content\/uploads\/tesa-06094.jpg","type":"image\/jpeg"}],"twitter_card":"summary_large_image","schema":{"@context":"https:\/\/schema.org","@graph":[{"@type":"WebPage","@id":"https:\/\/cardinal-tapes.com\/pl\/ta\u015bmy-samoprzylepne\/systemy-pakowania\/tesa-6094-bag-closer\/","url":"https:\/\/cardinal-tapes.com\/pl\/ta\u015bmy-samoprzylepne\/systemy-pakowania\/tesa-6094-bag-closer\/","name":"Ta\u015bma tesa\u00ae 6094 do zamykania torebek | Cardinal TAPES","isPartOf":{"@id":"https:\/\/cardinal-tapes.com\/#website"},"primaryImageOfPage":{"@id":"https:\/\/cardinal-tapes.com\/pl\/ta\u015bmy-samoprzylepne\/systemy-pakowania\/tesa-6094-bag-closer\/#primaryimage"},"image":{"@id":"https:\/\/cardinal-tapes.com\/pl\/ta\u015bmy-samoprzylepne\/systemy-pakowania\/tesa-6094-bag-closer\/#primaryimage"},"thumbnailUrl":"https:\/\/cardinal-tapes.com\/wp-content\/uploads\/tesa-06094.jpg","datePublished":"2023-06-05T15:28:18+00:00","description":"tesa\u00ae 6094 to zamykarka do work\u00f3w przeznaczona do zamykania \u015brednich i wi\u0119kszych work\u00f3w. Posiada solidn\u0105 metalow\u0105 obudow\u0119. Dowiedz si\u0119 wi\u0119cej.","breadcrumb":{"@id":"https:\/\/cardinal-tapes.com\/pl\/ta\u015bmy-samoprzylepne\/systemy-pakowania\/tesa-6094-bag-closer\/#breadcrumb"},"inLanguage":"pl-PL","potentialAction":[{"@type":"ReadAction","target":["https:\/\/cardinal-tapes.com\/pl\/ta\u015bmy-samoprzylepne\/systemy-pakowania\/tesa-6094-bag-closer\/"]}]},{"@type":"ImageObject","inLanguage":"pl-PL","@id":"https:\/\/cardinal-tapes.com\/pl\/ta\u015bmy-samoprzylepne\/systemy-pakowania\/tesa-6094-bag-closer\/#primaryimage","url":"https:\/\/cardinal-tapes.com\/wp-content\/uploads\/tesa-06094.jpg","contentUrl":"https:\/\/cardinal-tapes.com\/wp-content\/uploads\/tesa-06094.jpg","width":600,"height":600,"caption":"tesa 6094"},{"@type":"BreadcrumbList","@id":"https:\/\/cardinal-tapes.com\/pl\/ta\u015bmy-samoprzylepne\/systemy-pakowania\/tesa-6094-bag-closer\/#breadcrumb","itemListElement":[{"@type":"ListItem","position":1,"name":"Startseite","item":"https:\/\/cardinal-tapes.com\/pl\/strona-glowna\/"},{"@type":"ListItem","position":2,"name":"Ta\u015bmy samoprzylepne","item":"https:\/\/cardinal-tapes.com\/pl\/tasmy-samoprzylepne-pl\/"},{"@type":"ListItem","position":3,"name":"Systemy pakowania","item":"https:\/\/cardinal-tapes.com\/pl\/kategoria\/systemy-pakowania\/"},{"@type":"ListItem","position":4,"name":"Zamykacz do torebek tesa\u00ae 6094"}]},{"@type":"WebSite","@id":"https:\/\/cardinal-tapes.com\/#website","url":"https:\/\/cardinal-tapes.com\/","name":"cardinal TAPES","description":"Klebetechnik aus Wuppertal","potentialAction":[{"@type":"SearchAction","target":{"@type":"EntryPoint","urlTemplate":"https:\/\/cardinal-tapes.com\/?s={search_term_string}"},"query-input":{"@type":"PropertyValueSpecification","valueRequired":true,"valueName":"search_term_string"}}],"inLanguage":"pl-PL"}]}},"brands":[{"id":2164,"name":"tesa","slug":"tesa-pl"}],"_links":{"self":[{"href":"https:\/\/cardinal-tapes.com\/pl\/wp-json\/wp\/v2\/product\/59532","targetHints":{"allow":["GET"]}}],"collection":[{"href":"https:\/\/cardinal-tapes.com\/pl\/wp-json\/wp\/v2\/product"}],"about":[{"href":"https:\/\/cardinal-tapes.com\/pl\/wp-json\/wp\/v2\/types\/product"}],"wp:featuredmedia":[{"embeddable":true,"href":"https:\/\/cardinal-tapes.com\/pl\/wp-json\/wp\/v2\/media\/26118"}],"wp:attachment":[{"href":"https:\/\/cardinal-tapes.com\/pl\/wp-json\/wp\/v2\/media?parent=59532"}],"wp:term":[{"taxonomy":"pwb-brand","embeddable":true,"href":"https:\/\/cardinal-tapes.com\/pl\/wp-json\/wp\/v2\/pwb-brand?post=59532"},{"taxonomy":"product_brand","embeddable":true,"href":"https:\/\/cardinal-tapes.com\/pl\/wp-json\/wp\/v2\/product_brand?post=59532"},{"taxonomy":"product_cat","embeddable":true,"href":"https:\/\/cardinal-tapes.com\/pl\/wp-json\/wp\/v2\/product_cat?post=59532"},{"taxonomy":"product_tag","embeddable":true,"href":"https:\/\/cardinal-tapes.com\/pl\/wp-json\/wp\/v2\/product_tag?post=59532"}],"curies":[{"name":"wp","href":"https:\/\/api.w.org\/{rel}","templated":true}]}}