{"id":59529,"date":"2018-02-07T15:33:51","date_gmt":"2018-02-07T14:33:51","guid":{"rendered":"https:\/\/cardinal.pixel-tal.de\/klebebaender\/bez-kategorii\/tesa-powerstrips-58002\/"},"modified":"2025-07-03T15:04:26","modified_gmt":"2025-07-03T13:04:26","slug":"tesa-58002-powerstrips","status":"publish","type":"product","link":"https:\/\/cardinal-tapes.com\/pl\/ta\u015bmy-samoprzylepne\/tasmy-dwustronnie-klejace\/tesa-58002-powerstrips\/","title":{"rendered":"tesa Powerstrips\u00ae 58002"},"content":{"rendered":"<p>Du\u017ce <sup>plastry<\/sup> <span class=\"lowercase\">tesa<\/span> Powerstrips\u00ae nadaj\u0105 si\u0119 do mocowania przedmiot\u00f3w o wadze do dw\u00f3ch kilogram\u00f3w i mog\u0105 by\u0107 u\u017cywane na wiele sposob\u00f3w. Paski samoprzylepne przyklejaj\u0105 si\u0119 po obu stronach i s\u0105 inteligentn\u0105 alternatyw\u0105 dla wiertarki, m\u0142otka, \u015bruby i gwo\u017adzia dzi\u0119ki doskona\u0142ej sile trzymania.<\/p>\n<p><strong>Cechy<\/strong><br \/>\n&#8211; Dwustronny pasek samoprzylepny wykonany z wysokiej jako\u015bci tworzywa sztucznego<br \/>\n&#8211; Mocne mocowanie przedmiot\u00f3w o wadze do 2 kg na prawie wszystkich powierzchniach<br \/>\n&#8211; Wszechstronne zastosowanie w domu, w pracy lub w podr\u00f3\u017cy<br \/>\n&#8211; \u0141atwe mocowanie i zdejmowanie bez pozostawiania \u015blad\u00f3w lub uszkodze\u0144<\/p>\n<p><strong>Zastosowania<br \/>\n&#8211; <\/strong>Nadaje si\u0119 do ca\u0142ej gamy haczyk\u00f3w <span class=\"lowercase\">tesa<\/span> <sup>Powerstrips\u00ae<\/sup><br \/>\n&#8211; Do mocowania przedmiot\u00f3w o wadze do 2 kg<\/p>\n","protected":false},"excerpt":{"rendered":"<p>Du\u017ce plastry tesa Powerstrips\u00ae nadaj\u0105 si\u0119 do mocowania przedmiot\u00f3w o wadze do dw\u00f3ch kilogram\u00f3w i mog\u0105 by\u0107 u\u017cywane na wiele sposob\u00f3w. Paski samoprzylepne przyklejaj\u0105 si\u0119 po obu stronach i s\u0105 inteligentn\u0105 alternatyw\u0105 dla wiertarki, m\u0142otka, \u015bruby i gwo\u017adzia dzi\u0119ki doskona\u0142ej sile trzymania. Cechy &#8211; Dwustronny pasek samoprzylepny wykonany z wysokiej jako\u015bci tworzywa sztucznego &#8211; Mocne [&hellip;]<\/p>\n","protected":false},"featured_media":28418,"template":"","meta":{"_acf_changed":false},"pwb-brand":[2164],"product_brand":[],"product_cat":[1814],"product_tag":[],"class_list":{"0":"post-59529","1":"product","2":"type-product","3":"status-publish","4":"has-post-thumbnail","6":"pwb-brand-tesa-pl","7":"product_cat-tasmy-dwustronnie-klejace","9":"first","10":"instock","11":"taxable","12":"shipping-taxable","13":"purchasable","14":"product-type-variable"},"acf":[],"yoast_head":"<!-- This site is optimized with the Yoast SEO plugin v27.3 - https:\/\/yoast.com\/product\/yoast-seo-wordpress\/ -->\n<title>Tesa 58002 Powerstrips\u00ae | Ta\u015bmy kardynalne<\/title>\n<meta name=\"description\" content=\"Tesa 58002 Powerstrips\u00ae to dwustronne paski samoprzylepne, kt\u00f3re nadaj\u0105 si\u0119 do mocowania przedmiot\u00f3w o wadze do dw\u00f3ch kilogram\u00f3w. Dowiedz si\u0119 wi\u0119cej.\" \/>\n<meta name=\"robots\" content=\"index, follow, max-snippet:-1, max-image-preview:large, max-video-preview:-1\" \/>\n<link rel=\"canonical\" href=\"https:\/\/cardinal-tapes.com\/pl\/ta\u015bmy-samoprzylepne\/tasmy-dwustronnie-klejace\/tesa-58002-powerstrips\/\" \/>\n<meta property=\"og:locale\" content=\"pl_PL\" \/>\n<meta property=\"og:type\" content=\"article\" \/>\n<meta property=\"og:title\" content=\"Tesa 58002 Powerstrips\u00ae | Ta\u015bmy kardynalne\" \/>\n<meta property=\"og:description\" content=\"Tesa 58002 Powerstrips\u00ae to dwustronne paski samoprzylepne, kt\u00f3re nadaj\u0105 si\u0119 do mocowania przedmiot\u00f3w o wadze do dw\u00f3ch kilogram\u00f3w. Dowiedz si\u0119 wi\u0119cej.\" \/>\n<meta property=\"og:url\" content=\"https:\/\/cardinal-tapes.com\/pl\/ta\u015bmy-samoprzylepne\/tasmy-dwustronnie-klejace\/tesa-58002-powerstrips\/\" \/>\n<meta property=\"og:site_name\" content=\"cardinal TAPES\" \/>\n<meta property=\"article:modified_time\" content=\"2025-07-03T13:04:26+00:00\" \/>\n<meta property=\"og:image\" content=\"https:\/\/cardinal-tapes.com\/wp-content\/uploads\/tesa-58000.jpg\" \/>\n\t<meta property=\"og:image:width\" content=\"700\" \/>\n\t<meta property=\"og:image:height\" content=\"700\" \/>\n\t<meta property=\"og:image:type\" content=\"image\/jpeg\" \/>\n<meta name=\"twitter:card\" content=\"summary_large_image\" \/>\n<meta name=\"twitter:label1\" content=\"Szacowany czas czytania\" \/>\n\t<meta name=\"twitter:data1\" content=\"1 minuta\" \/>\n<script type=\"application\/ld+json\" class=\"yoast-schema-graph\">{\"@context\":\"https:\\\/\\\/schema.org\",\"@graph\":[{\"@type\":\"WebPage\",\"@id\":\"https:\\\/\\\/cardinal-tapes.com\\\/pl\\\/ta\u015bmy-samoprzylepne\\\/tasmy-dwustronnie-klejace\\\/tesa-58002-powerstrips\\\/\",\"url\":\"https:\\\/\\\/cardinal-tapes.com\\\/pl\\\/ta\u015bmy-samoprzylepne\\\/tasmy-dwustronnie-klejace\\\/tesa-58002-powerstrips\\\/\",\"name\":\"Tesa 58002 Powerstrips\u00ae | Ta\u015bmy kardynalne\",\"isPartOf\":{\"@id\":\"https:\\\/\\\/cardinal-tapes.com\\\/#website\"},\"primaryImageOfPage\":{\"@id\":\"https:\\\/\\\/cardinal-tapes.com\\\/pl\\\/ta\u015bmy-samoprzylepne\\\/tasmy-dwustronnie-klejace\\\/tesa-58002-powerstrips\\\/#primaryimage\"},\"image\":{\"@id\":\"https:\\\/\\\/cardinal-tapes.com\\\/pl\\\/ta\u015bmy-samoprzylepne\\\/tasmy-dwustronnie-klejace\\\/tesa-58002-powerstrips\\\/#primaryimage\"},\"thumbnailUrl\":\"https:\\\/\\\/cardinal-tapes.com\\\/wp-content\\\/uploads\\\/tesa-58000.jpg\",\"datePublished\":\"2018-02-07T14:33:51+00:00\",\"dateModified\":\"2025-07-03T13:04:26+00:00\",\"description\":\"Tesa 58002 Powerstrips\u00ae to dwustronne paski samoprzylepne, kt\u00f3re nadaj\u0105 si\u0119 do mocowania przedmiot\u00f3w o wadze do dw\u00f3ch kilogram\u00f3w. Dowiedz si\u0119 wi\u0119cej.\",\"breadcrumb\":{\"@id\":\"https:\\\/\\\/cardinal-tapes.com\\\/pl\\\/ta\u015bmy-samoprzylepne\\\/tasmy-dwustronnie-klejace\\\/tesa-58002-powerstrips\\\/#breadcrumb\"},\"inLanguage\":\"pl-PL\",\"potentialAction\":[{\"@type\":\"ReadAction\",\"target\":[\"https:\\\/\\\/cardinal-tapes.com\\\/pl\\\/ta\u015bmy-samoprzylepne\\\/tasmy-dwustronnie-klejace\\\/tesa-58002-powerstrips\\\/\"]}]},{\"@type\":\"ImageObject\",\"inLanguage\":\"pl-PL\",\"@id\":\"https:\\\/\\\/cardinal-tapes.com\\\/pl\\\/ta\u015bmy-samoprzylepne\\\/tasmy-dwustronnie-klejace\\\/tesa-58002-powerstrips\\\/#primaryimage\",\"url\":\"https:\\\/\\\/cardinal-tapes.com\\\/wp-content\\\/uploads\\\/tesa-58000.jpg\",\"contentUrl\":\"https:\\\/\\\/cardinal-tapes.com\\\/wp-content\\\/uploads\\\/tesa-58000.jpg\",\"width\":700,\"height\":700},{\"@type\":\"BreadcrumbList\",\"@id\":\"https:\\\/\\\/cardinal-tapes.com\\\/pl\\\/ta\u015bmy-samoprzylepne\\\/tasmy-dwustronnie-klejace\\\/tesa-58002-powerstrips\\\/#breadcrumb\",\"itemListElement\":[{\"@type\":\"ListItem\",\"position\":1,\"name\":\"Startseite\",\"item\":\"https:\\\/\\\/cardinal-tapes.com\\\/pl\\\/strona-glowna\\\/\"},{\"@type\":\"ListItem\",\"position\":2,\"name\":\"Ta\u015bmy samoprzylepne\",\"item\":\"https:\\\/\\\/cardinal-tapes.com\\\/pl\\\/tasmy-samoprzylepne-pl\\\/\"},{\"@type\":\"ListItem\",\"position\":3,\"name\":\"Ta\u015bmy dwustronnie klej\u0105ce\",\"item\":\"https:\\\/\\\/cardinal-tapes.com\\\/pl\\\/kategoria\\\/tasmy-dwustronnie-klejace\\\/\"},{\"@type\":\"ListItem\",\"position\":4,\"name\":\"tesa Powerstrips\u00ae 58002\"}]},{\"@type\":\"WebSite\",\"@id\":\"https:\\\/\\\/cardinal-tapes.com\\\/#website\",\"url\":\"https:\\\/\\\/cardinal-tapes.com\\\/\",\"name\":\"cardinal TAPES\",\"description\":\"Klebetechnik aus Wuppertal\",\"potentialAction\":[{\"@type\":\"SearchAction\",\"target\":{\"@type\":\"EntryPoint\",\"urlTemplate\":\"https:\\\/\\\/cardinal-tapes.com\\\/?s={search_term_string}\"},\"query-input\":{\"@type\":\"PropertyValueSpecification\",\"valueRequired\":true,\"valueName\":\"search_term_string\"}}],\"inLanguage\":\"pl-PL\"}]}<\/script>\n<!-- \/ Yoast SEO plugin. -->","yoast_head_json":{"title":"Tesa 58002 Powerstrips\u00ae | Ta\u015bmy kardynalne","description":"Tesa 58002 Powerstrips\u00ae to dwustronne paski samoprzylepne, kt\u00f3re nadaj\u0105 si\u0119 do mocowania przedmiot\u00f3w o wadze do dw\u00f3ch kilogram\u00f3w. Dowiedz si\u0119 wi\u0119cej.","robots":{"index":"index","follow":"follow","max-snippet":"max-snippet:-1","max-image-preview":"max-image-preview:large","max-video-preview":"max-video-preview:-1"},"canonical":"https:\/\/cardinal-tapes.com\/pl\/ta\u015bmy-samoprzylepne\/tasmy-dwustronnie-klejace\/tesa-58002-powerstrips\/","og_locale":"pl_PL","og_type":"article","og_title":"Tesa 58002 Powerstrips\u00ae | Ta\u015bmy kardynalne","og_description":"Tesa 58002 Powerstrips\u00ae to dwustronne paski samoprzylepne, kt\u00f3re nadaj\u0105 si\u0119 do mocowania przedmiot\u00f3w o wadze do dw\u00f3ch kilogram\u00f3w. Dowiedz si\u0119 wi\u0119cej.","og_url":"https:\/\/cardinal-tapes.com\/pl\/ta\u015bmy-samoprzylepne\/tasmy-dwustronnie-klejace\/tesa-58002-powerstrips\/","og_site_name":"cardinal TAPES","article_modified_time":"2025-07-03T13:04:26+00:00","og_image":[{"width":700,"height":700,"url":"https:\/\/cardinal-tapes.com\/wp-content\/uploads\/tesa-58000.jpg","type":"image\/jpeg"}],"twitter_card":"summary_large_image","twitter_misc":{"Szacowany czas czytania":"1 minuta"},"schema":{"@context":"https:\/\/schema.org","@graph":[{"@type":"WebPage","@id":"https:\/\/cardinal-tapes.com\/pl\/ta\u015bmy-samoprzylepne\/tasmy-dwustronnie-klejace\/tesa-58002-powerstrips\/","url":"https:\/\/cardinal-tapes.com\/pl\/ta\u015bmy-samoprzylepne\/tasmy-dwustronnie-klejace\/tesa-58002-powerstrips\/","name":"Tesa 58002 Powerstrips\u00ae | Ta\u015bmy kardynalne","isPartOf":{"@id":"https:\/\/cardinal-tapes.com\/#website"},"primaryImageOfPage":{"@id":"https:\/\/cardinal-tapes.com\/pl\/ta\u015bmy-samoprzylepne\/tasmy-dwustronnie-klejace\/tesa-58002-powerstrips\/#primaryimage"},"image":{"@id":"https:\/\/cardinal-tapes.com\/pl\/ta\u015bmy-samoprzylepne\/tasmy-dwustronnie-klejace\/tesa-58002-powerstrips\/#primaryimage"},"thumbnailUrl":"https:\/\/cardinal-tapes.com\/wp-content\/uploads\/tesa-58000.jpg","datePublished":"2018-02-07T14:33:51+00:00","dateModified":"2025-07-03T13:04:26+00:00","description":"Tesa 58002 Powerstrips\u00ae to dwustronne paski samoprzylepne, kt\u00f3re nadaj\u0105 si\u0119 do mocowania przedmiot\u00f3w o wadze do dw\u00f3ch kilogram\u00f3w. Dowiedz si\u0119 wi\u0119cej.","breadcrumb":{"@id":"https:\/\/cardinal-tapes.com\/pl\/ta\u015bmy-samoprzylepne\/tasmy-dwustronnie-klejace\/tesa-58002-powerstrips\/#breadcrumb"},"inLanguage":"pl-PL","potentialAction":[{"@type":"ReadAction","target":["https:\/\/cardinal-tapes.com\/pl\/ta\u015bmy-samoprzylepne\/tasmy-dwustronnie-klejace\/tesa-58002-powerstrips\/"]}]},{"@type":"ImageObject","inLanguage":"pl-PL","@id":"https:\/\/cardinal-tapes.com\/pl\/ta\u015bmy-samoprzylepne\/tasmy-dwustronnie-klejace\/tesa-58002-powerstrips\/#primaryimage","url":"https:\/\/cardinal-tapes.com\/wp-content\/uploads\/tesa-58000.jpg","contentUrl":"https:\/\/cardinal-tapes.com\/wp-content\/uploads\/tesa-58000.jpg","width":700,"height":700},{"@type":"BreadcrumbList","@id":"https:\/\/cardinal-tapes.com\/pl\/ta\u015bmy-samoprzylepne\/tasmy-dwustronnie-klejace\/tesa-58002-powerstrips\/#breadcrumb","itemListElement":[{"@type":"ListItem","position":1,"name":"Startseite","item":"https:\/\/cardinal-tapes.com\/pl\/strona-glowna\/"},{"@type":"ListItem","position":2,"name":"Ta\u015bmy samoprzylepne","item":"https:\/\/cardinal-tapes.com\/pl\/tasmy-samoprzylepne-pl\/"},{"@type":"ListItem","position":3,"name":"Ta\u015bmy dwustronnie klej\u0105ce","item":"https:\/\/cardinal-tapes.com\/pl\/kategoria\/tasmy-dwustronnie-klejace\/"},{"@type":"ListItem","position":4,"name":"tesa Powerstrips\u00ae 58002"}]},{"@type":"WebSite","@id":"https:\/\/cardinal-tapes.com\/#website","url":"https:\/\/cardinal-tapes.com\/","name":"cardinal TAPES","description":"Klebetechnik aus Wuppertal","potentialAction":[{"@type":"SearchAction","target":{"@type":"EntryPoint","urlTemplate":"https:\/\/cardinal-tapes.com\/?s={search_term_string}"},"query-input":{"@type":"PropertyValueSpecification","valueRequired":true,"valueName":"search_term_string"}}],"inLanguage":"pl-PL"}]}},"brands":[{"id":2164,"name":"tesa","slug":"tesa-pl"}],"_links":{"self":[{"href":"https:\/\/cardinal-tapes.com\/pl\/wp-json\/wp\/v2\/product\/59529","targetHints":{"allow":["GET"]}}],"collection":[{"href":"https:\/\/cardinal-tapes.com\/pl\/wp-json\/wp\/v2\/product"}],"about":[{"href":"https:\/\/cardinal-tapes.com\/pl\/wp-json\/wp\/v2\/types\/product"}],"wp:featuredmedia":[{"embeddable":true,"href":"https:\/\/cardinal-tapes.com\/pl\/wp-json\/wp\/v2\/media\/28418"}],"wp:attachment":[{"href":"https:\/\/cardinal-tapes.com\/pl\/wp-json\/wp\/v2\/media?parent=59529"}],"wp:term":[{"taxonomy":"pwb-brand","embeddable":true,"href":"https:\/\/cardinal-tapes.com\/pl\/wp-json\/wp\/v2\/pwb-brand?post=59529"},{"taxonomy":"product_brand","embeddable":true,"href":"https:\/\/cardinal-tapes.com\/pl\/wp-json\/wp\/v2\/product_brand?post=59529"},{"taxonomy":"product_cat","embeddable":true,"href":"https:\/\/cardinal-tapes.com\/pl\/wp-json\/wp\/v2\/product_cat?post=59529"},{"taxonomy":"product_tag","embeddable":true,"href":"https:\/\/cardinal-tapes.com\/pl\/wp-json\/wp\/v2\/product_tag?post=59529"}],"curies":[{"name":"wp","href":"https:\/\/api.w.org\/{rel}","templated":true}]}}