{"id":59000,"date":"2018-02-20T08:11:14","date_gmt":"2018-02-20T07:11:14","guid":{"rendered":"https:\/\/cardinal.pixel-tal.de\/klebebaender\/bez-kategorii\/dwustronna-tasma-klejaca-tesa-fix-4965\/"},"modified":"2025-07-03T15:34:52","modified_gmt":"2025-07-03T13:34:52","slug":"tasma-dwustronnie-klejaca-tesa-4965","status":"publish","type":"product","link":"https:\/\/cardinal-tapes.com\/pl\/ta\u015bmy-samoprzylepne\/obszary-zastosowan\/produkcja-obrobka-aluminium\/tasma-dwustronnie-klejaca-tesa-4965\/","title":{"rendered":"Dwustronna ta\u015bma klej\u0105ca tesafix\u00ae 4965 Next Gen"},"content":{"rendered":"<p><span class=\"lowercase hyphens-manual\">tesa\u00ae<\/span>4965 Original Next Gen to przezroczysta, dwustronna przemys\u0142owa ta\u015bma samoprzylepna z klejem na bazie biomasy i no\u015bnikiem PET o zawarto\u015bci 90% PCR, kt\u00f3ra zmniejsza emisj\u0119 CO\u2082 o 40% w por\u00f3wnaniu z <span class=\"lowercase hyphens-manual\">tesa\u00ae<\/span>4965 Original. Technologia klejenia firmy opiera si\u0119 na opatentowanej, zastrze\u017conej formule produktu. <span class=\"lowercase hyphens-manual\">tesa\u00ae<\/span>4965 Original Next Gen jest u\u017cywana we wszystkich bran\u017cach w celu usprawnienia proces\u00f3w i zastosowa\u0144. Oparta na opatentowanej i zastrze\u017conej technologii <span class=\"lowercase hyphens-manual\">tesa\u00ae<\/span>4965 sprawdza si\u0119 wyj\u0105tkowo dobrze dzi\u0119ki swoim wyj\u0105tkowym w\u0142a\u015bciwo\u015bciom, takim jak wszechstronno\u015b\u0107, trwa\u0142o\u015b\u0107 i bezpiecze\u0144stwo. Dwustronna przemys\u0142owa ta\u015bma samoprzylepna jest odporna na wiele czynnik\u00f3w \u015brodowiskowych, takich jak wilgo\u0107, promieniowanie UV i temperatury do 200 \u00b0C przez ograniczony czas. Modyfikowany klej akrylowy o zr\u00f3wnowa\u017conej zawarto\u015bci biomasy zapewnia doskona\u0142\u0105 przyczepno\u015b\u0107 do r\u00f3\u017cnych powierzchni, wysok\u0105 si\u0142\u0119 klejenia i dobr\u0105 odporno\u015b\u0107 na \u015bcinanie.    <\/p>\n<p><strong>Cechy produktu<\/strong><br \/>\n&#8211; Odpowiedni do krytycznych wymaga\u0144, takich jak intensywne u\u017cytkowanie i wysokie temperatury<br \/>\n&#8211; Certyfikat kontaktu ze sk\u00f3r\u0105 zgodnie z ISO 10993-5 i ISO 10993-10<br \/>\n&#8211; Zgodny z norm\u0105 UL 969 Plik UL: MH 18055<br \/>\n&#8211; Niezawodna przyczepno\u015b\u0107, nawet na powierzchniach o niskiej energii powierzchniowej<br \/>\n&#8211; Mo\u017ce by\u0107 stosowany natychmiast po instalacji<br \/>\n&#8211; Testowany zgodnie z norm\u0105 DIN EN 45545-2, spe\u0142nia 2R1+HL3<br \/>\n&#8211; Niska zawarto\u015b\u0107 LZO &#8211; mierzona zgodnie z analiz\u0105 VDA 278 <\/p>\n<p><strong>Zastosowanie<\/strong><br \/>\n&#8211; tesa\u00ae 4965 Original Next Gen jest stosowana we wszystkich bran\u017cach<br \/>\n&#8211; Mocowanie \u015bwiate\u0142 LED na pod\u0142odze lub znak\u00f3w na drzwiach w samolotach komercyjnych<br \/>\n&#8211; Mocowanie dekoracyjnych materia\u0142\u00f3w POS i wy\u015bwietlaczy<\/p>\n","protected":false},"excerpt":{"rendered":"<p>tesa\u00ae4965 Original Next Gen to przezroczysta, dwustronna przemys\u0142owa ta\u015bma samoprzylepna z klejem na bazie biomasy i no\u015bnikiem PET o zawarto\u015bci 90% PCR, kt\u00f3ra zmniejsza emisj\u0119 CO\u2082 o 40% w por\u00f3wnaniu z tesa\u00ae4965 Original. Technologia klejenia firmy opiera si\u0119 na opatentowanej, zastrze\u017conej formule produktu. tesa\u00ae4965 Original Next Gen jest u\u017cywana we wszystkich bran\u017cach w celu usprawnienia [&hellip;]<\/p>\n","protected":false},"featured_media":76427,"template":"","meta":{"_acf_changed":false},"pwb-brand":[2164],"product_brand":[],"product_cat":[1790,1814,1685,1687,1693,1714,1718,1721,1723,7723],"product_tag":[],"class_list":{"0":"post-59000","1":"product","2":"type-product","3":"status-publish","4":"has-post-thumbnail","6":"pwb-brand-tesa-pl","7":"product_cat-przemysl-tekstylny","8":"product_cat-tasmy-dwustronnie-klejace","9":"product_cat-produkcja-obrobka-aluminium","10":"product_cat-przemysl-motoryzacyjny","11":"product_cat-przemysl-elektryczny","12":"product_cat-produkcja-folii","13":"product_cat-przemysl-tworzyw-sztucznych","14":"product_cat-inzynieria-mechaniczna","15":"product_cat-przemysl-meblarski","16":"product_cat-news_tesa","18":"first","19":"instock","20":"taxable","21":"shipping-taxable","22":"purchasable","23":"product-type-variable"},"acf":[],"yoast_head":"<!-- This site is optimized with the Yoast SEO plugin v27.3 - https:\/\/yoast.com\/product\/yoast-seo-wordpress\/ -->\n<title>Dwustronna ta\u015bma klej\u0105ca tesafix\u00ae 4965 | Cardinal TAPES<\/title>\n<meta name=\"description\" content=\"tesa fix\u00ae 4965 to dwustronna, przezroczysta poliestrowa ta\u015bma samoprzylepna z akrylow\u0105 substancj\u0105 klej\u0105c\u0105. Jest ona pokryta czerwon\u0105 foli\u0105. tesa fix\u00ae 4965 charakteryzuje si\u0119 dobr\u0105 przyczepno\u015bci\u0105 do r\u00f3\u017cnych tworzyw sztucznych, takich jak ABS, a nawet EPDM.\" \/>\n<meta name=\"robots\" content=\"index, follow, max-snippet:-1, max-image-preview:large, max-video-preview:-1\" \/>\n<link rel=\"canonical\" href=\"https:\/\/cardinal-tapes.com\/pl\/ta\u015bmy-samoprzylepne\/obszary-zastosowan\/produkcja-obrobka-aluminium\/tasma-dwustronnie-klejaca-tesa-4965\/\" \/>\n<meta property=\"og:locale\" content=\"pl_PL\" \/>\n<meta property=\"og:type\" content=\"article\" \/>\n<meta property=\"og:title\" content=\"Dwustronna ta\u015bma klej\u0105ca tesafix\u00ae 4965 | Cardinal TAPES\" \/>\n<meta property=\"og:description\" content=\"tesa fix\u00ae 4965 to dwustronna, przezroczysta poliestrowa ta\u015bma samoprzylepna z akrylow\u0105 substancj\u0105 klej\u0105c\u0105. Jest ona pokryta czerwon\u0105 foli\u0105. tesa fix\u00ae 4965 charakteryzuje si\u0119 dobr\u0105 przyczepno\u015bci\u0105 do r\u00f3\u017cnych tworzyw sztucznych, takich jak ABS, a nawet EPDM.\" \/>\n<meta property=\"og:url\" content=\"https:\/\/cardinal-tapes.com\/pl\/ta\u015bmy-samoprzylepne\/obszary-zastosowan\/produkcja-obrobka-aluminium\/tasma-dwustronnie-klejaca-tesa-4965\/\" \/>\n<meta property=\"og:site_name\" content=\"cardinal TAPES\" \/>\n<meta property=\"article:modified_time\" content=\"2025-07-03T13:34:52+00:00\" \/>\n<meta property=\"og:image\" content=\"https:\/\/cardinal-tapes.com\/wp-content\/uploads\/medium-11168653.jpg\" \/>\n\t<meta property=\"og:image:width\" content=\"2560\" \/>\n\t<meta property=\"og:image:height\" content=\"2560\" \/>\n\t<meta property=\"og:image:type\" content=\"image\/jpeg\" \/>\n<meta name=\"twitter:card\" content=\"summary_large_image\" \/>\n<meta name=\"twitter:label1\" content=\"Szacowany czas czytania\" \/>\n\t<meta name=\"twitter:data1\" content=\"1 minuta\" \/>\n<script type=\"application\/ld+json\" class=\"yoast-schema-graph\">{\"@context\":\"https:\\\/\\\/schema.org\",\"@graph\":[{\"@type\":\"WebPage\",\"@id\":\"https:\\\/\\\/cardinal-tapes.com\\\/pl\\\/ta\u015bmy-samoprzylepne\\\/obszary-zastosowan\\\/produkcja-obrobka-aluminium\\\/tasma-dwustronnie-klejaca-tesa-4965\\\/\",\"url\":\"https:\\\/\\\/cardinal-tapes.com\\\/pl\\\/ta\u015bmy-samoprzylepne\\\/obszary-zastosowan\\\/produkcja-obrobka-aluminium\\\/tasma-dwustronnie-klejaca-tesa-4965\\\/\",\"name\":\"Dwustronna ta\u015bma klej\u0105ca tesafix\u00ae 4965 | Cardinal TAPES\",\"isPartOf\":{\"@id\":\"https:\\\/\\\/cardinal-tapes.com\\\/#website\"},\"primaryImageOfPage\":{\"@id\":\"https:\\\/\\\/cardinal-tapes.com\\\/pl\\\/ta\u015bmy-samoprzylepne\\\/obszary-zastosowan\\\/produkcja-obrobka-aluminium\\\/tasma-dwustronnie-klejaca-tesa-4965\\\/#primaryimage\"},\"image\":{\"@id\":\"https:\\\/\\\/cardinal-tapes.com\\\/pl\\\/ta\u015bmy-samoprzylepne\\\/obszary-zastosowan\\\/produkcja-obrobka-aluminium\\\/tasma-dwustronnie-klejaca-tesa-4965\\\/#primaryimage\"},\"thumbnailUrl\":\"https:\\\/\\\/cardinal-tapes.com\\\/wp-content\\\/uploads\\\/medium-11168653.jpg\",\"datePublished\":\"2018-02-20T07:11:14+00:00\",\"dateModified\":\"2025-07-03T13:34:52+00:00\",\"description\":\"tesa fix\u00ae 4965 to dwustronna, przezroczysta poliestrowa ta\u015bma samoprzylepna z akrylow\u0105 substancj\u0105 klej\u0105c\u0105. Jest ona pokryta czerwon\u0105 foli\u0105. tesa fix\u00ae 4965 charakteryzuje si\u0119 dobr\u0105 przyczepno\u015bci\u0105 do r\u00f3\u017cnych tworzyw sztucznych, takich jak ABS, a nawet EPDM.\",\"breadcrumb\":{\"@id\":\"https:\\\/\\\/cardinal-tapes.com\\\/pl\\\/ta\u015bmy-samoprzylepne\\\/obszary-zastosowan\\\/produkcja-obrobka-aluminium\\\/tasma-dwustronnie-klejaca-tesa-4965\\\/#breadcrumb\"},\"inLanguage\":\"pl-PL\",\"potentialAction\":[{\"@type\":\"ReadAction\",\"target\":[\"https:\\\/\\\/cardinal-tapes.com\\\/pl\\\/ta\u015bmy-samoprzylepne\\\/obszary-zastosowan\\\/produkcja-obrobka-aluminium\\\/tasma-dwustronnie-klejaca-tesa-4965\\\/\"]}]},{\"@type\":\"ImageObject\",\"inLanguage\":\"pl-PL\",\"@id\":\"https:\\\/\\\/cardinal-tapes.com\\\/pl\\\/ta\u015bmy-samoprzylepne\\\/obszary-zastosowan\\\/produkcja-obrobka-aluminium\\\/tasma-dwustronnie-klejaca-tesa-4965\\\/#primaryimage\",\"url\":\"https:\\\/\\\/cardinal-tapes.com\\\/wp-content\\\/uploads\\\/medium-11168653.jpg\",\"contentUrl\":\"https:\\\/\\\/cardinal-tapes.com\\\/wp-content\\\/uploads\\\/medium-11168653.jpg\",\"width\":2560,\"height\":2560},{\"@type\":\"BreadcrumbList\",\"@id\":\"https:\\\/\\\/cardinal-tapes.com\\\/pl\\\/ta\u015bmy-samoprzylepne\\\/obszary-zastosowan\\\/produkcja-obrobka-aluminium\\\/tasma-dwustronnie-klejaca-tesa-4965\\\/#breadcrumb\",\"itemListElement\":[{\"@type\":\"ListItem\",\"position\":1,\"name\":\"Startseite\",\"item\":\"https:\\\/\\\/cardinal-tapes.com\\\/pl\\\/strona-glowna\\\/\"},{\"@type\":\"ListItem\",\"position\":2,\"name\":\"Ta\u015bmy samoprzylepne\",\"item\":\"https:\\\/\\\/cardinal-tapes.com\\\/pl\\\/tasmy-samoprzylepne-pl\\\/\"},{\"@type\":\"ListItem\",\"position\":3,\"name\":\"Obszary zastosowa\u0144\",\"item\":\"https:\\\/\\\/cardinal-tapes.com\\\/pl\\\/kategoria\\\/obszary-zastosowan\\\/\"},{\"@type\":\"ListItem\",\"position\":4,\"name\":\"Produkcja \\\/ obr\u00f3bka aluminium\",\"item\":\"https:\\\/\\\/cardinal-tapes.com\\\/pl\\\/kategoria\\\/produkcja-obrobka-aluminium\\\/\"},{\"@type\":\"ListItem\",\"position\":5,\"name\":\"Dwustronna ta\u015bma klej\u0105ca tesafix\u00ae 4965 Next Gen\"}]},{\"@type\":\"WebSite\",\"@id\":\"https:\\\/\\\/cardinal-tapes.com\\\/#website\",\"url\":\"https:\\\/\\\/cardinal-tapes.com\\\/\",\"name\":\"cardinal TAPES\",\"description\":\"Klebetechnik aus Wuppertal\",\"potentialAction\":[{\"@type\":\"SearchAction\",\"target\":{\"@type\":\"EntryPoint\",\"urlTemplate\":\"https:\\\/\\\/cardinal-tapes.com\\\/?s={search_term_string}\"},\"query-input\":{\"@type\":\"PropertyValueSpecification\",\"valueRequired\":true,\"valueName\":\"search_term_string\"}}],\"inLanguage\":\"pl-PL\"}]}<\/script>\n<!-- \/ Yoast SEO plugin. -->","yoast_head_json":{"title":"Dwustronna ta\u015bma klej\u0105ca tesafix\u00ae 4965 | Cardinal TAPES","description":"tesa fix\u00ae 4965 to dwustronna, przezroczysta poliestrowa ta\u015bma samoprzylepna z akrylow\u0105 substancj\u0105 klej\u0105c\u0105. Jest ona pokryta czerwon\u0105 foli\u0105. tesa fix\u00ae 4965 charakteryzuje si\u0119 dobr\u0105 przyczepno\u015bci\u0105 do r\u00f3\u017cnych tworzyw sztucznych, takich jak ABS, a nawet EPDM.","robots":{"index":"index","follow":"follow","max-snippet":"max-snippet:-1","max-image-preview":"max-image-preview:large","max-video-preview":"max-video-preview:-1"},"canonical":"https:\/\/cardinal-tapes.com\/pl\/ta\u015bmy-samoprzylepne\/obszary-zastosowan\/produkcja-obrobka-aluminium\/tasma-dwustronnie-klejaca-tesa-4965\/","og_locale":"pl_PL","og_type":"article","og_title":"Dwustronna ta\u015bma klej\u0105ca tesafix\u00ae 4965 | Cardinal TAPES","og_description":"tesa fix\u00ae 4965 to dwustronna, przezroczysta poliestrowa ta\u015bma samoprzylepna z akrylow\u0105 substancj\u0105 klej\u0105c\u0105. Jest ona pokryta czerwon\u0105 foli\u0105. tesa fix\u00ae 4965 charakteryzuje si\u0119 dobr\u0105 przyczepno\u015bci\u0105 do r\u00f3\u017cnych tworzyw sztucznych, takich jak ABS, a nawet EPDM.","og_url":"https:\/\/cardinal-tapes.com\/pl\/ta\u015bmy-samoprzylepne\/obszary-zastosowan\/produkcja-obrobka-aluminium\/tasma-dwustronnie-klejaca-tesa-4965\/","og_site_name":"cardinal TAPES","article_modified_time":"2025-07-03T13:34:52+00:00","og_image":[{"width":2560,"height":2560,"url":"https:\/\/cardinal-tapes.com\/wp-content\/uploads\/medium-11168653.jpg","type":"image\/jpeg"}],"twitter_card":"summary_large_image","twitter_misc":{"Szacowany czas czytania":"1 minuta"},"schema":{"@context":"https:\/\/schema.org","@graph":[{"@type":"WebPage","@id":"https:\/\/cardinal-tapes.com\/pl\/ta\u015bmy-samoprzylepne\/obszary-zastosowan\/produkcja-obrobka-aluminium\/tasma-dwustronnie-klejaca-tesa-4965\/","url":"https:\/\/cardinal-tapes.com\/pl\/ta\u015bmy-samoprzylepne\/obszary-zastosowan\/produkcja-obrobka-aluminium\/tasma-dwustronnie-klejaca-tesa-4965\/","name":"Dwustronna ta\u015bma klej\u0105ca tesafix\u00ae 4965 | Cardinal TAPES","isPartOf":{"@id":"https:\/\/cardinal-tapes.com\/#website"},"primaryImageOfPage":{"@id":"https:\/\/cardinal-tapes.com\/pl\/ta\u015bmy-samoprzylepne\/obszary-zastosowan\/produkcja-obrobka-aluminium\/tasma-dwustronnie-klejaca-tesa-4965\/#primaryimage"},"image":{"@id":"https:\/\/cardinal-tapes.com\/pl\/ta\u015bmy-samoprzylepne\/obszary-zastosowan\/produkcja-obrobka-aluminium\/tasma-dwustronnie-klejaca-tesa-4965\/#primaryimage"},"thumbnailUrl":"https:\/\/cardinal-tapes.com\/wp-content\/uploads\/medium-11168653.jpg","datePublished":"2018-02-20T07:11:14+00:00","dateModified":"2025-07-03T13:34:52+00:00","description":"tesa fix\u00ae 4965 to dwustronna, przezroczysta poliestrowa ta\u015bma samoprzylepna z akrylow\u0105 substancj\u0105 klej\u0105c\u0105. Jest ona pokryta czerwon\u0105 foli\u0105. tesa fix\u00ae 4965 charakteryzuje si\u0119 dobr\u0105 przyczepno\u015bci\u0105 do r\u00f3\u017cnych tworzyw sztucznych, takich jak ABS, a nawet EPDM.","breadcrumb":{"@id":"https:\/\/cardinal-tapes.com\/pl\/ta\u015bmy-samoprzylepne\/obszary-zastosowan\/produkcja-obrobka-aluminium\/tasma-dwustronnie-klejaca-tesa-4965\/#breadcrumb"},"inLanguage":"pl-PL","potentialAction":[{"@type":"ReadAction","target":["https:\/\/cardinal-tapes.com\/pl\/ta\u015bmy-samoprzylepne\/obszary-zastosowan\/produkcja-obrobka-aluminium\/tasma-dwustronnie-klejaca-tesa-4965\/"]}]},{"@type":"ImageObject","inLanguage":"pl-PL","@id":"https:\/\/cardinal-tapes.com\/pl\/ta\u015bmy-samoprzylepne\/obszary-zastosowan\/produkcja-obrobka-aluminium\/tasma-dwustronnie-klejaca-tesa-4965\/#primaryimage","url":"https:\/\/cardinal-tapes.com\/wp-content\/uploads\/medium-11168653.jpg","contentUrl":"https:\/\/cardinal-tapes.com\/wp-content\/uploads\/medium-11168653.jpg","width":2560,"height":2560},{"@type":"BreadcrumbList","@id":"https:\/\/cardinal-tapes.com\/pl\/ta\u015bmy-samoprzylepne\/obszary-zastosowan\/produkcja-obrobka-aluminium\/tasma-dwustronnie-klejaca-tesa-4965\/#breadcrumb","itemListElement":[{"@type":"ListItem","position":1,"name":"Startseite","item":"https:\/\/cardinal-tapes.com\/pl\/strona-glowna\/"},{"@type":"ListItem","position":2,"name":"Ta\u015bmy samoprzylepne","item":"https:\/\/cardinal-tapes.com\/pl\/tasmy-samoprzylepne-pl\/"},{"@type":"ListItem","position":3,"name":"Obszary zastosowa\u0144","item":"https:\/\/cardinal-tapes.com\/pl\/kategoria\/obszary-zastosowan\/"},{"@type":"ListItem","position":4,"name":"Produkcja \/ obr\u00f3bka aluminium","item":"https:\/\/cardinal-tapes.com\/pl\/kategoria\/produkcja-obrobka-aluminium\/"},{"@type":"ListItem","position":5,"name":"Dwustronna ta\u015bma klej\u0105ca tesafix\u00ae 4965 Next Gen"}]},{"@type":"WebSite","@id":"https:\/\/cardinal-tapes.com\/#website","url":"https:\/\/cardinal-tapes.com\/","name":"cardinal TAPES","description":"Klebetechnik aus Wuppertal","potentialAction":[{"@type":"SearchAction","target":{"@type":"EntryPoint","urlTemplate":"https:\/\/cardinal-tapes.com\/?s={search_term_string}"},"query-input":{"@type":"PropertyValueSpecification","valueRequired":true,"valueName":"search_term_string"}}],"inLanguage":"pl-PL"}]}},"brands":[{"id":2164,"name":"tesa","slug":"tesa-pl"}],"_links":{"self":[{"href":"https:\/\/cardinal-tapes.com\/pl\/wp-json\/wp\/v2\/product\/59000","targetHints":{"allow":["GET"]}}],"collection":[{"href":"https:\/\/cardinal-tapes.com\/pl\/wp-json\/wp\/v2\/product"}],"about":[{"href":"https:\/\/cardinal-tapes.com\/pl\/wp-json\/wp\/v2\/types\/product"}],"wp:featuredmedia":[{"embeddable":true,"href":"https:\/\/cardinal-tapes.com\/pl\/wp-json\/wp\/v2\/media\/76427"}],"wp:attachment":[{"href":"https:\/\/cardinal-tapes.com\/pl\/wp-json\/wp\/v2\/media?parent=59000"}],"wp:term":[{"taxonomy":"pwb-brand","embeddable":true,"href":"https:\/\/cardinal-tapes.com\/pl\/wp-json\/wp\/v2\/pwb-brand?post=59000"},{"taxonomy":"product_brand","embeddable":true,"href":"https:\/\/cardinal-tapes.com\/pl\/wp-json\/wp\/v2\/product_brand?post=59000"},{"taxonomy":"product_cat","embeddable":true,"href":"https:\/\/cardinal-tapes.com\/pl\/wp-json\/wp\/v2\/product_cat?post=59000"},{"taxonomy":"product_tag","embeddable":true,"href":"https:\/\/cardinal-tapes.com\/pl\/wp-json\/wp\/v2\/product_tag?post=59000"}],"curies":[{"name":"wp","href":"https:\/\/api.w.org\/{rel}","templated":true}]}}