{"id":58955,"date":"2018-02-19T15:36:15","date_gmt":"2023-06-05T15:27:43","guid":{"rendered":"https:\/\/cardinal.pixel-tal.de\/klebebaender\/bez-kategorii\/tesa-4334-precision-crepe\/"},"modified":"2025-07-03T15:28:27","modified_gmt":"2025-07-03T13:28:27","slug":"tesa-4334-precision-crepe","status":"publish","type":"product","link":"https:\/\/cardinal-tapes.com\/pl\/ta\u015bmy-samoprzylepne\/obszary-zastosowan\/przemysl-budowlany\/tesa-4334-precision-crepe\/","title":{"rendered":"tesa\u00ae 4334 Precision Crepe\u00ae"},"content":{"rendered":"<p><span class=\"lowercase\">Ta\u015bma tesa<\/span> Precision <sup>Crepe\u00ae<\/sup> 4334 jest idealna do prac maskuj\u0105cych w wysokiej jako\u015bci technikach malowania, lakierowania i szpachlowania. Dzi\u0119ki po\u0142\u0105czeniu specjalnego podk\u0142adu Washi i odpornego na starzenie kleju, produkt ten mo\u017ce by\u0107 u\u017cywany do 6 miesi\u0119cy w pomieszczeniach i 8 tygodni na zewn\u0105trz oraz mo\u017cna go \u0142atwo i szybko usun\u0105\u0107.<\/p>\n<p><strong>Cechy<\/strong><br \/>\n&#8211; Szczeg\u00f3lnie \u0142atwa do na\u0142o\u017cenia i usuni\u0119cia<br \/>\n&#8211; Usuwalna bez pozosta\u0142o\u015bci przez 6 miesi\u0119cy wewn\u0105trz i 8 tygodni na zewn\u0105trz<br \/>\n&#8211; G\u0142adki specjalny papier o sta\u0142ej sile klejenia zapewniaj\u0105cy doskona\u0142e rezultaty<\/p>\n<p><strong>Zastosowania<\/strong><br \/>\n&#8211; Maskowanie i ochrona podczas prac malarskich<\/p>\n<p>&nbsp;<\/p>\n","protected":false},"excerpt":{"rendered":"<p>Ta\u015bma tesa Precision Crepe\u00ae 4334 jest idealna do prac maskuj\u0105cych w wysokiej jako\u015bci technikach malowania, lakierowania i szpachlowania. Dzi\u0119ki po\u0142\u0105czeniu specjalnego podk\u0142adu Washi i odpornego na starzenie kleju, produkt ten mo\u017ce by\u0107 u\u017cywany do 6 miesi\u0119cy w pomieszczeniach i 8 tygodni na zewn\u0105trz oraz mo\u017cna go \u0142atwo i szybko usun\u0105\u0107. Cechy &#8211; Szczeg\u00f3lnie \u0142atwa do [&hellip;]<\/p>\n","protected":false},"featured_media":25994,"template":"","meta":{"_acf_changed":false},"pwb-brand":[2164],"product_brand":[],"product_cat":[1689,1786,1816],"product_tag":[],"class_list":{"0":"post-58955","1":"product","2":"type-product","3":"status-publish","4":"has-post-thumbnail","6":"pwb-brand-tesa-pl","7":"product_cat-przemysl-budowlany","8":"product_cat-tasma-papierowa","9":"product_cat-jednostronne-tasmy-samoprzylepne","11":"first","12":"outofstock","13":"taxable","14":"shipping-taxable","15":"purchasable","16":"product-type-variable"},"acf":[],"yoast_head":"<!-- This site is optimized with the Yoast SEO plugin v27.3 - https:\/\/yoast.com\/product\/yoast-seo-wordpress\/ -->\n<title>Tesa 4334 precyzyjna krepa w dobrej cenie | Cardinal TAPES<\/title>\n<meta name=\"description\" content=\"Ta\u015bma Tesa 4334 Precision Crepe sk\u0142ada si\u0119 z niezwykle cienkiego i odpornego na rozdarcia podk\u0142adu papierowego, wyposa\u017conego w akrylow\u0105 substancj\u0119 klej\u0105c\u0105. Dowiedz si\u0119 wi\u0119cej.\" \/>\n<meta name=\"robots\" content=\"index, follow, max-snippet:-1, max-image-preview:large, max-video-preview:-1\" \/>\n<link rel=\"canonical\" href=\"https:\/\/cardinal-tapes.com\/pl\/ta\u015bmy-samoprzylepne\/obszary-zastosowan\/przemysl-budowlany\/tesa-4334-precision-crepe\/\" \/>\n<meta property=\"og:locale\" content=\"pl_PL\" \/>\n<meta property=\"og:type\" content=\"article\" \/>\n<meta property=\"og:title\" content=\"Tesa 4334 precyzyjna krepa w dobrej cenie | Cardinal TAPES\" \/>\n<meta property=\"og:description\" content=\"Ta\u015bma Tesa 4334 Precision Crepe sk\u0142ada si\u0119 z niezwykle cienkiego i odpornego na rozdarcia podk\u0142adu papierowego, wyposa\u017conego w akrylow\u0105 substancj\u0119 klej\u0105c\u0105. Dowiedz si\u0119 wi\u0119cej.\" \/>\n<meta property=\"og:url\" content=\"https:\/\/cardinal-tapes.com\/pl\/ta\u015bmy-samoprzylepne\/obszary-zastosowan\/przemysl-budowlany\/tesa-4334-precision-crepe\/\" \/>\n<meta property=\"og:site_name\" content=\"cardinal TAPES\" \/>\n<meta property=\"article:modified_time\" content=\"2025-07-03T13:28:27+00:00\" \/>\n<meta property=\"og:image\" content=\"https:\/\/cardinal-tapes.com\/wp-content\/uploads\/tesa-professional-precision-mask-50mx25mm-yellow-li401583012_canvas1x1_6.jpg\" \/>\n\t<meta property=\"og:image:width\" content=\"640\" \/>\n\t<meta property=\"og:image:height\" content=\"366\" \/>\n\t<meta property=\"og:image:type\" content=\"image\/jpeg\" \/>\n<meta name=\"twitter:card\" content=\"summary_large_image\" \/>\n<meta name=\"twitter:label1\" content=\"Szacowany czas czytania\" \/>\n\t<meta name=\"twitter:data1\" content=\"1 minuta\" \/>\n<script type=\"application\/ld+json\" class=\"yoast-schema-graph\">{\"@context\":\"https:\\\/\\\/schema.org\",\"@graph\":[{\"@type\":\"WebPage\",\"@id\":\"https:\\\/\\\/cardinal-tapes.com\\\/pl\\\/ta\u015bmy-samoprzylepne\\\/obszary-zastosowan\\\/przemysl-budowlany\\\/tesa-4334-precision-crepe\\\/\",\"url\":\"https:\\\/\\\/cardinal-tapes.com\\\/pl\\\/ta\u015bmy-samoprzylepne\\\/obszary-zastosowan\\\/przemysl-budowlany\\\/tesa-4334-precision-crepe\\\/\",\"name\":\"Tesa 4334 precyzyjna krepa w dobrej cenie | Cardinal TAPES\",\"isPartOf\":{\"@id\":\"https:\\\/\\\/cardinal-tapes.com\\\/#website\"},\"primaryImageOfPage\":{\"@id\":\"https:\\\/\\\/cardinal-tapes.com\\\/pl\\\/ta\u015bmy-samoprzylepne\\\/obszary-zastosowan\\\/przemysl-budowlany\\\/tesa-4334-precision-crepe\\\/#primaryimage\"},\"image\":{\"@id\":\"https:\\\/\\\/cardinal-tapes.com\\\/pl\\\/ta\u015bmy-samoprzylepne\\\/obszary-zastosowan\\\/przemysl-budowlany\\\/tesa-4334-precision-crepe\\\/#primaryimage\"},\"thumbnailUrl\":\"https:\\\/\\\/cardinal-tapes.com\\\/wp-content\\\/uploads\\\/tesa-professional-precision-mask-50mx25mm-yellow-li401583012_canvas1x1_6.jpg\",\"datePublished\":\"2023-06-05T15:27:43+00:00\",\"dateModified\":\"2025-07-03T13:28:27+00:00\",\"description\":\"Ta\u015bma Tesa 4334 Precision Crepe sk\u0142ada si\u0119 z niezwykle cienkiego i odpornego na rozdarcia podk\u0142adu papierowego, wyposa\u017conego w akrylow\u0105 substancj\u0119 klej\u0105c\u0105. Dowiedz si\u0119 wi\u0119cej.\",\"breadcrumb\":{\"@id\":\"https:\\\/\\\/cardinal-tapes.com\\\/pl\\\/ta\u015bmy-samoprzylepne\\\/obszary-zastosowan\\\/przemysl-budowlany\\\/tesa-4334-precision-crepe\\\/#breadcrumb\"},\"inLanguage\":\"pl-PL\",\"potentialAction\":[{\"@type\":\"ReadAction\",\"target\":[\"https:\\\/\\\/cardinal-tapes.com\\\/pl\\\/ta\u015bmy-samoprzylepne\\\/obszary-zastosowan\\\/przemysl-budowlany\\\/tesa-4334-precision-crepe\\\/\"]}]},{\"@type\":\"ImageObject\",\"inLanguage\":\"pl-PL\",\"@id\":\"https:\\\/\\\/cardinal-tapes.com\\\/pl\\\/ta\u015bmy-samoprzylepne\\\/obszary-zastosowan\\\/przemysl-budowlany\\\/tesa-4334-precision-crepe\\\/#primaryimage\",\"url\":\"https:\\\/\\\/cardinal-tapes.com\\\/wp-content\\\/uploads\\\/tesa-professional-precision-mask-50mx25mm-yellow-li401583012_canvas1x1_6.jpg\",\"contentUrl\":\"https:\\\/\\\/cardinal-tapes.com\\\/wp-content\\\/uploads\\\/tesa-professional-precision-mask-50mx25mm-yellow-li401583012_canvas1x1_6.jpg\",\"width\":640,\"height\":366,\"caption\":\"tesa Professional Precision Mask\"},{\"@type\":\"BreadcrumbList\",\"@id\":\"https:\\\/\\\/cardinal-tapes.com\\\/pl\\\/ta\u015bmy-samoprzylepne\\\/obszary-zastosowan\\\/przemysl-budowlany\\\/tesa-4334-precision-crepe\\\/#breadcrumb\",\"itemListElement\":[{\"@type\":\"ListItem\",\"position\":1,\"name\":\"Startseite\",\"item\":\"https:\\\/\\\/cardinal-tapes.com\\\/pl\\\/strona-glowna\\\/\"},{\"@type\":\"ListItem\",\"position\":2,\"name\":\"Ta\u015bmy samoprzylepne\",\"item\":\"https:\\\/\\\/cardinal-tapes.com\\\/pl\\\/tasmy-samoprzylepne-pl\\\/\"},{\"@type\":\"ListItem\",\"position\":3,\"name\":\"Obszary zastosowa\u0144\",\"item\":\"https:\\\/\\\/cardinal-tapes.com\\\/pl\\\/kategoria\\\/obszary-zastosowan\\\/\"},{\"@type\":\"ListItem\",\"position\":4,\"name\":\"Przemys\u0142 budowlany\",\"item\":\"https:\\\/\\\/cardinal-tapes.com\\\/pl\\\/kategoria\\\/przemysl-budowlany\\\/\"},{\"@type\":\"ListItem\",\"position\":5,\"name\":\"tesa\u00ae 4334 Precision Crepe\u00ae\"}]},{\"@type\":\"WebSite\",\"@id\":\"https:\\\/\\\/cardinal-tapes.com\\\/#website\",\"url\":\"https:\\\/\\\/cardinal-tapes.com\\\/\",\"name\":\"cardinal TAPES\",\"description\":\"Klebetechnik aus Wuppertal\",\"potentialAction\":[{\"@type\":\"SearchAction\",\"target\":{\"@type\":\"EntryPoint\",\"urlTemplate\":\"https:\\\/\\\/cardinal-tapes.com\\\/?s={search_term_string}\"},\"query-input\":{\"@type\":\"PropertyValueSpecification\",\"valueRequired\":true,\"valueName\":\"search_term_string\"}}],\"inLanguage\":\"pl-PL\"}]}<\/script>\n<!-- \/ Yoast SEO plugin. -->","yoast_head_json":{"title":"Tesa 4334 precyzyjna krepa w dobrej cenie | Cardinal TAPES","description":"Ta\u015bma Tesa 4334 Precision Crepe sk\u0142ada si\u0119 z niezwykle cienkiego i odpornego na rozdarcia podk\u0142adu papierowego, wyposa\u017conego w akrylow\u0105 substancj\u0119 klej\u0105c\u0105. Dowiedz si\u0119 wi\u0119cej.","robots":{"index":"index","follow":"follow","max-snippet":"max-snippet:-1","max-image-preview":"max-image-preview:large","max-video-preview":"max-video-preview:-1"},"canonical":"https:\/\/cardinal-tapes.com\/pl\/ta\u015bmy-samoprzylepne\/obszary-zastosowan\/przemysl-budowlany\/tesa-4334-precision-crepe\/","og_locale":"pl_PL","og_type":"article","og_title":"Tesa 4334 precyzyjna krepa w dobrej cenie | Cardinal TAPES","og_description":"Ta\u015bma Tesa 4334 Precision Crepe sk\u0142ada si\u0119 z niezwykle cienkiego i odpornego na rozdarcia podk\u0142adu papierowego, wyposa\u017conego w akrylow\u0105 substancj\u0119 klej\u0105c\u0105. Dowiedz si\u0119 wi\u0119cej.","og_url":"https:\/\/cardinal-tapes.com\/pl\/ta\u015bmy-samoprzylepne\/obszary-zastosowan\/przemysl-budowlany\/tesa-4334-precision-crepe\/","og_site_name":"cardinal TAPES","article_modified_time":"2025-07-03T13:28:27+00:00","og_image":[{"width":640,"height":366,"url":"https:\/\/cardinal-tapes.com\/wp-content\/uploads\/tesa-professional-precision-mask-50mx25mm-yellow-li401583012_canvas1x1_6.jpg","type":"image\/jpeg"}],"twitter_card":"summary_large_image","twitter_misc":{"Szacowany czas czytania":"1 minuta"},"schema":{"@context":"https:\/\/schema.org","@graph":[{"@type":"WebPage","@id":"https:\/\/cardinal-tapes.com\/pl\/ta\u015bmy-samoprzylepne\/obszary-zastosowan\/przemysl-budowlany\/tesa-4334-precision-crepe\/","url":"https:\/\/cardinal-tapes.com\/pl\/ta\u015bmy-samoprzylepne\/obszary-zastosowan\/przemysl-budowlany\/tesa-4334-precision-crepe\/","name":"Tesa 4334 precyzyjna krepa w dobrej cenie | Cardinal TAPES","isPartOf":{"@id":"https:\/\/cardinal-tapes.com\/#website"},"primaryImageOfPage":{"@id":"https:\/\/cardinal-tapes.com\/pl\/ta\u015bmy-samoprzylepne\/obszary-zastosowan\/przemysl-budowlany\/tesa-4334-precision-crepe\/#primaryimage"},"image":{"@id":"https:\/\/cardinal-tapes.com\/pl\/ta\u015bmy-samoprzylepne\/obszary-zastosowan\/przemysl-budowlany\/tesa-4334-precision-crepe\/#primaryimage"},"thumbnailUrl":"https:\/\/cardinal-tapes.com\/wp-content\/uploads\/tesa-professional-precision-mask-50mx25mm-yellow-li401583012_canvas1x1_6.jpg","datePublished":"2023-06-05T15:27:43+00:00","dateModified":"2025-07-03T13:28:27+00:00","description":"Ta\u015bma Tesa 4334 Precision Crepe sk\u0142ada si\u0119 z niezwykle cienkiego i odpornego na rozdarcia podk\u0142adu papierowego, wyposa\u017conego w akrylow\u0105 substancj\u0119 klej\u0105c\u0105. Dowiedz si\u0119 wi\u0119cej.","breadcrumb":{"@id":"https:\/\/cardinal-tapes.com\/pl\/ta\u015bmy-samoprzylepne\/obszary-zastosowan\/przemysl-budowlany\/tesa-4334-precision-crepe\/#breadcrumb"},"inLanguage":"pl-PL","potentialAction":[{"@type":"ReadAction","target":["https:\/\/cardinal-tapes.com\/pl\/ta\u015bmy-samoprzylepne\/obszary-zastosowan\/przemysl-budowlany\/tesa-4334-precision-crepe\/"]}]},{"@type":"ImageObject","inLanguage":"pl-PL","@id":"https:\/\/cardinal-tapes.com\/pl\/ta\u015bmy-samoprzylepne\/obszary-zastosowan\/przemysl-budowlany\/tesa-4334-precision-crepe\/#primaryimage","url":"https:\/\/cardinal-tapes.com\/wp-content\/uploads\/tesa-professional-precision-mask-50mx25mm-yellow-li401583012_canvas1x1_6.jpg","contentUrl":"https:\/\/cardinal-tapes.com\/wp-content\/uploads\/tesa-professional-precision-mask-50mx25mm-yellow-li401583012_canvas1x1_6.jpg","width":640,"height":366,"caption":"tesa Professional Precision Mask"},{"@type":"BreadcrumbList","@id":"https:\/\/cardinal-tapes.com\/pl\/ta\u015bmy-samoprzylepne\/obszary-zastosowan\/przemysl-budowlany\/tesa-4334-precision-crepe\/#breadcrumb","itemListElement":[{"@type":"ListItem","position":1,"name":"Startseite","item":"https:\/\/cardinal-tapes.com\/pl\/strona-glowna\/"},{"@type":"ListItem","position":2,"name":"Ta\u015bmy samoprzylepne","item":"https:\/\/cardinal-tapes.com\/pl\/tasmy-samoprzylepne-pl\/"},{"@type":"ListItem","position":3,"name":"Obszary zastosowa\u0144","item":"https:\/\/cardinal-tapes.com\/pl\/kategoria\/obszary-zastosowan\/"},{"@type":"ListItem","position":4,"name":"Przemys\u0142 budowlany","item":"https:\/\/cardinal-tapes.com\/pl\/kategoria\/przemysl-budowlany\/"},{"@type":"ListItem","position":5,"name":"tesa\u00ae 4334 Precision Crepe\u00ae"}]},{"@type":"WebSite","@id":"https:\/\/cardinal-tapes.com\/#website","url":"https:\/\/cardinal-tapes.com\/","name":"cardinal TAPES","description":"Klebetechnik aus Wuppertal","potentialAction":[{"@type":"SearchAction","target":{"@type":"EntryPoint","urlTemplate":"https:\/\/cardinal-tapes.com\/?s={search_term_string}"},"query-input":{"@type":"PropertyValueSpecification","valueRequired":true,"valueName":"search_term_string"}}],"inLanguage":"pl-PL"}]}},"brands":[{"id":2164,"name":"tesa","slug":"tesa-pl"}],"_links":{"self":[{"href":"https:\/\/cardinal-tapes.com\/pl\/wp-json\/wp\/v2\/product\/58955","targetHints":{"allow":["GET"]}}],"collection":[{"href":"https:\/\/cardinal-tapes.com\/pl\/wp-json\/wp\/v2\/product"}],"about":[{"href":"https:\/\/cardinal-tapes.com\/pl\/wp-json\/wp\/v2\/types\/product"}],"wp:featuredmedia":[{"embeddable":true,"href":"https:\/\/cardinal-tapes.com\/pl\/wp-json\/wp\/v2\/media\/25994"}],"wp:attachment":[{"href":"https:\/\/cardinal-tapes.com\/pl\/wp-json\/wp\/v2\/media?parent=58955"}],"wp:term":[{"taxonomy":"pwb-brand","embeddable":true,"href":"https:\/\/cardinal-tapes.com\/pl\/wp-json\/wp\/v2\/pwb-brand?post=58955"},{"taxonomy":"product_brand","embeddable":true,"href":"https:\/\/cardinal-tapes.com\/pl\/wp-json\/wp\/v2\/product_brand?post=58955"},{"taxonomy":"product_cat","embeddable":true,"href":"https:\/\/cardinal-tapes.com\/pl\/wp-json\/wp\/v2\/product_cat?post=58955"},{"taxonomy":"product_tag","embeddable":true,"href":"https:\/\/cardinal-tapes.com\/pl\/wp-json\/wp\/v2\/product_tag?post=58955"}],"curies":[{"name":"wp","href":"https:\/\/api.w.org\/{rel}","templated":true}]}}