{"id":58952,"date":"2018-02-20T10:29:23","date_gmt":"2023-06-05T15:27:42","guid":{"rendered":"https:\/\/cardinal.pixel-tal.de\/klebebaender\/bez-kategorii\/aluminiowa-tasma-samoprzylepna-tesa-50575\/"},"modified":"2025-07-03T15:44:22","modified_gmt":"2025-07-03T13:44:22","slug":"tesa-50575-aluminiowa-tasma-samoprzylepna","status":"publish","type":"product","link":"https:\/\/cardinal-tapes.com\/pl\/ta\u015bmy-samoprzylepne\/obszary-zastosowan\/aluminiowa-tasma-samoprzylepna\/tesa-50575-aluminiowa-tasma-samoprzylepna\/","title":{"rendered":"Aluminiowa ta\u015bma samoprzylepna tesa\u00ae 50575"},"content":{"rendered":"<p><sup>tesa\u00ae<\/sup> 50575 to bardzo mocna aluminiowa ta\u015bma samoprzylepna sk\u0142adaj\u0105ca si\u0119 z folii aluminiowej o grubo\u015bci 80 \u00b5m i akrylowej substancji klej\u0105cej. Dost\u0119pna bez podk\u0142adu (PV0) i z podk\u0142adem (PV1). <sup>tesa\u00ae<\/sup> 50575 jest certyfikowana przez AREVA zgodnie z wymogami Siemens AG, standard TLV 9027\/01\/06 dla elektrowni j\u0105drowych: ca\u0142kowita zawarto\u015b\u0107 halogenu. <\/p>\n<p><strong>W\u0142a\u015bciwo\u015bci<\/strong><br \/>\n&#8211; Wysoka odporno\u015b\u0107 na rozdarcie.<br \/>\n&#8211; Dobra przyczepno\u015b\u0107<br \/>\n&#8211; Odporno\u015b\u0107 mechaniczna i odporno\u015b\u0107 na wilgo\u0107<br \/>\n&#8211; Odporno\u015b\u0107 na oleje, zasady i kwasy<br \/>\n&#8211; Wysoka przewodno\u015b\u0107 cieplna<br \/>\n&#8211; Odporno\u015b\u0107 na starzenie.<br \/>\n&#8211; Odbijanie ciep\u0142a i \u015bwiat\u0142a<\/p>\n<p><strong>Zastosowania<\/strong><br \/>\n&#8211; Monta\u017c w\u0119\u017cownic ch\u0142odz\u0105cych<br \/>\n&#8211; Izolacja ruroci\u0105g\u00f3w<br \/>\n&#8211; Uniwersalna izolacja termiczna<br \/>\n&#8211; Pokrycie, ochrona, naprawa, uszczelnianie itp.<\/p>\n","protected":false},"excerpt":{"rendered":"<p>tesa\u00ae 50575 to bardzo mocna aluminiowa ta\u015bma samoprzylepna sk\u0142adaj\u0105ca si\u0119 z folii aluminiowej o grubo\u015bci 80 \u00b5m i akrylowej substancji klej\u0105cej. Dost\u0119pna bez podk\u0142adu (PV0) i z podk\u0142adem (PV1). tesa\u00ae 50575 jest certyfikowana przez AREVA zgodnie z wymogami Siemens AG, standard TLV 9027\/01\/06 dla elektrowni j\u0105drowych: ca\u0142kowita zawarto\u015b\u0107 halogenu. W\u0142a\u015bciwo\u015bci &#8211; Wysoka odporno\u015b\u0107 na rozdarcie. [&hellip;]<\/p>\n","protected":false},"featured_media":26026,"template":"","meta":{"_acf_changed":false},"pwb-brand":[2164],"product_brand":[],"product_cat":[1686,1716,1816],"product_tag":[],"class_list":{"0":"post-58952","1":"product","2":"type-product","3":"status-publish","4":"has-post-thumbnail","6":"pwb-brand-tesa-pl","7":"product_cat-aluminiowa-tasma-samoprzylepna","8":"product_cat-ogrzewanie-i-klimatyzacja","9":"product_cat-jednostronne-tasmy-samoprzylepne","11":"first","12":"instock","13":"taxable","14":"shipping-taxable","15":"purchasable","16":"product-type-variable"},"acf":[],"yoast_head":"<!-- This site is optimized with the Yoast SEO plugin v27.3 - https:\/\/yoast.com\/product\/yoast-seo-wordpress\/ -->\n<title>Aluminiowa ta\u015bma samoprzylepna Tesa 50575 | Cardinal TAPES<\/title>\n<meta name=\"description\" content=\"Tesa 50575 to bardzo mocna aluminiowa ta\u015bma samoprzylepna sk\u0142adaj\u0105ca si\u0119 z folii aluminiowej o grubo\u015bci 80 \u00b5m i akrylowej masy klej\u0105cej. Dowiedz si\u0119 wi\u0119cej.\" \/>\n<meta name=\"robots\" content=\"index, follow, max-snippet:-1, max-image-preview:large, max-video-preview:-1\" \/>\n<link rel=\"canonical\" href=\"https:\/\/cardinal-tapes.com\/pl\/ta\u015bmy-samoprzylepne\/obszary-zastosowan\/aluminiowa-tasma-samoprzylepna\/tesa-50575-aluminiowa-tasma-samoprzylepna\/\" \/>\n<meta property=\"og:locale\" content=\"pl_PL\" \/>\n<meta property=\"og:type\" content=\"article\" \/>\n<meta property=\"og:title\" content=\"Aluminiowa ta\u015bma samoprzylepna Tesa 50575 | Cardinal TAPES\" \/>\n<meta property=\"og:description\" content=\"Tesa 50575 to bardzo mocna aluminiowa ta\u015bma samoprzylepna sk\u0142adaj\u0105ca si\u0119 z folii aluminiowej o grubo\u015bci 80 \u00b5m i akrylowej masy klej\u0105cej. Dowiedz si\u0119 wi\u0119cej.\" \/>\n<meta property=\"og:url\" content=\"https:\/\/cardinal-tapes.com\/pl\/ta\u015bmy-samoprzylepne\/obszary-zastosowan\/aluminiowa-tasma-samoprzylepna\/tesa-50575-aluminiowa-tasma-samoprzylepna\/\" \/>\n<meta property=\"og:site_name\" content=\"cardinal TAPES\" \/>\n<meta property=\"article:modified_time\" content=\"2025-07-03T13:44:22+00:00\" \/>\n<meta property=\"og:image\" content=\"https:\/\/cardinal-tapes.com\/wp-content\/uploads\/tesa-50575-pr-002172950_canvas1x1_6.jpg\" \/>\n\t<meta property=\"og:image:width\" content=\"640\" \/>\n\t<meta property=\"og:image:height\" content=\"640\" \/>\n\t<meta property=\"og:image:type\" content=\"image\/jpeg\" \/>\n<meta name=\"twitter:card\" content=\"summary_large_image\" \/>\n<meta name=\"twitter:label1\" content=\"Szacowany czas czytania\" \/>\n\t<meta name=\"twitter:data1\" content=\"1 minuta\" \/>\n<script type=\"application\/ld+json\" class=\"yoast-schema-graph\">{\"@context\":\"https:\\\/\\\/schema.org\",\"@graph\":[{\"@type\":\"WebPage\",\"@id\":\"https:\\\/\\\/cardinal-tapes.com\\\/pl\\\/ta\u015bmy-samoprzylepne\\\/obszary-zastosowan\\\/aluminiowa-tasma-samoprzylepna\\\/tesa-50575-aluminiowa-tasma-samoprzylepna\\\/\",\"url\":\"https:\\\/\\\/cardinal-tapes.com\\\/pl\\\/ta\u015bmy-samoprzylepne\\\/obszary-zastosowan\\\/aluminiowa-tasma-samoprzylepna\\\/tesa-50575-aluminiowa-tasma-samoprzylepna\\\/\",\"name\":\"Aluminiowa ta\u015bma samoprzylepna Tesa 50575 | Cardinal TAPES\",\"isPartOf\":{\"@id\":\"https:\\\/\\\/cardinal-tapes.com\\\/#website\"},\"primaryImageOfPage\":{\"@id\":\"https:\\\/\\\/cardinal-tapes.com\\\/pl\\\/ta\u015bmy-samoprzylepne\\\/obszary-zastosowan\\\/aluminiowa-tasma-samoprzylepna\\\/tesa-50575-aluminiowa-tasma-samoprzylepna\\\/#primaryimage\"},\"image\":{\"@id\":\"https:\\\/\\\/cardinal-tapes.com\\\/pl\\\/ta\u015bmy-samoprzylepne\\\/obszary-zastosowan\\\/aluminiowa-tasma-samoprzylepna\\\/tesa-50575-aluminiowa-tasma-samoprzylepna\\\/#primaryimage\"},\"thumbnailUrl\":\"https:\\\/\\\/cardinal-tapes.com\\\/wp-content\\\/uploads\\\/tesa-50575-pr-002172950_canvas1x1_6.jpg\",\"datePublished\":\"2023-06-05T15:27:42+00:00\",\"dateModified\":\"2025-07-03T13:44:22+00:00\",\"description\":\"Tesa 50575 to bardzo mocna aluminiowa ta\u015bma samoprzylepna sk\u0142adaj\u0105ca si\u0119 z folii aluminiowej o grubo\u015bci 80 \u00b5m i akrylowej masy klej\u0105cej. Dowiedz si\u0119 wi\u0119cej.\",\"breadcrumb\":{\"@id\":\"https:\\\/\\\/cardinal-tapes.com\\\/pl\\\/ta\u015bmy-samoprzylepne\\\/obszary-zastosowan\\\/aluminiowa-tasma-samoprzylepna\\\/tesa-50575-aluminiowa-tasma-samoprzylepna\\\/#breadcrumb\"},\"inLanguage\":\"pl-PL\",\"potentialAction\":[{\"@type\":\"ReadAction\",\"target\":[\"https:\\\/\\\/cardinal-tapes.com\\\/pl\\\/ta\u015bmy-samoprzylepne\\\/obszary-zastosowan\\\/aluminiowa-tasma-samoprzylepna\\\/tesa-50575-aluminiowa-tasma-samoprzylepna\\\/\"]}]},{\"@type\":\"ImageObject\",\"inLanguage\":\"pl-PL\",\"@id\":\"https:\\\/\\\/cardinal-tapes.com\\\/pl\\\/ta\u015bmy-samoprzylepne\\\/obszary-zastosowan\\\/aluminiowa-tasma-samoprzylepna\\\/tesa-50575-aluminiowa-tasma-samoprzylepna\\\/#primaryimage\",\"url\":\"https:\\\/\\\/cardinal-tapes.com\\\/wp-content\\\/uploads\\\/tesa-50575-pr-002172950_canvas1x1_6.jpg\",\"contentUrl\":\"https:\\\/\\\/cardinal-tapes.com\\\/wp-content\\\/uploads\\\/tesa-50575-pr-002172950_canvas1x1_6.jpg\",\"width\":640,\"height\":640,\"caption\":\"tesa 50575\"},{\"@type\":\"BreadcrumbList\",\"@id\":\"https:\\\/\\\/cardinal-tapes.com\\\/pl\\\/ta\u015bmy-samoprzylepne\\\/obszary-zastosowan\\\/aluminiowa-tasma-samoprzylepna\\\/tesa-50575-aluminiowa-tasma-samoprzylepna\\\/#breadcrumb\",\"itemListElement\":[{\"@type\":\"ListItem\",\"position\":1,\"name\":\"Startseite\",\"item\":\"https:\\\/\\\/cardinal-tapes.com\\\/pl\\\/strona-glowna\\\/\"},{\"@type\":\"ListItem\",\"position\":2,\"name\":\"Ta\u015bmy samoprzylepne\",\"item\":\"https:\\\/\\\/cardinal-tapes.com\\\/pl\\\/tasmy-samoprzylepne-pl\\\/\"},{\"@type\":\"ListItem\",\"position\":3,\"name\":\"Obszary zastosowa\u0144\",\"item\":\"https:\\\/\\\/cardinal-tapes.com\\\/pl\\\/kategoria\\\/obszary-zastosowan\\\/\"},{\"@type\":\"ListItem\",\"position\":4,\"name\":\"Aluminiowa ta\u015bma samoprzylepna\",\"item\":\"https:\\\/\\\/cardinal-tapes.com\\\/pl\\\/kategoria\\\/aluminiowa-tasma-samoprzylepna\\\/\"},{\"@type\":\"ListItem\",\"position\":5,\"name\":\"Aluminiowa ta\u015bma samoprzylepna tesa\u00ae 50575\"}]},{\"@type\":\"WebSite\",\"@id\":\"https:\\\/\\\/cardinal-tapes.com\\\/#website\",\"url\":\"https:\\\/\\\/cardinal-tapes.com\\\/\",\"name\":\"cardinal TAPES\",\"description\":\"Klebetechnik aus Wuppertal\",\"potentialAction\":[{\"@type\":\"SearchAction\",\"target\":{\"@type\":\"EntryPoint\",\"urlTemplate\":\"https:\\\/\\\/cardinal-tapes.com\\\/?s={search_term_string}\"},\"query-input\":{\"@type\":\"PropertyValueSpecification\",\"valueRequired\":true,\"valueName\":\"search_term_string\"}}],\"inLanguage\":\"pl-PL\"}]}<\/script>\n<!-- \/ Yoast SEO plugin. -->","yoast_head_json":{"title":"Aluminiowa ta\u015bma samoprzylepna Tesa 50575 | Cardinal TAPES","description":"Tesa 50575 to bardzo mocna aluminiowa ta\u015bma samoprzylepna sk\u0142adaj\u0105ca si\u0119 z folii aluminiowej o grubo\u015bci 80 \u00b5m i akrylowej masy klej\u0105cej. Dowiedz si\u0119 wi\u0119cej.","robots":{"index":"index","follow":"follow","max-snippet":"max-snippet:-1","max-image-preview":"max-image-preview:large","max-video-preview":"max-video-preview:-1"},"canonical":"https:\/\/cardinal-tapes.com\/pl\/ta\u015bmy-samoprzylepne\/obszary-zastosowan\/aluminiowa-tasma-samoprzylepna\/tesa-50575-aluminiowa-tasma-samoprzylepna\/","og_locale":"pl_PL","og_type":"article","og_title":"Aluminiowa ta\u015bma samoprzylepna Tesa 50575 | Cardinal TAPES","og_description":"Tesa 50575 to bardzo mocna aluminiowa ta\u015bma samoprzylepna sk\u0142adaj\u0105ca si\u0119 z folii aluminiowej o grubo\u015bci 80 \u00b5m i akrylowej masy klej\u0105cej. Dowiedz si\u0119 wi\u0119cej.","og_url":"https:\/\/cardinal-tapes.com\/pl\/ta\u015bmy-samoprzylepne\/obszary-zastosowan\/aluminiowa-tasma-samoprzylepna\/tesa-50575-aluminiowa-tasma-samoprzylepna\/","og_site_name":"cardinal TAPES","article_modified_time":"2025-07-03T13:44:22+00:00","og_image":[{"width":640,"height":640,"url":"https:\/\/cardinal-tapes.com\/wp-content\/uploads\/tesa-50575-pr-002172950_canvas1x1_6.jpg","type":"image\/jpeg"}],"twitter_card":"summary_large_image","twitter_misc":{"Szacowany czas czytania":"1 minuta"},"schema":{"@context":"https:\/\/schema.org","@graph":[{"@type":"WebPage","@id":"https:\/\/cardinal-tapes.com\/pl\/ta\u015bmy-samoprzylepne\/obszary-zastosowan\/aluminiowa-tasma-samoprzylepna\/tesa-50575-aluminiowa-tasma-samoprzylepna\/","url":"https:\/\/cardinal-tapes.com\/pl\/ta\u015bmy-samoprzylepne\/obszary-zastosowan\/aluminiowa-tasma-samoprzylepna\/tesa-50575-aluminiowa-tasma-samoprzylepna\/","name":"Aluminiowa ta\u015bma samoprzylepna Tesa 50575 | Cardinal TAPES","isPartOf":{"@id":"https:\/\/cardinal-tapes.com\/#website"},"primaryImageOfPage":{"@id":"https:\/\/cardinal-tapes.com\/pl\/ta\u015bmy-samoprzylepne\/obszary-zastosowan\/aluminiowa-tasma-samoprzylepna\/tesa-50575-aluminiowa-tasma-samoprzylepna\/#primaryimage"},"image":{"@id":"https:\/\/cardinal-tapes.com\/pl\/ta\u015bmy-samoprzylepne\/obszary-zastosowan\/aluminiowa-tasma-samoprzylepna\/tesa-50575-aluminiowa-tasma-samoprzylepna\/#primaryimage"},"thumbnailUrl":"https:\/\/cardinal-tapes.com\/wp-content\/uploads\/tesa-50575-pr-002172950_canvas1x1_6.jpg","datePublished":"2023-06-05T15:27:42+00:00","dateModified":"2025-07-03T13:44:22+00:00","description":"Tesa 50575 to bardzo mocna aluminiowa ta\u015bma samoprzylepna sk\u0142adaj\u0105ca si\u0119 z folii aluminiowej o grubo\u015bci 80 \u00b5m i akrylowej masy klej\u0105cej. Dowiedz si\u0119 wi\u0119cej.","breadcrumb":{"@id":"https:\/\/cardinal-tapes.com\/pl\/ta\u015bmy-samoprzylepne\/obszary-zastosowan\/aluminiowa-tasma-samoprzylepna\/tesa-50575-aluminiowa-tasma-samoprzylepna\/#breadcrumb"},"inLanguage":"pl-PL","potentialAction":[{"@type":"ReadAction","target":["https:\/\/cardinal-tapes.com\/pl\/ta\u015bmy-samoprzylepne\/obszary-zastosowan\/aluminiowa-tasma-samoprzylepna\/tesa-50575-aluminiowa-tasma-samoprzylepna\/"]}]},{"@type":"ImageObject","inLanguage":"pl-PL","@id":"https:\/\/cardinal-tapes.com\/pl\/ta\u015bmy-samoprzylepne\/obszary-zastosowan\/aluminiowa-tasma-samoprzylepna\/tesa-50575-aluminiowa-tasma-samoprzylepna\/#primaryimage","url":"https:\/\/cardinal-tapes.com\/wp-content\/uploads\/tesa-50575-pr-002172950_canvas1x1_6.jpg","contentUrl":"https:\/\/cardinal-tapes.com\/wp-content\/uploads\/tesa-50575-pr-002172950_canvas1x1_6.jpg","width":640,"height":640,"caption":"tesa 50575"},{"@type":"BreadcrumbList","@id":"https:\/\/cardinal-tapes.com\/pl\/ta\u015bmy-samoprzylepne\/obszary-zastosowan\/aluminiowa-tasma-samoprzylepna\/tesa-50575-aluminiowa-tasma-samoprzylepna\/#breadcrumb","itemListElement":[{"@type":"ListItem","position":1,"name":"Startseite","item":"https:\/\/cardinal-tapes.com\/pl\/strona-glowna\/"},{"@type":"ListItem","position":2,"name":"Ta\u015bmy samoprzylepne","item":"https:\/\/cardinal-tapes.com\/pl\/tasmy-samoprzylepne-pl\/"},{"@type":"ListItem","position":3,"name":"Obszary zastosowa\u0144","item":"https:\/\/cardinal-tapes.com\/pl\/kategoria\/obszary-zastosowan\/"},{"@type":"ListItem","position":4,"name":"Aluminiowa ta\u015bma samoprzylepna","item":"https:\/\/cardinal-tapes.com\/pl\/kategoria\/aluminiowa-tasma-samoprzylepna\/"},{"@type":"ListItem","position":5,"name":"Aluminiowa ta\u015bma samoprzylepna tesa\u00ae 50575"}]},{"@type":"WebSite","@id":"https:\/\/cardinal-tapes.com\/#website","url":"https:\/\/cardinal-tapes.com\/","name":"cardinal TAPES","description":"Klebetechnik aus Wuppertal","potentialAction":[{"@type":"SearchAction","target":{"@type":"EntryPoint","urlTemplate":"https:\/\/cardinal-tapes.com\/?s={search_term_string}"},"query-input":{"@type":"PropertyValueSpecification","valueRequired":true,"valueName":"search_term_string"}}],"inLanguage":"pl-PL"}]}},"brands":[{"id":2164,"name":"tesa","slug":"tesa-pl"}],"_links":{"self":[{"href":"https:\/\/cardinal-tapes.com\/pl\/wp-json\/wp\/v2\/product\/58952","targetHints":{"allow":["GET"]}}],"collection":[{"href":"https:\/\/cardinal-tapes.com\/pl\/wp-json\/wp\/v2\/product"}],"about":[{"href":"https:\/\/cardinal-tapes.com\/pl\/wp-json\/wp\/v2\/types\/product"}],"wp:featuredmedia":[{"embeddable":true,"href":"https:\/\/cardinal-tapes.com\/pl\/wp-json\/wp\/v2\/media\/26026"}],"wp:attachment":[{"href":"https:\/\/cardinal-tapes.com\/pl\/wp-json\/wp\/v2\/media?parent=58952"}],"wp:term":[{"taxonomy":"pwb-brand","embeddable":true,"href":"https:\/\/cardinal-tapes.com\/pl\/wp-json\/wp\/v2\/pwb-brand?post=58952"},{"taxonomy":"product_brand","embeddable":true,"href":"https:\/\/cardinal-tapes.com\/pl\/wp-json\/wp\/v2\/product_brand?post=58952"},{"taxonomy":"product_cat","embeddable":true,"href":"https:\/\/cardinal-tapes.com\/pl\/wp-json\/wp\/v2\/product_cat?post=58952"},{"taxonomy":"product_tag","embeddable":true,"href":"https:\/\/cardinal-tapes.com\/pl\/wp-json\/wp\/v2\/product_tag?post=58952"}],"curies":[{"name":"wp","href":"https:\/\/api.w.org\/{rel}","templated":true}]}}