{"id":58950,"date":"2018-02-19T15:15:44","date_gmt":"2023-06-05T15:27:42","guid":{"rendered":"https:\/\/cardinal.pixel-tal.de\/klebebaender\/bez-kategorii\/dwustronna-tasma-piankowa-pe-tesa-64958\/"},"modified":"2023-06-05T17:27:42","modified_gmt":"2023-06-05T15:27:42","slug":"tesa-64958-tasma-dwustronnie-klejaca-z-pianki-poliuretanowej","status":"publish","type":"product","link":"https:\/\/cardinal-tapes.com\/pl\/ta\u015bmy-samoprzylepne\/tasmy-dwustronnie-klejace\/dwustronna-tasma-tkaninowa\/tesa-64958-tasma-dwustronnie-klejaca-z-pianki-poliuretanowej\/","title":{"rendered":"Dwustronna ta\u015bma piankowa PE tesa\u00ae 64958"},"content":{"rendered":"<p><sup>tesa\u00ae<\/sup> 64958 to bia\u0142a, dwustronna ta\u015bma samoprzylepna z pianki PE na bazie kauczuku syntetycznego. &#8220;Produkt charakteryzuje si\u0119 bardzo dobr\u0105 przyczepno\u015bci\u0105 pocz\u0105tkow\u0105, nawet na chropowatych powierzchniach, kompensacj\u0105 nier\u00f3wno\u015bci i napr\u0119\u017ce\u0144 pomi\u0119dzy klejonymi materia\u0142ami oraz bardzo wysok\u0105 wytrzyma\u0142o\u015bci\u0105 na \u015bcinanie.<\/p>\n<p><strong>W\u0142a\u015bciwo\u015bci<\/strong><br \/>\n&#8211; Bardzo dobra przyczepno\u015b\u0107 pocz\u0105tkowa i wytrzyma\u0142o\u015b\u0107 na \u015bcinanie<\/p>\n<p><strong>Zastosowania<\/strong><br \/>\n&#8211; Owijanie wy\u015bwietlaczy POS.<br \/>\n&#8211; Klejenie znak\u00f3w i plakat\u00f3w.<br \/>\n&#8211; \u0141\u0105czenie kraw\u0119dzi p\u00f3\u0142ek.<\/p>\n","protected":false},"excerpt":{"rendered":"<p>tesa\u00ae 64958 to bia\u0142a, dwustronna ta\u015bma samoprzylepna z pianki PE na bazie kauczuku syntetycznego. &#8220;Produkt charakteryzuje si\u0119 bardzo dobr\u0105 przyczepno\u015bci\u0105 pocz\u0105tkow\u0105, nawet na chropowatych powierzchniach, kompensacj\u0105 nier\u00f3wno\u015bci i napr\u0119\u017ce\u0144 pomi\u0119dzy klejonymi materia\u0142ami oraz bardzo wysok\u0105 wytrzyma\u0142o\u015bci\u0105 na \u015bcinanie. W\u0142a\u015bciwo\u015bci &#8211; Bardzo dobra przyczepno\u015b\u0107 pocz\u0105tkowa i wytrzyma\u0142o\u015b\u0107 na \u015bcinanie Zastosowania &#8211; Owijanie wy\u015bwietlaczy POS. &#8211; Klejenie [&hellip;]<\/p>\n","protected":false},"featured_media":26058,"template":"","meta":{"_acf_changed":false},"pwb-brand":[2164],"product_brand":[],"product_cat":[1783,1814,1815],"product_tag":[],"class_list":{"0":"post-58950","1":"product","2":"type-product","3":"status-publish","4":"has-post-thumbnail","6":"pwb-brand-tesa-pl","7":"product_cat-tasma-piankowa-pe","8":"product_cat-tasmy-dwustronnie-klejace","9":"product_cat-dwustronna-tasma-tkaninowa","11":"first","12":"instock","13":"taxable","14":"shipping-taxable","15":"purchasable","16":"product-type-variable"},"acf":[],"yoast_head":"<!-- This site is optimized with the Yoast SEO plugin v27.3 - https:\/\/yoast.com\/product\/yoast-seo-wordpress\/ -->\n<title>Dwustronna ta\u015bma piankowa PE Tesa 64958 | Cardinal TAPES<\/title>\n<meta name=\"description\" content=\"Tesa 64958 to dwustronna ta\u015bma samoprzylepna z pianki PE na bazie kauczuku syntetycznego. Produkt ma bardzo dobr\u0105 przyczepno\u015b\u0107 pocz\u0105tkow\u0105, nawet na szorstkich powierzchniach.\" \/>\n<meta name=\"robots\" content=\"index, follow, max-snippet:-1, max-image-preview:large, max-video-preview:-1\" \/>\n<link rel=\"canonical\" href=\"https:\/\/cardinal-tapes.com\/pl\/ta\u015bmy-samoprzylepne\/tasma-piankowa-pe\/tesa-64958-tasma-dwustronnie-klejaca-z-pianki-poliuretanowej\/\" \/>\n<meta property=\"og:locale\" content=\"pl_PL\" \/>\n<meta property=\"og:type\" content=\"article\" \/>\n<meta property=\"og:title\" content=\"Dwustronna ta\u015bma piankowa PE Tesa 64958 | Cardinal TAPES\" \/>\n<meta property=\"og:description\" content=\"Tesa 64958 to dwustronna ta\u015bma samoprzylepna z pianki PE na bazie kauczuku syntetycznego. Produkt ma bardzo dobr\u0105 przyczepno\u015b\u0107 pocz\u0105tkow\u0105, nawet na szorstkich powierzchniach.\" \/>\n<meta property=\"og:url\" content=\"https:\/\/cardinal-tapes.com\/pl\/ta\u015bmy-samoprzylepne\/tasma-piankowa-pe\/tesa-64958-tasma-dwustronnie-klejaca-z-pianki-poliuretanowej\/\" \/>\n<meta property=\"og:site_name\" content=\"cardinal TAPES\" \/>\n<meta property=\"og:image\" content=\"https:\/\/cardinal-tapes.com\/wp-content\/uploads\/tesa-double-sided-pe-foam-white-liner-yellow-pr-001172014_canvas1x1_6.jpg\" \/>\n\t<meta property=\"og:image:width\" content=\"640\" \/>\n\t<meta property=\"og:image:height\" content=\"640\" \/>\n\t<meta property=\"og:image:type\" content=\"image\/jpeg\" \/>\n<meta name=\"twitter:card\" content=\"summary_large_image\" \/>\n<script type=\"application\/ld+json\" class=\"yoast-schema-graph\">{\"@context\":\"https:\\\/\\\/schema.org\",\"@graph\":[{\"@type\":\"WebPage\",\"@id\":\"https:\\\/\\\/cardinal-tapes.com\\\/pl\\\/ta\u015bmy-samoprzylepne\\\/tasma-piankowa-pe\\\/tesa-64958-tasma-dwustronnie-klejaca-z-pianki-poliuretanowej\\\/\",\"url\":\"https:\\\/\\\/cardinal-tapes.com\\\/pl\\\/ta\u015bmy-samoprzylepne\\\/tasma-piankowa-pe\\\/tesa-64958-tasma-dwustronnie-klejaca-z-pianki-poliuretanowej\\\/\",\"name\":\"Dwustronna ta\u015bma piankowa PE Tesa 64958 | Cardinal TAPES\",\"isPartOf\":{\"@id\":\"https:\\\/\\\/cardinal-tapes.com\\\/#website\"},\"primaryImageOfPage\":{\"@id\":\"https:\\\/\\\/cardinal-tapes.com\\\/pl\\\/ta\u015bmy-samoprzylepne\\\/tasma-piankowa-pe\\\/tesa-64958-tasma-dwustronnie-klejaca-z-pianki-poliuretanowej\\\/#primaryimage\"},\"image\":{\"@id\":\"https:\\\/\\\/cardinal-tapes.com\\\/pl\\\/ta\u015bmy-samoprzylepne\\\/tasma-piankowa-pe\\\/tesa-64958-tasma-dwustronnie-klejaca-z-pianki-poliuretanowej\\\/#primaryimage\"},\"thumbnailUrl\":\"https:\\\/\\\/cardinal-tapes.com\\\/wp-content\\\/uploads\\\/tesa-double-sided-pe-foam-white-liner-yellow-pr-001172014_canvas1x1_6.jpg\",\"datePublished\":\"2023-06-05T15:27:42+00:00\",\"description\":\"Tesa 64958 to dwustronna ta\u015bma samoprzylepna z pianki PE na bazie kauczuku syntetycznego. Produkt ma bardzo dobr\u0105 przyczepno\u015b\u0107 pocz\u0105tkow\u0105, nawet na szorstkich powierzchniach.\",\"breadcrumb\":{\"@id\":\"https:\\\/\\\/cardinal-tapes.com\\\/pl\\\/ta\u015bmy-samoprzylepne\\\/tasma-piankowa-pe\\\/tesa-64958-tasma-dwustronnie-klejaca-z-pianki-poliuretanowej\\\/#breadcrumb\"},\"inLanguage\":\"pl-PL\",\"potentialAction\":[{\"@type\":\"ReadAction\",\"target\":[\"https:\\\/\\\/cardinal-tapes.com\\\/pl\\\/ta\u015bmy-samoprzylepne\\\/tasma-piankowa-pe\\\/tesa-64958-tasma-dwustronnie-klejaca-z-pianki-poliuretanowej\\\/\"]}]},{\"@type\":\"ImageObject\",\"inLanguage\":\"pl-PL\",\"@id\":\"https:\\\/\\\/cardinal-tapes.com\\\/pl\\\/ta\u015bmy-samoprzylepne\\\/tasma-piankowa-pe\\\/tesa-64958-tasma-dwustronnie-klejaca-z-pianki-poliuretanowej\\\/#primaryimage\",\"url\":\"https:\\\/\\\/cardinal-tapes.com\\\/wp-content\\\/uploads\\\/tesa-double-sided-pe-foam-white-liner-yellow-pr-001172014_canvas1x1_6.jpg\",\"contentUrl\":\"https:\\\/\\\/cardinal-tapes.com\\\/wp-content\\\/uploads\\\/tesa-double-sided-pe-foam-white-liner-yellow-pr-001172014_canvas1x1_6.jpg\",\"width\":640,\"height\":640,\"caption\":\"Dwustronna ta\u015bma klej\u0105ca tesa\"},{\"@type\":\"BreadcrumbList\",\"@id\":\"https:\\\/\\\/cardinal-tapes.com\\\/pl\\\/ta\u015bmy-samoprzylepne\\\/tasma-piankowa-pe\\\/tesa-64958-tasma-dwustronnie-klejaca-z-pianki-poliuretanowej\\\/#breadcrumb\",\"itemListElement\":[{\"@type\":\"ListItem\",\"position\":1,\"name\":\"Startseite\",\"item\":\"https:\\\/\\\/cardinal-tapes.com\\\/pl\\\/strona-glowna\\\/\"},{\"@type\":\"ListItem\",\"position\":2,\"name\":\"Ta\u015bmy samoprzylepne\",\"item\":\"https:\\\/\\\/cardinal-tapes.com\\\/pl\\\/tasmy-samoprzylepne-pl\\\/\"},{\"@type\":\"ListItem\",\"position\":3,\"name\":\"Ta\u015bma piankowa PE\",\"item\":\"https:\\\/\\\/cardinal-tapes.com\\\/pl\\\/kategoria\\\/tasma-piankowa-pe\\\/\"},{\"@type\":\"ListItem\",\"position\":4,\"name\":\"Dwustronna ta\u015bma piankowa PE tesa\u00ae 64958\"}]},{\"@type\":\"WebSite\",\"@id\":\"https:\\\/\\\/cardinal-tapes.com\\\/#website\",\"url\":\"https:\\\/\\\/cardinal-tapes.com\\\/\",\"name\":\"cardinal TAPES\",\"description\":\"Klebetechnik aus Wuppertal\",\"potentialAction\":[{\"@type\":\"SearchAction\",\"target\":{\"@type\":\"EntryPoint\",\"urlTemplate\":\"https:\\\/\\\/cardinal-tapes.com\\\/?s={search_term_string}\"},\"query-input\":{\"@type\":\"PropertyValueSpecification\",\"valueRequired\":true,\"valueName\":\"search_term_string\"}}],\"inLanguage\":\"pl-PL\"}]}<\/script>\n<!-- \/ Yoast SEO plugin. -->","yoast_head_json":{"title":"Dwustronna ta\u015bma piankowa PE Tesa 64958 | Cardinal TAPES","description":"Tesa 64958 to dwustronna ta\u015bma samoprzylepna z pianki PE na bazie kauczuku syntetycznego. Produkt ma bardzo dobr\u0105 przyczepno\u015b\u0107 pocz\u0105tkow\u0105, nawet na szorstkich powierzchniach.","robots":{"index":"index","follow":"follow","max-snippet":"max-snippet:-1","max-image-preview":"max-image-preview:large","max-video-preview":"max-video-preview:-1"},"canonical":"https:\/\/cardinal-tapes.com\/pl\/ta\u015bmy-samoprzylepne\/tasma-piankowa-pe\/tesa-64958-tasma-dwustronnie-klejaca-z-pianki-poliuretanowej\/","og_locale":"pl_PL","og_type":"article","og_title":"Dwustronna ta\u015bma piankowa PE Tesa 64958 | Cardinal TAPES","og_description":"Tesa 64958 to dwustronna ta\u015bma samoprzylepna z pianki PE na bazie kauczuku syntetycznego. Produkt ma bardzo dobr\u0105 przyczepno\u015b\u0107 pocz\u0105tkow\u0105, nawet na szorstkich powierzchniach.","og_url":"https:\/\/cardinal-tapes.com\/pl\/ta\u015bmy-samoprzylepne\/tasma-piankowa-pe\/tesa-64958-tasma-dwustronnie-klejaca-z-pianki-poliuretanowej\/","og_site_name":"cardinal TAPES","og_image":[{"width":640,"height":640,"url":"https:\/\/cardinal-tapes.com\/wp-content\/uploads\/tesa-double-sided-pe-foam-white-liner-yellow-pr-001172014_canvas1x1_6.jpg","type":"image\/jpeg"}],"twitter_card":"summary_large_image","schema":{"@context":"https:\/\/schema.org","@graph":[{"@type":"WebPage","@id":"https:\/\/cardinal-tapes.com\/pl\/ta\u015bmy-samoprzylepne\/tasma-piankowa-pe\/tesa-64958-tasma-dwustronnie-klejaca-z-pianki-poliuretanowej\/","url":"https:\/\/cardinal-tapes.com\/pl\/ta\u015bmy-samoprzylepne\/tasma-piankowa-pe\/tesa-64958-tasma-dwustronnie-klejaca-z-pianki-poliuretanowej\/","name":"Dwustronna ta\u015bma piankowa PE Tesa 64958 | Cardinal TAPES","isPartOf":{"@id":"https:\/\/cardinal-tapes.com\/#website"},"primaryImageOfPage":{"@id":"https:\/\/cardinal-tapes.com\/pl\/ta\u015bmy-samoprzylepne\/tasma-piankowa-pe\/tesa-64958-tasma-dwustronnie-klejaca-z-pianki-poliuretanowej\/#primaryimage"},"image":{"@id":"https:\/\/cardinal-tapes.com\/pl\/ta\u015bmy-samoprzylepne\/tasma-piankowa-pe\/tesa-64958-tasma-dwustronnie-klejaca-z-pianki-poliuretanowej\/#primaryimage"},"thumbnailUrl":"https:\/\/cardinal-tapes.com\/wp-content\/uploads\/tesa-double-sided-pe-foam-white-liner-yellow-pr-001172014_canvas1x1_6.jpg","datePublished":"2023-06-05T15:27:42+00:00","description":"Tesa 64958 to dwustronna ta\u015bma samoprzylepna z pianki PE na bazie kauczuku syntetycznego. Produkt ma bardzo dobr\u0105 przyczepno\u015b\u0107 pocz\u0105tkow\u0105, nawet na szorstkich powierzchniach.","breadcrumb":{"@id":"https:\/\/cardinal-tapes.com\/pl\/ta\u015bmy-samoprzylepne\/tasma-piankowa-pe\/tesa-64958-tasma-dwustronnie-klejaca-z-pianki-poliuretanowej\/#breadcrumb"},"inLanguage":"pl-PL","potentialAction":[{"@type":"ReadAction","target":["https:\/\/cardinal-tapes.com\/pl\/ta\u015bmy-samoprzylepne\/tasma-piankowa-pe\/tesa-64958-tasma-dwustronnie-klejaca-z-pianki-poliuretanowej\/"]}]},{"@type":"ImageObject","inLanguage":"pl-PL","@id":"https:\/\/cardinal-tapes.com\/pl\/ta\u015bmy-samoprzylepne\/tasma-piankowa-pe\/tesa-64958-tasma-dwustronnie-klejaca-z-pianki-poliuretanowej\/#primaryimage","url":"https:\/\/cardinal-tapes.com\/wp-content\/uploads\/tesa-double-sided-pe-foam-white-liner-yellow-pr-001172014_canvas1x1_6.jpg","contentUrl":"https:\/\/cardinal-tapes.com\/wp-content\/uploads\/tesa-double-sided-pe-foam-white-liner-yellow-pr-001172014_canvas1x1_6.jpg","width":640,"height":640,"caption":"Dwustronna ta\u015bma klej\u0105ca tesa"},{"@type":"BreadcrumbList","@id":"https:\/\/cardinal-tapes.com\/pl\/ta\u015bmy-samoprzylepne\/tasma-piankowa-pe\/tesa-64958-tasma-dwustronnie-klejaca-z-pianki-poliuretanowej\/#breadcrumb","itemListElement":[{"@type":"ListItem","position":1,"name":"Startseite","item":"https:\/\/cardinal-tapes.com\/pl\/strona-glowna\/"},{"@type":"ListItem","position":2,"name":"Ta\u015bmy samoprzylepne","item":"https:\/\/cardinal-tapes.com\/pl\/tasmy-samoprzylepne-pl\/"},{"@type":"ListItem","position":3,"name":"Ta\u015bma piankowa PE","item":"https:\/\/cardinal-tapes.com\/pl\/kategoria\/tasma-piankowa-pe\/"},{"@type":"ListItem","position":4,"name":"Dwustronna ta\u015bma piankowa PE tesa\u00ae 64958"}]},{"@type":"WebSite","@id":"https:\/\/cardinal-tapes.com\/#website","url":"https:\/\/cardinal-tapes.com\/","name":"cardinal TAPES","description":"Klebetechnik aus Wuppertal","potentialAction":[{"@type":"SearchAction","target":{"@type":"EntryPoint","urlTemplate":"https:\/\/cardinal-tapes.com\/?s={search_term_string}"},"query-input":{"@type":"PropertyValueSpecification","valueRequired":true,"valueName":"search_term_string"}}],"inLanguage":"pl-PL"}]}},"brands":[{"id":2164,"name":"tesa","slug":"tesa-pl"}],"_links":{"self":[{"href":"https:\/\/cardinal-tapes.com\/pl\/wp-json\/wp\/v2\/product\/58950","targetHints":{"allow":["GET"]}}],"collection":[{"href":"https:\/\/cardinal-tapes.com\/pl\/wp-json\/wp\/v2\/product"}],"about":[{"href":"https:\/\/cardinal-tapes.com\/pl\/wp-json\/wp\/v2\/types\/product"}],"wp:featuredmedia":[{"embeddable":true,"href":"https:\/\/cardinal-tapes.com\/pl\/wp-json\/wp\/v2\/media\/26058"}],"wp:attachment":[{"href":"https:\/\/cardinal-tapes.com\/pl\/wp-json\/wp\/v2\/media?parent=58950"}],"wp:term":[{"taxonomy":"pwb-brand","embeddable":true,"href":"https:\/\/cardinal-tapes.com\/pl\/wp-json\/wp\/v2\/pwb-brand?post=58950"},{"taxonomy":"product_brand","embeddable":true,"href":"https:\/\/cardinal-tapes.com\/pl\/wp-json\/wp\/v2\/product_brand?post=58950"},{"taxonomy":"product_cat","embeddable":true,"href":"https:\/\/cardinal-tapes.com\/pl\/wp-json\/wp\/v2\/product_cat?post=58950"},{"taxonomy":"product_tag","embeddable":true,"href":"https:\/\/cardinal-tapes.com\/pl\/wp-json\/wp\/v2\/product_tag?post=58950"}],"curies":[{"name":"wp","href":"https:\/\/api.w.org\/{rel}","templated":true}]}}