{"id":58930,"date":"2018-02-09T12:24:27","date_gmt":"2023-06-05T15:27:42","guid":{"rendered":"https:\/\/cardinal.pixel-tal.de\/klebebaender\/bez-kategorii\/klej-uniwersalny-tesa-57007\/"},"modified":"2025-07-03T15:25:17","modified_gmt":"2025-07-03T13:25:17","slug":"tesa-60151-promotor-adhezji","status":"publish","type":"product","link":"https:\/\/cardinal-tapes.com\/pl\/ta\u015bmy-samoprzylepne\/kleje-w-plynie\/kleje\/tesa-60151-promotor-adhezji\/","title":{"rendered":"Klej uniwersalny tesa\u00ae 57007"},"content":{"rendered":"<p>Praktyczny, przezroczysty klej uniwersalny <sup>tesa\u00ae<\/sup> to niezast\u0105piony pomocnik przy wszelkich pracach r\u0119kodzielniczych i klejeniu w domu, biurze i warsztacie.<\/p>\n<ul>\n<li><i class=\"icon-checkmark-circle\"><\/i>\u0141\u0105czy ze sob\u0105 prawie wszystkie rodzaje papieru, kartonu, zdj\u0119\u0107, tkanin, filcu, korka, sk\u00f3ry i drewna, a tak\u017ce metal, szk\u0142o, porcelan\u0119, ceramik\u0119, wiele tworzyw sztucznych i sztywne pianki.<\/li>\n<li><i class=\"icon-checkmark-circle\"><\/i>Wysoka odporno\u015b\u0107 na \u015bwiat\u0142o, zimno, ciep\u0142o i wod\u0119<\/li>\n<li><i class=\"icon-checkmark-circle\"><\/i>Wysoka odporno\u015b\u0107 na starzenieOpis produktu<\/li>\n<\/ul>\n<h3 class=\"headline module-headline\">Opis produktu<\/h3>\n<p>Uniwersalny klej <sup>tesa\u00ae<\/sup> to praktyczny pomocnik na co dzie\u0144, kt\u00f3ry mo\u017ce by\u0107 u\u017cywany do prawie wszystkich prac r\u0119kodzielniczych i klejenia w domu, biurze lub warsztacie. Niezale\u017cnie od tego, czy jest to papier, karton, filc czy sk\u00f3ra &#8211; uniwersalny klej precyzyjnie \u0142\u0105czy ze sob\u0105 niezliczone materia\u0142y i niezawodnie przykleja si\u0119 do r\u00f3\u017cnych powierzchni, np. metalu, szk\u0142a lub ceramiki.<br \/>\nPrzezroczysty klej w p\u0142ynie wi\u0105\u017ce szybko i mocno dzi\u0119ki doskona\u0142ej <sup>technologii<\/sup> <span class=\"lowercase\">klejenia tesa\u00ae<\/span>.  Odporno\u015b\u0107 na \u015bwiat\u0142o, zimno, ciep\u0142o i wod\u0119 sprawia, \u017ce ten uniwersalny klej jest prawdziwie wszechstronny i wytrzymuje przez d\u0142ugi czas.<\/p>\n","protected":false},"excerpt":{"rendered":"<p>Praktyczny, przezroczysty klej uniwersalny tesa\u00ae to niezast\u0105piony pomocnik przy wszelkich pracach r\u0119kodzielniczych i klejeniu w domu, biurze i warsztacie. \u0141\u0105czy ze sob\u0105 prawie wszystkie rodzaje papieru, kartonu, zdj\u0119\u0107, tkanin, filcu, korka, sk\u00f3ry i drewna, a tak\u017ce metal, szk\u0142o, porcelan\u0119, ceramik\u0119, wiele tworzyw sztucznych i sztywne pianki. Wysoka odporno\u015b\u0107 na \u015bwiat\u0142o, zimno, ciep\u0142o i wod\u0119 Wysoka [&hellip;]<\/p>\n","protected":false},"featured_media":26730,"template":"","meta":{"_acf_changed":false},"pwb-brand":[2164],"product_brand":[],"product_cat":[1864,1865],"product_tag":[],"class_list":{"0":"post-58930","1":"product","2":"type-product","3":"status-publish","4":"has-post-thumbnail","6":"pwb-brand-tesa-pl","7":"product_cat-kleje-w-plynie","8":"product_cat-kleje","10":"first","11":"instock","12":"taxable","13":"shipping-taxable","14":"purchasable","15":"product-type-variable"},"acf":[],"yoast_head":"<!-- This site is optimized with the Yoast SEO plugin v27.3 - https:\/\/yoast.com\/product\/yoast-seo-wordpress\/ -->\n<title>Tesa 57007 Uniwersalny klej do niezliczonych materia\u0142\u00f3w | Cardinal TAPES<\/title>\n<meta name=\"description\" content=\"Uniwersalny klej Tesa 57007 imponuje szerokim zakresem zastosowa\u0144. Ponadto Tesa 57007 ma \u015bredni\u0105 przyczepno\u015b\u0107 pocz\u0105tkow\u0105. Dowiedz si\u0119 wi\u0119cej.\" \/>\n<meta name=\"robots\" content=\"index, follow, max-snippet:-1, max-image-preview:large, max-video-preview:-1\" \/>\n<link rel=\"canonical\" href=\"https:\/\/cardinal-tapes.com\/pl\/ta\u015bmy-samoprzylepne\/kleje-w-plynie\/kleje\/tesa-60151-promotor-adhezji\/\" \/>\n<meta property=\"og:locale\" content=\"pl_PL\" \/>\n<meta property=\"og:type\" content=\"article\" \/>\n<meta property=\"og:title\" content=\"Tesa 57007 Uniwersalny klej do niezliczonych materia\u0142\u00f3w | Cardinal TAPES\" \/>\n<meta property=\"og:description\" content=\"Uniwersalny klej Tesa 57007 imponuje szerokim zakresem zastosowa\u0144. Ponadto Tesa 57007 ma \u015bredni\u0105 przyczepno\u015b\u0107 pocz\u0105tkow\u0105. Dowiedz si\u0119 wi\u0119cej.\" \/>\n<meta property=\"og:url\" content=\"https:\/\/cardinal-tapes.com\/pl\/ta\u015bmy-samoprzylepne\/kleje-w-plynie\/kleje\/tesa-60151-promotor-adhezji\/\" \/>\n<meta property=\"og:site_name\" content=\"cardinal TAPES\" \/>\n<meta property=\"article:modified_time\" content=\"2025-07-03T13:25:17+00:00\" \/>\n<meta property=\"og:image\" content=\"https:\/\/cardinal-tapes.com\/wp-content\/uploads\/tesa-all-purpose-glue-nart.jpg\" \/>\n\t<meta property=\"og:image:width\" content=\"600\" \/>\n\t<meta property=\"og:image:height\" content=\"600\" \/>\n\t<meta property=\"og:image:type\" content=\"image\/jpeg\" \/>\n<meta name=\"twitter:card\" content=\"summary_large_image\" \/>\n<meta name=\"twitter:label1\" content=\"Szacowany czas czytania\" \/>\n\t<meta name=\"twitter:data1\" content=\"1 minuta\" \/>\n<script type=\"application\/ld+json\" class=\"yoast-schema-graph\">{\"@context\":\"https:\\\/\\\/schema.org\",\"@graph\":[{\"@type\":\"WebPage\",\"@id\":\"https:\\\/\\\/cardinal-tapes.com\\\/pl\\\/ta\u015bmy-samoprzylepne\\\/kleje-w-plynie\\\/kleje\\\/tesa-60151-promotor-adhezji\\\/\",\"url\":\"https:\\\/\\\/cardinal-tapes.com\\\/pl\\\/ta\u015bmy-samoprzylepne\\\/kleje-w-plynie\\\/kleje\\\/tesa-60151-promotor-adhezji\\\/\",\"name\":\"Tesa 57007 Uniwersalny klej do niezliczonych materia\u0142\u00f3w | Cardinal TAPES\",\"isPartOf\":{\"@id\":\"https:\\\/\\\/cardinal-tapes.com\\\/#website\"},\"primaryImageOfPage\":{\"@id\":\"https:\\\/\\\/cardinal-tapes.com\\\/pl\\\/ta\u015bmy-samoprzylepne\\\/kleje-w-plynie\\\/kleje\\\/tesa-60151-promotor-adhezji\\\/#primaryimage\"},\"image\":{\"@id\":\"https:\\\/\\\/cardinal-tapes.com\\\/pl\\\/ta\u015bmy-samoprzylepne\\\/kleje-w-plynie\\\/kleje\\\/tesa-60151-promotor-adhezji\\\/#primaryimage\"},\"thumbnailUrl\":\"https:\\\/\\\/cardinal-tapes.com\\\/wp-content\\\/uploads\\\/tesa-all-purpose-glue-nart.jpg\",\"datePublished\":\"2023-06-05T15:27:42+00:00\",\"dateModified\":\"2025-07-03T13:25:17+00:00\",\"description\":\"Uniwersalny klej Tesa 57007 imponuje szerokim zakresem zastosowa\u0144. Ponadto Tesa 57007 ma \u015bredni\u0105 przyczepno\u015b\u0107 pocz\u0105tkow\u0105. Dowiedz si\u0119 wi\u0119cej.\",\"breadcrumb\":{\"@id\":\"https:\\\/\\\/cardinal-tapes.com\\\/pl\\\/ta\u015bmy-samoprzylepne\\\/kleje-w-plynie\\\/kleje\\\/tesa-60151-promotor-adhezji\\\/#breadcrumb\"},\"inLanguage\":\"pl-PL\",\"potentialAction\":[{\"@type\":\"ReadAction\",\"target\":[\"https:\\\/\\\/cardinal-tapes.com\\\/pl\\\/ta\u015bmy-samoprzylepne\\\/kleje-w-plynie\\\/kleje\\\/tesa-60151-promotor-adhezji\\\/\"]}]},{\"@type\":\"ImageObject\",\"inLanguage\":\"pl-PL\",\"@id\":\"https:\\\/\\\/cardinal-tapes.com\\\/pl\\\/ta\u015bmy-samoprzylepne\\\/kleje-w-plynie\\\/kleje\\\/tesa-60151-promotor-adhezji\\\/#primaryimage\",\"url\":\"https:\\\/\\\/cardinal-tapes.com\\\/wp-content\\\/uploads\\\/tesa-all-purpose-glue-nart.jpg\",\"contentUrl\":\"https:\\\/\\\/cardinal-tapes.com\\\/wp-content\\\/uploads\\\/tesa-all-purpose-glue-nart.jpg\",\"width\":600,\"height\":600,\"caption\":\"Uniwersalny klej tesa\"},{\"@type\":\"BreadcrumbList\",\"@id\":\"https:\\\/\\\/cardinal-tapes.com\\\/pl\\\/ta\u015bmy-samoprzylepne\\\/kleje-w-plynie\\\/kleje\\\/tesa-60151-promotor-adhezji\\\/#breadcrumb\",\"itemListElement\":[{\"@type\":\"ListItem\",\"position\":1,\"name\":\"Startseite\",\"item\":\"https:\\\/\\\/cardinal-tapes.com\\\/pl\\\/strona-glowna\\\/\"},{\"@type\":\"ListItem\",\"position\":2,\"name\":\"Ta\u015bmy samoprzylepne\",\"item\":\"https:\\\/\\\/cardinal-tapes.com\\\/pl\\\/tasmy-samoprzylepne-pl\\\/\"},{\"@type\":\"ListItem\",\"position\":3,\"name\":\"Fl\u00fcssigkleber\",\"item\":\"https:\\\/\\\/cardinal-tapes.com\\\/kategorie\\\/fluessigkleber\\\/\"},{\"@type\":\"ListItem\",\"position\":4,\"name\":\"Klebstoffe\",\"item\":\"https:\\\/\\\/cardinal-tapes.com\\\/kategorie\\\/fluessigkleber\\\/klebstoffe\\\/\"},{\"@type\":\"ListItem\",\"position\":5,\"name\":\"Klej uniwersalny tesa\u00ae 57007\"}]},{\"@type\":\"WebSite\",\"@id\":\"https:\\\/\\\/cardinal-tapes.com\\\/#website\",\"url\":\"https:\\\/\\\/cardinal-tapes.com\\\/\",\"name\":\"cardinal TAPES\",\"description\":\"Klebetechnik aus Wuppertal\",\"potentialAction\":[{\"@type\":\"SearchAction\",\"target\":{\"@type\":\"EntryPoint\",\"urlTemplate\":\"https:\\\/\\\/cardinal-tapes.com\\\/?s={search_term_string}\"},\"query-input\":{\"@type\":\"PropertyValueSpecification\",\"valueRequired\":true,\"valueName\":\"search_term_string\"}}],\"inLanguage\":\"pl-PL\"}]}<\/script>\n<!-- \/ Yoast SEO plugin. -->","yoast_head_json":{"title":"Tesa 57007 Uniwersalny klej do niezliczonych materia\u0142\u00f3w | Cardinal TAPES","description":"Uniwersalny klej Tesa 57007 imponuje szerokim zakresem zastosowa\u0144. Ponadto Tesa 57007 ma \u015bredni\u0105 przyczepno\u015b\u0107 pocz\u0105tkow\u0105. Dowiedz si\u0119 wi\u0119cej.","robots":{"index":"index","follow":"follow","max-snippet":"max-snippet:-1","max-image-preview":"max-image-preview:large","max-video-preview":"max-video-preview:-1"},"canonical":"https:\/\/cardinal-tapes.com\/pl\/ta\u015bmy-samoprzylepne\/kleje-w-plynie\/kleje\/tesa-60151-promotor-adhezji\/","og_locale":"pl_PL","og_type":"article","og_title":"Tesa 57007 Uniwersalny klej do niezliczonych materia\u0142\u00f3w | Cardinal TAPES","og_description":"Uniwersalny klej Tesa 57007 imponuje szerokim zakresem zastosowa\u0144. Ponadto Tesa 57007 ma \u015bredni\u0105 przyczepno\u015b\u0107 pocz\u0105tkow\u0105. Dowiedz si\u0119 wi\u0119cej.","og_url":"https:\/\/cardinal-tapes.com\/pl\/ta\u015bmy-samoprzylepne\/kleje-w-plynie\/kleje\/tesa-60151-promotor-adhezji\/","og_site_name":"cardinal TAPES","article_modified_time":"2025-07-03T13:25:17+00:00","og_image":[{"width":600,"height":600,"url":"https:\/\/cardinal-tapes.com\/wp-content\/uploads\/tesa-all-purpose-glue-nart.jpg","type":"image\/jpeg"}],"twitter_card":"summary_large_image","twitter_misc":{"Szacowany czas czytania":"1 minuta"},"schema":{"@context":"https:\/\/schema.org","@graph":[{"@type":"WebPage","@id":"https:\/\/cardinal-tapes.com\/pl\/ta\u015bmy-samoprzylepne\/kleje-w-plynie\/kleje\/tesa-60151-promotor-adhezji\/","url":"https:\/\/cardinal-tapes.com\/pl\/ta\u015bmy-samoprzylepne\/kleje-w-plynie\/kleje\/tesa-60151-promotor-adhezji\/","name":"Tesa 57007 Uniwersalny klej do niezliczonych materia\u0142\u00f3w | Cardinal TAPES","isPartOf":{"@id":"https:\/\/cardinal-tapes.com\/#website"},"primaryImageOfPage":{"@id":"https:\/\/cardinal-tapes.com\/pl\/ta\u015bmy-samoprzylepne\/kleje-w-plynie\/kleje\/tesa-60151-promotor-adhezji\/#primaryimage"},"image":{"@id":"https:\/\/cardinal-tapes.com\/pl\/ta\u015bmy-samoprzylepne\/kleje-w-plynie\/kleje\/tesa-60151-promotor-adhezji\/#primaryimage"},"thumbnailUrl":"https:\/\/cardinal-tapes.com\/wp-content\/uploads\/tesa-all-purpose-glue-nart.jpg","datePublished":"2023-06-05T15:27:42+00:00","dateModified":"2025-07-03T13:25:17+00:00","description":"Uniwersalny klej Tesa 57007 imponuje szerokim zakresem zastosowa\u0144. Ponadto Tesa 57007 ma \u015bredni\u0105 przyczepno\u015b\u0107 pocz\u0105tkow\u0105. Dowiedz si\u0119 wi\u0119cej.","breadcrumb":{"@id":"https:\/\/cardinal-tapes.com\/pl\/ta\u015bmy-samoprzylepne\/kleje-w-plynie\/kleje\/tesa-60151-promotor-adhezji\/#breadcrumb"},"inLanguage":"pl-PL","potentialAction":[{"@type":"ReadAction","target":["https:\/\/cardinal-tapes.com\/pl\/ta\u015bmy-samoprzylepne\/kleje-w-plynie\/kleje\/tesa-60151-promotor-adhezji\/"]}]},{"@type":"ImageObject","inLanguage":"pl-PL","@id":"https:\/\/cardinal-tapes.com\/pl\/ta\u015bmy-samoprzylepne\/kleje-w-plynie\/kleje\/tesa-60151-promotor-adhezji\/#primaryimage","url":"https:\/\/cardinal-tapes.com\/wp-content\/uploads\/tesa-all-purpose-glue-nart.jpg","contentUrl":"https:\/\/cardinal-tapes.com\/wp-content\/uploads\/tesa-all-purpose-glue-nart.jpg","width":600,"height":600,"caption":"Uniwersalny klej tesa"},{"@type":"BreadcrumbList","@id":"https:\/\/cardinal-tapes.com\/pl\/ta\u015bmy-samoprzylepne\/kleje-w-plynie\/kleje\/tesa-60151-promotor-adhezji\/#breadcrumb","itemListElement":[{"@type":"ListItem","position":1,"name":"Startseite","item":"https:\/\/cardinal-tapes.com\/pl\/strona-glowna\/"},{"@type":"ListItem","position":2,"name":"Ta\u015bmy samoprzylepne","item":"https:\/\/cardinal-tapes.com\/pl\/tasmy-samoprzylepne-pl\/"},{"@type":"ListItem","position":3,"name":"Fl\u00fcssigkleber","item":"https:\/\/cardinal-tapes.com\/kategorie\/fluessigkleber\/"},{"@type":"ListItem","position":4,"name":"Klebstoffe","item":"https:\/\/cardinal-tapes.com\/kategorie\/fluessigkleber\/klebstoffe\/"},{"@type":"ListItem","position":5,"name":"Klej uniwersalny tesa\u00ae 57007"}]},{"@type":"WebSite","@id":"https:\/\/cardinal-tapes.com\/#website","url":"https:\/\/cardinal-tapes.com\/","name":"cardinal TAPES","description":"Klebetechnik aus Wuppertal","potentialAction":[{"@type":"SearchAction","target":{"@type":"EntryPoint","urlTemplate":"https:\/\/cardinal-tapes.com\/?s={search_term_string}"},"query-input":{"@type":"PropertyValueSpecification","valueRequired":true,"valueName":"search_term_string"}}],"inLanguage":"pl-PL"}]}},"brands":[{"id":2164,"name":"tesa","slug":"tesa-pl"}],"_links":{"self":[{"href":"https:\/\/cardinal-tapes.com\/pl\/wp-json\/wp\/v2\/product\/58930","targetHints":{"allow":["GET"]}}],"collection":[{"href":"https:\/\/cardinal-tapes.com\/pl\/wp-json\/wp\/v2\/product"}],"about":[{"href":"https:\/\/cardinal-tapes.com\/pl\/wp-json\/wp\/v2\/types\/product"}],"wp:featuredmedia":[{"embeddable":true,"href":"https:\/\/cardinal-tapes.com\/pl\/wp-json\/wp\/v2\/media\/26730"}],"wp:attachment":[{"href":"https:\/\/cardinal-tapes.com\/pl\/wp-json\/wp\/v2\/media?parent=58930"}],"wp:term":[{"taxonomy":"pwb-brand","embeddable":true,"href":"https:\/\/cardinal-tapes.com\/pl\/wp-json\/wp\/v2\/pwb-brand?post=58930"},{"taxonomy":"product_brand","embeddable":true,"href":"https:\/\/cardinal-tapes.com\/pl\/wp-json\/wp\/v2\/product_brand?post=58930"},{"taxonomy":"product_cat","embeddable":true,"href":"https:\/\/cardinal-tapes.com\/pl\/wp-json\/wp\/v2\/product_cat?post=58930"},{"taxonomy":"product_tag","embeddable":true,"href":"https:\/\/cardinal-tapes.com\/pl\/wp-json\/wp\/v2\/product_tag?post=58930"}],"curies":[{"name":"wp","href":"https:\/\/api.w.org\/{rel}","templated":true}]}}