{"id":58491,"date":"2018-02-20T09:49:18","date_gmt":"2023-06-05T15:27:32","guid":{"rendered":"https:\/\/cardinal.pixel-tal.de\/klebebaender\/bez-kategorii\/tasma-do-znakowania-podlog-i-ostrzegawcza-tesa-60760\/"},"modified":"2023-06-05T17:27:32","modified_gmt":"2023-06-05T15:27:32","slug":"tesa-60760-tasma-ostrzegawcza-do-znakowania-podlog","status":"publish","type":"product","link":"https:\/\/cardinal-tapes.com\/pl\/ta\u015bmy-samoprzylepne\/obszary-zastosowan\/tasma-do-znakowania-podlog\/tesa-60760-tasma-ostrzegawcza-do-znakowania-podlog\/","title":{"rendered":"Ta\u015bma do znakowania pod\u0142\u00f3g i ostrzegawcza tesa\u00ae 60760"},"content":{"rendered":"<section class=\"component js-toc-target\" data-style=\"components\/article-text\" data-toc-name=\"pages-product-product-description\">\n<div class=\"row\">\n<div class=\"col-default-12 col-sm-9\">\n<p><sup>tesa\u00ae<\/sup> 60760 to wytrzyma\u0142a ta\u015bma samoprzylepna z mi\u0119kkiego PVC wyposa\u017cona w zmodyfikowan\u0105 mieszank\u0119 kleju z naturalnego kauczuku, kt\u00f3ra zapewnia dobr\u0105 przyczepno\u015b\u0107 do wi\u0119kszo\u015bci pod\u0142o\u017cy. Ta\u015bma samoprzylepna optymalnie nadaje si\u0119 do tymczasowego oznaczania zagro\u017ce\u0144, a tak\u017ce do oznaczania wszelkiego rodzaju obiekt\u00f3w ruchomych i stacjonarnych. Dost\u0119pna w 7 kolorach &#8211; odpowiednia jako ta\u015bma oznaczeniowa lub ostrzegawcza w zale\u017cno\u015bci od wybranego koloru i zastosowania.<\/p>\n<p><strong>W\u0142a\u015bciwo\u015bci<\/strong><br \/>\n&#8211; Dobra wytrzyma\u0142o\u015b\u0107 na \u015bcinanie<br \/>\n&#8211; Nadaje si\u0119 do chropowatych powierzchni<\/p>\n<p><strong>Zastosowania<\/strong><br \/>\n&#8211; Tymczasowe i og\u00f3lne etykiety ostrzegawcze<br \/>\n&#8211; Oznaczenia na obiektach ruchomych i stacjonarnych<br \/>\n&#8211; Szczeg\u00f3lnie nadaje si\u0119 do u\u017cytku w pomieszczeniach<\/p>\n<\/div>\n<\/div>\n<\/section>\n","protected":false},"excerpt":{"rendered":"<p>tesa\u00ae 60760 to wytrzyma\u0142a ta\u015bma samoprzylepna z mi\u0119kkiego PVC wyposa\u017cona w zmodyfikowan\u0105 mieszank\u0119 kleju z naturalnego kauczuku, kt\u00f3ra zapewnia dobr\u0105 przyczepno\u015b\u0107 do wi\u0119kszo\u015bci pod\u0142o\u017cy. Ta\u015bma samoprzylepna optymalnie nadaje si\u0119 do tymczasowego oznaczania zagro\u017ce\u0144, a tak\u017ce do oznaczania wszelkiego rodzaju obiekt\u00f3w ruchomych i stacjonarnych. Dost\u0119pna w 7 kolorach &#8211; odpowiednia jako ta\u015bma oznaczeniowa lub ostrzegawcza w [&hellip;]<\/p>\n","protected":false},"featured_media":26066,"template":"","meta":{"_acf_changed":false},"pwb-brand":[2164],"product_brand":[],"product_cat":[1691,1816],"product_tag":[],"class_list":{"0":"post-58491","1":"product","2":"type-product","3":"status-publish","4":"has-post-thumbnail","6":"pwb-brand-tesa-pl","7":"product_cat-tasma-do-znakowania-podlog","8":"product_cat-jednostronne-tasmy-samoprzylepne","10":"first","11":"instock","12":"taxable","13":"shipping-taxable","14":"purchasable","15":"product-type-variable"},"acf":[],"yoast_head":"<!-- This site is optimized with the Yoast SEO plugin v27.3 - https:\/\/yoast.com\/product\/yoast-seo-wordpress\/ -->\n<title>Tesa 60760 Ta\u015bma ostrzegawcza i do znakowania pod\u0142\u00f3g | Cardinal TAPES<\/title>\n<meta name=\"description\" content=\"Tesa 60760 to wytrzyma\u0142a ta\u015bma samoprzylepna z mi\u0119kkiego PVC. Ma dobr\u0105 przyczepno\u015b\u0107 do wi\u0119kszo\u015bci pod\u0142o\u017cy. Dowiedz si\u0119 wi\u0119cej.\" \/>\n<meta name=\"robots\" content=\"index, follow, max-snippet:-1, max-image-preview:large, max-video-preview:-1\" \/>\n<link rel=\"canonical\" href=\"https:\/\/cardinal-tapes.com\/pl\/ta\u015bmy-samoprzylepne\/tasma-do-znakowania-podlog\/tesa-60760-tasma-ostrzegawcza-do-znakowania-podlog\/\" \/>\n<meta property=\"og:locale\" content=\"pl_PL\" \/>\n<meta property=\"og:type\" content=\"article\" \/>\n<meta property=\"og:title\" content=\"Tesa 60760 Ta\u015bma ostrzegawcza i do znakowania pod\u0142\u00f3g | Cardinal TAPES\" \/>\n<meta property=\"og:description\" content=\"Tesa 60760 to wytrzyma\u0142a ta\u015bma samoprzylepna z mi\u0119kkiego PVC. Ma dobr\u0105 przyczepno\u015b\u0107 do wi\u0119kszo\u015bci pod\u0142o\u017cy. Dowiedz si\u0119 wi\u0119cej.\" \/>\n<meta property=\"og:url\" content=\"https:\/\/cardinal-tapes.com\/pl\/ta\u015bmy-samoprzylepne\/tasma-do-znakowania-podlog\/tesa-60760-tasma-ostrzegawcza-do-znakowania-podlog\/\" \/>\n<meta property=\"og:site_name\" content=\"cardinal TAPES\" \/>\n<meta property=\"og:image\" content=\"https:\/\/cardinal-tapes.com\/wp-content\/uploads\/tesa-60760-as-001-fullsize171958_canvas1x1_6.jpg\" \/>\n\t<meta property=\"og:image:width\" content=\"640\" \/>\n\t<meta property=\"og:image:height\" content=\"453\" \/>\n\t<meta property=\"og:image:type\" content=\"image\/jpeg\" \/>\n<meta name=\"twitter:card\" content=\"summary_large_image\" \/>\n<meta name=\"twitter:label1\" content=\"Szacowany czas czytania\" \/>\n\t<meta name=\"twitter:data1\" content=\"1 minuta\" \/>\n<script type=\"application\/ld+json\" class=\"yoast-schema-graph\">{\"@context\":\"https:\\\/\\\/schema.org\",\"@graph\":[{\"@type\":\"WebPage\",\"@id\":\"https:\\\/\\\/cardinal-tapes.com\\\/pl\\\/ta\u015bmy-samoprzylepne\\\/tasma-do-znakowania-podlog\\\/tesa-60760-tasma-ostrzegawcza-do-znakowania-podlog\\\/\",\"url\":\"https:\\\/\\\/cardinal-tapes.com\\\/pl\\\/ta\u015bmy-samoprzylepne\\\/tasma-do-znakowania-podlog\\\/tesa-60760-tasma-ostrzegawcza-do-znakowania-podlog\\\/\",\"name\":\"Tesa 60760 Ta\u015bma ostrzegawcza i do znakowania pod\u0142\u00f3g | Cardinal TAPES\",\"isPartOf\":{\"@id\":\"https:\\\/\\\/cardinal-tapes.com\\\/#website\"},\"primaryImageOfPage\":{\"@id\":\"https:\\\/\\\/cardinal-tapes.com\\\/pl\\\/ta\u015bmy-samoprzylepne\\\/tasma-do-znakowania-podlog\\\/tesa-60760-tasma-ostrzegawcza-do-znakowania-podlog\\\/#primaryimage\"},\"image\":{\"@id\":\"https:\\\/\\\/cardinal-tapes.com\\\/pl\\\/ta\u015bmy-samoprzylepne\\\/tasma-do-znakowania-podlog\\\/tesa-60760-tasma-ostrzegawcza-do-znakowania-podlog\\\/#primaryimage\"},\"thumbnailUrl\":\"https:\\\/\\\/cardinal-tapes.com\\\/wp-content\\\/uploads\\\/tesa-60760-as-001-fullsize171958_canvas1x1_6.jpg\",\"datePublished\":\"2023-06-05T15:27:32+00:00\",\"description\":\"Tesa 60760 to wytrzyma\u0142a ta\u015bma samoprzylepna z mi\u0119kkiego PVC. Ma dobr\u0105 przyczepno\u015b\u0107 do wi\u0119kszo\u015bci pod\u0142o\u017cy. Dowiedz si\u0119 wi\u0119cej.\",\"breadcrumb\":{\"@id\":\"https:\\\/\\\/cardinal-tapes.com\\\/pl\\\/ta\u015bmy-samoprzylepne\\\/tasma-do-znakowania-podlog\\\/tesa-60760-tasma-ostrzegawcza-do-znakowania-podlog\\\/#breadcrumb\"},\"inLanguage\":\"pl-PL\",\"potentialAction\":[{\"@type\":\"ReadAction\",\"target\":[\"https:\\\/\\\/cardinal-tapes.com\\\/pl\\\/ta\u015bmy-samoprzylepne\\\/tasma-do-znakowania-podlog\\\/tesa-60760-tasma-ostrzegawcza-do-znakowania-podlog\\\/\"]}]},{\"@type\":\"ImageObject\",\"inLanguage\":\"pl-PL\",\"@id\":\"https:\\\/\\\/cardinal-tapes.com\\\/pl\\\/ta\u015bmy-samoprzylepne\\\/tasma-do-znakowania-podlog\\\/tesa-60760-tasma-ostrzegawcza-do-znakowania-podlog\\\/#primaryimage\",\"url\":\"https:\\\/\\\/cardinal-tapes.com\\\/wp-content\\\/uploads\\\/tesa-60760-as-001-fullsize171958_canvas1x1_6.jpg\",\"contentUrl\":\"https:\\\/\\\/cardinal-tapes.com\\\/wp-content\\\/uploads\\\/tesa-60760-as-001-fullsize171958_canvas1x1_6.jpg\",\"width\":640,\"height\":453,\"caption\":\"tesa 60760\"},{\"@type\":\"BreadcrumbList\",\"@id\":\"https:\\\/\\\/cardinal-tapes.com\\\/pl\\\/ta\u015bmy-samoprzylepne\\\/tasma-do-znakowania-podlog\\\/tesa-60760-tasma-ostrzegawcza-do-znakowania-podlog\\\/#breadcrumb\",\"itemListElement\":[{\"@type\":\"ListItem\",\"position\":1,\"name\":\"Startseite\",\"item\":\"https:\\\/\\\/cardinal-tapes.com\\\/pl\\\/strona-glowna\\\/\"},{\"@type\":\"ListItem\",\"position\":2,\"name\":\"Ta\u015bmy samoprzylepne\",\"item\":\"https:\\\/\\\/cardinal-tapes.com\\\/pl\\\/tasmy-samoprzylepne-pl\\\/\"},{\"@type\":\"ListItem\",\"position\":3,\"name\":\"Ta\u015bma do znakowania pod\u0142\u00f3g\",\"item\":\"https:\\\/\\\/cardinal-tapes.com\\\/pl\\\/kategoria\\\/tasma-do-znakowania-podlog\\\/\"},{\"@type\":\"ListItem\",\"position\":4,\"name\":\"Ta\u015bma do znakowania pod\u0142\u00f3g i ostrzegawcza tesa\u00ae 60760\"}]},{\"@type\":\"WebSite\",\"@id\":\"https:\\\/\\\/cardinal-tapes.com\\\/#website\",\"url\":\"https:\\\/\\\/cardinal-tapes.com\\\/\",\"name\":\"cardinal TAPES\",\"description\":\"Klebetechnik aus Wuppertal\",\"potentialAction\":[{\"@type\":\"SearchAction\",\"target\":{\"@type\":\"EntryPoint\",\"urlTemplate\":\"https:\\\/\\\/cardinal-tapes.com\\\/?s={search_term_string}\"},\"query-input\":{\"@type\":\"PropertyValueSpecification\",\"valueRequired\":true,\"valueName\":\"search_term_string\"}}],\"inLanguage\":\"pl-PL\"}]}<\/script>\n<!-- \/ Yoast SEO plugin. -->","yoast_head_json":{"title":"Tesa 60760 Ta\u015bma ostrzegawcza i do znakowania pod\u0142\u00f3g | Cardinal TAPES","description":"Tesa 60760 to wytrzyma\u0142a ta\u015bma samoprzylepna z mi\u0119kkiego PVC. Ma dobr\u0105 przyczepno\u015b\u0107 do wi\u0119kszo\u015bci pod\u0142o\u017cy. Dowiedz si\u0119 wi\u0119cej.","robots":{"index":"index","follow":"follow","max-snippet":"max-snippet:-1","max-image-preview":"max-image-preview:large","max-video-preview":"max-video-preview:-1"},"canonical":"https:\/\/cardinal-tapes.com\/pl\/ta\u015bmy-samoprzylepne\/tasma-do-znakowania-podlog\/tesa-60760-tasma-ostrzegawcza-do-znakowania-podlog\/","og_locale":"pl_PL","og_type":"article","og_title":"Tesa 60760 Ta\u015bma ostrzegawcza i do znakowania pod\u0142\u00f3g | Cardinal TAPES","og_description":"Tesa 60760 to wytrzyma\u0142a ta\u015bma samoprzylepna z mi\u0119kkiego PVC. Ma dobr\u0105 przyczepno\u015b\u0107 do wi\u0119kszo\u015bci pod\u0142o\u017cy. Dowiedz si\u0119 wi\u0119cej.","og_url":"https:\/\/cardinal-tapes.com\/pl\/ta\u015bmy-samoprzylepne\/tasma-do-znakowania-podlog\/tesa-60760-tasma-ostrzegawcza-do-znakowania-podlog\/","og_site_name":"cardinal TAPES","og_image":[{"width":640,"height":453,"url":"https:\/\/cardinal-tapes.com\/wp-content\/uploads\/tesa-60760-as-001-fullsize171958_canvas1x1_6.jpg","type":"image\/jpeg"}],"twitter_card":"summary_large_image","twitter_misc":{"Szacowany czas czytania":"1 minuta"},"schema":{"@context":"https:\/\/schema.org","@graph":[{"@type":"WebPage","@id":"https:\/\/cardinal-tapes.com\/pl\/ta\u015bmy-samoprzylepne\/tasma-do-znakowania-podlog\/tesa-60760-tasma-ostrzegawcza-do-znakowania-podlog\/","url":"https:\/\/cardinal-tapes.com\/pl\/ta\u015bmy-samoprzylepne\/tasma-do-znakowania-podlog\/tesa-60760-tasma-ostrzegawcza-do-znakowania-podlog\/","name":"Tesa 60760 Ta\u015bma ostrzegawcza i do znakowania pod\u0142\u00f3g | Cardinal TAPES","isPartOf":{"@id":"https:\/\/cardinal-tapes.com\/#website"},"primaryImageOfPage":{"@id":"https:\/\/cardinal-tapes.com\/pl\/ta\u015bmy-samoprzylepne\/tasma-do-znakowania-podlog\/tesa-60760-tasma-ostrzegawcza-do-znakowania-podlog\/#primaryimage"},"image":{"@id":"https:\/\/cardinal-tapes.com\/pl\/ta\u015bmy-samoprzylepne\/tasma-do-znakowania-podlog\/tesa-60760-tasma-ostrzegawcza-do-znakowania-podlog\/#primaryimage"},"thumbnailUrl":"https:\/\/cardinal-tapes.com\/wp-content\/uploads\/tesa-60760-as-001-fullsize171958_canvas1x1_6.jpg","datePublished":"2023-06-05T15:27:32+00:00","description":"Tesa 60760 to wytrzyma\u0142a ta\u015bma samoprzylepna z mi\u0119kkiego PVC. Ma dobr\u0105 przyczepno\u015b\u0107 do wi\u0119kszo\u015bci pod\u0142o\u017cy. Dowiedz si\u0119 wi\u0119cej.","breadcrumb":{"@id":"https:\/\/cardinal-tapes.com\/pl\/ta\u015bmy-samoprzylepne\/tasma-do-znakowania-podlog\/tesa-60760-tasma-ostrzegawcza-do-znakowania-podlog\/#breadcrumb"},"inLanguage":"pl-PL","potentialAction":[{"@type":"ReadAction","target":["https:\/\/cardinal-tapes.com\/pl\/ta\u015bmy-samoprzylepne\/tasma-do-znakowania-podlog\/tesa-60760-tasma-ostrzegawcza-do-znakowania-podlog\/"]}]},{"@type":"ImageObject","inLanguage":"pl-PL","@id":"https:\/\/cardinal-tapes.com\/pl\/ta\u015bmy-samoprzylepne\/tasma-do-znakowania-podlog\/tesa-60760-tasma-ostrzegawcza-do-znakowania-podlog\/#primaryimage","url":"https:\/\/cardinal-tapes.com\/wp-content\/uploads\/tesa-60760-as-001-fullsize171958_canvas1x1_6.jpg","contentUrl":"https:\/\/cardinal-tapes.com\/wp-content\/uploads\/tesa-60760-as-001-fullsize171958_canvas1x1_6.jpg","width":640,"height":453,"caption":"tesa 60760"},{"@type":"BreadcrumbList","@id":"https:\/\/cardinal-tapes.com\/pl\/ta\u015bmy-samoprzylepne\/tasma-do-znakowania-podlog\/tesa-60760-tasma-ostrzegawcza-do-znakowania-podlog\/#breadcrumb","itemListElement":[{"@type":"ListItem","position":1,"name":"Startseite","item":"https:\/\/cardinal-tapes.com\/pl\/strona-glowna\/"},{"@type":"ListItem","position":2,"name":"Ta\u015bmy samoprzylepne","item":"https:\/\/cardinal-tapes.com\/pl\/tasmy-samoprzylepne-pl\/"},{"@type":"ListItem","position":3,"name":"Ta\u015bma do znakowania pod\u0142\u00f3g","item":"https:\/\/cardinal-tapes.com\/pl\/kategoria\/tasma-do-znakowania-podlog\/"},{"@type":"ListItem","position":4,"name":"Ta\u015bma do znakowania pod\u0142\u00f3g i ostrzegawcza tesa\u00ae 60760"}]},{"@type":"WebSite","@id":"https:\/\/cardinal-tapes.com\/#website","url":"https:\/\/cardinal-tapes.com\/","name":"cardinal TAPES","description":"Klebetechnik aus Wuppertal","potentialAction":[{"@type":"SearchAction","target":{"@type":"EntryPoint","urlTemplate":"https:\/\/cardinal-tapes.com\/?s={search_term_string}"},"query-input":{"@type":"PropertyValueSpecification","valueRequired":true,"valueName":"search_term_string"}}],"inLanguage":"pl-PL"}]}},"brands":[{"id":2164,"name":"tesa","slug":"tesa-pl"}],"_links":{"self":[{"href":"https:\/\/cardinal-tapes.com\/pl\/wp-json\/wp\/v2\/product\/58491","targetHints":{"allow":["GET"]}}],"collection":[{"href":"https:\/\/cardinal-tapes.com\/pl\/wp-json\/wp\/v2\/product"}],"about":[{"href":"https:\/\/cardinal-tapes.com\/pl\/wp-json\/wp\/v2\/types\/product"}],"wp:featuredmedia":[{"embeddable":true,"href":"https:\/\/cardinal-tapes.com\/pl\/wp-json\/wp\/v2\/media\/26066"}],"wp:attachment":[{"href":"https:\/\/cardinal-tapes.com\/pl\/wp-json\/wp\/v2\/media?parent=58491"}],"wp:term":[{"taxonomy":"pwb-brand","embeddable":true,"href":"https:\/\/cardinal-tapes.com\/pl\/wp-json\/wp\/v2\/pwb-brand?post=58491"},{"taxonomy":"product_brand","embeddable":true,"href":"https:\/\/cardinal-tapes.com\/pl\/wp-json\/wp\/v2\/product_brand?post=58491"},{"taxonomy":"product_cat","embeddable":true,"href":"https:\/\/cardinal-tapes.com\/pl\/wp-json\/wp\/v2\/product_cat?post=58491"},{"taxonomy":"product_tag","embeddable":true,"href":"https:\/\/cardinal-tapes.com\/pl\/wp-json\/wp\/v2\/product_tag?post=58491"}],"curies":[{"name":"wp","href":"https:\/\/api.w.org\/{rel}","templated":true}]}}