{"id":58465,"date":"2018-02-19T16:25:32","date_gmt":"2018-02-19T15:25:32","guid":{"rendered":"https:\/\/cardinal.pixel-tal.de\/klebebaender\/bez-kategorii\/silikonowa-tasma-maskujaca-tesa-50650-pet\/"},"modified":"2025-07-03T15:30:03","modified_gmt":"2025-07-03T13:30:03","slug":"tesa-50650-pet-silikonowa-tasma-maskujaca","status":"publish","type":"product","link":"https:\/\/cardinal-tapes.com\/pl\/ta\u015bmy-samoprzylepne\/jednostronne-tasmy-samoprzylepne\/folia-pet\/tesa-50650-pet-silikonowa-tasma-maskujaca\/","title":{"rendered":"Silikonowa ta\u015bma maskuj\u0105ca tesa\u00ae 50650 PET"},"content":{"rendered":"<p><sup>tesa\u00ae<\/sup> 50650 to niebieska, p\u00f3\u0142przezroczysta, wysokotemperaturowa ta\u015bma maskuj\u0105ca z no\u015bnikiem poliestrowym i silikonow\u0105 substancj\u0105 klej\u0105c\u0105. <span class=\"lowercase\">tesa\u00ae <\/span> 50650 jest u\u017cywana do r\u00f3\u017cnych zastosowa\u0144, w szczeg\u00f3lno\u015bci do maskowania podczas proces\u00f3w malowania proszkowego lub do klejenia materia\u0142\u00f3w niepolarnych. Cienka ta\u015bma dobrze dopasowuje si\u0119 do nieregularnych kszta\u0142t\u00f3w, pozwala uzyska\u0107 ostre kraw\u0119dzie kolor\u00f3w i zapewnia doskona\u0142e zakotwiczenie kolor\u00f3w. Silikonowy system klej\u0105cy ta\u015bmy maskuj\u0105cej sprawia, \u017ce jest ona wyj\u0105tkowo odporna na ciep\u0142o i wytrzymuje ekstremalne temperatury do 220\u00b0C przez 30 minut.<\/p>\n<p><strong>W\u0142a\u015bciwo\u015bci<\/strong><br \/>\n&#8211; Wysoka elastyczno\u015b\u0107, do ekstremalnie ostrych kraw\u0119dzi<br \/>\n&#8211; Du\u017ca si\u0142a klejenia i odporno\u015b\u0107 na wysokie temperatury<br \/>\n&#8211; Mo\u017cliwo\u015b\u0107 usuwania bez pozostawiania \u015blad\u00f3w<\/p>\n<p><strong>Zastosowania<br \/>\n<\/strong>&#8211; Do maskowania powierzchni, kt\u00f3re nie b\u0119d\u0105 malowane podczas malowania proszkowego.<\/p>\n","protected":false},"excerpt":{"rendered":"<p>tesa\u00ae 50650 to niebieska, p\u00f3\u0142przezroczysta, wysokotemperaturowa ta\u015bma maskuj\u0105ca z no\u015bnikiem poliestrowym i silikonow\u0105 substancj\u0105 klej\u0105c\u0105. tesa\u00ae 50650 jest u\u017cywana do r\u00f3\u017cnych zastosowa\u0144, w szczeg\u00f3lno\u015bci do maskowania podczas proces\u00f3w malowania proszkowego lub do klejenia materia\u0142\u00f3w niepolarnych. Cienka ta\u015bma dobrze dopasowuje si\u0119 do nieregularnych kszta\u0142t\u00f3w, pozwala uzyska\u0107 ostre kraw\u0119dzie kolor\u00f3w i zapewnia doskona\u0142e zakotwiczenie kolor\u00f3w. Silikonowy system [&hellip;]<\/p>\n","protected":false},"featured_media":79047,"template":"","meta":{"_acf_changed":false},"pwb-brand":[2164],"product_brand":[],"product_cat":[1816,1819],"product_tag":[],"class_list":{"0":"post-58465","1":"product","2":"type-product","3":"status-publish","4":"has-post-thumbnail","6":"pwb-brand-tesa-pl","7":"product_cat-jednostronne-tasmy-samoprzylepne","8":"product_cat-folia-pet","10":"first","11":"instock","12":"taxable","13":"shipping-taxable","14":"purchasable","15":"product-type-variable"},"acf":[],"yoast_head":"<!-- This site is optimized with the Yoast SEO plugin v27.3 - https:\/\/yoast.com\/product\/yoast-seo-wordpress\/ -->\n<title>Silikonowa ta\u015bma maskuj\u0105ca tesa\u00ae 50650 PET | Cardinal TAPES<\/title>\n<meta name=\"description\" content=\"tesa\u00ae 50650 to niebieska, wyj\u0105tkowo odporna na wysokie temperatury poliestrowa ta\u015bma maskuj\u0105ca z domieszk\u0105 silikonu. Wi\u0119cej informacji na temat ta\u015bmy mo\u017cna znale\u017a\u0107 tutaj.\" \/>\n<meta name=\"robots\" content=\"index, follow, max-snippet:-1, max-image-preview:large, max-video-preview:-1\" \/>\n<link rel=\"canonical\" href=\"https:\/\/cardinal-tapes.com\/pl\/ta\u015bmy-samoprzylepne\/jednostronne-tasmy-samoprzylepne\/folia-pet\/tesa-50650-pet-silikonowa-tasma-maskujaca\/\" \/>\n<meta property=\"og:locale\" content=\"pl_PL\" \/>\n<meta property=\"og:type\" content=\"article\" \/>\n<meta property=\"og:title\" content=\"Silikonowa ta\u015bma maskuj\u0105ca tesa\u00ae 50650 PET | Cardinal TAPES\" \/>\n<meta property=\"og:description\" content=\"tesa\u00ae 50650 to niebieska, wyj\u0105tkowo odporna na wysokie temperatury poliestrowa ta\u015bma maskuj\u0105ca z domieszk\u0105 silikonu. Wi\u0119cej informacji na temat ta\u015bmy mo\u017cna znale\u017a\u0107 tutaj.\" \/>\n<meta property=\"og:url\" content=\"https:\/\/cardinal-tapes.com\/pl\/ta\u015bmy-samoprzylepne\/jednostronne-tasmy-samoprzylepne\/folia-pet\/tesa-50650-pet-silikonowa-tasma-maskujaca\/\" \/>\n<meta property=\"og:site_name\" content=\"cardinal TAPES\" \/>\n<meta property=\"article:modified_time\" content=\"2025-07-03T13:30:03+00:00\" \/>\n<meta property=\"og:image\" content=\"https:\/\/cardinal-tapes.com\/wp-content\/uploads\/medium-1117530211175302_canvas1x1_10.webp\" \/>\n\t<meta property=\"og:image:width\" content=\"1034\" \/>\n\t<meta property=\"og:image:height\" content=\"1034\" \/>\n\t<meta property=\"og:image:type\" content=\"image\/webp\" \/>\n<meta name=\"twitter:card\" content=\"summary_large_image\" \/>\n<meta name=\"twitter:label1\" content=\"Szacowany czas czytania\" \/>\n\t<meta name=\"twitter:data1\" content=\"1 minuta\" \/>\n<script type=\"application\/ld+json\" class=\"yoast-schema-graph\">{\"@context\":\"https:\\\/\\\/schema.org\",\"@graph\":[{\"@type\":\"WebPage\",\"@id\":\"https:\\\/\\\/cardinal-tapes.com\\\/pl\\\/ta\u015bmy-samoprzylepne\\\/jednostronne-tasmy-samoprzylepne\\\/folia-pet\\\/tesa-50650-pet-silikonowa-tasma-maskujaca\\\/\",\"url\":\"https:\\\/\\\/cardinal-tapes.com\\\/pl\\\/ta\u015bmy-samoprzylepne\\\/jednostronne-tasmy-samoprzylepne\\\/folia-pet\\\/tesa-50650-pet-silikonowa-tasma-maskujaca\\\/\",\"name\":\"Silikonowa ta\u015bma maskuj\u0105ca tesa\u00ae 50650 PET | Cardinal TAPES\",\"isPartOf\":{\"@id\":\"https:\\\/\\\/cardinal-tapes.com\\\/#website\"},\"primaryImageOfPage\":{\"@id\":\"https:\\\/\\\/cardinal-tapes.com\\\/pl\\\/ta\u015bmy-samoprzylepne\\\/jednostronne-tasmy-samoprzylepne\\\/folia-pet\\\/tesa-50650-pet-silikonowa-tasma-maskujaca\\\/#primaryimage\"},\"image\":{\"@id\":\"https:\\\/\\\/cardinal-tapes.com\\\/pl\\\/ta\u015bmy-samoprzylepne\\\/jednostronne-tasmy-samoprzylepne\\\/folia-pet\\\/tesa-50650-pet-silikonowa-tasma-maskujaca\\\/#primaryimage\"},\"thumbnailUrl\":\"https:\\\/\\\/cardinal-tapes.com\\\/wp-content\\\/uploads\\\/medium-1117530211175302_canvas1x1_10.webp\",\"datePublished\":\"2018-02-19T15:25:32+00:00\",\"dateModified\":\"2025-07-03T13:30:03+00:00\",\"description\":\"tesa\u00ae 50650 to niebieska, wyj\u0105tkowo odporna na wysokie temperatury poliestrowa ta\u015bma maskuj\u0105ca z domieszk\u0105 silikonu. Wi\u0119cej informacji na temat ta\u015bmy mo\u017cna znale\u017a\u0107 tutaj.\",\"breadcrumb\":{\"@id\":\"https:\\\/\\\/cardinal-tapes.com\\\/pl\\\/ta\u015bmy-samoprzylepne\\\/jednostronne-tasmy-samoprzylepne\\\/folia-pet\\\/tesa-50650-pet-silikonowa-tasma-maskujaca\\\/#breadcrumb\"},\"inLanguage\":\"pl-PL\",\"potentialAction\":[{\"@type\":\"ReadAction\",\"target\":[\"https:\\\/\\\/cardinal-tapes.com\\\/pl\\\/ta\u015bmy-samoprzylepne\\\/jednostronne-tasmy-samoprzylepne\\\/folia-pet\\\/tesa-50650-pet-silikonowa-tasma-maskujaca\\\/\"]}]},{\"@type\":\"ImageObject\",\"inLanguage\":\"pl-PL\",\"@id\":\"https:\\\/\\\/cardinal-tapes.com\\\/pl\\\/ta\u015bmy-samoprzylepne\\\/jednostronne-tasmy-samoprzylepne\\\/folia-pet\\\/tesa-50650-pet-silikonowa-tasma-maskujaca\\\/#primaryimage\",\"url\":\"https:\\\/\\\/cardinal-tapes.com\\\/wp-content\\\/uploads\\\/medium-1117530211175302_canvas1x1_10.webp\",\"contentUrl\":\"https:\\\/\\\/cardinal-tapes.com\\\/wp-content\\\/uploads\\\/medium-1117530211175302_canvas1x1_10.webp\",\"width\":1034,\"height\":1034},{\"@type\":\"BreadcrumbList\",\"@id\":\"https:\\\/\\\/cardinal-tapes.com\\\/pl\\\/ta\u015bmy-samoprzylepne\\\/jednostronne-tasmy-samoprzylepne\\\/folia-pet\\\/tesa-50650-pet-silikonowa-tasma-maskujaca\\\/#breadcrumb\",\"itemListElement\":[{\"@type\":\"ListItem\",\"position\":1,\"name\":\"Startseite\",\"item\":\"https:\\\/\\\/cardinal-tapes.com\\\/pl\\\/strona-glowna\\\/\"},{\"@type\":\"ListItem\",\"position\":2,\"name\":\"Ta\u015bmy samoprzylepne\",\"item\":\"https:\\\/\\\/cardinal-tapes.com\\\/pl\\\/tasmy-samoprzylepne-pl\\\/\"},{\"@type\":\"ListItem\",\"position\":3,\"name\":\"Einseitige Klebeb\u00e4nder\",\"item\":\"https:\\\/\\\/cardinal-tapes.com\\\/kategorie\\\/einseitige-klebebaender\\\/\"},{\"@type\":\"ListItem\",\"position\":4,\"name\":\"Silikonowa ta\u015bma maskuj\u0105ca tesa\u00ae 50650 PET\"}]},{\"@type\":\"WebSite\",\"@id\":\"https:\\\/\\\/cardinal-tapes.com\\\/#website\",\"url\":\"https:\\\/\\\/cardinal-tapes.com\\\/\",\"name\":\"cardinal TAPES\",\"description\":\"Klebetechnik aus Wuppertal\",\"potentialAction\":[{\"@type\":\"SearchAction\",\"target\":{\"@type\":\"EntryPoint\",\"urlTemplate\":\"https:\\\/\\\/cardinal-tapes.com\\\/?s={search_term_string}\"},\"query-input\":{\"@type\":\"PropertyValueSpecification\",\"valueRequired\":true,\"valueName\":\"search_term_string\"}}],\"inLanguage\":\"pl-PL\"}]}<\/script>\n<!-- \/ Yoast SEO plugin. -->","yoast_head_json":{"title":"Silikonowa ta\u015bma maskuj\u0105ca tesa\u00ae 50650 PET | Cardinal TAPES","description":"tesa\u00ae 50650 to niebieska, wyj\u0105tkowo odporna na wysokie temperatury poliestrowa ta\u015bma maskuj\u0105ca z domieszk\u0105 silikonu. Wi\u0119cej informacji na temat ta\u015bmy mo\u017cna znale\u017a\u0107 tutaj.","robots":{"index":"index","follow":"follow","max-snippet":"max-snippet:-1","max-image-preview":"max-image-preview:large","max-video-preview":"max-video-preview:-1"},"canonical":"https:\/\/cardinal-tapes.com\/pl\/ta\u015bmy-samoprzylepne\/jednostronne-tasmy-samoprzylepne\/folia-pet\/tesa-50650-pet-silikonowa-tasma-maskujaca\/","og_locale":"pl_PL","og_type":"article","og_title":"Silikonowa ta\u015bma maskuj\u0105ca tesa\u00ae 50650 PET | Cardinal TAPES","og_description":"tesa\u00ae 50650 to niebieska, wyj\u0105tkowo odporna na wysokie temperatury poliestrowa ta\u015bma maskuj\u0105ca z domieszk\u0105 silikonu. Wi\u0119cej informacji na temat ta\u015bmy mo\u017cna znale\u017a\u0107 tutaj.","og_url":"https:\/\/cardinal-tapes.com\/pl\/ta\u015bmy-samoprzylepne\/jednostronne-tasmy-samoprzylepne\/folia-pet\/tesa-50650-pet-silikonowa-tasma-maskujaca\/","og_site_name":"cardinal TAPES","article_modified_time":"2025-07-03T13:30:03+00:00","og_image":[{"width":1034,"height":1034,"url":"https:\/\/cardinal-tapes.com\/wp-content\/uploads\/medium-1117530211175302_canvas1x1_10.webp","type":"image\/webp"}],"twitter_card":"summary_large_image","twitter_misc":{"Szacowany czas czytania":"1 minuta"},"schema":{"@context":"https:\/\/schema.org","@graph":[{"@type":"WebPage","@id":"https:\/\/cardinal-tapes.com\/pl\/ta\u015bmy-samoprzylepne\/jednostronne-tasmy-samoprzylepne\/folia-pet\/tesa-50650-pet-silikonowa-tasma-maskujaca\/","url":"https:\/\/cardinal-tapes.com\/pl\/ta\u015bmy-samoprzylepne\/jednostronne-tasmy-samoprzylepne\/folia-pet\/tesa-50650-pet-silikonowa-tasma-maskujaca\/","name":"Silikonowa ta\u015bma maskuj\u0105ca tesa\u00ae 50650 PET | Cardinal TAPES","isPartOf":{"@id":"https:\/\/cardinal-tapes.com\/#website"},"primaryImageOfPage":{"@id":"https:\/\/cardinal-tapes.com\/pl\/ta\u015bmy-samoprzylepne\/jednostronne-tasmy-samoprzylepne\/folia-pet\/tesa-50650-pet-silikonowa-tasma-maskujaca\/#primaryimage"},"image":{"@id":"https:\/\/cardinal-tapes.com\/pl\/ta\u015bmy-samoprzylepne\/jednostronne-tasmy-samoprzylepne\/folia-pet\/tesa-50650-pet-silikonowa-tasma-maskujaca\/#primaryimage"},"thumbnailUrl":"https:\/\/cardinal-tapes.com\/wp-content\/uploads\/medium-1117530211175302_canvas1x1_10.webp","datePublished":"2018-02-19T15:25:32+00:00","dateModified":"2025-07-03T13:30:03+00:00","description":"tesa\u00ae 50650 to niebieska, wyj\u0105tkowo odporna na wysokie temperatury poliestrowa ta\u015bma maskuj\u0105ca z domieszk\u0105 silikonu. Wi\u0119cej informacji na temat ta\u015bmy mo\u017cna znale\u017a\u0107 tutaj.","breadcrumb":{"@id":"https:\/\/cardinal-tapes.com\/pl\/ta\u015bmy-samoprzylepne\/jednostronne-tasmy-samoprzylepne\/folia-pet\/tesa-50650-pet-silikonowa-tasma-maskujaca\/#breadcrumb"},"inLanguage":"pl-PL","potentialAction":[{"@type":"ReadAction","target":["https:\/\/cardinal-tapes.com\/pl\/ta\u015bmy-samoprzylepne\/jednostronne-tasmy-samoprzylepne\/folia-pet\/tesa-50650-pet-silikonowa-tasma-maskujaca\/"]}]},{"@type":"ImageObject","inLanguage":"pl-PL","@id":"https:\/\/cardinal-tapes.com\/pl\/ta\u015bmy-samoprzylepne\/jednostronne-tasmy-samoprzylepne\/folia-pet\/tesa-50650-pet-silikonowa-tasma-maskujaca\/#primaryimage","url":"https:\/\/cardinal-tapes.com\/wp-content\/uploads\/medium-1117530211175302_canvas1x1_10.webp","contentUrl":"https:\/\/cardinal-tapes.com\/wp-content\/uploads\/medium-1117530211175302_canvas1x1_10.webp","width":1034,"height":1034},{"@type":"BreadcrumbList","@id":"https:\/\/cardinal-tapes.com\/pl\/ta\u015bmy-samoprzylepne\/jednostronne-tasmy-samoprzylepne\/folia-pet\/tesa-50650-pet-silikonowa-tasma-maskujaca\/#breadcrumb","itemListElement":[{"@type":"ListItem","position":1,"name":"Startseite","item":"https:\/\/cardinal-tapes.com\/pl\/strona-glowna\/"},{"@type":"ListItem","position":2,"name":"Ta\u015bmy samoprzylepne","item":"https:\/\/cardinal-tapes.com\/pl\/tasmy-samoprzylepne-pl\/"},{"@type":"ListItem","position":3,"name":"Einseitige Klebeb\u00e4nder","item":"https:\/\/cardinal-tapes.com\/kategorie\/einseitige-klebebaender\/"},{"@type":"ListItem","position":4,"name":"Silikonowa ta\u015bma maskuj\u0105ca tesa\u00ae 50650 PET"}]},{"@type":"WebSite","@id":"https:\/\/cardinal-tapes.com\/#website","url":"https:\/\/cardinal-tapes.com\/","name":"cardinal TAPES","description":"Klebetechnik aus Wuppertal","potentialAction":[{"@type":"SearchAction","target":{"@type":"EntryPoint","urlTemplate":"https:\/\/cardinal-tapes.com\/?s={search_term_string}"},"query-input":{"@type":"PropertyValueSpecification","valueRequired":true,"valueName":"search_term_string"}}],"inLanguage":"pl-PL"}]}},"brands":[{"id":2164,"name":"tesa","slug":"tesa-pl"}],"_links":{"self":[{"href":"https:\/\/cardinal-tapes.com\/pl\/wp-json\/wp\/v2\/product\/58465","targetHints":{"allow":["GET"]}}],"collection":[{"href":"https:\/\/cardinal-tapes.com\/pl\/wp-json\/wp\/v2\/product"}],"about":[{"href":"https:\/\/cardinal-tapes.com\/pl\/wp-json\/wp\/v2\/types\/product"}],"wp:featuredmedia":[{"embeddable":true,"href":"https:\/\/cardinal-tapes.com\/pl\/wp-json\/wp\/v2\/media\/79047"}],"wp:attachment":[{"href":"https:\/\/cardinal-tapes.com\/pl\/wp-json\/wp\/v2\/media?parent=58465"}],"wp:term":[{"taxonomy":"pwb-brand","embeddable":true,"href":"https:\/\/cardinal-tapes.com\/pl\/wp-json\/wp\/v2\/pwb-brand?post=58465"},{"taxonomy":"product_brand","embeddable":true,"href":"https:\/\/cardinal-tapes.com\/pl\/wp-json\/wp\/v2\/product_brand?post=58465"},{"taxonomy":"product_cat","embeddable":true,"href":"https:\/\/cardinal-tapes.com\/pl\/wp-json\/wp\/v2\/product_cat?post=58465"},{"taxonomy":"product_tag","embeddable":true,"href":"https:\/\/cardinal-tapes.com\/pl\/wp-json\/wp\/v2\/product_tag?post=58465"}],"curies":[{"name":"wp","href":"https:\/\/api.w.org\/{rel}","templated":true}]}}