{"id":57813,"date":"2018-02-20T13:29:17","date_gmt":"2023-06-05T15:27:21","guid":{"rendered":"https:\/\/cardinal.pixel-tal.de\/klebebaender\/bez-kategorii\/tesakrepp-4331-tasma-maskujaca-premium-odporna-na-wysokie-temperatury\/"},"modified":"2025-07-03T16:04:09","modified_gmt":"2025-07-03T14:04:09","slug":"tesa-4331-tasma-maskujaca-premium-odporna-na-wysokie-temperatury","status":"publish","type":"product","link":"https:\/\/cardinal-tapes.com\/pl\/ta\u015bmy-samoprzylepne\/jednostronne-tasmy-samoprzylepne\/tesa-4331-tasma-maskujaca-premium-odporna-na-wysokie-temperatury\/","title":{"rendered":"tesakrepp\u00ae 4331 Ta\u015bma maskuj\u0105ca premium odporna na wysokie temperatury"},"content":{"rendered":"<p><sup>tesa\u00ae<\/sup> 4331 to szczeg\u00f3lnie odporna na wysokie temperatury, g\u0142adka ta\u015bma maskuj\u0105ca wykonana z folii poliestrowej laminowanej w\u0142\u00f3knin\u0105 i mieszank\u0105 gumy silikonowej.<br \/>\nProdukt ten charakteryzuje si\u0119 du\u017c\u0105 si\u0142\u0105 klejenia, p\u0142askimi kraw\u0119dziami maskuj\u0105cymi po aplikacji i \u0142atwo\u015bci\u0105 usuwania.<\/p>\n<p><strong>W\u0142a\u015bciwo\u015bci<\/strong><br \/>\n&#8211; Odporno\u015b\u0107 na wysokie temperatury<\/p>\n<p><strong>Zastosowania<\/strong><br \/>\n&#8211; Maskowanie podczas odpornego na zarysowania i uderzenia malowania proszkowego z p\u00f3\u017aniejszym wypalaniem w wysokiej temperaturze, np. stali.<br \/>\n&#8211; Ci\u0105g\u0142e klejenie silikonowanych papier\u00f3w i folii.<br \/>\n&#8211; Maskowanie p\u0142ytek drukowanych w k\u0105pieli lutowniczej.<\/p>\n<p>&nbsp;<\/p>\n","protected":false},"excerpt":{"rendered":"<p>tesa\u00ae 4331 to szczeg\u00f3lnie odporna na wysokie temperatury, g\u0142adka ta\u015bma maskuj\u0105ca wykonana z folii poliestrowej laminowanej w\u0142\u00f3knin\u0105 i mieszank\u0105 gumy silikonowej. Produkt ten charakteryzuje si\u0119 du\u017c\u0105 si\u0142\u0105 klejenia, p\u0142askimi kraw\u0119dziami maskuj\u0105cymi po aplikacji i \u0142atwo\u015bci\u0105 usuwania. W\u0142a\u015bciwo\u015bci &#8211; Odporno\u015b\u0107 na wysokie temperatury Zastosowania &#8211; Maskowanie podczas odpornego na zarysowania i uderzenia malowania proszkowego z p\u00f3\u017aniejszym [&hellip;]<\/p>\n","protected":false},"featured_media":26462,"template":"","meta":{"_acf_changed":false},"pwb-brand":[2164],"product_brand":[],"product_cat":[1816],"product_tag":[],"class_list":{"0":"post-57813","1":"product","2":"type-product","3":"status-publish","4":"has-post-thumbnail","6":"pwb-brand-tesa-pl","7":"product_cat-jednostronne-tasmy-samoprzylepne","9":"first","10":"instock","11":"taxable","12":"shipping-taxable","13":"purchasable","14":"product-type-variable"},"acf":[],"yoast_head":"<!-- This site is optimized with the Yoast SEO plugin v27.3 - https:\/\/yoast.com\/product\/yoast-seo-wordpress\/ -->\n<title>Tesa 4331 Ta\u015bma maskuj\u0105ca Premium o wysokiej odporno\u015bci termicznej | Cardinal TAPES<\/title>\n<meta name=\"description\" content=\"Tesa 4331 to wyj\u0105tkowo odporna na wysok\u0105 temperatur\u0119, g\u0142adka ta\u015bma maskuj\u0105ca wykonana z folii poliestrowej laminowanej w\u0142\u00f3knin\u0105 i mieszank\u0105 gumy silikonowej.\" \/>\n<meta name=\"robots\" content=\"index, follow, max-snippet:-1, max-image-preview:large, max-video-preview:-1\" \/>\n<link rel=\"canonical\" href=\"https:\/\/cardinal-tapes.com\/pl\/ta\u015bmy-samoprzylepne\/jednostronne-tasmy-samoprzylepne\/tesa-4331-tasma-maskujaca-premium-odporna-na-wysokie-temperatury\/\" \/>\n<meta property=\"og:locale\" content=\"pl_PL\" \/>\n<meta property=\"og:type\" content=\"article\" \/>\n<meta property=\"og:title\" content=\"Tesa 4331 Ta\u015bma maskuj\u0105ca Premium o wysokiej odporno\u015bci termicznej | Cardinal TAPES\" \/>\n<meta property=\"og:description\" content=\"Tesa 4331 to wyj\u0105tkowo odporna na wysok\u0105 temperatur\u0119, g\u0142adka ta\u015bma maskuj\u0105ca wykonana z folii poliestrowej laminowanej w\u0142\u00f3knin\u0105 i mieszank\u0105 gumy silikonowej.\" \/>\n<meta property=\"og:url\" content=\"https:\/\/cardinal-tapes.com\/pl\/ta\u015bmy-samoprzylepne\/jednostronne-tasmy-samoprzylepne\/tesa-4331-tasma-maskujaca-premium-odporna-na-wysokie-temperatury\/\" \/>\n<meta property=\"og:site_name\" content=\"cardinal TAPES\" \/>\n<meta property=\"article:modified_time\" content=\"2025-07-03T14:04:09+00:00\" \/>\n<meta property=\"og:image\" content=\"https:\/\/cardinal-tapes.com\/wp-content\/uploads\/tesa-04331.jpg\" \/>\n\t<meta property=\"og:image:width\" content=\"600\" \/>\n\t<meta property=\"og:image:height\" content=\"600\" \/>\n\t<meta property=\"og:image:type\" content=\"image\/jpeg\" \/>\n<meta name=\"twitter:card\" content=\"summary_large_image\" \/>\n<script type=\"application\/ld+json\" class=\"yoast-schema-graph\">{\"@context\":\"https:\\\/\\\/schema.org\",\"@graph\":[{\"@type\":\"WebPage\",\"@id\":\"https:\\\/\\\/cardinal-tapes.com\\\/pl\\\/ta\u015bmy-samoprzylepne\\\/jednostronne-tasmy-samoprzylepne\\\/tesa-4331-tasma-maskujaca-premium-odporna-na-wysokie-temperatury\\\/\",\"url\":\"https:\\\/\\\/cardinal-tapes.com\\\/pl\\\/ta\u015bmy-samoprzylepne\\\/jednostronne-tasmy-samoprzylepne\\\/tesa-4331-tasma-maskujaca-premium-odporna-na-wysokie-temperatury\\\/\",\"name\":\"Tesa 4331 Ta\u015bma maskuj\u0105ca Premium o wysokiej odporno\u015bci termicznej | Cardinal TAPES\",\"isPartOf\":{\"@id\":\"https:\\\/\\\/cardinal-tapes.com\\\/#website\"},\"primaryImageOfPage\":{\"@id\":\"https:\\\/\\\/cardinal-tapes.com\\\/pl\\\/ta\u015bmy-samoprzylepne\\\/jednostronne-tasmy-samoprzylepne\\\/tesa-4331-tasma-maskujaca-premium-odporna-na-wysokie-temperatury\\\/#primaryimage\"},\"image\":{\"@id\":\"https:\\\/\\\/cardinal-tapes.com\\\/pl\\\/ta\u015bmy-samoprzylepne\\\/jednostronne-tasmy-samoprzylepne\\\/tesa-4331-tasma-maskujaca-premium-odporna-na-wysokie-temperatury\\\/#primaryimage\"},\"thumbnailUrl\":\"https:\\\/\\\/cardinal-tapes.com\\\/wp-content\\\/uploads\\\/tesa-04331.jpg\",\"datePublished\":\"2023-06-05T15:27:21+00:00\",\"dateModified\":\"2025-07-03T14:04:09+00:00\",\"description\":\"Tesa 4331 to wyj\u0105tkowo odporna na wysok\u0105 temperatur\u0119, g\u0142adka ta\u015bma maskuj\u0105ca wykonana z folii poliestrowej laminowanej w\u0142\u00f3knin\u0105 i mieszank\u0105 gumy silikonowej.\",\"breadcrumb\":{\"@id\":\"https:\\\/\\\/cardinal-tapes.com\\\/pl\\\/ta\u015bmy-samoprzylepne\\\/jednostronne-tasmy-samoprzylepne\\\/tesa-4331-tasma-maskujaca-premium-odporna-na-wysokie-temperatury\\\/#breadcrumb\"},\"inLanguage\":\"pl-PL\",\"potentialAction\":[{\"@type\":\"ReadAction\",\"target\":[\"https:\\\/\\\/cardinal-tapes.com\\\/pl\\\/ta\u015bmy-samoprzylepne\\\/jednostronne-tasmy-samoprzylepne\\\/tesa-4331-tasma-maskujaca-premium-odporna-na-wysokie-temperatury\\\/\"]}]},{\"@type\":\"ImageObject\",\"inLanguage\":\"pl-PL\",\"@id\":\"https:\\\/\\\/cardinal-tapes.com\\\/pl\\\/ta\u015bmy-samoprzylepne\\\/jednostronne-tasmy-samoprzylepne\\\/tesa-4331-tasma-maskujaca-premium-odporna-na-wysokie-temperatury\\\/#primaryimage\",\"url\":\"https:\\\/\\\/cardinal-tapes.com\\\/wp-content\\\/uploads\\\/tesa-04331.jpg\",\"contentUrl\":\"https:\\\/\\\/cardinal-tapes.com\\\/wp-content\\\/uploads\\\/tesa-04331.jpg\",\"width\":600,\"height\":600,\"caption\":\"tesa 4331\"},{\"@type\":\"BreadcrumbList\",\"@id\":\"https:\\\/\\\/cardinal-tapes.com\\\/pl\\\/ta\u015bmy-samoprzylepne\\\/jednostronne-tasmy-samoprzylepne\\\/tesa-4331-tasma-maskujaca-premium-odporna-na-wysokie-temperatury\\\/#breadcrumb\",\"itemListElement\":[{\"@type\":\"ListItem\",\"position\":1,\"name\":\"Startseite\",\"item\":\"https:\\\/\\\/cardinal-tapes.com\\\/pl\\\/strona-glowna\\\/\"},{\"@type\":\"ListItem\",\"position\":2,\"name\":\"Ta\u015bmy samoprzylepne\",\"item\":\"https:\\\/\\\/cardinal-tapes.com\\\/pl\\\/tasmy-samoprzylepne-pl\\\/\"},{\"@type\":\"ListItem\",\"position\":3,\"name\":\"Jednostronne ta\u015bmy samoprzylepne\",\"item\":\"https:\\\/\\\/cardinal-tapes.com\\\/pl\\\/kategoria\\\/jednostronne-tasmy-samoprzylepne\\\/\"},{\"@type\":\"ListItem\",\"position\":4,\"name\":\"tesakrepp\u00ae 4331 Ta\u015bma maskuj\u0105ca premium odporna na wysokie temperatury\"}]},{\"@type\":\"WebSite\",\"@id\":\"https:\\\/\\\/cardinal-tapes.com\\\/#website\",\"url\":\"https:\\\/\\\/cardinal-tapes.com\\\/\",\"name\":\"cardinal TAPES\",\"description\":\"Klebetechnik aus Wuppertal\",\"potentialAction\":[{\"@type\":\"SearchAction\",\"target\":{\"@type\":\"EntryPoint\",\"urlTemplate\":\"https:\\\/\\\/cardinal-tapes.com\\\/?s={search_term_string}\"},\"query-input\":{\"@type\":\"PropertyValueSpecification\",\"valueRequired\":true,\"valueName\":\"search_term_string\"}}],\"inLanguage\":\"pl-PL\"}]}<\/script>\n<!-- \/ Yoast SEO plugin. -->","yoast_head_json":{"title":"Tesa 4331 Ta\u015bma maskuj\u0105ca Premium o wysokiej odporno\u015bci termicznej | Cardinal TAPES","description":"Tesa 4331 to wyj\u0105tkowo odporna na wysok\u0105 temperatur\u0119, g\u0142adka ta\u015bma maskuj\u0105ca wykonana z folii poliestrowej laminowanej w\u0142\u00f3knin\u0105 i mieszank\u0105 gumy silikonowej.","robots":{"index":"index","follow":"follow","max-snippet":"max-snippet:-1","max-image-preview":"max-image-preview:large","max-video-preview":"max-video-preview:-1"},"canonical":"https:\/\/cardinal-tapes.com\/pl\/ta\u015bmy-samoprzylepne\/jednostronne-tasmy-samoprzylepne\/tesa-4331-tasma-maskujaca-premium-odporna-na-wysokie-temperatury\/","og_locale":"pl_PL","og_type":"article","og_title":"Tesa 4331 Ta\u015bma maskuj\u0105ca Premium o wysokiej odporno\u015bci termicznej | Cardinal TAPES","og_description":"Tesa 4331 to wyj\u0105tkowo odporna na wysok\u0105 temperatur\u0119, g\u0142adka ta\u015bma maskuj\u0105ca wykonana z folii poliestrowej laminowanej w\u0142\u00f3knin\u0105 i mieszank\u0105 gumy silikonowej.","og_url":"https:\/\/cardinal-tapes.com\/pl\/ta\u015bmy-samoprzylepne\/jednostronne-tasmy-samoprzylepne\/tesa-4331-tasma-maskujaca-premium-odporna-na-wysokie-temperatury\/","og_site_name":"cardinal TAPES","article_modified_time":"2025-07-03T14:04:09+00:00","og_image":[{"width":600,"height":600,"url":"https:\/\/cardinal-tapes.com\/wp-content\/uploads\/tesa-04331.jpg","type":"image\/jpeg"}],"twitter_card":"summary_large_image","schema":{"@context":"https:\/\/schema.org","@graph":[{"@type":"WebPage","@id":"https:\/\/cardinal-tapes.com\/pl\/ta\u015bmy-samoprzylepne\/jednostronne-tasmy-samoprzylepne\/tesa-4331-tasma-maskujaca-premium-odporna-na-wysokie-temperatury\/","url":"https:\/\/cardinal-tapes.com\/pl\/ta\u015bmy-samoprzylepne\/jednostronne-tasmy-samoprzylepne\/tesa-4331-tasma-maskujaca-premium-odporna-na-wysokie-temperatury\/","name":"Tesa 4331 Ta\u015bma maskuj\u0105ca Premium o wysokiej odporno\u015bci termicznej | Cardinal TAPES","isPartOf":{"@id":"https:\/\/cardinal-tapes.com\/#website"},"primaryImageOfPage":{"@id":"https:\/\/cardinal-tapes.com\/pl\/ta\u015bmy-samoprzylepne\/jednostronne-tasmy-samoprzylepne\/tesa-4331-tasma-maskujaca-premium-odporna-na-wysokie-temperatury\/#primaryimage"},"image":{"@id":"https:\/\/cardinal-tapes.com\/pl\/ta\u015bmy-samoprzylepne\/jednostronne-tasmy-samoprzylepne\/tesa-4331-tasma-maskujaca-premium-odporna-na-wysokie-temperatury\/#primaryimage"},"thumbnailUrl":"https:\/\/cardinal-tapes.com\/wp-content\/uploads\/tesa-04331.jpg","datePublished":"2023-06-05T15:27:21+00:00","dateModified":"2025-07-03T14:04:09+00:00","description":"Tesa 4331 to wyj\u0105tkowo odporna na wysok\u0105 temperatur\u0119, g\u0142adka ta\u015bma maskuj\u0105ca wykonana z folii poliestrowej laminowanej w\u0142\u00f3knin\u0105 i mieszank\u0105 gumy silikonowej.","breadcrumb":{"@id":"https:\/\/cardinal-tapes.com\/pl\/ta\u015bmy-samoprzylepne\/jednostronne-tasmy-samoprzylepne\/tesa-4331-tasma-maskujaca-premium-odporna-na-wysokie-temperatury\/#breadcrumb"},"inLanguage":"pl-PL","potentialAction":[{"@type":"ReadAction","target":["https:\/\/cardinal-tapes.com\/pl\/ta\u015bmy-samoprzylepne\/jednostronne-tasmy-samoprzylepne\/tesa-4331-tasma-maskujaca-premium-odporna-na-wysokie-temperatury\/"]}]},{"@type":"ImageObject","inLanguage":"pl-PL","@id":"https:\/\/cardinal-tapes.com\/pl\/ta\u015bmy-samoprzylepne\/jednostronne-tasmy-samoprzylepne\/tesa-4331-tasma-maskujaca-premium-odporna-na-wysokie-temperatury\/#primaryimage","url":"https:\/\/cardinal-tapes.com\/wp-content\/uploads\/tesa-04331.jpg","contentUrl":"https:\/\/cardinal-tapes.com\/wp-content\/uploads\/tesa-04331.jpg","width":600,"height":600,"caption":"tesa 4331"},{"@type":"BreadcrumbList","@id":"https:\/\/cardinal-tapes.com\/pl\/ta\u015bmy-samoprzylepne\/jednostronne-tasmy-samoprzylepne\/tesa-4331-tasma-maskujaca-premium-odporna-na-wysokie-temperatury\/#breadcrumb","itemListElement":[{"@type":"ListItem","position":1,"name":"Startseite","item":"https:\/\/cardinal-tapes.com\/pl\/strona-glowna\/"},{"@type":"ListItem","position":2,"name":"Ta\u015bmy samoprzylepne","item":"https:\/\/cardinal-tapes.com\/pl\/tasmy-samoprzylepne-pl\/"},{"@type":"ListItem","position":3,"name":"Jednostronne ta\u015bmy samoprzylepne","item":"https:\/\/cardinal-tapes.com\/pl\/kategoria\/jednostronne-tasmy-samoprzylepne\/"},{"@type":"ListItem","position":4,"name":"tesakrepp\u00ae 4331 Ta\u015bma maskuj\u0105ca premium odporna na wysokie temperatury"}]},{"@type":"WebSite","@id":"https:\/\/cardinal-tapes.com\/#website","url":"https:\/\/cardinal-tapes.com\/","name":"cardinal TAPES","description":"Klebetechnik aus Wuppertal","potentialAction":[{"@type":"SearchAction","target":{"@type":"EntryPoint","urlTemplate":"https:\/\/cardinal-tapes.com\/?s={search_term_string}"},"query-input":{"@type":"PropertyValueSpecification","valueRequired":true,"valueName":"search_term_string"}}],"inLanguage":"pl-PL"}]}},"brands":[{"id":2164,"name":"tesa","slug":"tesa-pl"}],"_links":{"self":[{"href":"https:\/\/cardinal-tapes.com\/pl\/wp-json\/wp\/v2\/product\/57813","targetHints":{"allow":["GET"]}}],"collection":[{"href":"https:\/\/cardinal-tapes.com\/pl\/wp-json\/wp\/v2\/product"}],"about":[{"href":"https:\/\/cardinal-tapes.com\/pl\/wp-json\/wp\/v2\/types\/product"}],"wp:featuredmedia":[{"embeddable":true,"href":"https:\/\/cardinal-tapes.com\/pl\/wp-json\/wp\/v2\/media\/26462"}],"wp:attachment":[{"href":"https:\/\/cardinal-tapes.com\/pl\/wp-json\/wp\/v2\/media?parent=57813"}],"wp:term":[{"taxonomy":"pwb-brand","embeddable":true,"href":"https:\/\/cardinal-tapes.com\/pl\/wp-json\/wp\/v2\/pwb-brand?post=57813"},{"taxonomy":"product_brand","embeddable":true,"href":"https:\/\/cardinal-tapes.com\/pl\/wp-json\/wp\/v2\/product_brand?post=57813"},{"taxonomy":"product_cat","embeddable":true,"href":"https:\/\/cardinal-tapes.com\/pl\/wp-json\/wp\/v2\/product_cat?post=57813"},{"taxonomy":"product_tag","embeddable":true,"href":"https:\/\/cardinal-tapes.com\/pl\/wp-json\/wp\/v2\/product_tag?post=57813"}],"curies":[{"name":"wp","href":"https:\/\/api.w.org\/{rel}","templated":true}]}}