{"id":57788,"date":"2018-02-20T13:18:41","date_gmt":"2018-02-20T12:18:41","guid":{"rendered":"https:\/\/cardinal.pixel-tal.de\/klebebaender\/bez-kategorii\/tasma-klejaca-do-tasm-tesa-4289\/"},"modified":"2025-07-03T15:57:44","modified_gmt":"2025-07-03T13:57:44","slug":"tesa-4289-strapping-tape","status":"publish","type":"product","link":"https:\/\/cardinal-tapes.com\/pl\/ta\u015bmy-samoprzylepne\/jednostronne-tasmy-samoprzylepne\/tasma-spinajaca\/tesa-4289-strapping-tape\/","title":{"rendered":"Ta\u015bma spinaj\u0105ca tesa\u00ae 4289"},"content":{"rendered":"<p><sup>tesa\u00ae<\/sup> 4289 to wyj\u0105tkowo odporna na rozdarcia ta\u015bma spinaj\u0105ca na bazie folii MOPP z klejem z naturalnego kauczuku.<\/p>\n<p><strong>W\u0142a\u015bciwo\u015bci<\/strong><br \/>\n&#8211; Bardzo wysoka odporno\u015b\u0107 na rozdarcie w po\u0142\u0105czeniu z niskim wyd\u0142u\u017ceniem<br \/>\n&#8211; Gruba i odporna na \u015bcieranie folia<br \/>\n&#8211; Dobra odporno\u015b\u0107 na ciep\u0142o i zimno<br \/>\n&#8211; Wysoka si\u0142a klejenia do klejenia na wielu r\u00f3\u017cnych pod\u0142o\u017cach<br \/>\n&#8211; \u0141atwe i czyste usuwanie z wielu powierzchni<\/p>\n<p><strong>Zastosowania<\/strong><br \/>\n&#8211; Wi\u0105zanie najci\u0119\u017cszych rur.<br \/>\n&#8211; Uszczelnianie najci\u0119\u017cszych pakowanych towar\u00f3w.<br \/>\n&#8211; Wi\u0105zanie ci\u0119\u017ckich towar\u00f3w podczas paletyzacji.<br \/>\n&#8211; \u0141\u0105czenie ko\u0144c\u00f3w zwoj\u00f3w.<\/p>\n<p>&nbsp;<\/p>\n","protected":false},"excerpt":{"rendered":"<p>tesa\u00ae 4289 to wyj\u0105tkowo odporna na rozdarcia ta\u015bma spinaj\u0105ca na bazie folii MOPP z klejem z naturalnego kauczuku. W\u0142a\u015bciwo\u015bci &#8211; Bardzo wysoka odporno\u015b\u0107 na rozdarcie w po\u0142\u0105czeniu z niskim wyd\u0142u\u017ceniem &#8211; Gruba i odporna na \u015bcieranie folia &#8211; Dobra odporno\u015b\u0107 na ciep\u0142o i zimno &#8211; Wysoka si\u0142a klejenia do klejenia na wielu r\u00f3\u017cnych pod\u0142o\u017cach &#8211; [&hellip;]<\/p>\n","protected":false},"featured_media":26458,"template":"","meta":{"_acf_changed":false},"pwb-brand":[2164],"product_brand":[],"product_cat":[1788,1816,1822],"product_tag":[],"class_list":{"0":"post-57788","1":"product","2":"type-product","3":"status-publish","4":"has-post-thumbnail","6":"pwb-brand-tesa-pl","7":"product_cat-stal-i-szklo","8":"product_cat-jednostronne-tasmy-samoprzylepne","9":"product_cat-tasma-spinajaca","11":"first","12":"outofstock","13":"taxable","14":"shipping-taxable","15":"purchasable","16":"product-type-variable"},"acf":[],"yoast_head":"<!-- This site is optimized with the Yoast SEO plugin v27.3 - https:\/\/yoast.com\/product\/yoast-seo-wordpress\/ -->\n<title>Ta\u015bma spinaj\u0105ca Tesa 4289 | Cardinal TAPES<\/title>\n<meta name=\"description\" content=\"Tesa 4289 to wyj\u0105tkowo odporna na rozdarcia ta\u015bma spinaj\u0105ca na bazie folii MOPP z klejem z naturalnego kauczuku. Dowiedz si\u0119 wi\u0119cej o ta\u015bmie tesa 4289.\" \/>\n<meta name=\"robots\" content=\"index, follow, max-snippet:-1, max-image-preview:large, max-video-preview:-1\" \/>\n<link rel=\"canonical\" href=\"https:\/\/cardinal-tapes.com\/pl\/ta\u015bmy-samoprzylepne\/jednostronne-tasmy-samoprzylepne\/tasma-spinajaca\/tesa-4289-strapping-tape\/\" \/>\n<meta property=\"og:locale\" content=\"pl_PL\" \/>\n<meta property=\"og:type\" content=\"article\" \/>\n<meta property=\"og:title\" content=\"Ta\u015bma spinaj\u0105ca Tesa 4289 | Cardinal TAPES\" \/>\n<meta property=\"og:description\" content=\"Tesa 4289 to wyj\u0105tkowo odporna na rozdarcia ta\u015bma spinaj\u0105ca na bazie folii MOPP z klejem z naturalnego kauczuku. Dowiedz si\u0119 wi\u0119cej o ta\u015bmie tesa 4289.\" \/>\n<meta property=\"og:url\" content=\"https:\/\/cardinal-tapes.com\/pl\/ta\u015bmy-samoprzylepne\/jednostronne-tasmy-samoprzylepne\/tasma-spinajaca\/tesa-4289-strapping-tape\/\" \/>\n<meta property=\"og:site_name\" content=\"cardinal TAPES\" \/>\n<meta property=\"article:modified_time\" content=\"2025-07-03T13:57:44+00:00\" \/>\n<meta property=\"og:image\" content=\"https:\/\/cardinal-tapes.com\/wp-content\/uploads\/tesa-04289.jpg\" \/>\n\t<meta property=\"og:image:width\" content=\"600\" \/>\n\t<meta property=\"og:image:height\" content=\"600\" \/>\n\t<meta property=\"og:image:type\" content=\"image\/jpeg\" \/>\n<meta name=\"twitter:card\" content=\"summary_large_image\" \/>\n<meta name=\"twitter:label1\" content=\"Szacowany czas czytania\" \/>\n\t<meta name=\"twitter:data1\" content=\"1 minuta\" \/>\n<script type=\"application\/ld+json\" class=\"yoast-schema-graph\">{\"@context\":\"https:\\\/\\\/schema.org\",\"@graph\":[{\"@type\":\"WebPage\",\"@id\":\"https:\\\/\\\/cardinal-tapes.com\\\/pl\\\/ta\u015bmy-samoprzylepne\\\/jednostronne-tasmy-samoprzylepne\\\/tasma-spinajaca\\\/tesa-4289-strapping-tape\\\/\",\"url\":\"https:\\\/\\\/cardinal-tapes.com\\\/pl\\\/ta\u015bmy-samoprzylepne\\\/jednostronne-tasmy-samoprzylepne\\\/tasma-spinajaca\\\/tesa-4289-strapping-tape\\\/\",\"name\":\"Ta\u015bma spinaj\u0105ca Tesa 4289 | Cardinal TAPES\",\"isPartOf\":{\"@id\":\"https:\\\/\\\/cardinal-tapes.com\\\/#website\"},\"primaryImageOfPage\":{\"@id\":\"https:\\\/\\\/cardinal-tapes.com\\\/pl\\\/ta\u015bmy-samoprzylepne\\\/jednostronne-tasmy-samoprzylepne\\\/tasma-spinajaca\\\/tesa-4289-strapping-tape\\\/#primaryimage\"},\"image\":{\"@id\":\"https:\\\/\\\/cardinal-tapes.com\\\/pl\\\/ta\u015bmy-samoprzylepne\\\/jednostronne-tasmy-samoprzylepne\\\/tasma-spinajaca\\\/tesa-4289-strapping-tape\\\/#primaryimage\"},\"thumbnailUrl\":\"https:\\\/\\\/cardinal-tapes.com\\\/wp-content\\\/uploads\\\/tesa-04289.jpg\",\"datePublished\":\"2018-02-20T12:18:41+00:00\",\"dateModified\":\"2025-07-03T13:57:44+00:00\",\"description\":\"Tesa 4289 to wyj\u0105tkowo odporna na rozdarcia ta\u015bma spinaj\u0105ca na bazie folii MOPP z klejem z naturalnego kauczuku. Dowiedz si\u0119 wi\u0119cej o ta\u015bmie tesa 4289.\",\"breadcrumb\":{\"@id\":\"https:\\\/\\\/cardinal-tapes.com\\\/pl\\\/ta\u015bmy-samoprzylepne\\\/jednostronne-tasmy-samoprzylepne\\\/tasma-spinajaca\\\/tesa-4289-strapping-tape\\\/#breadcrumb\"},\"inLanguage\":\"pl-PL\",\"potentialAction\":[{\"@type\":\"ReadAction\",\"target\":[\"https:\\\/\\\/cardinal-tapes.com\\\/pl\\\/ta\u015bmy-samoprzylepne\\\/jednostronne-tasmy-samoprzylepne\\\/tasma-spinajaca\\\/tesa-4289-strapping-tape\\\/\"]}]},{\"@type\":\"ImageObject\",\"inLanguage\":\"pl-PL\",\"@id\":\"https:\\\/\\\/cardinal-tapes.com\\\/pl\\\/ta\u015bmy-samoprzylepne\\\/jednostronne-tasmy-samoprzylepne\\\/tasma-spinajaca\\\/tesa-4289-strapping-tape\\\/#primaryimage\",\"url\":\"https:\\\/\\\/cardinal-tapes.com\\\/wp-content\\\/uploads\\\/tesa-04289.jpg\",\"contentUrl\":\"https:\\\/\\\/cardinal-tapes.com\\\/wp-content\\\/uploads\\\/tesa-04289.jpg\",\"width\":600,\"height\":600,\"caption\":\"Ta\u015bma samoprzylepna tesa 4289\"},{\"@type\":\"BreadcrumbList\",\"@id\":\"https:\\\/\\\/cardinal-tapes.com\\\/pl\\\/ta\u015bmy-samoprzylepne\\\/jednostronne-tasmy-samoprzylepne\\\/tasma-spinajaca\\\/tesa-4289-strapping-tape\\\/#breadcrumb\",\"itemListElement\":[{\"@type\":\"ListItem\",\"position\":1,\"name\":\"Startseite\",\"item\":\"https:\\\/\\\/cardinal-tapes.com\\\/pl\\\/strona-glowna\\\/\"},{\"@type\":\"ListItem\",\"position\":2,\"name\":\"Ta\u015bmy samoprzylepne\",\"item\":\"https:\\\/\\\/cardinal-tapes.com\\\/pl\\\/tasmy-samoprzylepne-pl\\\/\"},{\"@type\":\"ListItem\",\"position\":3,\"name\":\"Obszary zastosowa\u0144\",\"item\":\"https:\\\/\\\/cardinal-tapes.com\\\/pl\\\/kategoria\\\/obszary-zastosowan\\\/\"},{\"@type\":\"ListItem\",\"position\":4,\"name\":\"Stal i szk\u0142o\",\"item\":\"https:\\\/\\\/cardinal-tapes.com\\\/pl\\\/kategoria\\\/stal-i-szklo\\\/\"},{\"@type\":\"ListItem\",\"position\":5,\"name\":\"Ta\u015bma spinaj\u0105ca tesa\u00ae 4289\"}]},{\"@type\":\"WebSite\",\"@id\":\"https:\\\/\\\/cardinal-tapes.com\\\/#website\",\"url\":\"https:\\\/\\\/cardinal-tapes.com\\\/\",\"name\":\"cardinal TAPES\",\"description\":\"Klebetechnik aus Wuppertal\",\"potentialAction\":[{\"@type\":\"SearchAction\",\"target\":{\"@type\":\"EntryPoint\",\"urlTemplate\":\"https:\\\/\\\/cardinal-tapes.com\\\/?s={search_term_string}\"},\"query-input\":{\"@type\":\"PropertyValueSpecification\",\"valueRequired\":true,\"valueName\":\"search_term_string\"}}],\"inLanguage\":\"pl-PL\"}]}<\/script>\n<!-- \/ Yoast SEO plugin. -->","yoast_head_json":{"title":"Ta\u015bma spinaj\u0105ca Tesa 4289 | Cardinal TAPES","description":"Tesa 4289 to wyj\u0105tkowo odporna na rozdarcia ta\u015bma spinaj\u0105ca na bazie folii MOPP z klejem z naturalnego kauczuku. Dowiedz si\u0119 wi\u0119cej o ta\u015bmie tesa 4289.","robots":{"index":"index","follow":"follow","max-snippet":"max-snippet:-1","max-image-preview":"max-image-preview:large","max-video-preview":"max-video-preview:-1"},"canonical":"https:\/\/cardinal-tapes.com\/pl\/ta\u015bmy-samoprzylepne\/jednostronne-tasmy-samoprzylepne\/tasma-spinajaca\/tesa-4289-strapping-tape\/","og_locale":"pl_PL","og_type":"article","og_title":"Ta\u015bma spinaj\u0105ca Tesa 4289 | Cardinal TAPES","og_description":"Tesa 4289 to wyj\u0105tkowo odporna na rozdarcia ta\u015bma spinaj\u0105ca na bazie folii MOPP z klejem z naturalnego kauczuku. Dowiedz si\u0119 wi\u0119cej o ta\u015bmie tesa 4289.","og_url":"https:\/\/cardinal-tapes.com\/pl\/ta\u015bmy-samoprzylepne\/jednostronne-tasmy-samoprzylepne\/tasma-spinajaca\/tesa-4289-strapping-tape\/","og_site_name":"cardinal TAPES","article_modified_time":"2025-07-03T13:57:44+00:00","og_image":[{"width":600,"height":600,"url":"https:\/\/cardinal-tapes.com\/wp-content\/uploads\/tesa-04289.jpg","type":"image\/jpeg"}],"twitter_card":"summary_large_image","twitter_misc":{"Szacowany czas czytania":"1 minuta"},"schema":{"@context":"https:\/\/schema.org","@graph":[{"@type":"WebPage","@id":"https:\/\/cardinal-tapes.com\/pl\/ta\u015bmy-samoprzylepne\/jednostronne-tasmy-samoprzylepne\/tasma-spinajaca\/tesa-4289-strapping-tape\/","url":"https:\/\/cardinal-tapes.com\/pl\/ta\u015bmy-samoprzylepne\/jednostronne-tasmy-samoprzylepne\/tasma-spinajaca\/tesa-4289-strapping-tape\/","name":"Ta\u015bma spinaj\u0105ca Tesa 4289 | Cardinal TAPES","isPartOf":{"@id":"https:\/\/cardinal-tapes.com\/#website"},"primaryImageOfPage":{"@id":"https:\/\/cardinal-tapes.com\/pl\/ta\u015bmy-samoprzylepne\/jednostronne-tasmy-samoprzylepne\/tasma-spinajaca\/tesa-4289-strapping-tape\/#primaryimage"},"image":{"@id":"https:\/\/cardinal-tapes.com\/pl\/ta\u015bmy-samoprzylepne\/jednostronne-tasmy-samoprzylepne\/tasma-spinajaca\/tesa-4289-strapping-tape\/#primaryimage"},"thumbnailUrl":"https:\/\/cardinal-tapes.com\/wp-content\/uploads\/tesa-04289.jpg","datePublished":"2018-02-20T12:18:41+00:00","dateModified":"2025-07-03T13:57:44+00:00","description":"Tesa 4289 to wyj\u0105tkowo odporna na rozdarcia ta\u015bma spinaj\u0105ca na bazie folii MOPP z klejem z naturalnego kauczuku. Dowiedz si\u0119 wi\u0119cej o ta\u015bmie tesa 4289.","breadcrumb":{"@id":"https:\/\/cardinal-tapes.com\/pl\/ta\u015bmy-samoprzylepne\/jednostronne-tasmy-samoprzylepne\/tasma-spinajaca\/tesa-4289-strapping-tape\/#breadcrumb"},"inLanguage":"pl-PL","potentialAction":[{"@type":"ReadAction","target":["https:\/\/cardinal-tapes.com\/pl\/ta\u015bmy-samoprzylepne\/jednostronne-tasmy-samoprzylepne\/tasma-spinajaca\/tesa-4289-strapping-tape\/"]}]},{"@type":"ImageObject","inLanguage":"pl-PL","@id":"https:\/\/cardinal-tapes.com\/pl\/ta\u015bmy-samoprzylepne\/jednostronne-tasmy-samoprzylepne\/tasma-spinajaca\/tesa-4289-strapping-tape\/#primaryimage","url":"https:\/\/cardinal-tapes.com\/wp-content\/uploads\/tesa-04289.jpg","contentUrl":"https:\/\/cardinal-tapes.com\/wp-content\/uploads\/tesa-04289.jpg","width":600,"height":600,"caption":"Ta\u015bma samoprzylepna tesa 4289"},{"@type":"BreadcrumbList","@id":"https:\/\/cardinal-tapes.com\/pl\/ta\u015bmy-samoprzylepne\/jednostronne-tasmy-samoprzylepne\/tasma-spinajaca\/tesa-4289-strapping-tape\/#breadcrumb","itemListElement":[{"@type":"ListItem","position":1,"name":"Startseite","item":"https:\/\/cardinal-tapes.com\/pl\/strona-glowna\/"},{"@type":"ListItem","position":2,"name":"Ta\u015bmy samoprzylepne","item":"https:\/\/cardinal-tapes.com\/pl\/tasmy-samoprzylepne-pl\/"},{"@type":"ListItem","position":3,"name":"Obszary zastosowa\u0144","item":"https:\/\/cardinal-tapes.com\/pl\/kategoria\/obszary-zastosowan\/"},{"@type":"ListItem","position":4,"name":"Stal i szk\u0142o","item":"https:\/\/cardinal-tapes.com\/pl\/kategoria\/stal-i-szklo\/"},{"@type":"ListItem","position":5,"name":"Ta\u015bma spinaj\u0105ca tesa\u00ae 4289"}]},{"@type":"WebSite","@id":"https:\/\/cardinal-tapes.com\/#website","url":"https:\/\/cardinal-tapes.com\/","name":"cardinal TAPES","description":"Klebetechnik aus Wuppertal","potentialAction":[{"@type":"SearchAction","target":{"@type":"EntryPoint","urlTemplate":"https:\/\/cardinal-tapes.com\/?s={search_term_string}"},"query-input":{"@type":"PropertyValueSpecification","valueRequired":true,"valueName":"search_term_string"}}],"inLanguage":"pl-PL"}]}},"brands":[{"id":2164,"name":"tesa","slug":"tesa-pl"}],"_links":{"self":[{"href":"https:\/\/cardinal-tapes.com\/pl\/wp-json\/wp\/v2\/product\/57788","targetHints":{"allow":["GET"]}}],"collection":[{"href":"https:\/\/cardinal-tapes.com\/pl\/wp-json\/wp\/v2\/product"}],"about":[{"href":"https:\/\/cardinal-tapes.com\/pl\/wp-json\/wp\/v2\/types\/product"}],"wp:featuredmedia":[{"embeddable":true,"href":"https:\/\/cardinal-tapes.com\/pl\/wp-json\/wp\/v2\/media\/26458"}],"wp:attachment":[{"href":"https:\/\/cardinal-tapes.com\/pl\/wp-json\/wp\/v2\/media?parent=57788"}],"wp:term":[{"taxonomy":"pwb-brand","embeddable":true,"href":"https:\/\/cardinal-tapes.com\/pl\/wp-json\/wp\/v2\/pwb-brand?post=57788"},{"taxonomy":"product_brand","embeddable":true,"href":"https:\/\/cardinal-tapes.com\/pl\/wp-json\/wp\/v2\/product_brand?post=57788"},{"taxonomy":"product_cat","embeddable":true,"href":"https:\/\/cardinal-tapes.com\/pl\/wp-json\/wp\/v2\/product_cat?post=57788"},{"taxonomy":"product_tag","embeddable":true,"href":"https:\/\/cardinal-tapes.com\/pl\/wp-json\/wp\/v2\/product_tag?post=57788"}],"curies":[{"name":"wp","href":"https:\/\/api.w.org\/{rel}","templated":true}]}}