{"id":57754,"date":"2018-02-20T15:07:21","date_gmt":"2023-06-05T15:27:19","guid":{"rendered":"https:\/\/cardinal.pixel-tal.de\/klebebaender\/bez-kategorii\/transferowa-tasma-klejaca-tesafix-4985\/"},"modified":"2025-07-03T11:18:44","modified_gmt":"2025-07-03T09:18:44","slug":"tesa-4985","status":"publish","type":"product","link":"https:\/\/cardinal-tapes.com\/pl\/ta\u015bmy-samoprzylepne\/obszary-zastosowan\/tasma-klejaca-transferowa\/tesa-4985\/","title":{"rendered":"transferowa ta\u015bma klej\u0105ca tesafix\u00ae 4985"},"content":{"rendered":"<p><sup>tesafix\u00ae<\/sup> 4985 to przezroczysty klej transferowy. Sk\u0142ada si\u0119 z odpornego na starzenie i bardzo lepkiego kleju akrylowego. Dost\u0119pny r\u00f3wnie\u017c jako PV9 (masa klej\u0105ca na zewn\u0105trz).<\/p>\n<p><strong>W\u0142a\u015bciwo\u015bci<\/strong><br \/>\n&#8211; Bardzo dobra odporno\u015b\u0107 na temperatur\u0119<br \/>\n&#8211; Odporno\u015b\u0107 na starzenie i wilgo\u0107<\/p>\n<p><strong>Zastosowania<\/strong><br \/>\n&#8211; Samoprzylepne etykietowanie plakat\u00f3w i zdj\u0119\u0107.<br \/>\n&#8211; Klejenie pr\u00f3bek tkanin.<br \/>\n&#8211; Klejenie tworzyw sztucznych.<br \/>\n&#8211; Nieko\u0144cz\u0105ce si\u0119 tworzenie folii i wst\u0119g papierowych.<\/p>\n","protected":false},"excerpt":{"rendered":"<p>tesafix\u00ae 4985 to przezroczysty klej transferowy. Sk\u0142ada si\u0119 z odpornego na starzenie i bardzo lepkiego kleju akrylowego. Dost\u0119pny r\u00f3wnie\u017c jako PV9 (masa klej\u0105ca na zewn\u0105trz). W\u0142a\u015bciwo\u015bci &#8211; Bardzo dobra odporno\u015b\u0107 na temperatur\u0119 &#8211; Odporno\u015b\u0107 na starzenie i wilgo\u0107 Zastosowania &#8211; Samoprzylepne etykietowanie plakat\u00f3w i zdj\u0119\u0107. &#8211; Klejenie pr\u00f3bek tkanin. &#8211; Klejenie tworzyw sztucznych. &#8211; Nieko\u0144cz\u0105ce [&hellip;]<\/p>\n","protected":false},"featured_media":26474,"template":"","meta":{"_acf_changed":false},"pwb-brand":[2164],"product_brand":[],"product_cat":[1791,1814],"product_tag":[],"class_list":{"0":"post-57754","1":"product","2":"type-product","3":"status-publish","4":"has-post-thumbnail","6":"pwb-brand-tesa-pl","7":"product_cat-tasma-klejaca-transferowa","8":"product_cat-tasmy-dwustronnie-klejace","10":"first","11":"instock","12":"taxable","13":"shipping-taxable","14":"purchasable","15":"product-type-variable"},"acf":[],"yoast_head":"<!-- This site is optimized with the Yoast SEO plugin v27.3 - https:\/\/yoast.com\/product\/yoast-seo-wordpress\/ -->\n<title>Ta\u015bma transferowa Tesa 4985 | Cardinal TAPES<\/title>\n<meta name=\"description\" content=\"Tesa 4985 to przezroczysty klej transferowy. Sk\u0142ada si\u0119 z odpornego na starzenie i bardzo lepkiego kleju akrylowego.\" \/>\n<meta name=\"robots\" content=\"index, follow, max-snippet:-1, max-image-preview:large, max-video-preview:-1\" \/>\n<link rel=\"canonical\" href=\"https:\/\/cardinal-tapes.com\/pl\/ta\u015bmy-samoprzylepne\/obszary-zastosowan\/tasma-klejaca-transferowa\/tesa-4985\/\" \/>\n<meta property=\"og:locale\" content=\"pl_PL\" \/>\n<meta property=\"og:type\" content=\"article\" \/>\n<meta property=\"og:title\" content=\"Ta\u015bma transferowa Tesa 4985 | Cardinal TAPES\" \/>\n<meta property=\"og:description\" content=\"Tesa 4985 to przezroczysty klej transferowy. Sk\u0142ada si\u0119 z odpornego na starzenie i bardzo lepkiego kleju akrylowego.\" \/>\n<meta property=\"og:url\" content=\"https:\/\/cardinal-tapes.com\/pl\/ta\u015bmy-samoprzylepne\/obszary-zastosowan\/tasma-klejaca-transferowa\/tesa-4985\/\" \/>\n<meta property=\"og:site_name\" content=\"cardinal TAPES\" \/>\n<meta property=\"article:modified_time\" content=\"2025-07-03T09:18:44+00:00\" \/>\n<meta property=\"og:image\" content=\"https:\/\/cardinal-tapes.com\/wp-content\/uploads\/tesa-04985.jpg\" \/>\n\t<meta property=\"og:image:width\" content=\"600\" \/>\n\t<meta property=\"og:image:height\" content=\"600\" \/>\n\t<meta property=\"og:image:type\" content=\"image\/jpeg\" \/>\n<meta name=\"twitter:card\" content=\"summary_large_image\" \/>\n<script type=\"application\/ld+json\" class=\"yoast-schema-graph\">{\"@context\":\"https:\\\/\\\/schema.org\",\"@graph\":[{\"@type\":\"WebPage\",\"@id\":\"https:\\\/\\\/cardinal-tapes.com\\\/pl\\\/ta\u015bmy-samoprzylepne\\\/obszary-zastosowan\\\/tasma-klejaca-transferowa\\\/tesa-4985\\\/\",\"url\":\"https:\\\/\\\/cardinal-tapes.com\\\/pl\\\/ta\u015bmy-samoprzylepne\\\/obszary-zastosowan\\\/tasma-klejaca-transferowa\\\/tesa-4985\\\/\",\"name\":\"Ta\u015bma transferowa Tesa 4985 | Cardinal TAPES\",\"isPartOf\":{\"@id\":\"https:\\\/\\\/cardinal-tapes.com\\\/#website\"},\"primaryImageOfPage\":{\"@id\":\"https:\\\/\\\/cardinal-tapes.com\\\/pl\\\/ta\u015bmy-samoprzylepne\\\/obszary-zastosowan\\\/tasma-klejaca-transferowa\\\/tesa-4985\\\/#primaryimage\"},\"image\":{\"@id\":\"https:\\\/\\\/cardinal-tapes.com\\\/pl\\\/ta\u015bmy-samoprzylepne\\\/obszary-zastosowan\\\/tasma-klejaca-transferowa\\\/tesa-4985\\\/#primaryimage\"},\"thumbnailUrl\":\"https:\\\/\\\/cardinal-tapes.com\\\/wp-content\\\/uploads\\\/tesa-04985.jpg\",\"datePublished\":\"2023-06-05T15:27:19+00:00\",\"dateModified\":\"2025-07-03T09:18:44+00:00\",\"description\":\"Tesa 4985 to przezroczysty klej transferowy. Sk\u0142ada si\u0119 z odpornego na starzenie i bardzo lepkiego kleju akrylowego.\",\"breadcrumb\":{\"@id\":\"https:\\\/\\\/cardinal-tapes.com\\\/pl\\\/ta\u015bmy-samoprzylepne\\\/obszary-zastosowan\\\/tasma-klejaca-transferowa\\\/tesa-4985\\\/#breadcrumb\"},\"inLanguage\":\"pl-PL\",\"potentialAction\":[{\"@type\":\"ReadAction\",\"target\":[\"https:\\\/\\\/cardinal-tapes.com\\\/pl\\\/ta\u015bmy-samoprzylepne\\\/obszary-zastosowan\\\/tasma-klejaca-transferowa\\\/tesa-4985\\\/\"]}]},{\"@type\":\"ImageObject\",\"inLanguage\":\"pl-PL\",\"@id\":\"https:\\\/\\\/cardinal-tapes.com\\\/pl\\\/ta\u015bmy-samoprzylepne\\\/obszary-zastosowan\\\/tasma-klejaca-transferowa\\\/tesa-4985\\\/#primaryimage\",\"url\":\"https:\\\/\\\/cardinal-tapes.com\\\/wp-content\\\/uploads\\\/tesa-04985.jpg\",\"contentUrl\":\"https:\\\/\\\/cardinal-tapes.com\\\/wp-content\\\/uploads\\\/tesa-04985.jpg\",\"width\":600,\"height\":600,\"caption\":\"Ta\u015bma samoprzylepna tesa 4995\"},{\"@type\":\"BreadcrumbList\",\"@id\":\"https:\\\/\\\/cardinal-tapes.com\\\/pl\\\/ta\u015bmy-samoprzylepne\\\/obszary-zastosowan\\\/tasma-klejaca-transferowa\\\/tesa-4985\\\/#breadcrumb\",\"itemListElement\":[{\"@type\":\"ListItem\",\"position\":1,\"name\":\"Startseite\",\"item\":\"https:\\\/\\\/cardinal-tapes.com\\\/pl\\\/strona-glowna\\\/\"},{\"@type\":\"ListItem\",\"position\":2,\"name\":\"Ta\u015bmy samoprzylepne\",\"item\":\"https:\\\/\\\/cardinal-tapes.com\\\/pl\\\/tasmy-samoprzylepne-pl\\\/\"},{\"@type\":\"ListItem\",\"position\":3,\"name\":\"Obszary zastosowa\u0144\",\"item\":\"https:\\\/\\\/cardinal-tapes.com\\\/pl\\\/kategoria\\\/obszary-zastosowan\\\/\"},{\"@type\":\"ListItem\",\"position\":4,\"name\":\"Ta\u015bma klej\u0105ca transferowa\",\"item\":\"https:\\\/\\\/cardinal-tapes.com\\\/pl\\\/kategoria\\\/tasma-klejaca-transferowa\\\/\"},{\"@type\":\"ListItem\",\"position\":5,\"name\":\"transferowa ta\u015bma klej\u0105ca tesafix\u00ae 4985\"}]},{\"@type\":\"WebSite\",\"@id\":\"https:\\\/\\\/cardinal-tapes.com\\\/#website\",\"url\":\"https:\\\/\\\/cardinal-tapes.com\\\/\",\"name\":\"cardinal TAPES\",\"description\":\"Klebetechnik aus Wuppertal\",\"potentialAction\":[{\"@type\":\"SearchAction\",\"target\":{\"@type\":\"EntryPoint\",\"urlTemplate\":\"https:\\\/\\\/cardinal-tapes.com\\\/?s={search_term_string}\"},\"query-input\":{\"@type\":\"PropertyValueSpecification\",\"valueRequired\":true,\"valueName\":\"search_term_string\"}}],\"inLanguage\":\"pl-PL\"}]}<\/script>\n<!-- \/ Yoast SEO plugin. -->","yoast_head_json":{"title":"Ta\u015bma transferowa Tesa 4985 | Cardinal TAPES","description":"Tesa 4985 to przezroczysty klej transferowy. Sk\u0142ada si\u0119 z odpornego na starzenie i bardzo lepkiego kleju akrylowego.","robots":{"index":"index","follow":"follow","max-snippet":"max-snippet:-1","max-image-preview":"max-image-preview:large","max-video-preview":"max-video-preview:-1"},"canonical":"https:\/\/cardinal-tapes.com\/pl\/ta\u015bmy-samoprzylepne\/obszary-zastosowan\/tasma-klejaca-transferowa\/tesa-4985\/","og_locale":"pl_PL","og_type":"article","og_title":"Ta\u015bma transferowa Tesa 4985 | Cardinal TAPES","og_description":"Tesa 4985 to przezroczysty klej transferowy. Sk\u0142ada si\u0119 z odpornego na starzenie i bardzo lepkiego kleju akrylowego.","og_url":"https:\/\/cardinal-tapes.com\/pl\/ta\u015bmy-samoprzylepne\/obszary-zastosowan\/tasma-klejaca-transferowa\/tesa-4985\/","og_site_name":"cardinal TAPES","article_modified_time":"2025-07-03T09:18:44+00:00","og_image":[{"width":600,"height":600,"url":"https:\/\/cardinal-tapes.com\/wp-content\/uploads\/tesa-04985.jpg","type":"image\/jpeg"}],"twitter_card":"summary_large_image","schema":{"@context":"https:\/\/schema.org","@graph":[{"@type":"WebPage","@id":"https:\/\/cardinal-tapes.com\/pl\/ta\u015bmy-samoprzylepne\/obszary-zastosowan\/tasma-klejaca-transferowa\/tesa-4985\/","url":"https:\/\/cardinal-tapes.com\/pl\/ta\u015bmy-samoprzylepne\/obszary-zastosowan\/tasma-klejaca-transferowa\/tesa-4985\/","name":"Ta\u015bma transferowa Tesa 4985 | Cardinal TAPES","isPartOf":{"@id":"https:\/\/cardinal-tapes.com\/#website"},"primaryImageOfPage":{"@id":"https:\/\/cardinal-tapes.com\/pl\/ta\u015bmy-samoprzylepne\/obszary-zastosowan\/tasma-klejaca-transferowa\/tesa-4985\/#primaryimage"},"image":{"@id":"https:\/\/cardinal-tapes.com\/pl\/ta\u015bmy-samoprzylepne\/obszary-zastosowan\/tasma-klejaca-transferowa\/tesa-4985\/#primaryimage"},"thumbnailUrl":"https:\/\/cardinal-tapes.com\/wp-content\/uploads\/tesa-04985.jpg","datePublished":"2023-06-05T15:27:19+00:00","dateModified":"2025-07-03T09:18:44+00:00","description":"Tesa 4985 to przezroczysty klej transferowy. Sk\u0142ada si\u0119 z odpornego na starzenie i bardzo lepkiego kleju akrylowego.","breadcrumb":{"@id":"https:\/\/cardinal-tapes.com\/pl\/ta\u015bmy-samoprzylepne\/obszary-zastosowan\/tasma-klejaca-transferowa\/tesa-4985\/#breadcrumb"},"inLanguage":"pl-PL","potentialAction":[{"@type":"ReadAction","target":["https:\/\/cardinal-tapes.com\/pl\/ta\u015bmy-samoprzylepne\/obszary-zastosowan\/tasma-klejaca-transferowa\/tesa-4985\/"]}]},{"@type":"ImageObject","inLanguage":"pl-PL","@id":"https:\/\/cardinal-tapes.com\/pl\/ta\u015bmy-samoprzylepne\/obszary-zastosowan\/tasma-klejaca-transferowa\/tesa-4985\/#primaryimage","url":"https:\/\/cardinal-tapes.com\/wp-content\/uploads\/tesa-04985.jpg","contentUrl":"https:\/\/cardinal-tapes.com\/wp-content\/uploads\/tesa-04985.jpg","width":600,"height":600,"caption":"Ta\u015bma samoprzylepna tesa 4995"},{"@type":"BreadcrumbList","@id":"https:\/\/cardinal-tapes.com\/pl\/ta\u015bmy-samoprzylepne\/obszary-zastosowan\/tasma-klejaca-transferowa\/tesa-4985\/#breadcrumb","itemListElement":[{"@type":"ListItem","position":1,"name":"Startseite","item":"https:\/\/cardinal-tapes.com\/pl\/strona-glowna\/"},{"@type":"ListItem","position":2,"name":"Ta\u015bmy samoprzylepne","item":"https:\/\/cardinal-tapes.com\/pl\/tasmy-samoprzylepne-pl\/"},{"@type":"ListItem","position":3,"name":"Obszary zastosowa\u0144","item":"https:\/\/cardinal-tapes.com\/pl\/kategoria\/obszary-zastosowan\/"},{"@type":"ListItem","position":4,"name":"Ta\u015bma klej\u0105ca transferowa","item":"https:\/\/cardinal-tapes.com\/pl\/kategoria\/tasma-klejaca-transferowa\/"},{"@type":"ListItem","position":5,"name":"transferowa ta\u015bma klej\u0105ca tesafix\u00ae 4985"}]},{"@type":"WebSite","@id":"https:\/\/cardinal-tapes.com\/#website","url":"https:\/\/cardinal-tapes.com\/","name":"cardinal TAPES","description":"Klebetechnik aus Wuppertal","potentialAction":[{"@type":"SearchAction","target":{"@type":"EntryPoint","urlTemplate":"https:\/\/cardinal-tapes.com\/?s={search_term_string}"},"query-input":{"@type":"PropertyValueSpecification","valueRequired":true,"valueName":"search_term_string"}}],"inLanguage":"pl-PL"}]}},"brands":[{"id":2164,"name":"tesa","slug":"tesa-pl"}],"_links":{"self":[{"href":"https:\/\/cardinal-tapes.com\/pl\/wp-json\/wp\/v2\/product\/57754","targetHints":{"allow":["GET"]}}],"collection":[{"href":"https:\/\/cardinal-tapes.com\/pl\/wp-json\/wp\/v2\/product"}],"about":[{"href":"https:\/\/cardinal-tapes.com\/pl\/wp-json\/wp\/v2\/types\/product"}],"wp:featuredmedia":[{"embeddable":true,"href":"https:\/\/cardinal-tapes.com\/pl\/wp-json\/wp\/v2\/media\/26474"}],"wp:attachment":[{"href":"https:\/\/cardinal-tapes.com\/pl\/wp-json\/wp\/v2\/media?parent=57754"}],"wp:term":[{"taxonomy":"pwb-brand","embeddable":true,"href":"https:\/\/cardinal-tapes.com\/pl\/wp-json\/wp\/v2\/pwb-brand?post=57754"},{"taxonomy":"product_brand","embeddable":true,"href":"https:\/\/cardinal-tapes.com\/pl\/wp-json\/wp\/v2\/product_brand?post=57754"},{"taxonomy":"product_cat","embeddable":true,"href":"https:\/\/cardinal-tapes.com\/pl\/wp-json\/wp\/v2\/product_cat?post=57754"},{"taxonomy":"product_tag","embeddable":true,"href":"https:\/\/cardinal-tapes.com\/pl\/wp-json\/wp\/v2\/product_tag?post=57754"}],"curies":[{"name":"wp","href":"https:\/\/api.w.org\/{rel}","templated":true}]}}