{"id":57389,"date":"2018-02-20T14:31:34","date_gmt":"2023-06-05T15:27:13","guid":{"rendered":"https:\/\/cardinal.pixel-tal.de\/klebebaender\/bez-kategorii\/tesa-4600-samouszczelniajaca-tasma-silikonowa-do-natychmiastowego-hermetycznego-uszczelnienia\/"},"modified":"2025-07-03T16:10:15","modified_gmt":"2025-07-03T14:10:15","slug":"tesa-4600-samouszczelniajaca-silikonowa-tasma-naprawcza","status":"publish","type":"product","link":"https:\/\/cardinal-tapes.com\/pl\/ta\u015bmy-samoprzylepne\/jednostronne-tasmy-samoprzylepne\/tesa-4600-samouszczelniajaca-silikonowa-tasma-naprawcza\/","title":{"rendered":"tesa\u00ae 4600 Samouszczelniaj\u0105ca ta\u015bma silikonowa do natychmiastowego hermetycznego uszczelnienia"},"content":{"rendered":"<p><sup>tesa\u00ae<\/sup> 4600 to samospajalna ta\u015bma silikonowa bez kleju, kt\u00f3ra jest przyklejona do w\u0142asnego no\u015bnika. Dzi\u0119ki elastycznemu materia\u0142owi doskonale dopasowuje si\u0119 do r\u00f3\u017cnych powierzchni i zapewnia natychmiastowe, hermetyczne uszczelnienie. Produkt ten wykazuje r\u00f3wnie\u017c niezawodne wyniki aplikacji na zewn\u0105trz na t\u0142ustych, brudnych lub mokrych powierzchniach. Mo\u017cliwa jest r\u00f3wnie\u017c aplikacja pod wod\u0105. Dzi\u0119ki silikonowemu materia\u0142owi no\u015bnemu charakteryzuje si\u0119 doskona\u0142\u0105 odporno\u015bci\u0105 na r\u00f3\u017cne chemikalia, oleje, kwasy, rozpuszczalniki, s\u0142on\u0105 wod\u0119, promieniowanie UV i wysokie temperatury. <sup>tesa\u00ae<\/sup> 4600 posiada wk\u0142adk\u0119 i jest dost\u0119pna w kolorze czarnym i przezroczystym.<\/p>\n<p><strong>W\u0142a\u015bciwo\u015bci<\/strong><br \/>\n&#8211; Wyj\u0105tkowa odporno\u015b\u0107 na chemikalia i p\u0142yny<br \/>\n&#8211; Odporno\u015b\u0107 na promieniowanie UV i wysokie temperatury<\/p>\n<p><strong>Zastosowania<\/strong><br \/>\n&#8211; Izolacja i ochrona kabli i po\u0142\u0105cze\u0144<br \/>\n&#8211; Izolacja i ochrona kabli i po\u0142\u0105cze\u0144 do 8000V<\/p>\n","protected":false},"excerpt":{"rendered":"<p>tesa\u00ae 4600 to samospajalna ta\u015bma silikonowa bez kleju, kt\u00f3ra jest przyklejona do w\u0142asnego no\u015bnika. Dzi\u0119ki elastycznemu materia\u0142owi doskonale dopasowuje si\u0119 do r\u00f3\u017cnych powierzchni i zapewnia natychmiastowe, hermetyczne uszczelnienie. Produkt ten wykazuje r\u00f3wnie\u017c niezawodne wyniki aplikacji na zewn\u0105trz na t\u0142ustych, brudnych lub mokrych powierzchniach. Mo\u017cliwa jest r\u00f3wnie\u017c aplikacja pod wod\u0105. Dzi\u0119ki silikonowemu materia\u0142owi no\u015bnemu charakteryzuje si\u0119 [&hellip;]<\/p>\n","protected":false},"featured_media":26478,"template":"","meta":{"_acf_changed":false},"pwb-brand":[2164],"product_brand":[],"product_cat":[1816],"product_tag":[],"class_list":{"0":"post-57389","1":"product","2":"type-product","3":"status-publish","4":"has-post-thumbnail","6":"pwb-brand-tesa-pl","7":"product_cat-jednostronne-tasmy-samoprzylepne","9":"first","10":"instock","11":"taxable","12":"shipping-taxable","13":"purchasable","14":"product-type-variable"},"acf":[],"yoast_head":"<!-- This site is optimized with the Yoast SEO plugin v27.3 - https:\/\/yoast.com\/product\/yoast-seo-wordpress\/ -->\n<title>Samouszczelniaj\u0105ca silikonowa ta\u015bma naprawcza Tesa 4600 | Cardinal<\/title>\n<meta name=\"description\" content=\"Tesa 4600 to samouszczelniaj\u0105ca si\u0119 ta\u015bma silikonowa bez kleju, kt\u00f3ra jest przyklejona do w\u0142asnego no\u015bnika. Dowiedz si\u0119 wi\u0119cej o tesa 4600 tutaj.\" \/>\n<meta name=\"robots\" content=\"index, follow, max-snippet:-1, max-image-preview:large, max-video-preview:-1\" \/>\n<link rel=\"canonical\" href=\"https:\/\/cardinal-tapes.com\/pl\/ta\u015bmy-samoprzylepne\/jednostronne-tasmy-samoprzylepne\/tesa-4600-samouszczelniajaca-silikonowa-tasma-naprawcza\/\" \/>\n<meta property=\"og:locale\" content=\"pl_PL\" \/>\n<meta property=\"og:type\" content=\"article\" \/>\n<meta property=\"og:title\" content=\"Samouszczelniaj\u0105ca silikonowa ta\u015bma naprawcza Tesa 4600 | Cardinal\" \/>\n<meta property=\"og:description\" content=\"Tesa 4600 to samouszczelniaj\u0105ca si\u0119 ta\u015bma silikonowa bez kleju, kt\u00f3ra jest przyklejona do w\u0142asnego no\u015bnika. Dowiedz si\u0119 wi\u0119cej o tesa 4600 tutaj.\" \/>\n<meta property=\"og:url\" content=\"https:\/\/cardinal-tapes.com\/pl\/ta\u015bmy-samoprzylepne\/jednostronne-tasmy-samoprzylepne\/tesa-4600-samouszczelniajaca-silikonowa-tasma-naprawcza\/\" \/>\n<meta property=\"og:site_name\" content=\"cardinal TAPES\" \/>\n<meta property=\"article:modified_time\" content=\"2025-07-03T14:10:15+00:00\" \/>\n<meta property=\"og:image\" content=\"https:\/\/cardinal-tapes.com\/wp-content\/uploads\/tesa-professional-xtreme-conditions.jpg\" \/>\n\t<meta property=\"og:image:width\" content=\"600\" \/>\n\t<meta property=\"og:image:height\" content=\"600\" \/>\n\t<meta property=\"og:image:type\" content=\"image\/jpeg\" \/>\n<meta name=\"twitter:card\" content=\"summary_large_image\" \/>\n<meta name=\"twitter:label1\" content=\"Szacowany czas czytania\" \/>\n\t<meta name=\"twitter:data1\" content=\"1 minuta\" \/>\n<script type=\"application\/ld+json\" class=\"yoast-schema-graph\">{\"@context\":\"https:\\\/\\\/schema.org\",\"@graph\":[{\"@type\":\"WebPage\",\"@id\":\"https:\\\/\\\/cardinal-tapes.com\\\/pl\\\/ta\u015bmy-samoprzylepne\\\/jednostronne-tasmy-samoprzylepne\\\/tesa-4600-samouszczelniajaca-silikonowa-tasma-naprawcza\\\/\",\"url\":\"https:\\\/\\\/cardinal-tapes.com\\\/pl\\\/ta\u015bmy-samoprzylepne\\\/jednostronne-tasmy-samoprzylepne\\\/tesa-4600-samouszczelniajaca-silikonowa-tasma-naprawcza\\\/\",\"name\":\"Samouszczelniaj\u0105ca silikonowa ta\u015bma naprawcza Tesa 4600 | Cardinal\",\"isPartOf\":{\"@id\":\"https:\\\/\\\/cardinal-tapes.com\\\/#website\"},\"primaryImageOfPage\":{\"@id\":\"https:\\\/\\\/cardinal-tapes.com\\\/pl\\\/ta\u015bmy-samoprzylepne\\\/jednostronne-tasmy-samoprzylepne\\\/tesa-4600-samouszczelniajaca-silikonowa-tasma-naprawcza\\\/#primaryimage\"},\"image\":{\"@id\":\"https:\\\/\\\/cardinal-tapes.com\\\/pl\\\/ta\u015bmy-samoprzylepne\\\/jednostronne-tasmy-samoprzylepne\\\/tesa-4600-samouszczelniajaca-silikonowa-tasma-naprawcza\\\/#primaryimage\"},\"thumbnailUrl\":\"https:\\\/\\\/cardinal-tapes.com\\\/wp-content\\\/uploads\\\/tesa-professional-xtreme-conditions.jpg\",\"datePublished\":\"2023-06-05T15:27:13+00:00\",\"dateModified\":\"2025-07-03T14:10:15+00:00\",\"description\":\"Tesa 4600 to samouszczelniaj\u0105ca si\u0119 ta\u015bma silikonowa bez kleju, kt\u00f3ra jest przyklejona do w\u0142asnego no\u015bnika. Dowiedz si\u0119 wi\u0119cej o tesa 4600 tutaj.\",\"breadcrumb\":{\"@id\":\"https:\\\/\\\/cardinal-tapes.com\\\/pl\\\/ta\u015bmy-samoprzylepne\\\/jednostronne-tasmy-samoprzylepne\\\/tesa-4600-samouszczelniajaca-silikonowa-tasma-naprawcza\\\/#breadcrumb\"},\"inLanguage\":\"pl-PL\",\"potentialAction\":[{\"@type\":\"ReadAction\",\"target\":[\"https:\\\/\\\/cardinal-tapes.com\\\/pl\\\/ta\u015bmy-samoprzylepne\\\/jednostronne-tasmy-samoprzylepne\\\/tesa-4600-samouszczelniajaca-silikonowa-tasma-naprawcza\\\/\"]}]},{\"@type\":\"ImageObject\",\"inLanguage\":\"pl-PL\",\"@id\":\"https:\\\/\\\/cardinal-tapes.com\\\/pl\\\/ta\u015bmy-samoprzylepne\\\/jednostronne-tasmy-samoprzylepne\\\/tesa-4600-samouszczelniajaca-silikonowa-tasma-naprawcza\\\/#primaryimage\",\"url\":\"https:\\\/\\\/cardinal-tapes.com\\\/wp-content\\\/uploads\\\/tesa-professional-xtreme-conditions.jpg\",\"contentUrl\":\"https:\\\/\\\/cardinal-tapes.com\\\/wp-content\\\/uploads\\\/tesa-professional-xtreme-conditions.jpg\",\"width\":600,\"height\":600,\"caption\":\"tesa Professional Xtreme Conditions\"},{\"@type\":\"BreadcrumbList\",\"@id\":\"https:\\\/\\\/cardinal-tapes.com\\\/pl\\\/ta\u015bmy-samoprzylepne\\\/jednostronne-tasmy-samoprzylepne\\\/tesa-4600-samouszczelniajaca-silikonowa-tasma-naprawcza\\\/#breadcrumb\",\"itemListElement\":[{\"@type\":\"ListItem\",\"position\":1,\"name\":\"Startseite\",\"item\":\"https:\\\/\\\/cardinal-tapes.com\\\/pl\\\/strona-glowna\\\/\"},{\"@type\":\"ListItem\",\"position\":2,\"name\":\"Ta\u015bmy samoprzylepne\",\"item\":\"https:\\\/\\\/cardinal-tapes.com\\\/pl\\\/tasmy-samoprzylepne-pl\\\/\"},{\"@type\":\"ListItem\",\"position\":3,\"name\":\"Jednostronne ta\u015bmy samoprzylepne\",\"item\":\"https:\\\/\\\/cardinal-tapes.com\\\/pl\\\/kategoria\\\/jednostronne-tasmy-samoprzylepne\\\/\"},{\"@type\":\"ListItem\",\"position\":4,\"name\":\"tesa\u00ae 4600 Samouszczelniaj\u0105ca ta\u015bma silikonowa do natychmiastowego hermetycznego uszczelnienia\"}]},{\"@type\":\"WebSite\",\"@id\":\"https:\\\/\\\/cardinal-tapes.com\\\/#website\",\"url\":\"https:\\\/\\\/cardinal-tapes.com\\\/\",\"name\":\"cardinal TAPES\",\"description\":\"Klebetechnik aus Wuppertal\",\"potentialAction\":[{\"@type\":\"SearchAction\",\"target\":{\"@type\":\"EntryPoint\",\"urlTemplate\":\"https:\\\/\\\/cardinal-tapes.com\\\/?s={search_term_string}\"},\"query-input\":{\"@type\":\"PropertyValueSpecification\",\"valueRequired\":true,\"valueName\":\"search_term_string\"}}],\"inLanguage\":\"pl-PL\"}]}<\/script>\n<!-- \/ Yoast SEO plugin. -->","yoast_head_json":{"title":"Samouszczelniaj\u0105ca silikonowa ta\u015bma naprawcza Tesa 4600 | Cardinal","description":"Tesa 4600 to samouszczelniaj\u0105ca si\u0119 ta\u015bma silikonowa bez kleju, kt\u00f3ra jest przyklejona do w\u0142asnego no\u015bnika. Dowiedz si\u0119 wi\u0119cej o tesa 4600 tutaj.","robots":{"index":"index","follow":"follow","max-snippet":"max-snippet:-1","max-image-preview":"max-image-preview:large","max-video-preview":"max-video-preview:-1"},"canonical":"https:\/\/cardinal-tapes.com\/pl\/ta\u015bmy-samoprzylepne\/jednostronne-tasmy-samoprzylepne\/tesa-4600-samouszczelniajaca-silikonowa-tasma-naprawcza\/","og_locale":"pl_PL","og_type":"article","og_title":"Samouszczelniaj\u0105ca silikonowa ta\u015bma naprawcza Tesa 4600 | Cardinal","og_description":"Tesa 4600 to samouszczelniaj\u0105ca si\u0119 ta\u015bma silikonowa bez kleju, kt\u00f3ra jest przyklejona do w\u0142asnego no\u015bnika. Dowiedz si\u0119 wi\u0119cej o tesa 4600 tutaj.","og_url":"https:\/\/cardinal-tapes.com\/pl\/ta\u015bmy-samoprzylepne\/jednostronne-tasmy-samoprzylepne\/tesa-4600-samouszczelniajaca-silikonowa-tasma-naprawcza\/","og_site_name":"cardinal TAPES","article_modified_time":"2025-07-03T14:10:15+00:00","og_image":[{"width":600,"height":600,"url":"https:\/\/cardinal-tapes.com\/wp-content\/uploads\/tesa-professional-xtreme-conditions.jpg","type":"image\/jpeg"}],"twitter_card":"summary_large_image","twitter_misc":{"Szacowany czas czytania":"1 minuta"},"schema":{"@context":"https:\/\/schema.org","@graph":[{"@type":"WebPage","@id":"https:\/\/cardinal-tapes.com\/pl\/ta\u015bmy-samoprzylepne\/jednostronne-tasmy-samoprzylepne\/tesa-4600-samouszczelniajaca-silikonowa-tasma-naprawcza\/","url":"https:\/\/cardinal-tapes.com\/pl\/ta\u015bmy-samoprzylepne\/jednostronne-tasmy-samoprzylepne\/tesa-4600-samouszczelniajaca-silikonowa-tasma-naprawcza\/","name":"Samouszczelniaj\u0105ca silikonowa ta\u015bma naprawcza Tesa 4600 | Cardinal","isPartOf":{"@id":"https:\/\/cardinal-tapes.com\/#website"},"primaryImageOfPage":{"@id":"https:\/\/cardinal-tapes.com\/pl\/ta\u015bmy-samoprzylepne\/jednostronne-tasmy-samoprzylepne\/tesa-4600-samouszczelniajaca-silikonowa-tasma-naprawcza\/#primaryimage"},"image":{"@id":"https:\/\/cardinal-tapes.com\/pl\/ta\u015bmy-samoprzylepne\/jednostronne-tasmy-samoprzylepne\/tesa-4600-samouszczelniajaca-silikonowa-tasma-naprawcza\/#primaryimage"},"thumbnailUrl":"https:\/\/cardinal-tapes.com\/wp-content\/uploads\/tesa-professional-xtreme-conditions.jpg","datePublished":"2023-06-05T15:27:13+00:00","dateModified":"2025-07-03T14:10:15+00:00","description":"Tesa 4600 to samouszczelniaj\u0105ca si\u0119 ta\u015bma silikonowa bez kleju, kt\u00f3ra jest przyklejona do w\u0142asnego no\u015bnika. Dowiedz si\u0119 wi\u0119cej o tesa 4600 tutaj.","breadcrumb":{"@id":"https:\/\/cardinal-tapes.com\/pl\/ta\u015bmy-samoprzylepne\/jednostronne-tasmy-samoprzylepne\/tesa-4600-samouszczelniajaca-silikonowa-tasma-naprawcza\/#breadcrumb"},"inLanguage":"pl-PL","potentialAction":[{"@type":"ReadAction","target":["https:\/\/cardinal-tapes.com\/pl\/ta\u015bmy-samoprzylepne\/jednostronne-tasmy-samoprzylepne\/tesa-4600-samouszczelniajaca-silikonowa-tasma-naprawcza\/"]}]},{"@type":"ImageObject","inLanguage":"pl-PL","@id":"https:\/\/cardinal-tapes.com\/pl\/ta\u015bmy-samoprzylepne\/jednostronne-tasmy-samoprzylepne\/tesa-4600-samouszczelniajaca-silikonowa-tasma-naprawcza\/#primaryimage","url":"https:\/\/cardinal-tapes.com\/wp-content\/uploads\/tesa-professional-xtreme-conditions.jpg","contentUrl":"https:\/\/cardinal-tapes.com\/wp-content\/uploads\/tesa-professional-xtreme-conditions.jpg","width":600,"height":600,"caption":"tesa Professional Xtreme Conditions"},{"@type":"BreadcrumbList","@id":"https:\/\/cardinal-tapes.com\/pl\/ta\u015bmy-samoprzylepne\/jednostronne-tasmy-samoprzylepne\/tesa-4600-samouszczelniajaca-silikonowa-tasma-naprawcza\/#breadcrumb","itemListElement":[{"@type":"ListItem","position":1,"name":"Startseite","item":"https:\/\/cardinal-tapes.com\/pl\/strona-glowna\/"},{"@type":"ListItem","position":2,"name":"Ta\u015bmy samoprzylepne","item":"https:\/\/cardinal-tapes.com\/pl\/tasmy-samoprzylepne-pl\/"},{"@type":"ListItem","position":3,"name":"Jednostronne ta\u015bmy samoprzylepne","item":"https:\/\/cardinal-tapes.com\/pl\/kategoria\/jednostronne-tasmy-samoprzylepne\/"},{"@type":"ListItem","position":4,"name":"tesa\u00ae 4600 Samouszczelniaj\u0105ca ta\u015bma silikonowa do natychmiastowego hermetycznego uszczelnienia"}]},{"@type":"WebSite","@id":"https:\/\/cardinal-tapes.com\/#website","url":"https:\/\/cardinal-tapes.com\/","name":"cardinal TAPES","description":"Klebetechnik aus Wuppertal","potentialAction":[{"@type":"SearchAction","target":{"@type":"EntryPoint","urlTemplate":"https:\/\/cardinal-tapes.com\/?s={search_term_string}"},"query-input":{"@type":"PropertyValueSpecification","valueRequired":true,"valueName":"search_term_string"}}],"inLanguage":"pl-PL"}]}},"brands":[{"id":2164,"name":"tesa","slug":"tesa-pl"}],"_links":{"self":[{"href":"https:\/\/cardinal-tapes.com\/pl\/wp-json\/wp\/v2\/product\/57389","targetHints":{"allow":["GET"]}}],"collection":[{"href":"https:\/\/cardinal-tapes.com\/pl\/wp-json\/wp\/v2\/product"}],"about":[{"href":"https:\/\/cardinal-tapes.com\/pl\/wp-json\/wp\/v2\/types\/product"}],"wp:featuredmedia":[{"embeddable":true,"href":"https:\/\/cardinal-tapes.com\/pl\/wp-json\/wp\/v2\/media\/26478"}],"wp:attachment":[{"href":"https:\/\/cardinal-tapes.com\/pl\/wp-json\/wp\/v2\/media?parent=57389"}],"wp:term":[{"taxonomy":"pwb-brand","embeddable":true,"href":"https:\/\/cardinal-tapes.com\/pl\/wp-json\/wp\/v2\/pwb-brand?post=57389"},{"taxonomy":"product_brand","embeddable":true,"href":"https:\/\/cardinal-tapes.com\/pl\/wp-json\/wp\/v2\/product_brand?post=57389"},{"taxonomy":"product_cat","embeddable":true,"href":"https:\/\/cardinal-tapes.com\/pl\/wp-json\/wp\/v2\/product_cat?post=57389"},{"taxonomy":"product_tag","embeddable":true,"href":"https:\/\/cardinal-tapes.com\/pl\/wp-json\/wp\/v2\/product_tag?post=57389"}],"curies":[{"name":"wp","href":"https:\/\/api.w.org\/{rel}","templated":true}]}}