{"id":57375,"date":"2018-02-20T13:07:12","date_gmt":"2023-06-05T15:27:13","guid":{"rendered":"https:\/\/cardinal.pixel-tal.de\/klebebaender\/bez-kategorii\/tesafilm-4156-pv1-specjalna-folia-samoprzylepna-do-litografii-maskowania\/"},"modified":"2025-07-03T15:57:15","modified_gmt":"2025-07-03T13:57:15","slug":"tesa-4156-specjalna-folia-przylepna-do-pokrywania-litografii","status":"publish","type":"product","link":"https:\/\/cardinal-tapes.com\/pl\/ta\u015bmy-samoprzylepne\/jednostronne-tasmy-samoprzylepne\/tesa-4156-specjalna-folia-przylepna-do-pokrywania-litografii\/","title":{"rendered":"tesafilm\u00ae 4156 PV1 Specjalna folia samoprzylepna do litografii, maskowania"},"content":{"rendered":"<section class=\"component js-toc-target\" data-style=\"components\/article-text\" data-toc-name=\"toc-pages-product-product-description\">\n<div class=\"row\">\n<div class=\"col-default-12 col-sm-9\">\n<p><sup>tesafilm\u00ae<\/sup> 4156 PV1 to odporna na rozdarcia specjalna folia samoprzylepna do maskowania i maskowania w litografii. Produkt jest dost\u0119pny w kolorze lito-czerwonym (57). Dozowniki <span class=\"lowercase\">tesa<\/span> litho 6082 i 6090 s\u0105 zalecane jako aplikatory ze wzgl\u0119du na ich g\u0142adkie ostrza.<\/p>\n<p><strong>W\u0142a\u015bciwo\u015bci<\/strong><br \/>\n&#8211; Folia <sup>tesafilm\u00ae<\/sup> 4156 PV1 jest odporna na dzia\u0142anie \u015bwiat\u0142a i starzenie oraz mo\u017cna j\u0105 szybko i czysto usun\u0105\u0107.<br \/>\n&#8211; Dzi\u0119ki pow\u0142oce tylnej \u0142atwo si\u0119 rozwija i nie ma tendencji do tworzenia kraw\u0119dzi.<br \/>\n&#8211; Dzi\u0119ki specjalnym w\u0142a\u015bciwo\u015bciom klej\u0105cym folia <sup>tesa\u00ae<\/sup> 4156 PV1 bardzo dobrze nadaje si\u0119 do klejenia folii.<br \/>\n&#8211; Pewne pokrycie o ostrych kraw\u0119dziach.<\/p>\n<p><strong>Aplikacje<\/strong><br \/>\n&#8211; Pokrycie i maskowanie w litografii<\/p>\n<p>&nbsp;<\/p>\n<\/div>\n<\/div>\n<\/section>\n","protected":false},"excerpt":{"rendered":"<p>tesafilm\u00ae 4156 PV1 to odporna na rozdarcia specjalna folia samoprzylepna do maskowania i maskowania w litografii. Produkt jest dost\u0119pny w kolorze lito-czerwonym (57). Dozowniki tesa litho 6082 i 6090 s\u0105 zalecane jako aplikatory ze wzgl\u0119du na ich g\u0142adkie ostrza. W\u0142a\u015bciwo\u015bci &#8211; Folia tesafilm\u00ae 4156 PV1 jest odporna na dzia\u0142anie \u015bwiat\u0142a i starzenie oraz mo\u017cna j\u0105 [&hellip;]<\/p>\n","protected":false},"featured_media":26454,"template":"","meta":{"_acf_changed":false},"pwb-brand":[2164],"product_brand":[],"product_cat":[1816],"product_tag":[],"class_list":{"0":"post-57375","1":"product","2":"type-product","3":"status-publish","4":"has-post-thumbnail","6":"pwb-brand-tesa-pl","7":"product_cat-jednostronne-tasmy-samoprzylepne","9":"first","10":"instock","11":"taxable","12":"shipping-taxable","13":"purchasable","14":"product-type-variable"},"acf":[],"yoast_head":"<!-- This site is optimized with the Yoast SEO plugin v27.3 - https:\/\/yoast.com\/product\/yoast-seo-wordpress\/ -->\n<title>Tesa 4156 Specjalna folia samoprzylepna do litografii | Cardinal TAPES<\/title>\n<meta name=\"description\" content=\"Tesa 4156 to odporna na rozdarcia specjalna folia samoprzylepna do maskowania i maskowania w litografii. Wi\u0119cej informacji tutaj.\" \/>\n<meta name=\"robots\" content=\"index, follow, max-snippet:-1, max-image-preview:large, max-video-preview:-1\" \/>\n<link rel=\"canonical\" href=\"https:\/\/cardinal-tapes.com\/pl\/ta\u015bmy-samoprzylepne\/jednostronne-tasmy-samoprzylepne\/tesa-4156-specjalna-folia-przylepna-do-pokrywania-litografii\/\" \/>\n<meta property=\"og:locale\" content=\"pl_PL\" \/>\n<meta property=\"og:type\" content=\"article\" \/>\n<meta property=\"og:title\" content=\"Tesa 4156 Specjalna folia samoprzylepna do litografii | Cardinal TAPES\" \/>\n<meta property=\"og:description\" content=\"Tesa 4156 to odporna na rozdarcia specjalna folia samoprzylepna do maskowania i maskowania w litografii. Wi\u0119cej informacji tutaj.\" \/>\n<meta property=\"og:url\" content=\"https:\/\/cardinal-tapes.com\/pl\/ta\u015bmy-samoprzylepne\/jednostronne-tasmy-samoprzylepne\/tesa-4156-specjalna-folia-przylepna-do-pokrywania-litografii\/\" \/>\n<meta property=\"og:site_name\" content=\"cardinal TAPES\" \/>\n<meta property=\"article:modified_time\" content=\"2025-07-03T13:57:15+00:00\" \/>\n<meta property=\"og:image\" content=\"https:\/\/cardinal-tapes.com\/wp-content\/uploads\/tesa-04156.jpg\" \/>\n\t<meta property=\"og:image:width\" content=\"600\" \/>\n\t<meta property=\"og:image:height\" content=\"600\" \/>\n\t<meta property=\"og:image:type\" content=\"image\/jpeg\" \/>\n<meta name=\"twitter:card\" content=\"summary_large_image\" \/>\n<meta name=\"twitter:label1\" content=\"Szacowany czas czytania\" \/>\n\t<meta name=\"twitter:data1\" content=\"1 minuta\" \/>\n<script type=\"application\/ld+json\" class=\"yoast-schema-graph\">{\"@context\":\"https:\\\/\\\/schema.org\",\"@graph\":[{\"@type\":\"WebPage\",\"@id\":\"https:\\\/\\\/cardinal-tapes.com\\\/pl\\\/ta\u015bmy-samoprzylepne\\\/jednostronne-tasmy-samoprzylepne\\\/tesa-4156-specjalna-folia-przylepna-do-pokrywania-litografii\\\/\",\"url\":\"https:\\\/\\\/cardinal-tapes.com\\\/pl\\\/ta\u015bmy-samoprzylepne\\\/jednostronne-tasmy-samoprzylepne\\\/tesa-4156-specjalna-folia-przylepna-do-pokrywania-litografii\\\/\",\"name\":\"Tesa 4156 Specjalna folia samoprzylepna do litografii | Cardinal TAPES\",\"isPartOf\":{\"@id\":\"https:\\\/\\\/cardinal-tapes.com\\\/#website\"},\"primaryImageOfPage\":{\"@id\":\"https:\\\/\\\/cardinal-tapes.com\\\/pl\\\/ta\u015bmy-samoprzylepne\\\/jednostronne-tasmy-samoprzylepne\\\/tesa-4156-specjalna-folia-przylepna-do-pokrywania-litografii\\\/#primaryimage\"},\"image\":{\"@id\":\"https:\\\/\\\/cardinal-tapes.com\\\/pl\\\/ta\u015bmy-samoprzylepne\\\/jednostronne-tasmy-samoprzylepne\\\/tesa-4156-specjalna-folia-przylepna-do-pokrywania-litografii\\\/#primaryimage\"},\"thumbnailUrl\":\"https:\\\/\\\/cardinal-tapes.com\\\/wp-content\\\/uploads\\\/tesa-04156.jpg\",\"datePublished\":\"2023-06-05T15:27:13+00:00\",\"dateModified\":\"2025-07-03T13:57:15+00:00\",\"description\":\"Tesa 4156 to odporna na rozdarcia specjalna folia samoprzylepna do maskowania i maskowania w litografii. Wi\u0119cej informacji tutaj.\",\"breadcrumb\":{\"@id\":\"https:\\\/\\\/cardinal-tapes.com\\\/pl\\\/ta\u015bmy-samoprzylepne\\\/jednostronne-tasmy-samoprzylepne\\\/tesa-4156-specjalna-folia-przylepna-do-pokrywania-litografii\\\/#breadcrumb\"},\"inLanguage\":\"pl-PL\",\"potentialAction\":[{\"@type\":\"ReadAction\",\"target\":[\"https:\\\/\\\/cardinal-tapes.com\\\/pl\\\/ta\u015bmy-samoprzylepne\\\/jednostronne-tasmy-samoprzylepne\\\/tesa-4156-specjalna-folia-przylepna-do-pokrywania-litografii\\\/\"]}]},{\"@type\":\"ImageObject\",\"inLanguage\":\"pl-PL\",\"@id\":\"https:\\\/\\\/cardinal-tapes.com\\\/pl\\\/ta\u015bmy-samoprzylepne\\\/jednostronne-tasmy-samoprzylepne\\\/tesa-4156-specjalna-folia-przylepna-do-pokrywania-litografii\\\/#primaryimage\",\"url\":\"https:\\\/\\\/cardinal-tapes.com\\\/wp-content\\\/uploads\\\/tesa-04156.jpg\",\"contentUrl\":\"https:\\\/\\\/cardinal-tapes.com\\\/wp-content\\\/uploads\\\/tesa-04156.jpg\",\"width\":600,\"height\":600,\"caption\":\"Ta\u015bma samoprzylepna tesa 4156\"},{\"@type\":\"BreadcrumbList\",\"@id\":\"https:\\\/\\\/cardinal-tapes.com\\\/pl\\\/ta\u015bmy-samoprzylepne\\\/jednostronne-tasmy-samoprzylepne\\\/tesa-4156-specjalna-folia-przylepna-do-pokrywania-litografii\\\/#breadcrumb\",\"itemListElement\":[{\"@type\":\"ListItem\",\"position\":1,\"name\":\"Startseite\",\"item\":\"https:\\\/\\\/cardinal-tapes.com\\\/pl\\\/strona-glowna\\\/\"},{\"@type\":\"ListItem\",\"position\":2,\"name\":\"Ta\u015bmy samoprzylepne\",\"item\":\"https:\\\/\\\/cardinal-tapes.com\\\/pl\\\/tasmy-samoprzylepne-pl\\\/\"},{\"@type\":\"ListItem\",\"position\":3,\"name\":\"Jednostronne ta\u015bmy samoprzylepne\",\"item\":\"https:\\\/\\\/cardinal-tapes.com\\\/pl\\\/kategoria\\\/jednostronne-tasmy-samoprzylepne\\\/\"},{\"@type\":\"ListItem\",\"position\":4,\"name\":\"tesafilm\u00ae 4156 PV1 Specjalna folia samoprzylepna do litografii, maskowania\"}]},{\"@type\":\"WebSite\",\"@id\":\"https:\\\/\\\/cardinal-tapes.com\\\/#website\",\"url\":\"https:\\\/\\\/cardinal-tapes.com\\\/\",\"name\":\"cardinal TAPES\",\"description\":\"Klebetechnik aus Wuppertal\",\"potentialAction\":[{\"@type\":\"SearchAction\",\"target\":{\"@type\":\"EntryPoint\",\"urlTemplate\":\"https:\\\/\\\/cardinal-tapes.com\\\/?s={search_term_string}\"},\"query-input\":{\"@type\":\"PropertyValueSpecification\",\"valueRequired\":true,\"valueName\":\"search_term_string\"}}],\"inLanguage\":\"pl-PL\"}]}<\/script>\n<!-- \/ Yoast SEO plugin. -->","yoast_head_json":{"title":"Tesa 4156 Specjalna folia samoprzylepna do litografii | Cardinal TAPES","description":"Tesa 4156 to odporna na rozdarcia specjalna folia samoprzylepna do maskowania i maskowania w litografii. Wi\u0119cej informacji tutaj.","robots":{"index":"index","follow":"follow","max-snippet":"max-snippet:-1","max-image-preview":"max-image-preview:large","max-video-preview":"max-video-preview:-1"},"canonical":"https:\/\/cardinal-tapes.com\/pl\/ta\u015bmy-samoprzylepne\/jednostronne-tasmy-samoprzylepne\/tesa-4156-specjalna-folia-przylepna-do-pokrywania-litografii\/","og_locale":"pl_PL","og_type":"article","og_title":"Tesa 4156 Specjalna folia samoprzylepna do litografii | Cardinal TAPES","og_description":"Tesa 4156 to odporna na rozdarcia specjalna folia samoprzylepna do maskowania i maskowania w litografii. Wi\u0119cej informacji tutaj.","og_url":"https:\/\/cardinal-tapes.com\/pl\/ta\u015bmy-samoprzylepne\/jednostronne-tasmy-samoprzylepne\/tesa-4156-specjalna-folia-przylepna-do-pokrywania-litografii\/","og_site_name":"cardinal TAPES","article_modified_time":"2025-07-03T13:57:15+00:00","og_image":[{"width":600,"height":600,"url":"https:\/\/cardinal-tapes.com\/wp-content\/uploads\/tesa-04156.jpg","type":"image\/jpeg"}],"twitter_card":"summary_large_image","twitter_misc":{"Szacowany czas czytania":"1 minuta"},"schema":{"@context":"https:\/\/schema.org","@graph":[{"@type":"WebPage","@id":"https:\/\/cardinal-tapes.com\/pl\/ta\u015bmy-samoprzylepne\/jednostronne-tasmy-samoprzylepne\/tesa-4156-specjalna-folia-przylepna-do-pokrywania-litografii\/","url":"https:\/\/cardinal-tapes.com\/pl\/ta\u015bmy-samoprzylepne\/jednostronne-tasmy-samoprzylepne\/tesa-4156-specjalna-folia-przylepna-do-pokrywania-litografii\/","name":"Tesa 4156 Specjalna folia samoprzylepna do litografii | Cardinal TAPES","isPartOf":{"@id":"https:\/\/cardinal-tapes.com\/#website"},"primaryImageOfPage":{"@id":"https:\/\/cardinal-tapes.com\/pl\/ta\u015bmy-samoprzylepne\/jednostronne-tasmy-samoprzylepne\/tesa-4156-specjalna-folia-przylepna-do-pokrywania-litografii\/#primaryimage"},"image":{"@id":"https:\/\/cardinal-tapes.com\/pl\/ta\u015bmy-samoprzylepne\/jednostronne-tasmy-samoprzylepne\/tesa-4156-specjalna-folia-przylepna-do-pokrywania-litografii\/#primaryimage"},"thumbnailUrl":"https:\/\/cardinal-tapes.com\/wp-content\/uploads\/tesa-04156.jpg","datePublished":"2023-06-05T15:27:13+00:00","dateModified":"2025-07-03T13:57:15+00:00","description":"Tesa 4156 to odporna na rozdarcia specjalna folia samoprzylepna do maskowania i maskowania w litografii. Wi\u0119cej informacji tutaj.","breadcrumb":{"@id":"https:\/\/cardinal-tapes.com\/pl\/ta\u015bmy-samoprzylepne\/jednostronne-tasmy-samoprzylepne\/tesa-4156-specjalna-folia-przylepna-do-pokrywania-litografii\/#breadcrumb"},"inLanguage":"pl-PL","potentialAction":[{"@type":"ReadAction","target":["https:\/\/cardinal-tapes.com\/pl\/ta\u015bmy-samoprzylepne\/jednostronne-tasmy-samoprzylepne\/tesa-4156-specjalna-folia-przylepna-do-pokrywania-litografii\/"]}]},{"@type":"ImageObject","inLanguage":"pl-PL","@id":"https:\/\/cardinal-tapes.com\/pl\/ta\u015bmy-samoprzylepne\/jednostronne-tasmy-samoprzylepne\/tesa-4156-specjalna-folia-przylepna-do-pokrywania-litografii\/#primaryimage","url":"https:\/\/cardinal-tapes.com\/wp-content\/uploads\/tesa-04156.jpg","contentUrl":"https:\/\/cardinal-tapes.com\/wp-content\/uploads\/tesa-04156.jpg","width":600,"height":600,"caption":"Ta\u015bma samoprzylepna tesa 4156"},{"@type":"BreadcrumbList","@id":"https:\/\/cardinal-tapes.com\/pl\/ta\u015bmy-samoprzylepne\/jednostronne-tasmy-samoprzylepne\/tesa-4156-specjalna-folia-przylepna-do-pokrywania-litografii\/#breadcrumb","itemListElement":[{"@type":"ListItem","position":1,"name":"Startseite","item":"https:\/\/cardinal-tapes.com\/pl\/strona-glowna\/"},{"@type":"ListItem","position":2,"name":"Ta\u015bmy samoprzylepne","item":"https:\/\/cardinal-tapes.com\/pl\/tasmy-samoprzylepne-pl\/"},{"@type":"ListItem","position":3,"name":"Jednostronne ta\u015bmy samoprzylepne","item":"https:\/\/cardinal-tapes.com\/pl\/kategoria\/jednostronne-tasmy-samoprzylepne\/"},{"@type":"ListItem","position":4,"name":"tesafilm\u00ae 4156 PV1 Specjalna folia samoprzylepna do litografii, maskowania"}]},{"@type":"WebSite","@id":"https:\/\/cardinal-tapes.com\/#website","url":"https:\/\/cardinal-tapes.com\/","name":"cardinal TAPES","description":"Klebetechnik aus Wuppertal","potentialAction":[{"@type":"SearchAction","target":{"@type":"EntryPoint","urlTemplate":"https:\/\/cardinal-tapes.com\/?s={search_term_string}"},"query-input":{"@type":"PropertyValueSpecification","valueRequired":true,"valueName":"search_term_string"}}],"inLanguage":"pl-PL"}]}},"brands":[{"id":2164,"name":"tesa","slug":"tesa-pl"}],"_links":{"self":[{"href":"https:\/\/cardinal-tapes.com\/pl\/wp-json\/wp\/v2\/product\/57375","targetHints":{"allow":["GET"]}}],"collection":[{"href":"https:\/\/cardinal-tapes.com\/pl\/wp-json\/wp\/v2\/product"}],"about":[{"href":"https:\/\/cardinal-tapes.com\/pl\/wp-json\/wp\/v2\/types\/product"}],"wp:featuredmedia":[{"embeddable":true,"href":"https:\/\/cardinal-tapes.com\/pl\/wp-json\/wp\/v2\/media\/26454"}],"wp:attachment":[{"href":"https:\/\/cardinal-tapes.com\/pl\/wp-json\/wp\/v2\/media?parent=57375"}],"wp:term":[{"taxonomy":"pwb-brand","embeddable":true,"href":"https:\/\/cardinal-tapes.com\/pl\/wp-json\/wp\/v2\/pwb-brand?post=57375"},{"taxonomy":"product_brand","embeddable":true,"href":"https:\/\/cardinal-tapes.com\/pl\/wp-json\/wp\/v2\/product_brand?post=57375"},{"taxonomy":"product_cat","embeddable":true,"href":"https:\/\/cardinal-tapes.com\/pl\/wp-json\/wp\/v2\/product_cat?post=57375"},{"taxonomy":"product_tag","embeddable":true,"href":"https:\/\/cardinal-tapes.com\/pl\/wp-json\/wp\/v2\/product_tag?post=57375"}],"curies":[{"name":"wp","href":"https:\/\/api.w.org\/{rel}","templated":true}]}}