{"id":57345,"date":"2018-02-20T11:11:59","date_gmt":"2023-06-05T15:27:12","guid":{"rendered":"https:\/\/cardinal.pixel-tal.de\/klebebaender\/bez-kategorii\/tesaband-53949-matowa-nieodblaskowa-tasma-materialowa\/"},"modified":"2025-07-03T15:51:16","modified_gmt":"2025-07-03T13:51:16","slug":"tesa-53949-matt-non-reflective-fabric-tape","status":"publish","type":"product","link":"https:\/\/cardinal-tapes.com\/pl\/ta\u015bmy-samoprzylepne\/obszary-zastosowan\/przemysl-budowlany\/tesa-53949-matt-non-reflective-fabric-tape\/","title":{"rendered":"tesaband\u00ae 53949 Matowa, nieodblaskowa ta\u015bma materia\u0142owa"},"content":{"rendered":"<p><sup>tesa\u00ae<\/sup> 53949 PV2 to matowa ta\u015bma tkaninowa pokryta PE. Sk\u0142ada si\u0119 z tkaniny PET\/bawe\u0142ny o g\u0119sto\u015bci 80 oczek z klejem z naturalnego kauczuku. Jest to idealne rozwi\u0105zanie do wszystkich zastosowa\u0144, w kt\u00f3rych nale\u017cy unika\u0107 odbi\u0107. Ta\u015bma tkaninowa ma dobr\u0105 przyczepno\u015b\u0107 (nawet na szorstkich powierzchniach) i poch\u0142ania \u015bwiat\u0142o, tj. nie odbija \u015bwiat\u0142a. Mo\u017cna go \u0142atwo rozerwa\u0107 r\u0119cznie i szybko usun\u0105\u0107. Ponadto jest wodoodporny i odporny na warunki atmosferyczne.<\/p>\n<p><strong>W\u0142a\u015bciwo\u015bci<\/strong><br \/>\n&#8211; Dobra si\u0142a klejenia, nawet na chropowatych powierzchniach<br \/>\n&#8211; Poch\u0142aniaj\u0105ca \u015bwiat\u0142o \/ nieodblaskowa<br \/>\n&#8211; \u0141atwa do oderwania r\u0119k\u0105<br \/>\n&#8211; \u0141atwa i szybka do usuni\u0119cia<br \/>\n&#8211; Odporna na \u015bcieranie i g\u0142adka<br \/>\n&#8211; Wodoodporna i odporna na warunki atmosferyczne<br \/>\n&#8211; Elastyczna i gi\u0119tka<\/p>\n<p><strong>Zastosowania<\/strong><br \/>\n&#8211; Na scenie i za scen\u0105 w teatrze, operze, na estradzie i w kinie<br \/>\n&#8211; Do pokrywania b\u0142yszcz\u0105cych, odbijaj\u0105cych \u015bwiat\u0142o powierzchni<br \/>\n&#8211; Tymczasowe mocowanie kabli, na przyk\u0142ad na pod\u0142ogach, dywanach lub \u015bcianach<br \/>\n&#8211; Zaklejanie po\u0142\u0105cze\u0144 i szczelin<br \/>\n&#8211; Oznaczenia pod\u0142ogowe, np. oznaczenia pozycji<\/p>\n<section class=\"component js-controller js-toc-target\" data-style=\"components\/article-slider\" data-controller=\"components\/ArticleSliderController\" data-tracking-disabled=\"\" data-toc-name=\"toc-media-gallery\">\n<div class=\"row\">\n<div class=\"col-default-12 col-sm-9 slider-column-wrapper\">\n<div class=\"main-slider-wrapper\">\n<div class=\"js-main-slider slick-initialized slick-slider\">\n<div class=\"slick-list draggable\" aria-live=\"polite\">\n<div class=\"slick-track\"><\/div>\n<\/div>\n<\/div>\n<\/div>\n<\/div>\n<\/div>\n<\/section>\n","protected":false},"excerpt":{"rendered":"<p>tesa\u00ae 53949 PV2 to matowa ta\u015bma tkaninowa pokryta PE. Sk\u0142ada si\u0119 z tkaniny PET\/bawe\u0142ny o g\u0119sto\u015bci 80 oczek z klejem z naturalnego kauczuku. Jest to idealne rozwi\u0105zanie do wszystkich zastosowa\u0144, w kt\u00f3rych nale\u017cy unika\u0107 odbi\u0107. Ta\u015bma tkaninowa ma dobr\u0105 przyczepno\u015b\u0107 (nawet na szorstkich powierzchniach) i poch\u0142ania \u015bwiat\u0142o, tj. nie odbija \u015bwiat\u0142a. Mo\u017cna go \u0142atwo rozerwa\u0107 [&hellip;]<\/p>\n","protected":false},"featured_media":26034,"template":"","meta":{"_acf_changed":false},"pwb-brand":[2164],"product_brand":[],"product_cat":[1689,1715,1816],"product_tag":[],"class_list":{"0":"post-57345","1":"product","2":"type-product","3":"status-publish","4":"has-post-thumbnail","6":"pwb-brand-tesa-pl","7":"product_cat-przemysl-budowlany","8":"product_cat-tasma-klejaca-do-tkanin","9":"product_cat-jednostronne-tasmy-samoprzylepne","11":"first","12":"instock","13":"taxable","14":"shipping-taxable","15":"purchasable","16":"product-type-variable"},"acf":[],"yoast_head":"<!-- This site is optimized with the Yoast SEO plugin v27.3 - https:\/\/yoast.com\/product\/yoast-seo-wordpress\/ -->\n<title>Tesa 53949 Matowa, nieodblaskowa ta\u015bma materia\u0142owa | Cardinal TAPES<\/title>\n<meta name=\"description\" content=\"Tesa 53949 to matowa ta\u015bma tkaninowa z pow\u0142ok\u0105 PE. Sk\u0142ada si\u0119 z tkaniny PET\/bawe\u0142ny o g\u0119sto\u015bci 80 oczek z klejem z naturalnego kauczuku.\" \/>\n<meta name=\"robots\" content=\"index, follow, max-snippet:-1, max-image-preview:large, max-video-preview:-1\" \/>\n<link rel=\"canonical\" href=\"https:\/\/cardinal-tapes.com\/pl\/ta\u015bmy-samoprzylepne\/obszary-zastosowan\/przemysl-budowlany\/tesa-53949-matt-non-reflective-fabric-tape\/\" \/>\n<meta property=\"og:locale\" content=\"pl_PL\" \/>\n<meta property=\"og:type\" content=\"article\" \/>\n<meta property=\"og:title\" content=\"Tesa 53949 Matowa, nieodblaskowa ta\u015bma materia\u0142owa | Cardinal TAPES\" \/>\n<meta property=\"og:description\" content=\"Tesa 53949 to matowa ta\u015bma tkaninowa z pow\u0142ok\u0105 PE. Sk\u0142ada si\u0119 z tkaniny PET\/bawe\u0142ny o g\u0119sto\u015bci 80 oczek z klejem z naturalnego kauczuku.\" \/>\n<meta property=\"og:url\" content=\"https:\/\/cardinal-tapes.com\/pl\/ta\u015bmy-samoprzylepne\/obszary-zastosowan\/przemysl-budowlany\/tesa-53949-matt-non-reflective-fabric-tape\/\" \/>\n<meta property=\"og:site_name\" content=\"cardinal TAPES\" \/>\n<meta property=\"article:modified_time\" content=\"2025-07-03T13:51:16+00:00\" \/>\n<meta property=\"og:image\" content=\"https:\/\/cardinal-tapes.com\/wp-content\/uploads\/tesa-53949-as-001-fullsize173244_canvas1x1_6.jpg\" \/>\n\t<meta property=\"og:image:width\" content=\"640\" \/>\n\t<meta property=\"og:image:height\" content=\"453\" \/>\n\t<meta property=\"og:image:type\" content=\"image\/jpeg\" \/>\n<meta name=\"twitter:card\" content=\"summary_large_image\" \/>\n<meta name=\"twitter:label1\" content=\"Szacowany czas czytania\" \/>\n\t<meta name=\"twitter:data1\" content=\"1 minuta\" \/>\n<script type=\"application\/ld+json\" class=\"yoast-schema-graph\">{\"@context\":\"https:\\\/\\\/schema.org\",\"@graph\":[{\"@type\":\"WebPage\",\"@id\":\"https:\\\/\\\/cardinal-tapes.com\\\/pl\\\/ta\u015bmy-samoprzylepne\\\/obszary-zastosowan\\\/przemysl-budowlany\\\/tesa-53949-matt-non-reflective-fabric-tape\\\/\",\"url\":\"https:\\\/\\\/cardinal-tapes.com\\\/pl\\\/ta\u015bmy-samoprzylepne\\\/obszary-zastosowan\\\/przemysl-budowlany\\\/tesa-53949-matt-non-reflective-fabric-tape\\\/\",\"name\":\"Tesa 53949 Matowa, nieodblaskowa ta\u015bma materia\u0142owa | Cardinal TAPES\",\"isPartOf\":{\"@id\":\"https:\\\/\\\/cardinal-tapes.com\\\/#website\"},\"primaryImageOfPage\":{\"@id\":\"https:\\\/\\\/cardinal-tapes.com\\\/pl\\\/ta\u015bmy-samoprzylepne\\\/obszary-zastosowan\\\/przemysl-budowlany\\\/tesa-53949-matt-non-reflective-fabric-tape\\\/#primaryimage\"},\"image\":{\"@id\":\"https:\\\/\\\/cardinal-tapes.com\\\/pl\\\/ta\u015bmy-samoprzylepne\\\/obszary-zastosowan\\\/przemysl-budowlany\\\/tesa-53949-matt-non-reflective-fabric-tape\\\/#primaryimage\"},\"thumbnailUrl\":\"https:\\\/\\\/cardinal-tapes.com\\\/wp-content\\\/uploads\\\/tesa-53949-as-001-fullsize173244_canvas1x1_6.jpg\",\"datePublished\":\"2023-06-05T15:27:12+00:00\",\"dateModified\":\"2025-07-03T13:51:16+00:00\",\"description\":\"Tesa 53949 to matowa ta\u015bma tkaninowa z pow\u0142ok\u0105 PE. Sk\u0142ada si\u0119 z tkaniny PET\\\/bawe\u0142ny o g\u0119sto\u015bci 80 oczek z klejem z naturalnego kauczuku.\",\"breadcrumb\":{\"@id\":\"https:\\\/\\\/cardinal-tapes.com\\\/pl\\\/ta\u015bmy-samoprzylepne\\\/obszary-zastosowan\\\/przemysl-budowlany\\\/tesa-53949-matt-non-reflective-fabric-tape\\\/#breadcrumb\"},\"inLanguage\":\"pl-PL\",\"potentialAction\":[{\"@type\":\"ReadAction\",\"target\":[\"https:\\\/\\\/cardinal-tapes.com\\\/pl\\\/ta\u015bmy-samoprzylepne\\\/obszary-zastosowan\\\/przemysl-budowlany\\\/tesa-53949-matt-non-reflective-fabric-tape\\\/\"]}]},{\"@type\":\"ImageObject\",\"inLanguage\":\"pl-PL\",\"@id\":\"https:\\\/\\\/cardinal-tapes.com\\\/pl\\\/ta\u015bmy-samoprzylepne\\\/obszary-zastosowan\\\/przemysl-budowlany\\\/tesa-53949-matt-non-reflective-fabric-tape\\\/#primaryimage\",\"url\":\"https:\\\/\\\/cardinal-tapes.com\\\/wp-content\\\/uploads\\\/tesa-53949-as-001-fullsize173244_canvas1x1_6.jpg\",\"contentUrl\":\"https:\\\/\\\/cardinal-tapes.com\\\/wp-content\\\/uploads\\\/tesa-53949-as-001-fullsize173244_canvas1x1_6.jpg\",\"width\":640,\"height\":453,\"caption\":\"tesa 53949\"},{\"@type\":\"BreadcrumbList\",\"@id\":\"https:\\\/\\\/cardinal-tapes.com\\\/pl\\\/ta\u015bmy-samoprzylepne\\\/obszary-zastosowan\\\/przemysl-budowlany\\\/tesa-53949-matt-non-reflective-fabric-tape\\\/#breadcrumb\",\"itemListElement\":[{\"@type\":\"ListItem\",\"position\":1,\"name\":\"Startseite\",\"item\":\"https:\\\/\\\/cardinal-tapes.com\\\/pl\\\/strona-glowna\\\/\"},{\"@type\":\"ListItem\",\"position\":2,\"name\":\"Ta\u015bmy samoprzylepne\",\"item\":\"https:\\\/\\\/cardinal-tapes.com\\\/pl\\\/tasmy-samoprzylepne-pl\\\/\"},{\"@type\":\"ListItem\",\"position\":3,\"name\":\"Einseitige Klebeb\u00e4nder\",\"item\":\"https:\\\/\\\/cardinal-tapes.com\\\/kategorie\\\/einseitige-klebebaender\\\/\"},{\"@type\":\"ListItem\",\"position\":4,\"name\":\"tesaband\u00ae 53949 Matowa, nieodblaskowa ta\u015bma materia\u0142owa\"}]},{\"@type\":\"WebSite\",\"@id\":\"https:\\\/\\\/cardinal-tapes.com\\\/#website\",\"url\":\"https:\\\/\\\/cardinal-tapes.com\\\/\",\"name\":\"cardinal TAPES\",\"description\":\"Klebetechnik aus Wuppertal\",\"potentialAction\":[{\"@type\":\"SearchAction\",\"target\":{\"@type\":\"EntryPoint\",\"urlTemplate\":\"https:\\\/\\\/cardinal-tapes.com\\\/?s={search_term_string}\"},\"query-input\":{\"@type\":\"PropertyValueSpecification\",\"valueRequired\":true,\"valueName\":\"search_term_string\"}}],\"inLanguage\":\"pl-PL\"}]}<\/script>\n<!-- \/ Yoast SEO plugin. -->","yoast_head_json":{"title":"Tesa 53949 Matowa, nieodblaskowa ta\u015bma materia\u0142owa | Cardinal TAPES","description":"Tesa 53949 to matowa ta\u015bma tkaninowa z pow\u0142ok\u0105 PE. Sk\u0142ada si\u0119 z tkaniny PET\/bawe\u0142ny o g\u0119sto\u015bci 80 oczek z klejem z naturalnego kauczuku.","robots":{"index":"index","follow":"follow","max-snippet":"max-snippet:-1","max-image-preview":"max-image-preview:large","max-video-preview":"max-video-preview:-1"},"canonical":"https:\/\/cardinal-tapes.com\/pl\/ta\u015bmy-samoprzylepne\/obszary-zastosowan\/przemysl-budowlany\/tesa-53949-matt-non-reflective-fabric-tape\/","og_locale":"pl_PL","og_type":"article","og_title":"Tesa 53949 Matowa, nieodblaskowa ta\u015bma materia\u0142owa | Cardinal TAPES","og_description":"Tesa 53949 to matowa ta\u015bma tkaninowa z pow\u0142ok\u0105 PE. Sk\u0142ada si\u0119 z tkaniny PET\/bawe\u0142ny o g\u0119sto\u015bci 80 oczek z klejem z naturalnego kauczuku.","og_url":"https:\/\/cardinal-tapes.com\/pl\/ta\u015bmy-samoprzylepne\/obszary-zastosowan\/przemysl-budowlany\/tesa-53949-matt-non-reflective-fabric-tape\/","og_site_name":"cardinal TAPES","article_modified_time":"2025-07-03T13:51:16+00:00","og_image":[{"width":640,"height":453,"url":"https:\/\/cardinal-tapes.com\/wp-content\/uploads\/tesa-53949-as-001-fullsize173244_canvas1x1_6.jpg","type":"image\/jpeg"}],"twitter_card":"summary_large_image","twitter_misc":{"Szacowany czas czytania":"1 minuta"},"schema":{"@context":"https:\/\/schema.org","@graph":[{"@type":"WebPage","@id":"https:\/\/cardinal-tapes.com\/pl\/ta\u015bmy-samoprzylepne\/obszary-zastosowan\/przemysl-budowlany\/tesa-53949-matt-non-reflective-fabric-tape\/","url":"https:\/\/cardinal-tapes.com\/pl\/ta\u015bmy-samoprzylepne\/obszary-zastosowan\/przemysl-budowlany\/tesa-53949-matt-non-reflective-fabric-tape\/","name":"Tesa 53949 Matowa, nieodblaskowa ta\u015bma materia\u0142owa | Cardinal TAPES","isPartOf":{"@id":"https:\/\/cardinal-tapes.com\/#website"},"primaryImageOfPage":{"@id":"https:\/\/cardinal-tapes.com\/pl\/ta\u015bmy-samoprzylepne\/obszary-zastosowan\/przemysl-budowlany\/tesa-53949-matt-non-reflective-fabric-tape\/#primaryimage"},"image":{"@id":"https:\/\/cardinal-tapes.com\/pl\/ta\u015bmy-samoprzylepne\/obszary-zastosowan\/przemysl-budowlany\/tesa-53949-matt-non-reflective-fabric-tape\/#primaryimage"},"thumbnailUrl":"https:\/\/cardinal-tapes.com\/wp-content\/uploads\/tesa-53949-as-001-fullsize173244_canvas1x1_6.jpg","datePublished":"2023-06-05T15:27:12+00:00","dateModified":"2025-07-03T13:51:16+00:00","description":"Tesa 53949 to matowa ta\u015bma tkaninowa z pow\u0142ok\u0105 PE. Sk\u0142ada si\u0119 z tkaniny PET\/bawe\u0142ny o g\u0119sto\u015bci 80 oczek z klejem z naturalnego kauczuku.","breadcrumb":{"@id":"https:\/\/cardinal-tapes.com\/pl\/ta\u015bmy-samoprzylepne\/obszary-zastosowan\/przemysl-budowlany\/tesa-53949-matt-non-reflective-fabric-tape\/#breadcrumb"},"inLanguage":"pl-PL","potentialAction":[{"@type":"ReadAction","target":["https:\/\/cardinal-tapes.com\/pl\/ta\u015bmy-samoprzylepne\/obszary-zastosowan\/przemysl-budowlany\/tesa-53949-matt-non-reflective-fabric-tape\/"]}]},{"@type":"ImageObject","inLanguage":"pl-PL","@id":"https:\/\/cardinal-tapes.com\/pl\/ta\u015bmy-samoprzylepne\/obszary-zastosowan\/przemysl-budowlany\/tesa-53949-matt-non-reflective-fabric-tape\/#primaryimage","url":"https:\/\/cardinal-tapes.com\/wp-content\/uploads\/tesa-53949-as-001-fullsize173244_canvas1x1_6.jpg","contentUrl":"https:\/\/cardinal-tapes.com\/wp-content\/uploads\/tesa-53949-as-001-fullsize173244_canvas1x1_6.jpg","width":640,"height":453,"caption":"tesa 53949"},{"@type":"BreadcrumbList","@id":"https:\/\/cardinal-tapes.com\/pl\/ta\u015bmy-samoprzylepne\/obszary-zastosowan\/przemysl-budowlany\/tesa-53949-matt-non-reflective-fabric-tape\/#breadcrumb","itemListElement":[{"@type":"ListItem","position":1,"name":"Startseite","item":"https:\/\/cardinal-tapes.com\/pl\/strona-glowna\/"},{"@type":"ListItem","position":2,"name":"Ta\u015bmy samoprzylepne","item":"https:\/\/cardinal-tapes.com\/pl\/tasmy-samoprzylepne-pl\/"},{"@type":"ListItem","position":3,"name":"Einseitige Klebeb\u00e4nder","item":"https:\/\/cardinal-tapes.com\/kategorie\/einseitige-klebebaender\/"},{"@type":"ListItem","position":4,"name":"tesaband\u00ae 53949 Matowa, nieodblaskowa ta\u015bma materia\u0142owa"}]},{"@type":"WebSite","@id":"https:\/\/cardinal-tapes.com\/#website","url":"https:\/\/cardinal-tapes.com\/","name":"cardinal TAPES","description":"Klebetechnik aus Wuppertal","potentialAction":[{"@type":"SearchAction","target":{"@type":"EntryPoint","urlTemplate":"https:\/\/cardinal-tapes.com\/?s={search_term_string}"},"query-input":{"@type":"PropertyValueSpecification","valueRequired":true,"valueName":"search_term_string"}}],"inLanguage":"pl-PL"}]}},"brands":[{"id":2164,"name":"tesa","slug":"tesa-pl"}],"_links":{"self":[{"href":"https:\/\/cardinal-tapes.com\/pl\/wp-json\/wp\/v2\/product\/57345","targetHints":{"allow":["GET"]}}],"collection":[{"href":"https:\/\/cardinal-tapes.com\/pl\/wp-json\/wp\/v2\/product"}],"about":[{"href":"https:\/\/cardinal-tapes.com\/pl\/wp-json\/wp\/v2\/types\/product"}],"wp:featuredmedia":[{"embeddable":true,"href":"https:\/\/cardinal-tapes.com\/pl\/wp-json\/wp\/v2\/media\/26034"}],"wp:attachment":[{"href":"https:\/\/cardinal-tapes.com\/pl\/wp-json\/wp\/v2\/media?parent=57345"}],"wp:term":[{"taxonomy":"pwb-brand","embeddable":true,"href":"https:\/\/cardinal-tapes.com\/pl\/wp-json\/wp\/v2\/pwb-brand?post=57345"},{"taxonomy":"product_brand","embeddable":true,"href":"https:\/\/cardinal-tapes.com\/pl\/wp-json\/wp\/v2\/product_brand?post=57345"},{"taxonomy":"product_cat","embeddable":true,"href":"https:\/\/cardinal-tapes.com\/pl\/wp-json\/wp\/v2\/product_cat?post=57345"},{"taxonomy":"product_tag","embeddable":true,"href":"https:\/\/cardinal-tapes.com\/pl\/wp-json\/wp\/v2\/product_tag?post=57345"}],"curies":[{"name":"wp","href":"https:\/\/api.w.org\/{rel}","templated":true}]}}