{"id":56285,"date":"2018-02-21T07:43:42","date_gmt":"2023-06-05T15:25:36","guid":{"rendered":"https:\/\/cardinal.pixel-tal.de\/klebebaender\/bez-kategorii\/ca-14-tasma-maskujaca-do-farby\/"},"modified":"2025-07-03T10:09:28","modified_gmt":"2025-07-03T08:09:28","slug":"tasma-malarska-maskujaca-ca-14","status":"publish","type":"product","link":"https:\/\/cardinal-tapes.com\/pl\/ta\u015bmy-samoprzylepne\/obszary-zastosowan\/przemysl-motoryzacyjny\/tasma-malarska-maskujaca-ca-14\/","title":{"rendered":"CA-14 Ta\u015bma maskuj\u0105ca do farby"},"content":{"rendered":"<p>CA-14 Coating Masking Tape to lekko krepowana ta\u015bma papierowa o dobrej przyczepno\u015bci. Zapewnia to szybk\u0105 i wysok\u0105 przyczepno\u015b\u0107 nawet na gumie, szkle i r\u00f3\u017cnych innych powierzchniach.<\/p>\n<p>No\u015bnik jest niezwykle elastyczny, umo\u017cliwia precyzyjne klejenie na d\u0142ugich prostych odcinkach, a tak\u017ce w trudnych zakr\u0119tach i zapewnia czyste rezultaty malowania z ostrymi, precyzyjnymi kraw\u0119dziami farby. CA-14 charakteryzuje si\u0119 ponadto tym, \u017ce mo\u017ce by\u0107 u\u017cywany przez maks. czas. 4 dni mo\u017ce by\u0107 u\u017cywana na zewn\u0105trz bez pozostawiania \u015blad\u00f3w kleju. Nawet po wyschni\u0119ciu ta\u015bma jest zazwyczaj \u0142atwa do odklejenia.<\/p>\n","protected":false},"excerpt":{"rendered":"<p>CA-14 Coating Masking Tape to lekko krepowana ta\u015bma papierowa o dobrej przyczepno\u015bci. Zapewnia to szybk\u0105 i wysok\u0105 przyczepno\u015b\u0107 nawet na gumie, szkle i r\u00f3\u017cnych innych powierzchniach. No\u015bnik jest niezwykle elastyczny, umo\u017cliwia precyzyjne klejenie na d\u0142ugich prostych odcinkach, a tak\u017ce w trudnych zakr\u0119tach i zapewnia czyste rezultaty malowania z ostrymi, precyzyjnymi kraw\u0119dziami farby. CA-14 charakteryzuje si\u0119 [&hellip;]<\/p>\n","protected":false},"featured_media":26958,"template":"","meta":{"_acf_changed":false},"pwb-brand":[2173],"product_brand":[],"product_cat":[1721,1786,1816,1687,1719],"product_tag":[],"class_list":{"0":"post-56285","1":"product","2":"type-product","3":"status-publish","4":"has-post-thumbnail","6":"pwb-brand-cardinal-gmbh-pl","7":"product_cat-inzynieria-mechaniczna","8":"product_cat-tasma-papierowa","9":"product_cat-jednostronne-tasmy-samoprzylepne","10":"product_cat-przemysl-motoryzacyjny","11":"product_cat-tasma-maskujaca-do-farb","13":"first","14":"instock","15":"taxable","16":"shipping-taxable","17":"purchasable","18":"product-type-variable"},"acf":[],"yoast_head":"<!-- This site is optimized with the Yoast SEO plugin v27.3 - https:\/\/yoast.com\/product\/yoast-seo-wordpress\/ -->\n<title>CA-14 Malarska ta\u015bma maskuj\u0105ca | Cardinal TAPES<\/title>\n<meta name=\"description\" content=\"CA-14 to malarska ta\u015bma maskuj\u0105ca o wysokiej przyczepno\u015bci do gumy, szk\u0142a i r\u00f3\u017cnych innych powierzchni. Wi\u0119cej informacji tutaj.\" \/>\n<meta name=\"robots\" content=\"index, follow, max-snippet:-1, max-image-preview:large, max-video-preview:-1\" \/>\n<link rel=\"canonical\" href=\"https:\/\/cardinal-tapes.com\/pl\/ta\u015bmy-samoprzylepne\/obszary-zastosowan\/przemysl-motoryzacyjny\/tasma-malarska-maskujaca-ca-14\/\" \/>\n<meta property=\"og:locale\" content=\"pl_PL\" \/>\n<meta property=\"og:type\" content=\"article\" \/>\n<meta property=\"og:title\" content=\"CA-14 Malarska ta\u015bma maskuj\u0105ca | Cardinal TAPES\" \/>\n<meta property=\"og:description\" content=\"CA-14 to malarska ta\u015bma maskuj\u0105ca o wysokiej przyczepno\u015bci do gumy, szk\u0142a i r\u00f3\u017cnych innych powierzchni. Wi\u0119cej informacji tutaj.\" \/>\n<meta property=\"og:url\" content=\"https:\/\/cardinal-tapes.com\/pl\/ta\u015bmy-samoprzylepne\/obszary-zastosowan\/przemysl-motoryzacyjny\/tasma-malarska-maskujaca-ca-14\/\" \/>\n<meta property=\"og:site_name\" content=\"cardinal TAPES\" \/>\n<meta property=\"article:modified_time\" content=\"2025-07-03T08:09:28+00:00\" \/>\n<meta property=\"og:image\" content=\"https:\/\/cardinal-tapes.com\/wp-content\/uploads\/CA_14.jpg\" \/>\n\t<meta property=\"og:image:width\" content=\"1400\" \/>\n\t<meta property=\"og:image:height\" content=\"1400\" \/>\n\t<meta property=\"og:image:type\" content=\"image\/jpeg\" \/>\n<meta name=\"twitter:card\" content=\"summary_large_image\" \/>\n<meta name=\"twitter:label1\" content=\"Szacowany czas czytania\" \/>\n\t<meta name=\"twitter:data1\" content=\"1 minuta\" \/>\n<script type=\"application\/ld+json\" class=\"yoast-schema-graph\">{\"@context\":\"https:\\\/\\\/schema.org\",\"@graph\":[{\"@type\":\"WebPage\",\"@id\":\"https:\\\/\\\/cardinal-tapes.com\\\/pl\\\/ta\u015bmy-samoprzylepne\\\/obszary-zastosowan\\\/przemysl-motoryzacyjny\\\/tasma-malarska-maskujaca-ca-14\\\/\",\"url\":\"https:\\\/\\\/cardinal-tapes.com\\\/pl\\\/ta\u015bmy-samoprzylepne\\\/obszary-zastosowan\\\/przemysl-motoryzacyjny\\\/tasma-malarska-maskujaca-ca-14\\\/\",\"name\":\"CA-14 Malarska ta\u015bma maskuj\u0105ca | Cardinal TAPES\",\"isPartOf\":{\"@id\":\"https:\\\/\\\/cardinal-tapes.com\\\/#website\"},\"primaryImageOfPage\":{\"@id\":\"https:\\\/\\\/cardinal-tapes.com\\\/pl\\\/ta\u015bmy-samoprzylepne\\\/obszary-zastosowan\\\/przemysl-motoryzacyjny\\\/tasma-malarska-maskujaca-ca-14\\\/#primaryimage\"},\"image\":{\"@id\":\"https:\\\/\\\/cardinal-tapes.com\\\/pl\\\/ta\u015bmy-samoprzylepne\\\/obszary-zastosowan\\\/przemysl-motoryzacyjny\\\/tasma-malarska-maskujaca-ca-14\\\/#primaryimage\"},\"thumbnailUrl\":\"https:\\\/\\\/cardinal-tapes.com\\\/wp-content\\\/uploads\\\/CA_14.jpg\",\"datePublished\":\"2023-06-05T15:25:36+00:00\",\"dateModified\":\"2025-07-03T08:09:28+00:00\",\"description\":\"CA-14 to malarska ta\u015bma maskuj\u0105ca o wysokiej przyczepno\u015bci do gumy, szk\u0142a i r\u00f3\u017cnych innych powierzchni. Wi\u0119cej informacji tutaj.\",\"breadcrumb\":{\"@id\":\"https:\\\/\\\/cardinal-tapes.com\\\/pl\\\/ta\u015bmy-samoprzylepne\\\/obszary-zastosowan\\\/przemysl-motoryzacyjny\\\/tasma-malarska-maskujaca-ca-14\\\/#breadcrumb\"},\"inLanguage\":\"pl-PL\",\"potentialAction\":[{\"@type\":\"ReadAction\",\"target\":[\"https:\\\/\\\/cardinal-tapes.com\\\/pl\\\/ta\u015bmy-samoprzylepne\\\/obszary-zastosowan\\\/przemysl-motoryzacyjny\\\/tasma-malarska-maskujaca-ca-14\\\/\"]}]},{\"@type\":\"ImageObject\",\"inLanguage\":\"pl-PL\",\"@id\":\"https:\\\/\\\/cardinal-tapes.com\\\/pl\\\/ta\u015bmy-samoprzylepne\\\/obszary-zastosowan\\\/przemysl-motoryzacyjny\\\/tasma-malarska-maskujaca-ca-14\\\/#primaryimage\",\"url\":\"https:\\\/\\\/cardinal-tapes.com\\\/wp-content\\\/uploads\\\/CA_14.jpg\",\"contentUrl\":\"https:\\\/\\\/cardinal-tapes.com\\\/wp-content\\\/uploads\\\/CA_14.jpg\",\"width\":1400,\"height\":1400,\"caption\":\"CA 14\"},{\"@type\":\"BreadcrumbList\",\"@id\":\"https:\\\/\\\/cardinal-tapes.com\\\/pl\\\/ta\u015bmy-samoprzylepne\\\/obszary-zastosowan\\\/przemysl-motoryzacyjny\\\/tasma-malarska-maskujaca-ca-14\\\/#breadcrumb\",\"itemListElement\":[{\"@type\":\"ListItem\",\"position\":1,\"name\":\"Startseite\",\"item\":\"https:\\\/\\\/cardinal-tapes.com\\\/pl\\\/strona-glowna\\\/\"},{\"@type\":\"ListItem\",\"position\":2,\"name\":\"Ta\u015bmy samoprzylepne\",\"item\":\"https:\\\/\\\/cardinal-tapes.com\\\/pl\\\/tasmy-samoprzylepne-pl\\\/\"},{\"@type\":\"ListItem\",\"position\":3,\"name\":\"Obszary zastosowa\u0144\",\"item\":\"https:\\\/\\\/cardinal-tapes.com\\\/pl\\\/kategoria\\\/obszary-zastosowan\\\/\"},{\"@type\":\"ListItem\",\"position\":4,\"name\":\"Przemys\u0142 motoryzacyjny\",\"item\":\"https:\\\/\\\/cardinal-tapes.com\\\/pl\\\/kategoria\\\/przemysl-motoryzacyjny\\\/\"},{\"@type\":\"ListItem\",\"position\":5,\"name\":\"CA-14 Ta\u015bma maskuj\u0105ca do farby\"}]},{\"@type\":\"WebSite\",\"@id\":\"https:\\\/\\\/cardinal-tapes.com\\\/#website\",\"url\":\"https:\\\/\\\/cardinal-tapes.com\\\/\",\"name\":\"cardinal TAPES\",\"description\":\"Klebetechnik aus Wuppertal\",\"potentialAction\":[{\"@type\":\"SearchAction\",\"target\":{\"@type\":\"EntryPoint\",\"urlTemplate\":\"https:\\\/\\\/cardinal-tapes.com\\\/?s={search_term_string}\"},\"query-input\":{\"@type\":\"PropertyValueSpecification\",\"valueRequired\":true,\"valueName\":\"search_term_string\"}}],\"inLanguage\":\"pl-PL\"}]}<\/script>\n<!-- \/ Yoast SEO plugin. -->","yoast_head_json":{"title":"CA-14 Malarska ta\u015bma maskuj\u0105ca | Cardinal TAPES","description":"CA-14 to malarska ta\u015bma maskuj\u0105ca o wysokiej przyczepno\u015bci do gumy, szk\u0142a i r\u00f3\u017cnych innych powierzchni. Wi\u0119cej informacji tutaj.","robots":{"index":"index","follow":"follow","max-snippet":"max-snippet:-1","max-image-preview":"max-image-preview:large","max-video-preview":"max-video-preview:-1"},"canonical":"https:\/\/cardinal-tapes.com\/pl\/ta\u015bmy-samoprzylepne\/obszary-zastosowan\/przemysl-motoryzacyjny\/tasma-malarska-maskujaca-ca-14\/","og_locale":"pl_PL","og_type":"article","og_title":"CA-14 Malarska ta\u015bma maskuj\u0105ca | Cardinal TAPES","og_description":"CA-14 to malarska ta\u015bma maskuj\u0105ca o wysokiej przyczepno\u015bci do gumy, szk\u0142a i r\u00f3\u017cnych innych powierzchni. Wi\u0119cej informacji tutaj.","og_url":"https:\/\/cardinal-tapes.com\/pl\/ta\u015bmy-samoprzylepne\/obszary-zastosowan\/przemysl-motoryzacyjny\/tasma-malarska-maskujaca-ca-14\/","og_site_name":"cardinal TAPES","article_modified_time":"2025-07-03T08:09:28+00:00","og_image":[{"width":1400,"height":1400,"url":"https:\/\/cardinal-tapes.com\/wp-content\/uploads\/CA_14.jpg","type":"image\/jpeg"}],"twitter_card":"summary_large_image","twitter_misc":{"Szacowany czas czytania":"1 minuta"},"schema":{"@context":"https:\/\/schema.org","@graph":[{"@type":"WebPage","@id":"https:\/\/cardinal-tapes.com\/pl\/ta\u015bmy-samoprzylepne\/obszary-zastosowan\/przemysl-motoryzacyjny\/tasma-malarska-maskujaca-ca-14\/","url":"https:\/\/cardinal-tapes.com\/pl\/ta\u015bmy-samoprzylepne\/obszary-zastosowan\/przemysl-motoryzacyjny\/tasma-malarska-maskujaca-ca-14\/","name":"CA-14 Malarska ta\u015bma maskuj\u0105ca | Cardinal TAPES","isPartOf":{"@id":"https:\/\/cardinal-tapes.com\/#website"},"primaryImageOfPage":{"@id":"https:\/\/cardinal-tapes.com\/pl\/ta\u015bmy-samoprzylepne\/obszary-zastosowan\/przemysl-motoryzacyjny\/tasma-malarska-maskujaca-ca-14\/#primaryimage"},"image":{"@id":"https:\/\/cardinal-tapes.com\/pl\/ta\u015bmy-samoprzylepne\/obszary-zastosowan\/przemysl-motoryzacyjny\/tasma-malarska-maskujaca-ca-14\/#primaryimage"},"thumbnailUrl":"https:\/\/cardinal-tapes.com\/wp-content\/uploads\/CA_14.jpg","datePublished":"2023-06-05T15:25:36+00:00","dateModified":"2025-07-03T08:09:28+00:00","description":"CA-14 to malarska ta\u015bma maskuj\u0105ca o wysokiej przyczepno\u015bci do gumy, szk\u0142a i r\u00f3\u017cnych innych powierzchni. Wi\u0119cej informacji tutaj.","breadcrumb":{"@id":"https:\/\/cardinal-tapes.com\/pl\/ta\u015bmy-samoprzylepne\/obszary-zastosowan\/przemysl-motoryzacyjny\/tasma-malarska-maskujaca-ca-14\/#breadcrumb"},"inLanguage":"pl-PL","potentialAction":[{"@type":"ReadAction","target":["https:\/\/cardinal-tapes.com\/pl\/ta\u015bmy-samoprzylepne\/obszary-zastosowan\/przemysl-motoryzacyjny\/tasma-malarska-maskujaca-ca-14\/"]}]},{"@type":"ImageObject","inLanguage":"pl-PL","@id":"https:\/\/cardinal-tapes.com\/pl\/ta\u015bmy-samoprzylepne\/obszary-zastosowan\/przemysl-motoryzacyjny\/tasma-malarska-maskujaca-ca-14\/#primaryimage","url":"https:\/\/cardinal-tapes.com\/wp-content\/uploads\/CA_14.jpg","contentUrl":"https:\/\/cardinal-tapes.com\/wp-content\/uploads\/CA_14.jpg","width":1400,"height":1400,"caption":"CA 14"},{"@type":"BreadcrumbList","@id":"https:\/\/cardinal-tapes.com\/pl\/ta\u015bmy-samoprzylepne\/obszary-zastosowan\/przemysl-motoryzacyjny\/tasma-malarska-maskujaca-ca-14\/#breadcrumb","itemListElement":[{"@type":"ListItem","position":1,"name":"Startseite","item":"https:\/\/cardinal-tapes.com\/pl\/strona-glowna\/"},{"@type":"ListItem","position":2,"name":"Ta\u015bmy samoprzylepne","item":"https:\/\/cardinal-tapes.com\/pl\/tasmy-samoprzylepne-pl\/"},{"@type":"ListItem","position":3,"name":"Obszary zastosowa\u0144","item":"https:\/\/cardinal-tapes.com\/pl\/kategoria\/obszary-zastosowan\/"},{"@type":"ListItem","position":4,"name":"Przemys\u0142 motoryzacyjny","item":"https:\/\/cardinal-tapes.com\/pl\/kategoria\/przemysl-motoryzacyjny\/"},{"@type":"ListItem","position":5,"name":"CA-14 Ta\u015bma maskuj\u0105ca do farby"}]},{"@type":"WebSite","@id":"https:\/\/cardinal-tapes.com\/#website","url":"https:\/\/cardinal-tapes.com\/","name":"cardinal TAPES","description":"Klebetechnik aus Wuppertal","potentialAction":[{"@type":"SearchAction","target":{"@type":"EntryPoint","urlTemplate":"https:\/\/cardinal-tapes.com\/?s={search_term_string}"},"query-input":{"@type":"PropertyValueSpecification","valueRequired":true,"valueName":"search_term_string"}}],"inLanguage":"pl-PL"}]}},"brands":[{"id":2173,"name":"cardinal GmbH","slug":"cardinal-gmbh-pl"}],"_links":{"self":[{"href":"https:\/\/cardinal-tapes.com\/pl\/wp-json\/wp\/v2\/product\/56285","targetHints":{"allow":["GET"]}}],"collection":[{"href":"https:\/\/cardinal-tapes.com\/pl\/wp-json\/wp\/v2\/product"}],"about":[{"href":"https:\/\/cardinal-tapes.com\/pl\/wp-json\/wp\/v2\/types\/product"}],"wp:featuredmedia":[{"embeddable":true,"href":"https:\/\/cardinal-tapes.com\/pl\/wp-json\/wp\/v2\/media\/26958"}],"wp:attachment":[{"href":"https:\/\/cardinal-tapes.com\/pl\/wp-json\/wp\/v2\/media?parent=56285"}],"wp:term":[{"taxonomy":"pwb-brand","embeddable":true,"href":"https:\/\/cardinal-tapes.com\/pl\/wp-json\/wp\/v2\/pwb-brand?post=56285"},{"taxonomy":"product_brand","embeddable":true,"href":"https:\/\/cardinal-tapes.com\/pl\/wp-json\/wp\/v2\/product_brand?post=56285"},{"taxonomy":"product_cat","embeddable":true,"href":"https:\/\/cardinal-tapes.com\/pl\/wp-json\/wp\/v2\/product_cat?post=56285"},{"taxonomy":"product_tag","embeddable":true,"href":"https:\/\/cardinal-tapes.com\/pl\/wp-json\/wp\/v2\/product_tag?post=56285"}],"curies":[{"name":"wp","href":"https:\/\/api.w.org\/{rel}","templated":true}]}}