{"id":55840,"date":"2018-02-21T09:29:50","date_gmt":"2018-02-21T08:29:50","guid":{"rendered":"https:\/\/cardinal.pixel-tal.de\/klebebaender\/bez-kategorii\/ca-221-tasma-filamentowa-wzmocniona-wzdluznie-i-poprzecznie\/"},"modified":"2025-07-03T10:22:24","modified_gmt":"2025-07-03T08:22:24","slug":"ca-221-filament-adhesive-tape-long-cross-stiffened-2","status":"publish","type":"product","link":"https:\/\/cardinal-tapes.com\/pl\/ta\u015bmy-samoprzylepne\/obszary-zastosowan\/produkcja-obrobka-aluminium\/ca-221-filament-adhesive-tape-long-cross-stiffened-2\/","title":{"rendered":"CA-221 Ta\u015bma filamentowa wzmocniona wzd\u0142u\u017cnie i poprzecznie"},"content":{"rendered":"<p>CA-221 to ta\u015bma filamentowa wzmocniona wzd\u0142u\u017cnie i poprzecznie.<\/p>\n<p>Ta\u015bmy filamentowe to wszechstronne, wytrzyma\u0142e ta\u015bmy samoprzylepne, kt\u00f3re oferuj\u0105 wysok\u0105 wytrzyma\u0142o\u015b\u0107 na rozci\u0105ganie dzi\u0119ki wzmocnieniu w\u0142\u00f3knem szklanym. S\u0105 idealne do zastosowa\u0144, w kt\u00f3rych wymagane s\u0105 mocne i bezpieczne po\u0142\u0105czenia, takich jak wi\u0105zanie ci\u0119\u017ckich przedmiot\u00f3w, spinanie karton\u00f3w, zabezpieczanie palet oraz mocowanie i wzmacnianie opakowa\u0144. S\u0105 r\u00f3wnie\u017c cz\u0119sto u\u017cywane w logistyce, budownictwie i przemy\u015ble do zabezpieczania materia\u0142\u00f3w podczas transportu lub przechowywania.  <\/p>\n","protected":false},"excerpt":{"rendered":"<p>CA-221 to ta\u015bma filamentowa wzmocniona wzd\u0142u\u017cnie i poprzecznie. Ta\u015bmy filamentowe to wszechstronne, wytrzyma\u0142e ta\u015bmy samoprzylepne, kt\u00f3re oferuj\u0105 wysok\u0105 wytrzyma\u0142o\u015b\u0107 na rozci\u0105ganie dzi\u0119ki wzmocnieniu w\u0142\u00f3knem szklanym. S\u0105 idealne do zastosowa\u0144, w kt\u00f3rych wymagane s\u0105 mocne i bezpieczne po\u0142\u0105czenia, takich jak wi\u0105zanie ci\u0119\u017ckich przedmiot\u00f3w, spinanie karton\u00f3w, zabezpieczanie palet oraz mocowanie i wzmacnianie opakowa\u0144. S\u0105 r\u00f3wnie\u017c cz\u0119sto u\u017cywane [&hellip;]<\/p>\n","protected":false},"featured_media":26890,"template":"","meta":{"_acf_changed":false},"pwb-brand":[2173],"product_brand":[],"product_cat":[1685,1690,1718,1788,1792,1816],"product_tag":[],"class_list":{"0":"post-55840","1":"product","2":"type-product","3":"status-publish","4":"has-post-thumbnail","6":"pwb-brand-cardinal-gmbh-pl","7":"product_cat-produkcja-obrobka-aluminium","8":"product_cat-przemysl-betonowy","9":"product_cat-przemysl-tworzyw-sztucznych","10":"product_cat-stal-i-szklo","11":"product_cat-sektor-transportowy","12":"product_cat-jednostronne-tasmy-samoprzylepne","14":"first","15":"instock","16":"taxable","17":"shipping-taxable","18":"purchasable","19":"product-type-variable"},"acf":[],"yoast_head":"<!-- This site is optimized with the Yoast SEO plugin v27.3 - https:\/\/yoast.com\/product\/yoast-seo-wordpress\/ -->\n<title>CA-221 Ta\u015bma filamentowa, wzmocniona wzd\u0142u\u017cnie i poprzecznie | Cardinal TAPES<\/title>\n<meta name=\"description\" content=\"CA-221 to ta\u015bma filamentowa wzmocniona wzd\u0142u\u017cnie i poprzecznie. Wi\u0119cej informacji na temat wysokiej jako\u015bci ta\u015bmy samoprzylepnej mo\u017cna znale\u017a\u0107 tutaj.\" \/>\n<meta name=\"robots\" content=\"index, follow, max-snippet:-1, max-image-preview:large, max-video-preview:-1\" \/>\n<link rel=\"canonical\" href=\"https:\/\/cardinal-tapes.com\/pl\/ta\u015bmy-samoprzylepne\/obszary-zastosowan\/produkcja-obrobka-aluminium\/ca-221-filament-adhesive-tape-long-cross-stiffened-2\/\" \/>\n<meta property=\"og:locale\" content=\"pl_PL\" \/>\n<meta property=\"og:type\" content=\"article\" \/>\n<meta property=\"og:title\" content=\"CA-221 Ta\u015bma filamentowa, wzmocniona wzd\u0142u\u017cnie i poprzecznie | Cardinal TAPES\" \/>\n<meta property=\"og:description\" content=\"CA-221 to ta\u015bma filamentowa wzmocniona wzd\u0142u\u017cnie i poprzecznie. Wi\u0119cej informacji na temat wysokiej jako\u015bci ta\u015bmy samoprzylepnej mo\u017cna znale\u017a\u0107 tutaj.\" \/>\n<meta property=\"og:url\" content=\"https:\/\/cardinal-tapes.com\/pl\/ta\u015bmy-samoprzylepne\/obszary-zastosowan\/produkcja-obrobka-aluminium\/ca-221-filament-adhesive-tape-long-cross-stiffened-2\/\" \/>\n<meta property=\"og:site_name\" content=\"cardinal TAPES\" \/>\n<meta property=\"article:modified_time\" content=\"2025-07-03T08:22:24+00:00\" \/>\n<meta property=\"og:image\" content=\"https:\/\/cardinal-tapes.com\/wp-content\/uploads\/CA_221.jpg\" \/>\n\t<meta property=\"og:image:width\" content=\"1400\" \/>\n\t<meta property=\"og:image:height\" content=\"1400\" \/>\n\t<meta property=\"og:image:type\" content=\"image\/jpeg\" \/>\n<meta name=\"twitter:card\" content=\"summary_large_image\" \/>\n<script type=\"application\/ld+json\" class=\"yoast-schema-graph\">{\"@context\":\"https:\\\/\\\/schema.org\",\"@graph\":[{\"@type\":\"WebPage\",\"@id\":\"https:\\\/\\\/cardinal-tapes.com\\\/pl\\\/ta\u015bmy-samoprzylepne\\\/obszary-zastosowan\\\/produkcja-obrobka-aluminium\\\/ca-221-filament-adhesive-tape-long-cross-stiffened-2\\\/\",\"url\":\"https:\\\/\\\/cardinal-tapes.com\\\/pl\\\/ta\u015bmy-samoprzylepne\\\/obszary-zastosowan\\\/produkcja-obrobka-aluminium\\\/ca-221-filament-adhesive-tape-long-cross-stiffened-2\\\/\",\"name\":\"CA-221 Ta\u015bma filamentowa, wzmocniona wzd\u0142u\u017cnie i poprzecznie | Cardinal TAPES\",\"isPartOf\":{\"@id\":\"https:\\\/\\\/cardinal-tapes.com\\\/#website\"},\"primaryImageOfPage\":{\"@id\":\"https:\\\/\\\/cardinal-tapes.com\\\/pl\\\/ta\u015bmy-samoprzylepne\\\/obszary-zastosowan\\\/produkcja-obrobka-aluminium\\\/ca-221-filament-adhesive-tape-long-cross-stiffened-2\\\/#primaryimage\"},\"image\":{\"@id\":\"https:\\\/\\\/cardinal-tapes.com\\\/pl\\\/ta\u015bmy-samoprzylepne\\\/obszary-zastosowan\\\/produkcja-obrobka-aluminium\\\/ca-221-filament-adhesive-tape-long-cross-stiffened-2\\\/#primaryimage\"},\"thumbnailUrl\":\"https:\\\/\\\/cardinal-tapes.com\\\/wp-content\\\/uploads\\\/CA_221.jpg\",\"datePublished\":\"2018-02-21T08:29:50+00:00\",\"dateModified\":\"2025-07-03T08:22:24+00:00\",\"description\":\"CA-221 to ta\u015bma filamentowa wzmocniona wzd\u0142u\u017cnie i poprzecznie. Wi\u0119cej informacji na temat wysokiej jako\u015bci ta\u015bmy samoprzylepnej mo\u017cna znale\u017a\u0107 tutaj.\",\"breadcrumb\":{\"@id\":\"https:\\\/\\\/cardinal-tapes.com\\\/pl\\\/ta\u015bmy-samoprzylepne\\\/obszary-zastosowan\\\/produkcja-obrobka-aluminium\\\/ca-221-filament-adhesive-tape-long-cross-stiffened-2\\\/#breadcrumb\"},\"inLanguage\":\"pl-PL\",\"potentialAction\":[{\"@type\":\"ReadAction\",\"target\":[\"https:\\\/\\\/cardinal-tapes.com\\\/pl\\\/ta\u015bmy-samoprzylepne\\\/obszary-zastosowan\\\/produkcja-obrobka-aluminium\\\/ca-221-filament-adhesive-tape-long-cross-stiffened-2\\\/\"]}]},{\"@type\":\"ImageObject\",\"inLanguage\":\"pl-PL\",\"@id\":\"https:\\\/\\\/cardinal-tapes.com\\\/pl\\\/ta\u015bmy-samoprzylepne\\\/obszary-zastosowan\\\/produkcja-obrobka-aluminium\\\/ca-221-filament-adhesive-tape-long-cross-stiffened-2\\\/#primaryimage\",\"url\":\"https:\\\/\\\/cardinal-tapes.com\\\/wp-content\\\/uploads\\\/CA_221.jpg\",\"contentUrl\":\"https:\\\/\\\/cardinal-tapes.com\\\/wp-content\\\/uploads\\\/CA_221.jpg\",\"width\":1400,\"height\":1400,\"caption\":\"CA_221\"},{\"@type\":\"BreadcrumbList\",\"@id\":\"https:\\\/\\\/cardinal-tapes.com\\\/pl\\\/ta\u015bmy-samoprzylepne\\\/obszary-zastosowan\\\/produkcja-obrobka-aluminium\\\/ca-221-filament-adhesive-tape-long-cross-stiffened-2\\\/#breadcrumb\",\"itemListElement\":[{\"@type\":\"ListItem\",\"position\":1,\"name\":\"Startseite\",\"item\":\"https:\\\/\\\/cardinal-tapes.com\\\/pl\\\/strona-glowna\\\/\"},{\"@type\":\"ListItem\",\"position\":2,\"name\":\"Ta\u015bmy samoprzylepne\",\"item\":\"https:\\\/\\\/cardinal-tapes.com\\\/pl\\\/tasmy-samoprzylepne-pl\\\/\"},{\"@type\":\"ListItem\",\"position\":3,\"name\":\"Obszary zastosowa\u0144\",\"item\":\"https:\\\/\\\/cardinal-tapes.com\\\/pl\\\/kategoria\\\/obszary-zastosowan\\\/\"},{\"@type\":\"ListItem\",\"position\":4,\"name\":\"Stal i szk\u0142o\",\"item\":\"https:\\\/\\\/cardinal-tapes.com\\\/pl\\\/kategoria\\\/stal-i-szklo\\\/\"},{\"@type\":\"ListItem\",\"position\":5,\"name\":\"CA-221 Ta\u015bma filamentowa wzmocniona wzd\u0142u\u017cnie i poprzecznie\"}]},{\"@type\":\"WebSite\",\"@id\":\"https:\\\/\\\/cardinal-tapes.com\\\/#website\",\"url\":\"https:\\\/\\\/cardinal-tapes.com\\\/\",\"name\":\"cardinal TAPES\",\"description\":\"Klebetechnik aus Wuppertal\",\"potentialAction\":[{\"@type\":\"SearchAction\",\"target\":{\"@type\":\"EntryPoint\",\"urlTemplate\":\"https:\\\/\\\/cardinal-tapes.com\\\/?s={search_term_string}\"},\"query-input\":{\"@type\":\"PropertyValueSpecification\",\"valueRequired\":true,\"valueName\":\"search_term_string\"}}],\"inLanguage\":\"pl-PL\"}]}<\/script>\n<!-- \/ Yoast SEO plugin. -->","yoast_head_json":{"title":"CA-221 Ta\u015bma filamentowa, wzmocniona wzd\u0142u\u017cnie i poprzecznie | Cardinal TAPES","description":"CA-221 to ta\u015bma filamentowa wzmocniona wzd\u0142u\u017cnie i poprzecznie. Wi\u0119cej informacji na temat wysokiej jako\u015bci ta\u015bmy samoprzylepnej mo\u017cna znale\u017a\u0107 tutaj.","robots":{"index":"index","follow":"follow","max-snippet":"max-snippet:-1","max-image-preview":"max-image-preview:large","max-video-preview":"max-video-preview:-1"},"canonical":"https:\/\/cardinal-tapes.com\/pl\/ta\u015bmy-samoprzylepne\/obszary-zastosowan\/produkcja-obrobka-aluminium\/ca-221-filament-adhesive-tape-long-cross-stiffened-2\/","og_locale":"pl_PL","og_type":"article","og_title":"CA-221 Ta\u015bma filamentowa, wzmocniona wzd\u0142u\u017cnie i poprzecznie | Cardinal TAPES","og_description":"CA-221 to ta\u015bma filamentowa wzmocniona wzd\u0142u\u017cnie i poprzecznie. Wi\u0119cej informacji na temat wysokiej jako\u015bci ta\u015bmy samoprzylepnej mo\u017cna znale\u017a\u0107 tutaj.","og_url":"https:\/\/cardinal-tapes.com\/pl\/ta\u015bmy-samoprzylepne\/obszary-zastosowan\/produkcja-obrobka-aluminium\/ca-221-filament-adhesive-tape-long-cross-stiffened-2\/","og_site_name":"cardinal TAPES","article_modified_time":"2025-07-03T08:22:24+00:00","og_image":[{"width":1400,"height":1400,"url":"https:\/\/cardinal-tapes.com\/wp-content\/uploads\/CA_221.jpg","type":"image\/jpeg"}],"twitter_card":"summary_large_image","schema":{"@context":"https:\/\/schema.org","@graph":[{"@type":"WebPage","@id":"https:\/\/cardinal-tapes.com\/pl\/ta\u015bmy-samoprzylepne\/obszary-zastosowan\/produkcja-obrobka-aluminium\/ca-221-filament-adhesive-tape-long-cross-stiffened-2\/","url":"https:\/\/cardinal-tapes.com\/pl\/ta\u015bmy-samoprzylepne\/obszary-zastosowan\/produkcja-obrobka-aluminium\/ca-221-filament-adhesive-tape-long-cross-stiffened-2\/","name":"CA-221 Ta\u015bma filamentowa, wzmocniona wzd\u0142u\u017cnie i poprzecznie | Cardinal TAPES","isPartOf":{"@id":"https:\/\/cardinal-tapes.com\/#website"},"primaryImageOfPage":{"@id":"https:\/\/cardinal-tapes.com\/pl\/ta\u015bmy-samoprzylepne\/obszary-zastosowan\/produkcja-obrobka-aluminium\/ca-221-filament-adhesive-tape-long-cross-stiffened-2\/#primaryimage"},"image":{"@id":"https:\/\/cardinal-tapes.com\/pl\/ta\u015bmy-samoprzylepne\/obszary-zastosowan\/produkcja-obrobka-aluminium\/ca-221-filament-adhesive-tape-long-cross-stiffened-2\/#primaryimage"},"thumbnailUrl":"https:\/\/cardinal-tapes.com\/wp-content\/uploads\/CA_221.jpg","datePublished":"2018-02-21T08:29:50+00:00","dateModified":"2025-07-03T08:22:24+00:00","description":"CA-221 to ta\u015bma filamentowa wzmocniona wzd\u0142u\u017cnie i poprzecznie. Wi\u0119cej informacji na temat wysokiej jako\u015bci ta\u015bmy samoprzylepnej mo\u017cna znale\u017a\u0107 tutaj.","breadcrumb":{"@id":"https:\/\/cardinal-tapes.com\/pl\/ta\u015bmy-samoprzylepne\/obszary-zastosowan\/produkcja-obrobka-aluminium\/ca-221-filament-adhesive-tape-long-cross-stiffened-2\/#breadcrumb"},"inLanguage":"pl-PL","potentialAction":[{"@type":"ReadAction","target":["https:\/\/cardinal-tapes.com\/pl\/ta\u015bmy-samoprzylepne\/obszary-zastosowan\/produkcja-obrobka-aluminium\/ca-221-filament-adhesive-tape-long-cross-stiffened-2\/"]}]},{"@type":"ImageObject","inLanguage":"pl-PL","@id":"https:\/\/cardinal-tapes.com\/pl\/ta\u015bmy-samoprzylepne\/obszary-zastosowan\/produkcja-obrobka-aluminium\/ca-221-filament-adhesive-tape-long-cross-stiffened-2\/#primaryimage","url":"https:\/\/cardinal-tapes.com\/wp-content\/uploads\/CA_221.jpg","contentUrl":"https:\/\/cardinal-tapes.com\/wp-content\/uploads\/CA_221.jpg","width":1400,"height":1400,"caption":"CA_221"},{"@type":"BreadcrumbList","@id":"https:\/\/cardinal-tapes.com\/pl\/ta\u015bmy-samoprzylepne\/obszary-zastosowan\/produkcja-obrobka-aluminium\/ca-221-filament-adhesive-tape-long-cross-stiffened-2\/#breadcrumb","itemListElement":[{"@type":"ListItem","position":1,"name":"Startseite","item":"https:\/\/cardinal-tapes.com\/pl\/strona-glowna\/"},{"@type":"ListItem","position":2,"name":"Ta\u015bmy samoprzylepne","item":"https:\/\/cardinal-tapes.com\/pl\/tasmy-samoprzylepne-pl\/"},{"@type":"ListItem","position":3,"name":"Obszary zastosowa\u0144","item":"https:\/\/cardinal-tapes.com\/pl\/kategoria\/obszary-zastosowan\/"},{"@type":"ListItem","position":4,"name":"Stal i szk\u0142o","item":"https:\/\/cardinal-tapes.com\/pl\/kategoria\/stal-i-szklo\/"},{"@type":"ListItem","position":5,"name":"CA-221 Ta\u015bma filamentowa wzmocniona wzd\u0142u\u017cnie i poprzecznie"}]},{"@type":"WebSite","@id":"https:\/\/cardinal-tapes.com\/#website","url":"https:\/\/cardinal-tapes.com\/","name":"cardinal TAPES","description":"Klebetechnik aus Wuppertal","potentialAction":[{"@type":"SearchAction","target":{"@type":"EntryPoint","urlTemplate":"https:\/\/cardinal-tapes.com\/?s={search_term_string}"},"query-input":{"@type":"PropertyValueSpecification","valueRequired":true,"valueName":"search_term_string"}}],"inLanguage":"pl-PL"}]}},"brands":[{"id":2173,"name":"cardinal GmbH","slug":"cardinal-gmbh-pl"}],"_links":{"self":[{"href":"https:\/\/cardinal-tapes.com\/pl\/wp-json\/wp\/v2\/product\/55840","targetHints":{"allow":["GET"]}}],"collection":[{"href":"https:\/\/cardinal-tapes.com\/pl\/wp-json\/wp\/v2\/product"}],"about":[{"href":"https:\/\/cardinal-tapes.com\/pl\/wp-json\/wp\/v2\/types\/product"}],"wp:featuredmedia":[{"embeddable":true,"href":"https:\/\/cardinal-tapes.com\/pl\/wp-json\/wp\/v2\/media\/26890"}],"wp:attachment":[{"href":"https:\/\/cardinal-tapes.com\/pl\/wp-json\/wp\/v2\/media?parent=55840"}],"wp:term":[{"taxonomy":"pwb-brand","embeddable":true,"href":"https:\/\/cardinal-tapes.com\/pl\/wp-json\/wp\/v2\/pwb-brand?post=55840"},{"taxonomy":"product_brand","embeddable":true,"href":"https:\/\/cardinal-tapes.com\/pl\/wp-json\/wp\/v2\/product_brand?post=55840"},{"taxonomy":"product_cat","embeddable":true,"href":"https:\/\/cardinal-tapes.com\/pl\/wp-json\/wp\/v2\/product_cat?post=55840"},{"taxonomy":"product_tag","embeddable":true,"href":"https:\/\/cardinal-tapes.com\/pl\/wp-json\/wp\/v2\/product_tag?post=55840"}],"curies":[{"name":"wp","href":"https:\/\/api.w.org\/{rel}","templated":true}]}}