{"id":55300,"date":"2018-02-23T09:54:25","date_gmt":"2018-02-23T08:54:25","guid":{"rendered":"https:\/\/cardinal.pixel-tal.de\/klebebaender\/bez-kategorii\/tasma-samoprzylepna-ca-418-pet\/"},"modified":"2023-06-05T17:24:32","modified_gmt":"2023-06-05T15:24:32","slug":"ca-418-pet-adhesive-tape","status":"publish","type":"product","link":"https:\/\/cardinal-tapes.com\/pl\/ta\u015bmy-samoprzylepne\/obszary-zastosowan\/produkcja-obrobka-aluminium\/ca-418-pet-adhesive-tape\/","title":{"rendered":"Ta\u015bma samoprzylepna CA-418 PET"},"content":{"rendered":"<p>CA-418 to uniwersalna ta\u015bma klej\u0105ca o wyj\u0105tkowo wysokiej wydajno\u015bci, sk\u0142adaj\u0105ca si\u0119 z poliestrowego no\u015bnika o bardzo wysokiej odporno\u015bci na temperatur\u0119. Produkt jest stosowany do klejenia lusterek zewn\u0119trznych samochod\u00f3w osobowych i ci\u0119\u017carowych w plastikowych obudowach z jednoczesnym zabezpieczeniem przed odpryskami. Samoprzylepne wyko\u0144czenie listew, wyko\u0144cze\u0144 i kana\u0142\u00f3w kablowych. Ci\u0119cie na d\u0142ugo\u015b\u0107 i \u0142\u0105czenie papieru, tekstyli\u00f3w, tworzyw sztucznych i folii metalowych, gdzie wymagana jest bardzo wysoka wytrzyma\u0142o\u015b\u0107 na \u015bcinanie i przyczepno\u015b\u0107.<\/p>\n","protected":false},"excerpt":{"rendered":"<p>CA-418 to uniwersalna ta\u015bma klej\u0105ca o wyj\u0105tkowo wysokiej wydajno\u015bci, sk\u0142adaj\u0105ca si\u0119 z poliestrowego no\u015bnika o bardzo wysokiej odporno\u015bci na temperatur\u0119. Produkt jest stosowany do klejenia lusterek zewn\u0119trznych samochod\u00f3w osobowych i ci\u0119\u017carowych w plastikowych obudowach z jednoczesnym zabezpieczeniem przed odpryskami. Samoprzylepne wyko\u0144czenie listew, wyko\u0144cze\u0144 i kana\u0142\u00f3w kablowych. Ci\u0119cie na d\u0142ugo\u015b\u0107 i \u0142\u0105czenie papieru, tekstyli\u00f3w, tworzyw sztucznych [&hellip;]<\/p>\n","protected":false},"featured_media":81357,"template":"","meta":{"_acf_changed":false},"pwb-brand":[2173],"product_brand":[],"product_cat":[1721,1790,1814,1685,1693,1714,1718],"product_tag":[],"class_list":{"0":"post-55300","1":"product","2":"type-product","3":"status-publish","4":"has-post-thumbnail","6":"pwb-brand-cardinal-gmbh-pl","7":"product_cat-inzynieria-mechaniczna","8":"product_cat-przemysl-tekstylny","9":"product_cat-tasmy-dwustronnie-klejace","10":"product_cat-produkcja-obrobka-aluminium","11":"product_cat-przemysl-elektryczny","12":"product_cat-produkcja-folii","13":"product_cat-przemysl-tworzyw-sztucznych","15":"first","16":"instock","17":"taxable","18":"shipping-taxable","19":"purchasable","20":"product-type-variable"},"acf":[],"yoast_head":"<!-- This site is optimized with the Yoast SEO plugin v27.3 - https:\/\/yoast.com\/product\/yoast-seo-wordpress\/ -->\n<title>CA-418 to pot\u0119\u017cna uniwersalna ta\u015bma | Cardinal TAPES<\/title>\n<meta name=\"description\" content=\"Mocna i odporna na temperatur\u0119: nasza uniwersalna ta\u015bma klej\u0105ca CA-418. CA-418 nadaje si\u0119 do wielu wymagaj\u0105cych zastosowa\u0144. Poinformuj teraz.\" \/>\n<meta name=\"robots\" content=\"index, follow, max-snippet:-1, max-image-preview:large, max-video-preview:-1\" \/>\n<link rel=\"canonical\" href=\"https:\/\/cardinal-tapes.com\/pl\/ta\u015bmy-samoprzylepne\/obszary-zastosowan\/produkcja-obrobka-aluminium\/ca-418-pet-adhesive-tape\/\" \/>\n<meta property=\"og:locale\" content=\"pl_PL\" \/>\n<meta property=\"og:type\" content=\"article\" \/>\n<meta property=\"og:title\" content=\"CA-418 to pot\u0119\u017cna uniwersalna ta\u015bma | Cardinal TAPES\" \/>\n<meta property=\"og:description\" content=\"Mocna i odporna na temperatur\u0119: nasza uniwersalna ta\u015bma klej\u0105ca CA-418. CA-418 nadaje si\u0119 do wielu wymagaj\u0105cych zastosowa\u0144. Poinformuj teraz.\" \/>\n<meta property=\"og:url\" content=\"https:\/\/cardinal-tapes.com\/pl\/ta\u015bmy-samoprzylepne\/obszary-zastosowan\/produkcja-obrobka-aluminium\/ca-418-pet-adhesive-tape\/\" \/>\n<meta property=\"og:site_name\" content=\"cardinal TAPES\" \/>\n<meta property=\"article:modified_time\" content=\"2023-06-05T15:24:32+00:00\" \/>\n<meta property=\"og:image\" content=\"https:\/\/cardinal-tapes.com\/wp-content\/uploads\/ca_420_19x50mm.jpg\" \/>\n\t<meta property=\"og:image:width\" content=\"380\" \/>\n\t<meta property=\"og:image:height\" content=\"380\" \/>\n\t<meta property=\"og:image:type\" content=\"image\/jpeg\" \/>\n<meta name=\"twitter:card\" content=\"summary_large_image\" \/>\n<script type=\"application\/ld+json\" class=\"yoast-schema-graph\">{\"@context\":\"https:\\\/\\\/schema.org\",\"@graph\":[{\"@type\":\"WebPage\",\"@id\":\"https:\\\/\\\/cardinal-tapes.com\\\/pl\\\/ta\u015bmy-samoprzylepne\\\/obszary-zastosowan\\\/produkcja-obrobka-aluminium\\\/ca-418-pet-adhesive-tape\\\/\",\"url\":\"https:\\\/\\\/cardinal-tapes.com\\\/pl\\\/ta\u015bmy-samoprzylepne\\\/obszary-zastosowan\\\/produkcja-obrobka-aluminium\\\/ca-418-pet-adhesive-tape\\\/\",\"name\":\"CA-418 to pot\u0119\u017cna uniwersalna ta\u015bma | Cardinal TAPES\",\"isPartOf\":{\"@id\":\"https:\\\/\\\/cardinal-tapes.com\\\/#website\"},\"primaryImageOfPage\":{\"@id\":\"https:\\\/\\\/cardinal-tapes.com\\\/pl\\\/ta\u015bmy-samoprzylepne\\\/obszary-zastosowan\\\/produkcja-obrobka-aluminium\\\/ca-418-pet-adhesive-tape\\\/#primaryimage\"},\"image\":{\"@id\":\"https:\\\/\\\/cardinal-tapes.com\\\/pl\\\/ta\u015bmy-samoprzylepne\\\/obszary-zastosowan\\\/produkcja-obrobka-aluminium\\\/ca-418-pet-adhesive-tape\\\/#primaryimage\"},\"thumbnailUrl\":\"https:\\\/\\\/cardinal-tapes.com\\\/wp-content\\\/uploads\\\/ca_420_19x50mm.jpg\",\"datePublished\":\"2018-02-23T08:54:25+00:00\",\"dateModified\":\"2023-06-05T15:24:32+00:00\",\"description\":\"Mocna i odporna na temperatur\u0119: nasza uniwersalna ta\u015bma klej\u0105ca CA-418. CA-418 nadaje si\u0119 do wielu wymagaj\u0105cych zastosowa\u0144. Poinformuj teraz.\",\"breadcrumb\":{\"@id\":\"https:\\\/\\\/cardinal-tapes.com\\\/pl\\\/ta\u015bmy-samoprzylepne\\\/obszary-zastosowan\\\/produkcja-obrobka-aluminium\\\/ca-418-pet-adhesive-tape\\\/#breadcrumb\"},\"inLanguage\":\"pl-PL\",\"potentialAction\":[{\"@type\":\"ReadAction\",\"target\":[\"https:\\\/\\\/cardinal-tapes.com\\\/pl\\\/ta\u015bmy-samoprzylepne\\\/obszary-zastosowan\\\/produkcja-obrobka-aluminium\\\/ca-418-pet-adhesive-tape\\\/\"]}]},{\"@type\":\"ImageObject\",\"inLanguage\":\"pl-PL\",\"@id\":\"https:\\\/\\\/cardinal-tapes.com\\\/pl\\\/ta\u015bmy-samoprzylepne\\\/obszary-zastosowan\\\/produkcja-obrobka-aluminium\\\/ca-418-pet-adhesive-tape\\\/#primaryimage\",\"url\":\"https:\\\/\\\/cardinal-tapes.com\\\/wp-content\\\/uploads\\\/ca_420_19x50mm.jpg\",\"contentUrl\":\"https:\\\/\\\/cardinal-tapes.com\\\/wp-content\\\/uploads\\\/ca_420_19x50mm.jpg\",\"width\":380,\"height\":380},{\"@type\":\"BreadcrumbList\",\"@id\":\"https:\\\/\\\/cardinal-tapes.com\\\/pl\\\/ta\u015bmy-samoprzylepne\\\/obszary-zastosowan\\\/produkcja-obrobka-aluminium\\\/ca-418-pet-adhesive-tape\\\/#breadcrumb\",\"itemListElement\":[{\"@type\":\"ListItem\",\"position\":1,\"name\":\"Startseite\",\"item\":\"https:\\\/\\\/cardinal-tapes.com\\\/pl\\\/strona-glowna\\\/\"},{\"@type\":\"ListItem\",\"position\":2,\"name\":\"Ta\u015bmy samoprzylepne\",\"item\":\"https:\\\/\\\/cardinal-tapes.com\\\/pl\\\/tasmy-samoprzylepne-pl\\\/\"},{\"@type\":\"ListItem\",\"position\":3,\"name\":\"Doppelseitige Klebeb\u00e4nder\",\"item\":\"https:\\\/\\\/cardinal-tapes.com\\\/kategorie\\\/doppelseitige-klebebaender\\\/\"},{\"@type\":\"ListItem\",\"position\":4,\"name\":\"Ta\u015bma samoprzylepna CA-418 PET\"}]},{\"@type\":\"WebSite\",\"@id\":\"https:\\\/\\\/cardinal-tapes.com\\\/#website\",\"url\":\"https:\\\/\\\/cardinal-tapes.com\\\/\",\"name\":\"cardinal TAPES\",\"description\":\"Klebetechnik aus Wuppertal\",\"potentialAction\":[{\"@type\":\"SearchAction\",\"target\":{\"@type\":\"EntryPoint\",\"urlTemplate\":\"https:\\\/\\\/cardinal-tapes.com\\\/?s={search_term_string}\"},\"query-input\":{\"@type\":\"PropertyValueSpecification\",\"valueRequired\":true,\"valueName\":\"search_term_string\"}}],\"inLanguage\":\"pl-PL\"}]}<\/script>\n<!-- \/ Yoast SEO plugin. -->","yoast_head_json":{"title":"CA-418 to pot\u0119\u017cna uniwersalna ta\u015bma | Cardinal TAPES","description":"Mocna i odporna na temperatur\u0119: nasza uniwersalna ta\u015bma klej\u0105ca CA-418. CA-418 nadaje si\u0119 do wielu wymagaj\u0105cych zastosowa\u0144. Poinformuj teraz.","robots":{"index":"index","follow":"follow","max-snippet":"max-snippet:-1","max-image-preview":"max-image-preview:large","max-video-preview":"max-video-preview:-1"},"canonical":"https:\/\/cardinal-tapes.com\/pl\/ta\u015bmy-samoprzylepne\/obszary-zastosowan\/produkcja-obrobka-aluminium\/ca-418-pet-adhesive-tape\/","og_locale":"pl_PL","og_type":"article","og_title":"CA-418 to pot\u0119\u017cna uniwersalna ta\u015bma | Cardinal TAPES","og_description":"Mocna i odporna na temperatur\u0119: nasza uniwersalna ta\u015bma klej\u0105ca CA-418. CA-418 nadaje si\u0119 do wielu wymagaj\u0105cych zastosowa\u0144. Poinformuj teraz.","og_url":"https:\/\/cardinal-tapes.com\/pl\/ta\u015bmy-samoprzylepne\/obszary-zastosowan\/produkcja-obrobka-aluminium\/ca-418-pet-adhesive-tape\/","og_site_name":"cardinal TAPES","article_modified_time":"2023-06-05T15:24:32+00:00","og_image":[{"width":380,"height":380,"url":"https:\/\/cardinal-tapes.com\/wp-content\/uploads\/ca_420_19x50mm.jpg","type":"image\/jpeg"}],"twitter_card":"summary_large_image","schema":{"@context":"https:\/\/schema.org","@graph":[{"@type":"WebPage","@id":"https:\/\/cardinal-tapes.com\/pl\/ta\u015bmy-samoprzylepne\/obszary-zastosowan\/produkcja-obrobka-aluminium\/ca-418-pet-adhesive-tape\/","url":"https:\/\/cardinal-tapes.com\/pl\/ta\u015bmy-samoprzylepne\/obszary-zastosowan\/produkcja-obrobka-aluminium\/ca-418-pet-adhesive-tape\/","name":"CA-418 to pot\u0119\u017cna uniwersalna ta\u015bma | Cardinal TAPES","isPartOf":{"@id":"https:\/\/cardinal-tapes.com\/#website"},"primaryImageOfPage":{"@id":"https:\/\/cardinal-tapes.com\/pl\/ta\u015bmy-samoprzylepne\/obszary-zastosowan\/produkcja-obrobka-aluminium\/ca-418-pet-adhesive-tape\/#primaryimage"},"image":{"@id":"https:\/\/cardinal-tapes.com\/pl\/ta\u015bmy-samoprzylepne\/obszary-zastosowan\/produkcja-obrobka-aluminium\/ca-418-pet-adhesive-tape\/#primaryimage"},"thumbnailUrl":"https:\/\/cardinal-tapes.com\/wp-content\/uploads\/ca_420_19x50mm.jpg","datePublished":"2018-02-23T08:54:25+00:00","dateModified":"2023-06-05T15:24:32+00:00","description":"Mocna i odporna na temperatur\u0119: nasza uniwersalna ta\u015bma klej\u0105ca CA-418. CA-418 nadaje si\u0119 do wielu wymagaj\u0105cych zastosowa\u0144. Poinformuj teraz.","breadcrumb":{"@id":"https:\/\/cardinal-tapes.com\/pl\/ta\u015bmy-samoprzylepne\/obszary-zastosowan\/produkcja-obrobka-aluminium\/ca-418-pet-adhesive-tape\/#breadcrumb"},"inLanguage":"pl-PL","potentialAction":[{"@type":"ReadAction","target":["https:\/\/cardinal-tapes.com\/pl\/ta\u015bmy-samoprzylepne\/obszary-zastosowan\/produkcja-obrobka-aluminium\/ca-418-pet-adhesive-tape\/"]}]},{"@type":"ImageObject","inLanguage":"pl-PL","@id":"https:\/\/cardinal-tapes.com\/pl\/ta\u015bmy-samoprzylepne\/obszary-zastosowan\/produkcja-obrobka-aluminium\/ca-418-pet-adhesive-tape\/#primaryimage","url":"https:\/\/cardinal-tapes.com\/wp-content\/uploads\/ca_420_19x50mm.jpg","contentUrl":"https:\/\/cardinal-tapes.com\/wp-content\/uploads\/ca_420_19x50mm.jpg","width":380,"height":380},{"@type":"BreadcrumbList","@id":"https:\/\/cardinal-tapes.com\/pl\/ta\u015bmy-samoprzylepne\/obszary-zastosowan\/produkcja-obrobka-aluminium\/ca-418-pet-adhesive-tape\/#breadcrumb","itemListElement":[{"@type":"ListItem","position":1,"name":"Startseite","item":"https:\/\/cardinal-tapes.com\/pl\/strona-glowna\/"},{"@type":"ListItem","position":2,"name":"Ta\u015bmy samoprzylepne","item":"https:\/\/cardinal-tapes.com\/pl\/tasmy-samoprzylepne-pl\/"},{"@type":"ListItem","position":3,"name":"Doppelseitige Klebeb\u00e4nder","item":"https:\/\/cardinal-tapes.com\/kategorie\/doppelseitige-klebebaender\/"},{"@type":"ListItem","position":4,"name":"Ta\u015bma samoprzylepna CA-418 PET"}]},{"@type":"WebSite","@id":"https:\/\/cardinal-tapes.com\/#website","url":"https:\/\/cardinal-tapes.com\/","name":"cardinal TAPES","description":"Klebetechnik aus Wuppertal","potentialAction":[{"@type":"SearchAction","target":{"@type":"EntryPoint","urlTemplate":"https:\/\/cardinal-tapes.com\/?s={search_term_string}"},"query-input":{"@type":"PropertyValueSpecification","valueRequired":true,"valueName":"search_term_string"}}],"inLanguage":"pl-PL"}]}},"brands":[{"id":2173,"name":"cardinal GmbH","slug":"cardinal-gmbh-pl"}],"_links":{"self":[{"href":"https:\/\/cardinal-tapes.com\/pl\/wp-json\/wp\/v2\/product\/55300","targetHints":{"allow":["GET"]}}],"collection":[{"href":"https:\/\/cardinal-tapes.com\/pl\/wp-json\/wp\/v2\/product"}],"about":[{"href":"https:\/\/cardinal-tapes.com\/pl\/wp-json\/wp\/v2\/types\/product"}],"wp:featuredmedia":[{"embeddable":true,"href":"https:\/\/cardinal-tapes.com\/pl\/wp-json\/wp\/v2\/media\/81357"}],"wp:attachment":[{"href":"https:\/\/cardinal-tapes.com\/pl\/wp-json\/wp\/v2\/media?parent=55300"}],"wp:term":[{"taxonomy":"pwb-brand","embeddable":true,"href":"https:\/\/cardinal-tapes.com\/pl\/wp-json\/wp\/v2\/pwb-brand?post=55300"},{"taxonomy":"product_brand","embeddable":true,"href":"https:\/\/cardinal-tapes.com\/pl\/wp-json\/wp\/v2\/product_brand?post=55300"},{"taxonomy":"product_cat","embeddable":true,"href":"https:\/\/cardinal-tapes.com\/pl\/wp-json\/wp\/v2\/product_cat?post=55300"},{"taxonomy":"product_tag","embeddable":true,"href":"https:\/\/cardinal-tapes.com\/pl\/wp-json\/wp\/v2\/product_tag?post=55300"}],"curies":[{"name":"wp","href":"https:\/\/api.w.org\/{rel}","templated":true}]}}