{"id":55298,"date":"2018-02-23T10:26:40","date_gmt":"2023-06-05T15:24:32","guid":{"rendered":"https:\/\/cardinal.pixel-tal.de\/klebebaender\/bez-kategorii\/ca-345-tasma-samoprzylepna-z-tkaniny-powlekanej-pe-tasma-ostrzegawcza\/"},"modified":"2025-07-03T10:52:39","modified_gmt":"2025-07-03T08:52:39","slug":"ca-345-pe-coated-fabric-adhesive-tape-warning-tape","status":"publish","type":"product","link":"https:\/\/cardinal-tapes.com\/pl\/ta\u015bmy-samoprzylepne\/obszary-zastosowan\/tasma-do-znakowania-podlog\/ca-345-pe-coated-fabric-adhesive-tape-warning-tape\/","title":{"rendered":"CA-345 Ta\u015bma samoprzylepna z tkaniny powlekanej PE &#8211; Ta\u015bma ostrzegawcza-"},"content":{"rendered":"<p>CA-345 to ta\u015bma ostrzegawcza na bazie tkaniny do oznaczania ruchomych i niebezpiecznych cz\u0119\u015bci. Mo\u017ce by\u0107 r\u00f3wnie\u017c u\u017cywana jako ta\u015bma do znakowania pod\u0142\u00f3g.<\/p>\n","protected":false},"excerpt":{"rendered":"<p>CA-345 to ta\u015bma ostrzegawcza na bazie tkaniny do oznaczania ruchomych i niebezpiecznych cz\u0119\u015bci. Mo\u017ce by\u0107 r\u00f3wnie\u017c u\u017cywana jako ta\u015bma do znakowania pod\u0142\u00f3g.<\/p>\n","protected":false},"featured_media":27118,"template":"","meta":{"_acf_changed":false},"pwb-brand":[2173],"product_brand":[],"product_cat":[1691,1715,1816],"product_tag":[],"class_list":{"0":"post-55298","1":"product","2":"type-product","3":"status-publish","4":"has-post-thumbnail","6":"pwb-brand-cardinal-gmbh-pl","7":"product_cat-tasma-do-znakowania-podlog","8":"product_cat-tasma-klejaca-do-tkanin","9":"product_cat-jednostronne-tasmy-samoprzylepne","11":"first","12":"instock","13":"taxable","14":"shipping-taxable","15":"purchasable","16":"product-type-variable"},"acf":[],"yoast_head":"<!-- This site is optimized with the Yoast SEO plugin v27.3 - https:\/\/yoast.com\/product\/yoast-seo-wordpress\/ -->\n<title>CA-345 Ta\u015bma tkaninowa powlekana PE | Cardinal TAPES<\/title>\n<meta name=\"description\" content=\"CA-345 to ta\u015bma ostrzegawcza na bazie tkaniny do oznaczania ruchomych i niebezpiecznych cz\u0119\u015bci. Mo\u017ce by\u0107 r\u00f3wnie\u017c u\u017cywana jako ta\u015bma do znakowania pod\u0142\u00f3g.\" \/>\n<meta name=\"robots\" content=\"index, follow, max-snippet:-1, max-image-preview:large, max-video-preview:-1\" \/>\n<link rel=\"canonical\" href=\"https:\/\/cardinal-tapes.com\/pl\/ta\u015bmy-samoprzylepne\/obszary-zastosowan\/tasma-do-znakowania-podlog\/ca-345-pe-coated-fabric-adhesive-tape-warning-tape\/\" \/>\n<meta property=\"og:locale\" content=\"pl_PL\" \/>\n<meta property=\"og:type\" content=\"article\" \/>\n<meta property=\"og:title\" content=\"CA-345 Ta\u015bma tkaninowa powlekana PE | Cardinal TAPES\" \/>\n<meta property=\"og:description\" content=\"CA-345 to ta\u015bma ostrzegawcza na bazie tkaniny do oznaczania ruchomych i niebezpiecznych cz\u0119\u015bci. Mo\u017ce by\u0107 r\u00f3wnie\u017c u\u017cywana jako ta\u015bma do znakowania pod\u0142\u00f3g.\" \/>\n<meta property=\"og:url\" content=\"https:\/\/cardinal-tapes.com\/pl\/ta\u015bmy-samoprzylepne\/obszary-zastosowan\/tasma-do-znakowania-podlog\/ca-345-pe-coated-fabric-adhesive-tape-warning-tape\/\" \/>\n<meta property=\"og:site_name\" content=\"cardinal TAPES\" \/>\n<meta property=\"article:modified_time\" content=\"2025-07-03T08:52:39+00:00\" \/>\n<meta property=\"og:image\" content=\"https:\/\/cardinal-tapes.com\/wp-content\/uploads\/CA_345_retouched.jpg\" \/>\n\t<meta property=\"og:image:width\" content=\"1299\" \/>\n\t<meta property=\"og:image:height\" content=\"1400\" \/>\n\t<meta property=\"og:image:type\" content=\"image\/jpeg\" \/>\n<meta name=\"twitter:card\" content=\"summary_large_image\" \/>\n<script type=\"application\/ld+json\" class=\"yoast-schema-graph\">{\"@context\":\"https:\\\/\\\/schema.org\",\"@graph\":[{\"@type\":\"WebPage\",\"@id\":\"https:\\\/\\\/cardinal-tapes.com\\\/pl\\\/ta\u015bmy-samoprzylepne\\\/obszary-zastosowan\\\/tasma-do-znakowania-podlog\\\/ca-345-pe-coated-fabric-adhesive-tape-warning-tape\\\/\",\"url\":\"https:\\\/\\\/cardinal-tapes.com\\\/pl\\\/ta\u015bmy-samoprzylepne\\\/obszary-zastosowan\\\/tasma-do-znakowania-podlog\\\/ca-345-pe-coated-fabric-adhesive-tape-warning-tape\\\/\",\"name\":\"CA-345 Ta\u015bma tkaninowa powlekana PE | Cardinal TAPES\",\"isPartOf\":{\"@id\":\"https:\\\/\\\/cardinal-tapes.com\\\/#website\"},\"primaryImageOfPage\":{\"@id\":\"https:\\\/\\\/cardinal-tapes.com\\\/pl\\\/ta\u015bmy-samoprzylepne\\\/obszary-zastosowan\\\/tasma-do-znakowania-podlog\\\/ca-345-pe-coated-fabric-adhesive-tape-warning-tape\\\/#primaryimage\"},\"image\":{\"@id\":\"https:\\\/\\\/cardinal-tapes.com\\\/pl\\\/ta\u015bmy-samoprzylepne\\\/obszary-zastosowan\\\/tasma-do-znakowania-podlog\\\/ca-345-pe-coated-fabric-adhesive-tape-warning-tape\\\/#primaryimage\"},\"thumbnailUrl\":\"https:\\\/\\\/cardinal-tapes.com\\\/wp-content\\\/uploads\\\/CA_345_retouched.jpg\",\"datePublished\":\"2023-06-05T15:24:32+00:00\",\"dateModified\":\"2025-07-03T08:52:39+00:00\",\"description\":\"CA-345 to ta\u015bma ostrzegawcza na bazie tkaniny do oznaczania ruchomych i niebezpiecznych cz\u0119\u015bci. Mo\u017ce by\u0107 r\u00f3wnie\u017c u\u017cywana jako ta\u015bma do znakowania pod\u0142\u00f3g.\",\"breadcrumb\":{\"@id\":\"https:\\\/\\\/cardinal-tapes.com\\\/pl\\\/ta\u015bmy-samoprzylepne\\\/obszary-zastosowan\\\/tasma-do-znakowania-podlog\\\/ca-345-pe-coated-fabric-adhesive-tape-warning-tape\\\/#breadcrumb\"},\"inLanguage\":\"pl-PL\",\"potentialAction\":[{\"@type\":\"ReadAction\",\"target\":[\"https:\\\/\\\/cardinal-tapes.com\\\/pl\\\/ta\u015bmy-samoprzylepne\\\/obszary-zastosowan\\\/tasma-do-znakowania-podlog\\\/ca-345-pe-coated-fabric-adhesive-tape-warning-tape\\\/\"]}]},{\"@type\":\"ImageObject\",\"inLanguage\":\"pl-PL\",\"@id\":\"https:\\\/\\\/cardinal-tapes.com\\\/pl\\\/ta\u015bmy-samoprzylepne\\\/obszary-zastosowan\\\/tasma-do-znakowania-podlog\\\/ca-345-pe-coated-fabric-adhesive-tape-warning-tape\\\/#primaryimage\",\"url\":\"https:\\\/\\\/cardinal-tapes.com\\\/wp-content\\\/uploads\\\/CA_345_retouched.jpg\",\"contentUrl\":\"https:\\\/\\\/cardinal-tapes.com\\\/wp-content\\\/uploads\\\/CA_345_retouched.jpg\",\"width\":1299,\"height\":1400,\"caption\":\"Ta\u015bma klej\u0105ca CA 345\"},{\"@type\":\"BreadcrumbList\",\"@id\":\"https:\\\/\\\/cardinal-tapes.com\\\/pl\\\/ta\u015bmy-samoprzylepne\\\/obszary-zastosowan\\\/tasma-do-znakowania-podlog\\\/ca-345-pe-coated-fabric-adhesive-tape-warning-tape\\\/#breadcrumb\",\"itemListElement\":[{\"@type\":\"ListItem\",\"position\":1,\"name\":\"Startseite\",\"item\":\"https:\\\/\\\/cardinal-tapes.com\\\/pl\\\/strona-glowna\\\/\"},{\"@type\":\"ListItem\",\"position\":2,\"name\":\"Ta\u015bmy samoprzylepne\",\"item\":\"https:\\\/\\\/cardinal-tapes.com\\\/pl\\\/tasmy-samoprzylepne-pl\\\/\"},{\"@type\":\"ListItem\",\"position\":3,\"name\":\"Obszary zastosowa\u0144\",\"item\":\"https:\\\/\\\/cardinal-tapes.com\\\/pl\\\/kategoria\\\/obszary-zastosowan\\\/\"},{\"@type\":\"ListItem\",\"position\":4,\"name\":\"Ta\u015bma do znakowania pod\u0142\u00f3g\",\"item\":\"https:\\\/\\\/cardinal-tapes.com\\\/pl\\\/kategoria\\\/tasma-do-znakowania-podlog\\\/\"},{\"@type\":\"ListItem\",\"position\":5,\"name\":\"CA-345 Ta\u015bma samoprzylepna z tkaniny powlekanej PE &#8211; Ta\u015bma ostrzegawcza-\"}]},{\"@type\":\"WebSite\",\"@id\":\"https:\\\/\\\/cardinal-tapes.com\\\/#website\",\"url\":\"https:\\\/\\\/cardinal-tapes.com\\\/\",\"name\":\"cardinal TAPES\",\"description\":\"Klebetechnik aus Wuppertal\",\"potentialAction\":[{\"@type\":\"SearchAction\",\"target\":{\"@type\":\"EntryPoint\",\"urlTemplate\":\"https:\\\/\\\/cardinal-tapes.com\\\/?s={search_term_string}\"},\"query-input\":{\"@type\":\"PropertyValueSpecification\",\"valueRequired\":true,\"valueName\":\"search_term_string\"}}],\"inLanguage\":\"pl-PL\"}]}<\/script>\n<!-- \/ Yoast SEO plugin. -->","yoast_head_json":{"title":"CA-345 Ta\u015bma tkaninowa powlekana PE | Cardinal TAPES","description":"CA-345 to ta\u015bma ostrzegawcza na bazie tkaniny do oznaczania ruchomych i niebezpiecznych cz\u0119\u015bci. Mo\u017ce by\u0107 r\u00f3wnie\u017c u\u017cywana jako ta\u015bma do znakowania pod\u0142\u00f3g.","robots":{"index":"index","follow":"follow","max-snippet":"max-snippet:-1","max-image-preview":"max-image-preview:large","max-video-preview":"max-video-preview:-1"},"canonical":"https:\/\/cardinal-tapes.com\/pl\/ta\u015bmy-samoprzylepne\/obszary-zastosowan\/tasma-do-znakowania-podlog\/ca-345-pe-coated-fabric-adhesive-tape-warning-tape\/","og_locale":"pl_PL","og_type":"article","og_title":"CA-345 Ta\u015bma tkaninowa powlekana PE | Cardinal TAPES","og_description":"CA-345 to ta\u015bma ostrzegawcza na bazie tkaniny do oznaczania ruchomych i niebezpiecznych cz\u0119\u015bci. Mo\u017ce by\u0107 r\u00f3wnie\u017c u\u017cywana jako ta\u015bma do znakowania pod\u0142\u00f3g.","og_url":"https:\/\/cardinal-tapes.com\/pl\/ta\u015bmy-samoprzylepne\/obszary-zastosowan\/tasma-do-znakowania-podlog\/ca-345-pe-coated-fabric-adhesive-tape-warning-tape\/","og_site_name":"cardinal TAPES","article_modified_time":"2025-07-03T08:52:39+00:00","og_image":[{"width":1299,"height":1400,"url":"https:\/\/cardinal-tapes.com\/wp-content\/uploads\/CA_345_retouched.jpg","type":"image\/jpeg"}],"twitter_card":"summary_large_image","schema":{"@context":"https:\/\/schema.org","@graph":[{"@type":"WebPage","@id":"https:\/\/cardinal-tapes.com\/pl\/ta\u015bmy-samoprzylepne\/obszary-zastosowan\/tasma-do-znakowania-podlog\/ca-345-pe-coated-fabric-adhesive-tape-warning-tape\/","url":"https:\/\/cardinal-tapes.com\/pl\/ta\u015bmy-samoprzylepne\/obszary-zastosowan\/tasma-do-znakowania-podlog\/ca-345-pe-coated-fabric-adhesive-tape-warning-tape\/","name":"CA-345 Ta\u015bma tkaninowa powlekana PE | Cardinal TAPES","isPartOf":{"@id":"https:\/\/cardinal-tapes.com\/#website"},"primaryImageOfPage":{"@id":"https:\/\/cardinal-tapes.com\/pl\/ta\u015bmy-samoprzylepne\/obszary-zastosowan\/tasma-do-znakowania-podlog\/ca-345-pe-coated-fabric-adhesive-tape-warning-tape\/#primaryimage"},"image":{"@id":"https:\/\/cardinal-tapes.com\/pl\/ta\u015bmy-samoprzylepne\/obszary-zastosowan\/tasma-do-znakowania-podlog\/ca-345-pe-coated-fabric-adhesive-tape-warning-tape\/#primaryimage"},"thumbnailUrl":"https:\/\/cardinal-tapes.com\/wp-content\/uploads\/CA_345_retouched.jpg","datePublished":"2023-06-05T15:24:32+00:00","dateModified":"2025-07-03T08:52:39+00:00","description":"CA-345 to ta\u015bma ostrzegawcza na bazie tkaniny do oznaczania ruchomych i niebezpiecznych cz\u0119\u015bci. Mo\u017ce by\u0107 r\u00f3wnie\u017c u\u017cywana jako ta\u015bma do znakowania pod\u0142\u00f3g.","breadcrumb":{"@id":"https:\/\/cardinal-tapes.com\/pl\/ta\u015bmy-samoprzylepne\/obszary-zastosowan\/tasma-do-znakowania-podlog\/ca-345-pe-coated-fabric-adhesive-tape-warning-tape\/#breadcrumb"},"inLanguage":"pl-PL","potentialAction":[{"@type":"ReadAction","target":["https:\/\/cardinal-tapes.com\/pl\/ta\u015bmy-samoprzylepne\/obszary-zastosowan\/tasma-do-znakowania-podlog\/ca-345-pe-coated-fabric-adhesive-tape-warning-tape\/"]}]},{"@type":"ImageObject","inLanguage":"pl-PL","@id":"https:\/\/cardinal-tapes.com\/pl\/ta\u015bmy-samoprzylepne\/obszary-zastosowan\/tasma-do-znakowania-podlog\/ca-345-pe-coated-fabric-adhesive-tape-warning-tape\/#primaryimage","url":"https:\/\/cardinal-tapes.com\/wp-content\/uploads\/CA_345_retouched.jpg","contentUrl":"https:\/\/cardinal-tapes.com\/wp-content\/uploads\/CA_345_retouched.jpg","width":1299,"height":1400,"caption":"Ta\u015bma klej\u0105ca CA 345"},{"@type":"BreadcrumbList","@id":"https:\/\/cardinal-tapes.com\/pl\/ta\u015bmy-samoprzylepne\/obszary-zastosowan\/tasma-do-znakowania-podlog\/ca-345-pe-coated-fabric-adhesive-tape-warning-tape\/#breadcrumb","itemListElement":[{"@type":"ListItem","position":1,"name":"Startseite","item":"https:\/\/cardinal-tapes.com\/pl\/strona-glowna\/"},{"@type":"ListItem","position":2,"name":"Ta\u015bmy samoprzylepne","item":"https:\/\/cardinal-tapes.com\/pl\/tasmy-samoprzylepne-pl\/"},{"@type":"ListItem","position":3,"name":"Obszary zastosowa\u0144","item":"https:\/\/cardinal-tapes.com\/pl\/kategoria\/obszary-zastosowan\/"},{"@type":"ListItem","position":4,"name":"Ta\u015bma do znakowania pod\u0142\u00f3g","item":"https:\/\/cardinal-tapes.com\/pl\/kategoria\/tasma-do-znakowania-podlog\/"},{"@type":"ListItem","position":5,"name":"CA-345 Ta\u015bma samoprzylepna z tkaniny powlekanej PE &#8211; Ta\u015bma ostrzegawcza-"}]},{"@type":"WebSite","@id":"https:\/\/cardinal-tapes.com\/#website","url":"https:\/\/cardinal-tapes.com\/","name":"cardinal TAPES","description":"Klebetechnik aus Wuppertal","potentialAction":[{"@type":"SearchAction","target":{"@type":"EntryPoint","urlTemplate":"https:\/\/cardinal-tapes.com\/?s={search_term_string}"},"query-input":{"@type":"PropertyValueSpecification","valueRequired":true,"valueName":"search_term_string"}}],"inLanguage":"pl-PL"}]}},"brands":[{"id":2173,"name":"cardinal GmbH","slug":"cardinal-gmbh-pl"}],"_links":{"self":[{"href":"https:\/\/cardinal-tapes.com\/pl\/wp-json\/wp\/v2\/product\/55298","targetHints":{"allow":["GET"]}}],"collection":[{"href":"https:\/\/cardinal-tapes.com\/pl\/wp-json\/wp\/v2\/product"}],"about":[{"href":"https:\/\/cardinal-tapes.com\/pl\/wp-json\/wp\/v2\/types\/product"}],"wp:featuredmedia":[{"embeddable":true,"href":"https:\/\/cardinal-tapes.com\/pl\/wp-json\/wp\/v2\/media\/27118"}],"wp:attachment":[{"href":"https:\/\/cardinal-tapes.com\/pl\/wp-json\/wp\/v2\/media?parent=55298"}],"wp:term":[{"taxonomy":"pwb-brand","embeddable":true,"href":"https:\/\/cardinal-tapes.com\/pl\/wp-json\/wp\/v2\/pwb-brand?post=55298"},{"taxonomy":"product_brand","embeddable":true,"href":"https:\/\/cardinal-tapes.com\/pl\/wp-json\/wp\/v2\/product_brand?post=55298"},{"taxonomy":"product_cat","embeddable":true,"href":"https:\/\/cardinal-tapes.com\/pl\/wp-json\/wp\/v2\/product_cat?post=55298"},{"taxonomy":"product_tag","embeddable":true,"href":"https:\/\/cardinal-tapes.com\/pl\/wp-json\/wp\/v2\/product_tag?post=55298"}],"curies":[{"name":"wp","href":"https:\/\/api.w.org\/{rel}","templated":true}]}}