{"id":55033,"date":"2017-12-22T16:09:13","date_gmt":"2023-06-05T15:24:02","guid":{"rendered":"https:\/\/cardinal.pixel-tal.de\/klebebaender\/bez-kategorii\/tasma-filamentowa-3m-895\/"},"modified":"2025-07-03T13:50:26","modified_gmt":"2025-07-03T11:50:26","slug":"tasma-z-wlokna-3m-895","status":"publish","type":"product","link":"https:\/\/cardinal-tapes.com\/pl\/ta\u015bmy-samoprzylepne\/systemy-pakowania\/tasma-z-wlokna-3m-895\/","title":{"rendered":"Ta\u015bma filamentowa 3M\u2122 895"},"content":{"rendered":"<p>Ta\u015bma filamentowa 3M\u2122 895 sk\u0142ada si\u0119 z polipropylenowego no\u015bnika i bezrozpuszczalnikowego kleju kauczukowego. Szczeg\u00f3lnie wysoka odporno\u015b\u0107 na rozdarcie wynika z ci\u0105g\u0142ych nici z w\u0142\u00f3kna szklanego w ta\u015bmie samoprzylepnej. Sprawia r\u00f3wnie\u017c, \u017ce ta\u015bma jest bardzo trwa\u0142a i odporna na \u015bcieranie. Typowymi obszarami zastosowa\u0144 s\u0105 sektory pakowania, magazynowania i transportu.<\/p>\n<p><strong>W\u0142a\u015bciwo\u015bci<\/strong><br \/>\nTa\u015bma samoprzylepna 895 to wysokowydajna, przezroczysta ta\u015bma pakowa z polipropylenowym no\u015bnikiem i bezrozpuszczalnikowym klejem z kauczuku syntetycznego, dzi\u0119ki czemu jest wysoce odporna na chemikalia i starzenie.<\/p>\n<p><strong>Zastosowania<\/strong><br \/>\n&#8211; Do zamykania karton\u00f3w, paletyzacji i wi\u0105zania.<\/p>\n","protected":false},"excerpt":{"rendered":"<p>Ta\u015bma filamentowa 3M\u2122 895 sk\u0142ada si\u0119 z polipropylenowego no\u015bnika i bezrozpuszczalnikowego kleju kauczukowego. Szczeg\u00f3lnie wysoka odporno\u015b\u0107 na rozdarcie wynika z ci\u0105g\u0142ych nici z w\u0142\u00f3kna szklanego w ta\u015bmie samoprzylepnej. Sprawia r\u00f3wnie\u017c, \u017ce ta\u015bma jest bardzo trwa\u0142a i odporna na \u015bcieranie. Typowymi obszarami zastosowa\u0144 s\u0105 sektory pakowania, magazynowania i transportu. W\u0142a\u015bciwo\u015bci Ta\u015bma samoprzylepna 895 to wysokowydajna, przezroczysta [&hellip;]<\/p>\n","protected":false},"featured_media":25442,"template":"","meta":{"_acf_changed":false},"pwb-brand":[2168],"product_brand":[],"product_cat":[1867],"product_tag":[],"class_list":{"0":"post-55033","1":"product","2":"type-product","3":"status-publish","4":"has-post-thumbnail","6":"pwb-brand-3m-pl","7":"product_cat-systemy-pakowania","9":"first","10":"instock","11":"taxable","12":"shipping-taxable","13":"purchasable","14":"product-type-variable"},"acf":[],"yoast_head":"<!-- This site is optimized with the Yoast SEO plugin v27.3 - https:\/\/yoast.com\/product\/yoast-seo-wordpress\/ -->\n<title>3M 895 Filament Tape | Cardinal TAPES<\/title>\n<meta name=\"description\" content=\"Ta\u015bma filamentowa 3M 895 sk\u0142ada si\u0119 z polipropylenowego no\u015bnika i bezrozpuszczalnikowego kleju kauczukowego. Dowiedz si\u0119 wi\u0119cej.\" \/>\n<meta name=\"robots\" content=\"index, follow, max-snippet:-1, max-image-preview:large, max-video-preview:-1\" \/>\n<link rel=\"canonical\" href=\"https:\/\/cardinal-tapes.com\/pl\/ta\u015bmy-samoprzylepne\/systemy-pakowania\/tasma-z-wlokna-3m-895\/\" \/>\n<meta property=\"og:locale\" content=\"pl_PL\" \/>\n<meta property=\"og:type\" content=\"article\" \/>\n<meta property=\"og:title\" content=\"3M 895 Filament Tape | Cardinal TAPES\" \/>\n<meta property=\"og:description\" content=\"Ta\u015bma filamentowa 3M 895 sk\u0142ada si\u0119 z polipropylenowego no\u015bnika i bezrozpuszczalnikowego kleju kauczukowego. Dowiedz si\u0119 wi\u0119cej.\" \/>\n<meta property=\"og:url\" content=\"https:\/\/cardinal-tapes.com\/pl\/ta\u015bmy-samoprzylepne\/systemy-pakowania\/tasma-z-wlokna-3m-895\/\" \/>\n<meta property=\"og:site_name\" content=\"cardinal TAPES\" \/>\n<meta property=\"article:modified_time\" content=\"2025-07-03T11:50:26+00:00\" \/>\n<meta property=\"og:image\" content=\"https:\/\/cardinal-tapes.com\/wp-content\/uploads\/3m_filamentklebeband_895.jpg\" \/>\n\t<meta property=\"og:image:width\" content=\"600\" \/>\n\t<meta property=\"og:image:height\" content=\"600\" \/>\n\t<meta property=\"og:image:type\" content=\"image\/jpeg\" \/>\n<meta name=\"twitter:card\" content=\"summary_large_image\" \/>\n<meta name=\"twitter:label1\" content=\"Szacowany czas czytania\" \/>\n\t<meta name=\"twitter:data1\" content=\"1 minuta\" \/>\n<script type=\"application\/ld+json\" class=\"yoast-schema-graph\">{\"@context\":\"https:\\\/\\\/schema.org\",\"@graph\":[{\"@type\":\"WebPage\",\"@id\":\"https:\\\/\\\/cardinal-tapes.com\\\/pl\\\/ta\u015bmy-samoprzylepne\\\/systemy-pakowania\\\/tasma-z-wlokna-3m-895\\\/\",\"url\":\"https:\\\/\\\/cardinal-tapes.com\\\/pl\\\/ta\u015bmy-samoprzylepne\\\/systemy-pakowania\\\/tasma-z-wlokna-3m-895\\\/\",\"name\":\"3M 895 Filament Tape | Cardinal TAPES\",\"isPartOf\":{\"@id\":\"https:\\\/\\\/cardinal-tapes.com\\\/#website\"},\"primaryImageOfPage\":{\"@id\":\"https:\\\/\\\/cardinal-tapes.com\\\/pl\\\/ta\u015bmy-samoprzylepne\\\/systemy-pakowania\\\/tasma-z-wlokna-3m-895\\\/#primaryimage\"},\"image\":{\"@id\":\"https:\\\/\\\/cardinal-tapes.com\\\/pl\\\/ta\u015bmy-samoprzylepne\\\/systemy-pakowania\\\/tasma-z-wlokna-3m-895\\\/#primaryimage\"},\"thumbnailUrl\":\"https:\\\/\\\/cardinal-tapes.com\\\/wp-content\\\/uploads\\\/3m_filamentklebeband_895.jpg\",\"datePublished\":\"2023-06-05T15:24:02+00:00\",\"dateModified\":\"2025-07-03T11:50:26+00:00\",\"description\":\"Ta\u015bma filamentowa 3M 895 sk\u0142ada si\u0119 z polipropylenowego no\u015bnika i bezrozpuszczalnikowego kleju kauczukowego. Dowiedz si\u0119 wi\u0119cej.\",\"breadcrumb\":{\"@id\":\"https:\\\/\\\/cardinal-tapes.com\\\/pl\\\/ta\u015bmy-samoprzylepne\\\/systemy-pakowania\\\/tasma-z-wlokna-3m-895\\\/#breadcrumb\"},\"inLanguage\":\"pl-PL\",\"potentialAction\":[{\"@type\":\"ReadAction\",\"target\":[\"https:\\\/\\\/cardinal-tapes.com\\\/pl\\\/ta\u015bmy-samoprzylepne\\\/systemy-pakowania\\\/tasma-z-wlokna-3m-895\\\/\"]}]},{\"@type\":\"ImageObject\",\"inLanguage\":\"pl-PL\",\"@id\":\"https:\\\/\\\/cardinal-tapes.com\\\/pl\\\/ta\u015bmy-samoprzylepne\\\/systemy-pakowania\\\/tasma-z-wlokna-3m-895\\\/#primaryimage\",\"url\":\"https:\\\/\\\/cardinal-tapes.com\\\/wp-content\\\/uploads\\\/3m_filamentklebeband_895.jpg\",\"contentUrl\":\"https:\\\/\\\/cardinal-tapes.com\\\/wp-content\\\/uploads\\\/3m_filamentklebeband_895.jpg\",\"width\":600,\"height\":600,\"caption\":\"Ta\u015bma filamentowa 3M 895\"},{\"@type\":\"BreadcrumbList\",\"@id\":\"https:\\\/\\\/cardinal-tapes.com\\\/pl\\\/ta\u015bmy-samoprzylepne\\\/systemy-pakowania\\\/tasma-z-wlokna-3m-895\\\/#breadcrumb\",\"itemListElement\":[{\"@type\":\"ListItem\",\"position\":1,\"name\":\"Startseite\",\"item\":\"https:\\\/\\\/cardinal-tapes.com\\\/pl\\\/strona-glowna\\\/\"},{\"@type\":\"ListItem\",\"position\":2,\"name\":\"Ta\u015bmy samoprzylepne\",\"item\":\"https:\\\/\\\/cardinal-tapes.com\\\/pl\\\/tasmy-samoprzylepne-pl\\\/\"},{\"@type\":\"ListItem\",\"position\":3,\"name\":\"Systemy pakowania\",\"item\":\"https:\\\/\\\/cardinal-tapes.com\\\/pl\\\/kategoria\\\/systemy-pakowania\\\/\"},{\"@type\":\"ListItem\",\"position\":4,\"name\":\"Ta\u015bma filamentowa 3M\u2122 895\"}]},{\"@type\":\"WebSite\",\"@id\":\"https:\\\/\\\/cardinal-tapes.com\\\/#website\",\"url\":\"https:\\\/\\\/cardinal-tapes.com\\\/\",\"name\":\"cardinal TAPES\",\"description\":\"Klebetechnik aus Wuppertal\",\"potentialAction\":[{\"@type\":\"SearchAction\",\"target\":{\"@type\":\"EntryPoint\",\"urlTemplate\":\"https:\\\/\\\/cardinal-tapes.com\\\/?s={search_term_string}\"},\"query-input\":{\"@type\":\"PropertyValueSpecification\",\"valueRequired\":true,\"valueName\":\"search_term_string\"}}],\"inLanguage\":\"pl-PL\"}]}<\/script>\n<!-- \/ Yoast SEO plugin. -->","yoast_head_json":{"title":"3M 895 Filament Tape | Cardinal TAPES","description":"Ta\u015bma filamentowa 3M 895 sk\u0142ada si\u0119 z polipropylenowego no\u015bnika i bezrozpuszczalnikowego kleju kauczukowego. Dowiedz si\u0119 wi\u0119cej.","robots":{"index":"index","follow":"follow","max-snippet":"max-snippet:-1","max-image-preview":"max-image-preview:large","max-video-preview":"max-video-preview:-1"},"canonical":"https:\/\/cardinal-tapes.com\/pl\/ta\u015bmy-samoprzylepne\/systemy-pakowania\/tasma-z-wlokna-3m-895\/","og_locale":"pl_PL","og_type":"article","og_title":"3M 895 Filament Tape | Cardinal TAPES","og_description":"Ta\u015bma filamentowa 3M 895 sk\u0142ada si\u0119 z polipropylenowego no\u015bnika i bezrozpuszczalnikowego kleju kauczukowego. Dowiedz si\u0119 wi\u0119cej.","og_url":"https:\/\/cardinal-tapes.com\/pl\/ta\u015bmy-samoprzylepne\/systemy-pakowania\/tasma-z-wlokna-3m-895\/","og_site_name":"cardinal TAPES","article_modified_time":"2025-07-03T11:50:26+00:00","og_image":[{"width":600,"height":600,"url":"https:\/\/cardinal-tapes.com\/wp-content\/uploads\/3m_filamentklebeband_895.jpg","type":"image\/jpeg"}],"twitter_card":"summary_large_image","twitter_misc":{"Szacowany czas czytania":"1 minuta"},"schema":{"@context":"https:\/\/schema.org","@graph":[{"@type":"WebPage","@id":"https:\/\/cardinal-tapes.com\/pl\/ta\u015bmy-samoprzylepne\/systemy-pakowania\/tasma-z-wlokna-3m-895\/","url":"https:\/\/cardinal-tapes.com\/pl\/ta\u015bmy-samoprzylepne\/systemy-pakowania\/tasma-z-wlokna-3m-895\/","name":"3M 895 Filament Tape | Cardinal TAPES","isPartOf":{"@id":"https:\/\/cardinal-tapes.com\/#website"},"primaryImageOfPage":{"@id":"https:\/\/cardinal-tapes.com\/pl\/ta\u015bmy-samoprzylepne\/systemy-pakowania\/tasma-z-wlokna-3m-895\/#primaryimage"},"image":{"@id":"https:\/\/cardinal-tapes.com\/pl\/ta\u015bmy-samoprzylepne\/systemy-pakowania\/tasma-z-wlokna-3m-895\/#primaryimage"},"thumbnailUrl":"https:\/\/cardinal-tapes.com\/wp-content\/uploads\/3m_filamentklebeband_895.jpg","datePublished":"2023-06-05T15:24:02+00:00","dateModified":"2025-07-03T11:50:26+00:00","description":"Ta\u015bma filamentowa 3M 895 sk\u0142ada si\u0119 z polipropylenowego no\u015bnika i bezrozpuszczalnikowego kleju kauczukowego. Dowiedz si\u0119 wi\u0119cej.","breadcrumb":{"@id":"https:\/\/cardinal-tapes.com\/pl\/ta\u015bmy-samoprzylepne\/systemy-pakowania\/tasma-z-wlokna-3m-895\/#breadcrumb"},"inLanguage":"pl-PL","potentialAction":[{"@type":"ReadAction","target":["https:\/\/cardinal-tapes.com\/pl\/ta\u015bmy-samoprzylepne\/systemy-pakowania\/tasma-z-wlokna-3m-895\/"]}]},{"@type":"ImageObject","inLanguage":"pl-PL","@id":"https:\/\/cardinal-tapes.com\/pl\/ta\u015bmy-samoprzylepne\/systemy-pakowania\/tasma-z-wlokna-3m-895\/#primaryimage","url":"https:\/\/cardinal-tapes.com\/wp-content\/uploads\/3m_filamentklebeband_895.jpg","contentUrl":"https:\/\/cardinal-tapes.com\/wp-content\/uploads\/3m_filamentklebeband_895.jpg","width":600,"height":600,"caption":"Ta\u015bma filamentowa 3M 895"},{"@type":"BreadcrumbList","@id":"https:\/\/cardinal-tapes.com\/pl\/ta\u015bmy-samoprzylepne\/systemy-pakowania\/tasma-z-wlokna-3m-895\/#breadcrumb","itemListElement":[{"@type":"ListItem","position":1,"name":"Startseite","item":"https:\/\/cardinal-tapes.com\/pl\/strona-glowna\/"},{"@type":"ListItem","position":2,"name":"Ta\u015bmy samoprzylepne","item":"https:\/\/cardinal-tapes.com\/pl\/tasmy-samoprzylepne-pl\/"},{"@type":"ListItem","position":3,"name":"Systemy pakowania","item":"https:\/\/cardinal-tapes.com\/pl\/kategoria\/systemy-pakowania\/"},{"@type":"ListItem","position":4,"name":"Ta\u015bma filamentowa 3M\u2122 895"}]},{"@type":"WebSite","@id":"https:\/\/cardinal-tapes.com\/#website","url":"https:\/\/cardinal-tapes.com\/","name":"cardinal TAPES","description":"Klebetechnik aus Wuppertal","potentialAction":[{"@type":"SearchAction","target":{"@type":"EntryPoint","urlTemplate":"https:\/\/cardinal-tapes.com\/?s={search_term_string}"},"query-input":{"@type":"PropertyValueSpecification","valueRequired":true,"valueName":"search_term_string"}}],"inLanguage":"pl-PL"}]}},"brands":[{"id":2168,"name":"3M","slug":"3m-pl"}],"_links":{"self":[{"href":"https:\/\/cardinal-tapes.com\/pl\/wp-json\/wp\/v2\/product\/55033","targetHints":{"allow":["GET"]}}],"collection":[{"href":"https:\/\/cardinal-tapes.com\/pl\/wp-json\/wp\/v2\/product"}],"about":[{"href":"https:\/\/cardinal-tapes.com\/pl\/wp-json\/wp\/v2\/types\/product"}],"wp:featuredmedia":[{"embeddable":true,"href":"https:\/\/cardinal-tapes.com\/pl\/wp-json\/wp\/v2\/media\/25442"}],"wp:attachment":[{"href":"https:\/\/cardinal-tapes.com\/pl\/wp-json\/wp\/v2\/media?parent=55033"}],"wp:term":[{"taxonomy":"pwb-brand","embeddable":true,"href":"https:\/\/cardinal-tapes.com\/pl\/wp-json\/wp\/v2\/pwb-brand?post=55033"},{"taxonomy":"product_brand","embeddable":true,"href":"https:\/\/cardinal-tapes.com\/pl\/wp-json\/wp\/v2\/product_brand?post=55033"},{"taxonomy":"product_cat","embeddable":true,"href":"https:\/\/cardinal-tapes.com\/pl\/wp-json\/wp\/v2\/product_cat?post=55033"},{"taxonomy":"product_tag","embeddable":true,"href":"https:\/\/cardinal-tapes.com\/pl\/wp-json\/wp\/v2\/product_tag?post=55033"}],"curies":[{"name":"wp","href":"https:\/\/api.w.org\/{rel}","templated":true}]}}