{"id":55031,"date":"2017-12-22T16:14:25","date_gmt":"2023-06-05T15:24:02","guid":{"rendered":"https:\/\/cardinal.pixel-tal.de\/klebebaender\/bez-kategorii\/tasma-do-wiazania-3m-scotch-3741\/"},"modified":"2023-06-05T17:24:02","modified_gmt":"2023-06-05T15:24:02","slug":"3m-3741-bindeklebeband","status":"publish","type":"product","link":"https:\/\/cardinal-tapes.com\/pl\/ta\u015bmy-samoprzylepne\/systemy-pakowania\/3m-3741-bindeklebeband\/","title":{"rendered":"Ta\u015bma do wi\u0105zania 3M\u2122 Scotch\u00ae 3741"},"content":{"rendered":"<p>Ta\u015bma 3M\u2122 3741 sk\u0142ada si\u0119 z jednoosiowo zorientowanej folii polipropylenowej pokrytej syntetyczn\u0105 gum\u0105. Zapewnia to wysok\u0105 wytrzyma\u0142o\u015b\u0107 na \u015bcinanie i pocz\u0105tkow\u0105 przyczepno\u015b\u0107. Obszary zastosowa\u0144 s\u0105 bardzo wszechstronne. Przyk\u0142ady obejmuj\u0105 wi\u0105zanie cylindrycznych rur, plastikowych rur i metalowych pr\u0119t\u00f3w. Ale r\u00f3wnie\u017c paczki i opakowania \u017cywno\u015bci mog\u0105 by\u0107 bardzo dobrze wi\u0105zane za pomoc\u0105 ta\u015bmy wi\u0105\u017c\u0105cej 3M 3741. Po zwi\u0105zaniu, funkcjonalno\u015b\u0107 kleju jest utrzymywana we wszystkich typowych temperaturach podczas transportu.<\/p>\n<p><strong>W\u0142a\u015bciwo\u015bci<\/strong><br \/>\n&#8211; Wysoka wytrzyma\u0142o\u015b\u0107 na \u015bcinanie i przyczepno\u015b\u0107 pocz\u0105tkowa<\/p>\n<p><strong>Zastosowania<\/strong><br \/>\n&#8211; Nadaje si\u0119 do uszczelniania opakowa\u0144 piankowych<br \/>\n&#8211; Usuwanie z\u0142ama\u0144 lub p\u0119kni\u0119\u0107<\/p>\n","protected":false},"excerpt":{"rendered":"<p>Ta\u015bma 3M\u2122 3741 sk\u0142ada si\u0119 z jednoosiowo zorientowanej folii polipropylenowej pokrytej syntetyczn\u0105 gum\u0105. Zapewnia to wysok\u0105 wytrzyma\u0142o\u015b\u0107 na \u015bcinanie i pocz\u0105tkow\u0105 przyczepno\u015b\u0107. Obszary zastosowa\u0144 s\u0105 bardzo wszechstronne. Przyk\u0142ady obejmuj\u0105 wi\u0105zanie cylindrycznych rur, plastikowych rur i metalowych pr\u0119t\u00f3w. Ale r\u00f3wnie\u017c paczki i opakowania \u017cywno\u015bci mog\u0105 by\u0107 bardzo dobrze wi\u0105zane za pomoc\u0105 ta\u015bmy wi\u0105\u017c\u0105cej 3M 3741. Po [&hellip;]<\/p>\n","protected":false},"featured_media":27018,"template":"","meta":{"_acf_changed":false},"pwb-brand":[2168],"product_brand":[],"product_cat":[1867],"product_tag":[],"class_list":{"0":"post-55031","1":"product","2":"type-product","3":"status-publish","4":"has-post-thumbnail","6":"pwb-brand-3m-pl","7":"product_cat-systemy-pakowania","9":"first","10":"instock","11":"taxable","12":"shipping-taxable","13":"purchasable","14":"product-type-variable"},"acf":[],"yoast_head":"<!-- This site is optimized with the Yoast SEO plugin v27.3 - https:\/\/yoast.com\/product\/yoast-seo-wordpress\/ -->\n<title>Ta\u015bma introligatorska 3M\u2122 3741 Scotch\u00ae | Ta\u015bmy Cardinal<\/title>\n<meta name=\"description\" content=\"Ta\u015bma 3M\u2122 3741 sk\u0142ada si\u0119 z jednoosiowo zorientowanej folii polipropylenowej pokrytej syntetyczn\u0105 gum\u0105.\" \/>\n<meta name=\"robots\" content=\"index, follow, max-snippet:-1, max-image-preview:large, max-video-preview:-1\" \/>\n<link rel=\"canonical\" href=\"https:\/\/cardinal-tapes.com\/pl\/ta\u015bmy-samoprzylepne\/systemy-pakowania\/3m-3741-bindeklebeband\/\" \/>\n<meta property=\"og:locale\" content=\"pl_PL\" \/>\n<meta property=\"og:type\" content=\"article\" \/>\n<meta property=\"og:title\" content=\"Ta\u015bma introligatorska 3M\u2122 3741 Scotch\u00ae | Ta\u015bmy Cardinal\" \/>\n<meta property=\"og:description\" content=\"Ta\u015bma 3M\u2122 3741 sk\u0142ada si\u0119 z jednoosiowo zorientowanej folii polipropylenowej pokrytej syntetyczn\u0105 gum\u0105.\" \/>\n<meta property=\"og:url\" content=\"https:\/\/cardinal-tapes.com\/pl\/ta\u015bmy-samoprzylepne\/systemy-pakowania\/3m-3741-bindeklebeband\/\" \/>\n<meta property=\"og:site_name\" content=\"cardinal TAPES\" \/>\n<meta property=\"og:image\" content=\"https:\/\/cardinal-tapes.com\/wp-content\/uploads\/3741-1.jpg\" \/>\n\t<meta property=\"og:image:width\" content=\"450\" \/>\n\t<meta property=\"og:image:height\" content=\"450\" \/>\n\t<meta property=\"og:image:type\" content=\"image\/jpeg\" \/>\n<meta name=\"twitter:card\" content=\"summary_large_image\" \/>\n<meta name=\"twitter:label1\" content=\"Szacowany czas czytania\" \/>\n\t<meta name=\"twitter:data1\" content=\"1 minuta\" \/>\n<script type=\"application\/ld+json\" class=\"yoast-schema-graph\">{\"@context\":\"https:\\\/\\\/schema.org\",\"@graph\":[{\"@type\":\"WebPage\",\"@id\":\"https:\\\/\\\/cardinal-tapes.com\\\/pl\\\/ta\u015bmy-samoprzylepne\\\/systemy-pakowania\\\/3m-3741-bindeklebeband\\\/\",\"url\":\"https:\\\/\\\/cardinal-tapes.com\\\/pl\\\/ta\u015bmy-samoprzylepne\\\/systemy-pakowania\\\/3m-3741-bindeklebeband\\\/\",\"name\":\"Ta\u015bma introligatorska 3M\u2122 3741 Scotch\u00ae | Ta\u015bmy Cardinal\",\"isPartOf\":{\"@id\":\"https:\\\/\\\/cardinal-tapes.com\\\/#website\"},\"primaryImageOfPage\":{\"@id\":\"https:\\\/\\\/cardinal-tapes.com\\\/pl\\\/ta\u015bmy-samoprzylepne\\\/systemy-pakowania\\\/3m-3741-bindeklebeband\\\/#primaryimage\"},\"image\":{\"@id\":\"https:\\\/\\\/cardinal-tapes.com\\\/pl\\\/ta\u015bmy-samoprzylepne\\\/systemy-pakowania\\\/3m-3741-bindeklebeband\\\/#primaryimage\"},\"thumbnailUrl\":\"https:\\\/\\\/cardinal-tapes.com\\\/wp-content\\\/uploads\\\/3741-1.jpg\",\"datePublished\":\"2023-06-05T15:24:02+00:00\",\"description\":\"Ta\u015bma 3M\u2122 3741 sk\u0142ada si\u0119 z jednoosiowo zorientowanej folii polipropylenowej pokrytej syntetyczn\u0105 gum\u0105.\",\"breadcrumb\":{\"@id\":\"https:\\\/\\\/cardinal-tapes.com\\\/pl\\\/ta\u015bmy-samoprzylepne\\\/systemy-pakowania\\\/3m-3741-bindeklebeband\\\/#breadcrumb\"},\"inLanguage\":\"pl-PL\",\"potentialAction\":[{\"@type\":\"ReadAction\",\"target\":[\"https:\\\/\\\/cardinal-tapes.com\\\/pl\\\/ta\u015bmy-samoprzylepne\\\/systemy-pakowania\\\/3m-3741-bindeklebeband\\\/\"]}]},{\"@type\":\"ImageObject\",\"inLanguage\":\"pl-PL\",\"@id\":\"https:\\\/\\\/cardinal-tapes.com\\\/pl\\\/ta\u015bmy-samoprzylepne\\\/systemy-pakowania\\\/3m-3741-bindeklebeband\\\/#primaryimage\",\"url\":\"https:\\\/\\\/cardinal-tapes.com\\\/wp-content\\\/uploads\\\/3741-1.jpg\",\"contentUrl\":\"https:\\\/\\\/cardinal-tapes.com\\\/wp-content\\\/uploads\\\/3741-1.jpg\",\"width\":450,\"height\":450},{\"@type\":\"BreadcrumbList\",\"@id\":\"https:\\\/\\\/cardinal-tapes.com\\\/pl\\\/ta\u015bmy-samoprzylepne\\\/systemy-pakowania\\\/3m-3741-bindeklebeband\\\/#breadcrumb\",\"itemListElement\":[{\"@type\":\"ListItem\",\"position\":1,\"name\":\"Startseite\",\"item\":\"https:\\\/\\\/cardinal-tapes.com\\\/pl\\\/strona-glowna\\\/\"},{\"@type\":\"ListItem\",\"position\":2,\"name\":\"Ta\u015bmy samoprzylepne\",\"item\":\"https:\\\/\\\/cardinal-tapes.com\\\/pl\\\/tasmy-samoprzylepne-pl\\\/\"},{\"@type\":\"ListItem\",\"position\":3,\"name\":\"Systemy pakowania\",\"item\":\"https:\\\/\\\/cardinal-tapes.com\\\/pl\\\/kategoria\\\/systemy-pakowania\\\/\"},{\"@type\":\"ListItem\",\"position\":4,\"name\":\"Ta\u015bma do wi\u0105zania 3M\u2122 Scotch\u00ae 3741\"}]},{\"@type\":\"WebSite\",\"@id\":\"https:\\\/\\\/cardinal-tapes.com\\\/#website\",\"url\":\"https:\\\/\\\/cardinal-tapes.com\\\/\",\"name\":\"cardinal TAPES\",\"description\":\"Klebetechnik aus Wuppertal\",\"potentialAction\":[{\"@type\":\"SearchAction\",\"target\":{\"@type\":\"EntryPoint\",\"urlTemplate\":\"https:\\\/\\\/cardinal-tapes.com\\\/?s={search_term_string}\"},\"query-input\":{\"@type\":\"PropertyValueSpecification\",\"valueRequired\":true,\"valueName\":\"search_term_string\"}}],\"inLanguage\":\"pl-PL\"}]}<\/script>\n<!-- \/ Yoast SEO plugin. -->","yoast_head_json":{"title":"Ta\u015bma introligatorska 3M\u2122 3741 Scotch\u00ae | Ta\u015bmy Cardinal","description":"Ta\u015bma 3M\u2122 3741 sk\u0142ada si\u0119 z jednoosiowo zorientowanej folii polipropylenowej pokrytej syntetyczn\u0105 gum\u0105.","robots":{"index":"index","follow":"follow","max-snippet":"max-snippet:-1","max-image-preview":"max-image-preview:large","max-video-preview":"max-video-preview:-1"},"canonical":"https:\/\/cardinal-tapes.com\/pl\/ta\u015bmy-samoprzylepne\/systemy-pakowania\/3m-3741-bindeklebeband\/","og_locale":"pl_PL","og_type":"article","og_title":"Ta\u015bma introligatorska 3M\u2122 3741 Scotch\u00ae | Ta\u015bmy Cardinal","og_description":"Ta\u015bma 3M\u2122 3741 sk\u0142ada si\u0119 z jednoosiowo zorientowanej folii polipropylenowej pokrytej syntetyczn\u0105 gum\u0105.","og_url":"https:\/\/cardinal-tapes.com\/pl\/ta\u015bmy-samoprzylepne\/systemy-pakowania\/3m-3741-bindeklebeband\/","og_site_name":"cardinal TAPES","og_image":[{"width":450,"height":450,"url":"https:\/\/cardinal-tapes.com\/wp-content\/uploads\/3741-1.jpg","type":"image\/jpeg"}],"twitter_card":"summary_large_image","twitter_misc":{"Szacowany czas czytania":"1 minuta"},"schema":{"@context":"https:\/\/schema.org","@graph":[{"@type":"WebPage","@id":"https:\/\/cardinal-tapes.com\/pl\/ta\u015bmy-samoprzylepne\/systemy-pakowania\/3m-3741-bindeklebeband\/","url":"https:\/\/cardinal-tapes.com\/pl\/ta\u015bmy-samoprzylepne\/systemy-pakowania\/3m-3741-bindeklebeband\/","name":"Ta\u015bma introligatorska 3M\u2122 3741 Scotch\u00ae | Ta\u015bmy Cardinal","isPartOf":{"@id":"https:\/\/cardinal-tapes.com\/#website"},"primaryImageOfPage":{"@id":"https:\/\/cardinal-tapes.com\/pl\/ta\u015bmy-samoprzylepne\/systemy-pakowania\/3m-3741-bindeklebeband\/#primaryimage"},"image":{"@id":"https:\/\/cardinal-tapes.com\/pl\/ta\u015bmy-samoprzylepne\/systemy-pakowania\/3m-3741-bindeklebeband\/#primaryimage"},"thumbnailUrl":"https:\/\/cardinal-tapes.com\/wp-content\/uploads\/3741-1.jpg","datePublished":"2023-06-05T15:24:02+00:00","description":"Ta\u015bma 3M\u2122 3741 sk\u0142ada si\u0119 z jednoosiowo zorientowanej folii polipropylenowej pokrytej syntetyczn\u0105 gum\u0105.","breadcrumb":{"@id":"https:\/\/cardinal-tapes.com\/pl\/ta\u015bmy-samoprzylepne\/systemy-pakowania\/3m-3741-bindeklebeband\/#breadcrumb"},"inLanguage":"pl-PL","potentialAction":[{"@type":"ReadAction","target":["https:\/\/cardinal-tapes.com\/pl\/ta\u015bmy-samoprzylepne\/systemy-pakowania\/3m-3741-bindeklebeband\/"]}]},{"@type":"ImageObject","inLanguage":"pl-PL","@id":"https:\/\/cardinal-tapes.com\/pl\/ta\u015bmy-samoprzylepne\/systemy-pakowania\/3m-3741-bindeklebeband\/#primaryimage","url":"https:\/\/cardinal-tapes.com\/wp-content\/uploads\/3741-1.jpg","contentUrl":"https:\/\/cardinal-tapes.com\/wp-content\/uploads\/3741-1.jpg","width":450,"height":450},{"@type":"BreadcrumbList","@id":"https:\/\/cardinal-tapes.com\/pl\/ta\u015bmy-samoprzylepne\/systemy-pakowania\/3m-3741-bindeklebeband\/#breadcrumb","itemListElement":[{"@type":"ListItem","position":1,"name":"Startseite","item":"https:\/\/cardinal-tapes.com\/pl\/strona-glowna\/"},{"@type":"ListItem","position":2,"name":"Ta\u015bmy samoprzylepne","item":"https:\/\/cardinal-tapes.com\/pl\/tasmy-samoprzylepne-pl\/"},{"@type":"ListItem","position":3,"name":"Systemy pakowania","item":"https:\/\/cardinal-tapes.com\/pl\/kategoria\/systemy-pakowania\/"},{"@type":"ListItem","position":4,"name":"Ta\u015bma do wi\u0105zania 3M\u2122 Scotch\u00ae 3741"}]},{"@type":"WebSite","@id":"https:\/\/cardinal-tapes.com\/#website","url":"https:\/\/cardinal-tapes.com\/","name":"cardinal TAPES","description":"Klebetechnik aus Wuppertal","potentialAction":[{"@type":"SearchAction","target":{"@type":"EntryPoint","urlTemplate":"https:\/\/cardinal-tapes.com\/?s={search_term_string}"},"query-input":{"@type":"PropertyValueSpecification","valueRequired":true,"valueName":"search_term_string"}}],"inLanguage":"pl-PL"}]}},"brands":[{"id":2168,"name":"3M","slug":"3m-pl"}],"_links":{"self":[{"href":"https:\/\/cardinal-tapes.com\/pl\/wp-json\/wp\/v2\/product\/55031","targetHints":{"allow":["GET"]}}],"collection":[{"href":"https:\/\/cardinal-tapes.com\/pl\/wp-json\/wp\/v2\/product"}],"about":[{"href":"https:\/\/cardinal-tapes.com\/pl\/wp-json\/wp\/v2\/types\/product"}],"wp:featuredmedia":[{"embeddable":true,"href":"https:\/\/cardinal-tapes.com\/pl\/wp-json\/wp\/v2\/media\/27018"}],"wp:attachment":[{"href":"https:\/\/cardinal-tapes.com\/pl\/wp-json\/wp\/v2\/media?parent=55031"}],"wp:term":[{"taxonomy":"pwb-brand","embeddable":true,"href":"https:\/\/cardinal-tapes.com\/pl\/wp-json\/wp\/v2\/pwb-brand?post=55031"},{"taxonomy":"product_brand","embeddable":true,"href":"https:\/\/cardinal-tapes.com\/pl\/wp-json\/wp\/v2\/product_brand?post=55031"},{"taxonomy":"product_cat","embeddable":true,"href":"https:\/\/cardinal-tapes.com\/pl\/wp-json\/wp\/v2\/product_cat?post=55031"},{"taxonomy":"product_tag","embeddable":true,"href":"https:\/\/cardinal-tapes.com\/pl\/wp-json\/wp\/v2\/product_tag?post=55031"}],"curies":[{"name":"wp","href":"https:\/\/api.w.org\/{rel}","templated":true}]}}