{"id":55030,"date":"2017-12-22T16:15:52","date_gmt":"2017-12-22T15:15:52","guid":{"rendered":"https:\/\/cardinal.pixel-tal.de\/klebebaender\/bez-kategorii\/tasma-rozciagliwa-3m-8884\/"},"modified":"2024-03-15T12:28:41","modified_gmt":"2024-03-15T11:28:41","slug":"3m-8884-stretch-klebeband","status":"publish","type":"product","link":"https:\/\/cardinal-tapes.com\/pl\/ta\u015bmy-samoprzylepne\/systemy-pakowania\/3m-8884-stretch-klebeband\/","title":{"rendered":"Ta\u015bma rozci\u0105gliwa 3M\u2122 8884"},"content":{"rendered":"<p>Ta\u015bma stretch 3M\u2122 8884 jest u\u017cywana g\u0142\u00f3wnie do transportu i wysy\u0142ki r\u00f3\u017cnych produkt\u00f3w w celu zabezpieczenia i wi\u0105zania. Szczeg\u00f3ln\u0105 zalet\u0105 tej ta\u015bmy jest jej rozci\u0105gliwo\u015b\u0107. Pozwala to na sze\u015bciokrotne wyd\u0142u\u017cenie materia\u0142u. W ten spos\u00f3b mo\u017cna unikn\u0105\u0107 uszkodzenia nadruk\u00f3w lub kod\u00f3w kreskowych. Funkcje te s\u0105 utrzymywane we wszystkich typowych temperaturach osi\u0105ganych podczas transportu.<\/p>\n<p><strong>W\u0142a\u015bciwo\u015bci<\/strong><br \/>\n&#8211; Umo\u017cliwia ruch powietrza w palecie i dlatego nadaje si\u0119 do towar\u00f3w o krytycznym znaczeniu czasowym, takich jak owoce i warzywa.<\/p>\n<p><strong>Zastosowania<\/strong><br \/>\n&#8211; Do wi\u0105zania r\u0119cznego oraz do spinania i przytrzymywania.<\/p>\n","protected":false},"excerpt":{"rendered":"<p>Ta\u015bma stretch 3M\u2122 8884 jest u\u017cywana g\u0142\u00f3wnie do transportu i wysy\u0142ki r\u00f3\u017cnych produkt\u00f3w w celu zabezpieczenia i wi\u0105zania. Szczeg\u00f3ln\u0105 zalet\u0105 tej ta\u015bmy jest jej rozci\u0105gliwo\u015b\u0107. Pozwala to na sze\u015bciokrotne wyd\u0142u\u017cenie materia\u0142u. W ten spos\u00f3b mo\u017cna unikn\u0105\u0107 uszkodzenia nadruk\u00f3w lub kod\u00f3w kreskowych. Funkcje te s\u0105 utrzymywane we wszystkich typowych temperaturach osi\u0105ganych podczas transportu. W\u0142a\u015bciwo\u015bci &#8211; Umo\u017cliwia [&hellip;]<\/p>\n","protected":false},"featured_media":25434,"template":"","meta":{"_acf_changed":false},"pwb-brand":[2168],"product_brand":[],"product_cat":[1867],"product_tag":[],"class_list":{"0":"post-55030","1":"product","2":"type-product","3":"status-publish","4":"has-post-thumbnail","6":"pwb-brand-3m-pl","7":"product_cat-systemy-pakowania","9":"first","10":"instock","11":"taxable","12":"shipping-taxable","13":"purchasable","14":"product-type-simple"},"acf":[],"yoast_head":"<!-- This site is optimized with the Yoast SEO plugin v27.3 - https:\/\/yoast.com\/product\/yoast-seo-wordpress\/ -->\n<title>Ta\u015bma rozci\u0105gliwa 3M 8884 | Cardinal TAPES<\/title>\n<meta name=\"description\" content=\"Rozci\u0105gliwa ta\u015bma samoprzylepna 3M 8884 jest u\u017cywana g\u0142\u00f3wnie do transportu i wysy\u0142ki r\u00f3\u017cnych produkt\u00f3w w celu zabezpieczenia i wi\u0105zania. Dowiedz si\u0119 wi\u0119cej.\" \/>\n<meta name=\"robots\" content=\"index, follow, max-snippet:-1, max-image-preview:large, max-video-preview:-1\" \/>\n<link rel=\"canonical\" href=\"https:\/\/cardinal-tapes.com\/pl\/ta\u015bmy-samoprzylepne\/systemy-pakowania\/3m-8884-stretch-klebeband\/\" \/>\n<meta property=\"og:locale\" content=\"pl_PL\" \/>\n<meta property=\"og:type\" content=\"article\" \/>\n<meta property=\"og:title\" content=\"Ta\u015bma rozci\u0105gliwa 3M 8884 | Cardinal TAPES\" \/>\n<meta property=\"og:description\" content=\"Rozci\u0105gliwa ta\u015bma samoprzylepna 3M 8884 jest u\u017cywana g\u0142\u00f3wnie do transportu i wysy\u0142ki r\u00f3\u017cnych produkt\u00f3w w celu zabezpieczenia i wi\u0105zania. Dowiedz si\u0119 wi\u0119cej.\" \/>\n<meta property=\"og:url\" content=\"https:\/\/cardinal-tapes.com\/pl\/ta\u015bmy-samoprzylepne\/systemy-pakowania\/3m-8884-stretch-klebeband\/\" \/>\n<meta property=\"og:site_name\" content=\"cardinal TAPES\" \/>\n<meta property=\"article:modified_time\" content=\"2024-03-15T11:28:41+00:00\" \/>\n<meta property=\"og:image\" content=\"https:\/\/cardinal-tapes.com\/wp-content\/uploads\/3m_stretch-klebeband_8884.jpg\" \/>\n\t<meta property=\"og:image:width\" content=\"600\" \/>\n\t<meta property=\"og:image:height\" content=\"600\" \/>\n\t<meta property=\"og:image:type\" content=\"image\/jpeg\" \/>\n<meta name=\"twitter:card\" content=\"summary_large_image\" \/>\n<meta name=\"twitter:label1\" content=\"Szacowany czas czytania\" \/>\n\t<meta name=\"twitter:data1\" content=\"1 minuta\" \/>\n<script type=\"application\/ld+json\" class=\"yoast-schema-graph\">{\"@context\":\"https:\\\/\\\/schema.org\",\"@graph\":[{\"@type\":\"WebPage\",\"@id\":\"https:\\\/\\\/cardinal-tapes.com\\\/pl\\\/ta\u015bmy-samoprzylepne\\\/systemy-pakowania\\\/3m-8884-stretch-klebeband\\\/\",\"url\":\"https:\\\/\\\/cardinal-tapes.com\\\/pl\\\/ta\u015bmy-samoprzylepne\\\/systemy-pakowania\\\/3m-8884-stretch-klebeband\\\/\",\"name\":\"Ta\u015bma rozci\u0105gliwa 3M 8884 | Cardinal TAPES\",\"isPartOf\":{\"@id\":\"https:\\\/\\\/cardinal-tapes.com\\\/#website\"},\"primaryImageOfPage\":{\"@id\":\"https:\\\/\\\/cardinal-tapes.com\\\/pl\\\/ta\u015bmy-samoprzylepne\\\/systemy-pakowania\\\/3m-8884-stretch-klebeband\\\/#primaryimage\"},\"image\":{\"@id\":\"https:\\\/\\\/cardinal-tapes.com\\\/pl\\\/ta\u015bmy-samoprzylepne\\\/systemy-pakowania\\\/3m-8884-stretch-klebeband\\\/#primaryimage\"},\"thumbnailUrl\":\"https:\\\/\\\/cardinal-tapes.com\\\/wp-content\\\/uploads\\\/3m_stretch-klebeband_8884.jpg\",\"datePublished\":\"2017-12-22T15:15:52+00:00\",\"dateModified\":\"2024-03-15T11:28:41+00:00\",\"description\":\"Rozci\u0105gliwa ta\u015bma samoprzylepna 3M 8884 jest u\u017cywana g\u0142\u00f3wnie do transportu i wysy\u0142ki r\u00f3\u017cnych produkt\u00f3w w celu zabezpieczenia i wi\u0105zania. Dowiedz si\u0119 wi\u0119cej.\",\"breadcrumb\":{\"@id\":\"https:\\\/\\\/cardinal-tapes.com\\\/pl\\\/ta\u015bmy-samoprzylepne\\\/systemy-pakowania\\\/3m-8884-stretch-klebeband\\\/#breadcrumb\"},\"inLanguage\":\"pl-PL\",\"potentialAction\":[{\"@type\":\"ReadAction\",\"target\":[\"https:\\\/\\\/cardinal-tapes.com\\\/pl\\\/ta\u015bmy-samoprzylepne\\\/systemy-pakowania\\\/3m-8884-stretch-klebeband\\\/\"]}]},{\"@type\":\"ImageObject\",\"inLanguage\":\"pl-PL\",\"@id\":\"https:\\\/\\\/cardinal-tapes.com\\\/pl\\\/ta\u015bmy-samoprzylepne\\\/systemy-pakowania\\\/3m-8884-stretch-klebeband\\\/#primaryimage\",\"url\":\"https:\\\/\\\/cardinal-tapes.com\\\/wp-content\\\/uploads\\\/3m_stretch-klebeband_8884.jpg\",\"contentUrl\":\"https:\\\/\\\/cardinal-tapes.com\\\/wp-content\\\/uploads\\\/3m_stretch-klebeband_8884.jpg\",\"width\":600,\"height\":600,\"caption\":\"Ta\u015bma rozci\u0105gliwa 3M 8884\"},{\"@type\":\"BreadcrumbList\",\"@id\":\"https:\\\/\\\/cardinal-tapes.com\\\/pl\\\/ta\u015bmy-samoprzylepne\\\/systemy-pakowania\\\/3m-8884-stretch-klebeband\\\/#breadcrumb\",\"itemListElement\":[{\"@type\":\"ListItem\",\"position\":1,\"name\":\"Startseite\",\"item\":\"https:\\\/\\\/cardinal-tapes.com\\\/pl\\\/strona-glowna\\\/\"},{\"@type\":\"ListItem\",\"position\":2,\"name\":\"Ta\u015bmy samoprzylepne\",\"item\":\"https:\\\/\\\/cardinal-tapes.com\\\/pl\\\/tasmy-samoprzylepne-pl\\\/\"},{\"@type\":\"ListItem\",\"position\":3,\"name\":\"Systemy pakowania\",\"item\":\"https:\\\/\\\/cardinal-tapes.com\\\/pl\\\/kategoria\\\/systemy-pakowania\\\/\"},{\"@type\":\"ListItem\",\"position\":4,\"name\":\"Ta\u015bma rozci\u0105gliwa 3M\u2122 8884\"}]},{\"@type\":\"WebSite\",\"@id\":\"https:\\\/\\\/cardinal-tapes.com\\\/#website\",\"url\":\"https:\\\/\\\/cardinal-tapes.com\\\/\",\"name\":\"cardinal TAPES\",\"description\":\"Klebetechnik aus Wuppertal\",\"potentialAction\":[{\"@type\":\"SearchAction\",\"target\":{\"@type\":\"EntryPoint\",\"urlTemplate\":\"https:\\\/\\\/cardinal-tapes.com\\\/?s={search_term_string}\"},\"query-input\":{\"@type\":\"PropertyValueSpecification\",\"valueRequired\":true,\"valueName\":\"search_term_string\"}}],\"inLanguage\":\"pl-PL\"}]}<\/script>\n<!-- \/ Yoast SEO plugin. -->","yoast_head_json":{"title":"Ta\u015bma rozci\u0105gliwa 3M 8884 | Cardinal TAPES","description":"Rozci\u0105gliwa ta\u015bma samoprzylepna 3M 8884 jest u\u017cywana g\u0142\u00f3wnie do transportu i wysy\u0142ki r\u00f3\u017cnych produkt\u00f3w w celu zabezpieczenia i wi\u0105zania. Dowiedz si\u0119 wi\u0119cej.","robots":{"index":"index","follow":"follow","max-snippet":"max-snippet:-1","max-image-preview":"max-image-preview:large","max-video-preview":"max-video-preview:-1"},"canonical":"https:\/\/cardinal-tapes.com\/pl\/ta\u015bmy-samoprzylepne\/systemy-pakowania\/3m-8884-stretch-klebeband\/","og_locale":"pl_PL","og_type":"article","og_title":"Ta\u015bma rozci\u0105gliwa 3M 8884 | Cardinal TAPES","og_description":"Rozci\u0105gliwa ta\u015bma samoprzylepna 3M 8884 jest u\u017cywana g\u0142\u00f3wnie do transportu i wysy\u0142ki r\u00f3\u017cnych produkt\u00f3w w celu zabezpieczenia i wi\u0105zania. Dowiedz si\u0119 wi\u0119cej.","og_url":"https:\/\/cardinal-tapes.com\/pl\/ta\u015bmy-samoprzylepne\/systemy-pakowania\/3m-8884-stretch-klebeband\/","og_site_name":"cardinal TAPES","article_modified_time":"2024-03-15T11:28:41+00:00","og_image":[{"width":600,"height":600,"url":"https:\/\/cardinal-tapes.com\/wp-content\/uploads\/3m_stretch-klebeband_8884.jpg","type":"image\/jpeg"}],"twitter_card":"summary_large_image","twitter_misc":{"Szacowany czas czytania":"1 minuta"},"schema":{"@context":"https:\/\/schema.org","@graph":[{"@type":"WebPage","@id":"https:\/\/cardinal-tapes.com\/pl\/ta\u015bmy-samoprzylepne\/systemy-pakowania\/3m-8884-stretch-klebeband\/","url":"https:\/\/cardinal-tapes.com\/pl\/ta\u015bmy-samoprzylepne\/systemy-pakowania\/3m-8884-stretch-klebeband\/","name":"Ta\u015bma rozci\u0105gliwa 3M 8884 | Cardinal TAPES","isPartOf":{"@id":"https:\/\/cardinal-tapes.com\/#website"},"primaryImageOfPage":{"@id":"https:\/\/cardinal-tapes.com\/pl\/ta\u015bmy-samoprzylepne\/systemy-pakowania\/3m-8884-stretch-klebeband\/#primaryimage"},"image":{"@id":"https:\/\/cardinal-tapes.com\/pl\/ta\u015bmy-samoprzylepne\/systemy-pakowania\/3m-8884-stretch-klebeband\/#primaryimage"},"thumbnailUrl":"https:\/\/cardinal-tapes.com\/wp-content\/uploads\/3m_stretch-klebeband_8884.jpg","datePublished":"2017-12-22T15:15:52+00:00","dateModified":"2024-03-15T11:28:41+00:00","description":"Rozci\u0105gliwa ta\u015bma samoprzylepna 3M 8884 jest u\u017cywana g\u0142\u00f3wnie do transportu i wysy\u0142ki r\u00f3\u017cnych produkt\u00f3w w celu zabezpieczenia i wi\u0105zania. Dowiedz si\u0119 wi\u0119cej.","breadcrumb":{"@id":"https:\/\/cardinal-tapes.com\/pl\/ta\u015bmy-samoprzylepne\/systemy-pakowania\/3m-8884-stretch-klebeband\/#breadcrumb"},"inLanguage":"pl-PL","potentialAction":[{"@type":"ReadAction","target":["https:\/\/cardinal-tapes.com\/pl\/ta\u015bmy-samoprzylepne\/systemy-pakowania\/3m-8884-stretch-klebeband\/"]}]},{"@type":"ImageObject","inLanguage":"pl-PL","@id":"https:\/\/cardinal-tapes.com\/pl\/ta\u015bmy-samoprzylepne\/systemy-pakowania\/3m-8884-stretch-klebeband\/#primaryimage","url":"https:\/\/cardinal-tapes.com\/wp-content\/uploads\/3m_stretch-klebeband_8884.jpg","contentUrl":"https:\/\/cardinal-tapes.com\/wp-content\/uploads\/3m_stretch-klebeband_8884.jpg","width":600,"height":600,"caption":"Ta\u015bma rozci\u0105gliwa 3M 8884"},{"@type":"BreadcrumbList","@id":"https:\/\/cardinal-tapes.com\/pl\/ta\u015bmy-samoprzylepne\/systemy-pakowania\/3m-8884-stretch-klebeband\/#breadcrumb","itemListElement":[{"@type":"ListItem","position":1,"name":"Startseite","item":"https:\/\/cardinal-tapes.com\/pl\/strona-glowna\/"},{"@type":"ListItem","position":2,"name":"Ta\u015bmy samoprzylepne","item":"https:\/\/cardinal-tapes.com\/pl\/tasmy-samoprzylepne-pl\/"},{"@type":"ListItem","position":3,"name":"Systemy pakowania","item":"https:\/\/cardinal-tapes.com\/pl\/kategoria\/systemy-pakowania\/"},{"@type":"ListItem","position":4,"name":"Ta\u015bma rozci\u0105gliwa 3M\u2122 8884"}]},{"@type":"WebSite","@id":"https:\/\/cardinal-tapes.com\/#website","url":"https:\/\/cardinal-tapes.com\/","name":"cardinal TAPES","description":"Klebetechnik aus Wuppertal","potentialAction":[{"@type":"SearchAction","target":{"@type":"EntryPoint","urlTemplate":"https:\/\/cardinal-tapes.com\/?s={search_term_string}"},"query-input":{"@type":"PropertyValueSpecification","valueRequired":true,"valueName":"search_term_string"}}],"inLanguage":"pl-PL"}]}},"brands":[{"id":2168,"name":"3M","slug":"3m-pl"}],"_links":{"self":[{"href":"https:\/\/cardinal-tapes.com\/pl\/wp-json\/wp\/v2\/product\/55030","targetHints":{"allow":["GET"]}}],"collection":[{"href":"https:\/\/cardinal-tapes.com\/pl\/wp-json\/wp\/v2\/product"}],"about":[{"href":"https:\/\/cardinal-tapes.com\/pl\/wp-json\/wp\/v2\/types\/product"}],"wp:featuredmedia":[{"embeddable":true,"href":"https:\/\/cardinal-tapes.com\/pl\/wp-json\/wp\/v2\/media\/25434"}],"wp:attachment":[{"href":"https:\/\/cardinal-tapes.com\/pl\/wp-json\/wp\/v2\/media?parent=55030"}],"wp:term":[{"taxonomy":"pwb-brand","embeddable":true,"href":"https:\/\/cardinal-tapes.com\/pl\/wp-json\/wp\/v2\/pwb-brand?post=55030"},{"taxonomy":"product_brand","embeddable":true,"href":"https:\/\/cardinal-tapes.com\/pl\/wp-json\/wp\/v2\/product_brand?post=55030"},{"taxonomy":"product_cat","embeddable":true,"href":"https:\/\/cardinal-tapes.com\/pl\/wp-json\/wp\/v2\/product_cat?post=55030"},{"taxonomy":"product_tag","embeddable":true,"href":"https:\/\/cardinal-tapes.com\/pl\/wp-json\/wp\/v2\/product_tag?post=55030"}],"curies":[{"name":"wp","href":"https:\/\/api.w.org\/{rel}","templated":true}]}}