{"id":54945,"date":"2018-02-06T12:15:27","date_gmt":"2023-06-05T15:23:54","guid":{"rendered":"https:\/\/cardinal.pixel-tal.de\/klebebaender\/bez-kategorii\/tasma-klejaca-tesa-4610-basic\/"},"modified":"2023-06-05T17:23:54","modified_gmt":"2023-06-05T15:23:54","slug":"tesa-4610-duct-tabe","status":"publish","type":"product","link":"https:\/\/cardinal-tapes.com\/pl\/ta\u015bmy-samoprzylepne\/obszary-zastosowan\/tasma-klejaca-do-tkanin\/tesa-4610-duct-tabe\/","title":{"rendered":"Ta\u015bma klej\u0105ca tesa\u00ae 4610 Basic"},"content":{"rendered":"<p>Ta\u015bma klej\u0105ca <sup>tesa\u00ae<\/sup> 4610 Basic to prosta ta\u015bma tkaninowa o dobrych w\u0142a\u015bciwo\u015bciach klej\u0105cych. Ta\u015bma ma no\u015bnik z PE wzmocniony tkanin\u0105 PET o 18 oczkach. Kauczuk syntetyczny jako masa klej\u0105ca zapewnia dobr\u0105 przyczepno\u015b\u0107 pocz\u0105tkow\u0105 ta\u015bmy. Podstawowa ta\u015bma klej\u0105ca zapewnia dobre w\u0142a\u015bciwo\u015bci klej\u0105ce na r\u00f3\u017cnych powierzchniach.<\/p>\n<p><strong>W\u0142a\u015bciwo\u015bci<\/strong><br \/>\n&#8211; Wysoka przyczepno\u015b\u0107 pocz\u0105tkowa<br \/>\n&#8211; Dobra odporno\u015b\u0107 na rozdarcia<br \/>\n&#8211; Dobra przyczepno\u015b\u0107 do r\u00f3\u017cnych materia\u0142\u00f3w<br \/>\n&#8211; \u0141atwe rozwijanie<\/p>\n<p><strong>Zastosowania<\/strong><br \/>\n&#8211; Mocowanie materia\u0142\u00f3w os\u0142ony<br \/>\n&#8211; Wi\u0105zanie, zgrzewanie, pakowanie i inne zastosowania<br \/>\n&#8211; Uniwersalne zastosowanie w przemy\u015ble i handlu<\/p>\n<p>&nbsp;<\/p>\n","protected":false},"excerpt":{"rendered":"<p>Ta\u015bma klej\u0105ca tesa\u00ae 4610 Basic to prosta ta\u015bma tkaninowa o dobrych w\u0142a\u015bciwo\u015bciach klej\u0105cych. Ta\u015bma ma no\u015bnik z PE wzmocniony tkanin\u0105 PET o 18 oczkach. Kauczuk syntetyczny jako masa klej\u0105ca zapewnia dobr\u0105 przyczepno\u015b\u0107 pocz\u0105tkow\u0105 ta\u015bmy. Podstawowa ta\u015bma klej\u0105ca zapewnia dobre w\u0142a\u015bciwo\u015bci klej\u0105ce na r\u00f3\u017cnych powierzchniach. W\u0142a\u015bciwo\u015bci &#8211; Wysoka przyczepno\u015b\u0107 pocz\u0105tkowa &#8211; Dobra odporno\u015b\u0107 na rozdarcia &#8211; [&hellip;]<\/p>\n","protected":false},"featured_media":26078,"template":"","meta":{"_acf_changed":false},"pwb-brand":[2164],"product_brand":[],"product_cat":[1715,1816],"product_tag":[],"class_list":{"0":"post-54945","1":"product","2":"type-product","3":"status-publish","4":"has-post-thumbnail","6":"pwb-brand-tesa-pl","7":"product_cat-tasma-klejaca-do-tkanin","8":"product_cat-jednostronne-tasmy-samoprzylepne","10":"first","11":"instock","12":"taxable","13":"shipping-taxable","14":"purchasable","15":"product-type-variable"},"acf":[],"yoast_head":"<!-- This site is optimized with the Yoast SEO plugin v27.3 - https:\/\/yoast.com\/product\/yoast-seo-wordpress\/ -->\n<title>Tesa 4610 Duct Tape | Cardinal TAPES<\/title>\n<meta name=\"description\" content=\"Basic duct tape 4610 to prosta ta\u015bma tkaninowa o dobrych w\u0142a\u015bciwo\u015bciach klej\u0105cych od firmy Tesa. Dowiedz si\u0119 wi\u0119cej o ta\u015bmie samoprzylepnej tutaj.\" \/>\n<meta name=\"robots\" content=\"index, follow, max-snippet:-1, max-image-preview:large, max-video-preview:-1\" \/>\n<link rel=\"canonical\" href=\"https:\/\/cardinal-tapes.com\/pl\/ta\u015bmy-samoprzylepne\/tasma-klejaca-do-tkanin\/tesa-4610-duct-tabe\/\" \/>\n<meta property=\"og:locale\" content=\"pl_PL\" \/>\n<meta property=\"og:type\" content=\"article\" \/>\n<meta property=\"og:title\" content=\"Tesa 4610 Duct Tape | Cardinal TAPES\" \/>\n<meta property=\"og:description\" content=\"Basic duct tape 4610 to prosta ta\u015bma tkaninowa o dobrych w\u0142a\u015bciwo\u015bciach klej\u0105cych od firmy Tesa. Dowiedz si\u0119 wi\u0119cej o ta\u015bmie samoprzylepnej tutaj.\" \/>\n<meta property=\"og:url\" content=\"https:\/\/cardinal-tapes.com\/pl\/ta\u015bmy-samoprzylepne\/tasma-klejaca-do-tkanin\/tesa-4610-duct-tabe\/\" \/>\n<meta property=\"og:site_name\" content=\"cardinal TAPES\" \/>\n<meta property=\"og:image\" content=\"https:\/\/cardinal-tapes.com\/wp-content\/uploads\/tesa-04610.jpg\" \/>\n\t<meta property=\"og:image:width\" content=\"600\" \/>\n\t<meta property=\"og:image:height\" content=\"600\" \/>\n\t<meta property=\"og:image:type\" content=\"image\/jpeg\" \/>\n<meta name=\"twitter:card\" content=\"summary_large_image\" \/>\n<meta name=\"twitter:label1\" content=\"Szacowany czas czytania\" \/>\n\t<meta name=\"twitter:data1\" content=\"1 minuta\" \/>\n<script type=\"application\/ld+json\" class=\"yoast-schema-graph\">{\"@context\":\"https:\\\/\\\/schema.org\",\"@graph\":[{\"@type\":\"WebPage\",\"@id\":\"https:\\\/\\\/cardinal-tapes.com\\\/pl\\\/ta\u015bmy-samoprzylepne\\\/tasma-klejaca-do-tkanin\\\/tesa-4610-duct-tabe\\\/\",\"url\":\"https:\\\/\\\/cardinal-tapes.com\\\/pl\\\/ta\u015bmy-samoprzylepne\\\/tasma-klejaca-do-tkanin\\\/tesa-4610-duct-tabe\\\/\",\"name\":\"Tesa 4610 Duct Tape | Cardinal TAPES\",\"isPartOf\":{\"@id\":\"https:\\\/\\\/cardinal-tapes.com\\\/#website\"},\"primaryImageOfPage\":{\"@id\":\"https:\\\/\\\/cardinal-tapes.com\\\/pl\\\/ta\u015bmy-samoprzylepne\\\/tasma-klejaca-do-tkanin\\\/tesa-4610-duct-tabe\\\/#primaryimage\"},\"image\":{\"@id\":\"https:\\\/\\\/cardinal-tapes.com\\\/pl\\\/ta\u015bmy-samoprzylepne\\\/tasma-klejaca-do-tkanin\\\/tesa-4610-duct-tabe\\\/#primaryimage\"},\"thumbnailUrl\":\"https:\\\/\\\/cardinal-tapes.com\\\/wp-content\\\/uploads\\\/tesa-04610.jpg\",\"datePublished\":\"2023-06-05T15:23:54+00:00\",\"description\":\"Basic duct tape 4610 to prosta ta\u015bma tkaninowa o dobrych w\u0142a\u015bciwo\u015bciach klej\u0105cych od firmy Tesa. Dowiedz si\u0119 wi\u0119cej o ta\u015bmie samoprzylepnej tutaj.\",\"breadcrumb\":{\"@id\":\"https:\\\/\\\/cardinal-tapes.com\\\/pl\\\/ta\u015bmy-samoprzylepne\\\/tasma-klejaca-do-tkanin\\\/tesa-4610-duct-tabe\\\/#breadcrumb\"},\"inLanguage\":\"pl-PL\",\"potentialAction\":[{\"@type\":\"ReadAction\",\"target\":[\"https:\\\/\\\/cardinal-tapes.com\\\/pl\\\/ta\u015bmy-samoprzylepne\\\/tasma-klejaca-do-tkanin\\\/tesa-4610-duct-tabe\\\/\"]}]},{\"@type\":\"ImageObject\",\"inLanguage\":\"pl-PL\",\"@id\":\"https:\\\/\\\/cardinal-tapes.com\\\/pl\\\/ta\u015bmy-samoprzylepne\\\/tasma-klejaca-do-tkanin\\\/tesa-4610-duct-tabe\\\/#primaryimage\",\"url\":\"https:\\\/\\\/cardinal-tapes.com\\\/wp-content\\\/uploads\\\/tesa-04610.jpg\",\"contentUrl\":\"https:\\\/\\\/cardinal-tapes.com\\\/wp-content\\\/uploads\\\/tesa-04610.jpg\",\"width\":600,\"height\":600,\"caption\":\"tesa 4610\"},{\"@type\":\"BreadcrumbList\",\"@id\":\"https:\\\/\\\/cardinal-tapes.com\\\/pl\\\/ta\u015bmy-samoprzylepne\\\/tasma-klejaca-do-tkanin\\\/tesa-4610-duct-tabe\\\/#breadcrumb\",\"itemListElement\":[{\"@type\":\"ListItem\",\"position\":1,\"name\":\"Startseite\",\"item\":\"https:\\\/\\\/cardinal-tapes.com\\\/pl\\\/strona-glowna\\\/\"},{\"@type\":\"ListItem\",\"position\":2,\"name\":\"Ta\u015bmy samoprzylepne\",\"item\":\"https:\\\/\\\/cardinal-tapes.com\\\/pl\\\/tasmy-samoprzylepne-pl\\\/\"},{\"@type\":\"ListItem\",\"position\":3,\"name\":\"Ta\u015bma klej\u0105ca do tkanin\",\"item\":\"https:\\\/\\\/cardinal-tapes.com\\\/pl\\\/kategoria\\\/tasma-klejaca-do-tkanin\\\/\"},{\"@type\":\"ListItem\",\"position\":4,\"name\":\"Ta\u015bma klej\u0105ca tesa\u00ae 4610 Basic\"}]},{\"@type\":\"WebSite\",\"@id\":\"https:\\\/\\\/cardinal-tapes.com\\\/#website\",\"url\":\"https:\\\/\\\/cardinal-tapes.com\\\/\",\"name\":\"cardinal TAPES\",\"description\":\"Klebetechnik aus Wuppertal\",\"potentialAction\":[{\"@type\":\"SearchAction\",\"target\":{\"@type\":\"EntryPoint\",\"urlTemplate\":\"https:\\\/\\\/cardinal-tapes.com\\\/?s={search_term_string}\"},\"query-input\":{\"@type\":\"PropertyValueSpecification\",\"valueRequired\":true,\"valueName\":\"search_term_string\"}}],\"inLanguage\":\"pl-PL\"}]}<\/script>\n<!-- \/ Yoast SEO plugin. -->","yoast_head_json":{"title":"Tesa 4610 Duct Tape | Cardinal TAPES","description":"Basic duct tape 4610 to prosta ta\u015bma tkaninowa o dobrych w\u0142a\u015bciwo\u015bciach klej\u0105cych od firmy Tesa. Dowiedz si\u0119 wi\u0119cej o ta\u015bmie samoprzylepnej tutaj.","robots":{"index":"index","follow":"follow","max-snippet":"max-snippet:-1","max-image-preview":"max-image-preview:large","max-video-preview":"max-video-preview:-1"},"canonical":"https:\/\/cardinal-tapes.com\/pl\/ta\u015bmy-samoprzylepne\/tasma-klejaca-do-tkanin\/tesa-4610-duct-tabe\/","og_locale":"pl_PL","og_type":"article","og_title":"Tesa 4610 Duct Tape | Cardinal TAPES","og_description":"Basic duct tape 4610 to prosta ta\u015bma tkaninowa o dobrych w\u0142a\u015bciwo\u015bciach klej\u0105cych od firmy Tesa. Dowiedz si\u0119 wi\u0119cej o ta\u015bmie samoprzylepnej tutaj.","og_url":"https:\/\/cardinal-tapes.com\/pl\/ta\u015bmy-samoprzylepne\/tasma-klejaca-do-tkanin\/tesa-4610-duct-tabe\/","og_site_name":"cardinal TAPES","og_image":[{"width":600,"height":600,"url":"https:\/\/cardinal-tapes.com\/wp-content\/uploads\/tesa-04610.jpg","type":"image\/jpeg"}],"twitter_card":"summary_large_image","twitter_misc":{"Szacowany czas czytania":"1 minuta"},"schema":{"@context":"https:\/\/schema.org","@graph":[{"@type":"WebPage","@id":"https:\/\/cardinal-tapes.com\/pl\/ta\u015bmy-samoprzylepne\/tasma-klejaca-do-tkanin\/tesa-4610-duct-tabe\/","url":"https:\/\/cardinal-tapes.com\/pl\/ta\u015bmy-samoprzylepne\/tasma-klejaca-do-tkanin\/tesa-4610-duct-tabe\/","name":"Tesa 4610 Duct Tape | Cardinal TAPES","isPartOf":{"@id":"https:\/\/cardinal-tapes.com\/#website"},"primaryImageOfPage":{"@id":"https:\/\/cardinal-tapes.com\/pl\/ta\u015bmy-samoprzylepne\/tasma-klejaca-do-tkanin\/tesa-4610-duct-tabe\/#primaryimage"},"image":{"@id":"https:\/\/cardinal-tapes.com\/pl\/ta\u015bmy-samoprzylepne\/tasma-klejaca-do-tkanin\/tesa-4610-duct-tabe\/#primaryimage"},"thumbnailUrl":"https:\/\/cardinal-tapes.com\/wp-content\/uploads\/tesa-04610.jpg","datePublished":"2023-06-05T15:23:54+00:00","description":"Basic duct tape 4610 to prosta ta\u015bma tkaninowa o dobrych w\u0142a\u015bciwo\u015bciach klej\u0105cych od firmy Tesa. Dowiedz si\u0119 wi\u0119cej o ta\u015bmie samoprzylepnej tutaj.","breadcrumb":{"@id":"https:\/\/cardinal-tapes.com\/pl\/ta\u015bmy-samoprzylepne\/tasma-klejaca-do-tkanin\/tesa-4610-duct-tabe\/#breadcrumb"},"inLanguage":"pl-PL","potentialAction":[{"@type":"ReadAction","target":["https:\/\/cardinal-tapes.com\/pl\/ta\u015bmy-samoprzylepne\/tasma-klejaca-do-tkanin\/tesa-4610-duct-tabe\/"]}]},{"@type":"ImageObject","inLanguage":"pl-PL","@id":"https:\/\/cardinal-tapes.com\/pl\/ta\u015bmy-samoprzylepne\/tasma-klejaca-do-tkanin\/tesa-4610-duct-tabe\/#primaryimage","url":"https:\/\/cardinal-tapes.com\/wp-content\/uploads\/tesa-04610.jpg","contentUrl":"https:\/\/cardinal-tapes.com\/wp-content\/uploads\/tesa-04610.jpg","width":600,"height":600,"caption":"tesa 4610"},{"@type":"BreadcrumbList","@id":"https:\/\/cardinal-tapes.com\/pl\/ta\u015bmy-samoprzylepne\/tasma-klejaca-do-tkanin\/tesa-4610-duct-tabe\/#breadcrumb","itemListElement":[{"@type":"ListItem","position":1,"name":"Startseite","item":"https:\/\/cardinal-tapes.com\/pl\/strona-glowna\/"},{"@type":"ListItem","position":2,"name":"Ta\u015bmy samoprzylepne","item":"https:\/\/cardinal-tapes.com\/pl\/tasmy-samoprzylepne-pl\/"},{"@type":"ListItem","position":3,"name":"Ta\u015bma klej\u0105ca do tkanin","item":"https:\/\/cardinal-tapes.com\/pl\/kategoria\/tasma-klejaca-do-tkanin\/"},{"@type":"ListItem","position":4,"name":"Ta\u015bma klej\u0105ca tesa\u00ae 4610 Basic"}]},{"@type":"WebSite","@id":"https:\/\/cardinal-tapes.com\/#website","url":"https:\/\/cardinal-tapes.com\/","name":"cardinal TAPES","description":"Klebetechnik aus Wuppertal","potentialAction":[{"@type":"SearchAction","target":{"@type":"EntryPoint","urlTemplate":"https:\/\/cardinal-tapes.com\/?s={search_term_string}"},"query-input":{"@type":"PropertyValueSpecification","valueRequired":true,"valueName":"search_term_string"}}],"inLanguage":"pl-PL"}]}},"brands":[{"id":2164,"name":"tesa","slug":"tesa-pl"}],"_links":{"self":[{"href":"https:\/\/cardinal-tapes.com\/pl\/wp-json\/wp\/v2\/product\/54945","targetHints":{"allow":["GET"]}}],"collection":[{"href":"https:\/\/cardinal-tapes.com\/pl\/wp-json\/wp\/v2\/product"}],"about":[{"href":"https:\/\/cardinal-tapes.com\/pl\/wp-json\/wp\/v2\/types\/product"}],"wp:featuredmedia":[{"embeddable":true,"href":"https:\/\/cardinal-tapes.com\/pl\/wp-json\/wp\/v2\/media\/26078"}],"wp:attachment":[{"href":"https:\/\/cardinal-tapes.com\/pl\/wp-json\/wp\/v2\/media?parent=54945"}],"wp:term":[{"taxonomy":"pwb-brand","embeddable":true,"href":"https:\/\/cardinal-tapes.com\/pl\/wp-json\/wp\/v2\/pwb-brand?post=54945"},{"taxonomy":"product_brand","embeddable":true,"href":"https:\/\/cardinal-tapes.com\/pl\/wp-json\/wp\/v2\/product_brand?post=54945"},{"taxonomy":"product_cat","embeddable":true,"href":"https:\/\/cardinal-tapes.com\/pl\/wp-json\/wp\/v2\/product_cat?post=54945"},{"taxonomy":"product_tag","embeddable":true,"href":"https:\/\/cardinal-tapes.com\/pl\/wp-json\/wp\/v2\/product_tag?post=54945"}],"curies":[{"name":"wp","href":"https:\/\/api.w.org\/{rel}","templated":true}]}}