{"id":54870,"date":"2018-01-26T12:27:21","date_gmt":"2023-06-05T15:23:50","guid":{"rendered":"https:\/\/cardinal.pixel-tal.de\/klebebaender\/bez-kategorii\/3m-poliestrowa-tasma-maskujaca-8902\/"},"modified":"2025-07-03T13:58:49","modified_gmt":"2025-07-03T11:58:49","slug":"3m-8902-poliester-pokrycie-tasmy-przylepne-kopia","status":"publish","type":"product","link":"https:\/\/cardinal-tapes.com\/pl\/ta\u015bmy-samoprzylepne\/jednostronne-tasmy-samoprzylepne\/3m-8902-poliester-pokrycie-tasmy-przylepne-kopia\/","title":{"rendered":"3M\u2122 Poliestrowa ta\u015bma maskuj\u0105ca 8902"},"content":{"rendered":"<p>Ta\u015bma poliestrowa 3M\u2122 8902 to grubsza, bardziej wytrzyma\u0142a ta\u015bma, kt\u00f3ra idealnie nadaje si\u0119 do maskowania w wysokich temperaturach i dobrze przylega do powierzchni pokrytych silikonem. Pokryta klejem silikonowym ta\u015bma idealnie nadaje si\u0119 do maskowania przy malowaniu proszkowym i elektrostatycznym w celu uzyskania ostrych linii kolor\u00f3w.<\/p>\n<p><strong>W\u0142a\u015bciwo\u015bci<\/strong><br \/>\nTa\u015bma samoprzylepna 8902 charakteryzuje si\u0119 dobr\u0105 odporno\u015bci\u0105 chemiczn\u0105 i dzia\u0142a skutecznie w procesach chemicznych i w wymagaj\u0105cych warunkach, takich jak anodowanie. Wra\u017cliwy na nacisk klej silikonowy dzia\u0142a dobrze w szerokim zakresie temperatur od 50\u00b0C do 204\u00b0C, a p\u00f3\u0142przezroczysty niebieski sp\u00f3d jest r\u00f3wnie\u017c odporny na rozdarcie. Mo\u017cna go r\u00f3wnie\u017c usun\u0105\u0107 w spos\u00f3b czysty i w jednym kawa\u0142ku z wi\u0119kszo\u015bci powierzchni, zapobiegaj\u0105c po\u015blizgni\u0119ciu si\u0119 i rozdarciu.<\/p>\n<p><strong>Zastosowania<\/strong><br \/>\n&#8211; Do pokrywania element\u00f3w podczas malowania proszkowego<br \/>\n&#8211; Do \u0142\u0105czenia silikonowych wyk\u0142adzin, folii i papier\u00f3w<br \/>\n&#8211; Nadaje si\u0119 jako bariera oddzielaj\u0105ca r\u00f3\u017cne metale<\/p>\n","protected":false},"excerpt":{"rendered":"<p>Ta\u015bma poliestrowa 3M\u2122 8902 to grubsza, bardziej wytrzyma\u0142a ta\u015bma, kt\u00f3ra idealnie nadaje si\u0119 do maskowania w wysokich temperaturach i dobrze przylega do powierzchni pokrytych silikonem. Pokryta klejem silikonowym ta\u015bma idealnie nadaje si\u0119 do maskowania przy malowaniu proszkowym i elektrostatycznym w celu uzyskania ostrych linii kolor\u00f3w. W\u0142a\u015bciwo\u015bci Ta\u015bma samoprzylepna 8902 charakteryzuje si\u0119 dobr\u0105 odporno\u015bci\u0105 chemiczn\u0105 i [&hellip;]<\/p>\n","protected":false},"featured_media":24434,"template":"","meta":{"_acf_changed":false},"pwb-brand":[2168],"product_brand":[],"product_cat":[1816],"product_tag":[],"class_list":{"0":"post-54870","1":"product","2":"type-product","3":"status-publish","4":"has-post-thumbnail","6":"pwb-brand-3m-pl","7":"product_cat-jednostronne-tasmy-samoprzylepne","9":"first","10":"instock","11":"taxable","12":"shipping-taxable","13":"purchasable","14":"product-type-variable"},"acf":[],"yoast_head":"<!-- This site is optimized with the Yoast SEO plugin v27.3 - https:\/\/yoast.com\/product\/yoast-seo-wordpress\/ -->\n<title>3M\u2122 8902 Poliestrowa ta\u015bma maskuj\u0105ca | Cardinal TAPES<\/title>\n<meta name=\"description\" content=\"Ta\u015bma poliestrowa 3M\u2122 8902 to grubsza, bardziej wytrzyma\u0142a ta\u015bma, kt\u00f3ra idealnie nadaje si\u0119 do maskowania w wysokich temperaturach i dobrze przylega do powierzchni pokrytych silikonem.\" \/>\n<meta name=\"robots\" content=\"index, follow, max-snippet:-1, max-image-preview:large, max-video-preview:-1\" \/>\n<link rel=\"canonical\" href=\"https:\/\/cardinal-tapes.com\/pl\/ta\u015bmy-samoprzylepne\/jednostronne-tasmy-samoprzylepne\/3m-8902-poliester-pokrycie-tasmy-przylepne-kopia\/\" \/>\n<meta property=\"og:locale\" content=\"pl_PL\" \/>\n<meta property=\"og:type\" content=\"article\" \/>\n<meta property=\"og:title\" content=\"3M\u2122 8902 Poliestrowa ta\u015bma maskuj\u0105ca | Cardinal TAPES\" \/>\n<meta property=\"og:description\" content=\"Ta\u015bma poliestrowa 3M\u2122 8902 to grubsza, bardziej wytrzyma\u0142a ta\u015bma, kt\u00f3ra idealnie nadaje si\u0119 do maskowania w wysokich temperaturach i dobrze przylega do powierzchni pokrytych silikonem.\" \/>\n<meta property=\"og:url\" content=\"https:\/\/cardinal-tapes.com\/pl\/ta\u015bmy-samoprzylepne\/jednostronne-tasmy-samoprzylepne\/3m-8902-poliester-pokrycie-tasmy-przylepne-kopia\/\" \/>\n<meta property=\"og:site_name\" content=\"cardinal TAPES\" \/>\n<meta property=\"article:modified_time\" content=\"2025-07-03T11:58:49+00:00\" \/>\n<meta property=\"og:image\" content=\"https:\/\/cardinal-tapes.com\/wp-content\/uploads\/3m_polyester_abdeck_pulverlackierung_8901.jpg\" \/>\n\t<meta property=\"og:image:width\" content=\"600\" \/>\n\t<meta property=\"og:image:height\" content=\"600\" \/>\n\t<meta property=\"og:image:type\" content=\"image\/jpeg\" \/>\n<meta name=\"twitter:card\" content=\"summary_large_image\" \/>\n<meta name=\"twitter:label1\" content=\"Szacowany czas czytania\" \/>\n\t<meta name=\"twitter:data1\" content=\"1 minuta\" \/>\n<script type=\"application\/ld+json\" class=\"yoast-schema-graph\">{\"@context\":\"https:\\\/\\\/schema.org\",\"@graph\":[{\"@type\":\"WebPage\",\"@id\":\"https:\\\/\\\/cardinal-tapes.com\\\/pl\\\/ta\u015bmy-samoprzylepne\\\/jednostronne-tasmy-samoprzylepne\\\/3m-8902-poliester-pokrycie-tasmy-przylepne-kopia\\\/\",\"url\":\"https:\\\/\\\/cardinal-tapes.com\\\/pl\\\/ta\u015bmy-samoprzylepne\\\/jednostronne-tasmy-samoprzylepne\\\/3m-8902-poliester-pokrycie-tasmy-przylepne-kopia\\\/\",\"name\":\"3M\u2122 8902 Poliestrowa ta\u015bma maskuj\u0105ca | Cardinal TAPES\",\"isPartOf\":{\"@id\":\"https:\\\/\\\/cardinal-tapes.com\\\/#website\"},\"primaryImageOfPage\":{\"@id\":\"https:\\\/\\\/cardinal-tapes.com\\\/pl\\\/ta\u015bmy-samoprzylepne\\\/jednostronne-tasmy-samoprzylepne\\\/3m-8902-poliester-pokrycie-tasmy-przylepne-kopia\\\/#primaryimage\"},\"image\":{\"@id\":\"https:\\\/\\\/cardinal-tapes.com\\\/pl\\\/ta\u015bmy-samoprzylepne\\\/jednostronne-tasmy-samoprzylepne\\\/3m-8902-poliester-pokrycie-tasmy-przylepne-kopia\\\/#primaryimage\"},\"thumbnailUrl\":\"https:\\\/\\\/cardinal-tapes.com\\\/wp-content\\\/uploads\\\/3m_polyester_abdeck_pulverlackierung_8901.jpg\",\"datePublished\":\"2023-06-05T15:23:50+00:00\",\"dateModified\":\"2025-07-03T11:58:49+00:00\",\"description\":\"Ta\u015bma poliestrowa 3M\u2122 8902 to grubsza, bardziej wytrzyma\u0142a ta\u015bma, kt\u00f3ra idealnie nadaje si\u0119 do maskowania w wysokich temperaturach i dobrze przylega do powierzchni pokrytych silikonem.\",\"breadcrumb\":{\"@id\":\"https:\\\/\\\/cardinal-tapes.com\\\/pl\\\/ta\u015bmy-samoprzylepne\\\/jednostronne-tasmy-samoprzylepne\\\/3m-8902-poliester-pokrycie-tasmy-przylepne-kopia\\\/#breadcrumb\"},\"inLanguage\":\"pl-PL\",\"potentialAction\":[{\"@type\":\"ReadAction\",\"target\":[\"https:\\\/\\\/cardinal-tapes.com\\\/pl\\\/ta\u015bmy-samoprzylepne\\\/jednostronne-tasmy-samoprzylepne\\\/3m-8902-poliester-pokrycie-tasmy-przylepne-kopia\\\/\"]}]},{\"@type\":\"ImageObject\",\"inLanguage\":\"pl-PL\",\"@id\":\"https:\\\/\\\/cardinal-tapes.com\\\/pl\\\/ta\u015bmy-samoprzylepne\\\/jednostronne-tasmy-samoprzylepne\\\/3m-8902-poliester-pokrycie-tasmy-przylepne-kopia\\\/#primaryimage\",\"url\":\"https:\\\/\\\/cardinal-tapes.com\\\/wp-content\\\/uploads\\\/3m_polyester_abdeck_pulverlackierung_8901.jpg\",\"contentUrl\":\"https:\\\/\\\/cardinal-tapes.com\\\/wp-content\\\/uploads\\\/3m_polyester_abdeck_pulverlackierung_8901.jpg\",\"width\":600,\"height\":600,\"caption\":\"3M Poliestrowa ta\u015bma maskuj\u0105ca 8901\"},{\"@type\":\"BreadcrumbList\",\"@id\":\"https:\\\/\\\/cardinal-tapes.com\\\/pl\\\/ta\u015bmy-samoprzylepne\\\/jednostronne-tasmy-samoprzylepne\\\/3m-8902-poliester-pokrycie-tasmy-przylepne-kopia\\\/#breadcrumb\",\"itemListElement\":[{\"@type\":\"ListItem\",\"position\":1,\"name\":\"Startseite\",\"item\":\"https:\\\/\\\/cardinal-tapes.com\\\/pl\\\/strona-glowna\\\/\"},{\"@type\":\"ListItem\",\"position\":2,\"name\":\"Ta\u015bmy samoprzylepne\",\"item\":\"https:\\\/\\\/cardinal-tapes.com\\\/pl\\\/tasmy-samoprzylepne-pl\\\/\"},{\"@type\":\"ListItem\",\"position\":3,\"name\":\"Jednostronne ta\u015bmy samoprzylepne\",\"item\":\"https:\\\/\\\/cardinal-tapes.com\\\/pl\\\/kategoria\\\/jednostronne-tasmy-samoprzylepne\\\/\"},{\"@type\":\"ListItem\",\"position\":4,\"name\":\"3M\u2122 Poliestrowa ta\u015bma maskuj\u0105ca 8902\"}]},{\"@type\":\"WebSite\",\"@id\":\"https:\\\/\\\/cardinal-tapes.com\\\/#website\",\"url\":\"https:\\\/\\\/cardinal-tapes.com\\\/\",\"name\":\"cardinal TAPES\",\"description\":\"Klebetechnik aus Wuppertal\",\"potentialAction\":[{\"@type\":\"SearchAction\",\"target\":{\"@type\":\"EntryPoint\",\"urlTemplate\":\"https:\\\/\\\/cardinal-tapes.com\\\/?s={search_term_string}\"},\"query-input\":{\"@type\":\"PropertyValueSpecification\",\"valueRequired\":true,\"valueName\":\"search_term_string\"}}],\"inLanguage\":\"pl-PL\"}]}<\/script>\n<!-- \/ Yoast SEO plugin. -->","yoast_head_json":{"title":"3M\u2122 8902 Poliestrowa ta\u015bma maskuj\u0105ca | Cardinal TAPES","description":"Ta\u015bma poliestrowa 3M\u2122 8902 to grubsza, bardziej wytrzyma\u0142a ta\u015bma, kt\u00f3ra idealnie nadaje si\u0119 do maskowania w wysokich temperaturach i dobrze przylega do powierzchni pokrytych silikonem.","robots":{"index":"index","follow":"follow","max-snippet":"max-snippet:-1","max-image-preview":"max-image-preview:large","max-video-preview":"max-video-preview:-1"},"canonical":"https:\/\/cardinal-tapes.com\/pl\/ta\u015bmy-samoprzylepne\/jednostronne-tasmy-samoprzylepne\/3m-8902-poliester-pokrycie-tasmy-przylepne-kopia\/","og_locale":"pl_PL","og_type":"article","og_title":"3M\u2122 8902 Poliestrowa ta\u015bma maskuj\u0105ca | Cardinal TAPES","og_description":"Ta\u015bma poliestrowa 3M\u2122 8902 to grubsza, bardziej wytrzyma\u0142a ta\u015bma, kt\u00f3ra idealnie nadaje si\u0119 do maskowania w wysokich temperaturach i dobrze przylega do powierzchni pokrytych silikonem.","og_url":"https:\/\/cardinal-tapes.com\/pl\/ta\u015bmy-samoprzylepne\/jednostronne-tasmy-samoprzylepne\/3m-8902-poliester-pokrycie-tasmy-przylepne-kopia\/","og_site_name":"cardinal TAPES","article_modified_time":"2025-07-03T11:58:49+00:00","og_image":[{"width":600,"height":600,"url":"https:\/\/cardinal-tapes.com\/wp-content\/uploads\/3m_polyester_abdeck_pulverlackierung_8901.jpg","type":"image\/jpeg"}],"twitter_card":"summary_large_image","twitter_misc":{"Szacowany czas czytania":"1 minuta"},"schema":{"@context":"https:\/\/schema.org","@graph":[{"@type":"WebPage","@id":"https:\/\/cardinal-tapes.com\/pl\/ta\u015bmy-samoprzylepne\/jednostronne-tasmy-samoprzylepne\/3m-8902-poliester-pokrycie-tasmy-przylepne-kopia\/","url":"https:\/\/cardinal-tapes.com\/pl\/ta\u015bmy-samoprzylepne\/jednostronne-tasmy-samoprzylepne\/3m-8902-poliester-pokrycie-tasmy-przylepne-kopia\/","name":"3M\u2122 8902 Poliestrowa ta\u015bma maskuj\u0105ca | Cardinal TAPES","isPartOf":{"@id":"https:\/\/cardinal-tapes.com\/#website"},"primaryImageOfPage":{"@id":"https:\/\/cardinal-tapes.com\/pl\/ta\u015bmy-samoprzylepne\/jednostronne-tasmy-samoprzylepne\/3m-8902-poliester-pokrycie-tasmy-przylepne-kopia\/#primaryimage"},"image":{"@id":"https:\/\/cardinal-tapes.com\/pl\/ta\u015bmy-samoprzylepne\/jednostronne-tasmy-samoprzylepne\/3m-8902-poliester-pokrycie-tasmy-przylepne-kopia\/#primaryimage"},"thumbnailUrl":"https:\/\/cardinal-tapes.com\/wp-content\/uploads\/3m_polyester_abdeck_pulverlackierung_8901.jpg","datePublished":"2023-06-05T15:23:50+00:00","dateModified":"2025-07-03T11:58:49+00:00","description":"Ta\u015bma poliestrowa 3M\u2122 8902 to grubsza, bardziej wytrzyma\u0142a ta\u015bma, kt\u00f3ra idealnie nadaje si\u0119 do maskowania w wysokich temperaturach i dobrze przylega do powierzchni pokrytych silikonem.","breadcrumb":{"@id":"https:\/\/cardinal-tapes.com\/pl\/ta\u015bmy-samoprzylepne\/jednostronne-tasmy-samoprzylepne\/3m-8902-poliester-pokrycie-tasmy-przylepne-kopia\/#breadcrumb"},"inLanguage":"pl-PL","potentialAction":[{"@type":"ReadAction","target":["https:\/\/cardinal-tapes.com\/pl\/ta\u015bmy-samoprzylepne\/jednostronne-tasmy-samoprzylepne\/3m-8902-poliester-pokrycie-tasmy-przylepne-kopia\/"]}]},{"@type":"ImageObject","inLanguage":"pl-PL","@id":"https:\/\/cardinal-tapes.com\/pl\/ta\u015bmy-samoprzylepne\/jednostronne-tasmy-samoprzylepne\/3m-8902-poliester-pokrycie-tasmy-przylepne-kopia\/#primaryimage","url":"https:\/\/cardinal-tapes.com\/wp-content\/uploads\/3m_polyester_abdeck_pulverlackierung_8901.jpg","contentUrl":"https:\/\/cardinal-tapes.com\/wp-content\/uploads\/3m_polyester_abdeck_pulverlackierung_8901.jpg","width":600,"height":600,"caption":"3M Poliestrowa ta\u015bma maskuj\u0105ca 8901"},{"@type":"BreadcrumbList","@id":"https:\/\/cardinal-tapes.com\/pl\/ta\u015bmy-samoprzylepne\/jednostronne-tasmy-samoprzylepne\/3m-8902-poliester-pokrycie-tasmy-przylepne-kopia\/#breadcrumb","itemListElement":[{"@type":"ListItem","position":1,"name":"Startseite","item":"https:\/\/cardinal-tapes.com\/pl\/strona-glowna\/"},{"@type":"ListItem","position":2,"name":"Ta\u015bmy samoprzylepne","item":"https:\/\/cardinal-tapes.com\/pl\/tasmy-samoprzylepne-pl\/"},{"@type":"ListItem","position":3,"name":"Jednostronne ta\u015bmy samoprzylepne","item":"https:\/\/cardinal-tapes.com\/pl\/kategoria\/jednostronne-tasmy-samoprzylepne\/"},{"@type":"ListItem","position":4,"name":"3M\u2122 Poliestrowa ta\u015bma maskuj\u0105ca 8902"}]},{"@type":"WebSite","@id":"https:\/\/cardinal-tapes.com\/#website","url":"https:\/\/cardinal-tapes.com\/","name":"cardinal TAPES","description":"Klebetechnik aus Wuppertal","potentialAction":[{"@type":"SearchAction","target":{"@type":"EntryPoint","urlTemplate":"https:\/\/cardinal-tapes.com\/?s={search_term_string}"},"query-input":{"@type":"PropertyValueSpecification","valueRequired":true,"valueName":"search_term_string"}}],"inLanguage":"pl-PL"}]}},"brands":[{"id":2168,"name":"3M","slug":"3m-pl"}],"_links":{"self":[{"href":"https:\/\/cardinal-tapes.com\/pl\/wp-json\/wp\/v2\/product\/54870","targetHints":{"allow":["GET"]}}],"collection":[{"href":"https:\/\/cardinal-tapes.com\/pl\/wp-json\/wp\/v2\/product"}],"about":[{"href":"https:\/\/cardinal-tapes.com\/pl\/wp-json\/wp\/v2\/types\/product"}],"wp:featuredmedia":[{"embeddable":true,"href":"https:\/\/cardinal-tapes.com\/pl\/wp-json\/wp\/v2\/media\/24434"}],"wp:attachment":[{"href":"https:\/\/cardinal-tapes.com\/pl\/wp-json\/wp\/v2\/media?parent=54870"}],"wp:term":[{"taxonomy":"pwb-brand","embeddable":true,"href":"https:\/\/cardinal-tapes.com\/pl\/wp-json\/wp\/v2\/pwb-brand?post=54870"},{"taxonomy":"product_brand","embeddable":true,"href":"https:\/\/cardinal-tapes.com\/pl\/wp-json\/wp\/v2\/product_brand?post=54870"},{"taxonomy":"product_cat","embeddable":true,"href":"https:\/\/cardinal-tapes.com\/pl\/wp-json\/wp\/v2\/product_cat?post=54870"},{"taxonomy":"product_tag","embeddable":true,"href":"https:\/\/cardinal-tapes.com\/pl\/wp-json\/wp\/v2\/product_tag?post=54870"}],"curies":[{"name":"wp","href":"https:\/\/api.w.org\/{rel}","templated":true}]}}