{"id":54864,"date":"2017-12-22T16:16:52","date_gmt":"2023-06-05T15:23:49","guid":{"rendered":"https:\/\/cardinal.pixel-tal.de\/klebebaender\/bez-kategorii\/tasma-rozciagliwa-3m-8886\/"},"modified":"2023-06-05T17:23:49","modified_gmt":"2023-06-05T15:23:49","slug":"3m-8886-stretch-klebeband","status":"publish","type":"product","link":"https:\/\/cardinal-tapes.com\/pl\/ta\u015bmy-samoprzylepne\/systemy-pakowania\/3m-8886-stretch-klebeband\/","title":{"rendered":"Ta\u015bma rozci\u0105gliwa 3M\u2122 8886"},"content":{"rendered":"<p>Rozci\u0105gliwa ta\u015bma samoprzylepna 3M\u2122 8886 charakteryzuje si\u0119 wyj\u0105tkow\u0105 rozci\u0105gliwo\u015bci\u0105. Polipropylenowe pod\u0142o\u017ce rozszerza si\u0119 do sze\u015bciokrotno\u015bci swojej d\u0142ugo\u015bci. Dzi\u0119ki temu ta\u015bma nadaje si\u0119 szczeg\u00f3lnie do wi\u0105zania lub zabezpieczania podczas transportu lub wysy\u0142ki. Pozwala to unikn\u0105\u0107 uszkodzenia kod\u00f3w kreskowych lub nadruk\u00f3w na produkcie.<\/p>\n<p><strong>W\u0142a\u015bciwo\u015bci<\/strong><br \/>\nTa\u015bma samoprzylepna 8886 to wysokowydajna, rozci\u0105gliwa ta\u015bma samoprzylepna, kt\u00f3ra mo\u017ce by\u0107 stosowana w wielu r\u00f3\u017cnych obszarach dzi\u0119ki przezroczystemu materia\u0142owi no\u015bnemu.<\/p>\n<p><strong>Zastosowania<\/strong><br \/>\n&#8211; Do wi\u0105zania r\u0119cznego oraz do spinania i przytrzymywania.<\/p>\n","protected":false},"excerpt":{"rendered":"<p>Rozci\u0105gliwa ta\u015bma samoprzylepna 3M\u2122 8886 charakteryzuje si\u0119 wyj\u0105tkow\u0105 rozci\u0105gliwo\u015bci\u0105. Polipropylenowe pod\u0142o\u017ce rozszerza si\u0119 do sze\u015bciokrotno\u015bci swojej d\u0142ugo\u015bci. Dzi\u0119ki temu ta\u015bma nadaje si\u0119 szczeg\u00f3lnie do wi\u0105zania lub zabezpieczania podczas transportu lub wysy\u0142ki. Pozwala to unikn\u0105\u0107 uszkodzenia kod\u00f3w kreskowych lub nadruk\u00f3w na produkcie. W\u0142a\u015bciwo\u015bci Ta\u015bma samoprzylepna 8886 to wysokowydajna, rozci\u0105gliwa ta\u015bma samoprzylepna, kt\u00f3ra mo\u017ce by\u0107 stosowana w [&hellip;]<\/p>\n","protected":false},"featured_media":25430,"template":"","meta":{"_acf_changed":false},"pwb-brand":[2168],"product_brand":[],"product_cat":[1867],"product_tag":[],"class_list":{"0":"post-54864","1":"product","2":"type-product","3":"status-publish","4":"has-post-thumbnail","6":"pwb-brand-3m-pl","7":"product_cat-systemy-pakowania","9":"first","10":"instock","11":"taxable","12":"shipping-taxable","13":"purchasable","14":"product-type-simple"},"acf":[],"yoast_head":"<!-- This site is optimized with the Yoast SEO plugin v27.3 - https:\/\/yoast.com\/product\/yoast-seo-wordpress\/ -->\n<title>Ta\u015bma rozci\u0105gliwa 3M 8886 | Cardinal TAPES<\/title>\n<meta name=\"description\" content=\"Rozci\u0105gliwa ta\u015bma samoprzylepna 3M 8886 charakteryzuje si\u0119 wyj\u0105tkow\u0105 rozci\u0105gliwo\u015bci\u0105. Wi\u0119cej informacji na temat ta\u015bmy mo\u017cna znale\u017a\u0107 tutaj.\" \/>\n<meta name=\"robots\" content=\"index, follow, max-snippet:-1, max-image-preview:large, max-video-preview:-1\" \/>\n<link rel=\"canonical\" href=\"https:\/\/cardinal-tapes.com\/pl\/ta\u015bmy-samoprzylepne\/systemy-pakowania\/3m-8886-stretch-klebeband\/\" \/>\n<meta property=\"og:locale\" content=\"pl_PL\" \/>\n<meta property=\"og:type\" content=\"article\" \/>\n<meta property=\"og:title\" content=\"Ta\u015bma rozci\u0105gliwa 3M 8886 | Cardinal TAPES\" \/>\n<meta property=\"og:description\" content=\"Rozci\u0105gliwa ta\u015bma samoprzylepna 3M 8886 charakteryzuje si\u0119 wyj\u0105tkow\u0105 rozci\u0105gliwo\u015bci\u0105. Wi\u0119cej informacji na temat ta\u015bmy mo\u017cna znale\u017a\u0107 tutaj.\" \/>\n<meta property=\"og:url\" content=\"https:\/\/cardinal-tapes.com\/pl\/ta\u015bmy-samoprzylepne\/systemy-pakowania\/3m-8886-stretch-klebeband\/\" \/>\n<meta property=\"og:site_name\" content=\"cardinal TAPES\" \/>\n<meta property=\"og:image\" content=\"https:\/\/cardinal-tapes.com\/wp-content\/uploads\/3m_stretch-klebeband_8886.jpg\" \/>\n\t<meta property=\"og:image:width\" content=\"600\" \/>\n\t<meta property=\"og:image:height\" content=\"600\" \/>\n\t<meta property=\"og:image:type\" content=\"image\/jpeg\" \/>\n<meta name=\"twitter:card\" content=\"summary_large_image\" \/>\n<meta name=\"twitter:label1\" content=\"Szacowany czas czytania\" \/>\n\t<meta name=\"twitter:data1\" content=\"1 minuta\" \/>\n<script type=\"application\/ld+json\" class=\"yoast-schema-graph\">{\"@context\":\"https:\\\/\\\/schema.org\",\"@graph\":[{\"@type\":\"WebPage\",\"@id\":\"https:\\\/\\\/cardinal-tapes.com\\\/pl\\\/ta\u015bmy-samoprzylepne\\\/systemy-pakowania\\\/3m-8886-stretch-klebeband\\\/\",\"url\":\"https:\\\/\\\/cardinal-tapes.com\\\/pl\\\/ta\u015bmy-samoprzylepne\\\/systemy-pakowania\\\/3m-8886-stretch-klebeband\\\/\",\"name\":\"Ta\u015bma rozci\u0105gliwa 3M 8886 | Cardinal TAPES\",\"isPartOf\":{\"@id\":\"https:\\\/\\\/cardinal-tapes.com\\\/#website\"},\"primaryImageOfPage\":{\"@id\":\"https:\\\/\\\/cardinal-tapes.com\\\/pl\\\/ta\u015bmy-samoprzylepne\\\/systemy-pakowania\\\/3m-8886-stretch-klebeband\\\/#primaryimage\"},\"image\":{\"@id\":\"https:\\\/\\\/cardinal-tapes.com\\\/pl\\\/ta\u015bmy-samoprzylepne\\\/systemy-pakowania\\\/3m-8886-stretch-klebeband\\\/#primaryimage\"},\"thumbnailUrl\":\"https:\\\/\\\/cardinal-tapes.com\\\/wp-content\\\/uploads\\\/3m_stretch-klebeband_8886.jpg\",\"datePublished\":\"2023-06-05T15:23:49+00:00\",\"description\":\"Rozci\u0105gliwa ta\u015bma samoprzylepna 3M 8886 charakteryzuje si\u0119 wyj\u0105tkow\u0105 rozci\u0105gliwo\u015bci\u0105. Wi\u0119cej informacji na temat ta\u015bmy mo\u017cna znale\u017a\u0107 tutaj.\",\"breadcrumb\":{\"@id\":\"https:\\\/\\\/cardinal-tapes.com\\\/pl\\\/ta\u015bmy-samoprzylepne\\\/systemy-pakowania\\\/3m-8886-stretch-klebeband\\\/#breadcrumb\"},\"inLanguage\":\"pl-PL\",\"potentialAction\":[{\"@type\":\"ReadAction\",\"target\":[\"https:\\\/\\\/cardinal-tapes.com\\\/pl\\\/ta\u015bmy-samoprzylepne\\\/systemy-pakowania\\\/3m-8886-stretch-klebeband\\\/\"]}]},{\"@type\":\"ImageObject\",\"inLanguage\":\"pl-PL\",\"@id\":\"https:\\\/\\\/cardinal-tapes.com\\\/pl\\\/ta\u015bmy-samoprzylepne\\\/systemy-pakowania\\\/3m-8886-stretch-klebeband\\\/#primaryimage\",\"url\":\"https:\\\/\\\/cardinal-tapes.com\\\/wp-content\\\/uploads\\\/3m_stretch-klebeband_8886.jpg\",\"contentUrl\":\"https:\\\/\\\/cardinal-tapes.com\\\/wp-content\\\/uploads\\\/3m_stretch-klebeband_8886.jpg\",\"width\":600,\"height\":600,\"caption\":\"Ta\u015bma rozci\u0105gliwa 3M 8886\"},{\"@type\":\"BreadcrumbList\",\"@id\":\"https:\\\/\\\/cardinal-tapes.com\\\/pl\\\/ta\u015bmy-samoprzylepne\\\/systemy-pakowania\\\/3m-8886-stretch-klebeband\\\/#breadcrumb\",\"itemListElement\":[{\"@type\":\"ListItem\",\"position\":1,\"name\":\"Startseite\",\"item\":\"https:\\\/\\\/cardinal-tapes.com\\\/pl\\\/strona-glowna\\\/\"},{\"@type\":\"ListItem\",\"position\":2,\"name\":\"Ta\u015bmy samoprzylepne\",\"item\":\"https:\\\/\\\/cardinal-tapes.com\\\/pl\\\/tasmy-samoprzylepne-pl\\\/\"},{\"@type\":\"ListItem\",\"position\":3,\"name\":\"Systemy pakowania\",\"item\":\"https:\\\/\\\/cardinal-tapes.com\\\/pl\\\/kategoria\\\/systemy-pakowania\\\/\"},{\"@type\":\"ListItem\",\"position\":4,\"name\":\"Ta\u015bma rozci\u0105gliwa 3M\u2122 8886\"}]},{\"@type\":\"WebSite\",\"@id\":\"https:\\\/\\\/cardinal-tapes.com\\\/#website\",\"url\":\"https:\\\/\\\/cardinal-tapes.com\\\/\",\"name\":\"cardinal TAPES\",\"description\":\"Klebetechnik aus Wuppertal\",\"potentialAction\":[{\"@type\":\"SearchAction\",\"target\":{\"@type\":\"EntryPoint\",\"urlTemplate\":\"https:\\\/\\\/cardinal-tapes.com\\\/?s={search_term_string}\"},\"query-input\":{\"@type\":\"PropertyValueSpecification\",\"valueRequired\":true,\"valueName\":\"search_term_string\"}}],\"inLanguage\":\"pl-PL\"}]}<\/script>\n<!-- \/ Yoast SEO plugin. -->","yoast_head_json":{"title":"Ta\u015bma rozci\u0105gliwa 3M 8886 | Cardinal TAPES","description":"Rozci\u0105gliwa ta\u015bma samoprzylepna 3M 8886 charakteryzuje si\u0119 wyj\u0105tkow\u0105 rozci\u0105gliwo\u015bci\u0105. Wi\u0119cej informacji na temat ta\u015bmy mo\u017cna znale\u017a\u0107 tutaj.","robots":{"index":"index","follow":"follow","max-snippet":"max-snippet:-1","max-image-preview":"max-image-preview:large","max-video-preview":"max-video-preview:-1"},"canonical":"https:\/\/cardinal-tapes.com\/pl\/ta\u015bmy-samoprzylepne\/systemy-pakowania\/3m-8886-stretch-klebeband\/","og_locale":"pl_PL","og_type":"article","og_title":"Ta\u015bma rozci\u0105gliwa 3M 8886 | Cardinal TAPES","og_description":"Rozci\u0105gliwa ta\u015bma samoprzylepna 3M 8886 charakteryzuje si\u0119 wyj\u0105tkow\u0105 rozci\u0105gliwo\u015bci\u0105. Wi\u0119cej informacji na temat ta\u015bmy mo\u017cna znale\u017a\u0107 tutaj.","og_url":"https:\/\/cardinal-tapes.com\/pl\/ta\u015bmy-samoprzylepne\/systemy-pakowania\/3m-8886-stretch-klebeband\/","og_site_name":"cardinal TAPES","og_image":[{"width":600,"height":600,"url":"https:\/\/cardinal-tapes.com\/wp-content\/uploads\/3m_stretch-klebeband_8886.jpg","type":"image\/jpeg"}],"twitter_card":"summary_large_image","twitter_misc":{"Szacowany czas czytania":"1 minuta"},"schema":{"@context":"https:\/\/schema.org","@graph":[{"@type":"WebPage","@id":"https:\/\/cardinal-tapes.com\/pl\/ta\u015bmy-samoprzylepne\/systemy-pakowania\/3m-8886-stretch-klebeband\/","url":"https:\/\/cardinal-tapes.com\/pl\/ta\u015bmy-samoprzylepne\/systemy-pakowania\/3m-8886-stretch-klebeband\/","name":"Ta\u015bma rozci\u0105gliwa 3M 8886 | Cardinal TAPES","isPartOf":{"@id":"https:\/\/cardinal-tapes.com\/#website"},"primaryImageOfPage":{"@id":"https:\/\/cardinal-tapes.com\/pl\/ta\u015bmy-samoprzylepne\/systemy-pakowania\/3m-8886-stretch-klebeband\/#primaryimage"},"image":{"@id":"https:\/\/cardinal-tapes.com\/pl\/ta\u015bmy-samoprzylepne\/systemy-pakowania\/3m-8886-stretch-klebeband\/#primaryimage"},"thumbnailUrl":"https:\/\/cardinal-tapes.com\/wp-content\/uploads\/3m_stretch-klebeband_8886.jpg","datePublished":"2023-06-05T15:23:49+00:00","description":"Rozci\u0105gliwa ta\u015bma samoprzylepna 3M 8886 charakteryzuje si\u0119 wyj\u0105tkow\u0105 rozci\u0105gliwo\u015bci\u0105. Wi\u0119cej informacji na temat ta\u015bmy mo\u017cna znale\u017a\u0107 tutaj.","breadcrumb":{"@id":"https:\/\/cardinal-tapes.com\/pl\/ta\u015bmy-samoprzylepne\/systemy-pakowania\/3m-8886-stretch-klebeband\/#breadcrumb"},"inLanguage":"pl-PL","potentialAction":[{"@type":"ReadAction","target":["https:\/\/cardinal-tapes.com\/pl\/ta\u015bmy-samoprzylepne\/systemy-pakowania\/3m-8886-stretch-klebeband\/"]}]},{"@type":"ImageObject","inLanguage":"pl-PL","@id":"https:\/\/cardinal-tapes.com\/pl\/ta\u015bmy-samoprzylepne\/systemy-pakowania\/3m-8886-stretch-klebeband\/#primaryimage","url":"https:\/\/cardinal-tapes.com\/wp-content\/uploads\/3m_stretch-klebeband_8886.jpg","contentUrl":"https:\/\/cardinal-tapes.com\/wp-content\/uploads\/3m_stretch-klebeband_8886.jpg","width":600,"height":600,"caption":"Ta\u015bma rozci\u0105gliwa 3M 8886"},{"@type":"BreadcrumbList","@id":"https:\/\/cardinal-tapes.com\/pl\/ta\u015bmy-samoprzylepne\/systemy-pakowania\/3m-8886-stretch-klebeband\/#breadcrumb","itemListElement":[{"@type":"ListItem","position":1,"name":"Startseite","item":"https:\/\/cardinal-tapes.com\/pl\/strona-glowna\/"},{"@type":"ListItem","position":2,"name":"Ta\u015bmy samoprzylepne","item":"https:\/\/cardinal-tapes.com\/pl\/tasmy-samoprzylepne-pl\/"},{"@type":"ListItem","position":3,"name":"Systemy pakowania","item":"https:\/\/cardinal-tapes.com\/pl\/kategoria\/systemy-pakowania\/"},{"@type":"ListItem","position":4,"name":"Ta\u015bma rozci\u0105gliwa 3M\u2122 8886"}]},{"@type":"WebSite","@id":"https:\/\/cardinal-tapes.com\/#website","url":"https:\/\/cardinal-tapes.com\/","name":"cardinal TAPES","description":"Klebetechnik aus Wuppertal","potentialAction":[{"@type":"SearchAction","target":{"@type":"EntryPoint","urlTemplate":"https:\/\/cardinal-tapes.com\/?s={search_term_string}"},"query-input":{"@type":"PropertyValueSpecification","valueRequired":true,"valueName":"search_term_string"}}],"inLanguage":"pl-PL"}]}},"brands":[{"id":2168,"name":"3M","slug":"3m-pl"}],"_links":{"self":[{"href":"https:\/\/cardinal-tapes.com\/pl\/wp-json\/wp\/v2\/product\/54864","targetHints":{"allow":["GET"]}}],"collection":[{"href":"https:\/\/cardinal-tapes.com\/pl\/wp-json\/wp\/v2\/product"}],"about":[{"href":"https:\/\/cardinal-tapes.com\/pl\/wp-json\/wp\/v2\/types\/product"}],"wp:featuredmedia":[{"embeddable":true,"href":"https:\/\/cardinal-tapes.com\/pl\/wp-json\/wp\/v2\/media\/25430"}],"wp:attachment":[{"href":"https:\/\/cardinal-tapes.com\/pl\/wp-json\/wp\/v2\/media?parent=54864"}],"wp:term":[{"taxonomy":"pwb-brand","embeddable":true,"href":"https:\/\/cardinal-tapes.com\/pl\/wp-json\/wp\/v2\/pwb-brand?post=54864"},{"taxonomy":"product_brand","embeddable":true,"href":"https:\/\/cardinal-tapes.com\/pl\/wp-json\/wp\/v2\/product_brand?post=54864"},{"taxonomy":"product_cat","embeddable":true,"href":"https:\/\/cardinal-tapes.com\/pl\/wp-json\/wp\/v2\/product_cat?post=54864"},{"taxonomy":"product_tag","embeddable":true,"href":"https:\/\/cardinal-tapes.com\/pl\/wp-json\/wp\/v2\/product_tag?post=54864"}],"curies":[{"name":"wp","href":"https:\/\/api.w.org\/{rel}","templated":true}]}}