{"id":54831,"date":"2017-12-22T16:31:44","date_gmt":"2017-12-22T15:31:44","guid":{"rendered":"https:\/\/cardinal.pixel-tal.de\/klebebaender\/bez-kategorii\/tasma-woreczkowa-3m-8241\/"},"modified":"2024-03-15T12:28:52","modified_gmt":"2024-03-15T11:28:52","slug":"3m-8241-pouch-tape-document-protection","status":"publish","type":"product","link":"https:\/\/cardinal-tapes.com\/pl\/ta\u015bmy-samoprzylepne\/jednostronne-tasmy-samoprzylepne\/3m-8241-pouch-tape-document-protection\/","title":{"rendered":"Ta\u015bma woreczkowa 3M\u2122 8241"},"content":{"rendered":"<p>Ta\u015bma 3M\u2122 8241 Pouch Tape do zabezpieczania dokument\u00f3w charakteryzuje si\u0119 doskona\u0142\u0105 przyczepno\u015bci\u0105 do r\u00f3\u017cnych powierzchni. Przezroczysty sp\u00f3d jest r\u00f3wnie\u017c odporny na \u015bcieranie, co umo\u017cliwia wiele zastosowa\u0144. Jednak najwa\u017cniejszym obszarem zastosowa\u0144 jest transport r\u00f3\u017cnych opakowa\u0144 i ochrona tych przedmiot\u00f3w.<\/p>\n<div class=\"content--title\"><strong>W\u0142a\u015bciwo\u015bci<\/strong><br \/>\n&#8211; Bardzo dobra przyczepno\u015b\u0107 do wielu r\u00f3\u017cnych powierzchni<br \/>\n&#8211; Mo\u017cliwo\u015b\u0107 przetwarzania z dyspenserem ochrony dokument\u00f3w M777<\/div>\n<div><\/div>\n<div class=\"content--title\"><strong>Zastosowania<\/strong><\/div>\n<div>&#8211; Do przechowywania dokument\u00f3w przewozowych w formacie DIN A6<\/div>\n","protected":false},"excerpt":{"rendered":"<p>Ta\u015bma 3M\u2122 8241 Pouch Tape do zabezpieczania dokument\u00f3w charakteryzuje si\u0119 doskona\u0142\u0105 przyczepno\u015bci\u0105 do r\u00f3\u017cnych powierzchni. Przezroczysty sp\u00f3d jest r\u00f3wnie\u017c odporny na \u015bcieranie, co umo\u017cliwia wiele zastosowa\u0144. Jednak najwa\u017cniejszym obszarem zastosowa\u0144 jest transport r\u00f3\u017cnych opakowa\u0144 i ochrona tych przedmiot\u00f3w. W\u0142a\u015bciwo\u015bci &#8211; Bardzo dobra przyczepno\u015b\u0107 do wielu r\u00f3\u017cnych powierzchni &#8211; Mo\u017cliwo\u015b\u0107 przetwarzania z dyspenserem ochrony dokument\u00f3w M777 [&hellip;]<\/p>\n","protected":false},"featured_media":25402,"template":"","meta":{"_acf_changed":false},"pwb-brand":[2168],"product_brand":[],"product_cat":[1816],"product_tag":[],"class_list":{"0":"post-54831","1":"product","2":"type-product","3":"status-publish","4":"has-post-thumbnail","6":"pwb-brand-3m-pl","7":"product_cat-jednostronne-tasmy-samoprzylepne","9":"first","10":"instock","11":"taxable","12":"shipping-taxable","13":"purchasable","14":"product-type-simple"},"acf":[],"yoast_head":"<!-- This site is optimized with the Yoast SEO plugin v27.3 - https:\/\/yoast.com\/product\/yoast-seo-wordpress\/ -->\n<title>3M 8241 Ta\u015bma do zabezpieczania dokument\u00f3w | Cardinal TAPES<\/title>\n<meta name=\"description\" content=\"Ta\u015bma 3M 8241 Pouch Tape do ochrony dokument\u00f3w charakteryzuje si\u0119 doskona\u0142\u0105 przyczepno\u015bci\u0105 do r\u00f3\u017cnych powierzchni. Dowiedz si\u0119 wi\u0119cej.\" \/>\n<meta name=\"robots\" content=\"index, follow, max-snippet:-1, max-image-preview:large, max-video-preview:-1\" \/>\n<link rel=\"canonical\" href=\"https:\/\/cardinal-tapes.com\/pl\/ta\u015bmy-samoprzylepne\/jednostronne-tasmy-samoprzylepne\/3m-8241-pouch-tape-document-protection\/\" \/>\n<meta property=\"og:locale\" content=\"pl_PL\" \/>\n<meta property=\"og:type\" content=\"article\" \/>\n<meta property=\"og:title\" content=\"3M 8241 Ta\u015bma do zabezpieczania dokument\u00f3w | Cardinal TAPES\" \/>\n<meta property=\"og:description\" content=\"Ta\u015bma 3M 8241 Pouch Tape do ochrony dokument\u00f3w charakteryzuje si\u0119 doskona\u0142\u0105 przyczepno\u015bci\u0105 do r\u00f3\u017cnych powierzchni. Dowiedz si\u0119 wi\u0119cej.\" \/>\n<meta property=\"og:url\" content=\"https:\/\/cardinal-tapes.com\/pl\/ta\u015bmy-samoprzylepne\/jednostronne-tasmy-samoprzylepne\/3m-8241-pouch-tape-document-protection\/\" \/>\n<meta property=\"og:site_name\" content=\"cardinal TAPES\" \/>\n<meta property=\"article:modified_time\" content=\"2024-03-15T11:28:52+00:00\" \/>\n<meta property=\"og:image\" content=\"https:\/\/cardinal-tapes.com\/wp-content\/uploads\/3m_dokumentenschutz_8241.jpg\" \/>\n\t<meta property=\"og:image:width\" content=\"600\" \/>\n\t<meta property=\"og:image:height\" content=\"600\" \/>\n\t<meta property=\"og:image:type\" content=\"image\/jpeg\" \/>\n<meta name=\"twitter:card\" content=\"summary_large_image\" \/>\n<script type=\"application\/ld+json\" class=\"yoast-schema-graph\">{\"@context\":\"https:\\\/\\\/schema.org\",\"@graph\":[{\"@type\":\"WebPage\",\"@id\":\"https:\\\/\\\/cardinal-tapes.com\\\/pl\\\/ta\u015bmy-samoprzylepne\\\/jednostronne-tasmy-samoprzylepne\\\/3m-8241-pouch-tape-document-protection\\\/\",\"url\":\"https:\\\/\\\/cardinal-tapes.com\\\/pl\\\/ta\u015bmy-samoprzylepne\\\/jednostronne-tasmy-samoprzylepne\\\/3m-8241-pouch-tape-document-protection\\\/\",\"name\":\"3M 8241 Ta\u015bma do zabezpieczania dokument\u00f3w | Cardinal TAPES\",\"isPartOf\":{\"@id\":\"https:\\\/\\\/cardinal-tapes.com\\\/#website\"},\"primaryImageOfPage\":{\"@id\":\"https:\\\/\\\/cardinal-tapes.com\\\/pl\\\/ta\u015bmy-samoprzylepne\\\/jednostronne-tasmy-samoprzylepne\\\/3m-8241-pouch-tape-document-protection\\\/#primaryimage\"},\"image\":{\"@id\":\"https:\\\/\\\/cardinal-tapes.com\\\/pl\\\/ta\u015bmy-samoprzylepne\\\/jednostronne-tasmy-samoprzylepne\\\/3m-8241-pouch-tape-document-protection\\\/#primaryimage\"},\"thumbnailUrl\":\"https:\\\/\\\/cardinal-tapes.com\\\/wp-content\\\/uploads\\\/3m_dokumentenschutz_8241.jpg\",\"datePublished\":\"2017-12-22T15:31:44+00:00\",\"dateModified\":\"2024-03-15T11:28:52+00:00\",\"description\":\"Ta\u015bma 3M 8241 Pouch Tape do ochrony dokument\u00f3w charakteryzuje si\u0119 doskona\u0142\u0105 przyczepno\u015bci\u0105 do r\u00f3\u017cnych powierzchni. Dowiedz si\u0119 wi\u0119cej.\",\"breadcrumb\":{\"@id\":\"https:\\\/\\\/cardinal-tapes.com\\\/pl\\\/ta\u015bmy-samoprzylepne\\\/jednostronne-tasmy-samoprzylepne\\\/3m-8241-pouch-tape-document-protection\\\/#breadcrumb\"},\"inLanguage\":\"pl-PL\",\"potentialAction\":[{\"@type\":\"ReadAction\",\"target\":[\"https:\\\/\\\/cardinal-tapes.com\\\/pl\\\/ta\u015bmy-samoprzylepne\\\/jednostronne-tasmy-samoprzylepne\\\/3m-8241-pouch-tape-document-protection\\\/\"]}]},{\"@type\":\"ImageObject\",\"inLanguage\":\"pl-PL\",\"@id\":\"https:\\\/\\\/cardinal-tapes.com\\\/pl\\\/ta\u015bmy-samoprzylepne\\\/jednostronne-tasmy-samoprzylepne\\\/3m-8241-pouch-tape-document-protection\\\/#primaryimage\",\"url\":\"https:\\\/\\\/cardinal-tapes.com\\\/wp-content\\\/uploads\\\/3m_dokumentenschutz_8241.jpg\",\"contentUrl\":\"https:\\\/\\\/cardinal-tapes.com\\\/wp-content\\\/uploads\\\/3m_dokumentenschutz_8241.jpg\",\"width\":600,\"height\":600,\"caption\":\"Ta\u015bma samoprzylepna 3M do ochrony dokument\u00f3w 8241\"},{\"@type\":\"BreadcrumbList\",\"@id\":\"https:\\\/\\\/cardinal-tapes.com\\\/pl\\\/ta\u015bmy-samoprzylepne\\\/jednostronne-tasmy-samoprzylepne\\\/3m-8241-pouch-tape-document-protection\\\/#breadcrumb\",\"itemListElement\":[{\"@type\":\"ListItem\",\"position\":1,\"name\":\"Startseite\",\"item\":\"https:\\\/\\\/cardinal-tapes.com\\\/pl\\\/strona-glowna\\\/\"},{\"@type\":\"ListItem\",\"position\":2,\"name\":\"Ta\u015bmy samoprzylepne\",\"item\":\"https:\\\/\\\/cardinal-tapes.com\\\/pl\\\/tasmy-samoprzylepne-pl\\\/\"},{\"@type\":\"ListItem\",\"position\":3,\"name\":\"Jednostronne ta\u015bmy samoprzylepne\",\"item\":\"https:\\\/\\\/cardinal-tapes.com\\\/pl\\\/kategoria\\\/jednostronne-tasmy-samoprzylepne\\\/\"},{\"@type\":\"ListItem\",\"position\":4,\"name\":\"Ta\u015bma woreczkowa 3M\u2122 8241\"}]},{\"@type\":\"WebSite\",\"@id\":\"https:\\\/\\\/cardinal-tapes.com\\\/#website\",\"url\":\"https:\\\/\\\/cardinal-tapes.com\\\/\",\"name\":\"cardinal TAPES\",\"description\":\"Klebetechnik aus Wuppertal\",\"potentialAction\":[{\"@type\":\"SearchAction\",\"target\":{\"@type\":\"EntryPoint\",\"urlTemplate\":\"https:\\\/\\\/cardinal-tapes.com\\\/?s={search_term_string}\"},\"query-input\":{\"@type\":\"PropertyValueSpecification\",\"valueRequired\":true,\"valueName\":\"search_term_string\"}}],\"inLanguage\":\"pl-PL\"}]}<\/script>\n<!-- \/ Yoast SEO plugin. -->","yoast_head_json":{"title":"3M 8241 Ta\u015bma do zabezpieczania dokument\u00f3w | Cardinal TAPES","description":"Ta\u015bma 3M 8241 Pouch Tape do ochrony dokument\u00f3w charakteryzuje si\u0119 doskona\u0142\u0105 przyczepno\u015bci\u0105 do r\u00f3\u017cnych powierzchni. Dowiedz si\u0119 wi\u0119cej.","robots":{"index":"index","follow":"follow","max-snippet":"max-snippet:-1","max-image-preview":"max-image-preview:large","max-video-preview":"max-video-preview:-1"},"canonical":"https:\/\/cardinal-tapes.com\/pl\/ta\u015bmy-samoprzylepne\/jednostronne-tasmy-samoprzylepne\/3m-8241-pouch-tape-document-protection\/","og_locale":"pl_PL","og_type":"article","og_title":"3M 8241 Ta\u015bma do zabezpieczania dokument\u00f3w | Cardinal TAPES","og_description":"Ta\u015bma 3M 8241 Pouch Tape do ochrony dokument\u00f3w charakteryzuje si\u0119 doskona\u0142\u0105 przyczepno\u015bci\u0105 do r\u00f3\u017cnych powierzchni. Dowiedz si\u0119 wi\u0119cej.","og_url":"https:\/\/cardinal-tapes.com\/pl\/ta\u015bmy-samoprzylepne\/jednostronne-tasmy-samoprzylepne\/3m-8241-pouch-tape-document-protection\/","og_site_name":"cardinal TAPES","article_modified_time":"2024-03-15T11:28:52+00:00","og_image":[{"width":600,"height":600,"url":"https:\/\/cardinal-tapes.com\/wp-content\/uploads\/3m_dokumentenschutz_8241.jpg","type":"image\/jpeg"}],"twitter_card":"summary_large_image","schema":{"@context":"https:\/\/schema.org","@graph":[{"@type":"WebPage","@id":"https:\/\/cardinal-tapes.com\/pl\/ta\u015bmy-samoprzylepne\/jednostronne-tasmy-samoprzylepne\/3m-8241-pouch-tape-document-protection\/","url":"https:\/\/cardinal-tapes.com\/pl\/ta\u015bmy-samoprzylepne\/jednostronne-tasmy-samoprzylepne\/3m-8241-pouch-tape-document-protection\/","name":"3M 8241 Ta\u015bma do zabezpieczania dokument\u00f3w | Cardinal TAPES","isPartOf":{"@id":"https:\/\/cardinal-tapes.com\/#website"},"primaryImageOfPage":{"@id":"https:\/\/cardinal-tapes.com\/pl\/ta\u015bmy-samoprzylepne\/jednostronne-tasmy-samoprzylepne\/3m-8241-pouch-tape-document-protection\/#primaryimage"},"image":{"@id":"https:\/\/cardinal-tapes.com\/pl\/ta\u015bmy-samoprzylepne\/jednostronne-tasmy-samoprzylepne\/3m-8241-pouch-tape-document-protection\/#primaryimage"},"thumbnailUrl":"https:\/\/cardinal-tapes.com\/wp-content\/uploads\/3m_dokumentenschutz_8241.jpg","datePublished":"2017-12-22T15:31:44+00:00","dateModified":"2024-03-15T11:28:52+00:00","description":"Ta\u015bma 3M 8241 Pouch Tape do ochrony dokument\u00f3w charakteryzuje si\u0119 doskona\u0142\u0105 przyczepno\u015bci\u0105 do r\u00f3\u017cnych powierzchni. Dowiedz si\u0119 wi\u0119cej.","breadcrumb":{"@id":"https:\/\/cardinal-tapes.com\/pl\/ta\u015bmy-samoprzylepne\/jednostronne-tasmy-samoprzylepne\/3m-8241-pouch-tape-document-protection\/#breadcrumb"},"inLanguage":"pl-PL","potentialAction":[{"@type":"ReadAction","target":["https:\/\/cardinal-tapes.com\/pl\/ta\u015bmy-samoprzylepne\/jednostronne-tasmy-samoprzylepne\/3m-8241-pouch-tape-document-protection\/"]}]},{"@type":"ImageObject","inLanguage":"pl-PL","@id":"https:\/\/cardinal-tapes.com\/pl\/ta\u015bmy-samoprzylepne\/jednostronne-tasmy-samoprzylepne\/3m-8241-pouch-tape-document-protection\/#primaryimage","url":"https:\/\/cardinal-tapes.com\/wp-content\/uploads\/3m_dokumentenschutz_8241.jpg","contentUrl":"https:\/\/cardinal-tapes.com\/wp-content\/uploads\/3m_dokumentenschutz_8241.jpg","width":600,"height":600,"caption":"Ta\u015bma samoprzylepna 3M do ochrony dokument\u00f3w 8241"},{"@type":"BreadcrumbList","@id":"https:\/\/cardinal-tapes.com\/pl\/ta\u015bmy-samoprzylepne\/jednostronne-tasmy-samoprzylepne\/3m-8241-pouch-tape-document-protection\/#breadcrumb","itemListElement":[{"@type":"ListItem","position":1,"name":"Startseite","item":"https:\/\/cardinal-tapes.com\/pl\/strona-glowna\/"},{"@type":"ListItem","position":2,"name":"Ta\u015bmy samoprzylepne","item":"https:\/\/cardinal-tapes.com\/pl\/tasmy-samoprzylepne-pl\/"},{"@type":"ListItem","position":3,"name":"Jednostronne ta\u015bmy samoprzylepne","item":"https:\/\/cardinal-tapes.com\/pl\/kategoria\/jednostronne-tasmy-samoprzylepne\/"},{"@type":"ListItem","position":4,"name":"Ta\u015bma woreczkowa 3M\u2122 8241"}]},{"@type":"WebSite","@id":"https:\/\/cardinal-tapes.com\/#website","url":"https:\/\/cardinal-tapes.com\/","name":"cardinal TAPES","description":"Klebetechnik aus Wuppertal","potentialAction":[{"@type":"SearchAction","target":{"@type":"EntryPoint","urlTemplate":"https:\/\/cardinal-tapes.com\/?s={search_term_string}"},"query-input":{"@type":"PropertyValueSpecification","valueRequired":true,"valueName":"search_term_string"}}],"inLanguage":"pl-PL"}]}},"brands":[{"id":2168,"name":"3M","slug":"3m-pl"}],"_links":{"self":[{"href":"https:\/\/cardinal-tapes.com\/pl\/wp-json\/wp\/v2\/product\/54831","targetHints":{"allow":["GET"]}}],"collection":[{"href":"https:\/\/cardinal-tapes.com\/pl\/wp-json\/wp\/v2\/product"}],"about":[{"href":"https:\/\/cardinal-tapes.com\/pl\/wp-json\/wp\/v2\/types\/product"}],"wp:featuredmedia":[{"embeddable":true,"href":"https:\/\/cardinal-tapes.com\/pl\/wp-json\/wp\/v2\/media\/25402"}],"wp:attachment":[{"href":"https:\/\/cardinal-tapes.com\/pl\/wp-json\/wp\/v2\/media?parent=54831"}],"wp:term":[{"taxonomy":"pwb-brand","embeddable":true,"href":"https:\/\/cardinal-tapes.com\/pl\/wp-json\/wp\/v2\/pwb-brand?post=54831"},{"taxonomy":"product_brand","embeddable":true,"href":"https:\/\/cardinal-tapes.com\/pl\/wp-json\/wp\/v2\/product_brand?post=54831"},{"taxonomy":"product_cat","embeddable":true,"href":"https:\/\/cardinal-tapes.com\/pl\/wp-json\/wp\/v2\/product_cat?post=54831"},{"taxonomy":"product_tag","embeddable":true,"href":"https:\/\/cardinal-tapes.com\/pl\/wp-json\/wp\/v2\/product_tag?post=54831"}],"curies":[{"name":"wp","href":"https:\/\/api.w.org\/{rel}","templated":true}]}}