{"id":54669,"date":"2018-03-16T12:03:54","date_gmt":"2018-03-16T11:03:54","guid":{"rendered":"https:\/\/cardinal.pixel-tal.de\/klebebaender\/bez-kategorii\/tasma-3m-vhb-5915f\/"},"modified":"2025-07-02T17:43:44","modified_gmt":"2025-07-02T15:43:44","slug":"3m-5915-vhb-klebeband","status":"publish","type":"product","link":"https:\/\/cardinal-tapes.com\/pl\/ta\u015bmy-samoprzylepne\/tasmy-dwustronnie-klejace\/3m-5915-vhb-klebeband\/","title":{"rendered":"Ta\u015bma 3M\u2122 VHB\u2122 5915F"},"content":{"rendered":"<p>Ta\u015bma 3M\u2122 VHB\u2122 Tape 5915, czarna, to niezwykle elastyczna i wydajna ta\u015bma dwustronna o grubo\u015bci 0,4 mm, wykonana z modyfikowanego kleju akrylowego. Mo\u017cna go szybko i \u0142atwo przyklei\u0107, a ponadto oferuje wysok\u0105 wydajno\u015b\u0107 i d\u0142ugotrwa\u0142\u0105 wytrzyma\u0142o\u015b\u0107. W ten spos\u00f3b mo\u017cna wymieni\u0107 nity, spawy i \u015bruby. Ta wysokowydajna, lepkospr\u0119\u017cysta ta\u015bma samoprzylepna VHB mo\u017ce by\u0107 stosowana na wielu r\u00f3\u017cnych powierzchniach, takich jak pow\u0142oki proszkowe.<\/p>\n<p><strong>W\u0142a\u015bciwo\u015bci<\/strong><br \/>\nTa\u015bma samoprzylepna 5915 charakteryzuje si\u0119 d\u0142ugotrwa\u0142\u0105 wytrzyma\u0142o\u015bci\u0105 i \u0142atw\u0105 aplikacj\u0105. Ponadto klej akrylowy sprawia, \u017ce ta\u015bma przylega do r\u00f3\u017cnych materia\u0142\u00f3w, takich jak aluminium, stal nierdzewna, stal ocynkowana, kompozyty i tworzywa sztuczne, akryl, poliw\u0119glan, ABS oraz malowane lub uszczelniane drewno.<\/p>\n<p><strong>Zastosowania<\/strong><br \/>\n&#8211; Trwa\u0142e uszczelnienie przed wilgoci\u0105<br \/>\n&#8211; Zastosowanie cie\u0144szych, l\u017cejszych i nier\u00f3wnych materia\u0142\u00f3w<br \/>\n&#8211; Redukcja wibracji i wstrz\u0105s\u00f3w<\/p>\n","protected":false},"excerpt":{"rendered":"<p>Ta\u015bma 3M\u2122 VHB\u2122 Tape 5915, czarna, to niezwykle elastyczna i wydajna ta\u015bma dwustronna o grubo\u015bci 0,4 mm, wykonana z modyfikowanego kleju akrylowego. Mo\u017cna go szybko i \u0142atwo przyklei\u0107, a ponadto oferuje wysok\u0105 wydajno\u015b\u0107 i d\u0142ugotrwa\u0142\u0105 wytrzyma\u0142o\u015b\u0107. W ten spos\u00f3b mo\u017cna wymieni\u0107 nity, spawy i \u015bruby. Ta wysokowydajna, lepkospr\u0119\u017cysta ta\u015bma samoprzylepna VHB mo\u017ce by\u0107 stosowana na [&hellip;]<\/p>\n","protected":false},"featured_media":26646,"template":"","meta":{"_acf_changed":false},"pwb-brand":[2168],"product_brand":[],"product_cat":[7588,1814],"product_tag":[],"class_list":{"0":"post-54669","1":"product","2":"type-product","3":"status-publish","4":"has-post-thumbnail","6":"pwb-brand-3m-pl","7":"product_cat-prezentacja-wkladu","8":"product_cat-tasmy-dwustronnie-klejace","10":"first","11":"instock","12":"taxable","13":"shipping-taxable","14":"purchasable","15":"product-type-variable"},"acf":[],"yoast_head":"<!-- This site is optimized with the Yoast SEO plugin v27.3 - https:\/\/yoast.com\/product\/yoast-seo-wordpress\/ -->\n<title>Ta\u015bma 3M 5915 VHB | Cardinal TAPES<\/title>\n<meta name=\"description\" content=\"Ta\u015bma 3M\u2122 VHB\u2122 Tape 5915, czarna, to niezwykle elastyczna i wydajna ta\u015bma dwustronna o grubo\u015bci 0,4 mm, wykonana z modyfikowanego kleju akrylowego.\" \/>\n<meta name=\"robots\" content=\"index, follow, max-snippet:-1, max-image-preview:large, max-video-preview:-1\" \/>\n<link rel=\"canonical\" href=\"https:\/\/cardinal-tapes.com\/pl\/ta\u015bmy-samoprzylepne\/tasmy-dwustronnie-klejace\/3m-5915-vhb-klebeband\/\" \/>\n<meta property=\"og:locale\" content=\"pl_PL\" \/>\n<meta property=\"og:type\" content=\"article\" \/>\n<meta property=\"og:title\" content=\"Ta\u015bma 3M 5915 VHB | Cardinal TAPES\" \/>\n<meta property=\"og:description\" content=\"Ta\u015bma 3M\u2122 VHB\u2122 Tape 5915, czarna, to niezwykle elastyczna i wydajna ta\u015bma dwustronna o grubo\u015bci 0,4 mm, wykonana z modyfikowanego kleju akrylowego.\" \/>\n<meta property=\"og:url\" content=\"https:\/\/cardinal-tapes.com\/pl\/ta\u015bmy-samoprzylepne\/tasmy-dwustronnie-klejace\/3m-5915-vhb-klebeband\/\" \/>\n<meta property=\"og:site_name\" content=\"cardinal TAPES\" \/>\n<meta property=\"article:modified_time\" content=\"2025-07-02T15:43:44+00:00\" \/>\n<meta property=\"og:image\" content=\"https:\/\/cardinal-tapes.com\/wp-content\/uploads\/3m-5952f-scaled.jpg\" \/>\n\t<meta property=\"og:image:width\" content=\"2560\" \/>\n\t<meta property=\"og:image:height\" content=\"1398\" \/>\n\t<meta property=\"og:image:type\" content=\"image\/jpeg\" \/>\n<meta name=\"twitter:card\" content=\"summary_large_image\" \/>\n<meta name=\"twitter:label1\" content=\"Szacowany czas czytania\" \/>\n\t<meta name=\"twitter:data1\" content=\"1 minuta\" \/>\n<script type=\"application\/ld+json\" class=\"yoast-schema-graph\">{\"@context\":\"https:\\\/\\\/schema.org\",\"@graph\":[{\"@type\":\"WebPage\",\"@id\":\"https:\\\/\\\/cardinal-tapes.com\\\/pl\\\/ta\u015bmy-samoprzylepne\\\/tasmy-dwustronnie-klejace\\\/3m-5915-vhb-klebeband\\\/\",\"url\":\"https:\\\/\\\/cardinal-tapes.com\\\/pl\\\/ta\u015bmy-samoprzylepne\\\/tasmy-dwustronnie-klejace\\\/3m-5915-vhb-klebeband\\\/\",\"name\":\"Ta\u015bma 3M 5915 VHB | Cardinal TAPES\",\"isPartOf\":{\"@id\":\"https:\\\/\\\/cardinal-tapes.com\\\/#website\"},\"primaryImageOfPage\":{\"@id\":\"https:\\\/\\\/cardinal-tapes.com\\\/pl\\\/ta\u015bmy-samoprzylepne\\\/tasmy-dwustronnie-klejace\\\/3m-5915-vhb-klebeband\\\/#primaryimage\"},\"image\":{\"@id\":\"https:\\\/\\\/cardinal-tapes.com\\\/pl\\\/ta\u015bmy-samoprzylepne\\\/tasmy-dwustronnie-klejace\\\/3m-5915-vhb-klebeband\\\/#primaryimage\"},\"thumbnailUrl\":\"https:\\\/\\\/cardinal-tapes.com\\\/wp-content\\\/uploads\\\/3m-5952f-scaled.jpg\",\"datePublished\":\"2018-03-16T11:03:54+00:00\",\"dateModified\":\"2025-07-02T15:43:44+00:00\",\"description\":\"Ta\u015bma 3M\u2122 VHB\u2122 Tape 5915, czarna, to niezwykle elastyczna i wydajna ta\u015bma dwustronna o grubo\u015bci 0,4 mm, wykonana z modyfikowanego kleju akrylowego.\",\"breadcrumb\":{\"@id\":\"https:\\\/\\\/cardinal-tapes.com\\\/pl\\\/ta\u015bmy-samoprzylepne\\\/tasmy-dwustronnie-klejace\\\/3m-5915-vhb-klebeband\\\/#breadcrumb\"},\"inLanguage\":\"pl-PL\",\"potentialAction\":[{\"@type\":\"ReadAction\",\"target\":[\"https:\\\/\\\/cardinal-tapes.com\\\/pl\\\/ta\u015bmy-samoprzylepne\\\/tasmy-dwustronnie-klejace\\\/3m-5915-vhb-klebeband\\\/\"]}]},{\"@type\":\"ImageObject\",\"inLanguage\":\"pl-PL\",\"@id\":\"https:\\\/\\\/cardinal-tapes.com\\\/pl\\\/ta\u015bmy-samoprzylepne\\\/tasmy-dwustronnie-klejace\\\/3m-5915-vhb-klebeband\\\/#primaryimage\",\"url\":\"https:\\\/\\\/cardinal-tapes.com\\\/wp-content\\\/uploads\\\/3m-5952f-scaled.jpg\",\"contentUrl\":\"https:\\\/\\\/cardinal-tapes.com\\\/wp-content\\\/uploads\\\/3m-5952f-scaled.jpg\",\"width\":2560,\"height\":1398,\"caption\":\"3m 5952f\"},{\"@type\":\"BreadcrumbList\",\"@id\":\"https:\\\/\\\/cardinal-tapes.com\\\/pl\\\/ta\u015bmy-samoprzylepne\\\/tasmy-dwustronnie-klejace\\\/3m-5915-vhb-klebeband\\\/#breadcrumb\",\"itemListElement\":[{\"@type\":\"ListItem\",\"position\":1,\"name\":\"Startseite\",\"item\":\"https:\\\/\\\/cardinal-tapes.com\\\/pl\\\/strona-glowna\\\/\"},{\"@type\":\"ListItem\",\"position\":2,\"name\":\"Ta\u015bmy samoprzylepne\",\"item\":\"https:\\\/\\\/cardinal-tapes.com\\\/pl\\\/tasmy-samoprzylepne-pl\\\/\"},{\"@type\":\"ListItem\",\"position\":3,\"name\":\"Ta\u015bmy dwustronnie klej\u0105ce\",\"item\":\"https:\\\/\\\/cardinal-tapes.com\\\/pl\\\/kategoria\\\/tasmy-dwustronnie-klejace\\\/\"},{\"@type\":\"ListItem\",\"position\":4,\"name\":\"Ta\u015bma 3M\u2122 VHB\u2122 5915F\"}]},{\"@type\":\"WebSite\",\"@id\":\"https:\\\/\\\/cardinal-tapes.com\\\/#website\",\"url\":\"https:\\\/\\\/cardinal-tapes.com\\\/\",\"name\":\"cardinal TAPES\",\"description\":\"Klebetechnik aus Wuppertal\",\"potentialAction\":[{\"@type\":\"SearchAction\",\"target\":{\"@type\":\"EntryPoint\",\"urlTemplate\":\"https:\\\/\\\/cardinal-tapes.com\\\/?s={search_term_string}\"},\"query-input\":{\"@type\":\"PropertyValueSpecification\",\"valueRequired\":true,\"valueName\":\"search_term_string\"}}],\"inLanguage\":\"pl-PL\"}]}<\/script>\n<!-- \/ Yoast SEO plugin. -->","yoast_head_json":{"title":"Ta\u015bma 3M 5915 VHB | Cardinal TAPES","description":"Ta\u015bma 3M\u2122 VHB\u2122 Tape 5915, czarna, to niezwykle elastyczna i wydajna ta\u015bma dwustronna o grubo\u015bci 0,4 mm, wykonana z modyfikowanego kleju akrylowego.","robots":{"index":"index","follow":"follow","max-snippet":"max-snippet:-1","max-image-preview":"max-image-preview:large","max-video-preview":"max-video-preview:-1"},"canonical":"https:\/\/cardinal-tapes.com\/pl\/ta\u015bmy-samoprzylepne\/tasmy-dwustronnie-klejace\/3m-5915-vhb-klebeband\/","og_locale":"pl_PL","og_type":"article","og_title":"Ta\u015bma 3M 5915 VHB | Cardinal TAPES","og_description":"Ta\u015bma 3M\u2122 VHB\u2122 Tape 5915, czarna, to niezwykle elastyczna i wydajna ta\u015bma dwustronna o grubo\u015bci 0,4 mm, wykonana z modyfikowanego kleju akrylowego.","og_url":"https:\/\/cardinal-tapes.com\/pl\/ta\u015bmy-samoprzylepne\/tasmy-dwustronnie-klejace\/3m-5915-vhb-klebeband\/","og_site_name":"cardinal TAPES","article_modified_time":"2025-07-02T15:43:44+00:00","og_image":[{"width":2560,"height":1398,"url":"https:\/\/cardinal-tapes.com\/wp-content\/uploads\/3m-5952f-scaled.jpg","type":"image\/jpeg"}],"twitter_card":"summary_large_image","twitter_misc":{"Szacowany czas czytania":"1 minuta"},"schema":{"@context":"https:\/\/schema.org","@graph":[{"@type":"WebPage","@id":"https:\/\/cardinal-tapes.com\/pl\/ta\u015bmy-samoprzylepne\/tasmy-dwustronnie-klejace\/3m-5915-vhb-klebeband\/","url":"https:\/\/cardinal-tapes.com\/pl\/ta\u015bmy-samoprzylepne\/tasmy-dwustronnie-klejace\/3m-5915-vhb-klebeband\/","name":"Ta\u015bma 3M 5915 VHB | Cardinal TAPES","isPartOf":{"@id":"https:\/\/cardinal-tapes.com\/#website"},"primaryImageOfPage":{"@id":"https:\/\/cardinal-tapes.com\/pl\/ta\u015bmy-samoprzylepne\/tasmy-dwustronnie-klejace\/3m-5915-vhb-klebeband\/#primaryimage"},"image":{"@id":"https:\/\/cardinal-tapes.com\/pl\/ta\u015bmy-samoprzylepne\/tasmy-dwustronnie-klejace\/3m-5915-vhb-klebeband\/#primaryimage"},"thumbnailUrl":"https:\/\/cardinal-tapes.com\/wp-content\/uploads\/3m-5952f-scaled.jpg","datePublished":"2018-03-16T11:03:54+00:00","dateModified":"2025-07-02T15:43:44+00:00","description":"Ta\u015bma 3M\u2122 VHB\u2122 Tape 5915, czarna, to niezwykle elastyczna i wydajna ta\u015bma dwustronna o grubo\u015bci 0,4 mm, wykonana z modyfikowanego kleju akrylowego.","breadcrumb":{"@id":"https:\/\/cardinal-tapes.com\/pl\/ta\u015bmy-samoprzylepne\/tasmy-dwustronnie-klejace\/3m-5915-vhb-klebeband\/#breadcrumb"},"inLanguage":"pl-PL","potentialAction":[{"@type":"ReadAction","target":["https:\/\/cardinal-tapes.com\/pl\/ta\u015bmy-samoprzylepne\/tasmy-dwustronnie-klejace\/3m-5915-vhb-klebeband\/"]}]},{"@type":"ImageObject","inLanguage":"pl-PL","@id":"https:\/\/cardinal-tapes.com\/pl\/ta\u015bmy-samoprzylepne\/tasmy-dwustronnie-klejace\/3m-5915-vhb-klebeband\/#primaryimage","url":"https:\/\/cardinal-tapes.com\/wp-content\/uploads\/3m-5952f-scaled.jpg","contentUrl":"https:\/\/cardinal-tapes.com\/wp-content\/uploads\/3m-5952f-scaled.jpg","width":2560,"height":1398,"caption":"3m 5952f"},{"@type":"BreadcrumbList","@id":"https:\/\/cardinal-tapes.com\/pl\/ta\u015bmy-samoprzylepne\/tasmy-dwustronnie-klejace\/3m-5915-vhb-klebeband\/#breadcrumb","itemListElement":[{"@type":"ListItem","position":1,"name":"Startseite","item":"https:\/\/cardinal-tapes.com\/pl\/strona-glowna\/"},{"@type":"ListItem","position":2,"name":"Ta\u015bmy samoprzylepne","item":"https:\/\/cardinal-tapes.com\/pl\/tasmy-samoprzylepne-pl\/"},{"@type":"ListItem","position":3,"name":"Ta\u015bmy dwustronnie klej\u0105ce","item":"https:\/\/cardinal-tapes.com\/pl\/kategoria\/tasmy-dwustronnie-klejace\/"},{"@type":"ListItem","position":4,"name":"Ta\u015bma 3M\u2122 VHB\u2122 5915F"}]},{"@type":"WebSite","@id":"https:\/\/cardinal-tapes.com\/#website","url":"https:\/\/cardinal-tapes.com\/","name":"cardinal TAPES","description":"Klebetechnik aus Wuppertal","potentialAction":[{"@type":"SearchAction","target":{"@type":"EntryPoint","urlTemplate":"https:\/\/cardinal-tapes.com\/?s={search_term_string}"},"query-input":{"@type":"PropertyValueSpecification","valueRequired":true,"valueName":"search_term_string"}}],"inLanguage":"pl-PL"}]}},"brands":[{"id":2168,"name":"3M","slug":"3m-pl"}],"_links":{"self":[{"href":"https:\/\/cardinal-tapes.com\/pl\/wp-json\/wp\/v2\/product\/54669","targetHints":{"allow":["GET"]}}],"collection":[{"href":"https:\/\/cardinal-tapes.com\/pl\/wp-json\/wp\/v2\/product"}],"about":[{"href":"https:\/\/cardinal-tapes.com\/pl\/wp-json\/wp\/v2\/types\/product"}],"wp:featuredmedia":[{"embeddable":true,"href":"https:\/\/cardinal-tapes.com\/pl\/wp-json\/wp\/v2\/media\/26646"}],"wp:attachment":[{"href":"https:\/\/cardinal-tapes.com\/pl\/wp-json\/wp\/v2\/media?parent=54669"}],"wp:term":[{"taxonomy":"pwb-brand","embeddable":true,"href":"https:\/\/cardinal-tapes.com\/pl\/wp-json\/wp\/v2\/pwb-brand?post=54669"},{"taxonomy":"product_brand","embeddable":true,"href":"https:\/\/cardinal-tapes.com\/pl\/wp-json\/wp\/v2\/product_brand?post=54669"},{"taxonomy":"product_cat","embeddable":true,"href":"https:\/\/cardinal-tapes.com\/pl\/wp-json\/wp\/v2\/product_cat?post=54669"},{"taxonomy":"product_tag","embeddable":true,"href":"https:\/\/cardinal-tapes.com\/pl\/wp-json\/wp\/v2\/product_tag?post=54669"}],"curies":[{"name":"wp","href":"https:\/\/api.w.org\/{rel}","templated":true}]}}