{"id":54667,"date":"2018-03-16T10:42:00","date_gmt":"2023-06-05T15:22:30","guid":{"rendered":"https:\/\/cardinal.pixel-tal.de\/klebebaender\/bez-kategorii\/tasma-3m-vhb-4905-f\/"},"modified":"2025-07-02T17:43:44","modified_gmt":"2025-07-02T15:43:44","slug":"3m-4905-4910-4915-4918-vhb-klebeband","status":"publish","type":"product","link":"https:\/\/cardinal-tapes.com\/pl\/ta\u015bmy-samoprzylepne\/tasmy-dwustronnie-klejace\/3m-4905-4910-4915-4918-vhb-klebeband\/","title":{"rendered":"Ta\u015bma 3M\u2122 VHB\u2122 4905 F"},"content":{"rendered":"<p>Ta\u015bma 3M\u2122 VHB\u2122 Tape 4905 F to przezroczysta, dwustronnie klej\u0105ca ta\u015bma akrylowa o grubo\u015bci 0,5 mm. Dzi\u0119ki p\u00f3\u0142przezroczystemu materia\u0142owi idealnie nadaje si\u0119 do klejenia przezroczystych materia\u0142\u00f3w lub do zastosowa\u0144, w kt\u00f3rych nie jest po\u017c\u0105dane klejenie w kolorze.<\/p>\n<p><strong>W\u0142a\u015bciwo\u015bci<\/strong><br \/>\nTa\u015bma samoprzylepna 4905 F charakteryzuje si\u0119 \u0142atw\u0105 aplikacj\u0105 i szybkim klejeniem, a tak\u017ce wysok\u0105 wydajno\u015bci\u0105 i d\u0142ugotrwa\u0142\u0105 wytrzyma\u0142o\u015bci\u0105. Ponadto ta\u015bma 4905 F umo\u017cliwia uszczelnienie przed wod\u0105, wilgoci\u0105 itp. Jednocze\u015bnie ta wysokowydajna ta\u015bma samoprzylepna mo\u017ce r\u00f3wnie\u017c zast\u0105pi\u0107 mechaniczne elementy mocuj\u0105ce.<\/p>\n<p><strong>Zastosowania<\/strong><br \/>\n&#8211; Klejenie szyb obiektyw\u00f3w do obud\u00f3w kamer<br \/>\n&#8211; \u0141\u0105czenie przezroczystych materia\u0142\u00f3w<br \/>\n&#8211; Mocowanie p\u00f3\u0142przezroczystych znak\u00f3w z pod\u015bwietleniem<br \/>\n&#8211; Klejenie materia\u0142\u00f3w dekoracyjnych, pask\u00f3w dekoracyjnych, element\u00f3w dodatkowych, tabliczek znamionowych, logo, znak\u00f3w itp.<\/p>\n","protected":false},"excerpt":{"rendered":"<p>Ta\u015bma 3M\u2122 VHB\u2122 Tape 4905 F to przezroczysta, dwustronnie klej\u0105ca ta\u015bma akrylowa o grubo\u015bci 0,5 mm. Dzi\u0119ki p\u00f3\u0142przezroczystemu materia\u0142owi idealnie nadaje si\u0119 do klejenia przezroczystych materia\u0142\u00f3w lub do zastosowa\u0144, w kt\u00f3rych nie jest po\u017c\u0105dane klejenie w kolorze. W\u0142a\u015bciwo\u015bci Ta\u015bma samoprzylepna 4905 F charakteryzuje si\u0119 \u0142atw\u0105 aplikacj\u0105 i szybkim klejeniem, a tak\u017ce wysok\u0105 wydajno\u015bci\u0105 i d\u0142ugotrwa\u0142\u0105 [&hellip;]<\/p>\n","protected":false},"featured_media":26638,"template":"","meta":{"_acf_changed":false},"pwb-brand":[2168],"product_brand":[],"product_cat":[1814],"product_tag":[],"class_list":{"0":"post-54667","1":"product","2":"type-product","3":"status-publish","4":"has-post-thumbnail","6":"pwb-brand-3m-pl","7":"product_cat-tasmy-dwustronnie-klejace","9":"first","10":"outofstock","11":"taxable","12":"shipping-taxable","13":"purchasable","14":"product-type-variable"},"acf":[],"yoast_head":"<!-- This site is optimized with the Yoast SEO plugin v27.3 - https:\/\/yoast.com\/product\/yoast-seo-wordpress\/ -->\n<title>Ta\u015bmy 3M 4905 F w dobrych cenach | Cardinal TAPES<\/title>\n<meta name=\"description\" content=\"Ta\u015bmy 3M 4905 F to dwustronne ta\u015bmy wykonane z akrylowego kleju o zamkni\u0119tych kom\u00f3rkach. Oferujemy produkty w najlepszych cenach.\" \/>\n<meta name=\"robots\" content=\"index, follow, max-snippet:-1, max-image-preview:large, max-video-preview:-1\" \/>\n<link rel=\"canonical\" href=\"https:\/\/cardinal-tapes.com\/pl\/ta\u015bmy-samoprzylepne\/tasmy-dwustronnie-klejace\/3m-4905-4910-4915-4918-vhb-klebeband\/\" \/>\n<meta property=\"og:locale\" content=\"pl_PL\" \/>\n<meta property=\"og:type\" content=\"article\" \/>\n<meta property=\"og:title\" content=\"Ta\u015bmy 3M 4905 F w dobrych cenach | Cardinal TAPES\" \/>\n<meta property=\"og:description\" content=\"Ta\u015bmy 3M 4905 F to dwustronne ta\u015bmy wykonane z akrylowego kleju o zamkni\u0119tych kom\u00f3rkach. Oferujemy produkty w najlepszych cenach.\" \/>\n<meta property=\"og:url\" content=\"https:\/\/cardinal-tapes.com\/pl\/ta\u015bmy-samoprzylepne\/tasmy-dwustronnie-klejace\/3m-4905-4910-4915-4918-vhb-klebeband\/\" \/>\n<meta property=\"og:site_name\" content=\"cardinal TAPES\" \/>\n<meta property=\"article:modified_time\" content=\"2025-07-02T15:43:44+00:00\" \/>\n<meta property=\"og:image\" content=\"https:\/\/cardinal-tapes.com\/wp-content\/uploads\/3m-4905-p-klebebander-scaled.jpg\" \/>\n\t<meta property=\"og:image:width\" content=\"2560\" \/>\n\t<meta property=\"og:image:height\" content=\"1251\" \/>\n\t<meta property=\"og:image:type\" content=\"image\/jpeg\" \/>\n<meta name=\"twitter:card\" content=\"summary_large_image\" \/>\n<meta name=\"twitter:label1\" content=\"Szacowany czas czytania\" \/>\n\t<meta name=\"twitter:data1\" content=\"1 minuta\" \/>\n<script type=\"application\/ld+json\" class=\"yoast-schema-graph\">{\"@context\":\"https:\\\/\\\/schema.org\",\"@graph\":[{\"@type\":\"WebPage\",\"@id\":\"https:\\\/\\\/cardinal-tapes.com\\\/pl\\\/ta\u015bmy-samoprzylepne\\\/tasmy-dwustronnie-klejace\\\/3m-4905-4910-4915-4918-vhb-klebeband\\\/\",\"url\":\"https:\\\/\\\/cardinal-tapes.com\\\/pl\\\/ta\u015bmy-samoprzylepne\\\/tasmy-dwustronnie-klejace\\\/3m-4905-4910-4915-4918-vhb-klebeband\\\/\",\"name\":\"Ta\u015bmy 3M 4905 F w dobrych cenach | Cardinal TAPES\",\"isPartOf\":{\"@id\":\"https:\\\/\\\/cardinal-tapes.com\\\/#website\"},\"primaryImageOfPage\":{\"@id\":\"https:\\\/\\\/cardinal-tapes.com\\\/pl\\\/ta\u015bmy-samoprzylepne\\\/tasmy-dwustronnie-klejace\\\/3m-4905-4910-4915-4918-vhb-klebeband\\\/#primaryimage\"},\"image\":{\"@id\":\"https:\\\/\\\/cardinal-tapes.com\\\/pl\\\/ta\u015bmy-samoprzylepne\\\/tasmy-dwustronnie-klejace\\\/3m-4905-4910-4915-4918-vhb-klebeband\\\/#primaryimage\"},\"thumbnailUrl\":\"https:\\\/\\\/cardinal-tapes.com\\\/wp-content\\\/uploads\\\/3m-4905-p-klebebander-scaled.jpg\",\"datePublished\":\"2023-06-05T15:22:30+00:00\",\"dateModified\":\"2025-07-02T15:43:44+00:00\",\"description\":\"Ta\u015bmy 3M 4905 F to dwustronne ta\u015bmy wykonane z akrylowego kleju o zamkni\u0119tych kom\u00f3rkach. Oferujemy produkty w najlepszych cenach.\",\"breadcrumb\":{\"@id\":\"https:\\\/\\\/cardinal-tapes.com\\\/pl\\\/ta\u015bmy-samoprzylepne\\\/tasmy-dwustronnie-klejace\\\/3m-4905-4910-4915-4918-vhb-klebeband\\\/#breadcrumb\"},\"inLanguage\":\"pl-PL\",\"potentialAction\":[{\"@type\":\"ReadAction\",\"target\":[\"https:\\\/\\\/cardinal-tapes.com\\\/pl\\\/ta\u015bmy-samoprzylepne\\\/tasmy-dwustronnie-klejace\\\/3m-4905-4910-4915-4918-vhb-klebeband\\\/\"]}]},{\"@type\":\"ImageObject\",\"inLanguage\":\"pl-PL\",\"@id\":\"https:\\\/\\\/cardinal-tapes.com\\\/pl\\\/ta\u015bmy-samoprzylepne\\\/tasmy-dwustronnie-klejace\\\/3m-4905-4910-4915-4918-vhb-klebeband\\\/#primaryimage\",\"url\":\"https:\\\/\\\/cardinal-tapes.com\\\/wp-content\\\/uploads\\\/3m-4905-p-klebebander-scaled.jpg\",\"contentUrl\":\"https:\\\/\\\/cardinal-tapes.com\\\/wp-content\\\/uploads\\\/3m-4905-p-klebebander-scaled.jpg\",\"width\":2560,\"height\":1251,\"caption\":\"3m 4905-p\"},{\"@type\":\"BreadcrumbList\",\"@id\":\"https:\\\/\\\/cardinal-tapes.com\\\/pl\\\/ta\u015bmy-samoprzylepne\\\/tasmy-dwustronnie-klejace\\\/3m-4905-4910-4915-4918-vhb-klebeband\\\/#breadcrumb\",\"itemListElement\":[{\"@type\":\"ListItem\",\"position\":1,\"name\":\"Startseite\",\"item\":\"https:\\\/\\\/cardinal-tapes.com\\\/pl\\\/strona-glowna\\\/\"},{\"@type\":\"ListItem\",\"position\":2,\"name\":\"Ta\u015bmy samoprzylepne\",\"item\":\"https:\\\/\\\/cardinal-tapes.com\\\/pl\\\/tasmy-samoprzylepne-pl\\\/\"},{\"@type\":\"ListItem\",\"position\":3,\"name\":\"Ta\u015bmy dwustronnie klej\u0105ce\",\"item\":\"https:\\\/\\\/cardinal-tapes.com\\\/pl\\\/kategoria\\\/tasmy-dwustronnie-klejace\\\/\"},{\"@type\":\"ListItem\",\"position\":4,\"name\":\"Ta\u015bma 3M\u2122 VHB\u2122 4905 F\"}]},{\"@type\":\"WebSite\",\"@id\":\"https:\\\/\\\/cardinal-tapes.com\\\/#website\",\"url\":\"https:\\\/\\\/cardinal-tapes.com\\\/\",\"name\":\"cardinal TAPES\",\"description\":\"Klebetechnik aus Wuppertal\",\"potentialAction\":[{\"@type\":\"SearchAction\",\"target\":{\"@type\":\"EntryPoint\",\"urlTemplate\":\"https:\\\/\\\/cardinal-tapes.com\\\/?s={search_term_string}\"},\"query-input\":{\"@type\":\"PropertyValueSpecification\",\"valueRequired\":true,\"valueName\":\"search_term_string\"}}],\"inLanguage\":\"pl-PL\"}]}<\/script>\n<!-- \/ Yoast SEO plugin. -->","yoast_head_json":{"title":"Ta\u015bmy 3M 4905 F w dobrych cenach | Cardinal TAPES","description":"Ta\u015bmy 3M 4905 F to dwustronne ta\u015bmy wykonane z akrylowego kleju o zamkni\u0119tych kom\u00f3rkach. Oferujemy produkty w najlepszych cenach.","robots":{"index":"index","follow":"follow","max-snippet":"max-snippet:-1","max-image-preview":"max-image-preview:large","max-video-preview":"max-video-preview:-1"},"canonical":"https:\/\/cardinal-tapes.com\/pl\/ta\u015bmy-samoprzylepne\/tasmy-dwustronnie-klejace\/3m-4905-4910-4915-4918-vhb-klebeband\/","og_locale":"pl_PL","og_type":"article","og_title":"Ta\u015bmy 3M 4905 F w dobrych cenach | Cardinal TAPES","og_description":"Ta\u015bmy 3M 4905 F to dwustronne ta\u015bmy wykonane z akrylowego kleju o zamkni\u0119tych kom\u00f3rkach. Oferujemy produkty w najlepszych cenach.","og_url":"https:\/\/cardinal-tapes.com\/pl\/ta\u015bmy-samoprzylepne\/tasmy-dwustronnie-klejace\/3m-4905-4910-4915-4918-vhb-klebeband\/","og_site_name":"cardinal TAPES","article_modified_time":"2025-07-02T15:43:44+00:00","og_image":[{"width":2560,"height":1251,"url":"https:\/\/cardinal-tapes.com\/wp-content\/uploads\/3m-4905-p-klebebander-scaled.jpg","type":"image\/jpeg"}],"twitter_card":"summary_large_image","twitter_misc":{"Szacowany czas czytania":"1 minuta"},"schema":{"@context":"https:\/\/schema.org","@graph":[{"@type":"WebPage","@id":"https:\/\/cardinal-tapes.com\/pl\/ta\u015bmy-samoprzylepne\/tasmy-dwustronnie-klejace\/3m-4905-4910-4915-4918-vhb-klebeband\/","url":"https:\/\/cardinal-tapes.com\/pl\/ta\u015bmy-samoprzylepne\/tasmy-dwustronnie-klejace\/3m-4905-4910-4915-4918-vhb-klebeband\/","name":"Ta\u015bmy 3M 4905 F w dobrych cenach | Cardinal TAPES","isPartOf":{"@id":"https:\/\/cardinal-tapes.com\/#website"},"primaryImageOfPage":{"@id":"https:\/\/cardinal-tapes.com\/pl\/ta\u015bmy-samoprzylepne\/tasmy-dwustronnie-klejace\/3m-4905-4910-4915-4918-vhb-klebeband\/#primaryimage"},"image":{"@id":"https:\/\/cardinal-tapes.com\/pl\/ta\u015bmy-samoprzylepne\/tasmy-dwustronnie-klejace\/3m-4905-4910-4915-4918-vhb-klebeband\/#primaryimage"},"thumbnailUrl":"https:\/\/cardinal-tapes.com\/wp-content\/uploads\/3m-4905-p-klebebander-scaled.jpg","datePublished":"2023-06-05T15:22:30+00:00","dateModified":"2025-07-02T15:43:44+00:00","description":"Ta\u015bmy 3M 4905 F to dwustronne ta\u015bmy wykonane z akrylowego kleju o zamkni\u0119tych kom\u00f3rkach. Oferujemy produkty w najlepszych cenach.","breadcrumb":{"@id":"https:\/\/cardinal-tapes.com\/pl\/ta\u015bmy-samoprzylepne\/tasmy-dwustronnie-klejace\/3m-4905-4910-4915-4918-vhb-klebeband\/#breadcrumb"},"inLanguage":"pl-PL","potentialAction":[{"@type":"ReadAction","target":["https:\/\/cardinal-tapes.com\/pl\/ta\u015bmy-samoprzylepne\/tasmy-dwustronnie-klejace\/3m-4905-4910-4915-4918-vhb-klebeband\/"]}]},{"@type":"ImageObject","inLanguage":"pl-PL","@id":"https:\/\/cardinal-tapes.com\/pl\/ta\u015bmy-samoprzylepne\/tasmy-dwustronnie-klejace\/3m-4905-4910-4915-4918-vhb-klebeband\/#primaryimage","url":"https:\/\/cardinal-tapes.com\/wp-content\/uploads\/3m-4905-p-klebebander-scaled.jpg","contentUrl":"https:\/\/cardinal-tapes.com\/wp-content\/uploads\/3m-4905-p-klebebander-scaled.jpg","width":2560,"height":1251,"caption":"3m 4905-p"},{"@type":"BreadcrumbList","@id":"https:\/\/cardinal-tapes.com\/pl\/ta\u015bmy-samoprzylepne\/tasmy-dwustronnie-klejace\/3m-4905-4910-4915-4918-vhb-klebeband\/#breadcrumb","itemListElement":[{"@type":"ListItem","position":1,"name":"Startseite","item":"https:\/\/cardinal-tapes.com\/pl\/strona-glowna\/"},{"@type":"ListItem","position":2,"name":"Ta\u015bmy samoprzylepne","item":"https:\/\/cardinal-tapes.com\/pl\/tasmy-samoprzylepne-pl\/"},{"@type":"ListItem","position":3,"name":"Ta\u015bmy dwustronnie klej\u0105ce","item":"https:\/\/cardinal-tapes.com\/pl\/kategoria\/tasmy-dwustronnie-klejace\/"},{"@type":"ListItem","position":4,"name":"Ta\u015bma 3M\u2122 VHB\u2122 4905 F"}]},{"@type":"WebSite","@id":"https:\/\/cardinal-tapes.com\/#website","url":"https:\/\/cardinal-tapes.com\/","name":"cardinal TAPES","description":"Klebetechnik aus Wuppertal","potentialAction":[{"@type":"SearchAction","target":{"@type":"EntryPoint","urlTemplate":"https:\/\/cardinal-tapes.com\/?s={search_term_string}"},"query-input":{"@type":"PropertyValueSpecification","valueRequired":true,"valueName":"search_term_string"}}],"inLanguage":"pl-PL"}]}},"brands":[{"id":2168,"name":"3M","slug":"3m-pl"}],"_links":{"self":[{"href":"https:\/\/cardinal-tapes.com\/pl\/wp-json\/wp\/v2\/product\/54667","targetHints":{"allow":["GET"]}}],"collection":[{"href":"https:\/\/cardinal-tapes.com\/pl\/wp-json\/wp\/v2\/product"}],"about":[{"href":"https:\/\/cardinal-tapes.com\/pl\/wp-json\/wp\/v2\/types\/product"}],"wp:featuredmedia":[{"embeddable":true,"href":"https:\/\/cardinal-tapes.com\/pl\/wp-json\/wp\/v2\/media\/26638"}],"wp:attachment":[{"href":"https:\/\/cardinal-tapes.com\/pl\/wp-json\/wp\/v2\/media?parent=54667"}],"wp:term":[{"taxonomy":"pwb-brand","embeddable":true,"href":"https:\/\/cardinal-tapes.com\/pl\/wp-json\/wp\/v2\/pwb-brand?post=54667"},{"taxonomy":"product_brand","embeddable":true,"href":"https:\/\/cardinal-tapes.com\/pl\/wp-json\/wp\/v2\/product_brand?post=54667"},{"taxonomy":"product_cat","embeddable":true,"href":"https:\/\/cardinal-tapes.com\/pl\/wp-json\/wp\/v2\/product_cat?post=54667"},{"taxonomy":"product_tag","embeddable":true,"href":"https:\/\/cardinal-tapes.com\/pl\/wp-json\/wp\/v2\/product_tag?post=54667"}],"curies":[{"name":"wp","href":"https:\/\/api.w.org\/{rel}","templated":true}]}}