{"id":54656,"date":"2018-03-20T14:14:23","date_gmt":"2023-06-05T15:22:29","guid":{"rendered":"https:\/\/cardinal.pixel-tal.de\/klebebaender\/bez-kategorii\/tasma-klejaca-do-tasm-ca-25-pp\/"},"modified":"2023-06-05T17:22:29","modified_gmt":"2023-06-05T15:22:29","slug":"ca-25-pp-strapping-tape","status":"publish","type":"product","link":"https:\/\/cardinal-tapes.com\/pl\/ta\u015bmy-samoprzylepne\/jednostronne-tasmy-samoprzylepne\/folia-pp\/ca-25-pp-strapping-tape\/","title":{"rendered":"Ta\u015bma klej\u0105ca do ta\u015bm CA-25 PP"},"content":{"rendered":"<p>CA-25 to ta\u015bma spinaj\u0105ca o bardzo wysokiej wytrzyma\u0142o\u015bci na rozci\u0105ganie do wi\u0105zania ci\u0119\u017ckich towar\u00f3w i do mocowania<br \/>\nKomponenty do urz\u0105dze\u0144 AGD podczas transportu i przechowywania. Produkt mo\u017cna usun\u0105\u0107 z wielu pod\u0142o\u017cy<br \/>\nusun\u0105\u0107 bez pozosta\u0142o\u015bci.<\/p>\n<p>&nbsp;<\/p>\n","protected":false},"excerpt":{"rendered":"<p>CA-25 to ta\u015bma spinaj\u0105ca o bardzo wysokiej wytrzyma\u0142o\u015bci na rozci\u0105ganie do wi\u0105zania ci\u0119\u017ckich towar\u00f3w i do mocowania Komponenty do urz\u0105dze\u0144 AGD podczas transportu i przechowywania. Produkt mo\u017cna usun\u0105\u0107 z wielu pod\u0142o\u017cy usun\u0105\u0107 bez pozosta\u0142o\u015bci. &nbsp;<\/p>\n","protected":false},"featured_media":26842,"template":"","meta":{"_acf_changed":false},"pwb-brand":[2173],"product_brand":[],"product_cat":[1685,1687,1690,1718,1788,1816,1820,1822],"product_tag":[],"class_list":{"0":"post-54656","1":"product","2":"type-product","3":"status-publish","4":"has-post-thumbnail","6":"pwb-brand-cardinal-gmbh-pl","7":"product_cat-produkcja-obrobka-aluminium","8":"product_cat-przemysl-motoryzacyjny","9":"product_cat-przemysl-betonowy","10":"product_cat-przemysl-tworzyw-sztucznych","11":"product_cat-stal-i-szklo","12":"product_cat-jednostronne-tasmy-samoprzylepne","13":"product_cat-folia-pp","14":"product_cat-tasma-spinajaca","16":"first","17":"instock","18":"taxable","19":"shipping-taxable","20":"purchasable","21":"product-type-variable"},"acf":[],"yoast_head":"<!-- This site is optimized with the Yoast SEO plugin v27.3 - https:\/\/yoast.com\/product\/yoast-seo-wordpress\/ -->\n<title>Ta\u015bma spinaj\u0105ca CA-25 PP | Cardinal TAPES<\/title>\n<meta name=\"description\" content=\"CA-25 to ta\u015bma spinaj\u0105ca o bardzo wysokiej wytrzyma\u0142o\u015bci na rozci\u0105ganie do wi\u0105zania ci\u0119\u017ckich towar\u00f3w i mocowania komponent\u00f3w podczas transportu i przechowywania.\" \/>\n<meta name=\"robots\" content=\"index, follow, max-snippet:-1, max-image-preview:large, max-video-preview:-1\" \/>\n<link rel=\"canonical\" href=\"https:\/\/cardinal-tapes.com\/pl\/ta\u015bmy-samoprzylepne\/produkcja-obrobka-aluminium\/ca-25-pp-strapping-tape\/\" \/>\n<meta property=\"og:locale\" content=\"pl_PL\" \/>\n<meta property=\"og:type\" content=\"article\" \/>\n<meta property=\"og:title\" content=\"Ta\u015bma spinaj\u0105ca CA-25 PP | Cardinal TAPES\" \/>\n<meta property=\"og:description\" content=\"CA-25 to ta\u015bma spinaj\u0105ca o bardzo wysokiej wytrzyma\u0142o\u015bci na rozci\u0105ganie do wi\u0105zania ci\u0119\u017ckich towar\u00f3w i mocowania komponent\u00f3w podczas transportu i przechowywania.\" \/>\n<meta property=\"og:url\" content=\"https:\/\/cardinal-tapes.com\/pl\/ta\u015bmy-samoprzylepne\/produkcja-obrobka-aluminium\/ca-25-pp-strapping-tape\/\" \/>\n<meta property=\"og:site_name\" content=\"cardinal TAPES\" \/>\n<meta property=\"og:image\" content=\"https:\/\/cardinal-tapes.com\/wp-content\/uploads\/CA_25-1.jpg\" \/>\n\t<meta property=\"og:image:width\" content=\"1400\" \/>\n\t<meta property=\"og:image:height\" content=\"1400\" \/>\n\t<meta property=\"og:image:type\" content=\"image\/jpeg\" \/>\n<meta name=\"twitter:card\" content=\"summary_large_image\" \/>\n<script type=\"application\/ld+json\" class=\"yoast-schema-graph\">{\"@context\":\"https:\\\/\\\/schema.org\",\"@graph\":[{\"@type\":\"WebPage\",\"@id\":\"https:\\\/\\\/cardinal-tapes.com\\\/pl\\\/ta\u015bmy-samoprzylepne\\\/produkcja-obrobka-aluminium\\\/ca-25-pp-strapping-tape\\\/\",\"url\":\"https:\\\/\\\/cardinal-tapes.com\\\/pl\\\/ta\u015bmy-samoprzylepne\\\/produkcja-obrobka-aluminium\\\/ca-25-pp-strapping-tape\\\/\",\"name\":\"Ta\u015bma spinaj\u0105ca CA-25 PP | Cardinal TAPES\",\"isPartOf\":{\"@id\":\"https:\\\/\\\/cardinal-tapes.com\\\/#website\"},\"primaryImageOfPage\":{\"@id\":\"https:\\\/\\\/cardinal-tapes.com\\\/pl\\\/ta\u015bmy-samoprzylepne\\\/produkcja-obrobka-aluminium\\\/ca-25-pp-strapping-tape\\\/#primaryimage\"},\"image\":{\"@id\":\"https:\\\/\\\/cardinal-tapes.com\\\/pl\\\/ta\u015bmy-samoprzylepne\\\/produkcja-obrobka-aluminium\\\/ca-25-pp-strapping-tape\\\/#primaryimage\"},\"thumbnailUrl\":\"https:\\\/\\\/cardinal-tapes.com\\\/wp-content\\\/uploads\\\/CA_25-1.jpg\",\"datePublished\":\"2023-06-05T15:22:29+00:00\",\"description\":\"CA-25 to ta\u015bma spinaj\u0105ca o bardzo wysokiej wytrzyma\u0142o\u015bci na rozci\u0105ganie do wi\u0105zania ci\u0119\u017ckich towar\u00f3w i mocowania komponent\u00f3w podczas transportu i przechowywania.\",\"breadcrumb\":{\"@id\":\"https:\\\/\\\/cardinal-tapes.com\\\/pl\\\/ta\u015bmy-samoprzylepne\\\/produkcja-obrobka-aluminium\\\/ca-25-pp-strapping-tape\\\/#breadcrumb\"},\"inLanguage\":\"pl-PL\",\"potentialAction\":[{\"@type\":\"ReadAction\",\"target\":[\"https:\\\/\\\/cardinal-tapes.com\\\/pl\\\/ta\u015bmy-samoprzylepne\\\/produkcja-obrobka-aluminium\\\/ca-25-pp-strapping-tape\\\/\"]}]},{\"@type\":\"ImageObject\",\"inLanguage\":\"pl-PL\",\"@id\":\"https:\\\/\\\/cardinal-tapes.com\\\/pl\\\/ta\u015bmy-samoprzylepne\\\/produkcja-obrobka-aluminium\\\/ca-25-pp-strapping-tape\\\/#primaryimage\",\"url\":\"https:\\\/\\\/cardinal-tapes.com\\\/wp-content\\\/uploads\\\/CA_25-1.jpg\",\"contentUrl\":\"https:\\\/\\\/cardinal-tapes.com\\\/wp-content\\\/uploads\\\/CA_25-1.jpg\",\"width\":1400,\"height\":1400,\"caption\":\"CA_25\"},{\"@type\":\"BreadcrumbList\",\"@id\":\"https:\\\/\\\/cardinal-tapes.com\\\/pl\\\/ta\u015bmy-samoprzylepne\\\/produkcja-obrobka-aluminium\\\/ca-25-pp-strapping-tape\\\/#breadcrumb\",\"itemListElement\":[{\"@type\":\"ListItem\",\"position\":1,\"name\":\"Startseite\",\"item\":\"https:\\\/\\\/cardinal-tapes.com\\\/pl\\\/strona-glowna\\\/\"},{\"@type\":\"ListItem\",\"position\":2,\"name\":\"Ta\u015bmy samoprzylepne\",\"item\":\"https:\\\/\\\/cardinal-tapes.com\\\/pl\\\/tasmy-samoprzylepne-pl\\\/\"},{\"@type\":\"ListItem\",\"position\":3,\"name\":\"Przemys\u0142 motoryzacyjny\",\"item\":\"https:\\\/\\\/cardinal-tapes.com\\\/pl\\\/kategoria\\\/przemysl-motoryzacyjny\\\/\"},{\"@type\":\"ListItem\",\"position\":4,\"name\":\"Ta\u015bma klej\u0105ca do ta\u015bm CA-25 PP\"}]},{\"@type\":\"WebSite\",\"@id\":\"https:\\\/\\\/cardinal-tapes.com\\\/#website\",\"url\":\"https:\\\/\\\/cardinal-tapes.com\\\/\",\"name\":\"cardinal TAPES\",\"description\":\"Klebetechnik aus Wuppertal\",\"potentialAction\":[{\"@type\":\"SearchAction\",\"target\":{\"@type\":\"EntryPoint\",\"urlTemplate\":\"https:\\\/\\\/cardinal-tapes.com\\\/?s={search_term_string}\"},\"query-input\":{\"@type\":\"PropertyValueSpecification\",\"valueRequired\":true,\"valueName\":\"search_term_string\"}}],\"inLanguage\":\"pl-PL\"}]}<\/script>\n<!-- \/ Yoast SEO plugin. -->","yoast_head_json":{"title":"Ta\u015bma spinaj\u0105ca CA-25 PP | Cardinal TAPES","description":"CA-25 to ta\u015bma spinaj\u0105ca o bardzo wysokiej wytrzyma\u0142o\u015bci na rozci\u0105ganie do wi\u0105zania ci\u0119\u017ckich towar\u00f3w i mocowania komponent\u00f3w podczas transportu i przechowywania.","robots":{"index":"index","follow":"follow","max-snippet":"max-snippet:-1","max-image-preview":"max-image-preview:large","max-video-preview":"max-video-preview:-1"},"canonical":"https:\/\/cardinal-tapes.com\/pl\/ta\u015bmy-samoprzylepne\/produkcja-obrobka-aluminium\/ca-25-pp-strapping-tape\/","og_locale":"pl_PL","og_type":"article","og_title":"Ta\u015bma spinaj\u0105ca CA-25 PP | Cardinal TAPES","og_description":"CA-25 to ta\u015bma spinaj\u0105ca o bardzo wysokiej wytrzyma\u0142o\u015bci na rozci\u0105ganie do wi\u0105zania ci\u0119\u017ckich towar\u00f3w i mocowania komponent\u00f3w podczas transportu i przechowywania.","og_url":"https:\/\/cardinal-tapes.com\/pl\/ta\u015bmy-samoprzylepne\/produkcja-obrobka-aluminium\/ca-25-pp-strapping-tape\/","og_site_name":"cardinal TAPES","og_image":[{"width":1400,"height":1400,"url":"https:\/\/cardinal-tapes.com\/wp-content\/uploads\/CA_25-1.jpg","type":"image\/jpeg"}],"twitter_card":"summary_large_image","schema":{"@context":"https:\/\/schema.org","@graph":[{"@type":"WebPage","@id":"https:\/\/cardinal-tapes.com\/pl\/ta\u015bmy-samoprzylepne\/produkcja-obrobka-aluminium\/ca-25-pp-strapping-tape\/","url":"https:\/\/cardinal-tapes.com\/pl\/ta\u015bmy-samoprzylepne\/produkcja-obrobka-aluminium\/ca-25-pp-strapping-tape\/","name":"Ta\u015bma spinaj\u0105ca CA-25 PP | Cardinal TAPES","isPartOf":{"@id":"https:\/\/cardinal-tapes.com\/#website"},"primaryImageOfPage":{"@id":"https:\/\/cardinal-tapes.com\/pl\/ta\u015bmy-samoprzylepne\/produkcja-obrobka-aluminium\/ca-25-pp-strapping-tape\/#primaryimage"},"image":{"@id":"https:\/\/cardinal-tapes.com\/pl\/ta\u015bmy-samoprzylepne\/produkcja-obrobka-aluminium\/ca-25-pp-strapping-tape\/#primaryimage"},"thumbnailUrl":"https:\/\/cardinal-tapes.com\/wp-content\/uploads\/CA_25-1.jpg","datePublished":"2023-06-05T15:22:29+00:00","description":"CA-25 to ta\u015bma spinaj\u0105ca o bardzo wysokiej wytrzyma\u0142o\u015bci na rozci\u0105ganie do wi\u0105zania ci\u0119\u017ckich towar\u00f3w i mocowania komponent\u00f3w podczas transportu i przechowywania.","breadcrumb":{"@id":"https:\/\/cardinal-tapes.com\/pl\/ta\u015bmy-samoprzylepne\/produkcja-obrobka-aluminium\/ca-25-pp-strapping-tape\/#breadcrumb"},"inLanguage":"pl-PL","potentialAction":[{"@type":"ReadAction","target":["https:\/\/cardinal-tapes.com\/pl\/ta\u015bmy-samoprzylepne\/produkcja-obrobka-aluminium\/ca-25-pp-strapping-tape\/"]}]},{"@type":"ImageObject","inLanguage":"pl-PL","@id":"https:\/\/cardinal-tapes.com\/pl\/ta\u015bmy-samoprzylepne\/produkcja-obrobka-aluminium\/ca-25-pp-strapping-tape\/#primaryimage","url":"https:\/\/cardinal-tapes.com\/wp-content\/uploads\/CA_25-1.jpg","contentUrl":"https:\/\/cardinal-tapes.com\/wp-content\/uploads\/CA_25-1.jpg","width":1400,"height":1400,"caption":"CA_25"},{"@type":"BreadcrumbList","@id":"https:\/\/cardinal-tapes.com\/pl\/ta\u015bmy-samoprzylepne\/produkcja-obrobka-aluminium\/ca-25-pp-strapping-tape\/#breadcrumb","itemListElement":[{"@type":"ListItem","position":1,"name":"Startseite","item":"https:\/\/cardinal-tapes.com\/pl\/strona-glowna\/"},{"@type":"ListItem","position":2,"name":"Ta\u015bmy samoprzylepne","item":"https:\/\/cardinal-tapes.com\/pl\/tasmy-samoprzylepne-pl\/"},{"@type":"ListItem","position":3,"name":"Przemys\u0142 motoryzacyjny","item":"https:\/\/cardinal-tapes.com\/pl\/kategoria\/przemysl-motoryzacyjny\/"},{"@type":"ListItem","position":4,"name":"Ta\u015bma klej\u0105ca do ta\u015bm CA-25 PP"}]},{"@type":"WebSite","@id":"https:\/\/cardinal-tapes.com\/#website","url":"https:\/\/cardinal-tapes.com\/","name":"cardinal TAPES","description":"Klebetechnik aus Wuppertal","potentialAction":[{"@type":"SearchAction","target":{"@type":"EntryPoint","urlTemplate":"https:\/\/cardinal-tapes.com\/?s={search_term_string}"},"query-input":{"@type":"PropertyValueSpecification","valueRequired":true,"valueName":"search_term_string"}}],"inLanguage":"pl-PL"}]}},"brands":[{"id":2173,"name":"cardinal GmbH","slug":"cardinal-gmbh-pl"}],"_links":{"self":[{"href":"https:\/\/cardinal-tapes.com\/pl\/wp-json\/wp\/v2\/product\/54656","targetHints":{"allow":["GET"]}}],"collection":[{"href":"https:\/\/cardinal-tapes.com\/pl\/wp-json\/wp\/v2\/product"}],"about":[{"href":"https:\/\/cardinal-tapes.com\/pl\/wp-json\/wp\/v2\/types\/product"}],"wp:featuredmedia":[{"embeddable":true,"href":"https:\/\/cardinal-tapes.com\/pl\/wp-json\/wp\/v2\/media\/26842"}],"wp:attachment":[{"href":"https:\/\/cardinal-tapes.com\/pl\/wp-json\/wp\/v2\/media?parent=54656"}],"wp:term":[{"taxonomy":"pwb-brand","embeddable":true,"href":"https:\/\/cardinal-tapes.com\/pl\/wp-json\/wp\/v2\/pwb-brand?post=54656"},{"taxonomy":"product_brand","embeddable":true,"href":"https:\/\/cardinal-tapes.com\/pl\/wp-json\/wp\/v2\/product_brand?post=54656"},{"taxonomy":"product_cat","embeddable":true,"href":"https:\/\/cardinal-tapes.com\/pl\/wp-json\/wp\/v2\/product_cat?post=54656"},{"taxonomy":"product_tag","embeddable":true,"href":"https:\/\/cardinal-tapes.com\/pl\/wp-json\/wp\/v2\/product_tag?post=54656"}],"curies":[{"name":"wp","href":"https:\/\/api.w.org\/{rel}","templated":true}]}}