{"id":54460,"date":"2018-03-19T14:33:15","date_gmt":"2023-06-05T15:22:23","guid":{"rendered":"https:\/\/cardinal.pixel-tal.de\/klebebaender\/bez-kategorii\/tesa-57827-uniwersalny-klej-w-pustej-butelce-90g\/"},"modified":"2023-06-05T17:22:23","modified_gmt":"2023-06-05T15:22:23","slug":"tesa-57827-all-glue-empty-bottle","status":"publish","type":"product","link":"https:\/\/cardinal-tapes.com\/pl\/ta\u015bmy-samoprzylepne\/kleje-w-plynie\/kleje\/tesa-57827-all-glue-empty-bottle\/","title":{"rendered":"tesa 57827 Uniwersalny klej w pustej butelce 90g"},"content":{"rendered":"<p>Praktyczny, przezroczysty<a href=\"https:\/\/cardinal-tapes.com\/klebebaender\/fluessigkleber\/klebstoffe\/tesa-60151-haftvermittler\/\"> klej uniwersalny tesa\u00ae<\/a> to niezast\u0105piony pomocnik przy wszelkich pracach r\u0119kodzielniczych i klejeniu w domu, biurze i warsztacie.<br \/>\nPuste butelki 90 g s\u0105 idealne do porcjowania kleju.<\/p>\n","protected":false},"excerpt":{"rendered":"<p>Praktyczny, przezroczysty klej uniwersalny tesa\u00ae to niezast\u0105piony pomocnik przy wszelkich pracach r\u0119kodzielniczych i klejeniu w domu, biurze i warsztacie. Puste butelki 90 g s\u0105 idealne do porcjowania kleju.<\/p>\n","protected":false},"featured_media":26706,"template":"","meta":{"_acf_changed":false},"pwb-brand":[2164],"product_brand":[],"product_cat":[1864,1865],"product_tag":[],"class_list":{"0":"post-54460","1":"product","2":"type-product","3":"status-publish","4":"has-post-thumbnail","6":"pwb-brand-tesa-pl","7":"product_cat-kleje-w-plynie","8":"product_cat-kleje","10":"first","11":"instock","12":"taxable","13":"shipping-taxable","14":"purchasable","15":"product-type-simple"},"acf":[],"yoast_head":"<!-- This site is optimized with the Yoast SEO plugin v27.3 - https:\/\/yoast.com\/product\/yoast-seo-wordpress\/ -->\n<title>tesa 57827 uniwersalny klej 90g pusta butelka | ta\u015bmy kardynalne<\/title>\n<meta name=\"description\" content=\"Praktyczny, przezroczysty klej uniwersalny tesa\u00ae to niezast\u0105piony pomocnik przy wszelkich pracach r\u0119kodzielniczych i klejeniu w domu, biurze i warsztacie.\" \/>\n<meta name=\"robots\" content=\"index, follow, max-snippet:-1, max-image-preview:large, max-video-preview:-1\" \/>\n<link rel=\"canonical\" href=\"https:\/\/cardinal-tapes.com\/pl\/ta\u015bmy-samoprzylepne\/kleje-w-plynie\/tesa-57827-all-glue-empty-bottle\/\" \/>\n<meta property=\"og:locale\" content=\"pl_PL\" \/>\n<meta property=\"og:type\" content=\"article\" \/>\n<meta property=\"og:title\" content=\"tesa 57827 uniwersalny klej 90g pusta butelka | ta\u015bmy kardynalne\" \/>\n<meta property=\"og:description\" content=\"Praktyczny, przezroczysty klej uniwersalny tesa\u00ae to niezast\u0105piony pomocnik przy wszelkich pracach r\u0119kodzielniczych i klejeniu w domu, biurze i warsztacie.\" \/>\n<meta property=\"og:url\" content=\"https:\/\/cardinal-tapes.com\/pl\/ta\u015bmy-samoprzylepne\/kleje-w-plynie\/tesa-57827-all-glue-empty-bottle\/\" \/>\n<meta property=\"og:site_name\" content=\"cardinal TAPES\" \/>\n<meta property=\"og:image\" content=\"https:\/\/cardinal-tapes.com\/wp-content\/uploads\/DSC5594_Alleskleber_90g_web.jpg\" \/>\n\t<meta property=\"og:image:width\" content=\"339\" \/>\n\t<meta property=\"og:image:height\" content=\"543\" \/>\n\t<meta property=\"og:image:type\" content=\"image\/jpeg\" \/>\n<meta name=\"twitter:card\" content=\"summary_large_image\" \/>\n<script type=\"application\/ld+json\" class=\"yoast-schema-graph\">{\"@context\":\"https:\\\/\\\/schema.org\",\"@graph\":[{\"@type\":\"WebPage\",\"@id\":\"https:\\\/\\\/cardinal-tapes.com\\\/pl\\\/ta\u015bmy-samoprzylepne\\\/kleje-w-plynie\\\/tesa-57827-all-glue-empty-bottle\\\/\",\"url\":\"https:\\\/\\\/cardinal-tapes.com\\\/pl\\\/ta\u015bmy-samoprzylepne\\\/kleje-w-plynie\\\/tesa-57827-all-glue-empty-bottle\\\/\",\"name\":\"tesa 57827 uniwersalny klej 90g pusta butelka | ta\u015bmy kardynalne\",\"isPartOf\":{\"@id\":\"https:\\\/\\\/cardinal-tapes.com\\\/#website\"},\"primaryImageOfPage\":{\"@id\":\"https:\\\/\\\/cardinal-tapes.com\\\/pl\\\/ta\u015bmy-samoprzylepne\\\/kleje-w-plynie\\\/tesa-57827-all-glue-empty-bottle\\\/#primaryimage\"},\"image\":{\"@id\":\"https:\\\/\\\/cardinal-tapes.com\\\/pl\\\/ta\u015bmy-samoprzylepne\\\/kleje-w-plynie\\\/tesa-57827-all-glue-empty-bottle\\\/#primaryimage\"},\"thumbnailUrl\":\"https:\\\/\\\/cardinal-tapes.com\\\/wp-content\\\/uploads\\\/DSC5594_Alleskleber_90g_web.jpg\",\"datePublished\":\"2023-06-05T15:22:23+00:00\",\"description\":\"Praktyczny, przezroczysty klej uniwersalny tesa\u00ae to niezast\u0105piony pomocnik przy wszelkich pracach r\u0119kodzielniczych i klejeniu w domu, biurze i warsztacie.\",\"breadcrumb\":{\"@id\":\"https:\\\/\\\/cardinal-tapes.com\\\/pl\\\/ta\u015bmy-samoprzylepne\\\/kleje-w-plynie\\\/tesa-57827-all-glue-empty-bottle\\\/#breadcrumb\"},\"inLanguage\":\"pl-PL\",\"potentialAction\":[{\"@type\":\"ReadAction\",\"target\":[\"https:\\\/\\\/cardinal-tapes.com\\\/pl\\\/ta\u015bmy-samoprzylepne\\\/kleje-w-plynie\\\/tesa-57827-all-glue-empty-bottle\\\/\"]}]},{\"@type\":\"ImageObject\",\"inLanguage\":\"pl-PL\",\"@id\":\"https:\\\/\\\/cardinal-tapes.com\\\/pl\\\/ta\u015bmy-samoprzylepne\\\/kleje-w-plynie\\\/tesa-57827-all-glue-empty-bottle\\\/#primaryimage\",\"url\":\"https:\\\/\\\/cardinal-tapes.com\\\/wp-content\\\/uploads\\\/DSC5594_Alleskleber_90g_web.jpg\",\"contentUrl\":\"https:\\\/\\\/cardinal-tapes.com\\\/wp-content\\\/uploads\\\/DSC5594_Alleskleber_90g_web.jpg\",\"width\":339,\"height\":543,\"caption\":\"SONY DSC\"},{\"@type\":\"BreadcrumbList\",\"@id\":\"https:\\\/\\\/cardinal-tapes.com\\\/pl\\\/ta\u015bmy-samoprzylepne\\\/kleje-w-plynie\\\/tesa-57827-all-glue-empty-bottle\\\/#breadcrumb\",\"itemListElement\":[{\"@type\":\"ListItem\",\"position\":1,\"name\":\"Startseite\",\"item\":\"https:\\\/\\\/cardinal-tapes.com\\\/pl\\\/strona-glowna\\\/\"},{\"@type\":\"ListItem\",\"position\":2,\"name\":\"Ta\u015bmy samoprzylepne\",\"item\":\"https:\\\/\\\/cardinal-tapes.com\\\/pl\\\/tasmy-samoprzylepne-pl\\\/\"},{\"@type\":\"ListItem\",\"position\":3,\"name\":\"Kleje w p\u0142ynie\",\"item\":\"https:\\\/\\\/cardinal-tapes.com\\\/pl\\\/kategoria\\\/kleje-w-plynie\\\/\"},{\"@type\":\"ListItem\",\"position\":4,\"name\":\"tesa 57827 Uniwersalny klej w pustej butelce 90g\"}]},{\"@type\":\"WebSite\",\"@id\":\"https:\\\/\\\/cardinal-tapes.com\\\/#website\",\"url\":\"https:\\\/\\\/cardinal-tapes.com\\\/\",\"name\":\"cardinal TAPES\",\"description\":\"Klebetechnik aus Wuppertal\",\"potentialAction\":[{\"@type\":\"SearchAction\",\"target\":{\"@type\":\"EntryPoint\",\"urlTemplate\":\"https:\\\/\\\/cardinal-tapes.com\\\/?s={search_term_string}\"},\"query-input\":{\"@type\":\"PropertyValueSpecification\",\"valueRequired\":true,\"valueName\":\"search_term_string\"}}],\"inLanguage\":\"pl-PL\"}]}<\/script>\n<!-- \/ Yoast SEO plugin. -->","yoast_head_json":{"title":"tesa 57827 uniwersalny klej 90g pusta butelka | ta\u015bmy kardynalne","description":"Praktyczny, przezroczysty klej uniwersalny tesa\u00ae to niezast\u0105piony pomocnik przy wszelkich pracach r\u0119kodzielniczych i klejeniu w domu, biurze i warsztacie.","robots":{"index":"index","follow":"follow","max-snippet":"max-snippet:-1","max-image-preview":"max-image-preview:large","max-video-preview":"max-video-preview:-1"},"canonical":"https:\/\/cardinal-tapes.com\/pl\/ta\u015bmy-samoprzylepne\/kleje-w-plynie\/tesa-57827-all-glue-empty-bottle\/","og_locale":"pl_PL","og_type":"article","og_title":"tesa 57827 uniwersalny klej 90g pusta butelka | ta\u015bmy kardynalne","og_description":"Praktyczny, przezroczysty klej uniwersalny tesa\u00ae to niezast\u0105piony pomocnik przy wszelkich pracach r\u0119kodzielniczych i klejeniu w domu, biurze i warsztacie.","og_url":"https:\/\/cardinal-tapes.com\/pl\/ta\u015bmy-samoprzylepne\/kleje-w-plynie\/tesa-57827-all-glue-empty-bottle\/","og_site_name":"cardinal TAPES","og_image":[{"width":339,"height":543,"url":"https:\/\/cardinal-tapes.com\/wp-content\/uploads\/DSC5594_Alleskleber_90g_web.jpg","type":"image\/jpeg"}],"twitter_card":"summary_large_image","schema":{"@context":"https:\/\/schema.org","@graph":[{"@type":"WebPage","@id":"https:\/\/cardinal-tapes.com\/pl\/ta\u015bmy-samoprzylepne\/kleje-w-plynie\/tesa-57827-all-glue-empty-bottle\/","url":"https:\/\/cardinal-tapes.com\/pl\/ta\u015bmy-samoprzylepne\/kleje-w-plynie\/tesa-57827-all-glue-empty-bottle\/","name":"tesa 57827 uniwersalny klej 90g pusta butelka | ta\u015bmy kardynalne","isPartOf":{"@id":"https:\/\/cardinal-tapes.com\/#website"},"primaryImageOfPage":{"@id":"https:\/\/cardinal-tapes.com\/pl\/ta\u015bmy-samoprzylepne\/kleje-w-plynie\/tesa-57827-all-glue-empty-bottle\/#primaryimage"},"image":{"@id":"https:\/\/cardinal-tapes.com\/pl\/ta\u015bmy-samoprzylepne\/kleje-w-plynie\/tesa-57827-all-glue-empty-bottle\/#primaryimage"},"thumbnailUrl":"https:\/\/cardinal-tapes.com\/wp-content\/uploads\/DSC5594_Alleskleber_90g_web.jpg","datePublished":"2023-06-05T15:22:23+00:00","description":"Praktyczny, przezroczysty klej uniwersalny tesa\u00ae to niezast\u0105piony pomocnik przy wszelkich pracach r\u0119kodzielniczych i klejeniu w domu, biurze i warsztacie.","breadcrumb":{"@id":"https:\/\/cardinal-tapes.com\/pl\/ta\u015bmy-samoprzylepne\/kleje-w-plynie\/tesa-57827-all-glue-empty-bottle\/#breadcrumb"},"inLanguage":"pl-PL","potentialAction":[{"@type":"ReadAction","target":["https:\/\/cardinal-tapes.com\/pl\/ta\u015bmy-samoprzylepne\/kleje-w-plynie\/tesa-57827-all-glue-empty-bottle\/"]}]},{"@type":"ImageObject","inLanguage":"pl-PL","@id":"https:\/\/cardinal-tapes.com\/pl\/ta\u015bmy-samoprzylepne\/kleje-w-plynie\/tesa-57827-all-glue-empty-bottle\/#primaryimage","url":"https:\/\/cardinal-tapes.com\/wp-content\/uploads\/DSC5594_Alleskleber_90g_web.jpg","contentUrl":"https:\/\/cardinal-tapes.com\/wp-content\/uploads\/DSC5594_Alleskleber_90g_web.jpg","width":339,"height":543,"caption":"SONY DSC"},{"@type":"BreadcrumbList","@id":"https:\/\/cardinal-tapes.com\/pl\/ta\u015bmy-samoprzylepne\/kleje-w-plynie\/tesa-57827-all-glue-empty-bottle\/#breadcrumb","itemListElement":[{"@type":"ListItem","position":1,"name":"Startseite","item":"https:\/\/cardinal-tapes.com\/pl\/strona-glowna\/"},{"@type":"ListItem","position":2,"name":"Ta\u015bmy samoprzylepne","item":"https:\/\/cardinal-tapes.com\/pl\/tasmy-samoprzylepne-pl\/"},{"@type":"ListItem","position":3,"name":"Kleje w p\u0142ynie","item":"https:\/\/cardinal-tapes.com\/pl\/kategoria\/kleje-w-plynie\/"},{"@type":"ListItem","position":4,"name":"tesa 57827 Uniwersalny klej w pustej butelce 90g"}]},{"@type":"WebSite","@id":"https:\/\/cardinal-tapes.com\/#website","url":"https:\/\/cardinal-tapes.com\/","name":"cardinal TAPES","description":"Klebetechnik aus Wuppertal","potentialAction":[{"@type":"SearchAction","target":{"@type":"EntryPoint","urlTemplate":"https:\/\/cardinal-tapes.com\/?s={search_term_string}"},"query-input":{"@type":"PropertyValueSpecification","valueRequired":true,"valueName":"search_term_string"}}],"inLanguage":"pl-PL"}]}},"brands":[{"id":2164,"name":"tesa","slug":"tesa-pl"}],"_links":{"self":[{"href":"https:\/\/cardinal-tapes.com\/pl\/wp-json\/wp\/v2\/product\/54460","targetHints":{"allow":["GET"]}}],"collection":[{"href":"https:\/\/cardinal-tapes.com\/pl\/wp-json\/wp\/v2\/product"}],"about":[{"href":"https:\/\/cardinal-tapes.com\/pl\/wp-json\/wp\/v2\/types\/product"}],"wp:featuredmedia":[{"embeddable":true,"href":"https:\/\/cardinal-tapes.com\/pl\/wp-json\/wp\/v2\/media\/26706"}],"wp:attachment":[{"href":"https:\/\/cardinal-tapes.com\/pl\/wp-json\/wp\/v2\/media?parent=54460"}],"wp:term":[{"taxonomy":"pwb-brand","embeddable":true,"href":"https:\/\/cardinal-tapes.com\/pl\/wp-json\/wp\/v2\/pwb-brand?post=54460"},{"taxonomy":"product_brand","embeddable":true,"href":"https:\/\/cardinal-tapes.com\/pl\/wp-json\/wp\/v2\/product_brand?post=54460"},{"taxonomy":"product_cat","embeddable":true,"href":"https:\/\/cardinal-tapes.com\/pl\/wp-json\/wp\/v2\/product_cat?post=54460"},{"taxonomy":"product_tag","embeddable":true,"href":"https:\/\/cardinal-tapes.com\/pl\/wp-json\/wp\/v2\/product_tag?post=54460"}],"curies":[{"name":"wp","href":"https:\/\/api.w.org\/{rel}","templated":true}]}}