{"id":53984,"date":"2018-03-27T14:21:37","date_gmt":"2023-06-05T15:22:10","guid":{"rendered":"https:\/\/cardinal.pixel-tal.de\/klebebaender\/bez-kategorii\/ca-987-tasma-z-gumy-komorkowej\/"},"modified":"2025-07-02T14:17:30","modified_gmt":"2025-07-02T12:17:30","slug":"ca-987-tasma-samoprzylepna-z-kauczuku-komorkowego","status":"publish","type":"product","link":"https:\/\/cardinal-tapes.com\/pl\/ta\u015bmy-samoprzylepne\/jednostronne-tasmy-samoprzylepne\/ca-987-tasma-samoprzylepna-z-kauczuku-komorkowego\/","title":{"rendered":"CA-987 Ta\u015bma z gumy kom\u00f3rkowej"},"content":{"rendered":"<p>Ta\u015bma z gumy kom\u00f3rkowej EPDM jest stosowana jako uniwersalna ta\u015bma samoprzylepna do uszczelniania przed wilgoci\u0105 i py\u0142em na zwyk\u0142ych, g\u0142adkich powierzchniach, np. na drewnie, metalu, szkle, powierzchniach mineralnych lub tworzywach sztucznych. Mo\u017ce by\u0107 r\u00f3wnie\u017c stosowana do okien i drzwi jako ta\u015bma uszczelniaj\u0105ca po\u0142\u0105czenia. EPDM jest u\u017cywany szczeg\u00f3lnie do zastosowa\u0144 zewn\u0119trznych ze wzgl\u0119du na jego wysok\u0105 odporno\u015b\u0107 na starzenie i warunki atmosferyczne.<\/p>\n","protected":false},"excerpt":{"rendered":"<p>Ta\u015bma z gumy kom\u00f3rkowej EPDM jest stosowana jako uniwersalna ta\u015bma samoprzylepna do uszczelniania przed wilgoci\u0105 i py\u0142em na zwyk\u0142ych, g\u0142adkich powierzchniach, np. na drewnie, metalu, szkle, powierzchniach mineralnych lub tworzywach sztucznych. Mo\u017ce by\u0107 r\u00f3wnie\u017c stosowana do okien i drzwi jako ta\u015bma uszczelniaj\u0105ca po\u0142\u0105czenia. EPDM jest u\u017cywany szczeg\u00f3lnie do zastosowa\u0144 zewn\u0119trznych ze wzgl\u0119du na jego wysok\u0105 [&hellip;]<\/p>\n","protected":false},"featured_media":27186,"template":"","meta":{"_acf_changed":false},"pwb-brand":[2173],"product_brand":[],"product_cat":[1816],"product_tag":[],"class_list":{"0":"post-53984","1":"product","2":"type-product","3":"status-publish","4":"has-post-thumbnail","6":"pwb-brand-cardinal-gmbh-pl","7":"product_cat-jednostronne-tasmy-samoprzylepne","9":"first","10":"instock","11":"taxable","12":"shipping-taxable","13":"purchasable","14":"product-type-variable"},"acf":[],"yoast_head":"<!-- This site is optimized with the Yoast SEO plugin v27.3 - https:\/\/yoast.com\/product\/yoast-seo-wordpress\/ -->\n<title>CA-987 Ta\u015bma klej\u0105ca z kauczuku kom\u00f3rkowego | Cardinal TAPES<\/title>\n<meta name=\"description\" content=\"CA-987 to ta\u015bma z gumy kom\u00f3rkowej EPDM, stosowana jako uniwersalna ta\u015bma samoprzylepna do uszczelniania przed wilgoci\u0105, kurzem i nie tylko.\" \/>\n<meta name=\"robots\" content=\"index, follow, max-snippet:-1, max-image-preview:large, max-video-preview:-1\" \/>\n<link rel=\"canonical\" href=\"https:\/\/cardinal-tapes.com\/pl\/ta\u015bmy-samoprzylepne\/jednostronne-tasmy-samoprzylepne\/ca-987-tasma-samoprzylepna-z-kauczuku-komorkowego\/\" \/>\n<meta property=\"og:locale\" content=\"pl_PL\" \/>\n<meta property=\"og:type\" content=\"article\" \/>\n<meta property=\"og:title\" content=\"CA-987 Ta\u015bma klej\u0105ca z kauczuku kom\u00f3rkowego | Cardinal TAPES\" \/>\n<meta property=\"og:description\" content=\"CA-987 to ta\u015bma z gumy kom\u00f3rkowej EPDM, stosowana jako uniwersalna ta\u015bma samoprzylepna do uszczelniania przed wilgoci\u0105, kurzem i nie tylko.\" \/>\n<meta property=\"og:url\" content=\"https:\/\/cardinal-tapes.com\/pl\/ta\u015bmy-samoprzylepne\/jednostronne-tasmy-samoprzylepne\/ca-987-tasma-samoprzylepna-z-kauczuku-komorkowego\/\" \/>\n<meta property=\"og:site_name\" content=\"cardinal TAPES\" \/>\n<meta property=\"article:modified_time\" content=\"2025-07-02T12:17:30+00:00\" \/>\n<meta property=\"og:image\" content=\"https:\/\/cardinal-tapes.com\/wp-content\/uploads\/CA_987_retouched.jpg\" \/>\n\t<meta property=\"og:image:width\" content=\"1162\" \/>\n\t<meta property=\"og:image:height\" content=\"1400\" \/>\n\t<meta property=\"og:image:type\" content=\"image\/jpeg\" \/>\n<meta name=\"twitter:card\" content=\"summary_large_image\" \/>\n<script type=\"application\/ld+json\" class=\"yoast-schema-graph\">{\"@context\":\"https:\\\/\\\/schema.org\",\"@graph\":[{\"@type\":\"WebPage\",\"@id\":\"https:\\\/\\\/cardinal-tapes.com\\\/pl\\\/ta\u015bmy-samoprzylepne\\\/jednostronne-tasmy-samoprzylepne\\\/ca-987-tasma-samoprzylepna-z-kauczuku-komorkowego\\\/\",\"url\":\"https:\\\/\\\/cardinal-tapes.com\\\/pl\\\/ta\u015bmy-samoprzylepne\\\/jednostronne-tasmy-samoprzylepne\\\/ca-987-tasma-samoprzylepna-z-kauczuku-komorkowego\\\/\",\"name\":\"CA-987 Ta\u015bma klej\u0105ca z kauczuku kom\u00f3rkowego | Cardinal TAPES\",\"isPartOf\":{\"@id\":\"https:\\\/\\\/cardinal-tapes.com\\\/#website\"},\"primaryImageOfPage\":{\"@id\":\"https:\\\/\\\/cardinal-tapes.com\\\/pl\\\/ta\u015bmy-samoprzylepne\\\/jednostronne-tasmy-samoprzylepne\\\/ca-987-tasma-samoprzylepna-z-kauczuku-komorkowego\\\/#primaryimage\"},\"image\":{\"@id\":\"https:\\\/\\\/cardinal-tapes.com\\\/pl\\\/ta\u015bmy-samoprzylepne\\\/jednostronne-tasmy-samoprzylepne\\\/ca-987-tasma-samoprzylepna-z-kauczuku-komorkowego\\\/#primaryimage\"},\"thumbnailUrl\":\"https:\\\/\\\/cardinal-tapes.com\\\/wp-content\\\/uploads\\\/CA_987_retouched.jpg\",\"datePublished\":\"2023-06-05T15:22:10+00:00\",\"dateModified\":\"2025-07-02T12:17:30+00:00\",\"description\":\"CA-987 to ta\u015bma z gumy kom\u00f3rkowej EPDM, stosowana jako uniwersalna ta\u015bma samoprzylepna do uszczelniania przed wilgoci\u0105, kurzem i nie tylko.\",\"breadcrumb\":{\"@id\":\"https:\\\/\\\/cardinal-tapes.com\\\/pl\\\/ta\u015bmy-samoprzylepne\\\/jednostronne-tasmy-samoprzylepne\\\/ca-987-tasma-samoprzylepna-z-kauczuku-komorkowego\\\/#breadcrumb\"},\"inLanguage\":\"pl-PL\",\"potentialAction\":[{\"@type\":\"ReadAction\",\"target\":[\"https:\\\/\\\/cardinal-tapes.com\\\/pl\\\/ta\u015bmy-samoprzylepne\\\/jednostronne-tasmy-samoprzylepne\\\/ca-987-tasma-samoprzylepna-z-kauczuku-komorkowego\\\/\"]}]},{\"@type\":\"ImageObject\",\"inLanguage\":\"pl-PL\",\"@id\":\"https:\\\/\\\/cardinal-tapes.com\\\/pl\\\/ta\u015bmy-samoprzylepne\\\/jednostronne-tasmy-samoprzylepne\\\/ca-987-tasma-samoprzylepna-z-kauczuku-komorkowego\\\/#primaryimage\",\"url\":\"https:\\\/\\\/cardinal-tapes.com\\\/wp-content\\\/uploads\\\/CA_987_retouched.jpg\",\"contentUrl\":\"https:\\\/\\\/cardinal-tapes.com\\\/wp-content\\\/uploads\\\/CA_987_retouched.jpg\",\"width\":1162,\"height\":1400,\"caption\":\"Ta\u015bma klej\u0105ca CA 987\"},{\"@type\":\"BreadcrumbList\",\"@id\":\"https:\\\/\\\/cardinal-tapes.com\\\/pl\\\/ta\u015bmy-samoprzylepne\\\/jednostronne-tasmy-samoprzylepne\\\/ca-987-tasma-samoprzylepna-z-kauczuku-komorkowego\\\/#breadcrumb\",\"itemListElement\":[{\"@type\":\"ListItem\",\"position\":1,\"name\":\"Startseite\",\"item\":\"https:\\\/\\\/cardinal-tapes.com\\\/pl\\\/strona-glowna\\\/\"},{\"@type\":\"ListItem\",\"position\":2,\"name\":\"Ta\u015bmy samoprzylepne\",\"item\":\"https:\\\/\\\/cardinal-tapes.com\\\/pl\\\/tasmy-samoprzylepne-pl\\\/\"},{\"@type\":\"ListItem\",\"position\":3,\"name\":\"Einseitige Klebeb\u00e4nder\",\"item\":\"https:\\\/\\\/cardinal-tapes.com\\\/kategorie\\\/einseitige-klebebaender\\\/\"},{\"@type\":\"ListItem\",\"position\":4,\"name\":\"CA-987 Ta\u015bma z gumy kom\u00f3rkowej\"}]},{\"@type\":\"WebSite\",\"@id\":\"https:\\\/\\\/cardinal-tapes.com\\\/#website\",\"url\":\"https:\\\/\\\/cardinal-tapes.com\\\/\",\"name\":\"cardinal TAPES\",\"description\":\"Klebetechnik aus Wuppertal\",\"potentialAction\":[{\"@type\":\"SearchAction\",\"target\":{\"@type\":\"EntryPoint\",\"urlTemplate\":\"https:\\\/\\\/cardinal-tapes.com\\\/?s={search_term_string}\"},\"query-input\":{\"@type\":\"PropertyValueSpecification\",\"valueRequired\":true,\"valueName\":\"search_term_string\"}}],\"inLanguage\":\"pl-PL\"}]}<\/script>\n<!-- \/ Yoast SEO plugin. -->","yoast_head_json":{"title":"CA-987 Ta\u015bma klej\u0105ca z kauczuku kom\u00f3rkowego | Cardinal TAPES","description":"CA-987 to ta\u015bma z gumy kom\u00f3rkowej EPDM, stosowana jako uniwersalna ta\u015bma samoprzylepna do uszczelniania przed wilgoci\u0105, kurzem i nie tylko.","robots":{"index":"index","follow":"follow","max-snippet":"max-snippet:-1","max-image-preview":"max-image-preview:large","max-video-preview":"max-video-preview:-1"},"canonical":"https:\/\/cardinal-tapes.com\/pl\/ta\u015bmy-samoprzylepne\/jednostronne-tasmy-samoprzylepne\/ca-987-tasma-samoprzylepna-z-kauczuku-komorkowego\/","og_locale":"pl_PL","og_type":"article","og_title":"CA-987 Ta\u015bma klej\u0105ca z kauczuku kom\u00f3rkowego | Cardinal TAPES","og_description":"CA-987 to ta\u015bma z gumy kom\u00f3rkowej EPDM, stosowana jako uniwersalna ta\u015bma samoprzylepna do uszczelniania przed wilgoci\u0105, kurzem i nie tylko.","og_url":"https:\/\/cardinal-tapes.com\/pl\/ta\u015bmy-samoprzylepne\/jednostronne-tasmy-samoprzylepne\/ca-987-tasma-samoprzylepna-z-kauczuku-komorkowego\/","og_site_name":"cardinal TAPES","article_modified_time":"2025-07-02T12:17:30+00:00","og_image":[{"width":1162,"height":1400,"url":"https:\/\/cardinal-tapes.com\/wp-content\/uploads\/CA_987_retouched.jpg","type":"image\/jpeg"}],"twitter_card":"summary_large_image","schema":{"@context":"https:\/\/schema.org","@graph":[{"@type":"WebPage","@id":"https:\/\/cardinal-tapes.com\/pl\/ta\u015bmy-samoprzylepne\/jednostronne-tasmy-samoprzylepne\/ca-987-tasma-samoprzylepna-z-kauczuku-komorkowego\/","url":"https:\/\/cardinal-tapes.com\/pl\/ta\u015bmy-samoprzylepne\/jednostronne-tasmy-samoprzylepne\/ca-987-tasma-samoprzylepna-z-kauczuku-komorkowego\/","name":"CA-987 Ta\u015bma klej\u0105ca z kauczuku kom\u00f3rkowego | Cardinal TAPES","isPartOf":{"@id":"https:\/\/cardinal-tapes.com\/#website"},"primaryImageOfPage":{"@id":"https:\/\/cardinal-tapes.com\/pl\/ta\u015bmy-samoprzylepne\/jednostronne-tasmy-samoprzylepne\/ca-987-tasma-samoprzylepna-z-kauczuku-komorkowego\/#primaryimage"},"image":{"@id":"https:\/\/cardinal-tapes.com\/pl\/ta\u015bmy-samoprzylepne\/jednostronne-tasmy-samoprzylepne\/ca-987-tasma-samoprzylepna-z-kauczuku-komorkowego\/#primaryimage"},"thumbnailUrl":"https:\/\/cardinal-tapes.com\/wp-content\/uploads\/CA_987_retouched.jpg","datePublished":"2023-06-05T15:22:10+00:00","dateModified":"2025-07-02T12:17:30+00:00","description":"CA-987 to ta\u015bma z gumy kom\u00f3rkowej EPDM, stosowana jako uniwersalna ta\u015bma samoprzylepna do uszczelniania przed wilgoci\u0105, kurzem i nie tylko.","breadcrumb":{"@id":"https:\/\/cardinal-tapes.com\/pl\/ta\u015bmy-samoprzylepne\/jednostronne-tasmy-samoprzylepne\/ca-987-tasma-samoprzylepna-z-kauczuku-komorkowego\/#breadcrumb"},"inLanguage":"pl-PL","potentialAction":[{"@type":"ReadAction","target":["https:\/\/cardinal-tapes.com\/pl\/ta\u015bmy-samoprzylepne\/jednostronne-tasmy-samoprzylepne\/ca-987-tasma-samoprzylepna-z-kauczuku-komorkowego\/"]}]},{"@type":"ImageObject","inLanguage":"pl-PL","@id":"https:\/\/cardinal-tapes.com\/pl\/ta\u015bmy-samoprzylepne\/jednostronne-tasmy-samoprzylepne\/ca-987-tasma-samoprzylepna-z-kauczuku-komorkowego\/#primaryimage","url":"https:\/\/cardinal-tapes.com\/wp-content\/uploads\/CA_987_retouched.jpg","contentUrl":"https:\/\/cardinal-tapes.com\/wp-content\/uploads\/CA_987_retouched.jpg","width":1162,"height":1400,"caption":"Ta\u015bma klej\u0105ca CA 987"},{"@type":"BreadcrumbList","@id":"https:\/\/cardinal-tapes.com\/pl\/ta\u015bmy-samoprzylepne\/jednostronne-tasmy-samoprzylepne\/ca-987-tasma-samoprzylepna-z-kauczuku-komorkowego\/#breadcrumb","itemListElement":[{"@type":"ListItem","position":1,"name":"Startseite","item":"https:\/\/cardinal-tapes.com\/pl\/strona-glowna\/"},{"@type":"ListItem","position":2,"name":"Ta\u015bmy samoprzylepne","item":"https:\/\/cardinal-tapes.com\/pl\/tasmy-samoprzylepne-pl\/"},{"@type":"ListItem","position":3,"name":"Einseitige Klebeb\u00e4nder","item":"https:\/\/cardinal-tapes.com\/kategorie\/einseitige-klebebaender\/"},{"@type":"ListItem","position":4,"name":"CA-987 Ta\u015bma z gumy kom\u00f3rkowej"}]},{"@type":"WebSite","@id":"https:\/\/cardinal-tapes.com\/#website","url":"https:\/\/cardinal-tapes.com\/","name":"cardinal TAPES","description":"Klebetechnik aus Wuppertal","potentialAction":[{"@type":"SearchAction","target":{"@type":"EntryPoint","urlTemplate":"https:\/\/cardinal-tapes.com\/?s={search_term_string}"},"query-input":{"@type":"PropertyValueSpecification","valueRequired":true,"valueName":"search_term_string"}}],"inLanguage":"pl-PL"}]}},"brands":[{"id":2173,"name":"cardinal GmbH","slug":"cardinal-gmbh-pl"}],"_links":{"self":[{"href":"https:\/\/cardinal-tapes.com\/pl\/wp-json\/wp\/v2\/product\/53984","targetHints":{"allow":["GET"]}}],"collection":[{"href":"https:\/\/cardinal-tapes.com\/pl\/wp-json\/wp\/v2\/product"}],"about":[{"href":"https:\/\/cardinal-tapes.com\/pl\/wp-json\/wp\/v2\/types\/product"}],"wp:featuredmedia":[{"embeddable":true,"href":"https:\/\/cardinal-tapes.com\/pl\/wp-json\/wp\/v2\/media\/27186"}],"wp:attachment":[{"href":"https:\/\/cardinal-tapes.com\/pl\/wp-json\/wp\/v2\/media?parent=53984"}],"wp:term":[{"taxonomy":"pwb-brand","embeddable":true,"href":"https:\/\/cardinal-tapes.com\/pl\/wp-json\/wp\/v2\/pwb-brand?post=53984"},{"taxonomy":"product_brand","embeddable":true,"href":"https:\/\/cardinal-tapes.com\/pl\/wp-json\/wp\/v2\/product_brand?post=53984"},{"taxonomy":"product_cat","embeddable":true,"href":"https:\/\/cardinal-tapes.com\/pl\/wp-json\/wp\/v2\/product_cat?post=53984"},{"taxonomy":"product_tag","embeddable":true,"href":"https:\/\/cardinal-tapes.com\/pl\/wp-json\/wp\/v2\/product_tag?post=53984"}],"curies":[{"name":"wp","href":"https:\/\/api.w.org\/{rel}","templated":true}]}}