{"id":53976,"date":"2018-03-21T13:25:24","date_gmt":"2023-06-05T15:22:10","guid":{"rendered":"https:\/\/cardinal.pixel-tal.de\/klebebaender\/bez-kategorii\/tasma-papierowa-ca-20\/"},"modified":"2023-06-05T17:22:10","modified_gmt":"2023-06-05T15:22:10","slug":"tasma-papierowa-ca-20","status":"publish","type":"product","link":"https:\/\/cardinal-tapes.com\/pl\/ta\u015bmy-samoprzylepne\/obszary-zastosowan\/tasma-papierowa\/tasma-papierowa-ca-20\/","title":{"rendered":"Ta\u015bma papierowa CA-20"},"content":{"rendered":"<p>CA-20 to wysokiej jako\u015bci ta\u015bma przemys\u0142owa odpowiednia do wymagaj\u0105cych zastosowa\u0144 zwi\u0105zanych z \u0142\u0105czeniem,<br \/>\ndo zaklejania pocz\u0105tk\u00f3w i ko\u0144c\u00f3w rolek w przemy\u015ble papierniczym, jako ta\u015bma maskuj\u0105ca do piaskowania i jako ta\u015bma pakowa<br \/>\nw przypadku szczeg\u00f3lnego stresu.<\/p>\n","protected":false},"excerpt":{"rendered":"<p>CA-20 to wysokiej jako\u015bci ta\u015bma przemys\u0142owa odpowiednia do wymagaj\u0105cych zastosowa\u0144 zwi\u0105zanych z \u0142\u0105czeniem, do zaklejania pocz\u0105tk\u00f3w i ko\u0144c\u00f3w rolek w przemy\u015ble papierniczym, jako ta\u015bma maskuj\u0105ca do piaskowania i jako ta\u015bma pakowa w przypadku szczeg\u00f3lnego stresu.<\/p>\n","protected":false},"featured_media":26830,"template":"","meta":{"_acf_changed":false},"pwb-brand":[2173],"product_brand":[],"product_cat":[1786,1816],"product_tag":[],"class_list":{"0":"post-53976","1":"product","2":"type-product","3":"status-publish","4":"has-post-thumbnail","6":"pwb-brand-cardinal-gmbh-pl","7":"product_cat-tasma-papierowa","8":"product_cat-jednostronne-tasmy-samoprzylepne","10":"first","11":"instock","12":"taxable","13":"shipping-taxable","14":"purchasable","15":"product-type-variable"},"acf":[],"yoast_head":"<!-- This site is optimized with the Yoast SEO plugin v27.3 - https:\/\/yoast.com\/product\/yoast-seo-wordpress\/ -->\n<title>Ta\u015bma papierowa CA-20 | Cardinal TAPES<\/title>\n<meta name=\"description\" content=\"CA-20 to wysokiej jako\u015bci ta\u015bma przemys\u0142owa, odpowiednia do wymagaj\u0105cych zastosowa\u0144 zwi\u0105zanych z \u0142\u0105czeniem, do \u0142\u0105czenia pocz\u0105tk\u00f3w i ko\u0144c\u00f3w rolek w przemy\u015ble papierniczym.\" \/>\n<meta name=\"robots\" content=\"index, follow, max-snippet:-1, max-image-preview:large, max-video-preview:-1\" \/>\n<link rel=\"canonical\" href=\"https:\/\/cardinal-tapes.com\/pl\/ta\u015bmy-samoprzylepne\/tasma-papierowa\/tasma-papierowa-ca-20\/\" \/>\n<meta property=\"og:locale\" content=\"pl_PL\" \/>\n<meta property=\"og:type\" content=\"article\" \/>\n<meta property=\"og:title\" content=\"Ta\u015bma papierowa CA-20 | Cardinal TAPES\" \/>\n<meta property=\"og:description\" content=\"CA-20 to wysokiej jako\u015bci ta\u015bma przemys\u0142owa, odpowiednia do wymagaj\u0105cych zastosowa\u0144 zwi\u0105zanych z \u0142\u0105czeniem, do \u0142\u0105czenia pocz\u0105tk\u00f3w i ko\u0144c\u00f3w rolek w przemy\u015ble papierniczym.\" \/>\n<meta property=\"og:url\" content=\"https:\/\/cardinal-tapes.com\/pl\/ta\u015bmy-samoprzylepne\/tasma-papierowa\/tasma-papierowa-ca-20\/\" \/>\n<meta property=\"og:site_name\" content=\"cardinal TAPES\" \/>\n<meta property=\"og:image\" content=\"https:\/\/cardinal-tapes.com\/wp-content\/uploads\/CA_20.jpg\" \/>\n\t<meta property=\"og:image:width\" content=\"1400\" \/>\n\t<meta property=\"og:image:height\" content=\"1400\" \/>\n\t<meta property=\"og:image:type\" content=\"image\/jpeg\" \/>\n<meta name=\"twitter:card\" content=\"summary_large_image\" \/>\n<script type=\"application\/ld+json\" class=\"yoast-schema-graph\">{\"@context\":\"https:\\\/\\\/schema.org\",\"@graph\":[{\"@type\":\"WebPage\",\"@id\":\"https:\\\/\\\/cardinal-tapes.com\\\/pl\\\/ta\u015bmy-samoprzylepne\\\/tasma-papierowa\\\/tasma-papierowa-ca-20\\\/\",\"url\":\"https:\\\/\\\/cardinal-tapes.com\\\/pl\\\/ta\u015bmy-samoprzylepne\\\/tasma-papierowa\\\/tasma-papierowa-ca-20\\\/\",\"name\":\"Ta\u015bma papierowa CA-20 | Cardinal TAPES\",\"isPartOf\":{\"@id\":\"https:\\\/\\\/cardinal-tapes.com\\\/#website\"},\"primaryImageOfPage\":{\"@id\":\"https:\\\/\\\/cardinal-tapes.com\\\/pl\\\/ta\u015bmy-samoprzylepne\\\/tasma-papierowa\\\/tasma-papierowa-ca-20\\\/#primaryimage\"},\"image\":{\"@id\":\"https:\\\/\\\/cardinal-tapes.com\\\/pl\\\/ta\u015bmy-samoprzylepne\\\/tasma-papierowa\\\/tasma-papierowa-ca-20\\\/#primaryimage\"},\"thumbnailUrl\":\"https:\\\/\\\/cardinal-tapes.com\\\/wp-content\\\/uploads\\\/CA_20.jpg\",\"datePublished\":\"2023-06-05T15:22:10+00:00\",\"description\":\"CA-20 to wysokiej jako\u015bci ta\u015bma przemys\u0142owa, odpowiednia do wymagaj\u0105cych zastosowa\u0144 zwi\u0105zanych z \u0142\u0105czeniem, do \u0142\u0105czenia pocz\u0105tk\u00f3w i ko\u0144c\u00f3w rolek w przemy\u015ble papierniczym.\",\"breadcrumb\":{\"@id\":\"https:\\\/\\\/cardinal-tapes.com\\\/pl\\\/ta\u015bmy-samoprzylepne\\\/tasma-papierowa\\\/tasma-papierowa-ca-20\\\/#breadcrumb\"},\"inLanguage\":\"pl-PL\",\"potentialAction\":[{\"@type\":\"ReadAction\",\"target\":[\"https:\\\/\\\/cardinal-tapes.com\\\/pl\\\/ta\u015bmy-samoprzylepne\\\/tasma-papierowa\\\/tasma-papierowa-ca-20\\\/\"]}]},{\"@type\":\"ImageObject\",\"inLanguage\":\"pl-PL\",\"@id\":\"https:\\\/\\\/cardinal-tapes.com\\\/pl\\\/ta\u015bmy-samoprzylepne\\\/tasma-papierowa\\\/tasma-papierowa-ca-20\\\/#primaryimage\",\"url\":\"https:\\\/\\\/cardinal-tapes.com\\\/wp-content\\\/uploads\\\/CA_20.jpg\",\"contentUrl\":\"https:\\\/\\\/cardinal-tapes.com\\\/wp-content\\\/uploads\\\/CA_20.jpg\",\"width\":1400,\"height\":1400,\"caption\":\"CA_20\"},{\"@type\":\"BreadcrumbList\",\"@id\":\"https:\\\/\\\/cardinal-tapes.com\\\/pl\\\/ta\u015bmy-samoprzylepne\\\/tasma-papierowa\\\/tasma-papierowa-ca-20\\\/#breadcrumb\",\"itemListElement\":[{\"@type\":\"ListItem\",\"position\":1,\"name\":\"Startseite\",\"item\":\"https:\\\/\\\/cardinal-tapes.com\\\/pl\\\/strona-glowna\\\/\"},{\"@type\":\"ListItem\",\"position\":2,\"name\":\"Ta\u015bmy samoprzylepne\",\"item\":\"https:\\\/\\\/cardinal-tapes.com\\\/pl\\\/tasmy-samoprzylepne-pl\\\/\"},{\"@type\":\"ListItem\",\"position\":3,\"name\":\"Ta\u015bma papierowa\",\"item\":\"https:\\\/\\\/cardinal-tapes.com\\\/pl\\\/kategoria\\\/tasma-papierowa\\\/\"},{\"@type\":\"ListItem\",\"position\":4,\"name\":\"Ta\u015bma papierowa CA-20\"}]},{\"@type\":\"WebSite\",\"@id\":\"https:\\\/\\\/cardinal-tapes.com\\\/#website\",\"url\":\"https:\\\/\\\/cardinal-tapes.com\\\/\",\"name\":\"cardinal TAPES\",\"description\":\"Klebetechnik aus Wuppertal\",\"potentialAction\":[{\"@type\":\"SearchAction\",\"target\":{\"@type\":\"EntryPoint\",\"urlTemplate\":\"https:\\\/\\\/cardinal-tapes.com\\\/?s={search_term_string}\"},\"query-input\":{\"@type\":\"PropertyValueSpecification\",\"valueRequired\":true,\"valueName\":\"search_term_string\"}}],\"inLanguage\":\"pl-PL\"}]}<\/script>\n<!-- \/ Yoast SEO plugin. -->","yoast_head_json":{"title":"Ta\u015bma papierowa CA-20 | Cardinal TAPES","description":"CA-20 to wysokiej jako\u015bci ta\u015bma przemys\u0142owa, odpowiednia do wymagaj\u0105cych zastosowa\u0144 zwi\u0105zanych z \u0142\u0105czeniem, do \u0142\u0105czenia pocz\u0105tk\u00f3w i ko\u0144c\u00f3w rolek w przemy\u015ble papierniczym.","robots":{"index":"index","follow":"follow","max-snippet":"max-snippet:-1","max-image-preview":"max-image-preview:large","max-video-preview":"max-video-preview:-1"},"canonical":"https:\/\/cardinal-tapes.com\/pl\/ta\u015bmy-samoprzylepne\/tasma-papierowa\/tasma-papierowa-ca-20\/","og_locale":"pl_PL","og_type":"article","og_title":"Ta\u015bma papierowa CA-20 | Cardinal TAPES","og_description":"CA-20 to wysokiej jako\u015bci ta\u015bma przemys\u0142owa, odpowiednia do wymagaj\u0105cych zastosowa\u0144 zwi\u0105zanych z \u0142\u0105czeniem, do \u0142\u0105czenia pocz\u0105tk\u00f3w i ko\u0144c\u00f3w rolek w przemy\u015ble papierniczym.","og_url":"https:\/\/cardinal-tapes.com\/pl\/ta\u015bmy-samoprzylepne\/tasma-papierowa\/tasma-papierowa-ca-20\/","og_site_name":"cardinal TAPES","og_image":[{"width":1400,"height":1400,"url":"https:\/\/cardinal-tapes.com\/wp-content\/uploads\/CA_20.jpg","type":"image\/jpeg"}],"twitter_card":"summary_large_image","schema":{"@context":"https:\/\/schema.org","@graph":[{"@type":"WebPage","@id":"https:\/\/cardinal-tapes.com\/pl\/ta\u015bmy-samoprzylepne\/tasma-papierowa\/tasma-papierowa-ca-20\/","url":"https:\/\/cardinal-tapes.com\/pl\/ta\u015bmy-samoprzylepne\/tasma-papierowa\/tasma-papierowa-ca-20\/","name":"Ta\u015bma papierowa CA-20 | Cardinal TAPES","isPartOf":{"@id":"https:\/\/cardinal-tapes.com\/#website"},"primaryImageOfPage":{"@id":"https:\/\/cardinal-tapes.com\/pl\/ta\u015bmy-samoprzylepne\/tasma-papierowa\/tasma-papierowa-ca-20\/#primaryimage"},"image":{"@id":"https:\/\/cardinal-tapes.com\/pl\/ta\u015bmy-samoprzylepne\/tasma-papierowa\/tasma-papierowa-ca-20\/#primaryimage"},"thumbnailUrl":"https:\/\/cardinal-tapes.com\/wp-content\/uploads\/CA_20.jpg","datePublished":"2023-06-05T15:22:10+00:00","description":"CA-20 to wysokiej jako\u015bci ta\u015bma przemys\u0142owa, odpowiednia do wymagaj\u0105cych zastosowa\u0144 zwi\u0105zanych z \u0142\u0105czeniem, do \u0142\u0105czenia pocz\u0105tk\u00f3w i ko\u0144c\u00f3w rolek w przemy\u015ble papierniczym.","breadcrumb":{"@id":"https:\/\/cardinal-tapes.com\/pl\/ta\u015bmy-samoprzylepne\/tasma-papierowa\/tasma-papierowa-ca-20\/#breadcrumb"},"inLanguage":"pl-PL","potentialAction":[{"@type":"ReadAction","target":["https:\/\/cardinal-tapes.com\/pl\/ta\u015bmy-samoprzylepne\/tasma-papierowa\/tasma-papierowa-ca-20\/"]}]},{"@type":"ImageObject","inLanguage":"pl-PL","@id":"https:\/\/cardinal-tapes.com\/pl\/ta\u015bmy-samoprzylepne\/tasma-papierowa\/tasma-papierowa-ca-20\/#primaryimage","url":"https:\/\/cardinal-tapes.com\/wp-content\/uploads\/CA_20.jpg","contentUrl":"https:\/\/cardinal-tapes.com\/wp-content\/uploads\/CA_20.jpg","width":1400,"height":1400,"caption":"CA_20"},{"@type":"BreadcrumbList","@id":"https:\/\/cardinal-tapes.com\/pl\/ta\u015bmy-samoprzylepne\/tasma-papierowa\/tasma-papierowa-ca-20\/#breadcrumb","itemListElement":[{"@type":"ListItem","position":1,"name":"Startseite","item":"https:\/\/cardinal-tapes.com\/pl\/strona-glowna\/"},{"@type":"ListItem","position":2,"name":"Ta\u015bmy samoprzylepne","item":"https:\/\/cardinal-tapes.com\/pl\/tasmy-samoprzylepne-pl\/"},{"@type":"ListItem","position":3,"name":"Ta\u015bma papierowa","item":"https:\/\/cardinal-tapes.com\/pl\/kategoria\/tasma-papierowa\/"},{"@type":"ListItem","position":4,"name":"Ta\u015bma papierowa CA-20"}]},{"@type":"WebSite","@id":"https:\/\/cardinal-tapes.com\/#website","url":"https:\/\/cardinal-tapes.com\/","name":"cardinal TAPES","description":"Klebetechnik aus Wuppertal","potentialAction":[{"@type":"SearchAction","target":{"@type":"EntryPoint","urlTemplate":"https:\/\/cardinal-tapes.com\/?s={search_term_string}"},"query-input":{"@type":"PropertyValueSpecification","valueRequired":true,"valueName":"search_term_string"}}],"inLanguage":"pl-PL"}]}},"brands":[{"id":2173,"name":"cardinal GmbH","slug":"cardinal-gmbh-pl"}],"_links":{"self":[{"href":"https:\/\/cardinal-tapes.com\/pl\/wp-json\/wp\/v2\/product\/53976","targetHints":{"allow":["GET"]}}],"collection":[{"href":"https:\/\/cardinal-tapes.com\/pl\/wp-json\/wp\/v2\/product"}],"about":[{"href":"https:\/\/cardinal-tapes.com\/pl\/wp-json\/wp\/v2\/types\/product"}],"wp:featuredmedia":[{"embeddable":true,"href":"https:\/\/cardinal-tapes.com\/pl\/wp-json\/wp\/v2\/media\/26830"}],"wp:attachment":[{"href":"https:\/\/cardinal-tapes.com\/pl\/wp-json\/wp\/v2\/media?parent=53976"}],"wp:term":[{"taxonomy":"pwb-brand","embeddable":true,"href":"https:\/\/cardinal-tapes.com\/pl\/wp-json\/wp\/v2\/pwb-brand?post=53976"},{"taxonomy":"product_brand","embeddable":true,"href":"https:\/\/cardinal-tapes.com\/pl\/wp-json\/wp\/v2\/product_brand?post=53976"},{"taxonomy":"product_cat","embeddable":true,"href":"https:\/\/cardinal-tapes.com\/pl\/wp-json\/wp\/v2\/product_cat?post=53976"},{"taxonomy":"product_tag","embeddable":true,"href":"https:\/\/cardinal-tapes.com\/pl\/wp-json\/wp\/v2\/product_tag?post=53976"}],"curies":[{"name":"wp","href":"https:\/\/api.w.org\/{rel}","templated":true}]}}