{"id":53121,"date":"2017-12-22T16:19:38","date_gmt":"2023-06-05T15:20:38","guid":{"rendered":"https:\/\/cardinal.pixel-tal.de\/klebebaender\/bez-kategorii\/3m-scotch-filament-tape-8915\/"},"modified":"2023-06-05T17:20:38","modified_gmt":"2023-06-05T15:20:38","slug":"3m-8915-wysokowydajna-filamentowa-tasma-przylepna","status":"publish","type":"product","link":"https:\/\/cardinal-tapes.com\/pl\/ta\u015bmy-samoprzylepne\/systemy-pakowania\/3m-8915-wysokowydajna-filamentowa-tasma-przylepna\/","title":{"rendered":"3M\u2122 Scotch\u00ae Filament Tape 8915"},"content":{"rendered":"<p>Ta\u015bma 3M\u2122 Scotch\u00ae Filament Tape 8915 jest szczeg\u00f3lnie odpowiednia do tymczasowego \u0142\u0105czenia cz\u0119\u015bci urz\u0105dze\u0144 i innych towar\u00f3w podczas monta\u017cu lub wysy\u0142ki. Ta wysokiej jako\u015bci ta\u015bma jest wzmocniona ci\u0105g\u0142ymi w\u0142\u00f3knami szklanymi i zapewnia doskona\u0142\u0105 przyczepno\u015b\u0107 do szerokiej gamy powierzchni. Mo\u017cna go usun\u0105\u0107 z prawie wszystkich materia\u0142\u00f3w bez pozostawiania \u015blad\u00f3w i jest odporny na zabrudzenia.<\/p>\n<p><strong>W\u0142a\u015bciwo\u015bci<\/strong><br \/>\nTa\u015bma 8915 charakteryzuje si\u0119 wysok\u0105 odporno\u015bci\u0105 na rozdarcie, a ta\u015bma wzmocniona w\u0142\u00f3knem szklanym jest odporna na wyboczenia, \u015bcieranie i wilgo\u0107.<\/p>\n<p><strong>Zastosowania<\/strong><br \/>\n&#8211; Do renowacji obszar\u00f3w wewn\u0119trznych<br \/>\n&#8211; Monta\u017c cz\u0119\u015bci urz\u0105dze\u0144 i innych towar\u00f3w<br \/>\n&#8211; Przyczepno\u015b\u0107 do materia\u0142\u00f3w opakowaniowych, takich jak tektura falista, karton, twarda tektura, plastik i metal.<\/p>\n","protected":false},"excerpt":{"rendered":"<p>Ta\u015bma 3M\u2122 Scotch\u00ae Filament Tape 8915 jest szczeg\u00f3lnie odpowiednia do tymczasowego \u0142\u0105czenia cz\u0119\u015bci urz\u0105dze\u0144 i innych towar\u00f3w podczas monta\u017cu lub wysy\u0142ki. Ta wysokiej jako\u015bci ta\u015bma jest wzmocniona ci\u0105g\u0142ymi w\u0142\u00f3knami szklanymi i zapewnia doskona\u0142\u0105 przyczepno\u015b\u0107 do szerokiej gamy powierzchni. Mo\u017cna go usun\u0105\u0107 z prawie wszystkich materia\u0142\u00f3w bez pozostawiania \u015blad\u00f3w i jest odporny na zabrudzenia. W\u0142a\u015bciwo\u015bci Ta\u015bma [&hellip;]<\/p>\n","protected":false},"featured_media":25422,"template":"","meta":{"_acf_changed":false},"pwb-brand":[2168],"product_brand":[],"product_cat":[1867],"product_tag":[],"class_list":{"0":"post-53121","1":"product","2":"type-product","3":"status-publish","4":"has-post-thumbnail","6":"pwb-brand-3m-pl","7":"product_cat-systemy-pakowania","9":"first","10":"instock","11":"taxable","12":"shipping-taxable","13":"purchasable","14":"product-type-variable"},"acf":[],"yoast_head":"<!-- This site is optimized with the Yoast SEO plugin v27.3 - https:\/\/yoast.com\/product\/yoast-seo-wordpress\/ -->\n<title>3M\u2122 8915 Scotch\u00ae High Performance Filament Tape | Cardinal TAPES<\/title>\n<meta name=\"description\" content=\"Ta\u015bma filamentowa 3M\u2122 8915 ze wzmocnieniem z w\u0142\u00f3kna szklanego jest u\u017cywana g\u0142\u00f3wnie do wi\u0105zania przedmiot\u00f3w w celach transportowych lub do zabezpieczania produkt\u00f3w podczas transportu.\" \/>\n<meta name=\"robots\" content=\"index, follow, max-snippet:-1, max-image-preview:large, max-video-preview:-1\" \/>\n<link rel=\"canonical\" href=\"https:\/\/cardinal-tapes.com\/pl\/ta\u015bmy-samoprzylepne\/systemy-pakowania\/3m-8915-wysokowydajna-filamentowa-tasma-przylepna\/\" \/>\n<meta property=\"og:locale\" content=\"pl_PL\" \/>\n<meta property=\"og:type\" content=\"article\" \/>\n<meta property=\"og:title\" content=\"3M\u2122 8915 Scotch\u00ae High Performance Filament Tape | Cardinal TAPES\" \/>\n<meta property=\"og:description\" content=\"Ta\u015bma filamentowa 3M\u2122 8915 ze wzmocnieniem z w\u0142\u00f3kna szklanego jest u\u017cywana g\u0142\u00f3wnie do wi\u0105zania przedmiot\u00f3w w celach transportowych lub do zabezpieczania produkt\u00f3w podczas transportu.\" \/>\n<meta property=\"og:url\" content=\"https:\/\/cardinal-tapes.com\/pl\/ta\u015bmy-samoprzylepne\/systemy-pakowania\/3m-8915-wysokowydajna-filamentowa-tasma-przylepna\/\" \/>\n<meta property=\"og:site_name\" content=\"cardinal TAPES\" \/>\n<meta property=\"og:image\" content=\"https:\/\/cardinal-tapes.com\/wp-content\/uploads\/3m_filamentklebeband_hochleistung_8915.jpg\" \/>\n\t<meta property=\"og:image:width\" content=\"600\" \/>\n\t<meta property=\"og:image:height\" content=\"600\" \/>\n\t<meta property=\"og:image:type\" content=\"image\/jpeg\" \/>\n<meta name=\"twitter:card\" content=\"summary_large_image\" \/>\n<meta name=\"twitter:label1\" content=\"Szacowany czas czytania\" \/>\n\t<meta name=\"twitter:data1\" content=\"1 minuta\" \/>\n<script type=\"application\/ld+json\" class=\"yoast-schema-graph\">{\"@context\":\"https:\\\/\\\/schema.org\",\"@graph\":[{\"@type\":\"WebPage\",\"@id\":\"https:\\\/\\\/cardinal-tapes.com\\\/pl\\\/ta\u015bmy-samoprzylepne\\\/systemy-pakowania\\\/3m-8915-wysokowydajna-filamentowa-tasma-przylepna\\\/\",\"url\":\"https:\\\/\\\/cardinal-tapes.com\\\/pl\\\/ta\u015bmy-samoprzylepne\\\/systemy-pakowania\\\/3m-8915-wysokowydajna-filamentowa-tasma-przylepna\\\/\",\"name\":\"3M\u2122 8915 Scotch\u00ae High Performance Filament Tape | Cardinal TAPES\",\"isPartOf\":{\"@id\":\"https:\\\/\\\/cardinal-tapes.com\\\/#website\"},\"primaryImageOfPage\":{\"@id\":\"https:\\\/\\\/cardinal-tapes.com\\\/pl\\\/ta\u015bmy-samoprzylepne\\\/systemy-pakowania\\\/3m-8915-wysokowydajna-filamentowa-tasma-przylepna\\\/#primaryimage\"},\"image\":{\"@id\":\"https:\\\/\\\/cardinal-tapes.com\\\/pl\\\/ta\u015bmy-samoprzylepne\\\/systemy-pakowania\\\/3m-8915-wysokowydajna-filamentowa-tasma-przylepna\\\/#primaryimage\"},\"thumbnailUrl\":\"https:\\\/\\\/cardinal-tapes.com\\\/wp-content\\\/uploads\\\/3m_filamentklebeband_hochleistung_8915.jpg\",\"datePublished\":\"2023-06-05T15:20:38+00:00\",\"description\":\"Ta\u015bma filamentowa 3M\u2122 8915 ze wzmocnieniem z w\u0142\u00f3kna szklanego jest u\u017cywana g\u0142\u00f3wnie do wi\u0105zania przedmiot\u00f3w w celach transportowych lub do zabezpieczania produkt\u00f3w podczas transportu.\",\"breadcrumb\":{\"@id\":\"https:\\\/\\\/cardinal-tapes.com\\\/pl\\\/ta\u015bmy-samoprzylepne\\\/systemy-pakowania\\\/3m-8915-wysokowydajna-filamentowa-tasma-przylepna\\\/#breadcrumb\"},\"inLanguage\":\"pl-PL\",\"potentialAction\":[{\"@type\":\"ReadAction\",\"target\":[\"https:\\\/\\\/cardinal-tapes.com\\\/pl\\\/ta\u015bmy-samoprzylepne\\\/systemy-pakowania\\\/3m-8915-wysokowydajna-filamentowa-tasma-przylepna\\\/\"]}]},{\"@type\":\"ImageObject\",\"inLanguage\":\"pl-PL\",\"@id\":\"https:\\\/\\\/cardinal-tapes.com\\\/pl\\\/ta\u015bmy-samoprzylepne\\\/systemy-pakowania\\\/3m-8915-wysokowydajna-filamentowa-tasma-przylepna\\\/#primaryimage\",\"url\":\"https:\\\/\\\/cardinal-tapes.com\\\/wp-content\\\/uploads\\\/3m_filamentklebeband_hochleistung_8915.jpg\",\"contentUrl\":\"https:\\\/\\\/cardinal-tapes.com\\\/wp-content\\\/uploads\\\/3m_filamentklebeband_hochleistung_8915.jpg\",\"width\":600,\"height\":600,\"caption\":\"Ta\u015bma filamentowa 3M 8915\"},{\"@type\":\"BreadcrumbList\",\"@id\":\"https:\\\/\\\/cardinal-tapes.com\\\/pl\\\/ta\u015bmy-samoprzylepne\\\/systemy-pakowania\\\/3m-8915-wysokowydajna-filamentowa-tasma-przylepna\\\/#breadcrumb\",\"itemListElement\":[{\"@type\":\"ListItem\",\"position\":1,\"name\":\"Startseite\",\"item\":\"https:\\\/\\\/cardinal-tapes.com\\\/pl\\\/strona-glowna\\\/\"},{\"@type\":\"ListItem\",\"position\":2,\"name\":\"Ta\u015bmy samoprzylepne\",\"item\":\"https:\\\/\\\/cardinal-tapes.com\\\/pl\\\/tasmy-samoprzylepne-pl\\\/\"},{\"@type\":\"ListItem\",\"position\":3,\"name\":\"Systemy pakowania\",\"item\":\"https:\\\/\\\/cardinal-tapes.com\\\/pl\\\/kategoria\\\/systemy-pakowania\\\/\"},{\"@type\":\"ListItem\",\"position\":4,\"name\":\"3M\u2122 Scotch\u00ae Filament Tape 8915\"}]},{\"@type\":\"WebSite\",\"@id\":\"https:\\\/\\\/cardinal-tapes.com\\\/#website\",\"url\":\"https:\\\/\\\/cardinal-tapes.com\\\/\",\"name\":\"cardinal TAPES\",\"description\":\"Klebetechnik aus Wuppertal\",\"potentialAction\":[{\"@type\":\"SearchAction\",\"target\":{\"@type\":\"EntryPoint\",\"urlTemplate\":\"https:\\\/\\\/cardinal-tapes.com\\\/?s={search_term_string}\"},\"query-input\":{\"@type\":\"PropertyValueSpecification\",\"valueRequired\":true,\"valueName\":\"search_term_string\"}}],\"inLanguage\":\"pl-PL\"}]}<\/script>\n<!-- \/ Yoast SEO plugin. -->","yoast_head_json":{"title":"3M\u2122 8915 Scotch\u00ae High Performance Filament Tape | Cardinal TAPES","description":"Ta\u015bma filamentowa 3M\u2122 8915 ze wzmocnieniem z w\u0142\u00f3kna szklanego jest u\u017cywana g\u0142\u00f3wnie do wi\u0105zania przedmiot\u00f3w w celach transportowych lub do zabezpieczania produkt\u00f3w podczas transportu.","robots":{"index":"index","follow":"follow","max-snippet":"max-snippet:-1","max-image-preview":"max-image-preview:large","max-video-preview":"max-video-preview:-1"},"canonical":"https:\/\/cardinal-tapes.com\/pl\/ta\u015bmy-samoprzylepne\/systemy-pakowania\/3m-8915-wysokowydajna-filamentowa-tasma-przylepna\/","og_locale":"pl_PL","og_type":"article","og_title":"3M\u2122 8915 Scotch\u00ae High Performance Filament Tape | Cardinal TAPES","og_description":"Ta\u015bma filamentowa 3M\u2122 8915 ze wzmocnieniem z w\u0142\u00f3kna szklanego jest u\u017cywana g\u0142\u00f3wnie do wi\u0105zania przedmiot\u00f3w w celach transportowych lub do zabezpieczania produkt\u00f3w podczas transportu.","og_url":"https:\/\/cardinal-tapes.com\/pl\/ta\u015bmy-samoprzylepne\/systemy-pakowania\/3m-8915-wysokowydajna-filamentowa-tasma-przylepna\/","og_site_name":"cardinal TAPES","og_image":[{"width":600,"height":600,"url":"https:\/\/cardinal-tapes.com\/wp-content\/uploads\/3m_filamentklebeband_hochleistung_8915.jpg","type":"image\/jpeg"}],"twitter_card":"summary_large_image","twitter_misc":{"Szacowany czas czytania":"1 minuta"},"schema":{"@context":"https:\/\/schema.org","@graph":[{"@type":"WebPage","@id":"https:\/\/cardinal-tapes.com\/pl\/ta\u015bmy-samoprzylepne\/systemy-pakowania\/3m-8915-wysokowydajna-filamentowa-tasma-przylepna\/","url":"https:\/\/cardinal-tapes.com\/pl\/ta\u015bmy-samoprzylepne\/systemy-pakowania\/3m-8915-wysokowydajna-filamentowa-tasma-przylepna\/","name":"3M\u2122 8915 Scotch\u00ae High Performance Filament Tape | Cardinal TAPES","isPartOf":{"@id":"https:\/\/cardinal-tapes.com\/#website"},"primaryImageOfPage":{"@id":"https:\/\/cardinal-tapes.com\/pl\/ta\u015bmy-samoprzylepne\/systemy-pakowania\/3m-8915-wysokowydajna-filamentowa-tasma-przylepna\/#primaryimage"},"image":{"@id":"https:\/\/cardinal-tapes.com\/pl\/ta\u015bmy-samoprzylepne\/systemy-pakowania\/3m-8915-wysokowydajna-filamentowa-tasma-przylepna\/#primaryimage"},"thumbnailUrl":"https:\/\/cardinal-tapes.com\/wp-content\/uploads\/3m_filamentklebeband_hochleistung_8915.jpg","datePublished":"2023-06-05T15:20:38+00:00","description":"Ta\u015bma filamentowa 3M\u2122 8915 ze wzmocnieniem z w\u0142\u00f3kna szklanego jest u\u017cywana g\u0142\u00f3wnie do wi\u0105zania przedmiot\u00f3w w celach transportowych lub do zabezpieczania produkt\u00f3w podczas transportu.","breadcrumb":{"@id":"https:\/\/cardinal-tapes.com\/pl\/ta\u015bmy-samoprzylepne\/systemy-pakowania\/3m-8915-wysokowydajna-filamentowa-tasma-przylepna\/#breadcrumb"},"inLanguage":"pl-PL","potentialAction":[{"@type":"ReadAction","target":["https:\/\/cardinal-tapes.com\/pl\/ta\u015bmy-samoprzylepne\/systemy-pakowania\/3m-8915-wysokowydajna-filamentowa-tasma-przylepna\/"]}]},{"@type":"ImageObject","inLanguage":"pl-PL","@id":"https:\/\/cardinal-tapes.com\/pl\/ta\u015bmy-samoprzylepne\/systemy-pakowania\/3m-8915-wysokowydajna-filamentowa-tasma-przylepna\/#primaryimage","url":"https:\/\/cardinal-tapes.com\/wp-content\/uploads\/3m_filamentklebeband_hochleistung_8915.jpg","contentUrl":"https:\/\/cardinal-tapes.com\/wp-content\/uploads\/3m_filamentklebeband_hochleistung_8915.jpg","width":600,"height":600,"caption":"Ta\u015bma filamentowa 3M 8915"},{"@type":"BreadcrumbList","@id":"https:\/\/cardinal-tapes.com\/pl\/ta\u015bmy-samoprzylepne\/systemy-pakowania\/3m-8915-wysokowydajna-filamentowa-tasma-przylepna\/#breadcrumb","itemListElement":[{"@type":"ListItem","position":1,"name":"Startseite","item":"https:\/\/cardinal-tapes.com\/pl\/strona-glowna\/"},{"@type":"ListItem","position":2,"name":"Ta\u015bmy samoprzylepne","item":"https:\/\/cardinal-tapes.com\/pl\/tasmy-samoprzylepne-pl\/"},{"@type":"ListItem","position":3,"name":"Systemy pakowania","item":"https:\/\/cardinal-tapes.com\/pl\/kategoria\/systemy-pakowania\/"},{"@type":"ListItem","position":4,"name":"3M\u2122 Scotch\u00ae Filament Tape 8915"}]},{"@type":"WebSite","@id":"https:\/\/cardinal-tapes.com\/#website","url":"https:\/\/cardinal-tapes.com\/","name":"cardinal TAPES","description":"Klebetechnik aus Wuppertal","potentialAction":[{"@type":"SearchAction","target":{"@type":"EntryPoint","urlTemplate":"https:\/\/cardinal-tapes.com\/?s={search_term_string}"},"query-input":{"@type":"PropertyValueSpecification","valueRequired":true,"valueName":"search_term_string"}}],"inLanguage":"pl-PL"}]}},"brands":[{"id":2168,"name":"3M","slug":"3m-pl"}],"_links":{"self":[{"href":"https:\/\/cardinal-tapes.com\/pl\/wp-json\/wp\/v2\/product\/53121","targetHints":{"allow":["GET"]}}],"collection":[{"href":"https:\/\/cardinal-tapes.com\/pl\/wp-json\/wp\/v2\/product"}],"about":[{"href":"https:\/\/cardinal-tapes.com\/pl\/wp-json\/wp\/v2\/types\/product"}],"wp:featuredmedia":[{"embeddable":true,"href":"https:\/\/cardinal-tapes.com\/pl\/wp-json\/wp\/v2\/media\/25422"}],"wp:attachment":[{"href":"https:\/\/cardinal-tapes.com\/pl\/wp-json\/wp\/v2\/media?parent=53121"}],"wp:term":[{"taxonomy":"pwb-brand","embeddable":true,"href":"https:\/\/cardinal-tapes.com\/pl\/wp-json\/wp\/v2\/pwb-brand?post=53121"},{"taxonomy":"product_brand","embeddable":true,"href":"https:\/\/cardinal-tapes.com\/pl\/wp-json\/wp\/v2\/product_brand?post=53121"},{"taxonomy":"product_cat","embeddable":true,"href":"https:\/\/cardinal-tapes.com\/pl\/wp-json\/wp\/v2\/product_cat?post=53121"},{"taxonomy":"product_tag","embeddable":true,"href":"https:\/\/cardinal-tapes.com\/pl\/wp-json\/wp\/v2\/product_tag?post=53121"}],"curies":[{"name":"wp","href":"https:\/\/api.w.org\/{rel}","templated":true}]}}