{"id":53067,"date":"2018-02-06T08:46:53","date_gmt":"2023-06-05T15:20:37","guid":{"rendered":"https:\/\/cardinal.pixel-tal.de\/klebebaender\/bez-kategorii\/tasma-samoprzylepna-tesafilm-4104-pvc\/"},"modified":"2025-07-03T14:10:06","modified_gmt":"2025-07-03T12:10:06","slug":"tesa-4104-pvc-klebeband","status":"publish","type":"product","link":"https:\/\/cardinal-tapes.com\/pl\/ta\u015bmy-samoprzylepne\/jednostronne-tasmy-samoprzylepne\/folia-pvc\/tesa-4104-pvc-klebeband\/","title":{"rendered":"Ta\u015bma samoprzylepna tesafilm\u00ae 4104 PVC"},"content":{"rendered":"<p><sup>tesafilm\u00ae<\/sup> 4104 to wysokiej jako\u015bci samoprzylepna folia opakowaniowa na bazie wytrzyma\u0142ej folii PVC i wysoce przylepnego kleju z kauczuku naturalnego. Dost\u0119pny w 7 intensywnych kolorach.<\/p>\n<p><strong>W\u0142a\u015bciwo\u015bci<\/strong><br \/>\n&#8211; Wytrzyma\u0142y no\u015bnik z PVC<br \/>\n&#8211; Mocny klej z naturalnego kauczuku zapewniaj\u0105cy wysok\u0105 przyczepno\u015b\u0107<br \/>\n&#8211; Usuwalny z wielu powierzchni<\/p>\n<p><strong>Zastosowania<\/strong><br \/>\n&#8211; Uszczelnianie ma\u0142ych pude\u0142ek, np. wykonanych z tworzywa sztucznego lub tektury litej.<br \/>\n&#8211; Uszczelnianie puszek i work\u00f3w.<br \/>\n&#8211; R\u00f3\u017cnorodno\u015b\u0107 kolor\u00f3w daje mo\u017cliwo\u015b\u0107 znakowania, np. ruroci\u0105g\u00f3w.<br \/>\n&#8211; Nadaje si\u0119 do malowania dwukolorowego w celu uzyskania czystych kolorowych kraw\u0119dzi.<\/p>\n","protected":false},"excerpt":{"rendered":"<p>tesafilm\u00ae 4104 to wysokiej jako\u015bci samoprzylepna folia opakowaniowa na bazie wytrzyma\u0142ej folii PVC i wysoce przylepnego kleju z kauczuku naturalnego. Dost\u0119pny w 7 intensywnych kolorach. W\u0142a\u015bciwo\u015bci &#8211; Wytrzyma\u0142y no\u015bnik z PVC &#8211; Mocny klej z naturalnego kauczuku zapewniaj\u0105cy wysok\u0105 przyczepno\u015b\u0107 &#8211; Usuwalny z wielu powierzchni Zastosowania &#8211; Uszczelnianie ma\u0142ych pude\u0142ek, np. wykonanych z tworzywa sztucznego [&hellip;]<\/p>\n","protected":false},"featured_media":26186,"template":"","meta":{"_acf_changed":false},"pwb-brand":[2164],"product_brand":[],"product_cat":[1723,1792,1816,1821,1867],"product_tag":[],"class_list":{"0":"post-53067","1":"product","2":"type-product","3":"status-publish","4":"has-post-thumbnail","6":"pwb-brand-tesa-pl","7":"product_cat-przemysl-meblarski","8":"product_cat-sektor-transportowy","9":"product_cat-jednostronne-tasmy-samoprzylepne","10":"product_cat-folia-pvc","11":"product_cat-systemy-pakowania","13":"first","14":"instock","15":"taxable","16":"shipping-taxable","17":"purchasable","18":"product-type-variable"},"acf":[],"yoast_head":"<!-- This site is optimized with the Yoast SEO plugin v27.3 - https:\/\/yoast.com\/product\/yoast-seo-wordpress\/ -->\n<title>Ta\u015bma samoprzylepna Tesa 4104 PVC | Cardinal TAPES<\/title>\n<meta name=\"description\" content=\"Ta\u015bma Tesa 4104 PVC to wysokiej jako\u015bci ta\u015bma pakowa na bazie wytrzyma\u0142ej folii PVC i wysoce przylepnej mieszanki kauczuku naturalnego.\" \/>\n<meta name=\"robots\" content=\"index, follow, max-snippet:-1, max-image-preview:large, max-video-preview:-1\" \/>\n<link rel=\"canonical\" href=\"https:\/\/cardinal-tapes.com\/pl\/ta\u015bmy-samoprzylepne\/jednostronne-tasmy-samoprzylepne\/folia-pvc\/tesa-4104-pvc-klebeband\/\" \/>\n<meta property=\"og:locale\" content=\"pl_PL\" \/>\n<meta property=\"og:type\" content=\"article\" \/>\n<meta property=\"og:title\" content=\"Ta\u015bma samoprzylepna Tesa 4104 PVC | Cardinal TAPES\" \/>\n<meta property=\"og:description\" content=\"Ta\u015bma Tesa 4104 PVC to wysokiej jako\u015bci ta\u015bma pakowa na bazie wytrzyma\u0142ej folii PVC i wysoce przylepnej mieszanki kauczuku naturalnego.\" \/>\n<meta property=\"og:url\" content=\"https:\/\/cardinal-tapes.com\/pl\/ta\u015bmy-samoprzylepne\/jednostronne-tasmy-samoprzylepne\/folia-pvc\/tesa-4104-pvc-klebeband\/\" \/>\n<meta property=\"og:site_name\" content=\"cardinal TAPES\" \/>\n<meta property=\"article:modified_time\" content=\"2025-07-03T12:10:06+00:00\" \/>\n<meta property=\"og:image\" content=\"https:\/\/cardinal-tapes.com\/wp-content\/uploads\/tesa-04104.jpg\" \/>\n\t<meta property=\"og:image:width\" content=\"600\" \/>\n\t<meta property=\"og:image:height\" content=\"600\" \/>\n\t<meta property=\"og:image:type\" content=\"image\/jpeg\" \/>\n<meta name=\"twitter:card\" content=\"summary_large_image\" \/>\n<script type=\"application\/ld+json\" class=\"yoast-schema-graph\">{\"@context\":\"https:\\\/\\\/schema.org\",\"@graph\":[{\"@type\":\"WebPage\",\"@id\":\"https:\\\/\\\/cardinal-tapes.com\\\/pl\\\/ta\u015bmy-samoprzylepne\\\/jednostronne-tasmy-samoprzylepne\\\/folia-pvc\\\/tesa-4104-pvc-klebeband\\\/\",\"url\":\"https:\\\/\\\/cardinal-tapes.com\\\/pl\\\/ta\u015bmy-samoprzylepne\\\/jednostronne-tasmy-samoprzylepne\\\/folia-pvc\\\/tesa-4104-pvc-klebeband\\\/\",\"name\":\"Ta\u015bma samoprzylepna Tesa 4104 PVC | Cardinal TAPES\",\"isPartOf\":{\"@id\":\"https:\\\/\\\/cardinal-tapes.com\\\/#website\"},\"primaryImageOfPage\":{\"@id\":\"https:\\\/\\\/cardinal-tapes.com\\\/pl\\\/ta\u015bmy-samoprzylepne\\\/jednostronne-tasmy-samoprzylepne\\\/folia-pvc\\\/tesa-4104-pvc-klebeband\\\/#primaryimage\"},\"image\":{\"@id\":\"https:\\\/\\\/cardinal-tapes.com\\\/pl\\\/ta\u015bmy-samoprzylepne\\\/jednostronne-tasmy-samoprzylepne\\\/folia-pvc\\\/tesa-4104-pvc-klebeband\\\/#primaryimage\"},\"thumbnailUrl\":\"https:\\\/\\\/cardinal-tapes.com\\\/wp-content\\\/uploads\\\/tesa-04104.jpg\",\"datePublished\":\"2023-06-05T15:20:37+00:00\",\"dateModified\":\"2025-07-03T12:10:06+00:00\",\"description\":\"Ta\u015bma Tesa 4104 PVC to wysokiej jako\u015bci ta\u015bma pakowa na bazie wytrzyma\u0142ej folii PVC i wysoce przylepnej mieszanki kauczuku naturalnego.\",\"breadcrumb\":{\"@id\":\"https:\\\/\\\/cardinal-tapes.com\\\/pl\\\/ta\u015bmy-samoprzylepne\\\/jednostronne-tasmy-samoprzylepne\\\/folia-pvc\\\/tesa-4104-pvc-klebeband\\\/#breadcrumb\"},\"inLanguage\":\"pl-PL\",\"potentialAction\":[{\"@type\":\"ReadAction\",\"target\":[\"https:\\\/\\\/cardinal-tapes.com\\\/pl\\\/ta\u015bmy-samoprzylepne\\\/jednostronne-tasmy-samoprzylepne\\\/folia-pvc\\\/tesa-4104-pvc-klebeband\\\/\"]}]},{\"@type\":\"ImageObject\",\"inLanguage\":\"pl-PL\",\"@id\":\"https:\\\/\\\/cardinal-tapes.com\\\/pl\\\/ta\u015bmy-samoprzylepne\\\/jednostronne-tasmy-samoprzylepne\\\/folia-pvc\\\/tesa-4104-pvc-klebeband\\\/#primaryimage\",\"url\":\"https:\\\/\\\/cardinal-tapes.com\\\/wp-content\\\/uploads\\\/tesa-04104.jpg\",\"contentUrl\":\"https:\\\/\\\/cardinal-tapes.com\\\/wp-content\\\/uploads\\\/tesa-04104.jpg\",\"width\":600,\"height\":600,\"caption\":\"tesa 4104\"},{\"@type\":\"BreadcrumbList\",\"@id\":\"https:\\\/\\\/cardinal-tapes.com\\\/pl\\\/ta\u015bmy-samoprzylepne\\\/jednostronne-tasmy-samoprzylepne\\\/folia-pvc\\\/tesa-4104-pvc-klebeband\\\/#breadcrumb\",\"itemListElement\":[{\"@type\":\"ListItem\",\"position\":1,\"name\":\"Startseite\",\"item\":\"https:\\\/\\\/cardinal-tapes.com\\\/pl\\\/strona-glowna\\\/\"},{\"@type\":\"ListItem\",\"position\":2,\"name\":\"Ta\u015bmy samoprzylepne\",\"item\":\"https:\\\/\\\/cardinal-tapes.com\\\/pl\\\/tasmy-samoprzylepne-pl\\\/\"},{\"@type\":\"ListItem\",\"position\":3,\"name\":\"Obszary zastosowa\u0144\",\"item\":\"https:\\\/\\\/cardinal-tapes.com\\\/pl\\\/kategoria\\\/obszary-zastosowan\\\/\"},{\"@type\":\"ListItem\",\"position\":4,\"name\":\"Przemys\u0142 meblarski\",\"item\":\"https:\\\/\\\/cardinal-tapes.com\\\/pl\\\/kategoria\\\/przemysl-meblarski\\\/\"},{\"@type\":\"ListItem\",\"position\":5,\"name\":\"Ta\u015bma samoprzylepna tesafilm\u00ae 4104 PVC\"}]},{\"@type\":\"WebSite\",\"@id\":\"https:\\\/\\\/cardinal-tapes.com\\\/#website\",\"url\":\"https:\\\/\\\/cardinal-tapes.com\\\/\",\"name\":\"cardinal TAPES\",\"description\":\"Klebetechnik aus Wuppertal\",\"potentialAction\":[{\"@type\":\"SearchAction\",\"target\":{\"@type\":\"EntryPoint\",\"urlTemplate\":\"https:\\\/\\\/cardinal-tapes.com\\\/?s={search_term_string}\"},\"query-input\":{\"@type\":\"PropertyValueSpecification\",\"valueRequired\":true,\"valueName\":\"search_term_string\"}}],\"inLanguage\":\"pl-PL\"}]}<\/script>\n<!-- \/ Yoast SEO plugin. -->","yoast_head_json":{"title":"Ta\u015bma samoprzylepna Tesa 4104 PVC | Cardinal TAPES","description":"Ta\u015bma Tesa 4104 PVC to wysokiej jako\u015bci ta\u015bma pakowa na bazie wytrzyma\u0142ej folii PVC i wysoce przylepnej mieszanki kauczuku naturalnego.","robots":{"index":"index","follow":"follow","max-snippet":"max-snippet:-1","max-image-preview":"max-image-preview:large","max-video-preview":"max-video-preview:-1"},"canonical":"https:\/\/cardinal-tapes.com\/pl\/ta\u015bmy-samoprzylepne\/jednostronne-tasmy-samoprzylepne\/folia-pvc\/tesa-4104-pvc-klebeband\/","og_locale":"pl_PL","og_type":"article","og_title":"Ta\u015bma samoprzylepna Tesa 4104 PVC | Cardinal TAPES","og_description":"Ta\u015bma Tesa 4104 PVC to wysokiej jako\u015bci ta\u015bma pakowa na bazie wytrzyma\u0142ej folii PVC i wysoce przylepnej mieszanki kauczuku naturalnego.","og_url":"https:\/\/cardinal-tapes.com\/pl\/ta\u015bmy-samoprzylepne\/jednostronne-tasmy-samoprzylepne\/folia-pvc\/tesa-4104-pvc-klebeband\/","og_site_name":"cardinal TAPES","article_modified_time":"2025-07-03T12:10:06+00:00","og_image":[{"width":600,"height":600,"url":"https:\/\/cardinal-tapes.com\/wp-content\/uploads\/tesa-04104.jpg","type":"image\/jpeg"}],"twitter_card":"summary_large_image","schema":{"@context":"https:\/\/schema.org","@graph":[{"@type":"WebPage","@id":"https:\/\/cardinal-tapes.com\/pl\/ta\u015bmy-samoprzylepne\/jednostronne-tasmy-samoprzylepne\/folia-pvc\/tesa-4104-pvc-klebeband\/","url":"https:\/\/cardinal-tapes.com\/pl\/ta\u015bmy-samoprzylepne\/jednostronne-tasmy-samoprzylepne\/folia-pvc\/tesa-4104-pvc-klebeband\/","name":"Ta\u015bma samoprzylepna Tesa 4104 PVC | Cardinal TAPES","isPartOf":{"@id":"https:\/\/cardinal-tapes.com\/#website"},"primaryImageOfPage":{"@id":"https:\/\/cardinal-tapes.com\/pl\/ta\u015bmy-samoprzylepne\/jednostronne-tasmy-samoprzylepne\/folia-pvc\/tesa-4104-pvc-klebeband\/#primaryimage"},"image":{"@id":"https:\/\/cardinal-tapes.com\/pl\/ta\u015bmy-samoprzylepne\/jednostronne-tasmy-samoprzylepne\/folia-pvc\/tesa-4104-pvc-klebeband\/#primaryimage"},"thumbnailUrl":"https:\/\/cardinal-tapes.com\/wp-content\/uploads\/tesa-04104.jpg","datePublished":"2023-06-05T15:20:37+00:00","dateModified":"2025-07-03T12:10:06+00:00","description":"Ta\u015bma Tesa 4104 PVC to wysokiej jako\u015bci ta\u015bma pakowa na bazie wytrzyma\u0142ej folii PVC i wysoce przylepnej mieszanki kauczuku naturalnego.","breadcrumb":{"@id":"https:\/\/cardinal-tapes.com\/pl\/ta\u015bmy-samoprzylepne\/jednostronne-tasmy-samoprzylepne\/folia-pvc\/tesa-4104-pvc-klebeband\/#breadcrumb"},"inLanguage":"pl-PL","potentialAction":[{"@type":"ReadAction","target":["https:\/\/cardinal-tapes.com\/pl\/ta\u015bmy-samoprzylepne\/jednostronne-tasmy-samoprzylepne\/folia-pvc\/tesa-4104-pvc-klebeband\/"]}]},{"@type":"ImageObject","inLanguage":"pl-PL","@id":"https:\/\/cardinal-tapes.com\/pl\/ta\u015bmy-samoprzylepne\/jednostronne-tasmy-samoprzylepne\/folia-pvc\/tesa-4104-pvc-klebeband\/#primaryimage","url":"https:\/\/cardinal-tapes.com\/wp-content\/uploads\/tesa-04104.jpg","contentUrl":"https:\/\/cardinal-tapes.com\/wp-content\/uploads\/tesa-04104.jpg","width":600,"height":600,"caption":"tesa 4104"},{"@type":"BreadcrumbList","@id":"https:\/\/cardinal-tapes.com\/pl\/ta\u015bmy-samoprzylepne\/jednostronne-tasmy-samoprzylepne\/folia-pvc\/tesa-4104-pvc-klebeband\/#breadcrumb","itemListElement":[{"@type":"ListItem","position":1,"name":"Startseite","item":"https:\/\/cardinal-tapes.com\/pl\/strona-glowna\/"},{"@type":"ListItem","position":2,"name":"Ta\u015bmy samoprzylepne","item":"https:\/\/cardinal-tapes.com\/pl\/tasmy-samoprzylepne-pl\/"},{"@type":"ListItem","position":3,"name":"Obszary zastosowa\u0144","item":"https:\/\/cardinal-tapes.com\/pl\/kategoria\/obszary-zastosowan\/"},{"@type":"ListItem","position":4,"name":"Przemys\u0142 meblarski","item":"https:\/\/cardinal-tapes.com\/pl\/kategoria\/przemysl-meblarski\/"},{"@type":"ListItem","position":5,"name":"Ta\u015bma samoprzylepna tesafilm\u00ae 4104 PVC"}]},{"@type":"WebSite","@id":"https:\/\/cardinal-tapes.com\/#website","url":"https:\/\/cardinal-tapes.com\/","name":"cardinal TAPES","description":"Klebetechnik aus Wuppertal","potentialAction":[{"@type":"SearchAction","target":{"@type":"EntryPoint","urlTemplate":"https:\/\/cardinal-tapes.com\/?s={search_term_string}"},"query-input":{"@type":"PropertyValueSpecification","valueRequired":true,"valueName":"search_term_string"}}],"inLanguage":"pl-PL"}]}},"brands":[{"id":2164,"name":"tesa","slug":"tesa-pl"}],"_links":{"self":[{"href":"https:\/\/cardinal-tapes.com\/pl\/wp-json\/wp\/v2\/product\/53067","targetHints":{"allow":["GET"]}}],"collection":[{"href":"https:\/\/cardinal-tapes.com\/pl\/wp-json\/wp\/v2\/product"}],"about":[{"href":"https:\/\/cardinal-tapes.com\/pl\/wp-json\/wp\/v2\/types\/product"}],"wp:featuredmedia":[{"embeddable":true,"href":"https:\/\/cardinal-tapes.com\/pl\/wp-json\/wp\/v2\/media\/26186"}],"wp:attachment":[{"href":"https:\/\/cardinal-tapes.com\/pl\/wp-json\/wp\/v2\/media?parent=53067"}],"wp:term":[{"taxonomy":"pwb-brand","embeddable":true,"href":"https:\/\/cardinal-tapes.com\/pl\/wp-json\/wp\/v2\/pwb-brand?post=53067"},{"taxonomy":"product_brand","embeddable":true,"href":"https:\/\/cardinal-tapes.com\/pl\/wp-json\/wp\/v2\/product_brand?post=53067"},{"taxonomy":"product_cat","embeddable":true,"href":"https:\/\/cardinal-tapes.com\/pl\/wp-json\/wp\/v2\/product_cat?post=53067"},{"taxonomy":"product_tag","embeddable":true,"href":"https:\/\/cardinal-tapes.com\/pl\/wp-json\/wp\/v2\/product_tag?post=53067"}],"curies":[{"name":"wp","href":"https:\/\/api.w.org\/{rel}","templated":true}]}}