{"id":52925,"date":"2018-01-26T15:05:10","date_gmt":"2023-06-05T15:20:35","guid":{"rendered":"https:\/\/cardinal.pixel-tal.de\/klebebaender\/bez-kategorii\/3m-tasma-poliestrowa-8422\/"},"modified":"2025-07-03T14:07:08","modified_gmt":"2025-07-03T12:07:08","slug":"3m-8422-polyester-klebeband","status":"publish","type":"product","link":"https:\/\/cardinal-tapes.com\/pl\/ta\u015bmy-samoprzylepne\/jednostronne-tasmy-samoprzylepne\/3m-8422-polyester-klebeband\/","title":{"rendered":"3M\u2122 Ta\u015bma poliestrowa 8422"},"content":{"rendered":"<p>3M\u2122 8422 jest idealny do \u0142\u0105czenia wi\u0119kszo\u015bci b\u0142on fotograficznych w celu obr\u00f3bki za pomoc\u0105 wywo\u0142ywaczy chemicznych. Wytrzyma\u0142y materia\u0142 no\u015bny ta\u015bmy poliestrowej 3M\u2122 8422 ma czarny, nieprzezroczysty no\u015bnik i umo\u017cliwia wykrywanie splot\u00f3w za pomoc\u0105 automatycznych czujnik\u00f3w i urz\u0105dze\u0144. Zapewnia r\u00f3wnie\u017c dodatkow\u0105 ochron\u0119 przed \u015bcieraniem uszczelki, kraw\u0119dzi i oznacze\u0144 kolorystycznych.<\/p>\n<p><strong>W\u0142a\u015bciwo\u015bci<br \/>\n<\/strong>Klej na bazie \u017cywicy kauczukowej dobrze przylega do szerokiej gamy film\u00f3w fotograficznych, oferuje doskona\u0142\u0105 odporno\u015b\u0107 chemiczn\u0105 i odporno\u015b\u0107 na rozpuszczalniki oraz charakteryzuje si\u0119 wysok\u0105 wytrzyma\u0142o\u015bci\u0105 na \u015bcinanie. Ponadto ta\u015bma pozostaje elastyczna w temperaturze 50\u00b0C i jest stabilna wymiarowo do temperatury 150\u00b0C.<\/p>\n<p><b>Zastosowania<br \/>\n<\/b>&#8211; Maskowanie podczas elektrostatycznego malowania proszkowego<br \/>\n&#8211; Maskowanie podczas proces\u00f3w trawienia i anodowania<br \/>\n&#8211; Mocowanie cz\u0119\u015bci podczas proces\u00f3w autoklawowania<br \/>\n&#8211; \u0141\u0105czenie silikonowanych papier\u00f3w ochronnych<\/p>\n","protected":false},"excerpt":{"rendered":"<p>3M\u2122 8422 jest idealny do \u0142\u0105czenia wi\u0119kszo\u015bci b\u0142on fotograficznych w celu obr\u00f3bki za pomoc\u0105 wywo\u0142ywaczy chemicznych. Wytrzyma\u0142y materia\u0142 no\u015bny ta\u015bmy poliestrowej 3M\u2122 8422 ma czarny, nieprzezroczysty no\u015bnik i umo\u017cliwia wykrywanie splot\u00f3w za pomoc\u0105 automatycznych czujnik\u00f3w i urz\u0105dze\u0144. Zapewnia r\u00f3wnie\u017c dodatkow\u0105 ochron\u0119 przed \u015bcieraniem uszczelki, kraw\u0119dzi i oznacze\u0144 kolorystycznych. W\u0142a\u015bciwo\u015bci Klej na bazie \u017cywicy kauczukowej dobrze [&hellip;]<\/p>\n","protected":false},"featured_media":27230,"template":"","meta":{"_acf_changed":false},"pwb-brand":[2168],"product_brand":[],"product_cat":[1816],"product_tag":[],"class_list":{"0":"post-52925","1":"product","2":"type-product","3":"status-publish","4":"has-post-thumbnail","6":"pwb-brand-3m-pl","7":"product_cat-jednostronne-tasmy-samoprzylepne","9":"first","10":"outofstock","11":"taxable","12":"shipping-taxable","13":"product-type-variable"},"acf":[],"yoast_head":"<!-- This site is optimized with the Yoast SEO plugin v27.3 - https:\/\/yoast.com\/product\/yoast-seo-wordpress\/ -->\n<title>Ta\u015bma poliestrowa 3M\u2122 8422 | Ta\u015bmy kardynalne<\/title>\n<meta name=\"description\" content=\"3M\u2122 8422 jest idealny do \u0142\u0105czenia wi\u0119kszo\u015bci b\u0142on fotograficznych w celu obr\u00f3bki za pomoc\u0105 wywo\u0142ywaczy chemicznych.\" \/>\n<meta name=\"robots\" content=\"index, follow, max-snippet:-1, max-image-preview:large, max-video-preview:-1\" \/>\n<link rel=\"canonical\" href=\"https:\/\/cardinal-tapes.com\/pl\/ta\u015bmy-samoprzylepne\/jednostronne-tasmy-samoprzylepne\/3m-8422-polyester-klebeband\/\" \/>\n<meta property=\"og:locale\" content=\"pl_PL\" \/>\n<meta property=\"og:type\" content=\"article\" \/>\n<meta property=\"og:title\" content=\"Ta\u015bma poliestrowa 3M\u2122 8422 | Ta\u015bmy kardynalne\" \/>\n<meta property=\"og:description\" content=\"3M\u2122 8422 jest idealny do \u0142\u0105czenia wi\u0119kszo\u015bci b\u0142on fotograficznych w celu obr\u00f3bki za pomoc\u0105 wywo\u0142ywaczy chemicznych.\" \/>\n<meta property=\"og:url\" content=\"https:\/\/cardinal-tapes.com\/pl\/ta\u015bmy-samoprzylepne\/jednostronne-tasmy-samoprzylepne\/3m-8422-polyester-klebeband\/\" \/>\n<meta property=\"og:site_name\" content=\"cardinal TAPES\" \/>\n<meta property=\"article:modified_time\" content=\"2025-07-03T12:07:08+00:00\" \/>\n<meta property=\"og:image\" content=\"https:\/\/cardinal-tapes.com\/wp-content\/uploads\/3m_8422_Z-scaled.jpg\" \/>\n\t<meta property=\"og:image:width\" content=\"2535\" \/>\n\t<meta property=\"og:image:height\" content=\"2560\" \/>\n\t<meta property=\"og:image:type\" content=\"image\/jpeg\" \/>\n<meta name=\"twitter:card\" content=\"summary_large_image\" \/>\n<meta name=\"twitter:label1\" content=\"Szacowany czas czytania\" \/>\n\t<meta name=\"twitter:data1\" content=\"1 minuta\" \/>\n<script type=\"application\/ld+json\" class=\"yoast-schema-graph\">{\"@context\":\"https:\\\/\\\/schema.org\",\"@graph\":[{\"@type\":\"WebPage\",\"@id\":\"https:\\\/\\\/cardinal-tapes.com\\\/pl\\\/ta\u015bmy-samoprzylepne\\\/jednostronne-tasmy-samoprzylepne\\\/3m-8422-polyester-klebeband\\\/\",\"url\":\"https:\\\/\\\/cardinal-tapes.com\\\/pl\\\/ta\u015bmy-samoprzylepne\\\/jednostronne-tasmy-samoprzylepne\\\/3m-8422-polyester-klebeband\\\/\",\"name\":\"Ta\u015bma poliestrowa 3M\u2122 8422 | Ta\u015bmy kardynalne\",\"isPartOf\":{\"@id\":\"https:\\\/\\\/cardinal-tapes.com\\\/#website\"},\"primaryImageOfPage\":{\"@id\":\"https:\\\/\\\/cardinal-tapes.com\\\/pl\\\/ta\u015bmy-samoprzylepne\\\/jednostronne-tasmy-samoprzylepne\\\/3m-8422-polyester-klebeband\\\/#primaryimage\"},\"image\":{\"@id\":\"https:\\\/\\\/cardinal-tapes.com\\\/pl\\\/ta\u015bmy-samoprzylepne\\\/jednostronne-tasmy-samoprzylepne\\\/3m-8422-polyester-klebeband\\\/#primaryimage\"},\"thumbnailUrl\":\"https:\\\/\\\/cardinal-tapes.com\\\/wp-content\\\/uploads\\\/3m_8422_Z-scaled.jpg\",\"datePublished\":\"2023-06-05T15:20:35+00:00\",\"dateModified\":\"2025-07-03T12:07:08+00:00\",\"description\":\"3M\u2122 8422 jest idealny do \u0142\u0105czenia wi\u0119kszo\u015bci b\u0142on fotograficznych w celu obr\u00f3bki za pomoc\u0105 wywo\u0142ywaczy chemicznych.\",\"breadcrumb\":{\"@id\":\"https:\\\/\\\/cardinal-tapes.com\\\/pl\\\/ta\u015bmy-samoprzylepne\\\/jednostronne-tasmy-samoprzylepne\\\/3m-8422-polyester-klebeband\\\/#breadcrumb\"},\"inLanguage\":\"pl-PL\",\"potentialAction\":[{\"@type\":\"ReadAction\",\"target\":[\"https:\\\/\\\/cardinal-tapes.com\\\/pl\\\/ta\u015bmy-samoprzylepne\\\/jednostronne-tasmy-samoprzylepne\\\/3m-8422-polyester-klebeband\\\/\"]}]},{\"@type\":\"ImageObject\",\"inLanguage\":\"pl-PL\",\"@id\":\"https:\\\/\\\/cardinal-tapes.com\\\/pl\\\/ta\u015bmy-samoprzylepne\\\/jednostronne-tasmy-samoprzylepne\\\/3m-8422-polyester-klebeband\\\/#primaryimage\",\"url\":\"https:\\\/\\\/cardinal-tapes.com\\\/wp-content\\\/uploads\\\/3m_8422_Z-scaled.jpg\",\"contentUrl\":\"https:\\\/\\\/cardinal-tapes.com\\\/wp-content\\\/uploads\\\/3m_8422_Z-scaled.jpg\",\"width\":2535,\"height\":2560,\"caption\":\"Ta\u015bmy 3M 8422 Z Cardinal\"},{\"@type\":\"BreadcrumbList\",\"@id\":\"https:\\\/\\\/cardinal-tapes.com\\\/pl\\\/ta\u015bmy-samoprzylepne\\\/jednostronne-tasmy-samoprzylepne\\\/3m-8422-polyester-klebeband\\\/#breadcrumb\",\"itemListElement\":[{\"@type\":\"ListItem\",\"position\":1,\"name\":\"Startseite\",\"item\":\"https:\\\/\\\/cardinal-tapes.com\\\/pl\\\/strona-glowna\\\/\"},{\"@type\":\"ListItem\",\"position\":2,\"name\":\"Ta\u015bmy samoprzylepne\",\"item\":\"https:\\\/\\\/cardinal-tapes.com\\\/pl\\\/tasmy-samoprzylepne-pl\\\/\"},{\"@type\":\"ListItem\",\"position\":3,\"name\":\"Jednostronne ta\u015bmy samoprzylepne\",\"item\":\"https:\\\/\\\/cardinal-tapes.com\\\/pl\\\/kategoria\\\/jednostronne-tasmy-samoprzylepne\\\/\"},{\"@type\":\"ListItem\",\"position\":4,\"name\":\"3M\u2122 Ta\u015bma poliestrowa 8422\"}]},{\"@type\":\"WebSite\",\"@id\":\"https:\\\/\\\/cardinal-tapes.com\\\/#website\",\"url\":\"https:\\\/\\\/cardinal-tapes.com\\\/\",\"name\":\"cardinal TAPES\",\"description\":\"Klebetechnik aus Wuppertal\",\"potentialAction\":[{\"@type\":\"SearchAction\",\"target\":{\"@type\":\"EntryPoint\",\"urlTemplate\":\"https:\\\/\\\/cardinal-tapes.com\\\/?s={search_term_string}\"},\"query-input\":{\"@type\":\"PropertyValueSpecification\",\"valueRequired\":true,\"valueName\":\"search_term_string\"}}],\"inLanguage\":\"pl-PL\"}]}<\/script>\n<!-- \/ Yoast SEO plugin. -->","yoast_head_json":{"title":"Ta\u015bma poliestrowa 3M\u2122 8422 | Ta\u015bmy kardynalne","description":"3M\u2122 8422 jest idealny do \u0142\u0105czenia wi\u0119kszo\u015bci b\u0142on fotograficznych w celu obr\u00f3bki za pomoc\u0105 wywo\u0142ywaczy chemicznych.","robots":{"index":"index","follow":"follow","max-snippet":"max-snippet:-1","max-image-preview":"max-image-preview:large","max-video-preview":"max-video-preview:-1"},"canonical":"https:\/\/cardinal-tapes.com\/pl\/ta\u015bmy-samoprzylepne\/jednostronne-tasmy-samoprzylepne\/3m-8422-polyester-klebeband\/","og_locale":"pl_PL","og_type":"article","og_title":"Ta\u015bma poliestrowa 3M\u2122 8422 | Ta\u015bmy kardynalne","og_description":"3M\u2122 8422 jest idealny do \u0142\u0105czenia wi\u0119kszo\u015bci b\u0142on fotograficznych w celu obr\u00f3bki za pomoc\u0105 wywo\u0142ywaczy chemicznych.","og_url":"https:\/\/cardinal-tapes.com\/pl\/ta\u015bmy-samoprzylepne\/jednostronne-tasmy-samoprzylepne\/3m-8422-polyester-klebeband\/","og_site_name":"cardinal TAPES","article_modified_time":"2025-07-03T12:07:08+00:00","og_image":[{"width":2535,"height":2560,"url":"https:\/\/cardinal-tapes.com\/wp-content\/uploads\/3m_8422_Z-scaled.jpg","type":"image\/jpeg"}],"twitter_card":"summary_large_image","twitter_misc":{"Szacowany czas czytania":"1 minuta"},"schema":{"@context":"https:\/\/schema.org","@graph":[{"@type":"WebPage","@id":"https:\/\/cardinal-tapes.com\/pl\/ta\u015bmy-samoprzylepne\/jednostronne-tasmy-samoprzylepne\/3m-8422-polyester-klebeband\/","url":"https:\/\/cardinal-tapes.com\/pl\/ta\u015bmy-samoprzylepne\/jednostronne-tasmy-samoprzylepne\/3m-8422-polyester-klebeband\/","name":"Ta\u015bma poliestrowa 3M\u2122 8422 | Ta\u015bmy kardynalne","isPartOf":{"@id":"https:\/\/cardinal-tapes.com\/#website"},"primaryImageOfPage":{"@id":"https:\/\/cardinal-tapes.com\/pl\/ta\u015bmy-samoprzylepne\/jednostronne-tasmy-samoprzylepne\/3m-8422-polyester-klebeband\/#primaryimage"},"image":{"@id":"https:\/\/cardinal-tapes.com\/pl\/ta\u015bmy-samoprzylepne\/jednostronne-tasmy-samoprzylepne\/3m-8422-polyester-klebeband\/#primaryimage"},"thumbnailUrl":"https:\/\/cardinal-tapes.com\/wp-content\/uploads\/3m_8422_Z-scaled.jpg","datePublished":"2023-06-05T15:20:35+00:00","dateModified":"2025-07-03T12:07:08+00:00","description":"3M\u2122 8422 jest idealny do \u0142\u0105czenia wi\u0119kszo\u015bci b\u0142on fotograficznych w celu obr\u00f3bki za pomoc\u0105 wywo\u0142ywaczy chemicznych.","breadcrumb":{"@id":"https:\/\/cardinal-tapes.com\/pl\/ta\u015bmy-samoprzylepne\/jednostronne-tasmy-samoprzylepne\/3m-8422-polyester-klebeband\/#breadcrumb"},"inLanguage":"pl-PL","potentialAction":[{"@type":"ReadAction","target":["https:\/\/cardinal-tapes.com\/pl\/ta\u015bmy-samoprzylepne\/jednostronne-tasmy-samoprzylepne\/3m-8422-polyester-klebeband\/"]}]},{"@type":"ImageObject","inLanguage":"pl-PL","@id":"https:\/\/cardinal-tapes.com\/pl\/ta\u015bmy-samoprzylepne\/jednostronne-tasmy-samoprzylepne\/3m-8422-polyester-klebeband\/#primaryimage","url":"https:\/\/cardinal-tapes.com\/wp-content\/uploads\/3m_8422_Z-scaled.jpg","contentUrl":"https:\/\/cardinal-tapes.com\/wp-content\/uploads\/3m_8422_Z-scaled.jpg","width":2535,"height":2560,"caption":"Ta\u015bmy 3M 8422 Z Cardinal"},{"@type":"BreadcrumbList","@id":"https:\/\/cardinal-tapes.com\/pl\/ta\u015bmy-samoprzylepne\/jednostronne-tasmy-samoprzylepne\/3m-8422-polyester-klebeband\/#breadcrumb","itemListElement":[{"@type":"ListItem","position":1,"name":"Startseite","item":"https:\/\/cardinal-tapes.com\/pl\/strona-glowna\/"},{"@type":"ListItem","position":2,"name":"Ta\u015bmy samoprzylepne","item":"https:\/\/cardinal-tapes.com\/pl\/tasmy-samoprzylepne-pl\/"},{"@type":"ListItem","position":3,"name":"Jednostronne ta\u015bmy samoprzylepne","item":"https:\/\/cardinal-tapes.com\/pl\/kategoria\/jednostronne-tasmy-samoprzylepne\/"},{"@type":"ListItem","position":4,"name":"3M\u2122 Ta\u015bma poliestrowa 8422"}]},{"@type":"WebSite","@id":"https:\/\/cardinal-tapes.com\/#website","url":"https:\/\/cardinal-tapes.com\/","name":"cardinal TAPES","description":"Klebetechnik aus Wuppertal","potentialAction":[{"@type":"SearchAction","target":{"@type":"EntryPoint","urlTemplate":"https:\/\/cardinal-tapes.com\/?s={search_term_string}"},"query-input":{"@type":"PropertyValueSpecification","valueRequired":true,"valueName":"search_term_string"}}],"inLanguage":"pl-PL"}]}},"brands":[{"id":2168,"name":"3M","slug":"3m-pl"}],"_links":{"self":[{"href":"https:\/\/cardinal-tapes.com\/pl\/wp-json\/wp\/v2\/product\/52925","targetHints":{"allow":["GET"]}}],"collection":[{"href":"https:\/\/cardinal-tapes.com\/pl\/wp-json\/wp\/v2\/product"}],"about":[{"href":"https:\/\/cardinal-tapes.com\/pl\/wp-json\/wp\/v2\/types\/product"}],"wp:featuredmedia":[{"embeddable":true,"href":"https:\/\/cardinal-tapes.com\/pl\/wp-json\/wp\/v2\/media\/27230"}],"wp:attachment":[{"href":"https:\/\/cardinal-tapes.com\/pl\/wp-json\/wp\/v2\/media?parent=52925"}],"wp:term":[{"taxonomy":"pwb-brand","embeddable":true,"href":"https:\/\/cardinal-tapes.com\/pl\/wp-json\/wp\/v2\/pwb-brand?post=52925"},{"taxonomy":"product_brand","embeddable":true,"href":"https:\/\/cardinal-tapes.com\/pl\/wp-json\/wp\/v2\/product_brand?post=52925"},{"taxonomy":"product_cat","embeddable":true,"href":"https:\/\/cardinal-tapes.com\/pl\/wp-json\/wp\/v2\/product_cat?post=52925"},{"taxonomy":"product_tag","embeddable":true,"href":"https:\/\/cardinal-tapes.com\/pl\/wp-json\/wp\/v2\/product_tag?post=52925"}],"curies":[{"name":"wp","href":"https:\/\/api.w.org\/{rel}","templated":true}]}}