{"id":52635,"date":"2018-02-09T10:45:12","date_gmt":"2018-02-09T09:45:12","guid":{"rendered":"https:\/\/cardinal.pixel-tal.de\/klebebaender\/bez-kategorii\/usuwalna-tasma-montazowa-tesafix-4939-uniwersalna\/"},"modified":"2023-06-05T17:20:27","modified_gmt":"2023-06-05T15:20:27","slug":"tesa-4939-usuwalna-tasma-klejaca","status":"publish","type":"product","link":"https:\/\/cardinal-tapes.com\/pl\/ta\u015bmy-samoprzylepne\/tasmy-dwustronnie-klejace\/tesa-4939-usuwalna-tasma-klejaca\/","title":{"rendered":"Usuwalna ta\u015bma monta\u017cowa tesafix\u00ae 4939 Uniwersalna"},"content":{"rendered":"<p><sup>tesafix\u00ae<\/sup> 4939 to dwustronna ta\u015bma monta\u017cowa z mocnym no\u015bnikiem z tkaniny PET i mieszank\u0105 klejow\u0105 z kauczuku syntetycznego o zr\u00f3\u017cnicowanej sile klejenia (mocna do wyk\u0142adziny, s\u0142absza do pod\u0142o\u017ca). Specjalnie opracowana masa klej\u0105ca na otwartej stronie \u0142\u0105czy wysok\u0105 pocz\u0105tkow\u0105 si\u0142\u0119 klejenia z praktycznie bezresztkowym usuwaniem do 14 dni na prawie wszystkich pod\u0142o\u017cach, z wyj\u0105tkiem kamienia naturalnego i sztucznego.<\/p>\n<p><strong>W\u0142a\u015bciwo\u015bci<\/strong><br \/>\n&#8211; Dobra wytrzyma\u0142o\u015b\u0107 na \u015bcinanie<\/p>\n<p><strong>Zastosowania<\/strong><br \/>\n&#8211; Tymczasowe u\u017cytkowanie na targach, wystawach, kongresach i podczas prac remontowych<\/p>\n","protected":false},"excerpt":{"rendered":"<p>tesafix\u00ae 4939 to dwustronna ta\u015bma monta\u017cowa z mocnym no\u015bnikiem z tkaniny PET i mieszank\u0105 klejow\u0105 z kauczuku syntetycznego o zr\u00f3\u017cnicowanej sile klejenia (mocna do wyk\u0142adziny, s\u0142absza do pod\u0142o\u017ca). Specjalnie opracowana masa klej\u0105ca na otwartej stronie \u0142\u0105czy wysok\u0105 pocz\u0105tkow\u0105 si\u0142\u0119 klejenia z praktycznie bezresztkowym usuwaniem do 14 dni na prawie wszystkich pod\u0142o\u017cach, z wyj\u0105tkiem kamienia naturalnego [&hellip;]<\/p>\n","protected":false},"featured_media":26102,"template":"","meta":{"_acf_changed":false},"pwb-brand":[2164],"product_brand":[],"product_cat":[1814],"product_tag":[],"class_list":{"0":"post-52635","1":"product","2":"type-product","3":"status-publish","4":"has-post-thumbnail","6":"pwb-brand-tesa-pl","7":"product_cat-tasmy-dwustronnie-klejace","9":"first","10":"instock","11":"taxable","12":"shipping-taxable","13":"purchasable","14":"product-type-variable"},"acf":[],"yoast_head":"<!-- This site is optimized with the Yoast SEO plugin v27.3 - https:\/\/yoast.com\/product\/yoast-seo-wordpress\/ -->\n<title>Usuwalna ta\u015bma monta\u017cowa Tesa 4939 | Cardinal TAPES<\/title>\n<meta name=\"description\" content=\"Tesa 4939 to dwustronna ta\u015bma monta\u017cowa z mocnym no\u015bnikiem z tkaniny PET. Dowiedz si\u0119 wi\u0119cej o praktycznej ta\u015bmie samoprzylepnej tutaj.\" \/>\n<meta name=\"robots\" content=\"index, follow, max-snippet:-1, max-image-preview:large, max-video-preview:-1\" \/>\n<link rel=\"canonical\" href=\"https:\/\/cardinal-tapes.com\/pl\/ta\u015bmy-samoprzylepne\/tasmy-dwustronnie-klejace\/tesa-4939-usuwalna-tasma-klejaca\/\" \/>\n<meta property=\"og:locale\" content=\"pl_PL\" \/>\n<meta property=\"og:type\" content=\"article\" \/>\n<meta property=\"og:title\" content=\"Usuwalna ta\u015bma monta\u017cowa Tesa 4939 | Cardinal TAPES\" \/>\n<meta property=\"og:description\" content=\"Tesa 4939 to dwustronna ta\u015bma monta\u017cowa z mocnym no\u015bnikiem z tkaniny PET. Dowiedz si\u0119 wi\u0119cej o praktycznej ta\u015bmie samoprzylepnej tutaj.\" \/>\n<meta property=\"og:url\" content=\"https:\/\/cardinal-tapes.com\/pl\/ta\u015bmy-samoprzylepne\/tasmy-dwustronnie-klejace\/tesa-4939-usuwalna-tasma-klejaca\/\" \/>\n<meta property=\"og:site_name\" content=\"cardinal TAPES\" \/>\n<meta property=\"article:modified_time\" content=\"2023-06-05T15:20:27+00:00\" \/>\n<meta property=\"og:image\" content=\"https:\/\/cardinal-tapes.com\/wp-content\/uploads\/tesa-4939.jpg\" \/>\n\t<meta property=\"og:image:width\" content=\"600\" \/>\n\t<meta property=\"og:image:height\" content=\"600\" \/>\n\t<meta property=\"og:image:type\" content=\"image\/jpeg\" \/>\n<meta name=\"twitter:card\" content=\"summary_large_image\" \/>\n<script type=\"application\/ld+json\" class=\"yoast-schema-graph\">{\"@context\":\"https:\\\/\\\/schema.org\",\"@graph\":[{\"@type\":\"WebPage\",\"@id\":\"https:\\\/\\\/cardinal-tapes.com\\\/pl\\\/ta\u015bmy-samoprzylepne\\\/tasmy-dwustronnie-klejace\\\/tesa-4939-usuwalna-tasma-klejaca\\\/\",\"url\":\"https:\\\/\\\/cardinal-tapes.com\\\/pl\\\/ta\u015bmy-samoprzylepne\\\/tasmy-dwustronnie-klejace\\\/tesa-4939-usuwalna-tasma-klejaca\\\/\",\"name\":\"Usuwalna ta\u015bma monta\u017cowa Tesa 4939 | Cardinal TAPES\",\"isPartOf\":{\"@id\":\"https:\\\/\\\/cardinal-tapes.com\\\/#website\"},\"primaryImageOfPage\":{\"@id\":\"https:\\\/\\\/cardinal-tapes.com\\\/pl\\\/ta\u015bmy-samoprzylepne\\\/tasmy-dwustronnie-klejace\\\/tesa-4939-usuwalna-tasma-klejaca\\\/#primaryimage\"},\"image\":{\"@id\":\"https:\\\/\\\/cardinal-tapes.com\\\/pl\\\/ta\u015bmy-samoprzylepne\\\/tasmy-dwustronnie-klejace\\\/tesa-4939-usuwalna-tasma-klejaca\\\/#primaryimage\"},\"thumbnailUrl\":\"https:\\\/\\\/cardinal-tapes.com\\\/wp-content\\\/uploads\\\/tesa-4939.jpg\",\"datePublished\":\"2018-02-09T09:45:12+00:00\",\"dateModified\":\"2023-06-05T15:20:27+00:00\",\"description\":\"Tesa 4939 to dwustronna ta\u015bma monta\u017cowa z mocnym no\u015bnikiem z tkaniny PET. Dowiedz si\u0119 wi\u0119cej o praktycznej ta\u015bmie samoprzylepnej tutaj.\",\"breadcrumb\":{\"@id\":\"https:\\\/\\\/cardinal-tapes.com\\\/pl\\\/ta\u015bmy-samoprzylepne\\\/tasmy-dwustronnie-klejace\\\/tesa-4939-usuwalna-tasma-klejaca\\\/#breadcrumb\"},\"inLanguage\":\"pl-PL\",\"potentialAction\":[{\"@type\":\"ReadAction\",\"target\":[\"https:\\\/\\\/cardinal-tapes.com\\\/pl\\\/ta\u015bmy-samoprzylepne\\\/tasmy-dwustronnie-klejace\\\/tesa-4939-usuwalna-tasma-klejaca\\\/\"]}]},{\"@type\":\"ImageObject\",\"inLanguage\":\"pl-PL\",\"@id\":\"https:\\\/\\\/cardinal-tapes.com\\\/pl\\\/ta\u015bmy-samoprzylepne\\\/tasmy-dwustronnie-klejace\\\/tesa-4939-usuwalna-tasma-klejaca\\\/#primaryimage\",\"url\":\"https:\\\/\\\/cardinal-tapes.com\\\/wp-content\\\/uploads\\\/tesa-4939.jpg\",\"contentUrl\":\"https:\\\/\\\/cardinal-tapes.com\\\/wp-content\\\/uploads\\\/tesa-4939.jpg\",\"width\":600,\"height\":600,\"caption\":\"tesa 4939\"},{\"@type\":\"BreadcrumbList\",\"@id\":\"https:\\\/\\\/cardinal-tapes.com\\\/pl\\\/ta\u015bmy-samoprzylepne\\\/tasmy-dwustronnie-klejace\\\/tesa-4939-usuwalna-tasma-klejaca\\\/#breadcrumb\",\"itemListElement\":[{\"@type\":\"ListItem\",\"position\":1,\"name\":\"Startseite\",\"item\":\"https:\\\/\\\/cardinal-tapes.com\\\/pl\\\/strona-glowna\\\/\"},{\"@type\":\"ListItem\",\"position\":2,\"name\":\"Ta\u015bmy samoprzylepne\",\"item\":\"https:\\\/\\\/cardinal-tapes.com\\\/pl\\\/tasmy-samoprzylepne-pl\\\/\"},{\"@type\":\"ListItem\",\"position\":3,\"name\":\"Doppelseitige Klebeb\u00e4nder\",\"item\":\"https:\\\/\\\/cardinal-tapes.com\\\/kategorie\\\/doppelseitige-klebebaender\\\/\"},{\"@type\":\"ListItem\",\"position\":4,\"name\":\"Usuwalna ta\u015bma monta\u017cowa tesafix\u00ae 4939 Uniwersalna\"}]},{\"@type\":\"WebSite\",\"@id\":\"https:\\\/\\\/cardinal-tapes.com\\\/#website\",\"url\":\"https:\\\/\\\/cardinal-tapes.com\\\/\",\"name\":\"cardinal TAPES\",\"description\":\"Klebetechnik aus Wuppertal\",\"potentialAction\":[{\"@type\":\"SearchAction\",\"target\":{\"@type\":\"EntryPoint\",\"urlTemplate\":\"https:\\\/\\\/cardinal-tapes.com\\\/?s={search_term_string}\"},\"query-input\":{\"@type\":\"PropertyValueSpecification\",\"valueRequired\":true,\"valueName\":\"search_term_string\"}}],\"inLanguage\":\"pl-PL\"}]}<\/script>\n<!-- \/ Yoast SEO plugin. -->","yoast_head_json":{"title":"Usuwalna ta\u015bma monta\u017cowa Tesa 4939 | Cardinal TAPES","description":"Tesa 4939 to dwustronna ta\u015bma monta\u017cowa z mocnym no\u015bnikiem z tkaniny PET. Dowiedz si\u0119 wi\u0119cej o praktycznej ta\u015bmie samoprzylepnej tutaj.","robots":{"index":"index","follow":"follow","max-snippet":"max-snippet:-1","max-image-preview":"max-image-preview:large","max-video-preview":"max-video-preview:-1"},"canonical":"https:\/\/cardinal-tapes.com\/pl\/ta\u015bmy-samoprzylepne\/tasmy-dwustronnie-klejace\/tesa-4939-usuwalna-tasma-klejaca\/","og_locale":"pl_PL","og_type":"article","og_title":"Usuwalna ta\u015bma monta\u017cowa Tesa 4939 | Cardinal TAPES","og_description":"Tesa 4939 to dwustronna ta\u015bma monta\u017cowa z mocnym no\u015bnikiem z tkaniny PET. Dowiedz si\u0119 wi\u0119cej o praktycznej ta\u015bmie samoprzylepnej tutaj.","og_url":"https:\/\/cardinal-tapes.com\/pl\/ta\u015bmy-samoprzylepne\/tasmy-dwustronnie-klejace\/tesa-4939-usuwalna-tasma-klejaca\/","og_site_name":"cardinal TAPES","article_modified_time":"2023-06-05T15:20:27+00:00","og_image":[{"width":600,"height":600,"url":"https:\/\/cardinal-tapes.com\/wp-content\/uploads\/tesa-4939.jpg","type":"image\/jpeg"}],"twitter_card":"summary_large_image","schema":{"@context":"https:\/\/schema.org","@graph":[{"@type":"WebPage","@id":"https:\/\/cardinal-tapes.com\/pl\/ta\u015bmy-samoprzylepne\/tasmy-dwustronnie-klejace\/tesa-4939-usuwalna-tasma-klejaca\/","url":"https:\/\/cardinal-tapes.com\/pl\/ta\u015bmy-samoprzylepne\/tasmy-dwustronnie-klejace\/tesa-4939-usuwalna-tasma-klejaca\/","name":"Usuwalna ta\u015bma monta\u017cowa Tesa 4939 | Cardinal TAPES","isPartOf":{"@id":"https:\/\/cardinal-tapes.com\/#website"},"primaryImageOfPage":{"@id":"https:\/\/cardinal-tapes.com\/pl\/ta\u015bmy-samoprzylepne\/tasmy-dwustronnie-klejace\/tesa-4939-usuwalna-tasma-klejaca\/#primaryimage"},"image":{"@id":"https:\/\/cardinal-tapes.com\/pl\/ta\u015bmy-samoprzylepne\/tasmy-dwustronnie-klejace\/tesa-4939-usuwalna-tasma-klejaca\/#primaryimage"},"thumbnailUrl":"https:\/\/cardinal-tapes.com\/wp-content\/uploads\/tesa-4939.jpg","datePublished":"2018-02-09T09:45:12+00:00","dateModified":"2023-06-05T15:20:27+00:00","description":"Tesa 4939 to dwustronna ta\u015bma monta\u017cowa z mocnym no\u015bnikiem z tkaniny PET. Dowiedz si\u0119 wi\u0119cej o praktycznej ta\u015bmie samoprzylepnej tutaj.","breadcrumb":{"@id":"https:\/\/cardinal-tapes.com\/pl\/ta\u015bmy-samoprzylepne\/tasmy-dwustronnie-klejace\/tesa-4939-usuwalna-tasma-klejaca\/#breadcrumb"},"inLanguage":"pl-PL","potentialAction":[{"@type":"ReadAction","target":["https:\/\/cardinal-tapes.com\/pl\/ta\u015bmy-samoprzylepne\/tasmy-dwustronnie-klejace\/tesa-4939-usuwalna-tasma-klejaca\/"]}]},{"@type":"ImageObject","inLanguage":"pl-PL","@id":"https:\/\/cardinal-tapes.com\/pl\/ta\u015bmy-samoprzylepne\/tasmy-dwustronnie-klejace\/tesa-4939-usuwalna-tasma-klejaca\/#primaryimage","url":"https:\/\/cardinal-tapes.com\/wp-content\/uploads\/tesa-4939.jpg","contentUrl":"https:\/\/cardinal-tapes.com\/wp-content\/uploads\/tesa-4939.jpg","width":600,"height":600,"caption":"tesa 4939"},{"@type":"BreadcrumbList","@id":"https:\/\/cardinal-tapes.com\/pl\/ta\u015bmy-samoprzylepne\/tasmy-dwustronnie-klejace\/tesa-4939-usuwalna-tasma-klejaca\/#breadcrumb","itemListElement":[{"@type":"ListItem","position":1,"name":"Startseite","item":"https:\/\/cardinal-tapes.com\/pl\/strona-glowna\/"},{"@type":"ListItem","position":2,"name":"Ta\u015bmy samoprzylepne","item":"https:\/\/cardinal-tapes.com\/pl\/tasmy-samoprzylepne-pl\/"},{"@type":"ListItem","position":3,"name":"Doppelseitige Klebeb\u00e4nder","item":"https:\/\/cardinal-tapes.com\/kategorie\/doppelseitige-klebebaender\/"},{"@type":"ListItem","position":4,"name":"Usuwalna ta\u015bma monta\u017cowa tesafix\u00ae 4939 Uniwersalna"}]},{"@type":"WebSite","@id":"https:\/\/cardinal-tapes.com\/#website","url":"https:\/\/cardinal-tapes.com\/","name":"cardinal TAPES","description":"Klebetechnik aus Wuppertal","potentialAction":[{"@type":"SearchAction","target":{"@type":"EntryPoint","urlTemplate":"https:\/\/cardinal-tapes.com\/?s={search_term_string}"},"query-input":{"@type":"PropertyValueSpecification","valueRequired":true,"valueName":"search_term_string"}}],"inLanguage":"pl-PL"}]}},"brands":[{"id":2164,"name":"tesa","slug":"tesa-pl"}],"_links":{"self":[{"href":"https:\/\/cardinal-tapes.com\/pl\/wp-json\/wp\/v2\/product\/52635","targetHints":{"allow":["GET"]}}],"collection":[{"href":"https:\/\/cardinal-tapes.com\/pl\/wp-json\/wp\/v2\/product"}],"about":[{"href":"https:\/\/cardinal-tapes.com\/pl\/wp-json\/wp\/v2\/types\/product"}],"wp:featuredmedia":[{"embeddable":true,"href":"https:\/\/cardinal-tapes.com\/pl\/wp-json\/wp\/v2\/media\/26102"}],"wp:attachment":[{"href":"https:\/\/cardinal-tapes.com\/pl\/wp-json\/wp\/v2\/media?parent=52635"}],"wp:term":[{"taxonomy":"pwb-brand","embeddable":true,"href":"https:\/\/cardinal-tapes.com\/pl\/wp-json\/wp\/v2\/pwb-brand?post=52635"},{"taxonomy":"product_brand","embeddable":true,"href":"https:\/\/cardinal-tapes.com\/pl\/wp-json\/wp\/v2\/product_brand?post=52635"},{"taxonomy":"product_cat","embeddable":true,"href":"https:\/\/cardinal-tapes.com\/pl\/wp-json\/wp\/v2\/product_cat?post=52635"},{"taxonomy":"product_tag","embeddable":true,"href":"https:\/\/cardinal-tapes.com\/pl\/wp-json\/wp\/v2\/product_tag?post=52635"}],"curies":[{"name":"wp","href":"https:\/\/api.w.org\/{rel}","templated":true}]}}