{"id":52105,"date":"2018-02-06T11:13:21","date_gmt":"2023-06-05T15:20:18","guid":{"rendered":"https:\/\/cardinal.pixel-tal.de\/klebebaender\/bez-kategorii\/tasma-krepowa-samoprzylepna-tesakrepp-4348\/"},"modified":"2023-06-05T17:20:18","modified_gmt":"2023-06-05T15:20:18","slug":"tesa-4348-crepe-adhesive-tape","status":"publish","type":"product","link":"https:\/\/cardinal-tapes.com\/pl\/ta\u015bmy-samoprzylepne\/obszary-zastosowan\/tasma-papierowa\/tesa-4348-crepe-adhesive-tape\/","title":{"rendered":"Ta\u015bma krepowa samoprzylepna tesakrepp\u00ae 4348"},"content":{"rendered":"<p><sup>tesakrepp\u00ae<\/sup> 4348 to lekko krepowana, odporna na rozdarcia standardowa ta\u015bma malarska z klejem z naturalnego kauczuku, odpowiednia do prostych prac malarskich wewn\u0105trz pomieszcze\u0144. Elastyczna i lekko rozci\u0105gliwa ta\u015bma malarska mo\u017ce by\u0107 zrywana r\u0119cznie, u\u017cywana do 7 dni i \u0142atwo usuwana po u\u017cyciu. Dzi\u0119ki dobrym w\u0142a\u015bciwo\u015bciom adhezyjnym umo\u017cliwia czyste malowanie kraw\u0119dzi i stanowi niezawodn\u0105 podstaw\u0119 do profesjonalnych prac malarskich.<\/p>\n<p><strong>W\u0142a\u015bciwo\u015bci<\/strong><br \/>\n&#8211; G\u0142adkie powierzchnie<br \/>\n&#8211; Rozrywany r\u0119cznie<br \/>\n&#8211; Dobra przyczepno\u015b\u0107 tuszu<\/p>\n<p><strong>Zastosowania<br \/>\n<\/strong>&#8211; Do produkcji lekkich masek ochronnych<\/p>\n","protected":false},"excerpt":{"rendered":"<p>tesakrepp\u00ae 4348 to lekko krepowana, odporna na rozdarcia standardowa ta\u015bma malarska z klejem z naturalnego kauczuku, odpowiednia do prostych prac malarskich wewn\u0105trz pomieszcze\u0144. Elastyczna i lekko rozci\u0105gliwa ta\u015bma malarska mo\u017ce by\u0107 zrywana r\u0119cznie, u\u017cywana do 7 dni i \u0142atwo usuwana po u\u017cyciu. Dzi\u0119ki dobrym w\u0142a\u015bciwo\u015bciom adhezyjnym umo\u017cliwia czyste malowanie kraw\u0119dzi i stanowi niezawodn\u0105 podstaw\u0119 do [&hellip;]<\/p>\n","protected":false},"featured_media":26170,"template":"","meta":{"_acf_changed":false},"pwb-brand":[2164],"product_brand":[],"product_cat":[1786,1816],"product_tag":[],"class_list":{"0":"post-52105","1":"product","2":"type-product","3":"status-publish","4":"has-post-thumbnail","6":"pwb-brand-tesa-pl","7":"product_cat-tasma-papierowa","8":"product_cat-jednostronne-tasmy-samoprzylepne","10":"first","11":"instock","12":"taxable","13":"shipping-taxable","14":"purchasable","15":"product-type-variable"},"acf":[],"yoast_head":"<!-- This site is optimized with the Yoast SEO plugin v27.3 - https:\/\/yoast.com\/product\/yoast-seo-wordpress\/ -->\n<title>Ta\u015bma krepowa z kauczuku naturalnego tesa 4348 | Cardinal TAPES<\/title>\n<meta name=\"description\" content=\"Ta\u015bma malarska maskuj\u0105ca tesa 4348 to lekko krepowana ta\u015bma krepowa opracowana specjalnie do zastosowa\u0144 malarskich. Dowiedz si\u0119 wi\u0119cej.\" \/>\n<meta name=\"robots\" content=\"index, follow, max-snippet:-1, max-image-preview:large, max-video-preview:-1\" \/>\n<link rel=\"canonical\" href=\"https:\/\/cardinal-tapes.com\/pl\/ta\u015bmy-samoprzylepne\/tasma-papierowa\/tesa-4348-crepe-adhesive-tape\/\" \/>\n<meta property=\"og:locale\" content=\"pl_PL\" \/>\n<meta property=\"og:type\" content=\"article\" \/>\n<meta property=\"og:title\" content=\"Ta\u015bma krepowa z kauczuku naturalnego tesa 4348 | Cardinal TAPES\" \/>\n<meta property=\"og:description\" content=\"Ta\u015bma malarska maskuj\u0105ca tesa 4348 to lekko krepowana ta\u015bma krepowa opracowana specjalnie do zastosowa\u0144 malarskich. Dowiedz si\u0119 wi\u0119cej.\" \/>\n<meta property=\"og:url\" content=\"https:\/\/cardinal-tapes.com\/pl\/ta\u015bmy-samoprzylepne\/tasma-papierowa\/tesa-4348-crepe-adhesive-tape\/\" \/>\n<meta property=\"og:site_name\" content=\"cardinal TAPES\" \/>\n<meta property=\"og:image\" content=\"https:\/\/cardinal-tapes.com\/wp-content\/uploads\/tesa_04348.jpg\" \/>\n\t<meta property=\"og:image:width\" content=\"600\" \/>\n\t<meta property=\"og:image:height\" content=\"600\" \/>\n\t<meta property=\"og:image:type\" content=\"image\/jpeg\" \/>\n<meta name=\"twitter:card\" content=\"summary_large_image\" \/>\n<script type=\"application\/ld+json\" class=\"yoast-schema-graph\">{\"@context\":\"https:\\\/\\\/schema.org\",\"@graph\":[{\"@type\":\"WebPage\",\"@id\":\"https:\\\/\\\/cardinal-tapes.com\\\/pl\\\/ta\u015bmy-samoprzylepne\\\/tasma-papierowa\\\/tesa-4348-crepe-adhesive-tape\\\/\",\"url\":\"https:\\\/\\\/cardinal-tapes.com\\\/pl\\\/ta\u015bmy-samoprzylepne\\\/tasma-papierowa\\\/tesa-4348-crepe-adhesive-tape\\\/\",\"name\":\"Ta\u015bma krepowa z kauczuku naturalnego tesa 4348 | Cardinal TAPES\",\"isPartOf\":{\"@id\":\"https:\\\/\\\/cardinal-tapes.com\\\/#website\"},\"primaryImageOfPage\":{\"@id\":\"https:\\\/\\\/cardinal-tapes.com\\\/pl\\\/ta\u015bmy-samoprzylepne\\\/tasma-papierowa\\\/tesa-4348-crepe-adhesive-tape\\\/#primaryimage\"},\"image\":{\"@id\":\"https:\\\/\\\/cardinal-tapes.com\\\/pl\\\/ta\u015bmy-samoprzylepne\\\/tasma-papierowa\\\/tesa-4348-crepe-adhesive-tape\\\/#primaryimage\"},\"thumbnailUrl\":\"https:\\\/\\\/cardinal-tapes.com\\\/wp-content\\\/uploads\\\/tesa_04348.jpg\",\"datePublished\":\"2023-06-05T15:20:18+00:00\",\"description\":\"Ta\u015bma malarska maskuj\u0105ca tesa 4348 to lekko krepowana ta\u015bma krepowa opracowana specjalnie do zastosowa\u0144 malarskich. Dowiedz si\u0119 wi\u0119cej.\",\"breadcrumb\":{\"@id\":\"https:\\\/\\\/cardinal-tapes.com\\\/pl\\\/ta\u015bmy-samoprzylepne\\\/tasma-papierowa\\\/tesa-4348-crepe-adhesive-tape\\\/#breadcrumb\"},\"inLanguage\":\"pl-PL\",\"potentialAction\":[{\"@type\":\"ReadAction\",\"target\":[\"https:\\\/\\\/cardinal-tapes.com\\\/pl\\\/ta\u015bmy-samoprzylepne\\\/tasma-papierowa\\\/tesa-4348-crepe-adhesive-tape\\\/\"]}]},{\"@type\":\"ImageObject\",\"inLanguage\":\"pl-PL\",\"@id\":\"https:\\\/\\\/cardinal-tapes.com\\\/pl\\\/ta\u015bmy-samoprzylepne\\\/tasma-papierowa\\\/tesa-4348-crepe-adhesive-tape\\\/#primaryimage\",\"url\":\"https:\\\/\\\/cardinal-tapes.com\\\/wp-content\\\/uploads\\\/tesa_04348.jpg\",\"contentUrl\":\"https:\\\/\\\/cardinal-tapes.com\\\/wp-content\\\/uploads\\\/tesa_04348.jpg\",\"width\":600,\"height\":600,\"caption\":\"tesa 4348\"},{\"@type\":\"BreadcrumbList\",\"@id\":\"https:\\\/\\\/cardinal-tapes.com\\\/pl\\\/ta\u015bmy-samoprzylepne\\\/tasma-papierowa\\\/tesa-4348-crepe-adhesive-tape\\\/#breadcrumb\",\"itemListElement\":[{\"@type\":\"ListItem\",\"position\":1,\"name\":\"Startseite\",\"item\":\"https:\\\/\\\/cardinal-tapes.com\\\/pl\\\/strona-glowna\\\/\"},{\"@type\":\"ListItem\",\"position\":2,\"name\":\"Ta\u015bmy samoprzylepne\",\"item\":\"https:\\\/\\\/cardinal-tapes.com\\\/pl\\\/tasmy-samoprzylepne-pl\\\/\"},{\"@type\":\"ListItem\",\"position\":3,\"name\":\"Ta\u015bma papierowa\",\"item\":\"https:\\\/\\\/cardinal-tapes.com\\\/pl\\\/kategoria\\\/tasma-papierowa\\\/\"},{\"@type\":\"ListItem\",\"position\":4,\"name\":\"Ta\u015bma krepowa samoprzylepna tesakrepp\u00ae 4348\"}]},{\"@type\":\"WebSite\",\"@id\":\"https:\\\/\\\/cardinal-tapes.com\\\/#website\",\"url\":\"https:\\\/\\\/cardinal-tapes.com\\\/\",\"name\":\"cardinal TAPES\",\"description\":\"Klebetechnik aus Wuppertal\",\"potentialAction\":[{\"@type\":\"SearchAction\",\"target\":{\"@type\":\"EntryPoint\",\"urlTemplate\":\"https:\\\/\\\/cardinal-tapes.com\\\/?s={search_term_string}\"},\"query-input\":{\"@type\":\"PropertyValueSpecification\",\"valueRequired\":true,\"valueName\":\"search_term_string\"}}],\"inLanguage\":\"pl-PL\"}]}<\/script>\n<!-- \/ Yoast SEO plugin. -->","yoast_head_json":{"title":"Ta\u015bma krepowa z kauczuku naturalnego tesa 4348 | Cardinal TAPES","description":"Ta\u015bma malarska maskuj\u0105ca tesa 4348 to lekko krepowana ta\u015bma krepowa opracowana specjalnie do zastosowa\u0144 malarskich. Dowiedz si\u0119 wi\u0119cej.","robots":{"index":"index","follow":"follow","max-snippet":"max-snippet:-1","max-image-preview":"max-image-preview:large","max-video-preview":"max-video-preview:-1"},"canonical":"https:\/\/cardinal-tapes.com\/pl\/ta\u015bmy-samoprzylepne\/tasma-papierowa\/tesa-4348-crepe-adhesive-tape\/","og_locale":"pl_PL","og_type":"article","og_title":"Ta\u015bma krepowa z kauczuku naturalnego tesa 4348 | Cardinal TAPES","og_description":"Ta\u015bma malarska maskuj\u0105ca tesa 4348 to lekko krepowana ta\u015bma krepowa opracowana specjalnie do zastosowa\u0144 malarskich. Dowiedz si\u0119 wi\u0119cej.","og_url":"https:\/\/cardinal-tapes.com\/pl\/ta\u015bmy-samoprzylepne\/tasma-papierowa\/tesa-4348-crepe-adhesive-tape\/","og_site_name":"cardinal TAPES","og_image":[{"width":600,"height":600,"url":"https:\/\/cardinal-tapes.com\/wp-content\/uploads\/tesa_04348.jpg","type":"image\/jpeg"}],"twitter_card":"summary_large_image","schema":{"@context":"https:\/\/schema.org","@graph":[{"@type":"WebPage","@id":"https:\/\/cardinal-tapes.com\/pl\/ta\u015bmy-samoprzylepne\/tasma-papierowa\/tesa-4348-crepe-adhesive-tape\/","url":"https:\/\/cardinal-tapes.com\/pl\/ta\u015bmy-samoprzylepne\/tasma-papierowa\/tesa-4348-crepe-adhesive-tape\/","name":"Ta\u015bma krepowa z kauczuku naturalnego tesa 4348 | Cardinal TAPES","isPartOf":{"@id":"https:\/\/cardinal-tapes.com\/#website"},"primaryImageOfPage":{"@id":"https:\/\/cardinal-tapes.com\/pl\/ta\u015bmy-samoprzylepne\/tasma-papierowa\/tesa-4348-crepe-adhesive-tape\/#primaryimage"},"image":{"@id":"https:\/\/cardinal-tapes.com\/pl\/ta\u015bmy-samoprzylepne\/tasma-papierowa\/tesa-4348-crepe-adhesive-tape\/#primaryimage"},"thumbnailUrl":"https:\/\/cardinal-tapes.com\/wp-content\/uploads\/tesa_04348.jpg","datePublished":"2023-06-05T15:20:18+00:00","description":"Ta\u015bma malarska maskuj\u0105ca tesa 4348 to lekko krepowana ta\u015bma krepowa opracowana specjalnie do zastosowa\u0144 malarskich. Dowiedz si\u0119 wi\u0119cej.","breadcrumb":{"@id":"https:\/\/cardinal-tapes.com\/pl\/ta\u015bmy-samoprzylepne\/tasma-papierowa\/tesa-4348-crepe-adhesive-tape\/#breadcrumb"},"inLanguage":"pl-PL","potentialAction":[{"@type":"ReadAction","target":["https:\/\/cardinal-tapes.com\/pl\/ta\u015bmy-samoprzylepne\/tasma-papierowa\/tesa-4348-crepe-adhesive-tape\/"]}]},{"@type":"ImageObject","inLanguage":"pl-PL","@id":"https:\/\/cardinal-tapes.com\/pl\/ta\u015bmy-samoprzylepne\/tasma-papierowa\/tesa-4348-crepe-adhesive-tape\/#primaryimage","url":"https:\/\/cardinal-tapes.com\/wp-content\/uploads\/tesa_04348.jpg","contentUrl":"https:\/\/cardinal-tapes.com\/wp-content\/uploads\/tesa_04348.jpg","width":600,"height":600,"caption":"tesa 4348"},{"@type":"BreadcrumbList","@id":"https:\/\/cardinal-tapes.com\/pl\/ta\u015bmy-samoprzylepne\/tasma-papierowa\/tesa-4348-crepe-adhesive-tape\/#breadcrumb","itemListElement":[{"@type":"ListItem","position":1,"name":"Startseite","item":"https:\/\/cardinal-tapes.com\/pl\/strona-glowna\/"},{"@type":"ListItem","position":2,"name":"Ta\u015bmy samoprzylepne","item":"https:\/\/cardinal-tapes.com\/pl\/tasmy-samoprzylepne-pl\/"},{"@type":"ListItem","position":3,"name":"Ta\u015bma papierowa","item":"https:\/\/cardinal-tapes.com\/pl\/kategoria\/tasma-papierowa\/"},{"@type":"ListItem","position":4,"name":"Ta\u015bma krepowa samoprzylepna tesakrepp\u00ae 4348"}]},{"@type":"WebSite","@id":"https:\/\/cardinal-tapes.com\/#website","url":"https:\/\/cardinal-tapes.com\/","name":"cardinal TAPES","description":"Klebetechnik aus Wuppertal","potentialAction":[{"@type":"SearchAction","target":{"@type":"EntryPoint","urlTemplate":"https:\/\/cardinal-tapes.com\/?s={search_term_string}"},"query-input":{"@type":"PropertyValueSpecification","valueRequired":true,"valueName":"search_term_string"}}],"inLanguage":"pl-PL"}]}},"brands":[{"id":2164,"name":"tesa","slug":"tesa-pl"}],"_links":{"self":[{"href":"https:\/\/cardinal-tapes.com\/pl\/wp-json\/wp\/v2\/product\/52105","targetHints":{"allow":["GET"]}}],"collection":[{"href":"https:\/\/cardinal-tapes.com\/pl\/wp-json\/wp\/v2\/product"}],"about":[{"href":"https:\/\/cardinal-tapes.com\/pl\/wp-json\/wp\/v2\/types\/product"}],"wp:featuredmedia":[{"embeddable":true,"href":"https:\/\/cardinal-tapes.com\/pl\/wp-json\/wp\/v2\/media\/26170"}],"wp:attachment":[{"href":"https:\/\/cardinal-tapes.com\/pl\/wp-json\/wp\/v2\/media?parent=52105"}],"wp:term":[{"taxonomy":"pwb-brand","embeddable":true,"href":"https:\/\/cardinal-tapes.com\/pl\/wp-json\/wp\/v2\/pwb-brand?post=52105"},{"taxonomy":"product_brand","embeddable":true,"href":"https:\/\/cardinal-tapes.com\/pl\/wp-json\/wp\/v2\/product_brand?post=52105"},{"taxonomy":"product_cat","embeddable":true,"href":"https:\/\/cardinal-tapes.com\/pl\/wp-json\/wp\/v2\/product_cat?post=52105"},{"taxonomy":"product_tag","embeddable":true,"href":"https:\/\/cardinal-tapes.com\/pl\/wp-json\/wp\/v2\/product_tag?post=52105"}],"curies":[{"name":"wp","href":"https:\/\/api.w.org\/{rel}","templated":true}]}}