{"id":52076,"date":"2018-02-06T09:55:39","date_gmt":"2023-06-05T15:20:17","guid":{"rendered":"https:\/\/cardinal.pixel-tal.de\/klebebaender\/bez-kategorii\/tasma-pakowa-tesapack-4124-pvc\/"},"modified":"2023-06-05T17:20:17","modified_gmt":"2023-06-05T15:20:17","slug":"tasma-pakowa-tesa-4124-pvc","status":"publish","type":"product","link":"https:\/\/cardinal-tapes.com\/pl\/ta\u015bmy-samoprzylepne\/jednostronne-tasmy-samoprzylepne\/folia-pvc\/tasma-pakowa-tesa-4124-pvc\/","title":{"rendered":"Ta\u015bma pakowa tesapack\u00ae 4124 PVC"},"content":{"rendered":"<p><sup>tesapack\u00ae<\/sup> 4124 to wysokiej jako\u015bci ta\u015bma pakowa na bazie folii PVC z mocnym klejem z naturalnego kauczuku.<\/p>\n<p><strong>W\u0142a\u015bciwo\u015bci<\/strong><br \/>\n&#8211; Jednolite i ciche toczenie<br \/>\n&#8211; Bardzo wysoka wytrzyma\u0142o\u015b\u0107 na rozdarcie<\/p>\n<p><strong>Zastosowania<\/strong><br \/>\n&#8211; Bardzo dobrze nadaje si\u0119 do obr\u00f3bki r\u0119cznej i maszynowej<br \/>\n&#8211; Szczeg\u00f3lnie nadaje si\u0119 do uszczelniania lekkich i \u015brednich pude\u0142ek transportowych<\/p>\n","protected":false},"excerpt":{"rendered":"<p>tesapack\u00ae 4124 to wysokiej jako\u015bci ta\u015bma pakowa na bazie folii PVC z mocnym klejem z naturalnego kauczuku. W\u0142a\u015bciwo\u015bci &#8211; Jednolite i ciche toczenie &#8211; Bardzo wysoka wytrzyma\u0142o\u015b\u0107 na rozdarcie Zastosowania &#8211; Bardzo dobrze nadaje si\u0119 do obr\u00f3bki r\u0119cznej i maszynowej &#8211; Szczeg\u00f3lnie nadaje si\u0119 do uszczelniania lekkich i \u015brednich pude\u0142ek transportowych<\/p>\n","protected":false},"featured_media":26198,"template":"","meta":{"_acf_changed":false},"pwb-brand":[2164],"product_brand":[],"product_cat":[1792,1816,1821,1867],"product_tag":[],"class_list":{"0":"post-52076","1":"product","2":"type-product","3":"status-publish","4":"has-post-thumbnail","6":"pwb-brand-tesa-pl","7":"product_cat-sektor-transportowy","8":"product_cat-jednostronne-tasmy-samoprzylepne","9":"product_cat-folia-pvc","10":"product_cat-systemy-pakowania","12":"first","13":"instock","14":"taxable","15":"shipping-taxable","16":"purchasable","17":"product-type-variable"},"acf":[],"yoast_head":"<!-- This site is optimized with the Yoast SEO plugin v27.3 - https:\/\/yoast.com\/product\/yoast-seo-wordpress\/ -->\n<title>Ta\u015bma pakowa Tesa 4124 PVC | Cardinal TAPES<\/title>\n<meta name=\"description\" content=\"Tesa 4124 to ta\u015bma pakowa z no\u015bnikiem z PVC i mocn\u0105 substancj\u0105 klej\u0105c\u0105 z naturalnego kauczuku. Dowiedz si\u0119 wi\u0119cej o tesa 4124.\" \/>\n<meta name=\"robots\" content=\"index, follow, max-snippet:-1, max-image-preview:large, max-video-preview:-1\" \/>\n<link rel=\"canonical\" href=\"https:\/\/cardinal-tapes.com\/pl\/ta\u015bmy-samoprzylepne\/sektor-transportowy\/tasma-pakowa-tesa-4124-pvc\/\" \/>\n<meta property=\"og:locale\" content=\"pl_PL\" \/>\n<meta property=\"og:type\" content=\"article\" \/>\n<meta property=\"og:title\" content=\"Ta\u015bma pakowa Tesa 4124 PVC | Cardinal TAPES\" \/>\n<meta property=\"og:description\" content=\"Tesa 4124 to ta\u015bma pakowa z no\u015bnikiem z PVC i mocn\u0105 substancj\u0105 klej\u0105c\u0105 z naturalnego kauczuku. Dowiedz si\u0119 wi\u0119cej o tesa 4124.\" \/>\n<meta property=\"og:url\" content=\"https:\/\/cardinal-tapes.com\/pl\/ta\u015bmy-samoprzylepne\/sektor-transportowy\/tasma-pakowa-tesa-4124-pvc\/\" \/>\n<meta property=\"og:site_name\" content=\"cardinal TAPES\" \/>\n<meta property=\"og:image\" content=\"https:\/\/cardinal-tapes.com\/wp-content\/uploads\/tesa-04124_2.jpg\" \/>\n\t<meta property=\"og:image:width\" content=\"600\" \/>\n\t<meta property=\"og:image:height\" content=\"600\" \/>\n\t<meta property=\"og:image:type\" content=\"image\/jpeg\" \/>\n<meta name=\"twitter:card\" content=\"summary_large_image\" \/>\n<script type=\"application\/ld+json\" class=\"yoast-schema-graph\">{\"@context\":\"https:\\\/\\\/schema.org\",\"@graph\":[{\"@type\":\"WebPage\",\"@id\":\"https:\\\/\\\/cardinal-tapes.com\\\/pl\\\/ta\u015bmy-samoprzylepne\\\/sektor-transportowy\\\/tasma-pakowa-tesa-4124-pvc\\\/\",\"url\":\"https:\\\/\\\/cardinal-tapes.com\\\/pl\\\/ta\u015bmy-samoprzylepne\\\/sektor-transportowy\\\/tasma-pakowa-tesa-4124-pvc\\\/\",\"name\":\"Ta\u015bma pakowa Tesa 4124 PVC | Cardinal TAPES\",\"isPartOf\":{\"@id\":\"https:\\\/\\\/cardinal-tapes.com\\\/#website\"},\"primaryImageOfPage\":{\"@id\":\"https:\\\/\\\/cardinal-tapes.com\\\/pl\\\/ta\u015bmy-samoprzylepne\\\/sektor-transportowy\\\/tasma-pakowa-tesa-4124-pvc\\\/#primaryimage\"},\"image\":{\"@id\":\"https:\\\/\\\/cardinal-tapes.com\\\/pl\\\/ta\u015bmy-samoprzylepne\\\/sektor-transportowy\\\/tasma-pakowa-tesa-4124-pvc\\\/#primaryimage\"},\"thumbnailUrl\":\"https:\\\/\\\/cardinal-tapes.com\\\/wp-content\\\/uploads\\\/tesa-04124_2.jpg\",\"datePublished\":\"2023-06-05T15:20:17+00:00\",\"description\":\"Tesa 4124 to ta\u015bma pakowa z no\u015bnikiem z PVC i mocn\u0105 substancj\u0105 klej\u0105c\u0105 z naturalnego kauczuku. Dowiedz si\u0119 wi\u0119cej o tesa 4124.\",\"breadcrumb\":{\"@id\":\"https:\\\/\\\/cardinal-tapes.com\\\/pl\\\/ta\u015bmy-samoprzylepne\\\/sektor-transportowy\\\/tasma-pakowa-tesa-4124-pvc\\\/#breadcrumb\"},\"inLanguage\":\"pl-PL\",\"potentialAction\":[{\"@type\":\"ReadAction\",\"target\":[\"https:\\\/\\\/cardinal-tapes.com\\\/pl\\\/ta\u015bmy-samoprzylepne\\\/sektor-transportowy\\\/tasma-pakowa-tesa-4124-pvc\\\/\"]}]},{\"@type\":\"ImageObject\",\"inLanguage\":\"pl-PL\",\"@id\":\"https:\\\/\\\/cardinal-tapes.com\\\/pl\\\/ta\u015bmy-samoprzylepne\\\/sektor-transportowy\\\/tasma-pakowa-tesa-4124-pvc\\\/#primaryimage\",\"url\":\"https:\\\/\\\/cardinal-tapes.com\\\/wp-content\\\/uploads\\\/tesa-04124_2.jpg\",\"contentUrl\":\"https:\\\/\\\/cardinal-tapes.com\\\/wp-content\\\/uploads\\\/tesa-04124_2.jpg\",\"width\":600,\"height\":600,\"caption\":\"tesa 4124\"},{\"@type\":\"BreadcrumbList\",\"@id\":\"https:\\\/\\\/cardinal-tapes.com\\\/pl\\\/ta\u015bmy-samoprzylepne\\\/sektor-transportowy\\\/tasma-pakowa-tesa-4124-pvc\\\/#breadcrumb\",\"itemListElement\":[{\"@type\":\"ListItem\",\"position\":1,\"name\":\"Startseite\",\"item\":\"https:\\\/\\\/cardinal-tapes.com\\\/pl\\\/strona-glowna\\\/\"},{\"@type\":\"ListItem\",\"position\":2,\"name\":\"Ta\u015bmy samoprzylepne\",\"item\":\"https:\\\/\\\/cardinal-tapes.com\\\/pl\\\/tasmy-samoprzylepne-pl\\\/\"},{\"@type\":\"ListItem\",\"position\":3,\"name\":\"Sektor transportowy\",\"item\":\"https:\\\/\\\/cardinal-tapes.com\\\/pl\\\/kategoria\\\/sektor-transportowy\\\/\"},{\"@type\":\"ListItem\",\"position\":4,\"name\":\"Ta\u015bma pakowa tesapack\u00ae 4124 PVC\"}]},{\"@type\":\"WebSite\",\"@id\":\"https:\\\/\\\/cardinal-tapes.com\\\/#website\",\"url\":\"https:\\\/\\\/cardinal-tapes.com\\\/\",\"name\":\"cardinal TAPES\",\"description\":\"Klebetechnik aus Wuppertal\",\"potentialAction\":[{\"@type\":\"SearchAction\",\"target\":{\"@type\":\"EntryPoint\",\"urlTemplate\":\"https:\\\/\\\/cardinal-tapes.com\\\/?s={search_term_string}\"},\"query-input\":{\"@type\":\"PropertyValueSpecification\",\"valueRequired\":true,\"valueName\":\"search_term_string\"}}],\"inLanguage\":\"pl-PL\"}]}<\/script>\n<!-- \/ Yoast SEO plugin. -->","yoast_head_json":{"title":"Ta\u015bma pakowa Tesa 4124 PVC | Cardinal TAPES","description":"Tesa 4124 to ta\u015bma pakowa z no\u015bnikiem z PVC i mocn\u0105 substancj\u0105 klej\u0105c\u0105 z naturalnego kauczuku. Dowiedz si\u0119 wi\u0119cej o tesa 4124.","robots":{"index":"index","follow":"follow","max-snippet":"max-snippet:-1","max-image-preview":"max-image-preview:large","max-video-preview":"max-video-preview:-1"},"canonical":"https:\/\/cardinal-tapes.com\/pl\/ta\u015bmy-samoprzylepne\/sektor-transportowy\/tasma-pakowa-tesa-4124-pvc\/","og_locale":"pl_PL","og_type":"article","og_title":"Ta\u015bma pakowa Tesa 4124 PVC | Cardinal TAPES","og_description":"Tesa 4124 to ta\u015bma pakowa z no\u015bnikiem z PVC i mocn\u0105 substancj\u0105 klej\u0105c\u0105 z naturalnego kauczuku. Dowiedz si\u0119 wi\u0119cej o tesa 4124.","og_url":"https:\/\/cardinal-tapes.com\/pl\/ta\u015bmy-samoprzylepne\/sektor-transportowy\/tasma-pakowa-tesa-4124-pvc\/","og_site_name":"cardinal TAPES","og_image":[{"width":600,"height":600,"url":"https:\/\/cardinal-tapes.com\/wp-content\/uploads\/tesa-04124_2.jpg","type":"image\/jpeg"}],"twitter_card":"summary_large_image","schema":{"@context":"https:\/\/schema.org","@graph":[{"@type":"WebPage","@id":"https:\/\/cardinal-tapes.com\/pl\/ta\u015bmy-samoprzylepne\/sektor-transportowy\/tasma-pakowa-tesa-4124-pvc\/","url":"https:\/\/cardinal-tapes.com\/pl\/ta\u015bmy-samoprzylepne\/sektor-transportowy\/tasma-pakowa-tesa-4124-pvc\/","name":"Ta\u015bma pakowa Tesa 4124 PVC | Cardinal TAPES","isPartOf":{"@id":"https:\/\/cardinal-tapes.com\/#website"},"primaryImageOfPage":{"@id":"https:\/\/cardinal-tapes.com\/pl\/ta\u015bmy-samoprzylepne\/sektor-transportowy\/tasma-pakowa-tesa-4124-pvc\/#primaryimage"},"image":{"@id":"https:\/\/cardinal-tapes.com\/pl\/ta\u015bmy-samoprzylepne\/sektor-transportowy\/tasma-pakowa-tesa-4124-pvc\/#primaryimage"},"thumbnailUrl":"https:\/\/cardinal-tapes.com\/wp-content\/uploads\/tesa-04124_2.jpg","datePublished":"2023-06-05T15:20:17+00:00","description":"Tesa 4124 to ta\u015bma pakowa z no\u015bnikiem z PVC i mocn\u0105 substancj\u0105 klej\u0105c\u0105 z naturalnego kauczuku. Dowiedz si\u0119 wi\u0119cej o tesa 4124.","breadcrumb":{"@id":"https:\/\/cardinal-tapes.com\/pl\/ta\u015bmy-samoprzylepne\/sektor-transportowy\/tasma-pakowa-tesa-4124-pvc\/#breadcrumb"},"inLanguage":"pl-PL","potentialAction":[{"@type":"ReadAction","target":["https:\/\/cardinal-tapes.com\/pl\/ta\u015bmy-samoprzylepne\/sektor-transportowy\/tasma-pakowa-tesa-4124-pvc\/"]}]},{"@type":"ImageObject","inLanguage":"pl-PL","@id":"https:\/\/cardinal-tapes.com\/pl\/ta\u015bmy-samoprzylepne\/sektor-transportowy\/tasma-pakowa-tesa-4124-pvc\/#primaryimage","url":"https:\/\/cardinal-tapes.com\/wp-content\/uploads\/tesa-04124_2.jpg","contentUrl":"https:\/\/cardinal-tapes.com\/wp-content\/uploads\/tesa-04124_2.jpg","width":600,"height":600,"caption":"tesa 4124"},{"@type":"BreadcrumbList","@id":"https:\/\/cardinal-tapes.com\/pl\/ta\u015bmy-samoprzylepne\/sektor-transportowy\/tasma-pakowa-tesa-4124-pvc\/#breadcrumb","itemListElement":[{"@type":"ListItem","position":1,"name":"Startseite","item":"https:\/\/cardinal-tapes.com\/pl\/strona-glowna\/"},{"@type":"ListItem","position":2,"name":"Ta\u015bmy samoprzylepne","item":"https:\/\/cardinal-tapes.com\/pl\/tasmy-samoprzylepne-pl\/"},{"@type":"ListItem","position":3,"name":"Sektor transportowy","item":"https:\/\/cardinal-tapes.com\/pl\/kategoria\/sektor-transportowy\/"},{"@type":"ListItem","position":4,"name":"Ta\u015bma pakowa tesapack\u00ae 4124 PVC"}]},{"@type":"WebSite","@id":"https:\/\/cardinal-tapes.com\/#website","url":"https:\/\/cardinal-tapes.com\/","name":"cardinal TAPES","description":"Klebetechnik aus Wuppertal","potentialAction":[{"@type":"SearchAction","target":{"@type":"EntryPoint","urlTemplate":"https:\/\/cardinal-tapes.com\/?s={search_term_string}"},"query-input":{"@type":"PropertyValueSpecification","valueRequired":true,"valueName":"search_term_string"}}],"inLanguage":"pl-PL"}]}},"brands":[{"id":2164,"name":"tesa","slug":"tesa-pl"}],"_links":{"self":[{"href":"https:\/\/cardinal-tapes.com\/pl\/wp-json\/wp\/v2\/product\/52076","targetHints":{"allow":["GET"]}}],"collection":[{"href":"https:\/\/cardinal-tapes.com\/pl\/wp-json\/wp\/v2\/product"}],"about":[{"href":"https:\/\/cardinal-tapes.com\/pl\/wp-json\/wp\/v2\/types\/product"}],"wp:featuredmedia":[{"embeddable":true,"href":"https:\/\/cardinal-tapes.com\/pl\/wp-json\/wp\/v2\/media\/26198"}],"wp:attachment":[{"href":"https:\/\/cardinal-tapes.com\/pl\/wp-json\/wp\/v2\/media?parent=52076"}],"wp:term":[{"taxonomy":"pwb-brand","embeddable":true,"href":"https:\/\/cardinal-tapes.com\/pl\/wp-json\/wp\/v2\/pwb-brand?post=52076"},{"taxonomy":"product_brand","embeddable":true,"href":"https:\/\/cardinal-tapes.com\/pl\/wp-json\/wp\/v2\/product_brand?post=52076"},{"taxonomy":"product_cat","embeddable":true,"href":"https:\/\/cardinal-tapes.com\/pl\/wp-json\/wp\/v2\/product_cat?post=52076"},{"taxonomy":"product_tag","embeddable":true,"href":"https:\/\/cardinal-tapes.com\/pl\/wp-json\/wp\/v2\/product_tag?post=52076"}],"curies":[{"name":"wp","href":"https:\/\/api.w.org\/{rel}","templated":true}]}}