{"id":52054,"date":"2018-02-06T10:25:58","date_gmt":"2023-06-05T15:20:17","guid":{"rendered":"https:\/\/cardinal.pixel-tal.de\/klebebaender\/bez-kategorii\/tasma-do-oznaczania-i-ostrzegania-podlog-tesa-4169-premium\/"},"modified":"2025-07-03T14:31:19","modified_gmt":"2025-07-03T12:31:19","slug":"tesa-4169-tasma-do-znakowania-podlog","status":"publish","type":"product","link":"https:\/\/cardinal-tapes.com\/pl\/ta\u015bmy-samoprzylepne\/obszary-zastosowan\/tasma-do-znakowania-podlog\/tesa-4169-tasma-do-znakowania-podlog\/","title":{"rendered":"Ta\u015bma do oznaczania i ostrzegania pod\u0142\u00f3g tesa\u00ae 4169 Premium"},"content":{"rendered":"<section class=\"component js-toc-target\" data-style=\"components\/article-text\" data-toc-name=\"pages-product-product-description\">\n<div class=\"row\">\n<div class=\"col-default-12 col-sm-9\">\n<p><sup>tesa\u00ae<\/sup> 4169 to ta\u015bma samoprzylepna z mi\u0119kkim no\u015bnikiem z PVC i akrylow\u0105 substancj\u0105 klej\u0105c\u0105. Nadaje si\u0119 szczeg\u00f3lnie do trwa\u0142ych, wymagaj\u0105cych oznacze\u0144, a tak\u017ce do zastosowa\u0144 zewn\u0119trznych \/ odpornych na promieniowanie UV. W zale\u017cno\u015bci od wybranego koloru, <sup>tesa\u00ae<\/sup> 4169 mo\u017ce by\u0107 stosowana jako ta\u015bma do znakowania pod\u0142\u00f3g lub jako ta\u015bma ostrzegawcza.<\/p>\n<p><strong>W\u0142a\u015bciwo\u015bci<\/strong><br \/>\n&#8211; Dobra odporno\u015b\u0107 na promieniowanie UV<br \/>\n&#8211; Odporno\u015b\u0107 na warunki atmosferyczne<\/p>\n<p><strong>Zastosowania<\/strong><br \/>\n&#8211; Wyznaczanie obszar\u00f3w roboczych, np. w halach fabrycznych i magazynach<br \/>\n&#8211; Ta\u015bma prowadz\u0105ca do pojazd\u00f3w transportowych sterowanych optycznie<br \/>\n&#8211; Oznaczanie miejsc parkingowych i przej\u015b\u0107 w halach fabrycznych, na targach i w szpitalach<\/p>\n<\/div>\n<\/div>\n<\/section>\n","protected":false},"excerpt":{"rendered":"<p>tesa\u00ae 4169 to ta\u015bma samoprzylepna z mi\u0119kkim no\u015bnikiem z PVC i akrylow\u0105 substancj\u0105 klej\u0105c\u0105. Nadaje si\u0119 szczeg\u00f3lnie do trwa\u0142ych, wymagaj\u0105cych oznacze\u0144, a tak\u017ce do zastosowa\u0144 zewn\u0119trznych \/ odpornych na promieniowanie UV. W zale\u017cno\u015bci od wybranego koloru, tesa\u00ae 4169 mo\u017ce by\u0107 stosowana jako ta\u015bma do znakowania pod\u0142\u00f3g lub jako ta\u015bma ostrzegawcza. W\u0142a\u015bciwo\u015bci &#8211; Dobra odporno\u015b\u0107 na [&hellip;]<\/p>\n","protected":false},"featured_media":26202,"template":"","meta":{"_acf_changed":false},"pwb-brand":[2164],"product_brand":[],"product_cat":[1691,1816],"product_tag":[],"class_list":{"0":"post-52054","1":"product","2":"type-product","3":"status-publish","4":"has-post-thumbnail","6":"pwb-brand-tesa-pl","7":"product_cat-tasma-do-znakowania-podlog","8":"product_cat-jednostronne-tasmy-samoprzylepne","10":"first","11":"instock","12":"taxable","13":"shipping-taxable","14":"purchasable","15":"product-type-variable"},"acf":[],"yoast_head":"<!-- This site is optimized with the Yoast SEO plugin v27.3 - https:\/\/yoast.com\/product\/yoast-seo-wordpress\/ -->\n<title>Ta\u015bma do znakowania pod\u0142\u00f3g Tesa 4169 | Cardinal TAPES<\/title>\n<meta name=\"description\" content=\"Tesa 4169 to ta\u015bma do znakowania pod\u0142\u00f3g z mi\u0119kkim no\u015bnikiem z PVC i akrylow\u0105 substancj\u0105 klej\u0105c\u0105. Dowiedz si\u0119 wi\u0119cej o tesa 4169 tutaj. Skontaktuj si\u0119 z nami.\" \/>\n<meta name=\"robots\" content=\"index, follow, max-snippet:-1, max-image-preview:large, max-video-preview:-1\" \/>\n<link rel=\"canonical\" href=\"https:\/\/cardinal-tapes.com\/pl\/ta\u015bmy-samoprzylepne\/obszary-zastosowan\/tasma-do-znakowania-podlog\/tesa-4169-tasma-do-znakowania-podlog\/\" \/>\n<meta property=\"og:locale\" content=\"pl_PL\" \/>\n<meta property=\"og:type\" content=\"article\" \/>\n<meta property=\"og:title\" content=\"Ta\u015bma do znakowania pod\u0142\u00f3g Tesa 4169 | Cardinal TAPES\" \/>\n<meta property=\"og:description\" content=\"Tesa 4169 to ta\u015bma do znakowania pod\u0142\u00f3g z mi\u0119kkim no\u015bnikiem z PVC i akrylow\u0105 substancj\u0105 klej\u0105c\u0105. Dowiedz si\u0119 wi\u0119cej o tesa 4169 tutaj. Skontaktuj si\u0119 z nami.\" \/>\n<meta property=\"og:url\" content=\"https:\/\/cardinal-tapes.com\/pl\/ta\u015bmy-samoprzylepne\/obszary-zastosowan\/tasma-do-znakowania-podlog\/tesa-4169-tasma-do-znakowania-podlog\/\" \/>\n<meta property=\"og:site_name\" content=\"cardinal TAPES\" \/>\n<meta property=\"article:modified_time\" content=\"2025-07-03T12:31:19+00:00\" \/>\n<meta property=\"og:image\" content=\"https:\/\/cardinal-tapes.com\/wp-content\/uploads\/tesa-04169.jpg\" \/>\n\t<meta property=\"og:image:width\" content=\"600\" \/>\n\t<meta property=\"og:image:height\" content=\"600\" \/>\n\t<meta property=\"og:image:type\" content=\"image\/jpeg\" \/>\n<meta name=\"twitter:card\" content=\"summary_large_image\" \/>\n<meta name=\"twitter:label1\" content=\"Szacowany czas czytania\" \/>\n\t<meta name=\"twitter:data1\" content=\"1 minuta\" \/>\n<script type=\"application\/ld+json\" class=\"yoast-schema-graph\">{\"@context\":\"https:\\\/\\\/schema.org\",\"@graph\":[{\"@type\":\"WebPage\",\"@id\":\"https:\\\/\\\/cardinal-tapes.com\\\/pl\\\/ta\u015bmy-samoprzylepne\\\/obszary-zastosowan\\\/tasma-do-znakowania-podlog\\\/tesa-4169-tasma-do-znakowania-podlog\\\/\",\"url\":\"https:\\\/\\\/cardinal-tapes.com\\\/pl\\\/ta\u015bmy-samoprzylepne\\\/obszary-zastosowan\\\/tasma-do-znakowania-podlog\\\/tesa-4169-tasma-do-znakowania-podlog\\\/\",\"name\":\"Ta\u015bma do znakowania pod\u0142\u00f3g Tesa 4169 | Cardinal TAPES\",\"isPartOf\":{\"@id\":\"https:\\\/\\\/cardinal-tapes.com\\\/#website\"},\"primaryImageOfPage\":{\"@id\":\"https:\\\/\\\/cardinal-tapes.com\\\/pl\\\/ta\u015bmy-samoprzylepne\\\/obszary-zastosowan\\\/tasma-do-znakowania-podlog\\\/tesa-4169-tasma-do-znakowania-podlog\\\/#primaryimage\"},\"image\":{\"@id\":\"https:\\\/\\\/cardinal-tapes.com\\\/pl\\\/ta\u015bmy-samoprzylepne\\\/obszary-zastosowan\\\/tasma-do-znakowania-podlog\\\/tesa-4169-tasma-do-znakowania-podlog\\\/#primaryimage\"},\"thumbnailUrl\":\"https:\\\/\\\/cardinal-tapes.com\\\/wp-content\\\/uploads\\\/tesa-04169.jpg\",\"datePublished\":\"2023-06-05T15:20:17+00:00\",\"dateModified\":\"2025-07-03T12:31:19+00:00\",\"description\":\"Tesa 4169 to ta\u015bma do znakowania pod\u0142\u00f3g z mi\u0119kkim no\u015bnikiem z PVC i akrylow\u0105 substancj\u0105 klej\u0105c\u0105. Dowiedz si\u0119 wi\u0119cej o tesa 4169 tutaj. Skontaktuj si\u0119 z nami.\",\"breadcrumb\":{\"@id\":\"https:\\\/\\\/cardinal-tapes.com\\\/pl\\\/ta\u015bmy-samoprzylepne\\\/obszary-zastosowan\\\/tasma-do-znakowania-podlog\\\/tesa-4169-tasma-do-znakowania-podlog\\\/#breadcrumb\"},\"inLanguage\":\"pl-PL\",\"potentialAction\":[{\"@type\":\"ReadAction\",\"target\":[\"https:\\\/\\\/cardinal-tapes.com\\\/pl\\\/ta\u015bmy-samoprzylepne\\\/obszary-zastosowan\\\/tasma-do-znakowania-podlog\\\/tesa-4169-tasma-do-znakowania-podlog\\\/\"]}]},{\"@type\":\"ImageObject\",\"inLanguage\":\"pl-PL\",\"@id\":\"https:\\\/\\\/cardinal-tapes.com\\\/pl\\\/ta\u015bmy-samoprzylepne\\\/obszary-zastosowan\\\/tasma-do-znakowania-podlog\\\/tesa-4169-tasma-do-znakowania-podlog\\\/#primaryimage\",\"url\":\"https:\\\/\\\/cardinal-tapes.com\\\/wp-content\\\/uploads\\\/tesa-04169.jpg\",\"contentUrl\":\"https:\\\/\\\/cardinal-tapes.com\\\/wp-content\\\/uploads\\\/tesa-04169.jpg\",\"width\":600,\"height\":600,\"caption\":\"tesa 4169\"},{\"@type\":\"BreadcrumbList\",\"@id\":\"https:\\\/\\\/cardinal-tapes.com\\\/pl\\\/ta\u015bmy-samoprzylepne\\\/obszary-zastosowan\\\/tasma-do-znakowania-podlog\\\/tesa-4169-tasma-do-znakowania-podlog\\\/#breadcrumb\",\"itemListElement\":[{\"@type\":\"ListItem\",\"position\":1,\"name\":\"Startseite\",\"item\":\"https:\\\/\\\/cardinal-tapes.com\\\/pl\\\/strona-glowna\\\/\"},{\"@type\":\"ListItem\",\"position\":2,\"name\":\"Ta\u015bmy samoprzylepne\",\"item\":\"https:\\\/\\\/cardinal-tapes.com\\\/pl\\\/tasmy-samoprzylepne-pl\\\/\"},{\"@type\":\"ListItem\",\"position\":3,\"name\":\"Einseitige Klebeb\u00e4nder\",\"item\":\"https:\\\/\\\/cardinal-tapes.com\\\/kategorie\\\/einseitige-klebebaender\\\/\"},{\"@type\":\"ListItem\",\"position\":4,\"name\":\"Ta\u015bma do oznaczania i ostrzegania pod\u0142\u00f3g tesa\u00ae 4169 Premium\"}]},{\"@type\":\"WebSite\",\"@id\":\"https:\\\/\\\/cardinal-tapes.com\\\/#website\",\"url\":\"https:\\\/\\\/cardinal-tapes.com\\\/\",\"name\":\"cardinal TAPES\",\"description\":\"Klebetechnik aus Wuppertal\",\"potentialAction\":[{\"@type\":\"SearchAction\",\"target\":{\"@type\":\"EntryPoint\",\"urlTemplate\":\"https:\\\/\\\/cardinal-tapes.com\\\/?s={search_term_string}\"},\"query-input\":{\"@type\":\"PropertyValueSpecification\",\"valueRequired\":true,\"valueName\":\"search_term_string\"}}],\"inLanguage\":\"pl-PL\"}]}<\/script>\n<!-- \/ Yoast SEO plugin. -->","yoast_head_json":{"title":"Ta\u015bma do znakowania pod\u0142\u00f3g Tesa 4169 | Cardinal TAPES","description":"Tesa 4169 to ta\u015bma do znakowania pod\u0142\u00f3g z mi\u0119kkim no\u015bnikiem z PVC i akrylow\u0105 substancj\u0105 klej\u0105c\u0105. Dowiedz si\u0119 wi\u0119cej o tesa 4169 tutaj. Skontaktuj si\u0119 z nami.","robots":{"index":"index","follow":"follow","max-snippet":"max-snippet:-1","max-image-preview":"max-image-preview:large","max-video-preview":"max-video-preview:-1"},"canonical":"https:\/\/cardinal-tapes.com\/pl\/ta\u015bmy-samoprzylepne\/obszary-zastosowan\/tasma-do-znakowania-podlog\/tesa-4169-tasma-do-znakowania-podlog\/","og_locale":"pl_PL","og_type":"article","og_title":"Ta\u015bma do znakowania pod\u0142\u00f3g Tesa 4169 | Cardinal TAPES","og_description":"Tesa 4169 to ta\u015bma do znakowania pod\u0142\u00f3g z mi\u0119kkim no\u015bnikiem z PVC i akrylow\u0105 substancj\u0105 klej\u0105c\u0105. Dowiedz si\u0119 wi\u0119cej o tesa 4169 tutaj. Skontaktuj si\u0119 z nami.","og_url":"https:\/\/cardinal-tapes.com\/pl\/ta\u015bmy-samoprzylepne\/obszary-zastosowan\/tasma-do-znakowania-podlog\/tesa-4169-tasma-do-znakowania-podlog\/","og_site_name":"cardinal TAPES","article_modified_time":"2025-07-03T12:31:19+00:00","og_image":[{"width":600,"height":600,"url":"https:\/\/cardinal-tapes.com\/wp-content\/uploads\/tesa-04169.jpg","type":"image\/jpeg"}],"twitter_card":"summary_large_image","twitter_misc":{"Szacowany czas czytania":"1 minuta"},"schema":{"@context":"https:\/\/schema.org","@graph":[{"@type":"WebPage","@id":"https:\/\/cardinal-tapes.com\/pl\/ta\u015bmy-samoprzylepne\/obszary-zastosowan\/tasma-do-znakowania-podlog\/tesa-4169-tasma-do-znakowania-podlog\/","url":"https:\/\/cardinal-tapes.com\/pl\/ta\u015bmy-samoprzylepne\/obszary-zastosowan\/tasma-do-znakowania-podlog\/tesa-4169-tasma-do-znakowania-podlog\/","name":"Ta\u015bma do znakowania pod\u0142\u00f3g Tesa 4169 | Cardinal TAPES","isPartOf":{"@id":"https:\/\/cardinal-tapes.com\/#website"},"primaryImageOfPage":{"@id":"https:\/\/cardinal-tapes.com\/pl\/ta\u015bmy-samoprzylepne\/obszary-zastosowan\/tasma-do-znakowania-podlog\/tesa-4169-tasma-do-znakowania-podlog\/#primaryimage"},"image":{"@id":"https:\/\/cardinal-tapes.com\/pl\/ta\u015bmy-samoprzylepne\/obszary-zastosowan\/tasma-do-znakowania-podlog\/tesa-4169-tasma-do-znakowania-podlog\/#primaryimage"},"thumbnailUrl":"https:\/\/cardinal-tapes.com\/wp-content\/uploads\/tesa-04169.jpg","datePublished":"2023-06-05T15:20:17+00:00","dateModified":"2025-07-03T12:31:19+00:00","description":"Tesa 4169 to ta\u015bma do znakowania pod\u0142\u00f3g z mi\u0119kkim no\u015bnikiem z PVC i akrylow\u0105 substancj\u0105 klej\u0105c\u0105. Dowiedz si\u0119 wi\u0119cej o tesa 4169 tutaj. Skontaktuj si\u0119 z nami.","breadcrumb":{"@id":"https:\/\/cardinal-tapes.com\/pl\/ta\u015bmy-samoprzylepne\/obszary-zastosowan\/tasma-do-znakowania-podlog\/tesa-4169-tasma-do-znakowania-podlog\/#breadcrumb"},"inLanguage":"pl-PL","potentialAction":[{"@type":"ReadAction","target":["https:\/\/cardinal-tapes.com\/pl\/ta\u015bmy-samoprzylepne\/obszary-zastosowan\/tasma-do-znakowania-podlog\/tesa-4169-tasma-do-znakowania-podlog\/"]}]},{"@type":"ImageObject","inLanguage":"pl-PL","@id":"https:\/\/cardinal-tapes.com\/pl\/ta\u015bmy-samoprzylepne\/obszary-zastosowan\/tasma-do-znakowania-podlog\/tesa-4169-tasma-do-znakowania-podlog\/#primaryimage","url":"https:\/\/cardinal-tapes.com\/wp-content\/uploads\/tesa-04169.jpg","contentUrl":"https:\/\/cardinal-tapes.com\/wp-content\/uploads\/tesa-04169.jpg","width":600,"height":600,"caption":"tesa 4169"},{"@type":"BreadcrumbList","@id":"https:\/\/cardinal-tapes.com\/pl\/ta\u015bmy-samoprzylepne\/obszary-zastosowan\/tasma-do-znakowania-podlog\/tesa-4169-tasma-do-znakowania-podlog\/#breadcrumb","itemListElement":[{"@type":"ListItem","position":1,"name":"Startseite","item":"https:\/\/cardinal-tapes.com\/pl\/strona-glowna\/"},{"@type":"ListItem","position":2,"name":"Ta\u015bmy samoprzylepne","item":"https:\/\/cardinal-tapes.com\/pl\/tasmy-samoprzylepne-pl\/"},{"@type":"ListItem","position":3,"name":"Einseitige Klebeb\u00e4nder","item":"https:\/\/cardinal-tapes.com\/kategorie\/einseitige-klebebaender\/"},{"@type":"ListItem","position":4,"name":"Ta\u015bma do oznaczania i ostrzegania pod\u0142\u00f3g tesa\u00ae 4169 Premium"}]},{"@type":"WebSite","@id":"https:\/\/cardinal-tapes.com\/#website","url":"https:\/\/cardinal-tapes.com\/","name":"cardinal TAPES","description":"Klebetechnik aus Wuppertal","potentialAction":[{"@type":"SearchAction","target":{"@type":"EntryPoint","urlTemplate":"https:\/\/cardinal-tapes.com\/?s={search_term_string}"},"query-input":{"@type":"PropertyValueSpecification","valueRequired":true,"valueName":"search_term_string"}}],"inLanguage":"pl-PL"}]}},"brands":[{"id":2164,"name":"tesa","slug":"tesa-pl"}],"_links":{"self":[{"href":"https:\/\/cardinal-tapes.com\/pl\/wp-json\/wp\/v2\/product\/52054","targetHints":{"allow":["GET"]}}],"collection":[{"href":"https:\/\/cardinal-tapes.com\/pl\/wp-json\/wp\/v2\/product"}],"about":[{"href":"https:\/\/cardinal-tapes.com\/pl\/wp-json\/wp\/v2\/types\/product"}],"wp:featuredmedia":[{"embeddable":true,"href":"https:\/\/cardinal-tapes.com\/pl\/wp-json\/wp\/v2\/media\/26202"}],"wp:attachment":[{"href":"https:\/\/cardinal-tapes.com\/pl\/wp-json\/wp\/v2\/media?parent=52054"}],"wp:term":[{"taxonomy":"pwb-brand","embeddable":true,"href":"https:\/\/cardinal-tapes.com\/pl\/wp-json\/wp\/v2\/pwb-brand?post=52054"},{"taxonomy":"product_brand","embeddable":true,"href":"https:\/\/cardinal-tapes.com\/pl\/wp-json\/wp\/v2\/product_brand?post=52054"},{"taxonomy":"product_cat","embeddable":true,"href":"https:\/\/cardinal-tapes.com\/pl\/wp-json\/wp\/v2\/product_cat?post=52054"},{"taxonomy":"product_tag","embeddable":true,"href":"https:\/\/cardinal-tapes.com\/pl\/wp-json\/wp\/v2\/product_tag?post=52054"}],"curies":[{"name":"wp","href":"https:\/\/api.w.org\/{rel}","templated":true}]}}