{"id":51671,"date":"2018-10-02T13:31:22","date_gmt":"2018-10-02T11:31:22","guid":{"rendered":"https:\/\/cardinal.pixel-tal.de\/klebebaender\/bez-kategorii\/3m-scotch-atg-transfer-tape-904\/"},"modified":"2025-07-02T12:51:32","modified_gmt":"2025-07-02T10:51:32","slug":"3m-904-filmy-przylepne-bez-nosnikow","status":"publish","type":"product","link":"https:\/\/cardinal-tapes.com\/pl\/ta\u015bmy-samoprzylepne\/obszary-zastosowan\/druk-i-grafika\/3m-904-filmy-przylepne-bez-nosnikow\/","title":{"rendered":"3M\u2122 Scotch\u00ae ATG Transfer Tape 904"},"content":{"rendered":"<p>Ta\u015bma transferowa 3M\u2122 ATG Transfer Tape 904 przylega natychmiast, zapewnia odporne na starzenie wi\u0105zanie i ma wysok\u0105 wytrzyma\u0142o\u015b\u0107 na \u015bcinanie. Nasza ta\u015bma samoprzylepna jest idealna dla hobbyst\u00f3w i rzemie\u015blnik\u00f3w i mo\u017ce by\u0107 nak\u0142adana szybko i czysto. Dlatego nadaje si\u0119 do tworzenia kartek, album\u00f3w i do u\u017cytku w papeterii. Ta\u015bma samoprzylepna 904 to przezroczysta, wszechstronna transferowa ta\u015bma samoprzylepna sk\u0142adaj\u0105ca si\u0119 z kleju akrylowego na bia\u0142ym papierze ochronnym pokrytym PE, kt\u00f3ry ma dobr\u0105 odporno\u015b\u0107 na temperatur\u0119.<\/p>\n<p><strong>W\u0142a\u015bciwo\u015bci<\/strong><br \/>\nPrzenoszona na sucho warstwa klej\u0105ca 9605 ta\u015bmy samoprzylepnej 904 sk\u0142ada si\u0119 z odpornego na starzenie kleju akrylowego, kt\u00f3ry charakteryzuje si\u0119 wysok\u0105 przyczepno\u015bci\u0105 natychmiastow\u0105 i wytrzyma\u0142o\u015bci\u0105 na \u015bcinanie, a tak\u017ce dobr\u0105 odporno\u015bci\u0105 na promieniowanie UV i rozpuszczalniki.<\/p>\n<p><strong>Zastosowania<\/strong><br \/>\n&#8211; \u0141\u0105czenie, mocowanie i laminowanie r\u00f3\u017cnych materia\u0142\u00f3w, takich jak metale, powierzchnie malowane, papier, szk\u0142o, ceramika i wi\u0119kszo\u015b\u0107 tworzyw sztucznych<br \/>\n&#8211; Szybkie \u0142\u0105czenie w przemy\u015ble papierniczym i drukarniach (9605)<br \/>\n&#8211; Nieko\u0144cz\u0105ce si\u0119 \u0142\u0105czenie wst\u0119g papieru, metalu, tkanin i tworzyw sztucznych<br \/>\n&#8211; Samoprzylepne wyka\u0144czanie lub monta\u017c emblemat\u00f3w, znak\u00f3w, zdj\u0119\u0107, wy\u015bwietlaczy i plakat\u00f3w<\/p>\n","protected":false},"excerpt":{"rendered":"<p>Ta\u015bma transferowa 3M\u2122 ATG Transfer Tape 904 przylega natychmiast, zapewnia odporne na starzenie wi\u0105zanie i ma wysok\u0105 wytrzyma\u0142o\u015b\u0107 na \u015bcinanie. Nasza ta\u015bma samoprzylepna jest idealna dla hobbyst\u00f3w i rzemie\u015blnik\u00f3w i mo\u017ce by\u0107 nak\u0142adana szybko i czysto. Dlatego nadaje si\u0119 do tworzenia kartek, album\u00f3w i do u\u017cytku w papeterii. Ta\u015bma samoprzylepna 904 to przezroczysta, wszechstronna transferowa [&hellip;]<\/p>\n","protected":false},"featured_media":27310,"template":"","meta":{"_acf_changed":false},"pwb-brand":[2168],"product_brand":[],"product_cat":[1692,1814],"product_tag":[],"class_list":{"0":"post-51671","1":"product","2":"type-product","3":"status-publish","4":"has-post-thumbnail","6":"pwb-brand-3m-pl","7":"product_cat-druk-i-grafika","8":"product_cat-tasmy-dwustronnie-klejace","10":"first","11":"instock","12":"taxable","13":"shipping-taxable","14":"purchasable","15":"product-type-variable"},"acf":[],"yoast_head":"<!-- This site is optimized with the Yoast SEO plugin v27.3 - https:\/\/yoast.com\/product\/yoast-seo-wordpress\/ -->\n<title>3M 904 Folie samoprzylepne bez no\u015bnika | ta\u015bmy kardynalne<\/title>\n<meta name=\"description\" content=\"Folie samoprzylepne 3M charakteryzuj\u0105 si\u0119 wysok\u0105 przyczepno\u015bci\u0105 natychmiastow\u0105, dobr\u0105 si\u0142\u0105 \u015bcinania oraz wysok\u0105 si\u0142\u0105 klejenia. Przekonaj si\u0119 sam!\" \/>\n<meta name=\"robots\" content=\"index, follow, max-snippet:-1, max-image-preview:large, max-video-preview:-1\" \/>\n<link rel=\"canonical\" href=\"https:\/\/cardinal-tapes.com\/pl\/ta\u015bmy-samoprzylepne\/obszary-zastosowan\/druk-i-grafika\/3m-904-filmy-przylepne-bez-nosnikow\/\" \/>\n<meta property=\"og:locale\" content=\"pl_PL\" \/>\n<meta property=\"og:type\" content=\"article\" \/>\n<meta property=\"og:title\" content=\"3M 904 Folie samoprzylepne bez no\u015bnika | ta\u015bmy kardynalne\" \/>\n<meta property=\"og:description\" content=\"Folie samoprzylepne 3M charakteryzuj\u0105 si\u0119 wysok\u0105 przyczepno\u015bci\u0105 natychmiastow\u0105, dobr\u0105 si\u0142\u0105 \u015bcinania oraz wysok\u0105 si\u0142\u0105 klejenia. Przekonaj si\u0119 sam!\" \/>\n<meta property=\"og:url\" content=\"https:\/\/cardinal-tapes.com\/pl\/ta\u015bmy-samoprzylepne\/obszary-zastosowan\/druk-i-grafika\/3m-904-filmy-przylepne-bez-nosnikow\/\" \/>\n<meta property=\"og:site_name\" content=\"cardinal TAPES\" \/>\n<meta property=\"article:modified_time\" content=\"2025-07-02T10:51:32+00:00\" \/>\n<meta property=\"og:image\" content=\"https:\/\/cardinal-tapes.com\/wp-content\/uploads\/3M-atg-904-scaled.jpg\" \/>\n\t<meta property=\"og:image:width\" content=\"2271\" \/>\n\t<meta property=\"og:image:height\" content=\"2560\" \/>\n\t<meta property=\"og:image:type\" content=\"image\/jpeg\" \/>\n<meta name=\"twitter:card\" content=\"summary_large_image\" \/>\n<meta name=\"twitter:label1\" content=\"Szacowany czas czytania\" \/>\n\t<meta name=\"twitter:data1\" content=\"1 minuta\" \/>\n<script type=\"application\/ld+json\" class=\"yoast-schema-graph\">{\"@context\":\"https:\\\/\\\/schema.org\",\"@graph\":[{\"@type\":\"WebPage\",\"@id\":\"https:\\\/\\\/cardinal-tapes.com\\\/pl\\\/ta\u015bmy-samoprzylepne\\\/obszary-zastosowan\\\/druk-i-grafika\\\/3m-904-filmy-przylepne-bez-nosnikow\\\/\",\"url\":\"https:\\\/\\\/cardinal-tapes.com\\\/pl\\\/ta\u015bmy-samoprzylepne\\\/obszary-zastosowan\\\/druk-i-grafika\\\/3m-904-filmy-przylepne-bez-nosnikow\\\/\",\"name\":\"3M 904 Folie samoprzylepne bez no\u015bnika | ta\u015bmy kardynalne\",\"isPartOf\":{\"@id\":\"https:\\\/\\\/cardinal-tapes.com\\\/#website\"},\"primaryImageOfPage\":{\"@id\":\"https:\\\/\\\/cardinal-tapes.com\\\/pl\\\/ta\u015bmy-samoprzylepne\\\/obszary-zastosowan\\\/druk-i-grafika\\\/3m-904-filmy-przylepne-bez-nosnikow\\\/#primaryimage\"},\"image\":{\"@id\":\"https:\\\/\\\/cardinal-tapes.com\\\/pl\\\/ta\u015bmy-samoprzylepne\\\/obszary-zastosowan\\\/druk-i-grafika\\\/3m-904-filmy-przylepne-bez-nosnikow\\\/#primaryimage\"},\"thumbnailUrl\":\"https:\\\/\\\/cardinal-tapes.com\\\/wp-content\\\/uploads\\\/3M-atg-904-scaled.jpg\",\"datePublished\":\"2018-10-02T11:31:22+00:00\",\"dateModified\":\"2025-07-02T10:51:32+00:00\",\"description\":\"Folie samoprzylepne 3M charakteryzuj\u0105 si\u0119 wysok\u0105 przyczepno\u015bci\u0105 natychmiastow\u0105, dobr\u0105 si\u0142\u0105 \u015bcinania oraz wysok\u0105 si\u0142\u0105 klejenia. Przekonaj si\u0119 sam!\",\"breadcrumb\":{\"@id\":\"https:\\\/\\\/cardinal-tapes.com\\\/pl\\\/ta\u015bmy-samoprzylepne\\\/obszary-zastosowan\\\/druk-i-grafika\\\/3m-904-filmy-przylepne-bez-nosnikow\\\/#breadcrumb\"},\"inLanguage\":\"pl-PL\",\"potentialAction\":[{\"@type\":\"ReadAction\",\"target\":[\"https:\\\/\\\/cardinal-tapes.com\\\/pl\\\/ta\u015bmy-samoprzylepne\\\/obszary-zastosowan\\\/druk-i-grafika\\\/3m-904-filmy-przylepne-bez-nosnikow\\\/\"]}]},{\"@type\":\"ImageObject\",\"inLanguage\":\"pl-PL\",\"@id\":\"https:\\\/\\\/cardinal-tapes.com\\\/pl\\\/ta\u015bmy-samoprzylepne\\\/obszary-zastosowan\\\/druk-i-grafika\\\/3m-904-filmy-przylepne-bez-nosnikow\\\/#primaryimage\",\"url\":\"https:\\\/\\\/cardinal-tapes.com\\\/wp-content\\\/uploads\\\/3M-atg-904-scaled.jpg\",\"contentUrl\":\"https:\\\/\\\/cardinal-tapes.com\\\/wp-content\\\/uploads\\\/3M-atg-904-scaled.jpg\",\"width\":2271,\"height\":2560,\"caption\":\"3M ATG 904\"},{\"@type\":\"BreadcrumbList\",\"@id\":\"https:\\\/\\\/cardinal-tapes.com\\\/pl\\\/ta\u015bmy-samoprzylepne\\\/obszary-zastosowan\\\/druk-i-grafika\\\/3m-904-filmy-przylepne-bez-nosnikow\\\/#breadcrumb\",\"itemListElement\":[{\"@type\":\"ListItem\",\"position\":1,\"name\":\"Startseite\",\"item\":\"https:\\\/\\\/cardinal-tapes.com\\\/pl\\\/strona-glowna\\\/\"},{\"@type\":\"ListItem\",\"position\":2,\"name\":\"Ta\u015bmy samoprzylepne\",\"item\":\"https:\\\/\\\/cardinal-tapes.com\\\/pl\\\/tasmy-samoprzylepne-pl\\\/\"},{\"@type\":\"ListItem\",\"position\":3,\"name\":\"Obszary zastosowa\u0144\",\"item\":\"https:\\\/\\\/cardinal-tapes.com\\\/pl\\\/kategoria\\\/obszary-zastosowan\\\/\"},{\"@type\":\"ListItem\",\"position\":4,\"name\":\"Druk i grafika\",\"item\":\"https:\\\/\\\/cardinal-tapes.com\\\/pl\\\/kategoria\\\/druk-i-grafika\\\/\"},{\"@type\":\"ListItem\",\"position\":5,\"name\":\"3M\u2122 Scotch\u00ae ATG Transfer Tape 904\"}]},{\"@type\":\"WebSite\",\"@id\":\"https:\\\/\\\/cardinal-tapes.com\\\/#website\",\"url\":\"https:\\\/\\\/cardinal-tapes.com\\\/\",\"name\":\"cardinal TAPES\",\"description\":\"Klebetechnik aus Wuppertal\",\"potentialAction\":[{\"@type\":\"SearchAction\",\"target\":{\"@type\":\"EntryPoint\",\"urlTemplate\":\"https:\\\/\\\/cardinal-tapes.com\\\/?s={search_term_string}\"},\"query-input\":{\"@type\":\"PropertyValueSpecification\",\"valueRequired\":true,\"valueName\":\"search_term_string\"}}],\"inLanguage\":\"pl-PL\"}]}<\/script>\n<!-- \/ Yoast SEO plugin. -->","yoast_head_json":{"title":"3M 904 Folie samoprzylepne bez no\u015bnika | ta\u015bmy kardynalne","description":"Folie samoprzylepne 3M charakteryzuj\u0105 si\u0119 wysok\u0105 przyczepno\u015bci\u0105 natychmiastow\u0105, dobr\u0105 si\u0142\u0105 \u015bcinania oraz wysok\u0105 si\u0142\u0105 klejenia. Przekonaj si\u0119 sam!","robots":{"index":"index","follow":"follow","max-snippet":"max-snippet:-1","max-image-preview":"max-image-preview:large","max-video-preview":"max-video-preview:-1"},"canonical":"https:\/\/cardinal-tapes.com\/pl\/ta\u015bmy-samoprzylepne\/obszary-zastosowan\/druk-i-grafika\/3m-904-filmy-przylepne-bez-nosnikow\/","og_locale":"pl_PL","og_type":"article","og_title":"3M 904 Folie samoprzylepne bez no\u015bnika | ta\u015bmy kardynalne","og_description":"Folie samoprzylepne 3M charakteryzuj\u0105 si\u0119 wysok\u0105 przyczepno\u015bci\u0105 natychmiastow\u0105, dobr\u0105 si\u0142\u0105 \u015bcinania oraz wysok\u0105 si\u0142\u0105 klejenia. Przekonaj si\u0119 sam!","og_url":"https:\/\/cardinal-tapes.com\/pl\/ta\u015bmy-samoprzylepne\/obszary-zastosowan\/druk-i-grafika\/3m-904-filmy-przylepne-bez-nosnikow\/","og_site_name":"cardinal TAPES","article_modified_time":"2025-07-02T10:51:32+00:00","og_image":[{"width":2271,"height":2560,"url":"https:\/\/cardinal-tapes.com\/wp-content\/uploads\/3M-atg-904-scaled.jpg","type":"image\/jpeg"}],"twitter_card":"summary_large_image","twitter_misc":{"Szacowany czas czytania":"1 minuta"},"schema":{"@context":"https:\/\/schema.org","@graph":[{"@type":"WebPage","@id":"https:\/\/cardinal-tapes.com\/pl\/ta\u015bmy-samoprzylepne\/obszary-zastosowan\/druk-i-grafika\/3m-904-filmy-przylepne-bez-nosnikow\/","url":"https:\/\/cardinal-tapes.com\/pl\/ta\u015bmy-samoprzylepne\/obszary-zastosowan\/druk-i-grafika\/3m-904-filmy-przylepne-bez-nosnikow\/","name":"3M 904 Folie samoprzylepne bez no\u015bnika | ta\u015bmy kardynalne","isPartOf":{"@id":"https:\/\/cardinal-tapes.com\/#website"},"primaryImageOfPage":{"@id":"https:\/\/cardinal-tapes.com\/pl\/ta\u015bmy-samoprzylepne\/obszary-zastosowan\/druk-i-grafika\/3m-904-filmy-przylepne-bez-nosnikow\/#primaryimage"},"image":{"@id":"https:\/\/cardinal-tapes.com\/pl\/ta\u015bmy-samoprzylepne\/obszary-zastosowan\/druk-i-grafika\/3m-904-filmy-przylepne-bez-nosnikow\/#primaryimage"},"thumbnailUrl":"https:\/\/cardinal-tapes.com\/wp-content\/uploads\/3M-atg-904-scaled.jpg","datePublished":"2018-10-02T11:31:22+00:00","dateModified":"2025-07-02T10:51:32+00:00","description":"Folie samoprzylepne 3M charakteryzuj\u0105 si\u0119 wysok\u0105 przyczepno\u015bci\u0105 natychmiastow\u0105, dobr\u0105 si\u0142\u0105 \u015bcinania oraz wysok\u0105 si\u0142\u0105 klejenia. Przekonaj si\u0119 sam!","breadcrumb":{"@id":"https:\/\/cardinal-tapes.com\/pl\/ta\u015bmy-samoprzylepne\/obszary-zastosowan\/druk-i-grafika\/3m-904-filmy-przylepne-bez-nosnikow\/#breadcrumb"},"inLanguage":"pl-PL","potentialAction":[{"@type":"ReadAction","target":["https:\/\/cardinal-tapes.com\/pl\/ta\u015bmy-samoprzylepne\/obszary-zastosowan\/druk-i-grafika\/3m-904-filmy-przylepne-bez-nosnikow\/"]}]},{"@type":"ImageObject","inLanguage":"pl-PL","@id":"https:\/\/cardinal-tapes.com\/pl\/ta\u015bmy-samoprzylepne\/obszary-zastosowan\/druk-i-grafika\/3m-904-filmy-przylepne-bez-nosnikow\/#primaryimage","url":"https:\/\/cardinal-tapes.com\/wp-content\/uploads\/3M-atg-904-scaled.jpg","contentUrl":"https:\/\/cardinal-tapes.com\/wp-content\/uploads\/3M-atg-904-scaled.jpg","width":2271,"height":2560,"caption":"3M ATG 904"},{"@type":"BreadcrumbList","@id":"https:\/\/cardinal-tapes.com\/pl\/ta\u015bmy-samoprzylepne\/obszary-zastosowan\/druk-i-grafika\/3m-904-filmy-przylepne-bez-nosnikow\/#breadcrumb","itemListElement":[{"@type":"ListItem","position":1,"name":"Startseite","item":"https:\/\/cardinal-tapes.com\/pl\/strona-glowna\/"},{"@type":"ListItem","position":2,"name":"Ta\u015bmy samoprzylepne","item":"https:\/\/cardinal-tapes.com\/pl\/tasmy-samoprzylepne-pl\/"},{"@type":"ListItem","position":3,"name":"Obszary zastosowa\u0144","item":"https:\/\/cardinal-tapes.com\/pl\/kategoria\/obszary-zastosowan\/"},{"@type":"ListItem","position":4,"name":"Druk i grafika","item":"https:\/\/cardinal-tapes.com\/pl\/kategoria\/druk-i-grafika\/"},{"@type":"ListItem","position":5,"name":"3M\u2122 Scotch\u00ae ATG Transfer Tape 904"}]},{"@type":"WebSite","@id":"https:\/\/cardinal-tapes.com\/#website","url":"https:\/\/cardinal-tapes.com\/","name":"cardinal TAPES","description":"Klebetechnik aus Wuppertal","potentialAction":[{"@type":"SearchAction","target":{"@type":"EntryPoint","urlTemplate":"https:\/\/cardinal-tapes.com\/?s={search_term_string}"},"query-input":{"@type":"PropertyValueSpecification","valueRequired":true,"valueName":"search_term_string"}}],"inLanguage":"pl-PL"}]}},"brands":[{"id":2168,"name":"3M","slug":"3m-pl"}],"_links":{"self":[{"href":"https:\/\/cardinal-tapes.com\/pl\/wp-json\/wp\/v2\/product\/51671","targetHints":{"allow":["GET"]}}],"collection":[{"href":"https:\/\/cardinal-tapes.com\/pl\/wp-json\/wp\/v2\/product"}],"about":[{"href":"https:\/\/cardinal-tapes.com\/pl\/wp-json\/wp\/v2\/types\/product"}],"wp:featuredmedia":[{"embeddable":true,"href":"https:\/\/cardinal-tapes.com\/pl\/wp-json\/wp\/v2\/media\/27310"}],"wp:attachment":[{"href":"https:\/\/cardinal-tapes.com\/pl\/wp-json\/wp\/v2\/media?parent=51671"}],"wp:term":[{"taxonomy":"pwb-brand","embeddable":true,"href":"https:\/\/cardinal-tapes.com\/pl\/wp-json\/wp\/v2\/pwb-brand?post=51671"},{"taxonomy":"product_brand","embeddable":true,"href":"https:\/\/cardinal-tapes.com\/pl\/wp-json\/wp\/v2\/product_brand?post=51671"},{"taxonomy":"product_cat","embeddable":true,"href":"https:\/\/cardinal-tapes.com\/pl\/wp-json\/wp\/v2\/product_cat?post=51671"},{"taxonomy":"product_tag","embeddable":true,"href":"https:\/\/cardinal-tapes.com\/pl\/wp-json\/wp\/v2\/product_tag?post=51671"}],"curies":[{"name":"wp","href":"https:\/\/api.w.org\/{rel}","templated":true}]}}