{"id":51669,"date":"2018-10-02T14:03:02","date_gmt":"2023-06-05T15:10:04","guid":{"rendered":"https:\/\/cardinal.pixel-tal.de\/klebebaender\/bez-kategorii\/3m-scotch-atg-transfer-tape-924\/"},"modified":"2025-07-02T12:56:37","modified_gmt":"2025-07-02T10:56:37","slug":"3m-924-filmy-przylepne-bez-nosnikow","status":"publish","type":"product","link":"https:\/\/cardinal-tapes.com\/pl\/ta\u015bmy-samoprzylepne\/tasmy-dwustronnie-klejace\/3m-924-filmy-przylepne-bez-nosnikow\/","title":{"rendered":"3M\u2122 Scotch\u00ae ATG Transfer Tape 924"},"content":{"rendered":"<div id=\"detail-holder\">\n<div class=\"left\">\n<div id=\"detail-image-holder\">\n<div align=\"center\">\n<p style=\"text-align: left;\">Przezroczysta folia samoprzylepna 3M\u2122 ATG 924 z serii klej\u00f3w 400 zapewnia wysok\u0105 si\u0142\u0119 klejenia na wi\u0119kszo\u015bci powierzchni materia\u0142owych, takich jak metal, farba, wi\u0119kszo\u015b\u0107 powierzchni plastikowych, papier, karton, drewno lub szk\u0142o. Ta\u015bma samoprzylepna o grubo\u015bci 0,05 mm jest odporna na temperatur\u0119 do +85 \u00b0C (+120 \u00b0C przez kr\u00f3tki czas) i charakteryzuje si\u0119 przede wszystkim wysok\u0105 natychmiastow\u0105 przyczepno\u015bci\u0105. Ponadto ta\u015bma samoprzylepna 924 jest szczeg\u00f3lnie odpowiednia do mocowania, monta\u017cu i mocowania materia\u0142\u00f3w reklamowych.<\/p>\n<p style=\"text-align: left;\"><strong>W\u0142a\u015bciwo\u015bci<\/strong><br \/>\nPrzenosz\u0105ca na sucho folia samoprzylepna 465 transferowej ta\u015bmy samoprzylepnej 924 sk\u0142ada si\u0119 z odpornego na starzenie kleju akrylowego, kt\u00f3ry charakteryzuje si\u0119 wysok\u0105 przyczepno\u015bci\u0105 natychmiastow\u0105, dobr\u0105 wytrzyma\u0142o\u015bci\u0105 na \u015bcinanie, doskona\u0142\u0105 odporno\u015bci\u0105 na promieniowanie UV i dobr\u0105 odporno\u015bci\u0105 na rozpuszczalniki.<\/p>\n<p style=\"text-align: left;\"><strong>Zastosowania<\/strong><br \/>\n&#8211; Klejenie passe-partouts do ram obraz\u00f3w i ok\u0142adek ksi\u0105\u017cek<br \/>\n&#8211; Mocowanie w przemy\u015ble poligraficznym<br \/>\n&#8211; Do POS, ekspozytor\u00f3w reklamowych i wk\u0142adek<br \/>\n&#8211; Klejenie zaprosze\u0144, ekspozytor\u00f3w sto\u0142owych i kartek<\/p>\n<p>&nbsp;<\/p>\n<\/div>\n<\/div>\n<\/div>\n<\/div>\n","protected":false},"excerpt":{"rendered":"<p>Przezroczysta folia samoprzylepna 3M\u2122 ATG 924 z serii klej\u00f3w 400 zapewnia wysok\u0105 si\u0142\u0119 klejenia na wi\u0119kszo\u015bci powierzchni materia\u0142owych, takich jak metal, farba, wi\u0119kszo\u015b\u0107 powierzchni plastikowych, papier, karton, drewno lub szk\u0142o. Ta\u015bma samoprzylepna o grubo\u015bci 0,05 mm jest odporna na temperatur\u0119 do +85 \u00b0C (+120 \u00b0C przez kr\u00f3tki czas) i charakteryzuje si\u0119 przede wszystkim wysok\u0105 natychmiastow\u0105 [&hellip;]<\/p>\n","protected":false},"featured_media":27318,"template":"","meta":{"_acf_changed":false},"pwb-brand":[2168],"product_brand":[],"product_cat":[1814],"product_tag":[],"class_list":{"0":"post-51669","1":"product","2":"type-product","3":"status-publish","4":"has-post-thumbnail","6":"pwb-brand-3m-pl","7":"product_cat-tasmy-dwustronnie-klejace","9":"first","10":"instock","11":"taxable","12":"shipping-taxable","13":"purchasable","14":"product-type-variable"},"acf":[],"yoast_head":"<!-- This site is optimized with the Yoast SEO plugin v27.3 - https:\/\/yoast.com\/product\/yoast-seo-wordpress\/ -->\n<title>3M 924 Folie samoprzylepne bez no\u015bnika | ta\u015bmy kardynalne<\/title>\n<meta name=\"description\" content=\"Folie samoprzylepne 3M 924 wykonane z dwustronnego, silnie przylepnego kleju akrylowego charakteryzuj\u0105 si\u0119 optymaln\u0105 natychmiastow\u0105 przyczepno\u015bci\u0105. Przekonaj si\u0119 sam!\" \/>\n<meta name=\"robots\" content=\"index, follow, max-snippet:-1, max-image-preview:large, max-video-preview:-1\" \/>\n<link rel=\"canonical\" href=\"https:\/\/cardinal-tapes.com\/pl\/ta\u015bmy-samoprzylepne\/tasmy-dwustronnie-klejace\/3m-924-filmy-przylepne-bez-nosnikow\/\" \/>\n<meta property=\"og:locale\" content=\"pl_PL\" \/>\n<meta property=\"og:type\" content=\"article\" \/>\n<meta property=\"og:title\" content=\"3M 924 Folie samoprzylepne bez no\u015bnika | ta\u015bmy kardynalne\" \/>\n<meta property=\"og:description\" content=\"Folie samoprzylepne 3M 924 wykonane z dwustronnego, silnie przylepnego kleju akrylowego charakteryzuj\u0105 si\u0119 optymaln\u0105 natychmiastow\u0105 przyczepno\u015bci\u0105. Przekonaj si\u0119 sam!\" \/>\n<meta property=\"og:url\" content=\"https:\/\/cardinal-tapes.com\/pl\/ta\u015bmy-samoprzylepne\/tasmy-dwustronnie-klejace\/3m-924-filmy-przylepne-bez-nosnikow\/\" \/>\n<meta property=\"og:site_name\" content=\"cardinal TAPES\" \/>\n<meta property=\"article:modified_time\" content=\"2025-07-02T10:56:37+00:00\" \/>\n<meta property=\"og:image\" content=\"https:\/\/cardinal-tapes.com\/wp-content\/uploads\/3m_atg_klebstoff-film_924-scaled.jpg\" \/>\n\t<meta property=\"og:image:width\" content=\"2560\" \/>\n\t<meta property=\"og:image:height\" content=\"2550\" \/>\n\t<meta property=\"og:image:type\" content=\"image\/jpeg\" \/>\n<meta name=\"twitter:card\" content=\"summary_large_image\" \/>\n<meta name=\"twitter:label1\" content=\"Szacowany czas czytania\" \/>\n\t<meta name=\"twitter:data1\" content=\"1 minuta\" \/>\n<script type=\"application\/ld+json\" class=\"yoast-schema-graph\">{\"@context\":\"https:\\\/\\\/schema.org\",\"@graph\":[{\"@type\":\"WebPage\",\"@id\":\"https:\\\/\\\/cardinal-tapes.com\\\/pl\\\/ta\u015bmy-samoprzylepne\\\/tasmy-dwustronnie-klejace\\\/3m-924-filmy-przylepne-bez-nosnikow\\\/\",\"url\":\"https:\\\/\\\/cardinal-tapes.com\\\/pl\\\/ta\u015bmy-samoprzylepne\\\/tasmy-dwustronnie-klejace\\\/3m-924-filmy-przylepne-bez-nosnikow\\\/\",\"name\":\"3M 924 Folie samoprzylepne bez no\u015bnika | ta\u015bmy kardynalne\",\"isPartOf\":{\"@id\":\"https:\\\/\\\/cardinal-tapes.com\\\/#website\"},\"primaryImageOfPage\":{\"@id\":\"https:\\\/\\\/cardinal-tapes.com\\\/pl\\\/ta\u015bmy-samoprzylepne\\\/tasmy-dwustronnie-klejace\\\/3m-924-filmy-przylepne-bez-nosnikow\\\/#primaryimage\"},\"image\":{\"@id\":\"https:\\\/\\\/cardinal-tapes.com\\\/pl\\\/ta\u015bmy-samoprzylepne\\\/tasmy-dwustronnie-klejace\\\/3m-924-filmy-przylepne-bez-nosnikow\\\/#primaryimage\"},\"thumbnailUrl\":\"https:\\\/\\\/cardinal-tapes.com\\\/wp-content\\\/uploads\\\/3m_atg_klebstoff-film_924-scaled.jpg\",\"datePublished\":\"2023-06-05T15:10:04+00:00\",\"dateModified\":\"2025-07-02T10:56:37+00:00\",\"description\":\"Folie samoprzylepne 3M 924 wykonane z dwustronnego, silnie przylepnego kleju akrylowego charakteryzuj\u0105 si\u0119 optymaln\u0105 natychmiastow\u0105 przyczepno\u015bci\u0105. Przekonaj si\u0119 sam!\",\"breadcrumb\":{\"@id\":\"https:\\\/\\\/cardinal-tapes.com\\\/pl\\\/ta\u015bmy-samoprzylepne\\\/tasmy-dwustronnie-klejace\\\/3m-924-filmy-przylepne-bez-nosnikow\\\/#breadcrumb\"},\"inLanguage\":\"pl-PL\",\"potentialAction\":[{\"@type\":\"ReadAction\",\"target\":[\"https:\\\/\\\/cardinal-tapes.com\\\/pl\\\/ta\u015bmy-samoprzylepne\\\/tasmy-dwustronnie-klejace\\\/3m-924-filmy-przylepne-bez-nosnikow\\\/\"]}]},{\"@type\":\"ImageObject\",\"inLanguage\":\"pl-PL\",\"@id\":\"https:\\\/\\\/cardinal-tapes.com\\\/pl\\\/ta\u015bmy-samoprzylepne\\\/tasmy-dwustronnie-klejace\\\/3m-924-filmy-przylepne-bez-nosnikow\\\/#primaryimage\",\"url\":\"https:\\\/\\\/cardinal-tapes.com\\\/wp-content\\\/uploads\\\/3m_atg_klebstoff-film_924-scaled.jpg\",\"contentUrl\":\"https:\\\/\\\/cardinal-tapes.com\\\/wp-content\\\/uploads\\\/3m_atg_klebstoff-film_924-scaled.jpg\",\"width\":2560,\"height\":2550,\"caption\":\"3M ATG Folia samoprzylepna 924\"},{\"@type\":\"BreadcrumbList\",\"@id\":\"https:\\\/\\\/cardinal-tapes.com\\\/pl\\\/ta\u015bmy-samoprzylepne\\\/tasmy-dwustronnie-klejace\\\/3m-924-filmy-przylepne-bez-nosnikow\\\/#breadcrumb\",\"itemListElement\":[{\"@type\":\"ListItem\",\"position\":1,\"name\":\"Startseite\",\"item\":\"https:\\\/\\\/cardinal-tapes.com\\\/pl\\\/strona-glowna\\\/\"},{\"@type\":\"ListItem\",\"position\":2,\"name\":\"Ta\u015bmy samoprzylepne\",\"item\":\"https:\\\/\\\/cardinal-tapes.com\\\/pl\\\/tasmy-samoprzylepne-pl\\\/\"},{\"@type\":\"ListItem\",\"position\":3,\"name\":\"Ta\u015bmy dwustronnie klej\u0105ce\",\"item\":\"https:\\\/\\\/cardinal-tapes.com\\\/pl\\\/kategoria\\\/tasmy-dwustronnie-klejace\\\/\"},{\"@type\":\"ListItem\",\"position\":4,\"name\":\"3M\u2122 Scotch\u00ae ATG Transfer Tape 924\"}]},{\"@type\":\"WebSite\",\"@id\":\"https:\\\/\\\/cardinal-tapes.com\\\/#website\",\"url\":\"https:\\\/\\\/cardinal-tapes.com\\\/\",\"name\":\"cardinal TAPES\",\"description\":\"Klebetechnik aus Wuppertal\",\"potentialAction\":[{\"@type\":\"SearchAction\",\"target\":{\"@type\":\"EntryPoint\",\"urlTemplate\":\"https:\\\/\\\/cardinal-tapes.com\\\/?s={search_term_string}\"},\"query-input\":{\"@type\":\"PropertyValueSpecification\",\"valueRequired\":true,\"valueName\":\"search_term_string\"}}],\"inLanguage\":\"pl-PL\"}]}<\/script>\n<!-- \/ Yoast SEO plugin. -->","yoast_head_json":{"title":"3M 924 Folie samoprzylepne bez no\u015bnika | ta\u015bmy kardynalne","description":"Folie samoprzylepne 3M 924 wykonane z dwustronnego, silnie przylepnego kleju akrylowego charakteryzuj\u0105 si\u0119 optymaln\u0105 natychmiastow\u0105 przyczepno\u015bci\u0105. Przekonaj si\u0119 sam!","robots":{"index":"index","follow":"follow","max-snippet":"max-snippet:-1","max-image-preview":"max-image-preview:large","max-video-preview":"max-video-preview:-1"},"canonical":"https:\/\/cardinal-tapes.com\/pl\/ta\u015bmy-samoprzylepne\/tasmy-dwustronnie-klejace\/3m-924-filmy-przylepne-bez-nosnikow\/","og_locale":"pl_PL","og_type":"article","og_title":"3M 924 Folie samoprzylepne bez no\u015bnika | ta\u015bmy kardynalne","og_description":"Folie samoprzylepne 3M 924 wykonane z dwustronnego, silnie przylepnego kleju akrylowego charakteryzuj\u0105 si\u0119 optymaln\u0105 natychmiastow\u0105 przyczepno\u015bci\u0105. Przekonaj si\u0119 sam!","og_url":"https:\/\/cardinal-tapes.com\/pl\/ta\u015bmy-samoprzylepne\/tasmy-dwustronnie-klejace\/3m-924-filmy-przylepne-bez-nosnikow\/","og_site_name":"cardinal TAPES","article_modified_time":"2025-07-02T10:56:37+00:00","og_image":[{"width":2560,"height":2550,"url":"https:\/\/cardinal-tapes.com\/wp-content\/uploads\/3m_atg_klebstoff-film_924-scaled.jpg","type":"image\/jpeg"}],"twitter_card":"summary_large_image","twitter_misc":{"Szacowany czas czytania":"1 minuta"},"schema":{"@context":"https:\/\/schema.org","@graph":[{"@type":"WebPage","@id":"https:\/\/cardinal-tapes.com\/pl\/ta\u015bmy-samoprzylepne\/tasmy-dwustronnie-klejace\/3m-924-filmy-przylepne-bez-nosnikow\/","url":"https:\/\/cardinal-tapes.com\/pl\/ta\u015bmy-samoprzylepne\/tasmy-dwustronnie-klejace\/3m-924-filmy-przylepne-bez-nosnikow\/","name":"3M 924 Folie samoprzylepne bez no\u015bnika | ta\u015bmy kardynalne","isPartOf":{"@id":"https:\/\/cardinal-tapes.com\/#website"},"primaryImageOfPage":{"@id":"https:\/\/cardinal-tapes.com\/pl\/ta\u015bmy-samoprzylepne\/tasmy-dwustronnie-klejace\/3m-924-filmy-przylepne-bez-nosnikow\/#primaryimage"},"image":{"@id":"https:\/\/cardinal-tapes.com\/pl\/ta\u015bmy-samoprzylepne\/tasmy-dwustronnie-klejace\/3m-924-filmy-przylepne-bez-nosnikow\/#primaryimage"},"thumbnailUrl":"https:\/\/cardinal-tapes.com\/wp-content\/uploads\/3m_atg_klebstoff-film_924-scaled.jpg","datePublished":"2023-06-05T15:10:04+00:00","dateModified":"2025-07-02T10:56:37+00:00","description":"Folie samoprzylepne 3M 924 wykonane z dwustronnego, silnie przylepnego kleju akrylowego charakteryzuj\u0105 si\u0119 optymaln\u0105 natychmiastow\u0105 przyczepno\u015bci\u0105. Przekonaj si\u0119 sam!","breadcrumb":{"@id":"https:\/\/cardinal-tapes.com\/pl\/ta\u015bmy-samoprzylepne\/tasmy-dwustronnie-klejace\/3m-924-filmy-przylepne-bez-nosnikow\/#breadcrumb"},"inLanguage":"pl-PL","potentialAction":[{"@type":"ReadAction","target":["https:\/\/cardinal-tapes.com\/pl\/ta\u015bmy-samoprzylepne\/tasmy-dwustronnie-klejace\/3m-924-filmy-przylepne-bez-nosnikow\/"]}]},{"@type":"ImageObject","inLanguage":"pl-PL","@id":"https:\/\/cardinal-tapes.com\/pl\/ta\u015bmy-samoprzylepne\/tasmy-dwustronnie-klejace\/3m-924-filmy-przylepne-bez-nosnikow\/#primaryimage","url":"https:\/\/cardinal-tapes.com\/wp-content\/uploads\/3m_atg_klebstoff-film_924-scaled.jpg","contentUrl":"https:\/\/cardinal-tapes.com\/wp-content\/uploads\/3m_atg_klebstoff-film_924-scaled.jpg","width":2560,"height":2550,"caption":"3M ATG Folia samoprzylepna 924"},{"@type":"BreadcrumbList","@id":"https:\/\/cardinal-tapes.com\/pl\/ta\u015bmy-samoprzylepne\/tasmy-dwustronnie-klejace\/3m-924-filmy-przylepne-bez-nosnikow\/#breadcrumb","itemListElement":[{"@type":"ListItem","position":1,"name":"Startseite","item":"https:\/\/cardinal-tapes.com\/pl\/strona-glowna\/"},{"@type":"ListItem","position":2,"name":"Ta\u015bmy samoprzylepne","item":"https:\/\/cardinal-tapes.com\/pl\/tasmy-samoprzylepne-pl\/"},{"@type":"ListItem","position":3,"name":"Ta\u015bmy dwustronnie klej\u0105ce","item":"https:\/\/cardinal-tapes.com\/pl\/kategoria\/tasmy-dwustronnie-klejace\/"},{"@type":"ListItem","position":4,"name":"3M\u2122 Scotch\u00ae ATG Transfer Tape 924"}]},{"@type":"WebSite","@id":"https:\/\/cardinal-tapes.com\/#website","url":"https:\/\/cardinal-tapes.com\/","name":"cardinal TAPES","description":"Klebetechnik aus Wuppertal","potentialAction":[{"@type":"SearchAction","target":{"@type":"EntryPoint","urlTemplate":"https:\/\/cardinal-tapes.com\/?s={search_term_string}"},"query-input":{"@type":"PropertyValueSpecification","valueRequired":true,"valueName":"search_term_string"}}],"inLanguage":"pl-PL"}]}},"brands":[{"id":2168,"name":"3M","slug":"3m-pl"}],"_links":{"self":[{"href":"https:\/\/cardinal-tapes.com\/pl\/wp-json\/wp\/v2\/product\/51669","targetHints":{"allow":["GET"]}}],"collection":[{"href":"https:\/\/cardinal-tapes.com\/pl\/wp-json\/wp\/v2\/product"}],"about":[{"href":"https:\/\/cardinal-tapes.com\/pl\/wp-json\/wp\/v2\/types\/product"}],"wp:featuredmedia":[{"embeddable":true,"href":"https:\/\/cardinal-tapes.com\/pl\/wp-json\/wp\/v2\/media\/27318"}],"wp:attachment":[{"href":"https:\/\/cardinal-tapes.com\/pl\/wp-json\/wp\/v2\/media?parent=51669"}],"wp:term":[{"taxonomy":"pwb-brand","embeddable":true,"href":"https:\/\/cardinal-tapes.com\/pl\/wp-json\/wp\/v2\/pwb-brand?post=51669"},{"taxonomy":"product_brand","embeddable":true,"href":"https:\/\/cardinal-tapes.com\/pl\/wp-json\/wp\/v2\/product_brand?post=51669"},{"taxonomy":"product_cat","embeddable":true,"href":"https:\/\/cardinal-tapes.com\/pl\/wp-json\/wp\/v2\/product_cat?post=51669"},{"taxonomy":"product_tag","embeddable":true,"href":"https:\/\/cardinal-tapes.com\/pl\/wp-json\/wp\/v2\/product_tag?post=51669"}],"curies":[{"name":"wp","href":"https:\/\/api.w.org\/{rel}","templated":true}]}}