{"id":51668,"date":"2018-07-13T11:15:47","date_gmt":"2023-06-05T15:10:04","guid":{"rendered":"https:\/\/cardinal.pixel-tal.de\/klebebaender\/bez-kategorii\/tasma-transferowa-3m-927\/"},"modified":"2023-06-05T17:10:04","modified_gmt":"2023-06-05T15:10:04","slug":"3m-927-folia-klejowa-bez-nosnika","status":"publish","type":"product","link":"https:\/\/cardinal-tapes.com\/pl\/ta\u015bmy-samoprzylepne\/jednostronne-tasmy-samoprzylepne\/3m-927-folia-klejowa-bez-nosnika\/","title":{"rendered":"Ta\u015bma transferowa 3M\u2122 927"},"content":{"rendered":"<p>Przenoszone na sucho folie samoprzylepne 927 (976) i 950 (969) sk\u0142adaj\u0105 si\u0119 ze zmodyfikowanego kleju akrylowego, kt\u00f3ry charakteryzuje si\u0119 wysok\u0105 przyczepno\u015bci\u0105 natychmiastow\u0105 i dobr\u0105 wytrzyma\u0142o\u015bci\u0105 na \u015bcinanie. Nie zaleca si\u0119 wystawiania ta\u015bm na dzia\u0142anie promieni UV lub bezpo\u015bredniego \u015bwiat\u0142a s\u0142onecznego.<\/p>\n<p><strong>W\u0142a\u015bciwo\u015bci<\/strong><br \/>\nFolia samoprzylepna ma bardzo wysok\u0105 przyczepno\u015b\u0107 do wi\u0119kszo\u015bci powierzchni materia\u0142owych. Folia samoprzylepna bez podk\u0142adu 3M\u2122 927 ma przezroczyst\u0105 warstw\u0119 samoprzylepn\u0105 i dobr\u0105 przyczepno\u015b\u0107 do materia\u0142\u00f3w niskoenergetycznych (np. PE, PP). Odporna na temperatur\u0119 do +80\u00b0C (kr\u00f3tkotrwale +120\u00b0C) folia samoprzylepna o grubo\u015bci 0,05 mm charakteryzuje si\u0119 bardzo wysok\u0105 przyczepno\u015bci\u0105 natychmiastow\u0105.<\/p>\n<p><strong>Zastosowania<\/strong><br \/>\n&#8211; \u0141\u0105czenie folii, tkanin i papieru powlekanego<br \/>\n&#8211; Laminowanie pianek i materia\u0142\u00f3w niskoenergetycznych<br \/>\n&#8211; Laminowanie metalowych lub plastikowych identyfikator\u00f3w<\/p>\n","protected":false},"excerpt":{"rendered":"<p>Przenoszone na sucho folie samoprzylepne 927 (976) i 950 (969) sk\u0142adaj\u0105 si\u0119 ze zmodyfikowanego kleju akrylowego, kt\u00f3ry charakteryzuje si\u0119 wysok\u0105 przyczepno\u015bci\u0105 natychmiastow\u0105 i dobr\u0105 wytrzyma\u0142o\u015bci\u0105 na \u015bcinanie. Nie zaleca si\u0119 wystawiania ta\u015bm na dzia\u0142anie promieni UV lub bezpo\u015bredniego \u015bwiat\u0142a s\u0142onecznego. W\u0142a\u015bciwo\u015bci Folia samoprzylepna ma bardzo wysok\u0105 przyczepno\u015b\u0107 do wi\u0119kszo\u015bci powierzchni materia\u0142owych. Folia samoprzylepna bez podk\u0142adu [&hellip;]<\/p>\n","protected":false},"featured_media":27234,"template":"","meta":{"_acf_changed":false},"pwb-brand":[2173],"product_brand":[],"product_cat":[1816],"product_tag":[],"class_list":{"0":"post-51668","1":"product","2":"type-product","3":"status-publish","4":"has-post-thumbnail","6":"pwb-brand-cardinal-gmbh-pl","7":"product_cat-jednostronne-tasmy-samoprzylepne","9":"first","10":"instock","11":"taxable","12":"shipping-taxable","13":"purchasable","14":"product-type-variable"},"acf":[],"yoast_head":"<!-- This site is optimized with the Yoast SEO plugin v27.3 - https:\/\/yoast.com\/product\/yoast-seo-wordpress\/ -->\n<title>Ta\u015bma transferowa 3M\u2122 927 | Cardinal TAPES<\/title>\n<meta name=\"description\" content=\"Folia samoprzylepna bez podk\u0142adu 3M\u2122 927 ma przezroczyst\u0105 warstw\u0119 samoprzylepn\u0105 i dobr\u0105 przyczepno\u015b\u0107 do materia\u0142\u00f3w niskoenergetycznych (np. PE, PP).\" \/>\n<meta name=\"robots\" content=\"index, follow, max-snippet:-1, max-image-preview:large, max-video-preview:-1\" \/>\n<link rel=\"canonical\" href=\"https:\/\/cardinal-tapes.com\/pl\/ta\u015bmy-samoprzylepne\/jednostronne-tasmy-samoprzylepne\/3m-927-folia-klejowa-bez-nosnika\/\" \/>\n<meta property=\"og:locale\" content=\"pl_PL\" \/>\n<meta property=\"og:type\" content=\"article\" \/>\n<meta property=\"og:title\" content=\"Ta\u015bma transferowa 3M\u2122 927 | Cardinal TAPES\" \/>\n<meta property=\"og:description\" content=\"Folia samoprzylepna bez podk\u0142adu 3M\u2122 927 ma przezroczyst\u0105 warstw\u0119 samoprzylepn\u0105 i dobr\u0105 przyczepno\u015b\u0107 do materia\u0142\u00f3w niskoenergetycznych (np. PE, PP).\" \/>\n<meta property=\"og:url\" content=\"https:\/\/cardinal-tapes.com\/pl\/ta\u015bmy-samoprzylepne\/jednostronne-tasmy-samoprzylepne\/3m-927-folia-klejowa-bez-nosnika\/\" \/>\n<meta property=\"og:site_name\" content=\"cardinal TAPES\" \/>\n<meta property=\"og:image\" content=\"https:\/\/cardinal-tapes.com\/wp-content\/uploads\/3m-transferklebstoff-950-scaled.jpg\" \/>\n\t<meta property=\"og:image:width\" content=\"2560\" \/>\n\t<meta property=\"og:image:height\" content=\"1707\" \/>\n\t<meta property=\"og:image:type\" content=\"image\/jpeg\" \/>\n<meta name=\"twitter:card\" content=\"summary_large_image\" \/>\n<meta name=\"twitter:label1\" content=\"Szacowany czas czytania\" \/>\n\t<meta name=\"twitter:data1\" content=\"1 minuta\" \/>\n<script type=\"application\/ld+json\" class=\"yoast-schema-graph\">{\"@context\":\"https:\\\/\\\/schema.org\",\"@graph\":[{\"@type\":\"WebPage\",\"@id\":\"https:\\\/\\\/cardinal-tapes.com\\\/pl\\\/ta\u015bmy-samoprzylepne\\\/jednostronne-tasmy-samoprzylepne\\\/3m-927-folia-klejowa-bez-nosnika\\\/\",\"url\":\"https:\\\/\\\/cardinal-tapes.com\\\/pl\\\/ta\u015bmy-samoprzylepne\\\/jednostronne-tasmy-samoprzylepne\\\/3m-927-folia-klejowa-bez-nosnika\\\/\",\"name\":\"Ta\u015bma transferowa 3M\u2122 927 | Cardinal TAPES\",\"isPartOf\":{\"@id\":\"https:\\\/\\\/cardinal-tapes.com\\\/#website\"},\"primaryImageOfPage\":{\"@id\":\"https:\\\/\\\/cardinal-tapes.com\\\/pl\\\/ta\u015bmy-samoprzylepne\\\/jednostronne-tasmy-samoprzylepne\\\/3m-927-folia-klejowa-bez-nosnika\\\/#primaryimage\"},\"image\":{\"@id\":\"https:\\\/\\\/cardinal-tapes.com\\\/pl\\\/ta\u015bmy-samoprzylepne\\\/jednostronne-tasmy-samoprzylepne\\\/3m-927-folia-klejowa-bez-nosnika\\\/#primaryimage\"},\"thumbnailUrl\":\"https:\\\/\\\/cardinal-tapes.com\\\/wp-content\\\/uploads\\\/3m-transferklebstoff-950-scaled.jpg\",\"datePublished\":\"2023-06-05T15:10:04+00:00\",\"description\":\"Folia samoprzylepna bez podk\u0142adu 3M\u2122 927 ma przezroczyst\u0105 warstw\u0119 samoprzylepn\u0105 i dobr\u0105 przyczepno\u015b\u0107 do materia\u0142\u00f3w niskoenergetycznych (np. PE, PP).\",\"breadcrumb\":{\"@id\":\"https:\\\/\\\/cardinal-tapes.com\\\/pl\\\/ta\u015bmy-samoprzylepne\\\/jednostronne-tasmy-samoprzylepne\\\/3m-927-folia-klejowa-bez-nosnika\\\/#breadcrumb\"},\"inLanguage\":\"pl-PL\",\"potentialAction\":[{\"@type\":\"ReadAction\",\"target\":[\"https:\\\/\\\/cardinal-tapes.com\\\/pl\\\/ta\u015bmy-samoprzylepne\\\/jednostronne-tasmy-samoprzylepne\\\/3m-927-folia-klejowa-bez-nosnika\\\/\"]}]},{\"@type\":\"ImageObject\",\"inLanguage\":\"pl-PL\",\"@id\":\"https:\\\/\\\/cardinal-tapes.com\\\/pl\\\/ta\u015bmy-samoprzylepne\\\/jednostronne-tasmy-samoprzylepne\\\/3m-927-folia-klejowa-bez-nosnika\\\/#primaryimage\",\"url\":\"https:\\\/\\\/cardinal-tapes.com\\\/wp-content\\\/uploads\\\/3m-transferklebstoff-950-scaled.jpg\",\"contentUrl\":\"https:\\\/\\\/cardinal-tapes.com\\\/wp-content\\\/uploads\\\/3m-transferklebstoff-950-scaled.jpg\",\"width\":2560,\"height\":1707,\"caption\":\"Klej transferowy 3M 950\"},{\"@type\":\"BreadcrumbList\",\"@id\":\"https:\\\/\\\/cardinal-tapes.com\\\/pl\\\/ta\u015bmy-samoprzylepne\\\/jednostronne-tasmy-samoprzylepne\\\/3m-927-folia-klejowa-bez-nosnika\\\/#breadcrumb\",\"itemListElement\":[{\"@type\":\"ListItem\",\"position\":1,\"name\":\"Startseite\",\"item\":\"https:\\\/\\\/cardinal-tapes.com\\\/pl\\\/strona-glowna\\\/\"},{\"@type\":\"ListItem\",\"position\":2,\"name\":\"Ta\u015bmy samoprzylepne\",\"item\":\"https:\\\/\\\/cardinal-tapes.com\\\/pl\\\/tasmy-samoprzylepne-pl\\\/\"},{\"@type\":\"ListItem\",\"position\":3,\"name\":\"Jednostronne ta\u015bmy samoprzylepne\",\"item\":\"https:\\\/\\\/cardinal-tapes.com\\\/pl\\\/kategoria\\\/jednostronne-tasmy-samoprzylepne\\\/\"},{\"@type\":\"ListItem\",\"position\":4,\"name\":\"Ta\u015bma transferowa 3M\u2122 927\"}]},{\"@type\":\"WebSite\",\"@id\":\"https:\\\/\\\/cardinal-tapes.com\\\/#website\",\"url\":\"https:\\\/\\\/cardinal-tapes.com\\\/\",\"name\":\"cardinal TAPES\",\"description\":\"Klebetechnik aus Wuppertal\",\"potentialAction\":[{\"@type\":\"SearchAction\",\"target\":{\"@type\":\"EntryPoint\",\"urlTemplate\":\"https:\\\/\\\/cardinal-tapes.com\\\/?s={search_term_string}\"},\"query-input\":{\"@type\":\"PropertyValueSpecification\",\"valueRequired\":true,\"valueName\":\"search_term_string\"}}],\"inLanguage\":\"pl-PL\"}]}<\/script>\n<!-- \/ Yoast SEO plugin. -->","yoast_head_json":{"title":"Ta\u015bma transferowa 3M\u2122 927 | Cardinal TAPES","description":"Folia samoprzylepna bez podk\u0142adu 3M\u2122 927 ma przezroczyst\u0105 warstw\u0119 samoprzylepn\u0105 i dobr\u0105 przyczepno\u015b\u0107 do materia\u0142\u00f3w niskoenergetycznych (np. PE, PP).","robots":{"index":"index","follow":"follow","max-snippet":"max-snippet:-1","max-image-preview":"max-image-preview:large","max-video-preview":"max-video-preview:-1"},"canonical":"https:\/\/cardinal-tapes.com\/pl\/ta\u015bmy-samoprzylepne\/jednostronne-tasmy-samoprzylepne\/3m-927-folia-klejowa-bez-nosnika\/","og_locale":"pl_PL","og_type":"article","og_title":"Ta\u015bma transferowa 3M\u2122 927 | Cardinal TAPES","og_description":"Folia samoprzylepna bez podk\u0142adu 3M\u2122 927 ma przezroczyst\u0105 warstw\u0119 samoprzylepn\u0105 i dobr\u0105 przyczepno\u015b\u0107 do materia\u0142\u00f3w niskoenergetycznych (np. PE, PP).","og_url":"https:\/\/cardinal-tapes.com\/pl\/ta\u015bmy-samoprzylepne\/jednostronne-tasmy-samoprzylepne\/3m-927-folia-klejowa-bez-nosnika\/","og_site_name":"cardinal TAPES","og_image":[{"width":2560,"height":1707,"url":"https:\/\/cardinal-tapes.com\/wp-content\/uploads\/3m-transferklebstoff-950-scaled.jpg","type":"image\/jpeg"}],"twitter_card":"summary_large_image","twitter_misc":{"Szacowany czas czytania":"1 minuta"},"schema":{"@context":"https:\/\/schema.org","@graph":[{"@type":"WebPage","@id":"https:\/\/cardinal-tapes.com\/pl\/ta\u015bmy-samoprzylepne\/jednostronne-tasmy-samoprzylepne\/3m-927-folia-klejowa-bez-nosnika\/","url":"https:\/\/cardinal-tapes.com\/pl\/ta\u015bmy-samoprzylepne\/jednostronne-tasmy-samoprzylepne\/3m-927-folia-klejowa-bez-nosnika\/","name":"Ta\u015bma transferowa 3M\u2122 927 | Cardinal TAPES","isPartOf":{"@id":"https:\/\/cardinal-tapes.com\/#website"},"primaryImageOfPage":{"@id":"https:\/\/cardinal-tapes.com\/pl\/ta\u015bmy-samoprzylepne\/jednostronne-tasmy-samoprzylepne\/3m-927-folia-klejowa-bez-nosnika\/#primaryimage"},"image":{"@id":"https:\/\/cardinal-tapes.com\/pl\/ta\u015bmy-samoprzylepne\/jednostronne-tasmy-samoprzylepne\/3m-927-folia-klejowa-bez-nosnika\/#primaryimage"},"thumbnailUrl":"https:\/\/cardinal-tapes.com\/wp-content\/uploads\/3m-transferklebstoff-950-scaled.jpg","datePublished":"2023-06-05T15:10:04+00:00","description":"Folia samoprzylepna bez podk\u0142adu 3M\u2122 927 ma przezroczyst\u0105 warstw\u0119 samoprzylepn\u0105 i dobr\u0105 przyczepno\u015b\u0107 do materia\u0142\u00f3w niskoenergetycznych (np. PE, PP).","breadcrumb":{"@id":"https:\/\/cardinal-tapes.com\/pl\/ta\u015bmy-samoprzylepne\/jednostronne-tasmy-samoprzylepne\/3m-927-folia-klejowa-bez-nosnika\/#breadcrumb"},"inLanguage":"pl-PL","potentialAction":[{"@type":"ReadAction","target":["https:\/\/cardinal-tapes.com\/pl\/ta\u015bmy-samoprzylepne\/jednostronne-tasmy-samoprzylepne\/3m-927-folia-klejowa-bez-nosnika\/"]}]},{"@type":"ImageObject","inLanguage":"pl-PL","@id":"https:\/\/cardinal-tapes.com\/pl\/ta\u015bmy-samoprzylepne\/jednostronne-tasmy-samoprzylepne\/3m-927-folia-klejowa-bez-nosnika\/#primaryimage","url":"https:\/\/cardinal-tapes.com\/wp-content\/uploads\/3m-transferklebstoff-950-scaled.jpg","contentUrl":"https:\/\/cardinal-tapes.com\/wp-content\/uploads\/3m-transferklebstoff-950-scaled.jpg","width":2560,"height":1707,"caption":"Klej transferowy 3M 950"},{"@type":"BreadcrumbList","@id":"https:\/\/cardinal-tapes.com\/pl\/ta\u015bmy-samoprzylepne\/jednostronne-tasmy-samoprzylepne\/3m-927-folia-klejowa-bez-nosnika\/#breadcrumb","itemListElement":[{"@type":"ListItem","position":1,"name":"Startseite","item":"https:\/\/cardinal-tapes.com\/pl\/strona-glowna\/"},{"@type":"ListItem","position":2,"name":"Ta\u015bmy samoprzylepne","item":"https:\/\/cardinal-tapes.com\/pl\/tasmy-samoprzylepne-pl\/"},{"@type":"ListItem","position":3,"name":"Jednostronne ta\u015bmy samoprzylepne","item":"https:\/\/cardinal-tapes.com\/pl\/kategoria\/jednostronne-tasmy-samoprzylepne\/"},{"@type":"ListItem","position":4,"name":"Ta\u015bma transferowa 3M\u2122 927"}]},{"@type":"WebSite","@id":"https:\/\/cardinal-tapes.com\/#website","url":"https:\/\/cardinal-tapes.com\/","name":"cardinal TAPES","description":"Klebetechnik aus Wuppertal","potentialAction":[{"@type":"SearchAction","target":{"@type":"EntryPoint","urlTemplate":"https:\/\/cardinal-tapes.com\/?s={search_term_string}"},"query-input":{"@type":"PropertyValueSpecification","valueRequired":true,"valueName":"search_term_string"}}],"inLanguage":"pl-PL"}]}},"brands":[{"id":2173,"name":"cardinal GmbH","slug":"cardinal-gmbh-pl"}],"_links":{"self":[{"href":"https:\/\/cardinal-tapes.com\/pl\/wp-json\/wp\/v2\/product\/51668","targetHints":{"allow":["GET"]}}],"collection":[{"href":"https:\/\/cardinal-tapes.com\/pl\/wp-json\/wp\/v2\/product"}],"about":[{"href":"https:\/\/cardinal-tapes.com\/pl\/wp-json\/wp\/v2\/types\/product"}],"wp:featuredmedia":[{"embeddable":true,"href":"https:\/\/cardinal-tapes.com\/pl\/wp-json\/wp\/v2\/media\/27234"}],"wp:attachment":[{"href":"https:\/\/cardinal-tapes.com\/pl\/wp-json\/wp\/v2\/media?parent=51668"}],"wp:term":[{"taxonomy":"pwb-brand","embeddable":true,"href":"https:\/\/cardinal-tapes.com\/pl\/wp-json\/wp\/v2\/pwb-brand?post=51668"},{"taxonomy":"product_brand","embeddable":true,"href":"https:\/\/cardinal-tapes.com\/pl\/wp-json\/wp\/v2\/product_brand?post=51668"},{"taxonomy":"product_cat","embeddable":true,"href":"https:\/\/cardinal-tapes.com\/pl\/wp-json\/wp\/v2\/product_cat?post=51668"},{"taxonomy":"product_tag","embeddable":true,"href":"https:\/\/cardinal-tapes.com\/pl\/wp-json\/wp\/v2\/product_tag?post=51668"}],"curies":[{"name":"wp","href":"https:\/\/api.w.org\/{rel}","templated":true}]}}