{"id":51622,"date":"2018-10-31T07:27:18","date_gmt":"2023-06-05T15:10:02","guid":{"rendered":"https:\/\/cardinal.pixel-tal.de\/klebebaender\/bez-kategorii\/tasma-montazowa-do-plyt-tesaprint-52315\/"},"modified":"2023-06-05T17:10:02","modified_gmt":"2023-06-05T15:10:02","slug":"tesa-52315-tasma-klejaca","status":"publish","type":"product","link":"https:\/\/cardinal-tapes.com\/pl\/ta\u015bmy-samoprzylepne\/jednostronne-tasmy-samoprzylepne\/folia-pvc\/tesa-52315-tasma-klejaca\/","title":{"rendered":"Ta\u015bma monta\u017cowa do p\u0142yt tesaprint\u00ae 52315"},"content":{"rendered":"<p>Ta\u015bmy <sup>tesaprint\u00ae<\/sup> 52310 (przezroczysta), <sup>tesaprint\u00ae<\/sup> 52315 (\u017c\u00f3\u0142ta), <sup>tesaprint\u00ae<\/sup> 52320 (bia\u0142a) i <sup>tesaprint\u00ae<\/sup> 52325 (r\u00f3\u017cowa) s\u0105 ta\u015bmami o r\u00f3\u017cnych kolorach i r\u00f3\u017cnej grubo\u015bci.<\/p>\n<p><strong>W\u0142a\u015bciwo\u015bci<\/strong><br \/>\n&#8211; \u0141atwy monta\u017c bez p\u0119cherzyk\u00f3w powietrza dzi\u0119ki strukturalnej os\u0142onie foliowej. \u0141atwa zmiana po\u0142o\u017cenia jest mo\u017cliwa podczas monta\u017cu, poniewa\u017c pe\u0142na si\u0142a klejenia dzia\u0142a dopiero podczas cyklu maszyny.<br \/>\n&#8211; Wysoka si\u0142a klejenia i dobra odporno\u015b\u0107 na \u015bcinanie zapewniaj\u0105 bezpieczne \u0142\u0105czenie i zapobiegaj\u0105 przemieszczaniu si\u0119 klisz podczas procesu drukowania.<br \/>\n&#8211; Podczas demonta\u017cu na kliszy i cylindrze wyciskowym nie pozostaj\u0105 resztki kleju.<\/p>\n<p><strong>Zastosowania<\/strong><br \/>\n&#8211; Klejenie fotopolimerowych p\u0142yt drukarskich do cylindr\u00f3w drukarskich i tulei.<\/p>\n","protected":false},"excerpt":{"rendered":"<p>Ta\u015bmy tesaprint\u00ae 52310 (przezroczysta), tesaprint\u00ae 52315 (\u017c\u00f3\u0142ta), tesaprint\u00ae 52320 (bia\u0142a) i tesaprint\u00ae 52325 (r\u00f3\u017cowa) s\u0105 ta\u015bmami o r\u00f3\u017cnych kolorach i r\u00f3\u017cnej grubo\u015bci. W\u0142a\u015bciwo\u015bci &#8211; \u0141atwy monta\u017c bez p\u0119cherzyk\u00f3w powietrza dzi\u0119ki strukturalnej os\u0142onie foliowej. \u0141atwa zmiana po\u0142o\u017cenia jest mo\u017cliwa podczas monta\u017cu, poniewa\u017c pe\u0142na si\u0142a klejenia dzia\u0142a dopiero podczas cyklu maszyny. &#8211; Wysoka si\u0142a klejenia i dobra [&hellip;]<\/p>\n","protected":false},"featured_media":27350,"template":"","meta":{"_acf_changed":false},"pwb-brand":[2164],"product_brand":[],"product_cat":[1816,1821],"product_tag":[],"class_list":{"0":"post-51622","1":"product","2":"type-product","3":"status-publish","4":"has-post-thumbnail","6":"pwb-brand-tesa-pl","7":"product_cat-jednostronne-tasmy-samoprzylepne","8":"product_cat-folia-pvc","10":"first","11":"instock","12":"taxable","13":"shipping-taxable","14":"purchasable","15":"product-type-variable"},"acf":[],"yoast_head":"<!-- This site is optimized with the Yoast SEO plugin v27.3 - https:\/\/yoast.com\/product\/yoast-seo-wordpress\/ -->\n<title>tesa 52315 \u017c\u00f3\u0142ta ta\u015bma monta\u017cowa do p\u0142yt | Cardinal TAPES<\/title>\n<meta name=\"description\" content=\"tesaprint\u00ae 52315 (\u017c\u00f3\u0142ta) to kolorowa ta\u015bma do monta\u017cu p\u0142yt. Dowiedz si\u0119 wi\u0119cej o zaletach i obszarach zastosowa\u0144 tutaj.\" \/>\n<meta name=\"robots\" content=\"index, follow, max-snippet:-1, max-image-preview:large, max-video-preview:-1\" \/>\n<link rel=\"canonical\" href=\"https:\/\/cardinal-tapes.com\/pl\/ta\u015bmy-samoprzylepne\/jednostronne-tasmy-samoprzylepne\/tesa-52315-tasma-klejaca\/\" \/>\n<meta property=\"og:locale\" content=\"pl_PL\" \/>\n<meta property=\"og:type\" content=\"article\" \/>\n<meta property=\"og:title\" content=\"tesa 52315 \u017c\u00f3\u0142ta ta\u015bma monta\u017cowa do p\u0142yt | Cardinal TAPES\" \/>\n<meta property=\"og:description\" content=\"tesaprint\u00ae 52315 (\u017c\u00f3\u0142ta) to kolorowa ta\u015bma do monta\u017cu p\u0142yt. Dowiedz si\u0119 wi\u0119cej o zaletach i obszarach zastosowa\u0144 tutaj.\" \/>\n<meta property=\"og:url\" content=\"https:\/\/cardinal-tapes.com\/pl\/ta\u015bmy-samoprzylepne\/jednostronne-tasmy-samoprzylepne\/tesa-52315-tasma-klejaca\/\" \/>\n<meta property=\"og:site_name\" content=\"cardinal TAPES\" \/>\n<meta property=\"og:image\" content=\"https:\/\/cardinal-tapes.com\/wp-content\/uploads\/tesa-52315-pr-001-fullsize173190_canvas16x9_18.jpg\" \/>\n\t<meta property=\"og:image:width\" content=\"764\" \/>\n\t<meta property=\"og:image:height\" content=\"1080\" \/>\n\t<meta property=\"og:image:type\" content=\"image\/jpeg\" \/>\n<meta name=\"twitter:card\" content=\"summary_large_image\" \/>\n<meta name=\"twitter:label1\" content=\"Szacowany czas czytania\" \/>\n\t<meta name=\"twitter:data1\" content=\"1 minuta\" \/>\n<script type=\"application\/ld+json\" class=\"yoast-schema-graph\">{\"@context\":\"https:\\\/\\\/schema.org\",\"@graph\":[{\"@type\":\"WebPage\",\"@id\":\"https:\\\/\\\/cardinal-tapes.com\\\/pl\\\/ta\u015bmy-samoprzylepne\\\/jednostronne-tasmy-samoprzylepne\\\/tesa-52315-tasma-klejaca\\\/\",\"url\":\"https:\\\/\\\/cardinal-tapes.com\\\/pl\\\/ta\u015bmy-samoprzylepne\\\/jednostronne-tasmy-samoprzylepne\\\/tesa-52315-tasma-klejaca\\\/\",\"name\":\"tesa 52315 \u017c\u00f3\u0142ta ta\u015bma monta\u017cowa do p\u0142yt | Cardinal TAPES\",\"isPartOf\":{\"@id\":\"https:\\\/\\\/cardinal-tapes.com\\\/#website\"},\"primaryImageOfPage\":{\"@id\":\"https:\\\/\\\/cardinal-tapes.com\\\/pl\\\/ta\u015bmy-samoprzylepne\\\/jednostronne-tasmy-samoprzylepne\\\/tesa-52315-tasma-klejaca\\\/#primaryimage\"},\"image\":{\"@id\":\"https:\\\/\\\/cardinal-tapes.com\\\/pl\\\/ta\u015bmy-samoprzylepne\\\/jednostronne-tasmy-samoprzylepne\\\/tesa-52315-tasma-klejaca\\\/#primaryimage\"},\"thumbnailUrl\":\"https:\\\/\\\/cardinal-tapes.com\\\/wp-content\\\/uploads\\\/tesa-52315-pr-001-fullsize173190_canvas16x9_18.jpg\",\"datePublished\":\"2023-06-05T15:10:02+00:00\",\"description\":\"tesaprint\u00ae 52315 (\u017c\u00f3\u0142ta) to kolorowa ta\u015bma do monta\u017cu p\u0142yt. Dowiedz si\u0119 wi\u0119cej o zaletach i obszarach zastosowa\u0144 tutaj.\",\"breadcrumb\":{\"@id\":\"https:\\\/\\\/cardinal-tapes.com\\\/pl\\\/ta\u015bmy-samoprzylepne\\\/jednostronne-tasmy-samoprzylepne\\\/tesa-52315-tasma-klejaca\\\/#breadcrumb\"},\"inLanguage\":\"pl-PL\",\"potentialAction\":[{\"@type\":\"ReadAction\",\"target\":[\"https:\\\/\\\/cardinal-tapes.com\\\/pl\\\/ta\u015bmy-samoprzylepne\\\/jednostronne-tasmy-samoprzylepne\\\/tesa-52315-tasma-klejaca\\\/\"]}]},{\"@type\":\"ImageObject\",\"inLanguage\":\"pl-PL\",\"@id\":\"https:\\\/\\\/cardinal-tapes.com\\\/pl\\\/ta\u015bmy-samoprzylepne\\\/jednostronne-tasmy-samoprzylepne\\\/tesa-52315-tasma-klejaca\\\/#primaryimage\",\"url\":\"https:\\\/\\\/cardinal-tapes.com\\\/wp-content\\\/uploads\\\/tesa-52315-pr-001-fullsize173190_canvas16x9_18.jpg\",\"contentUrl\":\"https:\\\/\\\/cardinal-tapes.com\\\/wp-content\\\/uploads\\\/tesa-52315-pr-001-fullsize173190_canvas16x9_18.jpg\",\"width\":764,\"height\":1080,\"caption\":\"Tesa 52315 PR 001 Fullsize\"},{\"@type\":\"BreadcrumbList\",\"@id\":\"https:\\\/\\\/cardinal-tapes.com\\\/pl\\\/ta\u015bmy-samoprzylepne\\\/jednostronne-tasmy-samoprzylepne\\\/tesa-52315-tasma-klejaca\\\/#breadcrumb\",\"itemListElement\":[{\"@type\":\"ListItem\",\"position\":1,\"name\":\"Startseite\",\"item\":\"https:\\\/\\\/cardinal-tapes.com\\\/pl\\\/strona-glowna\\\/\"},{\"@type\":\"ListItem\",\"position\":2,\"name\":\"Ta\u015bmy samoprzylepne\",\"item\":\"https:\\\/\\\/cardinal-tapes.com\\\/pl\\\/tasmy-samoprzylepne-pl\\\/\"},{\"@type\":\"ListItem\",\"position\":3,\"name\":\"Jednostronne ta\u015bmy samoprzylepne\",\"item\":\"https:\\\/\\\/cardinal-tapes.com\\\/pl\\\/kategoria\\\/jednostronne-tasmy-samoprzylepne\\\/\"},{\"@type\":\"ListItem\",\"position\":4,\"name\":\"Ta\u015bma monta\u017cowa do p\u0142yt tesaprint\u00ae 52315\"}]},{\"@type\":\"WebSite\",\"@id\":\"https:\\\/\\\/cardinal-tapes.com\\\/#website\",\"url\":\"https:\\\/\\\/cardinal-tapes.com\\\/\",\"name\":\"cardinal TAPES\",\"description\":\"Klebetechnik aus Wuppertal\",\"potentialAction\":[{\"@type\":\"SearchAction\",\"target\":{\"@type\":\"EntryPoint\",\"urlTemplate\":\"https:\\\/\\\/cardinal-tapes.com\\\/?s={search_term_string}\"},\"query-input\":{\"@type\":\"PropertyValueSpecification\",\"valueRequired\":true,\"valueName\":\"search_term_string\"}}],\"inLanguage\":\"pl-PL\"}]}<\/script>\n<!-- \/ Yoast SEO plugin. -->","yoast_head_json":{"title":"tesa 52315 \u017c\u00f3\u0142ta ta\u015bma monta\u017cowa do p\u0142yt | Cardinal TAPES","description":"tesaprint\u00ae 52315 (\u017c\u00f3\u0142ta) to kolorowa ta\u015bma do monta\u017cu p\u0142yt. Dowiedz si\u0119 wi\u0119cej o zaletach i obszarach zastosowa\u0144 tutaj.","robots":{"index":"index","follow":"follow","max-snippet":"max-snippet:-1","max-image-preview":"max-image-preview:large","max-video-preview":"max-video-preview:-1"},"canonical":"https:\/\/cardinal-tapes.com\/pl\/ta\u015bmy-samoprzylepne\/jednostronne-tasmy-samoprzylepne\/tesa-52315-tasma-klejaca\/","og_locale":"pl_PL","og_type":"article","og_title":"tesa 52315 \u017c\u00f3\u0142ta ta\u015bma monta\u017cowa do p\u0142yt | Cardinal TAPES","og_description":"tesaprint\u00ae 52315 (\u017c\u00f3\u0142ta) to kolorowa ta\u015bma do monta\u017cu p\u0142yt. Dowiedz si\u0119 wi\u0119cej o zaletach i obszarach zastosowa\u0144 tutaj.","og_url":"https:\/\/cardinal-tapes.com\/pl\/ta\u015bmy-samoprzylepne\/jednostronne-tasmy-samoprzylepne\/tesa-52315-tasma-klejaca\/","og_site_name":"cardinal TAPES","og_image":[{"width":764,"height":1080,"url":"https:\/\/cardinal-tapes.com\/wp-content\/uploads\/tesa-52315-pr-001-fullsize173190_canvas16x9_18.jpg","type":"image\/jpeg"}],"twitter_card":"summary_large_image","twitter_misc":{"Szacowany czas czytania":"1 minuta"},"schema":{"@context":"https:\/\/schema.org","@graph":[{"@type":"WebPage","@id":"https:\/\/cardinal-tapes.com\/pl\/ta\u015bmy-samoprzylepne\/jednostronne-tasmy-samoprzylepne\/tesa-52315-tasma-klejaca\/","url":"https:\/\/cardinal-tapes.com\/pl\/ta\u015bmy-samoprzylepne\/jednostronne-tasmy-samoprzylepne\/tesa-52315-tasma-klejaca\/","name":"tesa 52315 \u017c\u00f3\u0142ta ta\u015bma monta\u017cowa do p\u0142yt | Cardinal TAPES","isPartOf":{"@id":"https:\/\/cardinal-tapes.com\/#website"},"primaryImageOfPage":{"@id":"https:\/\/cardinal-tapes.com\/pl\/ta\u015bmy-samoprzylepne\/jednostronne-tasmy-samoprzylepne\/tesa-52315-tasma-klejaca\/#primaryimage"},"image":{"@id":"https:\/\/cardinal-tapes.com\/pl\/ta\u015bmy-samoprzylepne\/jednostronne-tasmy-samoprzylepne\/tesa-52315-tasma-klejaca\/#primaryimage"},"thumbnailUrl":"https:\/\/cardinal-tapes.com\/wp-content\/uploads\/tesa-52315-pr-001-fullsize173190_canvas16x9_18.jpg","datePublished":"2023-06-05T15:10:02+00:00","description":"tesaprint\u00ae 52315 (\u017c\u00f3\u0142ta) to kolorowa ta\u015bma do monta\u017cu p\u0142yt. Dowiedz si\u0119 wi\u0119cej o zaletach i obszarach zastosowa\u0144 tutaj.","breadcrumb":{"@id":"https:\/\/cardinal-tapes.com\/pl\/ta\u015bmy-samoprzylepne\/jednostronne-tasmy-samoprzylepne\/tesa-52315-tasma-klejaca\/#breadcrumb"},"inLanguage":"pl-PL","potentialAction":[{"@type":"ReadAction","target":["https:\/\/cardinal-tapes.com\/pl\/ta\u015bmy-samoprzylepne\/jednostronne-tasmy-samoprzylepne\/tesa-52315-tasma-klejaca\/"]}]},{"@type":"ImageObject","inLanguage":"pl-PL","@id":"https:\/\/cardinal-tapes.com\/pl\/ta\u015bmy-samoprzylepne\/jednostronne-tasmy-samoprzylepne\/tesa-52315-tasma-klejaca\/#primaryimage","url":"https:\/\/cardinal-tapes.com\/wp-content\/uploads\/tesa-52315-pr-001-fullsize173190_canvas16x9_18.jpg","contentUrl":"https:\/\/cardinal-tapes.com\/wp-content\/uploads\/tesa-52315-pr-001-fullsize173190_canvas16x9_18.jpg","width":764,"height":1080,"caption":"Tesa 52315 PR 001 Fullsize"},{"@type":"BreadcrumbList","@id":"https:\/\/cardinal-tapes.com\/pl\/ta\u015bmy-samoprzylepne\/jednostronne-tasmy-samoprzylepne\/tesa-52315-tasma-klejaca\/#breadcrumb","itemListElement":[{"@type":"ListItem","position":1,"name":"Startseite","item":"https:\/\/cardinal-tapes.com\/pl\/strona-glowna\/"},{"@type":"ListItem","position":2,"name":"Ta\u015bmy samoprzylepne","item":"https:\/\/cardinal-tapes.com\/pl\/tasmy-samoprzylepne-pl\/"},{"@type":"ListItem","position":3,"name":"Jednostronne ta\u015bmy samoprzylepne","item":"https:\/\/cardinal-tapes.com\/pl\/kategoria\/jednostronne-tasmy-samoprzylepne\/"},{"@type":"ListItem","position":4,"name":"Ta\u015bma monta\u017cowa do p\u0142yt tesaprint\u00ae 52315"}]},{"@type":"WebSite","@id":"https:\/\/cardinal-tapes.com\/#website","url":"https:\/\/cardinal-tapes.com\/","name":"cardinal TAPES","description":"Klebetechnik aus Wuppertal","potentialAction":[{"@type":"SearchAction","target":{"@type":"EntryPoint","urlTemplate":"https:\/\/cardinal-tapes.com\/?s={search_term_string}"},"query-input":{"@type":"PropertyValueSpecification","valueRequired":true,"valueName":"search_term_string"}}],"inLanguage":"pl-PL"}]}},"brands":[{"id":2164,"name":"tesa","slug":"tesa-pl"}],"_links":{"self":[{"href":"https:\/\/cardinal-tapes.com\/pl\/wp-json\/wp\/v2\/product\/51622","targetHints":{"allow":["GET"]}}],"collection":[{"href":"https:\/\/cardinal-tapes.com\/pl\/wp-json\/wp\/v2\/product"}],"about":[{"href":"https:\/\/cardinal-tapes.com\/pl\/wp-json\/wp\/v2\/types\/product"}],"wp:featuredmedia":[{"embeddable":true,"href":"https:\/\/cardinal-tapes.com\/pl\/wp-json\/wp\/v2\/media\/27350"}],"wp:attachment":[{"href":"https:\/\/cardinal-tapes.com\/pl\/wp-json\/wp\/v2\/media?parent=51622"}],"wp:term":[{"taxonomy":"pwb-brand","embeddable":true,"href":"https:\/\/cardinal-tapes.com\/pl\/wp-json\/wp\/v2\/pwb-brand?post=51622"},{"taxonomy":"product_brand","embeddable":true,"href":"https:\/\/cardinal-tapes.com\/pl\/wp-json\/wp\/v2\/product_brand?post=51622"},{"taxonomy":"product_cat","embeddable":true,"href":"https:\/\/cardinal-tapes.com\/pl\/wp-json\/wp\/v2\/product_cat?post=51622"},{"taxonomy":"product_tag","embeddable":true,"href":"https:\/\/cardinal-tapes.com\/pl\/wp-json\/wp\/v2\/product_tag?post=51622"}],"curies":[{"name":"wp","href":"https:\/\/api.w.org\/{rel}","templated":true}]}}