{"id":51619,"date":"2018-10-01T11:16:07","date_gmt":"2023-06-05T15:10:02","guid":{"rendered":"https:\/\/cardinal.pixel-tal.de\/klebebaender\/bez-kategorii\/ca-101-hd-kraftband-dla-turn-up-systems\/"},"modified":"2023-06-05T17:10:02","modified_gmt":"2023-06-05T15:10:02","slug":"ca-101-hd-force-band-for-turn-up-systems","status":"publish","type":"product","link":"https:\/\/cardinal-tapes.com\/pl\/ta\u015bmy-samoprzylepne\/obszary-zastosowan\/przemysl-papierniczy\/ca-101-hd-force-band-for-turn-up-systems\/","title":{"rendered":"CA-101 HD Kraftband dla TURN-UP SYSTEMS"},"content":{"rendered":"<p>Najlepszym wyborem do bezpiecznej i ekonomicznej wymiany rolek s\u0105 modele CA-100 i CA-101. Nasza oferta ta\u015bm papierowych Turn-Up jest dost\u0119pna w kolorze br\u0105zowym i bielonym.<\/p>\n<p>Je\u015bli nie mo\u017cesz znale\u017a\u0107 odpowiedniego rozwi\u0105zania dla swoich specjalnych wymaga\u0144, z przyjemno\u015bci\u0105 doradzimy Ci w ka\u017cdej chwili telefonicznie lub mo\u017cesz skorzysta\u0107 z naszego formularza <a href=\"https:\/\/cardinal-tapes.com\/ueber-cardinal\/kontakt\/\" target=\"_blank\" rel=\"noopener noreferrer\">zapytania o produkt<\/a>.<\/p>\n<p>Produkt jest przeznaczony dla <a href=\"https:\/\/cardinal-tapes.com\/klebebaender\/anwendungsgebiete\/papierherstellung\/\" target=\"_blank\" rel=\"noopener noreferrer\">przemys\u0142u papierniczego<\/a>.<\/p>\n","protected":false},"excerpt":{"rendered":"<p>Najlepszym wyborem do bezpiecznej i ekonomicznej wymiany rolek s\u0105 modele CA-100 i CA-101. Nasza oferta ta\u015bm papierowych Turn-Up jest dost\u0119pna w kolorze br\u0105zowym i bielonym. Je\u015bli nie mo\u017cesz znale\u017a\u0107 odpowiedniego rozwi\u0105zania dla swoich specjalnych wymaga\u0144, z przyjemno\u015bci\u0105 doradzimy Ci w ka\u017cdej chwili telefonicznie lub mo\u017cesz skorzysta\u0107 z naszego formularza zapytania o produkt. Produkt jest przeznaczony [&hellip;]<\/p>\n","protected":false},"featured_media":27302,"template":"","meta":{"_acf_changed":false},"pwb-brand":[2173],"product_brand":[],"product_cat":[1785,1789,1816],"product_tag":[],"class_list":{"0":"post-51619","1":"product","2":"type-product","3":"status-publish","4":"has-post-thumbnail","6":"pwb-brand-cardinal-gmbh-pl","7":"product_cat-przemysl-papierniczy","8":"product_cat-systemy-rozkrecania","9":"product_cat-jednostronne-tasmy-samoprzylepne","11":"first","12":"instock","13":"taxable","14":"shipping-taxable","15":"purchasable","16":"product-type-variable"},"acf":[],"yoast_head":"<!-- This site is optimized with the Yoast SEO plugin v27.3 - https:\/\/yoast.com\/product\/yoast-seo-wordpress\/ -->\n<title>CA-101 HD Kraftband dla TURN-UP SYSTEMS - cardinal TAPES<\/title>\n<meta name=\"description\" content=\"Nasz pasek nap\u0119dowy CA 101-HD do system\u00f3w obracania jest najlepszym wyborem do bezpiecznej i ekonomicznej wymiany rolek. Skontaktuj si\u0119 z nami, ch\u0119tnie doradzimy\" \/>\n<meta name=\"robots\" content=\"index, follow, max-snippet:-1, max-image-preview:large, max-video-preview:-1\" \/>\n<link rel=\"canonical\" href=\"https:\/\/cardinal-tapes.com\/pl\/ta\u015bmy-samoprzylepne\/przemysl-papierniczy\/ca-101-hd-force-band-for-turn-up-systems\/\" \/>\n<meta property=\"og:locale\" content=\"pl_PL\" \/>\n<meta property=\"og:type\" content=\"article\" \/>\n<meta property=\"og:title\" content=\"CA-101 HD Kraftband dla TURN-UP SYSTEMS - cardinal TAPES\" \/>\n<meta property=\"og:description\" content=\"Nasz pasek nap\u0119dowy CA 101-HD do system\u00f3w obracania jest najlepszym wyborem do bezpiecznej i ekonomicznej wymiany rolek. Skontaktuj si\u0119 z nami, ch\u0119tnie doradzimy\" \/>\n<meta property=\"og:url\" content=\"https:\/\/cardinal-tapes.com\/pl\/ta\u015bmy-samoprzylepne\/przemysl-papierniczy\/ca-101-hd-force-band-for-turn-up-systems\/\" \/>\n<meta property=\"og:site_name\" content=\"cardinal TAPES\" \/>\n<meta property=\"og:image\" content=\"https:\/\/cardinal-tapes.com\/wp-content\/uploads\/ki_turnup_baender_braun-scaled.jpg\" \/>\n\t<meta property=\"og:image:width\" content=\"2560\" \/>\n\t<meta property=\"og:image:height\" content=\"1714\" \/>\n\t<meta property=\"og:image:type\" content=\"image\/jpeg\" \/>\n<meta name=\"twitter:card\" content=\"summary_large_image\" \/>\n<script type=\"application\/ld+json\" class=\"yoast-schema-graph\">{\"@context\":\"https:\\\/\\\/schema.org\",\"@graph\":[{\"@type\":\"WebPage\",\"@id\":\"https:\\\/\\\/cardinal-tapes.com\\\/pl\\\/ta\u015bmy-samoprzylepne\\\/przemysl-papierniczy\\\/ca-101-hd-force-band-for-turn-up-systems\\\/\",\"url\":\"https:\\\/\\\/cardinal-tapes.com\\\/pl\\\/ta\u015bmy-samoprzylepne\\\/przemysl-papierniczy\\\/ca-101-hd-force-band-for-turn-up-systems\\\/\",\"name\":\"CA-101 HD Kraftband dla TURN-UP SYSTEMS - cardinal TAPES\",\"isPartOf\":{\"@id\":\"https:\\\/\\\/cardinal-tapes.com\\\/#website\"},\"primaryImageOfPage\":{\"@id\":\"https:\\\/\\\/cardinal-tapes.com\\\/pl\\\/ta\u015bmy-samoprzylepne\\\/przemysl-papierniczy\\\/ca-101-hd-force-band-for-turn-up-systems\\\/#primaryimage\"},\"image\":{\"@id\":\"https:\\\/\\\/cardinal-tapes.com\\\/pl\\\/ta\u015bmy-samoprzylepne\\\/przemysl-papierniczy\\\/ca-101-hd-force-band-for-turn-up-systems\\\/#primaryimage\"},\"thumbnailUrl\":\"https:\\\/\\\/cardinal-tapes.com\\\/wp-content\\\/uploads\\\/ki_turnup_baender_braun-scaled.jpg\",\"datePublished\":\"2023-06-05T15:10:02+00:00\",\"description\":\"Nasz pasek nap\u0119dowy CA 101-HD do system\u00f3w obracania jest najlepszym wyborem do bezpiecznej i ekonomicznej wymiany rolek. Skontaktuj si\u0119 z nami, ch\u0119tnie doradzimy\",\"breadcrumb\":{\"@id\":\"https:\\\/\\\/cardinal-tapes.com\\\/pl\\\/ta\u015bmy-samoprzylepne\\\/przemysl-papierniczy\\\/ca-101-hd-force-band-for-turn-up-systems\\\/#breadcrumb\"},\"inLanguage\":\"pl-PL\",\"potentialAction\":[{\"@type\":\"ReadAction\",\"target\":[\"https:\\\/\\\/cardinal-tapes.com\\\/pl\\\/ta\u015bmy-samoprzylepne\\\/przemysl-papierniczy\\\/ca-101-hd-force-band-for-turn-up-systems\\\/\"]}]},{\"@type\":\"ImageObject\",\"inLanguage\":\"pl-PL\",\"@id\":\"https:\\\/\\\/cardinal-tapes.com\\\/pl\\\/ta\u015bmy-samoprzylepne\\\/przemysl-papierniczy\\\/ca-101-hd-force-band-for-turn-up-systems\\\/#primaryimage\",\"url\":\"https:\\\/\\\/cardinal-tapes.com\\\/wp-content\\\/uploads\\\/ki_turnup_baender_braun-scaled.jpg\",\"contentUrl\":\"https:\\\/\\\/cardinal-tapes.com\\\/wp-content\\\/uploads\\\/ki_turnup_baender_braun-scaled.jpg\",\"width\":2560,\"height\":1714,\"caption\":\"SONY DSC\"},{\"@type\":\"BreadcrumbList\",\"@id\":\"https:\\\/\\\/cardinal-tapes.com\\\/pl\\\/ta\u015bmy-samoprzylepne\\\/przemysl-papierniczy\\\/ca-101-hd-force-band-for-turn-up-systems\\\/#breadcrumb\",\"itemListElement\":[{\"@type\":\"ListItem\",\"position\":1,\"name\":\"Startseite\",\"item\":\"https:\\\/\\\/cardinal-tapes.com\\\/pl\\\/strona-glowna\\\/\"},{\"@type\":\"ListItem\",\"position\":2,\"name\":\"Ta\u015bmy samoprzylepne\",\"item\":\"https:\\\/\\\/cardinal-tapes.com\\\/pl\\\/tasmy-samoprzylepne-pl\\\/\"},{\"@type\":\"ListItem\",\"position\":3,\"name\":\"Przemys\u0142 papierniczy\",\"item\":\"https:\\\/\\\/cardinal-tapes.com\\\/pl\\\/kategoria\\\/przemysl-papierniczy\\\/\"},{\"@type\":\"ListItem\",\"position\":4,\"name\":\"CA-101 HD Kraftband dla TURN-UP SYSTEMS\"}]},{\"@type\":\"WebSite\",\"@id\":\"https:\\\/\\\/cardinal-tapes.com\\\/#website\",\"url\":\"https:\\\/\\\/cardinal-tapes.com\\\/\",\"name\":\"cardinal TAPES\",\"description\":\"Klebetechnik aus Wuppertal\",\"potentialAction\":[{\"@type\":\"SearchAction\",\"target\":{\"@type\":\"EntryPoint\",\"urlTemplate\":\"https:\\\/\\\/cardinal-tapes.com\\\/?s={search_term_string}\"},\"query-input\":{\"@type\":\"PropertyValueSpecification\",\"valueRequired\":true,\"valueName\":\"search_term_string\"}}],\"inLanguage\":\"pl-PL\"}]}<\/script>\n<!-- \/ Yoast SEO plugin. -->","yoast_head_json":{"title":"CA-101 HD Kraftband dla TURN-UP SYSTEMS - cardinal TAPES","description":"Nasz pasek nap\u0119dowy CA 101-HD do system\u00f3w obracania jest najlepszym wyborem do bezpiecznej i ekonomicznej wymiany rolek. Skontaktuj si\u0119 z nami, ch\u0119tnie doradzimy","robots":{"index":"index","follow":"follow","max-snippet":"max-snippet:-1","max-image-preview":"max-image-preview:large","max-video-preview":"max-video-preview:-1"},"canonical":"https:\/\/cardinal-tapes.com\/pl\/ta\u015bmy-samoprzylepne\/przemysl-papierniczy\/ca-101-hd-force-band-for-turn-up-systems\/","og_locale":"pl_PL","og_type":"article","og_title":"CA-101 HD Kraftband dla TURN-UP SYSTEMS - cardinal TAPES","og_description":"Nasz pasek nap\u0119dowy CA 101-HD do system\u00f3w obracania jest najlepszym wyborem do bezpiecznej i ekonomicznej wymiany rolek. Skontaktuj si\u0119 z nami, ch\u0119tnie doradzimy","og_url":"https:\/\/cardinal-tapes.com\/pl\/ta\u015bmy-samoprzylepne\/przemysl-papierniczy\/ca-101-hd-force-band-for-turn-up-systems\/","og_site_name":"cardinal TAPES","og_image":[{"width":2560,"height":1714,"url":"https:\/\/cardinal-tapes.com\/wp-content\/uploads\/ki_turnup_baender_braun-scaled.jpg","type":"image\/jpeg"}],"twitter_card":"summary_large_image","schema":{"@context":"https:\/\/schema.org","@graph":[{"@type":"WebPage","@id":"https:\/\/cardinal-tapes.com\/pl\/ta\u015bmy-samoprzylepne\/przemysl-papierniczy\/ca-101-hd-force-band-for-turn-up-systems\/","url":"https:\/\/cardinal-tapes.com\/pl\/ta\u015bmy-samoprzylepne\/przemysl-papierniczy\/ca-101-hd-force-band-for-turn-up-systems\/","name":"CA-101 HD Kraftband dla TURN-UP SYSTEMS - cardinal TAPES","isPartOf":{"@id":"https:\/\/cardinal-tapes.com\/#website"},"primaryImageOfPage":{"@id":"https:\/\/cardinal-tapes.com\/pl\/ta\u015bmy-samoprzylepne\/przemysl-papierniczy\/ca-101-hd-force-band-for-turn-up-systems\/#primaryimage"},"image":{"@id":"https:\/\/cardinal-tapes.com\/pl\/ta\u015bmy-samoprzylepne\/przemysl-papierniczy\/ca-101-hd-force-band-for-turn-up-systems\/#primaryimage"},"thumbnailUrl":"https:\/\/cardinal-tapes.com\/wp-content\/uploads\/ki_turnup_baender_braun-scaled.jpg","datePublished":"2023-06-05T15:10:02+00:00","description":"Nasz pasek nap\u0119dowy CA 101-HD do system\u00f3w obracania jest najlepszym wyborem do bezpiecznej i ekonomicznej wymiany rolek. Skontaktuj si\u0119 z nami, ch\u0119tnie doradzimy","breadcrumb":{"@id":"https:\/\/cardinal-tapes.com\/pl\/ta\u015bmy-samoprzylepne\/przemysl-papierniczy\/ca-101-hd-force-band-for-turn-up-systems\/#breadcrumb"},"inLanguage":"pl-PL","potentialAction":[{"@type":"ReadAction","target":["https:\/\/cardinal-tapes.com\/pl\/ta\u015bmy-samoprzylepne\/przemysl-papierniczy\/ca-101-hd-force-band-for-turn-up-systems\/"]}]},{"@type":"ImageObject","inLanguage":"pl-PL","@id":"https:\/\/cardinal-tapes.com\/pl\/ta\u015bmy-samoprzylepne\/przemysl-papierniczy\/ca-101-hd-force-band-for-turn-up-systems\/#primaryimage","url":"https:\/\/cardinal-tapes.com\/wp-content\/uploads\/ki_turnup_baender_braun-scaled.jpg","contentUrl":"https:\/\/cardinal-tapes.com\/wp-content\/uploads\/ki_turnup_baender_braun-scaled.jpg","width":2560,"height":1714,"caption":"SONY DSC"},{"@type":"BreadcrumbList","@id":"https:\/\/cardinal-tapes.com\/pl\/ta\u015bmy-samoprzylepne\/przemysl-papierniczy\/ca-101-hd-force-band-for-turn-up-systems\/#breadcrumb","itemListElement":[{"@type":"ListItem","position":1,"name":"Startseite","item":"https:\/\/cardinal-tapes.com\/pl\/strona-glowna\/"},{"@type":"ListItem","position":2,"name":"Ta\u015bmy samoprzylepne","item":"https:\/\/cardinal-tapes.com\/pl\/tasmy-samoprzylepne-pl\/"},{"@type":"ListItem","position":3,"name":"Przemys\u0142 papierniczy","item":"https:\/\/cardinal-tapes.com\/pl\/kategoria\/przemysl-papierniczy\/"},{"@type":"ListItem","position":4,"name":"CA-101 HD Kraftband dla TURN-UP SYSTEMS"}]},{"@type":"WebSite","@id":"https:\/\/cardinal-tapes.com\/#website","url":"https:\/\/cardinal-tapes.com\/","name":"cardinal TAPES","description":"Klebetechnik aus Wuppertal","potentialAction":[{"@type":"SearchAction","target":{"@type":"EntryPoint","urlTemplate":"https:\/\/cardinal-tapes.com\/?s={search_term_string}"},"query-input":{"@type":"PropertyValueSpecification","valueRequired":true,"valueName":"search_term_string"}}],"inLanguage":"pl-PL"}]}},"brands":[{"id":2173,"name":"cardinal GmbH","slug":"cardinal-gmbh-pl"}],"_links":{"self":[{"href":"https:\/\/cardinal-tapes.com\/pl\/wp-json\/wp\/v2\/product\/51619","targetHints":{"allow":["GET"]}}],"collection":[{"href":"https:\/\/cardinal-tapes.com\/pl\/wp-json\/wp\/v2\/product"}],"about":[{"href":"https:\/\/cardinal-tapes.com\/pl\/wp-json\/wp\/v2\/types\/product"}],"wp:featuredmedia":[{"embeddable":true,"href":"https:\/\/cardinal-tapes.com\/pl\/wp-json\/wp\/v2\/media\/27302"}],"wp:attachment":[{"href":"https:\/\/cardinal-tapes.com\/pl\/wp-json\/wp\/v2\/media?parent=51619"}],"wp:term":[{"taxonomy":"pwb-brand","embeddable":true,"href":"https:\/\/cardinal-tapes.com\/pl\/wp-json\/wp\/v2\/pwb-brand?post=51619"},{"taxonomy":"product_brand","embeddable":true,"href":"https:\/\/cardinal-tapes.com\/pl\/wp-json\/wp\/v2\/product_brand?post=51619"},{"taxonomy":"product_cat","embeddable":true,"href":"https:\/\/cardinal-tapes.com\/pl\/wp-json\/wp\/v2\/product_cat?post=51619"},{"taxonomy":"product_tag","embeddable":true,"href":"https:\/\/cardinal-tapes.com\/pl\/wp-json\/wp\/v2\/product_tag?post=51619"}],"curies":[{"name":"wp","href":"https:\/\/api.w.org\/{rel}","templated":true}]}}