{"id":51588,"date":"2018-10-04T08:37:14","date_gmt":"2023-06-05T15:10:01","guid":{"rendered":"https:\/\/cardinal.pixel-tal.de\/klebebaender\/bez-kategorii\/tesa-industry-cleaner-60040\/"},"modified":"2023-06-05T17:10:01","modified_gmt":"2023-06-05T15:10:01","slug":"tesa-industry-cleaner-60040","status":"publish","type":"product","link":"https:\/\/cardinal-tapes.com\/pl\/ta\u015bmy-samoprzylepne\/kleje-w-plynie\/kleje\/tesa-industry-cleaner-60040\/","title":{"rendered":"tesa\u00ae Industry Cleaner 60040"},"content":{"rendered":"<p><sup>tesa\u00ae<\/sup> Industry Cleaner 60040 to uniwersalny spray do szybkiego i \u0142atwego czyszczenia cz\u0119\u015bci maszyn i tworzyw sztucznych, szk\u0142a i powierzchni metalowych. Oczyszczone powierzchnie zapewniaj\u0105 optymalne \u0142\u0105czenie za pomoc\u0105 ta\u015bm samoprzylepnych lub klej\u00f3w w sprayu. Oto przegl\u0105d najwa\u017cniejszych w\u0142a\u015bciwo\u015bci <sup>tesa\u00ae<\/sup> Industry Cleaner 60040.<\/p>\n<ul>\n<li>Rozpuszcza nawet uporczywe zabrudzenia, takie jak wosk, olej, smar, \u015bcier gumowy i pozosta\u0142o\u015bci silikonu.<\/li>\n<li>ulatnia si\u0119 bez pozosta\u0142o\u015bci<\/li>\n<li>Doskona\u0142y efekt czyszczenia maszyn i wielu innych powierzchni, takich jak plastik i metal<\/li>\n<li>P\u0142yn czyszcz\u0105cy <sup>tesa\u00ae<\/sup> Industry Cleaner 60040 dociera r\u00f3wnie\u017c do g\u0142\u0119biej po\u0142o\u017conych i trudnodost\u0119pnych miejsc<\/li>\n<li>Pozostawia przyjemny zapach<\/li>\n<\/ul>\n<p>Czy chcia\u0142by\u015b dowiedzie\u0107 si\u0119 wi\u0119cej o <sup>tesa\u00ae<\/sup> Industry Cleaner 60040? Nasi eksperci nie pozostawiaj\u0105 \u017cadnych pyta\u0144 bez odpowiedzi. Skontaktuj si\u0119 teraz.<\/p>\n","protected":false},"excerpt":{"rendered":"<p>tesa\u00ae Industry Cleaner 60040 to uniwersalny spray do szybkiego i \u0142atwego czyszczenia cz\u0119\u015bci maszyn i tworzyw sztucznych, szk\u0142a i powierzchni metalowych. Oczyszczone powierzchnie zapewniaj\u0105 optymalne \u0142\u0105czenie za pomoc\u0105 ta\u015bm samoprzylepnych lub klej\u00f3w w sprayu. Oto przegl\u0105d najwa\u017cniejszych w\u0142a\u015bciwo\u015bci tesa\u00ae Industry Cleaner 60040. Rozpuszcza nawet uporczywe zabrudzenia, takie jak wosk, olej, smar, \u015bcier gumowy i pozosta\u0142o\u015bci [&hellip;]<\/p>\n","protected":false},"featured_media":28406,"template":"","meta":{"_acf_changed":false},"pwb-brand":[2164],"product_brand":[],"product_cat":[1864,1865],"product_tag":[],"class_list":{"0":"post-51588","1":"product","2":"type-product","3":"status-publish","4":"has-post-thumbnail","6":"pwb-brand-tesa-pl","7":"product_cat-kleje-w-plynie","8":"product_cat-kleje","10":"first","11":"instock","12":"taxable","13":"shipping-taxable","14":"purchasable","15":"product-type-simple"},"acf":[],"yoast_head":"<!-- This site is optimized with the Yoast SEO plugin v27.3 - https:\/\/yoast.com\/product\/yoast-seo-wordpress\/ -->\n<title>P\u0142yn czyszcz\u0105cy tesa\u00ae Industry Cleaner 60040 o przyjemnym zapachu | Ta\u015bmy kardynalne<\/title>\n<meta name=\"description\" content=\"Dzi\u0119ki tesa\u00ae Industry Cleaner 60040 mo\u017cna szybko i \u0142atwo wyczy\u015bci\u0107 cz\u0119\u015bci maszyn\/plastikowe, szk\u0142o i powierzchnie - dla optymalnego \u0142\u0105czenia!\" \/>\n<meta name=\"robots\" content=\"index, follow, max-snippet:-1, max-image-preview:large, max-video-preview:-1\" \/>\n<link rel=\"canonical\" href=\"https:\/\/cardinal-tapes.com\/pl\/ta\u015bmy-samoprzylepne\/kleje-w-plynie\/tesa-industry-cleaner-60040\/\" \/>\n<meta property=\"og:locale\" content=\"pl_PL\" \/>\n<meta property=\"og:type\" content=\"article\" \/>\n<meta property=\"og:title\" content=\"P\u0142yn czyszcz\u0105cy tesa\u00ae Industry Cleaner 60040 o przyjemnym zapachu | Ta\u015bmy kardynalne\" \/>\n<meta property=\"og:description\" content=\"Dzi\u0119ki tesa\u00ae Industry Cleaner 60040 mo\u017cna szybko i \u0142atwo wyczy\u015bci\u0107 cz\u0119\u015bci maszyn\/plastikowe, szk\u0142o i powierzchnie - dla optymalnego \u0142\u0105czenia!\" \/>\n<meta property=\"og:url\" content=\"https:\/\/cardinal-tapes.com\/pl\/ta\u015bmy-samoprzylepne\/kleje-w-plynie\/tesa-industry-cleaner-60040\/\" \/>\n<meta property=\"og:site_name\" content=\"cardinal TAPES\" \/>\n<meta property=\"og:image\" content=\"https:\/\/cardinal-tapes.com\/wp-content\/uploads\/tesa-60040.jpg\" \/>\n\t<meta property=\"og:image:width\" content=\"700\" \/>\n\t<meta property=\"og:image:height\" content=\"700\" \/>\n\t<meta property=\"og:image:type\" content=\"image\/jpeg\" \/>\n<meta name=\"twitter:card\" content=\"summary_large_image\" \/>\n<meta name=\"twitter:label1\" content=\"Szacowany czas czytania\" \/>\n\t<meta name=\"twitter:data1\" content=\"1 minuta\" \/>\n<script type=\"application\/ld+json\" class=\"yoast-schema-graph\">{\"@context\":\"https:\\\/\\\/schema.org\",\"@graph\":[{\"@type\":\"WebPage\",\"@id\":\"https:\\\/\\\/cardinal-tapes.com\\\/pl\\\/ta\u015bmy-samoprzylepne\\\/kleje-w-plynie\\\/tesa-industry-cleaner-60040\\\/\",\"url\":\"https:\\\/\\\/cardinal-tapes.com\\\/pl\\\/ta\u015bmy-samoprzylepne\\\/kleje-w-plynie\\\/tesa-industry-cleaner-60040\\\/\",\"name\":\"P\u0142yn czyszcz\u0105cy tesa\u00ae Industry Cleaner 60040 o przyjemnym zapachu | Ta\u015bmy kardynalne\",\"isPartOf\":{\"@id\":\"https:\\\/\\\/cardinal-tapes.com\\\/#website\"},\"primaryImageOfPage\":{\"@id\":\"https:\\\/\\\/cardinal-tapes.com\\\/pl\\\/ta\u015bmy-samoprzylepne\\\/kleje-w-plynie\\\/tesa-industry-cleaner-60040\\\/#primaryimage\"},\"image\":{\"@id\":\"https:\\\/\\\/cardinal-tapes.com\\\/pl\\\/ta\u015bmy-samoprzylepne\\\/kleje-w-plynie\\\/tesa-industry-cleaner-60040\\\/#primaryimage\"},\"thumbnailUrl\":\"https:\\\/\\\/cardinal-tapes.com\\\/wp-content\\\/uploads\\\/tesa-60040.jpg\",\"datePublished\":\"2023-06-05T15:10:01+00:00\",\"description\":\"Dzi\u0119ki tesa\u00ae Industry Cleaner 60040 mo\u017cna szybko i \u0142atwo wyczy\u015bci\u0107 cz\u0119\u015bci maszyn\\\/plastikowe, szk\u0142o i powierzchnie - dla optymalnego \u0142\u0105czenia!\",\"breadcrumb\":{\"@id\":\"https:\\\/\\\/cardinal-tapes.com\\\/pl\\\/ta\u015bmy-samoprzylepne\\\/kleje-w-plynie\\\/tesa-industry-cleaner-60040\\\/#breadcrumb\"},\"inLanguage\":\"pl-PL\",\"potentialAction\":[{\"@type\":\"ReadAction\",\"target\":[\"https:\\\/\\\/cardinal-tapes.com\\\/pl\\\/ta\u015bmy-samoprzylepne\\\/kleje-w-plynie\\\/tesa-industry-cleaner-60040\\\/\"]}]},{\"@type\":\"ImageObject\",\"inLanguage\":\"pl-PL\",\"@id\":\"https:\\\/\\\/cardinal-tapes.com\\\/pl\\\/ta\u015bmy-samoprzylepne\\\/kleje-w-plynie\\\/tesa-industry-cleaner-60040\\\/#primaryimage\",\"url\":\"https:\\\/\\\/cardinal-tapes.com\\\/wp-content\\\/uploads\\\/tesa-60040.jpg\",\"contentUrl\":\"https:\\\/\\\/cardinal-tapes.com\\\/wp-content\\\/uploads\\\/tesa-60040.jpg\",\"width\":700,\"height\":700},{\"@type\":\"BreadcrumbList\",\"@id\":\"https:\\\/\\\/cardinal-tapes.com\\\/pl\\\/ta\u015bmy-samoprzylepne\\\/kleje-w-plynie\\\/tesa-industry-cleaner-60040\\\/#breadcrumb\",\"itemListElement\":[{\"@type\":\"ListItem\",\"position\":1,\"name\":\"Startseite\",\"item\":\"https:\\\/\\\/cardinal-tapes.com\\\/pl\\\/strona-glowna\\\/\"},{\"@type\":\"ListItem\",\"position\":2,\"name\":\"Ta\u015bmy samoprzylepne\",\"item\":\"https:\\\/\\\/cardinal-tapes.com\\\/pl\\\/tasmy-samoprzylepne-pl\\\/\"},{\"@type\":\"ListItem\",\"position\":3,\"name\":\"Kleje w p\u0142ynie\",\"item\":\"https:\\\/\\\/cardinal-tapes.com\\\/pl\\\/kategoria\\\/kleje-w-plynie\\\/\"},{\"@type\":\"ListItem\",\"position\":4,\"name\":\"tesa\u00ae Industry Cleaner 60040\"}]},{\"@type\":\"WebSite\",\"@id\":\"https:\\\/\\\/cardinal-tapes.com\\\/#website\",\"url\":\"https:\\\/\\\/cardinal-tapes.com\\\/\",\"name\":\"cardinal TAPES\",\"description\":\"Klebetechnik aus Wuppertal\",\"potentialAction\":[{\"@type\":\"SearchAction\",\"target\":{\"@type\":\"EntryPoint\",\"urlTemplate\":\"https:\\\/\\\/cardinal-tapes.com\\\/?s={search_term_string}\"},\"query-input\":{\"@type\":\"PropertyValueSpecification\",\"valueRequired\":true,\"valueName\":\"search_term_string\"}}],\"inLanguage\":\"pl-PL\"}]}<\/script>\n<!-- \/ Yoast SEO plugin. -->","yoast_head_json":{"title":"P\u0142yn czyszcz\u0105cy tesa\u00ae Industry Cleaner 60040 o przyjemnym zapachu | Ta\u015bmy kardynalne","description":"Dzi\u0119ki tesa\u00ae Industry Cleaner 60040 mo\u017cna szybko i \u0142atwo wyczy\u015bci\u0107 cz\u0119\u015bci maszyn\/plastikowe, szk\u0142o i powierzchnie - dla optymalnego \u0142\u0105czenia!","robots":{"index":"index","follow":"follow","max-snippet":"max-snippet:-1","max-image-preview":"max-image-preview:large","max-video-preview":"max-video-preview:-1"},"canonical":"https:\/\/cardinal-tapes.com\/pl\/ta\u015bmy-samoprzylepne\/kleje-w-plynie\/tesa-industry-cleaner-60040\/","og_locale":"pl_PL","og_type":"article","og_title":"P\u0142yn czyszcz\u0105cy tesa\u00ae Industry Cleaner 60040 o przyjemnym zapachu | Ta\u015bmy kardynalne","og_description":"Dzi\u0119ki tesa\u00ae Industry Cleaner 60040 mo\u017cna szybko i \u0142atwo wyczy\u015bci\u0107 cz\u0119\u015bci maszyn\/plastikowe, szk\u0142o i powierzchnie - dla optymalnego \u0142\u0105czenia!","og_url":"https:\/\/cardinal-tapes.com\/pl\/ta\u015bmy-samoprzylepne\/kleje-w-plynie\/tesa-industry-cleaner-60040\/","og_site_name":"cardinal TAPES","og_image":[{"width":700,"height":700,"url":"https:\/\/cardinal-tapes.com\/wp-content\/uploads\/tesa-60040.jpg","type":"image\/jpeg"}],"twitter_card":"summary_large_image","twitter_misc":{"Szacowany czas czytania":"1 minuta"},"schema":{"@context":"https:\/\/schema.org","@graph":[{"@type":"WebPage","@id":"https:\/\/cardinal-tapes.com\/pl\/ta\u015bmy-samoprzylepne\/kleje-w-plynie\/tesa-industry-cleaner-60040\/","url":"https:\/\/cardinal-tapes.com\/pl\/ta\u015bmy-samoprzylepne\/kleje-w-plynie\/tesa-industry-cleaner-60040\/","name":"P\u0142yn czyszcz\u0105cy tesa\u00ae Industry Cleaner 60040 o przyjemnym zapachu | Ta\u015bmy kardynalne","isPartOf":{"@id":"https:\/\/cardinal-tapes.com\/#website"},"primaryImageOfPage":{"@id":"https:\/\/cardinal-tapes.com\/pl\/ta\u015bmy-samoprzylepne\/kleje-w-plynie\/tesa-industry-cleaner-60040\/#primaryimage"},"image":{"@id":"https:\/\/cardinal-tapes.com\/pl\/ta\u015bmy-samoprzylepne\/kleje-w-plynie\/tesa-industry-cleaner-60040\/#primaryimage"},"thumbnailUrl":"https:\/\/cardinal-tapes.com\/wp-content\/uploads\/tesa-60040.jpg","datePublished":"2023-06-05T15:10:01+00:00","description":"Dzi\u0119ki tesa\u00ae Industry Cleaner 60040 mo\u017cna szybko i \u0142atwo wyczy\u015bci\u0107 cz\u0119\u015bci maszyn\/plastikowe, szk\u0142o i powierzchnie - dla optymalnego \u0142\u0105czenia!","breadcrumb":{"@id":"https:\/\/cardinal-tapes.com\/pl\/ta\u015bmy-samoprzylepne\/kleje-w-plynie\/tesa-industry-cleaner-60040\/#breadcrumb"},"inLanguage":"pl-PL","potentialAction":[{"@type":"ReadAction","target":["https:\/\/cardinal-tapes.com\/pl\/ta\u015bmy-samoprzylepne\/kleje-w-plynie\/tesa-industry-cleaner-60040\/"]}]},{"@type":"ImageObject","inLanguage":"pl-PL","@id":"https:\/\/cardinal-tapes.com\/pl\/ta\u015bmy-samoprzylepne\/kleje-w-plynie\/tesa-industry-cleaner-60040\/#primaryimage","url":"https:\/\/cardinal-tapes.com\/wp-content\/uploads\/tesa-60040.jpg","contentUrl":"https:\/\/cardinal-tapes.com\/wp-content\/uploads\/tesa-60040.jpg","width":700,"height":700},{"@type":"BreadcrumbList","@id":"https:\/\/cardinal-tapes.com\/pl\/ta\u015bmy-samoprzylepne\/kleje-w-plynie\/tesa-industry-cleaner-60040\/#breadcrumb","itemListElement":[{"@type":"ListItem","position":1,"name":"Startseite","item":"https:\/\/cardinal-tapes.com\/pl\/strona-glowna\/"},{"@type":"ListItem","position":2,"name":"Ta\u015bmy samoprzylepne","item":"https:\/\/cardinal-tapes.com\/pl\/tasmy-samoprzylepne-pl\/"},{"@type":"ListItem","position":3,"name":"Kleje w p\u0142ynie","item":"https:\/\/cardinal-tapes.com\/pl\/kategoria\/kleje-w-plynie\/"},{"@type":"ListItem","position":4,"name":"tesa\u00ae Industry Cleaner 60040"}]},{"@type":"WebSite","@id":"https:\/\/cardinal-tapes.com\/#website","url":"https:\/\/cardinal-tapes.com\/","name":"cardinal TAPES","description":"Klebetechnik aus Wuppertal","potentialAction":[{"@type":"SearchAction","target":{"@type":"EntryPoint","urlTemplate":"https:\/\/cardinal-tapes.com\/?s={search_term_string}"},"query-input":{"@type":"PropertyValueSpecification","valueRequired":true,"valueName":"search_term_string"}}],"inLanguage":"pl-PL"}]}},"brands":[{"id":2164,"name":"tesa","slug":"tesa-pl"}],"_links":{"self":[{"href":"https:\/\/cardinal-tapes.com\/pl\/wp-json\/wp\/v2\/product\/51588","targetHints":{"allow":["GET"]}}],"collection":[{"href":"https:\/\/cardinal-tapes.com\/pl\/wp-json\/wp\/v2\/product"}],"about":[{"href":"https:\/\/cardinal-tapes.com\/pl\/wp-json\/wp\/v2\/types\/product"}],"wp:featuredmedia":[{"embeddable":true,"href":"https:\/\/cardinal-tapes.com\/pl\/wp-json\/wp\/v2\/media\/28406"}],"wp:attachment":[{"href":"https:\/\/cardinal-tapes.com\/pl\/wp-json\/wp\/v2\/media?parent=51588"}],"wp:term":[{"taxonomy":"pwb-brand","embeddable":true,"href":"https:\/\/cardinal-tapes.com\/pl\/wp-json\/wp\/v2\/pwb-brand?post=51588"},{"taxonomy":"product_brand","embeddable":true,"href":"https:\/\/cardinal-tapes.com\/pl\/wp-json\/wp\/v2\/product_brand?post=51588"},{"taxonomy":"product_cat","embeddable":true,"href":"https:\/\/cardinal-tapes.com\/pl\/wp-json\/wp\/v2\/product_cat?post=51588"},{"taxonomy":"product_tag","embeddable":true,"href":"https:\/\/cardinal-tapes.com\/pl\/wp-json\/wp\/v2\/product_tag?post=51588"}],"curies":[{"name":"wp","href":"https:\/\/api.w.org\/{rel}","templated":true}]}}